{"id":7582,"date":"2024-01-15T16:43:00","date_gmt":"2024-01-15T16:43:00","guid":{"rendered":"https:\/\/www.betonmoulds.com\/product\/jb-fl-xw\/"},"modified":"2024-11-28T12:53:40","modified_gmt":"2024-11-28T12:53:40","slug":"jb-fl-xw","status":"publish","type":"product","link":"https:\/\/www.betonmoulds.com\/nl\/product\/jb-fl-xw\/","title":{"rendered":"Jersey XL heftruckuitsparingen inzetstukken voor mal"},"content":{"rendered":"","protected":false},"excerpt":{"rendered":"<p>Gebruik deze extra brede vorkheftrucksleuven in combinatie met ons <a href=\"https:\/\/www.betonmoulds.com\/nl\/product\/jb-160-80-80\/\"><strong>Jersey barrier inzetstuk<\/strong><\/a>\u00a0en de basismal. Installeren en verwijderen is eenvoudig.<\/p>\n<p>De vorksleuven in de Jersey barrier blokken zijn ontworpen om het plaatsen en verplaatsen van de barri\u00e8res met een vorkheftruck te vergemakkelijken. De bredere gaten maken het plaatsen van de vorken nog eenvoudiger.<\/p>\n<p>Deze uitsparingen zijn openingen of holtes in de barri\u00e8res waardoor de lepels van een vorkheftruck onder de barri\u00e8re kunnen schuiven, waardoor het gemakkelijker wordt om de barri\u00e8res op te tillen, te vervoeren en te positioneren.<\/p>\n<p>Het gebruik van vorksleuven in Jersey barrier blokken stroomlijnt het installatieproces, maakt veilig tillen mogelijk, vermindert het inzetten van extra apparatuur en verhoogt de algehele effici\u00ebntie.<\/p>\n","protected":false},"featured_media":7688,"template":"","meta":[],"product_brand":[],"product_cat":[316,383],"product_tag":[],"class_list":{"0":"post-7582","1":"product","2":"type-product","3":"status-publish","4":"has-post-thumbnail","6":"product_cat-inzetstukken-scheidingswanden-jersey","7":"product_cat-vorkheftrucksleuven","9":"first","10":"instock","11":"shipping-taxable","12":"purchasable","13":"product-type-simple"},"yoast_head":"<!-- This site is optimized with the Yoast SEO plugin v27.4 - https:\/\/yoast.com\/product\/yoast-seo-wordpress\/ -->\n<title>Jersey XL heftruckuitsparingen inzetstukken voor mal - BETONMOULDS<\/title>\n<meta name=\"robots\" content=\"index, follow, max-snippet:-1, max-image-preview:large, max-video-preview:-1\" \/>\n<link rel=\"canonical\" href=\"https:\/\/www.betonmoulds.com\/nl\/product\/jb-fl-xw\/\" \/>\n<meta property=\"og:locale\" content=\"nl_NL\" \/>\n<meta property=\"og:type\" content=\"article\" \/>\n<meta property=\"og:title\" content=\"Jersey XL heftruckuitsparingen inzetstukken voor mal - BETONMOULDS\" \/>\n<meta property=\"og:description\" content=\"Gebruik deze extra brede vorkheftrucksleuven in combinatie met ons Jersey barrier inzetstuk\u00a0en de basismal. Installeren en verwijderen is eenvoudig.  De vorksleuven in de Jersey barrier blokken zijn ontworpen om het plaatsen en verplaatsen van de barri\u00e8res met een vorkheftruck te vergemakkelijken. De bredere gaten maken het plaatsen van de vorken nog eenvoudiger.  Deze uitsparingen zijn openingen of holtes in de barri\u00e8res waardoor de lepels van een vorkheftruck onder de barri\u00e8re kunnen schuiven, waardoor het gemakkelijker wordt om de barri\u00e8res op te tillen, te vervoeren en te positioneren.  Het gebruik van vorksleuven in Jersey barrier blokken stroomlijnt het installatieproces, maakt veilig tillen mogelijk, vermindert het inzetten van extra apparatuur en verhoogt de algehele effici\u00ebntie.\" \/>\n<meta property=\"og:url\" content=\"https:\/\/www.betonmoulds.com\/nl\/product\/jb-fl-xw\/\" \/>\n<meta property=\"og:site_name\" content=\"BETONMOULDS\" \/>\n<meta property=\"article:modified_time\" content=\"2024-11-28T12:53:40+00:00\" \/>\n<meta property=\"og:image\" content=\"https:\/\/www.betonmoulds.com\/wp-content\/uploads\/2024\/01\/JB-FL-XW2.jpg\" \/>\n\t<meta property=\"og:image:width\" content=\"900\" \/>\n\t<meta property=\"og:image:height\" content=\"900\" \/>\n\t<meta property=\"og:image:type\" content=\"image\/jpeg\" \/>\n<meta name=\"twitter:card\" content=\"summary_large_image\" \/>\n<meta name=\"twitter:label1\" content=\"Geschatte leestijd\" \/>\n\t<meta name=\"twitter:data1\" content=\"1 minuut\" \/>\n<script type=\"application\/ld+json\" class=\"yoast-schema-graph\">{\"@context\":\"https:\\\/\\\/schema.org\",\"@graph\":[{\"@type\":\"WebPage\",\"@id\":\"https:\\\/\\\/www.betonmoulds.com\\\/nl\\\/product\\\/jb-fl-xw\\\/\",\"url\":\"https:\\\/\\\/www.betonmoulds.com\\\/nl\\\/product\\\/jb-fl-xw\\\/\",\"name\":\"Jersey XL heftruckuitsparingen inzetstukken voor mal - BETONMOULDS\",\"isPartOf\":{\"@id\":\"https:\\\/\\\/www.betonmoulds.com\\\/nl\\\/#website\"},\"primaryImageOfPage\":{\"@id\":\"https:\\\/\\\/www.betonmoulds.com\\\/nl\\\/product\\\/jb-fl-xw\\\/#primaryimage\"},\"image\":{\"@id\":\"https:\\\/\\\/www.betonmoulds.com\\\/nl\\\/product\\\/jb-fl-xw\\\/#primaryimage\"},\"thumbnailUrl\":\"https:\\\/\\\/www.betonmoulds.com\\\/wp-content\\\/uploads\\\/2024\\\/01\\\/JB-FL-XW2.jpg\",\"datePublished\":\"2024-01-15T16:43:00+00:00\",\"dateModified\":\"2024-11-28T12:53:40+00:00\",\"breadcrumb\":{\"@id\":\"https:\\\/\\\/www.betonmoulds.com\\\/nl\\\/product\\\/jb-fl-xw\\\/#breadcrumb\"},\"inLanguage\":\"nl-NL\",\"potentialAction\":[{\"@type\":\"ReadAction\",\"target\":[\"https:\\\/\\\/www.betonmoulds.com\\\/nl\\\/product\\\/jb-fl-xw\\\/\"]}]},{\"@type\":\"ImageObject\",\"inLanguage\":\"nl-NL\",\"@id\":\"https:\\\/\\\/www.betonmoulds.com\\\/nl\\\/product\\\/jb-fl-xw\\\/#primaryimage\",\"url\":\"https:\\\/\\\/www.betonmoulds.com\\\/wp-content\\\/uploads\\\/2024\\\/01\\\/JB-FL-XW2.jpg\",\"contentUrl\":\"https:\\\/\\\/www.betonmoulds.com\\\/wp-content\\\/uploads\\\/2024\\\/01\\\/JB-FL-XW2.jpg\",\"width\":900,\"height\":900,\"caption\":\"jersey barri\u00e8re breed vorkheftruckinzetstuk\"},{\"@type\":\"BreadcrumbList\",\"@id\":\"https:\\\/\\\/www.betonmoulds.com\\\/nl\\\/product\\\/jb-fl-xw\\\/#breadcrumb\",\"itemListElement\":[{\"@type\":\"ListItem\",\"position\":1,\"name\":\"Home\",\"item\":\"https:\\\/\\\/www.betonmoulds.com\\\/nl\\\/\"},{\"@type\":\"ListItem\",\"position\":2,\"name\":\"Shop\",\"item\":\"https:\\\/\\\/www.betonmoulds.com\\\/fr\\\/boutique\\\/\"},{\"@type\":\"ListItem\",\"position\":3,\"name\":\"Jersey XL heftruckuitsparingen inzetstukken voor mal\"}]},{\"@type\":\"WebSite\",\"@id\":\"https:\\\/\\\/www.betonmoulds.com\\\/nl\\\/#website\",\"url\":\"https:\\\/\\\/www.betonmoulds.com\\\/nl\\\/\",\"name\":\"BETONMOULDS\",\"description\":\"Upcycle leftover concrete\",\"potentialAction\":[{\"@type\":\"SearchAction\",\"target\":{\"@type\":\"EntryPoint\",\"urlTemplate\":\"https:\\\/\\\/www.betonmoulds.com\\\/nl\\\/?s={search_term_string}\"},\"query-input\":{\"@type\":\"PropertyValueSpecification\",\"valueRequired\":true,\"valueName\":\"search_term_string\"}}],\"inLanguage\":\"nl-NL\"}]}<\/script>\n<!-- \/ Yoast SEO plugin. -->","yoast_head_json":{"title":"Jersey XL heftruckuitsparingen inzetstukken voor mal - BETONMOULDS","robots":{"index":"index","follow":"follow","max-snippet":"max-snippet:-1","max-image-preview":"max-image-preview:large","max-video-preview":"max-video-preview:-1"},"canonical":"https:\/\/www.betonmoulds.com\/nl\/product\/jb-fl-xw\/","og_locale":"nl_NL","og_type":"article","og_title":"Jersey XL heftruckuitsparingen inzetstukken voor mal - BETONMOULDS","og_description":"Gebruik deze extra brede vorkheftrucksleuven in combinatie met ons Jersey barrier inzetstuk\u00a0en de basismal. Installeren en verwijderen is eenvoudig.  De vorksleuven in de Jersey barrier blokken zijn ontworpen om het plaatsen en verplaatsen van de barri\u00e8res met een vorkheftruck te vergemakkelijken. De bredere gaten maken het plaatsen van de vorken nog eenvoudiger.  Deze uitsparingen zijn openingen of holtes in de barri\u00e8res waardoor de lepels van een vorkheftruck onder de barri\u00e8re kunnen schuiven, waardoor het gemakkelijker wordt om de barri\u00e8res op te tillen, te vervoeren en te positioneren.  Het gebruik van vorksleuven in Jersey barrier blokken stroomlijnt het installatieproces, maakt veilig tillen mogelijk, vermindert het inzetten van extra apparatuur en verhoogt de algehele effici\u00ebntie.","og_url":"https:\/\/www.betonmoulds.com\/nl\/product\/jb-fl-xw\/","og_site_name":"BETONMOULDS","article_modified_time":"2024-11-28T12:53:40+00:00","og_image":[{"width":900,"height":900,"url":"https:\/\/www.betonmoulds.com\/wp-content\/uploads\/2024\/01\/JB-FL-XW2.jpg","type":"image\/jpeg"}],"twitter_card":"summary_large_image","twitter_misc":{"Geschatte leestijd":"1 minuut"},"schema":{"@context":"https:\/\/schema.org","@graph":[{"@type":"WebPage","@id":"https:\/\/www.betonmoulds.com\/nl\/product\/jb-fl-xw\/","url":"https:\/\/www.betonmoulds.com\/nl\/product\/jb-fl-xw\/","name":"Jersey XL heftruckuitsparingen inzetstukken voor mal - BETONMOULDS","isPartOf":{"@id":"https:\/\/www.betonmoulds.com\/nl\/#website"},"primaryImageOfPage":{"@id":"https:\/\/www.betonmoulds.com\/nl\/product\/jb-fl-xw\/#primaryimage"},"image":{"@id":"https:\/\/www.betonmoulds.com\/nl\/product\/jb-fl-xw\/#primaryimage"},"thumbnailUrl":"https:\/\/www.betonmoulds.com\/wp-content\/uploads\/2024\/01\/JB-FL-XW2.jpg","datePublished":"2024-01-15T16:43:00+00:00","dateModified":"2024-11-28T12:53:40+00:00","breadcrumb":{"@id":"https:\/\/www.betonmoulds.com\/nl\/product\/jb-fl-xw\/#breadcrumb"},"inLanguage":"nl-NL","potentialAction":[{"@type":"ReadAction","target":["https:\/\/www.betonmoulds.com\/nl\/product\/jb-fl-xw\/"]}]},{"@type":"ImageObject","inLanguage":"nl-NL","@id":"https:\/\/www.betonmoulds.com\/nl\/product\/jb-fl-xw\/#primaryimage","url":"https:\/\/www.betonmoulds.com\/wp-content\/uploads\/2024\/01\/JB-FL-XW2.jpg","contentUrl":"https:\/\/www.betonmoulds.com\/wp-content\/uploads\/2024\/01\/JB-FL-XW2.jpg","width":900,"height":900,"caption":"jersey barri\u00e8re breed vorkheftruckinzetstuk"},{"@type":"BreadcrumbList","@id":"https:\/\/www.betonmoulds.com\/nl\/product\/jb-fl-xw\/#breadcrumb","itemListElement":[{"@type":"ListItem","position":1,"name":"Home","item":"https:\/\/www.betonmoulds.com\/nl\/"},{"@type":"ListItem","position":2,"name":"Shop","item":"https:\/\/www.betonmoulds.com\/fr\/boutique\/"},{"@type":"ListItem","position":3,"name":"Jersey XL heftruckuitsparingen inzetstukken voor mal"}]},{"@type":"WebSite","@id":"https:\/\/www.betonmoulds.com\/nl\/#website","url":"https:\/\/www.betonmoulds.com\/nl\/","name":"BETONMOULDS","description":"Upcycle leftover concrete","potentialAction":[{"@type":"SearchAction","target":{"@type":"EntryPoint","urlTemplate":"https:\/\/www.betonmoulds.com\/nl\/?s={search_term_string}"},"query-input":{"@type":"PropertyValueSpecification","valueRequired":true,"valueName":"search_term_string"}}],"inLanguage":"nl-NL"}]}},"_links":{"self":[{"href":"https:\/\/www.betonmoulds.com\/nl\/wp-json\/wp\/v2\/product\/7582","targetHints":{"allow":["GET"]}}],"collection":[{"href":"https:\/\/www.betonmoulds.com\/nl\/wp-json\/wp\/v2\/product"}],"about":[{"href":"https:\/\/www.betonmoulds.com\/nl\/wp-json\/wp\/v2\/types\/product"}],"wp:featuredmedia":[{"embeddable":true,"href":"https:\/\/www.betonmoulds.com\/nl\/wp-json\/wp\/v2\/media\/7688"}],"wp:attachment":[{"href":"https:\/\/www.betonmoulds.com\/nl\/wp-json\/wp\/v2\/media?parent=7582"}],"wp:term":[{"taxonomy":"product_brand","embeddable":true,"href":"https:\/\/www.betonmoulds.com\/nl\/wp-json\/wp\/v2\/product_brand?post=7582"},{"taxonomy":"product_cat","embeddable":true,"href":"https:\/\/www.betonmoulds.com\/nl\/wp-json\/wp\/v2\/product_cat?post=7582"},{"taxonomy":"product_tag","embeddable":true,"href":"https:\/\/www.betonmoulds.com\/nl\/wp-json\/wp\/v2\/product_tag?post=7582"}],"curies":[{"name":"wp","href":"https:\/\/api.w.org\/{rel}","templated":true}]}}