{"id":7354,"date":"2024-01-11T17:25:16","date_gmt":"2024-01-11T17:25:16","guid":{"rendered":"https:\/\/www.betonmoulds.com\/product\/jb-160-80-80\/"},"modified":"2025-07-31T11:19:07","modified_gmt":"2025-07-31T11:19:07","slug":"jb-160-80-80","status":"publish","type":"product","link":"https:\/\/www.betonmoulds.com\/nl\/product\/jb-160-80-80\/","title":{"rendered":"Jersey barri\u00e8re inzetstuk voor mal 160-80-80"},"content":{"rendered":"","protected":false},"excerpt":{"rendered":"<p>Het unieke gepatenteerde inzetstuk voor de productie van betonnen jersey barriers. Geen dure aparte mallen meer nodig. Wordt gebruikt in combinatie met onze basismal om nog meer verschillende vormen betonblokken te produceren.<\/p>\n<p>Ook verkrijgbaar in <a href=\"https:\/\/www.betonmoulds.com\/nl\/product\/jb-200-80-80\/\"><strong>een lengte van 200 cm<\/strong><\/a>.<\/p>\n<p>Jersey barriers worden gebruikt om het risico op ongevallen te verminderen en het regelen van het verkeer en de veiligheid op wegen, bouwterreinen, evenementen met grote mensenmassa&#8217;s en festivals. De prefab betonnen barri\u00e8res bieden maximale duurzaamheid en vereisen minimaal onderhoud.<\/p>\n<p>Deze barri\u00e8reblokken bieden een snelle en effectieve oplossing om voertuigen tegen te houden en toegang tot een terrein te beheren. Vooral nuttig voor de bescherming van industrieterreinen, bouwterreinen, leegstaande gebouwen en om voetgangersroutes en verkeers- en opslaggebieden af te bakenen.<\/p>\n<p><strong>Eenvoudige verwerking van barri\u00e8res<\/strong><\/p>\n<p>Met behulp van de <a href=\"https:\/\/www.betonmoulds.com\/nl\/product\/fl-80\/\"><strong>vorksleufinzetstukken<\/strong><\/a> kunnen er vorksleuven in de onderkant van het betonblok worden gemaakt. Dankzij de sleuven kan de prefab Jersey barrier gemakkelijk worden vervoerd met een minimum aan mankracht en tijd. Ideaal wanneer barri\u00e8res tijdelijk worden gebruikt om het verkeer in goede banen te leiden tijdens wegwerkzaamheden en wegafsluitingen en voor crowd control management op festivals.<\/p>\n<p><strong>Kleinere barri\u00e8reblokken<\/strong><\/p>\n<p>Heb je kleinere blokken nodig om jersey barri\u00e8res te produceren die geschikt zijn voor uw project? Gebruik de<a href=\"https:\/\/www.betonmoulds.com\/nl\/product\/jb-dp-0\/\"><strong> Jersey Divider<\/strong><\/a> om de mal verticaal in te korten.<\/p>\n<p><strong>Barri\u00e8reblokken met schuine uiteinden<\/strong><\/p>\n<p>Jersey blokken met schuine uiteinden worden gebruikt wanneer een barri\u00e8re een vloeiende overgang van hoog naar laag moet hebben. Deze vloeiende overgang kan worden gecre\u00eberd door een <a href=\"https:\/\/www.betonmoulds.com\/nl\/product\/jb-sb-60\/\"><strong>schuin inzetstuk<\/strong><\/a> in de mal te zetten.<\/p>\n<p><strong>Easy Filler<\/strong><\/p>\n<p>We leveren <a href=\"https:\/\/www.betonmoulds.com\/nl\/product\/jb-ef\/\"><strong>gemakkelijke vultrechters<\/strong><\/a>\u00a0om het beton tijdens het storten door de smalle opening te geleiden.<\/p>\n<p><strong>Bevestigingsaccessoires<\/strong><\/p>\n<p>Zorg ervoor dat de mal op een vlakke ondergrond staat en gebruik onze <a href=\"https:\/\/www.betonmoulds.com\/nl\/product\/ct-200-130\/\"><strong>giettafel met verstelbare poten<\/strong><\/a>.<\/p>\n<p>Om te voorkomen dat de mal omhoog wordt gedrukt als het beton te snel wordt gegoten (drijfrisico), raden we sterk aan om twee spanbanden te gebruiken om de mal aan de giettafel te bevestigen.<\/p>\n<p>Of plaats spanbanden onder de bodemplaat (stalen plaat of multiplex paneel) als er geen giettafel wordt gebruikt, en zet de mal van de Jersey barri\u00e8re op deze manier vast aan de grond. Spanbanden kunnen eenvoudig in de gaten van de verstijvingsplaten aan de zijkanten van de mal worden gehaakt.<\/p>\n<p><strong>Hijsen en transport<\/strong><\/p>\n<p>Voor het hijsen en transporteren van de betonnen Jersey barri\u00e8reblokken is een mechanische hijsklem beschikbaar. Hiervoor is ook het transportsysteem met kopankers, hijsklemmen en hijsjuk voor een vorkheftruck verkrijgbaar.<\/p>\n","protected":false},"featured_media":7323,"template":"","meta":[],"product_brand":[],"product_cat":[316],"product_tag":[],"class_list":{"0":"post-7354","1":"product","2":"type-product","3":"status-publish","4":"has-post-thumbnail","6":"product_cat-inzetstukken-scheidingswanden-jersey","8":"first","9":"instock","10":"shipping-taxable","11":"purchasable","12":"product-type-simple"},"yoast_head":"<!-- This site is optimized with the Yoast SEO plugin v27.4 - https:\/\/yoast.com\/product\/yoast-seo-wordpress\/ -->\n<title>Jersey barri\u00e8re inzetstuk voor mal 160-80-80 - BETONMOULDS<\/title>\n<meta name=\"robots\" content=\"index, follow, max-snippet:-1, max-image-preview:large, max-video-preview:-1\" \/>\n<link rel=\"canonical\" href=\"https:\/\/www.betonmoulds.com\/nl\/product\/jb-160-80-80\/\" \/>\n<meta property=\"og:locale\" content=\"nl_NL\" \/>\n<meta property=\"og:type\" content=\"article\" \/>\n<meta property=\"og:title\" content=\"Jersey barri\u00e8re inzetstuk voor mal 160-80-80 - BETONMOULDS\" \/>\n<meta property=\"og:description\" content=\"Het unieke gepatenteerde inzetstuk voor de productie van betonnen jersey barriers. Geen dure aparte mallen meer nodig. Wordt gebruikt in combinatie met onze basismal om nog meer verschillende vormen betonblokken te produceren.  Ook verkrijgbaar in een lengte van 200 cm.  Jersey barriers worden gebruikt om het risico op ongevallen te verminderen en het regelen van het verkeer en de veiligheid op wegen, bouwterreinen, evenementen met grote mensenmassa&#039;s en festivals. De prefab betonnen barri\u00e8res bieden maximale duurzaamheid en vereisen minimaal onderhoud.  Deze barri\u00e8reblokken bieden een snelle en effectieve oplossing om voertuigen tegen te houden en toegang tot een terrein te beheren. Vooral nuttig voor de bescherming van industrieterreinen, bouwterreinen, leegstaande gebouwen en om voetgangersroutes en verkeers- en opslaggebieden af te bakenen.  Eenvoudige verwerking van barri\u00e8res  Met behulp van de vorksleufinzetstukken kunnen er vorksleuven in de onderkant van het betonblok worden gemaakt. Dankzij de sleuven kan de prefab Jersey barrier gemakkelijk worden vervoerd met een minimum aan mankracht en tijd. Ideaal wanneer barri\u00e8res tijdelijk worden gebruikt om het verkeer in goede banen te leiden tijdens wegwerkzaamheden en wegafsluitingen en voor crowd control management op festivals.  Kleinere barri\u00e8reblokken  Heb je kleinere blokken nodig om jersey barri\u00e8res te produceren die geschikt zijn voor uw project? Gebruik de Jersey Divider om de mal verticaal in te korten.  Barri\u00e8reblokken met schuine uiteinden  Jersey blokken met schuine uiteinden worden gebruikt wanneer een barri\u00e8re een vloeiende overgang van hoog naar laag moet hebben. Deze vloeiende overgang kan worden gecre\u00eberd door een schuin inzetstuk in de mal te zetten.  Easy Filler  We leveren gemakkelijke vultrechters\u00a0om het beton tijdens het storten door de smalle opening te geleiden.  Bevestigingsaccessoires  Zorg ervoor dat de mal op een vlakke ondergrond staat en gebruik onze giettafel met verstelbare poten.  Om te voorkomen dat de mal omhoog wordt gedrukt als het beton te snel wordt gegoten (drijfrisico), raden we sterk aan om twee spanbanden te gebruiken om de mal aan de giettafel te bevestigen.  Of plaats spanbanden onder de bodemplaat (stalen plaat of multiplex paneel) als er geen giettafel wordt gebruikt, en zet de mal van de Jersey barri\u00e8re op deze manier vast aan de grond. Spanbanden kunnen eenvoudig in de gaten van de verstijvingsplaten aan de zijkanten van de mal worden gehaakt.  Hijsen en transport  Voor het hijsen en transporteren van de betonnen Jersey barri\u00e8reblokken is een mechanische hijsklem beschikbaar. Hiervoor is ook het transportsysteem met kopankers, hijsklemmen en hijsjuk voor een vorkheftruck verkrijgbaar.\" \/>\n<meta property=\"og:url\" content=\"https:\/\/www.betonmoulds.com\/nl\/product\/jb-160-80-80\/\" \/>\n<meta property=\"og:site_name\" content=\"BETONMOULDS\" \/>\n<meta property=\"article:modified_time\" content=\"2025-07-31T11:19:07+00:00\" \/>\n<meta property=\"og:image\" content=\"https:\/\/www.betonmoulds.com\/wp-content\/uploads\/2024\/01\/JB-160-80-80.jpg\" \/>\n\t<meta property=\"og:image:width\" content=\"900\" \/>\n\t<meta property=\"og:image:height\" content=\"900\" \/>\n\t<meta property=\"og:image:type\" content=\"image\/jpeg\" \/>\n<meta name=\"twitter:card\" content=\"summary_large_image\" \/>\n<meta name=\"twitter:label1\" content=\"Geschatte leestijd\" \/>\n\t<meta name=\"twitter:data1\" content=\"1 minuut\" \/>\n<script type=\"application\/ld+json\" class=\"yoast-schema-graph\">{\"@context\":\"https:\\\/\\\/schema.org\",\"@graph\":[{\"@type\":\"WebPage\",\"@id\":\"https:\\\/\\\/www.betonmoulds.com\\\/nl\\\/product\\\/jb-160-80-80\\\/\",\"url\":\"https:\\\/\\\/www.betonmoulds.com\\\/nl\\\/product\\\/jb-160-80-80\\\/\",\"name\":\"Jersey barri\u00e8re inzetstuk voor mal 160-80-80 - BETONMOULDS\",\"isPartOf\":{\"@id\":\"https:\\\/\\\/www.betonmoulds.com\\\/nl\\\/#website\"},\"primaryImageOfPage\":{\"@id\":\"https:\\\/\\\/www.betonmoulds.com\\\/nl\\\/product\\\/jb-160-80-80\\\/#primaryimage\"},\"image\":{\"@id\":\"https:\\\/\\\/www.betonmoulds.com\\\/nl\\\/product\\\/jb-160-80-80\\\/#primaryimage\"},\"thumbnailUrl\":\"https:\\\/\\\/www.betonmoulds.com\\\/wp-content\\\/uploads\\\/2024\\\/01\\\/JB-160-80-80.jpg\",\"datePublished\":\"2024-01-11T17:25:16+00:00\",\"dateModified\":\"2025-07-31T11:19:07+00:00\",\"breadcrumb\":{\"@id\":\"https:\\\/\\\/www.betonmoulds.com\\\/nl\\\/product\\\/jb-160-80-80\\\/#breadcrumb\"},\"inLanguage\":\"nl-NL\",\"potentialAction\":[{\"@type\":\"ReadAction\",\"target\":[\"https:\\\/\\\/www.betonmoulds.com\\\/nl\\\/product\\\/jb-160-80-80\\\/\"]}]},{\"@type\":\"ImageObject\",\"inLanguage\":\"nl-NL\",\"@id\":\"https:\\\/\\\/www.betonmoulds.com\\\/nl\\\/product\\\/jb-160-80-80\\\/#primaryimage\",\"url\":\"https:\\\/\\\/www.betonmoulds.com\\\/wp-content\\\/uploads\\\/2024\\\/01\\\/JB-160-80-80.jpg\",\"contentUrl\":\"https:\\\/\\\/www.betonmoulds.com\\\/wp-content\\\/uploads\\\/2024\\\/01\\\/JB-160-80-80.jpg\",\"width\":900,\"height\":900,\"caption\":\"jersey barri\u00e8re\"},{\"@type\":\"BreadcrumbList\",\"@id\":\"https:\\\/\\\/www.betonmoulds.com\\\/nl\\\/product\\\/jb-160-80-80\\\/#breadcrumb\",\"itemListElement\":[{\"@type\":\"ListItem\",\"position\":1,\"name\":\"Home\",\"item\":\"https:\\\/\\\/www.betonmoulds.com\\\/nl\\\/\"},{\"@type\":\"ListItem\",\"position\":2,\"name\":\"Shop\",\"item\":\"https:\\\/\\\/www.betonmoulds.com\\\/fr\\\/boutique\\\/\"},{\"@type\":\"ListItem\",\"position\":3,\"name\":\"Jersey barri\u00e8re inzetstuk voor mal 160-80-80\"}]},{\"@type\":\"WebSite\",\"@id\":\"https:\\\/\\\/www.betonmoulds.com\\\/nl\\\/#website\",\"url\":\"https:\\\/\\\/www.betonmoulds.com\\\/nl\\\/\",\"name\":\"BETONMOULDS\",\"description\":\"Upcycle leftover concrete\",\"potentialAction\":[{\"@type\":\"SearchAction\",\"target\":{\"@type\":\"EntryPoint\",\"urlTemplate\":\"https:\\\/\\\/www.betonmoulds.com\\\/nl\\\/?s={search_term_string}\"},\"query-input\":{\"@type\":\"PropertyValueSpecification\",\"valueRequired\":true,\"valueName\":\"search_term_string\"}}],\"inLanguage\":\"nl-NL\"}]}<\/script>\n<!-- \/ Yoast SEO plugin. -->","yoast_head_json":{"title":"Jersey barri\u00e8re inzetstuk voor mal 160-80-80 - BETONMOULDS","robots":{"index":"index","follow":"follow","max-snippet":"max-snippet:-1","max-image-preview":"max-image-preview:large","max-video-preview":"max-video-preview:-1"},"canonical":"https:\/\/www.betonmoulds.com\/nl\/product\/jb-160-80-80\/","og_locale":"nl_NL","og_type":"article","og_title":"Jersey barri\u00e8re inzetstuk voor mal 160-80-80 - BETONMOULDS","og_description":"Het unieke gepatenteerde inzetstuk voor de productie van betonnen jersey barriers. Geen dure aparte mallen meer nodig. Wordt gebruikt in combinatie met onze basismal om nog meer verschillende vormen betonblokken te produceren.  Ook verkrijgbaar in een lengte van 200 cm.  Jersey barriers worden gebruikt om het risico op ongevallen te verminderen en het regelen van het verkeer en de veiligheid op wegen, bouwterreinen, evenementen met grote mensenmassa's en festivals. De prefab betonnen barri\u00e8res bieden maximale duurzaamheid en vereisen minimaal onderhoud.  Deze barri\u00e8reblokken bieden een snelle en effectieve oplossing om voertuigen tegen te houden en toegang tot een terrein te beheren. Vooral nuttig voor de bescherming van industrieterreinen, bouwterreinen, leegstaande gebouwen en om voetgangersroutes en verkeers- en opslaggebieden af te bakenen.  Eenvoudige verwerking van barri\u00e8res  Met behulp van de vorksleufinzetstukken kunnen er vorksleuven in de onderkant van het betonblok worden gemaakt. Dankzij de sleuven kan de prefab Jersey barrier gemakkelijk worden vervoerd met een minimum aan mankracht en tijd. Ideaal wanneer barri\u00e8res tijdelijk worden gebruikt om het verkeer in goede banen te leiden tijdens wegwerkzaamheden en wegafsluitingen en voor crowd control management op festivals.  Kleinere barri\u00e8reblokken  Heb je kleinere blokken nodig om jersey barri\u00e8res te produceren die geschikt zijn voor uw project? Gebruik de Jersey Divider om de mal verticaal in te korten.  Barri\u00e8reblokken met schuine uiteinden  Jersey blokken met schuine uiteinden worden gebruikt wanneer een barri\u00e8re een vloeiende overgang van hoog naar laag moet hebben. Deze vloeiende overgang kan worden gecre\u00eberd door een schuin inzetstuk in de mal te zetten.  Easy Filler  We leveren gemakkelijke vultrechters\u00a0om het beton tijdens het storten door de smalle opening te geleiden.  Bevestigingsaccessoires  Zorg ervoor dat de mal op een vlakke ondergrond staat en gebruik onze giettafel met verstelbare poten.  Om te voorkomen dat de mal omhoog wordt gedrukt als het beton te snel wordt gegoten (drijfrisico), raden we sterk aan om twee spanbanden te gebruiken om de mal aan de giettafel te bevestigen.  Of plaats spanbanden onder de bodemplaat (stalen plaat of multiplex paneel) als er geen giettafel wordt gebruikt, en zet de mal van de Jersey barri\u00e8re op deze manier vast aan de grond. Spanbanden kunnen eenvoudig in de gaten van de verstijvingsplaten aan de zijkanten van de mal worden gehaakt.  Hijsen en transport  Voor het hijsen en transporteren van de betonnen Jersey barri\u00e8reblokken is een mechanische hijsklem beschikbaar. Hiervoor is ook het transportsysteem met kopankers, hijsklemmen en hijsjuk voor een vorkheftruck verkrijgbaar.","og_url":"https:\/\/www.betonmoulds.com\/nl\/product\/jb-160-80-80\/","og_site_name":"BETONMOULDS","article_modified_time":"2025-07-31T11:19:07+00:00","og_image":[{"width":900,"height":900,"url":"https:\/\/www.betonmoulds.com\/wp-content\/uploads\/2024\/01\/JB-160-80-80.jpg","type":"image\/jpeg"}],"twitter_card":"summary_large_image","twitter_misc":{"Geschatte leestijd":"1 minuut"},"schema":{"@context":"https:\/\/schema.org","@graph":[{"@type":"WebPage","@id":"https:\/\/www.betonmoulds.com\/nl\/product\/jb-160-80-80\/","url":"https:\/\/www.betonmoulds.com\/nl\/product\/jb-160-80-80\/","name":"Jersey barri\u00e8re inzetstuk voor mal 160-80-80 - BETONMOULDS","isPartOf":{"@id":"https:\/\/www.betonmoulds.com\/nl\/#website"},"primaryImageOfPage":{"@id":"https:\/\/www.betonmoulds.com\/nl\/product\/jb-160-80-80\/#primaryimage"},"image":{"@id":"https:\/\/www.betonmoulds.com\/nl\/product\/jb-160-80-80\/#primaryimage"},"thumbnailUrl":"https:\/\/www.betonmoulds.com\/wp-content\/uploads\/2024\/01\/JB-160-80-80.jpg","datePublished":"2024-01-11T17:25:16+00:00","dateModified":"2025-07-31T11:19:07+00:00","breadcrumb":{"@id":"https:\/\/www.betonmoulds.com\/nl\/product\/jb-160-80-80\/#breadcrumb"},"inLanguage":"nl-NL","potentialAction":[{"@type":"ReadAction","target":["https:\/\/www.betonmoulds.com\/nl\/product\/jb-160-80-80\/"]}]},{"@type":"ImageObject","inLanguage":"nl-NL","@id":"https:\/\/www.betonmoulds.com\/nl\/product\/jb-160-80-80\/#primaryimage","url":"https:\/\/www.betonmoulds.com\/wp-content\/uploads\/2024\/01\/JB-160-80-80.jpg","contentUrl":"https:\/\/www.betonmoulds.com\/wp-content\/uploads\/2024\/01\/JB-160-80-80.jpg","width":900,"height":900,"caption":"jersey barri\u00e8re"},{"@type":"BreadcrumbList","@id":"https:\/\/www.betonmoulds.com\/nl\/product\/jb-160-80-80\/#breadcrumb","itemListElement":[{"@type":"ListItem","position":1,"name":"Home","item":"https:\/\/www.betonmoulds.com\/nl\/"},{"@type":"ListItem","position":2,"name":"Shop","item":"https:\/\/www.betonmoulds.com\/fr\/boutique\/"},{"@type":"ListItem","position":3,"name":"Jersey barri\u00e8re inzetstuk voor mal 160-80-80"}]},{"@type":"WebSite","@id":"https:\/\/www.betonmoulds.com\/nl\/#website","url":"https:\/\/www.betonmoulds.com\/nl\/","name":"BETONMOULDS","description":"Upcycle leftover concrete","potentialAction":[{"@type":"SearchAction","target":{"@type":"EntryPoint","urlTemplate":"https:\/\/www.betonmoulds.com\/nl\/?s={search_term_string}"},"query-input":{"@type":"PropertyValueSpecification","valueRequired":true,"valueName":"search_term_string"}}],"inLanguage":"nl-NL"}]}},"_links":{"self":[{"href":"https:\/\/www.betonmoulds.com\/nl\/wp-json\/wp\/v2\/product\/7354","targetHints":{"allow":["GET"]}}],"collection":[{"href":"https:\/\/www.betonmoulds.com\/nl\/wp-json\/wp\/v2\/product"}],"about":[{"href":"https:\/\/www.betonmoulds.com\/nl\/wp-json\/wp\/v2\/types\/product"}],"wp:featuredmedia":[{"embeddable":true,"href":"https:\/\/www.betonmoulds.com\/nl\/wp-json\/wp\/v2\/media\/7323"}],"wp:attachment":[{"href":"https:\/\/www.betonmoulds.com\/nl\/wp-json\/wp\/v2\/media?parent=7354"}],"wp:term":[{"taxonomy":"product_brand","embeddable":true,"href":"https:\/\/www.betonmoulds.com\/nl\/wp-json\/wp\/v2\/product_brand?post=7354"},{"taxonomy":"product_cat","embeddable":true,"href":"https:\/\/www.betonmoulds.com\/nl\/wp-json\/wp\/v2\/product_cat?post=7354"},{"taxonomy":"product_tag","embeddable":true,"href":"https:\/\/www.betonmoulds.com\/nl\/wp-json\/wp\/v2\/product_tag?post=7354"}],"curies":[{"name":"wp","href":"https:\/\/api.w.org\/{rel}","templated":true}]}}