{"id":7696,"date":"2024-01-15T19:12:11","date_gmt":"2024-01-15T19:12:11","guid":{"rendered":"https:\/\/www.betonmoulds.com\/product\/blt\/"},"modified":"2026-03-19T16:08:56","modified_gmt":"2026-03-19T16:08:56","slug":"blt","status":"publish","type":"product","link":"https:\/\/www.betonmoulds.com\/it\/product\/blt\/","title":{"rendered":"Ribaltatore per blocchi di calcestruzzo"},"content":{"rendered":"","protected":false},"excerpt":{"rendered":"<p>I blocchi a incastro in calcestruzzo vengono generati su un lato. Questo macchinario consente di ribaltarli con facilit\u00e0 di 90\u00b0, per portarli alla posizione corretta. Baster\u00e0 utilizzare un telecomando per attivarlo.<\/p>\n<p>Il sistema idraulico di questo macchinario unico utilizza l\u2019elettricit\u00e0 in conformit\u00e0 con la Direttiva Macchine.<\/p>\n<p>Con questo strumento \u00e8 possibile ribaltare non soltanto i grandi blocchi in calcestruzzo comunemente disponibili sul mercato, ma anche quelli pi\u00f9 piccoli.<\/p>\n<p>L\u2019operatore dovr\u00e0 semplicemente sollevare di poco il modulo per posizionarlo sul macchinario, mantenendo il controllo durante l\u2019intera operazione.<\/p>\n<p>Un ribaltatore di questo tipo permette di maneggiare questi pesanti blocchi in calcestruzzo in modo pi\u00f9 sicuro e controllato, e senza il rischio di danneggiarli. Aiuta inoltre a limitare l\u2019intervento umano, con ovvi vantaggi in termini di sicurezza, e a mantenere il controllo totale durante il sollevamento e la movimentazione.<\/p>\n<p><strong>Capacit\u00e0 massima<\/strong>: 3000 kg<br \/>\n<strong>Larghezza e altezza massime del blocco<\/strong>: 80 cm<\/p>\n","protected":false},"featured_media":8281,"template":"","meta":[],"product_brand":[],"product_cat":[438],"product_tag":[],"class_list":{"0":"post-7696","1":"product","2":"type-product","3":"status-publish","4":"has-post-thumbnail","6":"product_cat-trasporto-blocchi","8":"first","9":"instock","10":"shipping-taxable","11":"purchasable","12":"product-type-simple"},"yoast_head":"<!-- This site is optimized with the Yoast SEO plugin v27.4 - https:\/\/yoast.com\/product\/yoast-seo-wordpress\/ -->\n<title>Ribaltatore per blocchi di calcestruzzo - BETONMOULDS<\/title>\n<meta name=\"robots\" content=\"index, follow, max-snippet:-1, max-image-preview:large, max-video-preview:-1\" \/>\n<link rel=\"canonical\" href=\"https:\/\/www.betonmoulds.com\/it\/product\/blt\/\" \/>\n<meta property=\"og:locale\" content=\"it_IT\" \/>\n<meta property=\"og:type\" content=\"article\" \/>\n<meta property=\"og:title\" content=\"Ribaltatore per blocchi di calcestruzzo - BETONMOULDS\" \/>\n<meta property=\"og:description\" content=\"I blocchi a incastro in calcestruzzo vengono generati su un lato. Questo macchinario consente di ribaltarli con facilit\u00e0 di 90\u00b0, per portarli alla posizione corretta. Baster\u00e0 utilizzare un telecomando per attivarlo.  Il sistema idraulico di questo macchinario unico utilizza l\u2019elettricit\u00e0 in conformit\u00e0 con la Direttiva Macchine.  Con questo strumento \u00e8 possibile ribaltare non soltanto i grandi blocchi in calcestruzzo comunemente disponibili sul mercato, ma anche quelli pi\u00f9 piccoli.  L\u2019operatore dovr\u00e0 semplicemente sollevare di poco il modulo per posizionarlo sul macchinario, mantenendo il controllo durante l\u2019intera operazione.  Un ribaltatore di questo tipo permette di maneggiare questi pesanti blocchi in calcestruzzo in modo pi\u00f9 sicuro e controllato, e senza il rischio di danneggiarli. Aiuta inoltre a limitare l\u2019intervento umano, con ovvi vantaggi in termini di sicurezza, e a mantenere il controllo totale durante il sollevamento e la movimentazione.  Capacit\u00e0 massima: 3000 kg Larghezza e altezza massime del blocco: 80 cm\" \/>\n<meta property=\"og:url\" content=\"https:\/\/www.betonmoulds.com\/it\/product\/blt\/\" \/>\n<meta property=\"og:site_name\" content=\"BETONMOULDS\" \/>\n<meta property=\"article:modified_time\" content=\"2026-03-19T16:08:56+00:00\" \/>\n<meta property=\"og:image\" content=\"https:\/\/www.betonmoulds.com\/wp-content\/uploads\/2024\/01\/Concrete-Lego-Block-Lift-Turn-device.jpg\" \/>\n\t<meta property=\"og:image:width\" content=\"900\" \/>\n\t<meta property=\"og:image:height\" content=\"900\" \/>\n\t<meta property=\"og:image:type\" content=\"image\/jpeg\" \/>\n<meta name=\"twitter:card\" content=\"summary_large_image\" \/>\n<meta name=\"twitter:label1\" content=\"Tempo di lettura stimato\" \/>\n\t<meta name=\"twitter:data1\" content=\"1 minuto\" \/>\n<script type=\"application\/ld+json\" class=\"yoast-schema-graph\">{\"@context\":\"https:\\\/\\\/schema.org\",\"@graph\":[{\"@type\":\"WebPage\",\"@id\":\"https:\\\/\\\/www.betonmoulds.com\\\/it\\\/product\\\/blt\\\/\",\"url\":\"https:\\\/\\\/www.betonmoulds.com\\\/it\\\/product\\\/blt\\\/\",\"name\":\"Ribaltatore per blocchi di calcestruzzo - BETONMOULDS\",\"isPartOf\":{\"@id\":\"https:\\\/\\\/www.betonmoulds.com\\\/it\\\/#website\"},\"primaryImageOfPage\":{\"@id\":\"https:\\\/\\\/www.betonmoulds.com\\\/it\\\/product\\\/blt\\\/#primaryimage\"},\"image\":{\"@id\":\"https:\\\/\\\/www.betonmoulds.com\\\/it\\\/product\\\/blt\\\/#primaryimage\"},\"thumbnailUrl\":\"https:\\\/\\\/www.betonmoulds.com\\\/wp-content\\\/uploads\\\/2024\\\/01\\\/Concrete-Lego-Block-Lift-Turn-device.jpg\",\"datePublished\":\"2024-01-15T19:12:11+00:00\",\"dateModified\":\"2026-03-19T16:08:56+00:00\",\"breadcrumb\":{\"@id\":\"https:\\\/\\\/www.betonmoulds.com\\\/it\\\/product\\\/blt\\\/#breadcrumb\"},\"inLanguage\":\"it-IT\",\"potentialAction\":[{\"@type\":\"ReadAction\",\"target\":[\"https:\\\/\\\/www.betonmoulds.com\\\/it\\\/product\\\/blt\\\/\"]}]},{\"@type\":\"ImageObject\",\"inLanguage\":\"it-IT\",\"@id\":\"https:\\\/\\\/www.betonmoulds.com\\\/it\\\/product\\\/blt\\\/#primaryimage\",\"url\":\"https:\\\/\\\/www.betonmoulds.com\\\/wp-content\\\/uploads\\\/2024\\\/01\\\/Concrete-Lego-Block-Lift-Turn-device.jpg\",\"contentUrl\":\"https:\\\/\\\/www.betonmoulds.com\\\/wp-content\\\/uploads\\\/2024\\\/01\\\/Concrete-Lego-Block-Lift-Turn-device.jpg\",\"width\":900,\"height\":900,\"caption\":\"Ribaltatore per blocchi in calcestruzzo\"},{\"@type\":\"BreadcrumbList\",\"@id\":\"https:\\\/\\\/www.betonmoulds.com\\\/it\\\/product\\\/blt\\\/#breadcrumb\",\"itemListElement\":[{\"@type\":\"ListItem\",\"position\":1,\"name\":\"Home\",\"item\":\"https:\\\/\\\/www.betonmoulds.com\\\/it\\\/\"},{\"@type\":\"ListItem\",\"position\":2,\"name\":\"Negozio\",\"item\":\"https:\\\/\\\/www.betonmoulds.com\\\/fr\\\/boutique\\\/\"},{\"@type\":\"ListItem\",\"position\":3,\"name\":\"Ribaltatore per blocchi di calcestruzzo\"}]},{\"@type\":\"WebSite\",\"@id\":\"https:\\\/\\\/www.betonmoulds.com\\\/it\\\/#website\",\"url\":\"https:\\\/\\\/www.betonmoulds.com\\\/it\\\/\",\"name\":\"BETONMOULDS\",\"description\":\"Upcycle leftover concrete\",\"potentialAction\":[{\"@type\":\"SearchAction\",\"target\":{\"@type\":\"EntryPoint\",\"urlTemplate\":\"https:\\\/\\\/www.betonmoulds.com\\\/it\\\/?s={search_term_string}\"},\"query-input\":{\"@type\":\"PropertyValueSpecification\",\"valueRequired\":true,\"valueName\":\"search_term_string\"}}],\"inLanguage\":\"it-IT\"}]}<\/script>\n<!-- \/ Yoast SEO plugin. -->","yoast_head_json":{"title":"Ribaltatore per blocchi di calcestruzzo - BETONMOULDS","robots":{"index":"index","follow":"follow","max-snippet":"max-snippet:-1","max-image-preview":"max-image-preview:large","max-video-preview":"max-video-preview:-1"},"canonical":"https:\/\/www.betonmoulds.com\/it\/product\/blt\/","og_locale":"it_IT","og_type":"article","og_title":"Ribaltatore per blocchi di calcestruzzo - BETONMOULDS","og_description":"I blocchi a incastro in calcestruzzo vengono generati su un lato. Questo macchinario consente di ribaltarli con facilit\u00e0 di 90\u00b0, per portarli alla posizione corretta. Baster\u00e0 utilizzare un telecomando per attivarlo.  Il sistema idraulico di questo macchinario unico utilizza l\u2019elettricit\u00e0 in conformit\u00e0 con la Direttiva Macchine.  Con questo strumento \u00e8 possibile ribaltare non soltanto i grandi blocchi in calcestruzzo comunemente disponibili sul mercato, ma anche quelli pi\u00f9 piccoli.  L\u2019operatore dovr\u00e0 semplicemente sollevare di poco il modulo per posizionarlo sul macchinario, mantenendo il controllo durante l\u2019intera operazione.  Un ribaltatore di questo tipo permette di maneggiare questi pesanti blocchi in calcestruzzo in modo pi\u00f9 sicuro e controllato, e senza il rischio di danneggiarli. Aiuta inoltre a limitare l\u2019intervento umano, con ovvi vantaggi in termini di sicurezza, e a mantenere il controllo totale durante il sollevamento e la movimentazione.  Capacit\u00e0 massima: 3000 kg Larghezza e altezza massime del blocco: 80 cm","og_url":"https:\/\/www.betonmoulds.com\/it\/product\/blt\/","og_site_name":"BETONMOULDS","article_modified_time":"2026-03-19T16:08:56+00:00","og_image":[{"width":900,"height":900,"url":"https:\/\/www.betonmoulds.com\/wp-content\/uploads\/2024\/01\/Concrete-Lego-Block-Lift-Turn-device.jpg","type":"image\/jpeg"}],"twitter_card":"summary_large_image","twitter_misc":{"Tempo di lettura stimato":"1 minuto"},"schema":{"@context":"https:\/\/schema.org","@graph":[{"@type":"WebPage","@id":"https:\/\/www.betonmoulds.com\/it\/product\/blt\/","url":"https:\/\/www.betonmoulds.com\/it\/product\/blt\/","name":"Ribaltatore per blocchi di calcestruzzo - BETONMOULDS","isPartOf":{"@id":"https:\/\/www.betonmoulds.com\/it\/#website"},"primaryImageOfPage":{"@id":"https:\/\/www.betonmoulds.com\/it\/product\/blt\/#primaryimage"},"image":{"@id":"https:\/\/www.betonmoulds.com\/it\/product\/blt\/#primaryimage"},"thumbnailUrl":"https:\/\/www.betonmoulds.com\/wp-content\/uploads\/2024\/01\/Concrete-Lego-Block-Lift-Turn-device.jpg","datePublished":"2024-01-15T19:12:11+00:00","dateModified":"2026-03-19T16:08:56+00:00","breadcrumb":{"@id":"https:\/\/www.betonmoulds.com\/it\/product\/blt\/#breadcrumb"},"inLanguage":"it-IT","potentialAction":[{"@type":"ReadAction","target":["https:\/\/www.betonmoulds.com\/it\/product\/blt\/"]}]},{"@type":"ImageObject","inLanguage":"it-IT","@id":"https:\/\/www.betonmoulds.com\/it\/product\/blt\/#primaryimage","url":"https:\/\/www.betonmoulds.com\/wp-content\/uploads\/2024\/01\/Concrete-Lego-Block-Lift-Turn-device.jpg","contentUrl":"https:\/\/www.betonmoulds.com\/wp-content\/uploads\/2024\/01\/Concrete-Lego-Block-Lift-Turn-device.jpg","width":900,"height":900,"caption":"Ribaltatore per blocchi in calcestruzzo"},{"@type":"BreadcrumbList","@id":"https:\/\/www.betonmoulds.com\/it\/product\/blt\/#breadcrumb","itemListElement":[{"@type":"ListItem","position":1,"name":"Home","item":"https:\/\/www.betonmoulds.com\/it\/"},{"@type":"ListItem","position":2,"name":"Negozio","item":"https:\/\/www.betonmoulds.com\/fr\/boutique\/"},{"@type":"ListItem","position":3,"name":"Ribaltatore per blocchi di calcestruzzo"}]},{"@type":"WebSite","@id":"https:\/\/www.betonmoulds.com\/it\/#website","url":"https:\/\/www.betonmoulds.com\/it\/","name":"BETONMOULDS","description":"Upcycle leftover concrete","potentialAction":[{"@type":"SearchAction","target":{"@type":"EntryPoint","urlTemplate":"https:\/\/www.betonmoulds.com\/it\/?s={search_term_string}"},"query-input":{"@type":"PropertyValueSpecification","valueRequired":true,"valueName":"search_term_string"}}],"inLanguage":"it-IT"}]}},"_links":{"self":[{"href":"https:\/\/www.betonmoulds.com\/it\/wp-json\/wp\/v2\/product\/7696","targetHints":{"allow":["GET"]}}],"collection":[{"href":"https:\/\/www.betonmoulds.com\/it\/wp-json\/wp\/v2\/product"}],"about":[{"href":"https:\/\/www.betonmoulds.com\/it\/wp-json\/wp\/v2\/types\/product"}],"wp:featuredmedia":[{"embeddable":true,"href":"https:\/\/www.betonmoulds.com\/it\/wp-json\/wp\/v2\/media\/8281"}],"wp:attachment":[{"href":"https:\/\/www.betonmoulds.com\/it\/wp-json\/wp\/v2\/media?parent=7696"}],"wp:term":[{"taxonomy":"product_brand","embeddable":true,"href":"https:\/\/www.betonmoulds.com\/it\/wp-json\/wp\/v2\/product_brand?post=7696"},{"taxonomy":"product_cat","embeddable":true,"href":"https:\/\/www.betonmoulds.com\/it\/wp-json\/wp\/v2\/product_cat?post=7696"},{"taxonomy":"product_tag","embeddable":true,"href":"https:\/\/www.betonmoulds.com\/it\/wp-json\/wp\/v2\/product_tag?post=7696"}],"curies":[{"name":"wp","href":"https:\/\/api.w.org\/{rel}","templated":true}]}}