{"id":7445,"date":"2024-01-12T11:16:57","date_gmt":"2024-01-12T11:16:57","guid":{"rendered":"https:\/\/www.betonmoulds.com\/product\/jersey-divider\/"},"modified":"2026-03-19T16:08:27","modified_gmt":"2026-03-19T16:08:27","slug":"jb-dp-0","status":"publish","type":"product","link":"https:\/\/www.betonmoulds.com\/it\/product\/jb-dp-0\/","title":{"rendered":"Jersey divisorio per casseforme"},"content":{"rendered":"","protected":false},"excerpt":{"rendered":"<p>Questo prodotto viene utilizzato in combinazione con <a href=\"https:\/\/www.betonmoulds.com\/it\/product\/jb-160-80-80\/\"><strong>l\u2019inserto per barriere Jersey<\/strong><\/a> per produrre barriere in calcestruzzo pi\u00f9 corte. Il pannello viene inserito nello stampo per dividerlo in scompartimenti e ottenere blocchi multipli pi\u00f9 piccoli con una sola colata.<\/p>\n<p>Con questo sistema \u00e8 possibile creare barriere che rispondano alle necessit\u00e0 specifiche di ciascun progetto. Laddove vi sia l\u2019esigenza di una barriera modulare, ad esempio per la gestione del traffico o per la delimitazione di un cantiere, la possibilit\u00e0 di generare moduli pi\u00f9 piccoli regala grande flessibilit\u00e0, con un guadagno in termini di efficienza.<\/p>\n","protected":false},"featured_media":7631,"template":"","meta":[],"product_brand":[],"product_cat":[552],"product_tag":[],"class_list":{"0":"post-7445","1":"product","2":"type-product","3":"status-publish","4":"has-post-thumbnail","6":"product_cat-inserti-divisori-jersey","8":"first","9":"instock","10":"shipping-taxable","11":"purchasable","12":"product-type-simple"},"yoast_head":"<!-- This site is optimized with the Yoast SEO plugin v27.4 - https:\/\/yoast.com\/product\/yoast-seo-wordpress\/ -->\n<title>Jersey divisorio per casseforme - BETONMOULDS<\/title>\n<meta name=\"robots\" content=\"index, follow, max-snippet:-1, max-image-preview:large, max-video-preview:-1\" \/>\n<link rel=\"canonical\" href=\"https:\/\/www.betonmoulds.com\/it\/product\/jb-dp-0\/\" \/>\n<meta property=\"og:locale\" content=\"it_IT\" \/>\n<meta property=\"og:type\" content=\"article\" \/>\n<meta property=\"og:title\" content=\"Jersey divisorio per casseforme - BETONMOULDS\" \/>\n<meta property=\"og:description\" content=\"Questo prodotto viene utilizzato in combinazione con l\u2019inserto per barriere Jersey per produrre barriere in calcestruzzo pi\u00f9 corte. Il pannello viene inserito nello stampo per dividerlo in scompartimenti e ottenere blocchi multipli pi\u00f9 piccoli con una sola colata.  Con questo sistema \u00e8 possibile creare barriere che rispondano alle necessit\u00e0 specifiche di ciascun progetto. Laddove vi sia l\u2019esigenza di una barriera modulare, ad esempio per la gestione del traffico o per la delimitazione di un cantiere, la possibilit\u00e0 di generare moduli pi\u00f9 piccoli regala grande flessibilit\u00e0, con un guadagno in termini di efficienza.\" \/>\n<meta property=\"og:url\" content=\"https:\/\/www.betonmoulds.com\/it\/product\/jb-dp-0\/\" \/>\n<meta property=\"og:site_name\" content=\"BETONMOULDS\" \/>\n<meta property=\"article:modified_time\" content=\"2026-03-19T16:08:27+00:00\" \/>\n<meta property=\"og:image\" content=\"https:\/\/www.betonmoulds.com\/wp-content\/uploads\/2024\/01\/JB-DP-0-1.jpg\" \/>\n\t<meta property=\"og:image:width\" content=\"900\" \/>\n\t<meta property=\"og:image:height\" content=\"900\" \/>\n\t<meta property=\"og:image:type\" content=\"image\/jpeg\" \/>\n<meta name=\"twitter:card\" content=\"summary_large_image\" \/>\n<meta name=\"twitter:label1\" content=\"Tempo di lettura stimato\" \/>\n\t<meta name=\"twitter:data1\" content=\"1 minuto\" \/>\n<script type=\"application\/ld+json\" class=\"yoast-schema-graph\">{\"@context\":\"https:\\\/\\\/schema.org\",\"@graph\":[{\"@type\":\"WebPage\",\"@id\":\"https:\\\/\\\/www.betonmoulds.com\\\/it\\\/product\\\/jb-dp-0\\\/\",\"url\":\"https:\\\/\\\/www.betonmoulds.com\\\/it\\\/product\\\/jb-dp-0\\\/\",\"name\":\"Jersey divisorio per casseforme - BETONMOULDS\",\"isPartOf\":{\"@id\":\"https:\\\/\\\/www.betonmoulds.com\\\/it\\\/#website\"},\"primaryImageOfPage\":{\"@id\":\"https:\\\/\\\/www.betonmoulds.com\\\/it\\\/product\\\/jb-dp-0\\\/#primaryimage\"},\"image\":{\"@id\":\"https:\\\/\\\/www.betonmoulds.com\\\/it\\\/product\\\/jb-dp-0\\\/#primaryimage\"},\"thumbnailUrl\":\"https:\\\/\\\/www.betonmoulds.com\\\/wp-content\\\/uploads\\\/2024\\\/01\\\/JB-DP-0-1.jpg\",\"datePublished\":\"2024-01-12T11:16:57+00:00\",\"dateModified\":\"2026-03-19T16:08:27+00:00\",\"breadcrumb\":{\"@id\":\"https:\\\/\\\/www.betonmoulds.com\\\/it\\\/product\\\/jb-dp-0\\\/#breadcrumb\"},\"inLanguage\":\"it-IT\",\"potentialAction\":[{\"@type\":\"ReadAction\",\"target\":[\"https:\\\/\\\/www.betonmoulds.com\\\/it\\\/product\\\/jb-dp-0\\\/\"]}]},{\"@type\":\"ImageObject\",\"inLanguage\":\"it-IT\",\"@id\":\"https:\\\/\\\/www.betonmoulds.com\\\/it\\\/product\\\/jb-dp-0\\\/#primaryimage\",\"url\":\"https:\\\/\\\/www.betonmoulds.com\\\/wp-content\\\/uploads\\\/2024\\\/01\\\/JB-DP-0-1.jpg\",\"contentUrl\":\"https:\\\/\\\/www.betonmoulds.com\\\/wp-content\\\/uploads\\\/2024\\\/01\\\/JB-DP-0-1.jpg\",\"width\":900,\"height\":900,\"caption\":\"Inserto per barriera stradale Jersey\"},{\"@type\":\"BreadcrumbList\",\"@id\":\"https:\\\/\\\/www.betonmoulds.com\\\/it\\\/product\\\/jb-dp-0\\\/#breadcrumb\",\"itemListElement\":[{\"@type\":\"ListItem\",\"position\":1,\"name\":\"Home\",\"item\":\"https:\\\/\\\/www.betonmoulds.com\\\/it\\\/\"},{\"@type\":\"ListItem\",\"position\":2,\"name\":\"Negozio\",\"item\":\"https:\\\/\\\/www.betonmoulds.com\\\/fr\\\/boutique\\\/\"},{\"@type\":\"ListItem\",\"position\":3,\"name\":\"Jersey divisorio per casseforme\"}]},{\"@type\":\"WebSite\",\"@id\":\"https:\\\/\\\/www.betonmoulds.com\\\/it\\\/#website\",\"url\":\"https:\\\/\\\/www.betonmoulds.com\\\/it\\\/\",\"name\":\"BETONMOULDS\",\"description\":\"Upcycle leftover concrete\",\"potentialAction\":[{\"@type\":\"SearchAction\",\"target\":{\"@type\":\"EntryPoint\",\"urlTemplate\":\"https:\\\/\\\/www.betonmoulds.com\\\/it\\\/?s={search_term_string}\"},\"query-input\":{\"@type\":\"PropertyValueSpecification\",\"valueRequired\":true,\"valueName\":\"search_term_string\"}}],\"inLanguage\":\"it-IT\"}]}<\/script>\n<!-- \/ Yoast SEO plugin. -->","yoast_head_json":{"title":"Jersey divisorio per casseforme - BETONMOULDS","robots":{"index":"index","follow":"follow","max-snippet":"max-snippet:-1","max-image-preview":"max-image-preview:large","max-video-preview":"max-video-preview:-1"},"canonical":"https:\/\/www.betonmoulds.com\/it\/product\/jb-dp-0\/","og_locale":"it_IT","og_type":"article","og_title":"Jersey divisorio per casseforme - BETONMOULDS","og_description":"Questo prodotto viene utilizzato in combinazione con l\u2019inserto per barriere Jersey per produrre barriere in calcestruzzo pi\u00f9 corte. Il pannello viene inserito nello stampo per dividerlo in scompartimenti e ottenere blocchi multipli pi\u00f9 piccoli con una sola colata.  Con questo sistema \u00e8 possibile creare barriere che rispondano alle necessit\u00e0 specifiche di ciascun progetto. Laddove vi sia l\u2019esigenza di una barriera modulare, ad esempio per la gestione del traffico o per la delimitazione di un cantiere, la possibilit\u00e0 di generare moduli pi\u00f9 piccoli regala grande flessibilit\u00e0, con un guadagno in termini di efficienza.","og_url":"https:\/\/www.betonmoulds.com\/it\/product\/jb-dp-0\/","og_site_name":"BETONMOULDS","article_modified_time":"2026-03-19T16:08:27+00:00","og_image":[{"width":900,"height":900,"url":"https:\/\/www.betonmoulds.com\/wp-content\/uploads\/2024\/01\/JB-DP-0-1.jpg","type":"image\/jpeg"}],"twitter_card":"summary_large_image","twitter_misc":{"Tempo di lettura stimato":"1 minuto"},"schema":{"@context":"https:\/\/schema.org","@graph":[{"@type":"WebPage","@id":"https:\/\/www.betonmoulds.com\/it\/product\/jb-dp-0\/","url":"https:\/\/www.betonmoulds.com\/it\/product\/jb-dp-0\/","name":"Jersey divisorio per casseforme - BETONMOULDS","isPartOf":{"@id":"https:\/\/www.betonmoulds.com\/it\/#website"},"primaryImageOfPage":{"@id":"https:\/\/www.betonmoulds.com\/it\/product\/jb-dp-0\/#primaryimage"},"image":{"@id":"https:\/\/www.betonmoulds.com\/it\/product\/jb-dp-0\/#primaryimage"},"thumbnailUrl":"https:\/\/www.betonmoulds.com\/wp-content\/uploads\/2024\/01\/JB-DP-0-1.jpg","datePublished":"2024-01-12T11:16:57+00:00","dateModified":"2026-03-19T16:08:27+00:00","breadcrumb":{"@id":"https:\/\/www.betonmoulds.com\/it\/product\/jb-dp-0\/#breadcrumb"},"inLanguage":"it-IT","potentialAction":[{"@type":"ReadAction","target":["https:\/\/www.betonmoulds.com\/it\/product\/jb-dp-0\/"]}]},{"@type":"ImageObject","inLanguage":"it-IT","@id":"https:\/\/www.betonmoulds.com\/it\/product\/jb-dp-0\/#primaryimage","url":"https:\/\/www.betonmoulds.com\/wp-content\/uploads\/2024\/01\/JB-DP-0-1.jpg","contentUrl":"https:\/\/www.betonmoulds.com\/wp-content\/uploads\/2024\/01\/JB-DP-0-1.jpg","width":900,"height":900,"caption":"Inserto per barriera stradale Jersey"},{"@type":"BreadcrumbList","@id":"https:\/\/www.betonmoulds.com\/it\/product\/jb-dp-0\/#breadcrumb","itemListElement":[{"@type":"ListItem","position":1,"name":"Home","item":"https:\/\/www.betonmoulds.com\/it\/"},{"@type":"ListItem","position":2,"name":"Negozio","item":"https:\/\/www.betonmoulds.com\/fr\/boutique\/"},{"@type":"ListItem","position":3,"name":"Jersey divisorio per casseforme"}]},{"@type":"WebSite","@id":"https:\/\/www.betonmoulds.com\/it\/#website","url":"https:\/\/www.betonmoulds.com\/it\/","name":"BETONMOULDS","description":"Upcycle leftover concrete","potentialAction":[{"@type":"SearchAction","target":{"@type":"EntryPoint","urlTemplate":"https:\/\/www.betonmoulds.com\/it\/?s={search_term_string}"},"query-input":{"@type":"PropertyValueSpecification","valueRequired":true,"valueName":"search_term_string"}}],"inLanguage":"it-IT"}]}},"_links":{"self":[{"href":"https:\/\/www.betonmoulds.com\/it\/wp-json\/wp\/v2\/product\/7445","targetHints":{"allow":["GET"]}}],"collection":[{"href":"https:\/\/www.betonmoulds.com\/it\/wp-json\/wp\/v2\/product"}],"about":[{"href":"https:\/\/www.betonmoulds.com\/it\/wp-json\/wp\/v2\/types\/product"}],"wp:featuredmedia":[{"embeddable":true,"href":"https:\/\/www.betonmoulds.com\/it\/wp-json\/wp\/v2\/media\/7631"}],"wp:attachment":[{"href":"https:\/\/www.betonmoulds.com\/it\/wp-json\/wp\/v2\/media?parent=7445"}],"wp:term":[{"taxonomy":"product_brand","embeddable":true,"href":"https:\/\/www.betonmoulds.com\/it\/wp-json\/wp\/v2\/product_brand?post=7445"},{"taxonomy":"product_cat","embeddable":true,"href":"https:\/\/www.betonmoulds.com\/it\/wp-json\/wp\/v2\/product_cat?post=7445"},{"taxonomy":"product_tag","embeddable":true,"href":"https:\/\/www.betonmoulds.com\/it\/wp-json\/wp\/v2\/product_tag?post=7445"}],"curies":[{"name":"wp","href":"https:\/\/api.w.org\/{rel}","templated":true}]}}