{"id":7424,"date":"2024-01-12T09:49:26","date_gmt":"2024-01-12T09:49:26","guid":{"rendered":"https:\/\/www.betonmoulds.com\/product\/l-160-80-80\/"},"modified":"2026-03-19T16:08:07","modified_gmt":"2026-03-19T16:08:07","slug":"l-160-80-80","status":"publish","type":"product","link":"https:\/\/www.betonmoulds.com\/it\/product\/l-160-80-80\/","title":{"rendered":"Inserto per blocchi a L divisorio per casseforme 160-80-80"},"content":{"rendered":"","protected":false},"excerpt":{"rendered":"<p>Questo inserto brevettato consente di produrre blocchi in calcestruzzo a L per muri di contenimento senza bisogno di sostenere i costi dell\u2019acquisto di uno stampo separato. Utilizzato in combinazione con il nostro cassero di base, permette di creare soluzioni di vario tipo.<\/p>\n<p>Grazie a questo inserto puoi ottenere i moduli prefabbricati in calcestruzzo che andranno a comporre i tuoi muri di contenimento a L. Baster\u00e0 applicarlo allo<a href=\"https:\/\/www.betonmoulds.com\/it\/product\/bb-160-80-80-bn\/\"><strong> stampo di base<\/strong><\/a> e avviare la produzione.<\/p>\n<p>I blocchi di questo tipo sono creati per resistere alle spinte.<\/p>\n<p>Un muro di contenimento in calcestruzzo a L \u00e8 caratterizzato da un design a sbalzo. Il terreno poggia sulla base della parete, incrementandone la resilienza. Lo scopo principale di un muro di questo tipo \u00e8 resistere alle forze laterali generate dalla terra a due diverse altezze.<\/p>\n<p>Strutture come queste vengono utilizzate per supportare i materiali da ambo i lati e a vari livelli. Trovano applicazione in contesti industriali e agricoli, nel campo dell\u2019ingegneria civile e nell\u2019edilizia di tipo residenziale. Si pensi ad esempio a muri di confine, barriere antiallagamento, muri di ritenzione per strade, parchi e infrastrutture, silos interrati, piattaforme di stoccaggio e schermi acustici.<\/p>\n<p>L\u2019inserto consente di creare blocchi a L con un lato lungo di 160 cm, un lato corto di 80 cm e una larghezza di 80 cm. Spessore: 10 cm. Ti servono moduli pi\u00f9 lunghi? Utilizza la nostra <a href=\"https:\/\/www.betonmoulds.com\/it\/product\/l-200-80-80-ext\/\"><strong>estensione<\/strong><\/a>, che ti permetter\u00e0 di ottenere muri di 2 metri di altezza.<\/p>\n<p>La versatilit\u00e0 di questo accessorio brevettato \u00e8 amplificata dai due divisori in dotazione, che permettono di regolare le dimensioni. Grazie a questa flessibilit\u00e0 potrai adattare lo stampo a qualsiasi esigenza senza bisogno di comprarne uno apposito.<\/p>\n","protected":false},"featured_media":9376,"template":"","meta":[],"product_brand":[],"product_cat":[562],"product_tag":[],"class_list":{"0":"post-7424","1":"product","2":"type-product","3":"status-publish","4":"has-post-thumbnail","6":"product_cat-inserti-divisori-pareti-di-contenimento","8":"first","9":"instock","10":"shipping-taxable","11":"purchasable","12":"product-type-simple"},"yoast_head":"<!-- This site is optimized with the Yoast SEO plugin v27.4 - https:\/\/yoast.com\/product\/yoast-seo-wordpress\/ -->\n<title>Stampo per Muro di Contenimento tipo L in calcestruzzo 160-80-80 - BETONMOULDS<\/title>\n<meta name=\"robots\" content=\"index, follow, max-snippet:-1, max-image-preview:large, max-video-preview:-1\" \/>\n<link rel=\"canonical\" href=\"https:\/\/www.betonmoulds.com\/it\/product\/l-160-80-80\/\" \/>\n<meta property=\"og:locale\" content=\"it_IT\" \/>\n<meta property=\"og:type\" content=\"article\" \/>\n<meta property=\"og:title\" content=\"Stampo per Muro di Contenimento tipo L in calcestruzzo 160-80-80 - BETONMOULDS\" \/>\n<meta property=\"og:description\" content=\"Questo inserto brevettato consente di produrre blocchi in calcestruzzo a L per muri di contenimento senza bisogno di sostenere i costi dell\u2019acquisto di uno stampo separato. Utilizzato in combinazione con il nostro cassero di base, permette di creare soluzioni di vario tipo.  Grazie a questo inserto puoi ottenere i moduli prefabbricati in calcestruzzo che andranno a comporre i tuoi muri di contenimento a L. Baster\u00e0 applicarlo allo stampo di base e avviare la produzione.  I blocchi di questo tipo sono creati per resistere alle spinte.  Un muro di contenimento in calcestruzzo a L \u00e8 caratterizzato da un design a sbalzo. Il terreno poggia sulla base della parete, incrementandone la resilienza. Lo scopo principale di un muro di questo tipo \u00e8 resistere alle forze laterali generate dalla terra a due diverse altezze.  Strutture come queste vengono utilizzate per supportare i materiali da ambo i lati e a vari livelli. Trovano applicazione in contesti industriali e agricoli, nel campo dell\u2019ingegneria civile e nell\u2019edilizia di tipo residenziale. Si pensi ad esempio a muri di confine, barriere antiallagamento, muri di ritenzione per strade, parchi e infrastrutture, silos interrati, piattaforme di stoccaggio e schermi acustici.  L\u2019inserto consente di creare blocchi a L con un lato lungo di 160 cm, un lato corto di 80 cm e una larghezza di 80 cm. Spessore: 10 cm. Ti servono moduli pi\u00f9 lunghi? Utilizza la nostra estensione, che ti permetter\u00e0 di ottenere muri di 2 metri di altezza.  La versatilit\u00e0 di questo accessorio brevettato \u00e8 amplificata dai due divisori in dotazione, che permettono di regolare le dimensioni. Grazie a questa flessibilit\u00e0 potrai adattare lo stampo a qualsiasi esigenza senza bisogno di comprarne uno apposito.\" \/>\n<meta property=\"og:url\" content=\"https:\/\/www.betonmoulds.com\/it\/product\/l-160-80-80\/\" \/>\n<meta property=\"og:site_name\" content=\"BETONMOULDS\" \/>\n<meta property=\"article:modified_time\" content=\"2026-03-19T16:08:07+00:00\" \/>\n<meta property=\"og:image\" content=\"https:\/\/www.betonmoulds.com\/wp-content\/uploads\/2024\/01\/L-160-80-80-2.jpg\" \/>\n\t<meta property=\"og:image:width\" content=\"900\" \/>\n\t<meta property=\"og:image:height\" content=\"900\" \/>\n\t<meta property=\"og:image:type\" content=\"image\/jpeg\" \/>\n<meta name=\"twitter:card\" content=\"summary_large_image\" \/>\n<meta name=\"twitter:label1\" content=\"Tempo di lettura stimato\" \/>\n\t<meta name=\"twitter:data1\" content=\"1 minuto\" \/>\n<script type=\"application\/ld+json\" class=\"yoast-schema-graph\">{\"@context\":\"https:\\\/\\\/schema.org\",\"@graph\":[{\"@type\":\"WebPage\",\"@id\":\"https:\\\/\\\/www.betonmoulds.com\\\/it\\\/product\\\/l-160-80-80\\\/\",\"url\":\"https:\\\/\\\/www.betonmoulds.com\\\/it\\\/product\\\/l-160-80-80\\\/\",\"name\":\"Stampo per Muro di Contenimento tipo L in calcestruzzo 160-80-80 - BETONMOULDS\",\"isPartOf\":{\"@id\":\"https:\\\/\\\/www.betonmoulds.com\\\/it\\\/#website\"},\"primaryImageOfPage\":{\"@id\":\"https:\\\/\\\/www.betonmoulds.com\\\/it\\\/product\\\/l-160-80-80\\\/#primaryimage\"},\"image\":{\"@id\":\"https:\\\/\\\/www.betonmoulds.com\\\/it\\\/product\\\/l-160-80-80\\\/#primaryimage\"},\"thumbnailUrl\":\"https:\\\/\\\/www.betonmoulds.com\\\/wp-content\\\/uploads\\\/2024\\\/01\\\/L-160-80-80-2.jpg\",\"datePublished\":\"2024-01-12T09:49:26+00:00\",\"dateModified\":\"2026-03-19T16:08:07+00:00\",\"breadcrumb\":{\"@id\":\"https:\\\/\\\/www.betonmoulds.com\\\/it\\\/product\\\/l-160-80-80\\\/#breadcrumb\"},\"inLanguage\":\"it-IT\",\"potentialAction\":[{\"@type\":\"ReadAction\",\"target\":[\"https:\\\/\\\/www.betonmoulds.com\\\/it\\\/product\\\/l-160-80-80\\\/\"]}]},{\"@type\":\"ImageObject\",\"inLanguage\":\"it-IT\",\"@id\":\"https:\\\/\\\/www.betonmoulds.com\\\/it\\\/product\\\/l-160-80-80\\\/#primaryimage\",\"url\":\"https:\\\/\\\/www.betonmoulds.com\\\/wp-content\\\/uploads\\\/2024\\\/01\\\/L-160-80-80-2.jpg\",\"contentUrl\":\"https:\\\/\\\/www.betonmoulds.com\\\/wp-content\\\/uploads\\\/2024\\\/01\\\/L-160-80-80-2.jpg\",\"width\":900,\"height\":900,\"caption\":\"stampo per blocco di cemento a L 160-80-80\"},{\"@type\":\"BreadcrumbList\",\"@id\":\"https:\\\/\\\/www.betonmoulds.com\\\/it\\\/product\\\/l-160-80-80\\\/#breadcrumb\",\"itemListElement\":[{\"@type\":\"ListItem\",\"position\":1,\"name\":\"Home\",\"item\":\"https:\\\/\\\/www.betonmoulds.com\\\/it\\\/\"},{\"@type\":\"ListItem\",\"position\":2,\"name\":\"Negozio\",\"item\":\"https:\\\/\\\/www.betonmoulds.com\\\/fr\\\/boutique\\\/\"},{\"@type\":\"ListItem\",\"position\":3,\"name\":\"Inserto per blocchi a L divisorio per casseforme 160-80-80\"}]},{\"@type\":\"WebSite\",\"@id\":\"https:\\\/\\\/www.betonmoulds.com\\\/it\\\/#website\",\"url\":\"https:\\\/\\\/www.betonmoulds.com\\\/it\\\/\",\"name\":\"BETONMOULDS\",\"description\":\"Upcycle leftover concrete\",\"potentialAction\":[{\"@type\":\"SearchAction\",\"target\":{\"@type\":\"EntryPoint\",\"urlTemplate\":\"https:\\\/\\\/www.betonmoulds.com\\\/it\\\/?s={search_term_string}\"},\"query-input\":{\"@type\":\"PropertyValueSpecification\",\"valueRequired\":true,\"valueName\":\"search_term_string\"}}],\"inLanguage\":\"it-IT\"}]}<\/script>\n<!-- \/ Yoast SEO plugin. -->","yoast_head_json":{"title":"Stampo per Muro di Contenimento tipo L in calcestruzzo 160-80-80 - BETONMOULDS","robots":{"index":"index","follow":"follow","max-snippet":"max-snippet:-1","max-image-preview":"max-image-preview:large","max-video-preview":"max-video-preview:-1"},"canonical":"https:\/\/www.betonmoulds.com\/it\/product\/l-160-80-80\/","og_locale":"it_IT","og_type":"article","og_title":"Stampo per Muro di Contenimento tipo L in calcestruzzo 160-80-80 - BETONMOULDS","og_description":"Questo inserto brevettato consente di produrre blocchi in calcestruzzo a L per muri di contenimento senza bisogno di sostenere i costi dell\u2019acquisto di uno stampo separato. Utilizzato in combinazione con il nostro cassero di base, permette di creare soluzioni di vario tipo.  Grazie a questo inserto puoi ottenere i moduli prefabbricati in calcestruzzo che andranno a comporre i tuoi muri di contenimento a L. Baster\u00e0 applicarlo allo stampo di base e avviare la produzione.  I blocchi di questo tipo sono creati per resistere alle spinte.  Un muro di contenimento in calcestruzzo a L \u00e8 caratterizzato da un design a sbalzo. Il terreno poggia sulla base della parete, incrementandone la resilienza. Lo scopo principale di un muro di questo tipo \u00e8 resistere alle forze laterali generate dalla terra a due diverse altezze.  Strutture come queste vengono utilizzate per supportare i materiali da ambo i lati e a vari livelli. Trovano applicazione in contesti industriali e agricoli, nel campo dell\u2019ingegneria civile e nell\u2019edilizia di tipo residenziale. Si pensi ad esempio a muri di confine, barriere antiallagamento, muri di ritenzione per strade, parchi e infrastrutture, silos interrati, piattaforme di stoccaggio e schermi acustici.  L\u2019inserto consente di creare blocchi a L con un lato lungo di 160 cm, un lato corto di 80 cm e una larghezza di 80 cm. Spessore: 10 cm. Ti servono moduli pi\u00f9 lunghi? Utilizza la nostra estensione, che ti permetter\u00e0 di ottenere muri di 2 metri di altezza.  La versatilit\u00e0 di questo accessorio brevettato \u00e8 amplificata dai due divisori in dotazione, che permettono di regolare le dimensioni. Grazie a questa flessibilit\u00e0 potrai adattare lo stampo a qualsiasi esigenza senza bisogno di comprarne uno apposito.","og_url":"https:\/\/www.betonmoulds.com\/it\/product\/l-160-80-80\/","og_site_name":"BETONMOULDS","article_modified_time":"2026-03-19T16:08:07+00:00","og_image":[{"width":900,"height":900,"url":"https:\/\/www.betonmoulds.com\/wp-content\/uploads\/2024\/01\/L-160-80-80-2.jpg","type":"image\/jpeg"}],"twitter_card":"summary_large_image","twitter_misc":{"Tempo di lettura stimato":"1 minuto"},"schema":{"@context":"https:\/\/schema.org","@graph":[{"@type":"WebPage","@id":"https:\/\/www.betonmoulds.com\/it\/product\/l-160-80-80\/","url":"https:\/\/www.betonmoulds.com\/it\/product\/l-160-80-80\/","name":"Stampo per Muro di Contenimento tipo L in calcestruzzo 160-80-80 - BETONMOULDS","isPartOf":{"@id":"https:\/\/www.betonmoulds.com\/it\/#website"},"primaryImageOfPage":{"@id":"https:\/\/www.betonmoulds.com\/it\/product\/l-160-80-80\/#primaryimage"},"image":{"@id":"https:\/\/www.betonmoulds.com\/it\/product\/l-160-80-80\/#primaryimage"},"thumbnailUrl":"https:\/\/www.betonmoulds.com\/wp-content\/uploads\/2024\/01\/L-160-80-80-2.jpg","datePublished":"2024-01-12T09:49:26+00:00","dateModified":"2026-03-19T16:08:07+00:00","breadcrumb":{"@id":"https:\/\/www.betonmoulds.com\/it\/product\/l-160-80-80\/#breadcrumb"},"inLanguage":"it-IT","potentialAction":[{"@type":"ReadAction","target":["https:\/\/www.betonmoulds.com\/it\/product\/l-160-80-80\/"]}]},{"@type":"ImageObject","inLanguage":"it-IT","@id":"https:\/\/www.betonmoulds.com\/it\/product\/l-160-80-80\/#primaryimage","url":"https:\/\/www.betonmoulds.com\/wp-content\/uploads\/2024\/01\/L-160-80-80-2.jpg","contentUrl":"https:\/\/www.betonmoulds.com\/wp-content\/uploads\/2024\/01\/L-160-80-80-2.jpg","width":900,"height":900,"caption":"stampo per blocco di cemento a L 160-80-80"},{"@type":"BreadcrumbList","@id":"https:\/\/www.betonmoulds.com\/it\/product\/l-160-80-80\/#breadcrumb","itemListElement":[{"@type":"ListItem","position":1,"name":"Home","item":"https:\/\/www.betonmoulds.com\/it\/"},{"@type":"ListItem","position":2,"name":"Negozio","item":"https:\/\/www.betonmoulds.com\/fr\/boutique\/"},{"@type":"ListItem","position":3,"name":"Inserto per blocchi a L divisorio per casseforme 160-80-80"}]},{"@type":"WebSite","@id":"https:\/\/www.betonmoulds.com\/it\/#website","url":"https:\/\/www.betonmoulds.com\/it\/","name":"BETONMOULDS","description":"Upcycle leftover concrete","potentialAction":[{"@type":"SearchAction","target":{"@type":"EntryPoint","urlTemplate":"https:\/\/www.betonmoulds.com\/it\/?s={search_term_string}"},"query-input":{"@type":"PropertyValueSpecification","valueRequired":true,"valueName":"search_term_string"}}],"inLanguage":"it-IT"}]}},"_links":{"self":[{"href":"https:\/\/www.betonmoulds.com\/it\/wp-json\/wp\/v2\/product\/7424","targetHints":{"allow":["GET"]}}],"collection":[{"href":"https:\/\/www.betonmoulds.com\/it\/wp-json\/wp\/v2\/product"}],"about":[{"href":"https:\/\/www.betonmoulds.com\/it\/wp-json\/wp\/v2\/types\/product"}],"wp:featuredmedia":[{"embeddable":true,"href":"https:\/\/www.betonmoulds.com\/it\/wp-json\/wp\/v2\/media\/9376"}],"wp:attachment":[{"href":"https:\/\/www.betonmoulds.com\/it\/wp-json\/wp\/v2\/media?parent=7424"}],"wp:term":[{"taxonomy":"product_brand","embeddable":true,"href":"https:\/\/www.betonmoulds.com\/it\/wp-json\/wp\/v2\/product_brand?post=7424"},{"taxonomy":"product_cat","embeddable":true,"href":"https:\/\/www.betonmoulds.com\/it\/wp-json\/wp\/v2\/product_cat?post=7424"},{"taxonomy":"product_tag","embeddable":true,"href":"https:\/\/www.betonmoulds.com\/it\/wp-json\/wp\/v2\/product_tag?post=7424"}],"curies":[{"name":"wp","href":"https:\/\/api.w.org\/{rel}","templated":true}]}}