{"id":12238,"date":"2026-02-24T10:42:21","date_gmt":"2026-02-24T10:42:21","guid":{"rendered":"https:\/\/www.betonmoulds.com\/product\/concrete-block-mould-40-20-20\/"},"modified":"2026-03-19T16:06:49","modified_gmt":"2026-03-19T16:06:49","slug":"bb-40-20-20-sn","status":"publish","type":"product","link":"https:\/\/www.betonmoulds.com\/it\/product\/bb-40-20-20-sn\/","title":{"rendered":"Cassaforma per blocchi di calcestruzzo 40\u00d720\u00d720"},"content":{"rendered":"","protected":false},"excerpt":{"rendered":"<p>Questo stampo \u00e8 progettato per produrre piccoli <a href=\"https:\/\/www.betonmoulds.com\/it\/applicazioni-per-i-blocchi-a-incastro-in-calcestruzzo\/\"><strong>blocchi in calcestruzzo ad incastro<\/strong><\/a> di 40\u00d720\u00d720\u202fcm, ideali per progetti di costruzione di dimensioni ridotte. Utilizzando l\u2019inserto opzionale da 20\u00d720\u202fcm, \u00e8 possibile realizzare mezzi blocchi per motivi a mezza mattone. Le maniglie integrate e rimovibili semplificano il sollevamento e la movimentazione, mentre i perni e gli incastri garantiscono un impilamento sicuro e la compatibilit\u00e0 con altri formati di blocchi. Il design compatto e leggero rende lo stampo facile da spostare e utilizzare direttamente in cantiere. Questi piccoli blocchi in calcestruzzo facilitano la costruzione e la modifica di strutture temporanee e permanenti.<\/p>\n","protected":false},"featured_media":12221,"template":"","meta":[],"product_brand":[],"product_cat":[470],"product_tag":[],"class_list":{"0":"post-12238","1":"product","2":"type-product","3":"status-publish","4":"has-post-thumbnail","6":"product_cat-stampi-di-base-blocchi","8":"first","9":"instock","10":"shipping-taxable","11":"purchasable","12":"product-type-simple"},"yoast_head":"<!-- This site is optimized with the Yoast SEO plugin v27.4 - https:\/\/yoast.com\/product\/yoast-seo-wordpress\/ -->\n<title>Cassaforma per blocchi di calcestruzzo 40\u00d720\u00d720 - BETONMOULDS<\/title>\n<meta name=\"robots\" content=\"index, follow, max-snippet:-1, max-image-preview:large, max-video-preview:-1\" \/>\n<link rel=\"canonical\" href=\"https:\/\/www.betonmoulds.com\/it\/product\/bb-40-20-20-sn\/\" \/>\n<meta property=\"og:locale\" content=\"it_IT\" \/>\n<meta property=\"og:type\" content=\"article\" \/>\n<meta property=\"og:title\" content=\"Cassaforma per blocchi di calcestruzzo 40\u00d720\u00d720 - BETONMOULDS\" \/>\n<meta property=\"og:description\" content=\"Questo stampo \u00e8 progettato per produrre piccoli blocchi in calcestruzzo ad incastro di 40\u00d720\u00d720\u202fcm, ideali per progetti di costruzione di dimensioni ridotte. Utilizzando l\u2019inserto opzionale da 20\u00d720\u202fcm, \u00e8 possibile realizzare mezzi blocchi per motivi a mezza mattone. Le maniglie integrate e rimovibili semplificano il sollevamento e la movimentazione, mentre i perni e gli incastri garantiscono un impilamento sicuro e la compatibilit\u00e0 con altri formati di blocchi. Il design compatto e leggero rende lo stampo facile da spostare e utilizzare direttamente in cantiere. Questi piccoli blocchi in calcestruzzo facilitano la costruzione e la modifica di strutture temporanee e permanenti.\" \/>\n<meta property=\"og:url\" content=\"https:\/\/www.betonmoulds.com\/it\/product\/bb-40-20-20-sn\/\" \/>\n<meta property=\"og:site_name\" content=\"BETONMOULDS\" \/>\n<meta property=\"article:modified_time\" content=\"2026-03-19T16:06:49+00:00\" \/>\n<meta property=\"og:image\" content=\"https:\/\/www.betonmoulds.com\/wp-content\/uploads\/2026\/02\/mini-concrete-interlocking-mould-40x20x20-cm.webp\" \/>\n\t<meta property=\"og:image:width\" content=\"1181\" \/>\n\t<meta property=\"og:image:height\" content=\"1181\" \/>\n\t<meta property=\"og:image:type\" content=\"image\/webp\" \/>\n<meta name=\"twitter:card\" content=\"summary_large_image\" \/>\n<meta name=\"twitter:label1\" content=\"Tempo di lettura stimato\" \/>\n\t<meta name=\"twitter:data1\" content=\"1 minuto\" \/>\n<script type=\"application\/ld+json\" class=\"yoast-schema-graph\">{\"@context\":\"https:\\\/\\\/schema.org\",\"@graph\":[{\"@type\":\"WebPage\",\"@id\":\"https:\\\/\\\/www.betonmoulds.com\\\/it\\\/product\\\/bb-40-20-20-sn\\\/\",\"url\":\"https:\\\/\\\/www.betonmoulds.com\\\/it\\\/product\\\/bb-40-20-20-sn\\\/\",\"name\":\"Cassaforma per blocchi di calcestruzzo 40\u00d720\u00d720 - BETONMOULDS\",\"isPartOf\":{\"@id\":\"https:\\\/\\\/www.betonmoulds.com\\\/it\\\/#website\"},\"primaryImageOfPage\":{\"@id\":\"https:\\\/\\\/www.betonmoulds.com\\\/it\\\/product\\\/bb-40-20-20-sn\\\/#primaryimage\"},\"image\":{\"@id\":\"https:\\\/\\\/www.betonmoulds.com\\\/it\\\/product\\\/bb-40-20-20-sn\\\/#primaryimage\"},\"thumbnailUrl\":\"https:\\\/\\\/www.betonmoulds.com\\\/wp-content\\\/uploads\\\/2026\\\/02\\\/mini-concrete-interlocking-mould-40x20x20-cm.webp\",\"datePublished\":\"2026-02-24T10:42:21+00:00\",\"dateModified\":\"2026-03-19T16:06:49+00:00\",\"breadcrumb\":{\"@id\":\"https:\\\/\\\/www.betonmoulds.com\\\/it\\\/product\\\/bb-40-20-20-sn\\\/#breadcrumb\"},\"inLanguage\":\"it-IT\",\"potentialAction\":[{\"@type\":\"ReadAction\",\"target\":[\"https:\\\/\\\/www.betonmoulds.com\\\/it\\\/product\\\/bb-40-20-20-sn\\\/\"]}]},{\"@type\":\"ImageObject\",\"inLanguage\":\"it-IT\",\"@id\":\"https:\\\/\\\/www.betonmoulds.com\\\/it\\\/product\\\/bb-40-20-20-sn\\\/#primaryimage\",\"url\":\"https:\\\/\\\/www.betonmoulds.com\\\/wp-content\\\/uploads\\\/2026\\\/02\\\/mini-concrete-interlocking-mould-40x20x20-cm.webp\",\"contentUrl\":\"https:\\\/\\\/www.betonmoulds.com\\\/wp-content\\\/uploads\\\/2026\\\/02\\\/mini-concrete-interlocking-mould-40x20x20-cm.webp\",\"width\":1181,\"height\":1181,\"caption\":\"mini concrete interlocking mould 40x20x20 cm\"},{\"@type\":\"BreadcrumbList\",\"@id\":\"https:\\\/\\\/www.betonmoulds.com\\\/it\\\/product\\\/bb-40-20-20-sn\\\/#breadcrumb\",\"itemListElement\":[{\"@type\":\"ListItem\",\"position\":1,\"name\":\"Home\",\"item\":\"https:\\\/\\\/www.betonmoulds.com\\\/it\\\/\"},{\"@type\":\"ListItem\",\"position\":2,\"name\":\"Negozio\",\"item\":\"https:\\\/\\\/www.betonmoulds.com\\\/fr\\\/boutique\\\/\"},{\"@type\":\"ListItem\",\"position\":3,\"name\":\"Cassaforma per blocchi di calcestruzzo 40\u00d720\u00d720\"}]},{\"@type\":\"WebSite\",\"@id\":\"https:\\\/\\\/www.betonmoulds.com\\\/it\\\/#website\",\"url\":\"https:\\\/\\\/www.betonmoulds.com\\\/it\\\/\",\"name\":\"BETONMOULDS\",\"description\":\"Upcycle leftover concrete\",\"potentialAction\":[{\"@type\":\"SearchAction\",\"target\":{\"@type\":\"EntryPoint\",\"urlTemplate\":\"https:\\\/\\\/www.betonmoulds.com\\\/it\\\/?s={search_term_string}\"},\"query-input\":{\"@type\":\"PropertyValueSpecification\",\"valueRequired\":true,\"valueName\":\"search_term_string\"}}],\"inLanguage\":\"it-IT\"}]}<\/script>\n<!-- \/ Yoast SEO plugin. -->","yoast_head_json":{"title":"Cassaforma per blocchi di calcestruzzo 40\u00d720\u00d720 - BETONMOULDS","robots":{"index":"index","follow":"follow","max-snippet":"max-snippet:-1","max-image-preview":"max-image-preview:large","max-video-preview":"max-video-preview:-1"},"canonical":"https:\/\/www.betonmoulds.com\/it\/product\/bb-40-20-20-sn\/","og_locale":"it_IT","og_type":"article","og_title":"Cassaforma per blocchi di calcestruzzo 40\u00d720\u00d720 - BETONMOULDS","og_description":"Questo stampo \u00e8 progettato per produrre piccoli blocchi in calcestruzzo ad incastro di 40\u00d720\u00d720\u202fcm, ideali per progetti di costruzione di dimensioni ridotte. Utilizzando l\u2019inserto opzionale da 20\u00d720\u202fcm, \u00e8 possibile realizzare mezzi blocchi per motivi a mezza mattone. Le maniglie integrate e rimovibili semplificano il sollevamento e la movimentazione, mentre i perni e gli incastri garantiscono un impilamento sicuro e la compatibilit\u00e0 con altri formati di blocchi. Il design compatto e leggero rende lo stampo facile da spostare e utilizzare direttamente in cantiere. Questi piccoli blocchi in calcestruzzo facilitano la costruzione e la modifica di strutture temporanee e permanenti.","og_url":"https:\/\/www.betonmoulds.com\/it\/product\/bb-40-20-20-sn\/","og_site_name":"BETONMOULDS","article_modified_time":"2026-03-19T16:06:49+00:00","og_image":[{"width":1181,"height":1181,"url":"https:\/\/www.betonmoulds.com\/wp-content\/uploads\/2026\/02\/mini-concrete-interlocking-mould-40x20x20-cm.webp","type":"image\/webp"}],"twitter_card":"summary_large_image","twitter_misc":{"Tempo di lettura stimato":"1 minuto"},"schema":{"@context":"https:\/\/schema.org","@graph":[{"@type":"WebPage","@id":"https:\/\/www.betonmoulds.com\/it\/product\/bb-40-20-20-sn\/","url":"https:\/\/www.betonmoulds.com\/it\/product\/bb-40-20-20-sn\/","name":"Cassaforma per blocchi di calcestruzzo 40\u00d720\u00d720 - BETONMOULDS","isPartOf":{"@id":"https:\/\/www.betonmoulds.com\/it\/#website"},"primaryImageOfPage":{"@id":"https:\/\/www.betonmoulds.com\/it\/product\/bb-40-20-20-sn\/#primaryimage"},"image":{"@id":"https:\/\/www.betonmoulds.com\/it\/product\/bb-40-20-20-sn\/#primaryimage"},"thumbnailUrl":"https:\/\/www.betonmoulds.com\/wp-content\/uploads\/2026\/02\/mini-concrete-interlocking-mould-40x20x20-cm.webp","datePublished":"2026-02-24T10:42:21+00:00","dateModified":"2026-03-19T16:06:49+00:00","breadcrumb":{"@id":"https:\/\/www.betonmoulds.com\/it\/product\/bb-40-20-20-sn\/#breadcrumb"},"inLanguage":"it-IT","potentialAction":[{"@type":"ReadAction","target":["https:\/\/www.betonmoulds.com\/it\/product\/bb-40-20-20-sn\/"]}]},{"@type":"ImageObject","inLanguage":"it-IT","@id":"https:\/\/www.betonmoulds.com\/it\/product\/bb-40-20-20-sn\/#primaryimage","url":"https:\/\/www.betonmoulds.com\/wp-content\/uploads\/2026\/02\/mini-concrete-interlocking-mould-40x20x20-cm.webp","contentUrl":"https:\/\/www.betonmoulds.com\/wp-content\/uploads\/2026\/02\/mini-concrete-interlocking-mould-40x20x20-cm.webp","width":1181,"height":1181,"caption":"mini concrete interlocking mould 40x20x20 cm"},{"@type":"BreadcrumbList","@id":"https:\/\/www.betonmoulds.com\/it\/product\/bb-40-20-20-sn\/#breadcrumb","itemListElement":[{"@type":"ListItem","position":1,"name":"Home","item":"https:\/\/www.betonmoulds.com\/it\/"},{"@type":"ListItem","position":2,"name":"Negozio","item":"https:\/\/www.betonmoulds.com\/fr\/boutique\/"},{"@type":"ListItem","position":3,"name":"Cassaforma per blocchi di calcestruzzo 40\u00d720\u00d720"}]},{"@type":"WebSite","@id":"https:\/\/www.betonmoulds.com\/it\/#website","url":"https:\/\/www.betonmoulds.com\/it\/","name":"BETONMOULDS","description":"Upcycle leftover concrete","potentialAction":[{"@type":"SearchAction","target":{"@type":"EntryPoint","urlTemplate":"https:\/\/www.betonmoulds.com\/it\/?s={search_term_string}"},"query-input":{"@type":"PropertyValueSpecification","valueRequired":true,"valueName":"search_term_string"}}],"inLanguage":"it-IT"}]}},"_links":{"self":[{"href":"https:\/\/www.betonmoulds.com\/it\/wp-json\/wp\/v2\/product\/12238","targetHints":{"allow":["GET"]}}],"collection":[{"href":"https:\/\/www.betonmoulds.com\/it\/wp-json\/wp\/v2\/product"}],"about":[{"href":"https:\/\/www.betonmoulds.com\/it\/wp-json\/wp\/v2\/types\/product"}],"wp:featuredmedia":[{"embeddable":true,"href":"https:\/\/www.betonmoulds.com\/it\/wp-json\/wp\/v2\/media\/12221"}],"wp:attachment":[{"href":"https:\/\/www.betonmoulds.com\/it\/wp-json\/wp\/v2\/media?parent=12238"}],"wp:term":[{"taxonomy":"product_brand","embeddable":true,"href":"https:\/\/www.betonmoulds.com\/it\/wp-json\/wp\/v2\/product_brand?post=12238"},{"taxonomy":"product_cat","embeddable":true,"href":"https:\/\/www.betonmoulds.com\/it\/wp-json\/wp\/v2\/product_cat?post=12238"},{"taxonomy":"product_tag","embeddable":true,"href":"https:\/\/www.betonmoulds.com\/it\/wp-json\/wp\/v2\/product_tag?post=12238"}],"curies":[{"name":"wp","href":"https:\/\/api.w.org\/{rel}","templated":true}]}}