{"id":9527,"date":"2024-02-20T15:49:39","date_gmt":"2024-02-20T15:49:39","guid":{"rendered":"https:\/\/www.betonmoulds.com\/tutorials\/how-to-make-concrete-lego-blocks\/"},"modified":"2026-02-09T08:44:19","modified_gmt":"2026-02-09T08:44:19","slug":"come-creare-un-blocco-a-incastro-in-calcestruzzo","status":"publish","type":"page","link":"https:\/\/www.betonmoulds.com\/it\/tutorials\/come-creare-un-blocco-a-incastro-in-calcestruzzo\/","title":{"rendered":"Come creare un blocco a incastro in calcestruzzo"},"content":{"rendered":"<div class=\"wpb-content-wrapper\"><p>[vc_row css=&#8221;.vc_custom_1676998865275{margin-top: 35px !important;}&#8221; conditional_render=&#8221;%5B%7B%22value_role%22%3A%22administrator%22%7D%5D&#8221;][vc_column][vc_column_text css=&#8221;&#8221;]<\/p>\n<p style=\"text-align: center;\"><span style=\"font-size: 25px; color: #000000;\"><strong>COME CREARE UN BLOCCO A INCASTRO IN CALCESTRUZZO<\/strong><\/span><\/p>\n<p>[\/vc_column_text][\/vc_column][\/vc_row][vc_row css=&#8221;.vc_custom_1676998783970{margin-bottom: 15px !important;}&#8221; conditional_render=&#8221;%5B%7B%22value_role%22%3A%22administrator%22%7D%5D&#8221;][vc_column width=&#8221;1\/4&#8243;][vc_single_image image=&#8221;8229&#8243; img_size=&#8221;500&#215;330&#8243; alignment=&#8221;center&#8221;][vc_column_text css=&#8221;.vc_custom_1720517024598{margin-top: -15px !important;}&#8221;]<strong>1. Preparazione dell\u2019area di lavoro<\/strong><\/p>\n<p>Inizia creando una superficie piatta per lo stampo. Posa a terra un pannello di compensato o (ancora meglio) d\u2019acciaio e posizionaci sopra la cassaforma. Per ottenere un risultato migliore ti consigliamo di utilizzare la nostra <a href=\"https:\/\/www.betonmoulds.com\/it\/product\/ct-200-130\/\"><strong>base di appoggio<\/strong><\/a> per garantire una superficie completamente piana. Se necessario, pulisci accuratamente lo stampo prima di utilizzarlo, per rimuovere eventuali residui degli utilizzi precedenti.[\/vc_column_text][\/vc_column][vc_column width=&#8221;1\/4&#8243;][vc_single_image image=&#8221;7966&#8243; img_size=&#8221;500&#215;330&#8243; alignment=&#8221;center&#8221;][vc_column_text css=&#8221;.vc_custom_1770626629734{margin-top: -15px !important;}&#8221; css_params=&#8221;&#8221;]<strong>2. Applicazione del distaccante<\/strong><\/p>\n<p>Applica uno strato uniforme di <a href=\"https:\/\/www.betonmoulds.com\/it\/product\/olio-distaccante-20l\/\"><strong>olio distaccante<\/strong><\/a> sulle pareti interne dello stampo e sulla superficie in compensato o acciaio servendoti di un <a href=\"https:\/\/www.betonmoulds.com\/it\/product\/nebulizzatore-professionale-ad-alta-pressione\/\"><strong>nebulizzatore professionale<\/strong><\/a>. Questo passaggio \u00e8 cruciale perch\u00e9 consente di separare con facilit\u00e0 lo stampo dal blocco una volta pronto. Applica l\u2019olio anche sulle pareti esterne dello stampo, al primo utilizzo, per incrementarne la durabilit\u00e0.[\/vc_column_text][\/vc_column][vc_column width=&#8221;1\/4&#8243;][vc_single_image image=&#8221;8223&#8243; img_size=&#8221;500&#215;330&#8243; alignment=&#8221;center&#8221;][vc_column_text css=&#8221;.vc_custom_1720517094117{margin-top: -15px !important;}&#8221;]<strong>3. Miscelazione e mescita del calcestruzzo<\/strong><\/p>\n<p>Versa il calcestruzzo nello stampo riempiendolo completamente, assicurandoti per\u00f2 che non fuoriesca.[\/vc_column_text][\/vc_column][vc_column width=&#8221;1\/4&#8243;][vc_single_image image=&#8221;6931&#8243; img_size=&#8221;500&#215;330&#8243; alignment=&#8221;center&#8221;][vc_column_text css=&#8221;.vc_custom_1720517126015{margin-top: -15px !important;}&#8221;]<strong>4. Compattazione del calcestruzzo<\/strong><\/p>\n<p>Durante il processo di mescita, utilizza un apposito <a href=\"https:\/\/www.betonmoulds.com\/it\/product\/vibratore-elettrico-manuale-per-calcestruzzo\/\"><strong>vibratore<\/strong><\/a> per eliminare le sacche d\u2019aria all\u2019interno del compost, che renderebbero il prodotto finale meno resistente. Una compattazione adeguata garantir\u00e0 l\u2019integrit\u00e0 strutturale dei blocchi. Durante l\u2019operazione, noterai delle bolle d\u2019aria che emergono gradualmente in superficie. Questo \u00e8 il segnale che la procedura sta dando i suoi frutti.[\/vc_column_text][\/vc_column][\/vc_row][vc_row][vc_column width=&#8221;1\/4&#8243;][vc_single_image image=&#8221;6141&#8243; img_size=&#8221;500&#215;330&#8243; alignment=&#8221;center&#8221;][vc_column_text css=&#8221;.vc_custom_1720517166148{margin-top: -15px !important;}&#8221;]<strong>5. Levigazione della superficie<\/strong><\/p>\n<p>Dopo aver versato il calcestruzzo, utilizza una <a href=\"https:\/\/www.betonmoulds.com\/it\/product\/livella-per-calcestruzzo-premiscelato\/\"><strong>livella<\/strong><\/a> per lisciare la superficie e ottenere una finitura densa e uniforme. Attendi quindi il tempo di posa, che varia in base al tipo di miscela e a fattori ambientali come la temperatura e l\u2019umidit\u00e0.[\/vc_column_text][\/vc_column][vc_column width=&#8221;1\/4&#8243;][vc_single_image image=&#8221;6114&#8243; img_size=&#8221;500&#215;330&#8243; alignment=&#8221;center&#8221;][vc_column_text css=&#8221;.vc_custom_1720517214538{margin-top: -15px !important;}&#8221;]<strong>6. Apertura dello stampo<\/strong><\/p>\n<p>Non appena il calcestruzzo risulter\u00e0 perfettamente indurito, rimuovi le <a href=\"https:\/\/www.betonmoulds.com\/it\/product\/zeppe\/\"><strong>zeppe<\/strong><\/a> dagli elementi angolari aiutandoti con un martello. Quindi, riponile negli alloggiamenti dedicati. Utilizza poi un <a href=\"https:\/\/www.betonmoulds.com\/it\/product\/apristampo\/\"><strong>apristampo<\/strong> <\/a>per separare in sicurezza il blocco in calcestruzzo dalla cassaforma.[\/vc_column_text][\/vc_column][vc_column width=&#8221;1\/4&#8243;][vc_single_image image=&#8221;6044&#8243; img_size=&#8221;500&#215;330&#8243; alignment=&#8221;center&#8221;][vc_column_text css=&#8221;.vc_custom_1720517302178{margin-top: -15px !important;}&#8221;]<strong>7. Il blocco in calcestruzzo \u00e8 pronto all\u2019uso<\/strong><\/p>\n<p>Una volta rimosso dallo stampo, il modulo pu\u00f2 essere utilizzato immediatamente. Per una movimentazione e un\u2019installazione agevoli, proponiamo un\u2019ampia gamma di accessori: <a href=\"https:\/\/www.betonmoulds.com\/it\/product\/morsetto-meccanico-a-forbice-800-400\/\"><strong>morsetti a forbice<\/strong><\/a>, <a href=\"https:\/\/www.betonmoulds.com\/it\/product\/blt\/\"><strong>ribaltatori<\/strong><\/a> e <a href=\"https:\/\/www.betonmoulds.com\/it\/product\/giogo-bidirezionale-per-carrello-elevatore\/\"><strong>gioghi<\/strong><\/a>, tra gli altri.[\/vc_column_text][\/vc_column][vc_column width=&#8221;1\/4&#8243;][\/vc_column][\/vc_row]<\/p>\n<\/div>","protected":false},"excerpt":{"rendered":"<p>[vc_row css=&#8221;.vc_custom_1676998865275{margin-top: 35px !important;}&#8221; conditional_render=&#8221;%5B%7B%22value_role%22%3A%22administrator%22%7D%5D&#8221;][vc_column][vc_column_text css=&#8221;&#8221;] COME CREARE UN BLOCCO A INCASTRO IN CALCESTRUZZO [\/vc_column_text][\/vc_column][\/vc_row][vc_row css=&#8221;.vc_custom_1676998783970{margin-bottom: 15px !important;}&#8221; conditional_render=&#8221;%5B%7B%22value_role%22%3A%22administrator%22%7D%5D&#8221;][vc_column width=&#8221;1\/4&#8243;][vc_single_image image=&#8221;8229&#8243; img_size=&#8221;500&#215;330&#8243; alignment=&#8221;center&#8221;][vc_column_text css=&#8221;.vc_custom_1720517024598{margin-top: -15px !important;}&#8221;]1. Preparazione dell\u2019area di lavoro Inizia creando una superficie piatta per lo stampo. Posa a terra un pannello di compensato o (ancora meglio) d\u2019acciaio e posizionaci sopra la cassaforma. Per [&hellip;]<\/p>\n","protected":false},"author":3,"featured_media":0,"parent":6069,"menu_order":0,"comment_status":"closed","ping_status":"closed","template":"","meta":{"footnotes":""},"class_list":["post-9527","page","type-page","status-publish","hentry"],"yoast_head":"<!-- This site is optimized with the Yoast SEO plugin v27.5 - https:\/\/yoast.com\/product\/yoast-seo-wordpress\/ -->\n<title>Istruzioni su come produrre un blocco a incastro in calcestruzzo - BETONMOULDS<\/title>\n<meta name=\"robots\" content=\"index, follow, max-snippet:-1, max-image-preview:large, max-video-preview:-1\" \/>\n<link rel=\"canonical\" href=\"https:\/\/www.betonmoulds.com\/it\/tutorials\/come-creare-un-blocco-a-incastro-in-calcestruzzo\/\" \/>\n<meta property=\"og:locale\" content=\"it_IT\" \/>\n<meta property=\"og:type\" content=\"article\" \/>\n<meta property=\"og:title\" content=\"Istruzioni su come produrre un blocco a incastro in calcestruzzo - BETONMOULDS\" \/>\n<meta property=\"og:description\" content=\"[vc_row css=&#8221;.vc_custom_1676998865275{margin-top: 35px !important;}&#8221; conditional_render=&#8221;%5B%7B%22value_role%22%3A%22administrator%22%7D%5D&#8221;][vc_column][vc_column_text css=&#8221;&#8221;] COME CREARE UN BLOCCO A INCASTRO IN CALCESTRUZZO [\/vc_column_text][\/vc_column][\/vc_row][vc_row css=&#8221;.vc_custom_1676998783970{margin-bottom: 15px !important;}&#8221; conditional_render=&#8221;%5B%7B%22value_role%22%3A%22administrator%22%7D%5D&#8221;][vc_column width=&#8221;1\/4&#8243;][vc_single_image image=&#8221;8229&#8243; img_size=&#8221;500&#215;330&#8243; alignment=&#8221;center&#8221;][vc_column_text css=&#8221;.vc_custom_1720517024598{margin-top: -15px !important;}&#8221;]1. Preparazione dell\u2019area di lavoro Inizia creando una superficie piatta per lo stampo. Posa a terra un pannello di compensato o (ancora meglio) d\u2019acciaio e posizionaci sopra la cassaforma. Per [&hellip;]\" \/>\n<meta property=\"og:url\" content=\"https:\/\/www.betonmoulds.com\/it\/tutorials\/come-creare-un-blocco-a-incastro-in-calcestruzzo\/\" \/>\n<meta property=\"og:site_name\" content=\"BETONMOULDS\" \/>\n<meta property=\"article:modified_time\" content=\"2026-02-09T08:44:19+00:00\" \/>\n<meta name=\"twitter:card\" content=\"summary_large_image\" \/>\n<meta name=\"twitter:label1\" content=\"Tempo di lettura stimato\" \/>\n\t<meta name=\"twitter:data1\" content=\"4 minuti\" \/>\n<script type=\"application\/ld+json\" class=\"yoast-schema-graph\">{\"@context\":\"https:\\\/\\\/schema.org\",\"@graph\":[{\"@type\":\"WebPage\",\"@id\":\"https:\\\/\\\/www.betonmoulds.com\\\/it\\\/tutorials\\\/come-creare-un-blocco-a-incastro-in-calcestruzzo\\\/\",\"url\":\"https:\\\/\\\/www.betonmoulds.com\\\/it\\\/tutorials\\\/come-creare-un-blocco-a-incastro-in-calcestruzzo\\\/\",\"name\":\"Istruzioni su come produrre un blocco a incastro in calcestruzzo - BETONMOULDS\",\"isPartOf\":{\"@id\":\"https:\\\/\\\/www.betonmoulds.com\\\/it\\\/#website\"},\"datePublished\":\"2024-02-20T15:49:39+00:00\",\"dateModified\":\"2026-02-09T08:44:19+00:00\",\"breadcrumb\":{\"@id\":\"https:\\\/\\\/www.betonmoulds.com\\\/it\\\/tutorials\\\/come-creare-un-blocco-a-incastro-in-calcestruzzo\\\/#breadcrumb\"},\"inLanguage\":\"it-IT\",\"potentialAction\":[{\"@type\":\"ReadAction\",\"target\":[\"https:\\\/\\\/www.betonmoulds.com\\\/it\\\/tutorials\\\/come-creare-un-blocco-a-incastro-in-calcestruzzo\\\/\"]}]},{\"@type\":\"BreadcrumbList\",\"@id\":\"https:\\\/\\\/www.betonmoulds.com\\\/it\\\/tutorials\\\/come-creare-un-blocco-a-incastro-in-calcestruzzo\\\/#breadcrumb\",\"itemListElement\":[{\"@type\":\"ListItem\",\"position\":1,\"name\":\"Home\",\"item\":\"https:\\\/\\\/www.betonmoulds.com\\\/it\\\/\"},{\"@type\":\"ListItem\",\"position\":2,\"name\":\"Tutorials\",\"item\":\"https:\\\/\\\/www.betonmoulds.com\\\/it\\\/tutorials\\\/\"},{\"@type\":\"ListItem\",\"position\":3,\"name\":\"Come creare un blocco a incastro in calcestruzzo\"}]},{\"@type\":\"WebSite\",\"@id\":\"https:\\\/\\\/www.betonmoulds.com\\\/it\\\/#website\",\"url\":\"https:\\\/\\\/www.betonmoulds.com\\\/it\\\/\",\"name\":\"BETONMOULDS\",\"description\":\"Upcycle leftover concrete\",\"potentialAction\":[{\"@type\":\"SearchAction\",\"target\":{\"@type\":\"EntryPoint\",\"urlTemplate\":\"https:\\\/\\\/www.betonmoulds.com\\\/it\\\/?s={search_term_string}\"},\"query-input\":{\"@type\":\"PropertyValueSpecification\",\"valueRequired\":true,\"valueName\":\"search_term_string\"}}],\"inLanguage\":\"it-IT\"}]}<\/script>\n<!-- \/ Yoast SEO plugin. -->","yoast_head_json":{"title":"Istruzioni su come produrre un blocco a incastro in calcestruzzo - BETONMOULDS","robots":{"index":"index","follow":"follow","max-snippet":"max-snippet:-1","max-image-preview":"max-image-preview:large","max-video-preview":"max-video-preview:-1"},"canonical":"https:\/\/www.betonmoulds.com\/it\/tutorials\/come-creare-un-blocco-a-incastro-in-calcestruzzo\/","og_locale":"it_IT","og_type":"article","og_title":"Istruzioni su come produrre un blocco a incastro in calcestruzzo - BETONMOULDS","og_description":"[vc_row css=&#8221;.vc_custom_1676998865275{margin-top: 35px !important;}&#8221; conditional_render=&#8221;%5B%7B%22value_role%22%3A%22administrator%22%7D%5D&#8221;][vc_column][vc_column_text css=&#8221;&#8221;] COME CREARE UN BLOCCO A INCASTRO IN CALCESTRUZZO [\/vc_column_text][\/vc_column][\/vc_row][vc_row css=&#8221;.vc_custom_1676998783970{margin-bottom: 15px !important;}&#8221; conditional_render=&#8221;%5B%7B%22value_role%22%3A%22administrator%22%7D%5D&#8221;][vc_column width=&#8221;1\/4&#8243;][vc_single_image image=&#8221;8229&#8243; img_size=&#8221;500&#215;330&#8243; alignment=&#8221;center&#8221;][vc_column_text css=&#8221;.vc_custom_1720517024598{margin-top: -15px !important;}&#8221;]1. Preparazione dell\u2019area di lavoro Inizia creando una superficie piatta per lo stampo. Posa a terra un pannello di compensato o (ancora meglio) d\u2019acciaio e posizionaci sopra la cassaforma. Per [&hellip;]","og_url":"https:\/\/www.betonmoulds.com\/it\/tutorials\/come-creare-un-blocco-a-incastro-in-calcestruzzo\/","og_site_name":"BETONMOULDS","article_modified_time":"2026-02-09T08:44:19+00:00","twitter_card":"summary_large_image","twitter_misc":{"Tempo di lettura stimato":"4 minuti"},"schema":{"@context":"https:\/\/schema.org","@graph":[{"@type":"WebPage","@id":"https:\/\/www.betonmoulds.com\/it\/tutorials\/come-creare-un-blocco-a-incastro-in-calcestruzzo\/","url":"https:\/\/www.betonmoulds.com\/it\/tutorials\/come-creare-un-blocco-a-incastro-in-calcestruzzo\/","name":"Istruzioni su come produrre un blocco a incastro in calcestruzzo - BETONMOULDS","isPartOf":{"@id":"https:\/\/www.betonmoulds.com\/it\/#website"},"datePublished":"2024-02-20T15:49:39+00:00","dateModified":"2026-02-09T08:44:19+00:00","breadcrumb":{"@id":"https:\/\/www.betonmoulds.com\/it\/tutorials\/come-creare-un-blocco-a-incastro-in-calcestruzzo\/#breadcrumb"},"inLanguage":"it-IT","potentialAction":[{"@type":"ReadAction","target":["https:\/\/www.betonmoulds.com\/it\/tutorials\/come-creare-un-blocco-a-incastro-in-calcestruzzo\/"]}]},{"@type":"BreadcrumbList","@id":"https:\/\/www.betonmoulds.com\/it\/tutorials\/come-creare-un-blocco-a-incastro-in-calcestruzzo\/#breadcrumb","itemListElement":[{"@type":"ListItem","position":1,"name":"Home","item":"https:\/\/www.betonmoulds.com\/it\/"},{"@type":"ListItem","position":2,"name":"Tutorials","item":"https:\/\/www.betonmoulds.com\/it\/tutorials\/"},{"@type":"ListItem","position":3,"name":"Come creare un blocco a incastro in calcestruzzo"}]},{"@type":"WebSite","@id":"https:\/\/www.betonmoulds.com\/it\/#website","url":"https:\/\/www.betonmoulds.com\/it\/","name":"BETONMOULDS","description":"Upcycle leftover concrete","potentialAction":[{"@type":"SearchAction","target":{"@type":"EntryPoint","urlTemplate":"https:\/\/www.betonmoulds.com\/it\/?s={search_term_string}"},"query-input":{"@type":"PropertyValueSpecification","valueRequired":true,"valueName":"search_term_string"}}],"inLanguage":"it-IT"}]}},"_links":{"self":[{"href":"https:\/\/www.betonmoulds.com\/it\/wp-json\/wp\/v2\/pages\/9527","targetHints":{"allow":["GET"]}}],"collection":[{"href":"https:\/\/www.betonmoulds.com\/it\/wp-json\/wp\/v2\/pages"}],"about":[{"href":"https:\/\/www.betonmoulds.com\/it\/wp-json\/wp\/v2\/types\/page"}],"author":[{"embeddable":true,"href":"https:\/\/www.betonmoulds.com\/it\/wp-json\/wp\/v2\/users\/3"}],"replies":[{"embeddable":true,"href":"https:\/\/www.betonmoulds.com\/it\/wp-json\/wp\/v2\/comments?post=9527"}],"version-history":[{"count":5,"href":"https:\/\/www.betonmoulds.com\/it\/wp-json\/wp\/v2\/pages\/9527\/revisions"}],"predecessor-version":[{"id":12125,"href":"https:\/\/www.betonmoulds.com\/it\/wp-json\/wp\/v2\/pages\/9527\/revisions\/12125"}],"up":[{"embeddable":true,"href":"https:\/\/www.betonmoulds.com\/it\/wp-json\/wp\/v2\/pages\/6069"}],"wp:attachment":[{"href":"https:\/\/www.betonmoulds.com\/it\/wp-json\/wp\/v2\/media?parent=9527"}],"curies":[{"name":"wp","href":"https:\/\/api.w.org\/{rel}","templated":true}]}}