{"id":6101,"date":"2023-08-05T19:40:24","date_gmt":"2023-08-05T19:40:24","guid":{"rendered":"https:\/\/www.betonmoulds.com\/disclaimer\/"},"modified":"2023-11-03T09:02:55","modified_gmt":"2023-11-03T09:02:55","slug":"disclaimer","status":"publish","type":"page","link":"https:\/\/www.betonmoulds.com\/it\/disclaimer\/","title":{"rendered":"Disclaimer"},"content":{"rendered":"<div class=\"wpb-content-wrapper\"><p>[vc_row css=&#8221;.vc_custom_1691264402578{margin-top: 30px !important;}&#8221; conditional_render=&#8221;%5B%7B%22value_role%22%3A%22administrator%22%7D%5D&#8221;][vc_column][vc_column_text]<\/p>\n<div class=\"title-page clearfix\">\n<h2 class=\"title30 poppins-font font-bold text-uppercase\" style=\"text-align: center\">DISCLAIMER<\/h2>\n<p><strong>Clausola di esonero da responsabilit\u00e0<br \/>\n<\/strong>Le informazioni, i servizi e i prodotti inclusi in questo sito web potrebbero contenere errori o essere soggetti a interruzioni temporanee. Sebbene Block Moulds (BM International Solutions B.V.) faccia il possibile per assicurarsi che tali contenuti vengano veicolati in modo efficace e irreprensibile, declina ogni responsabilit\u00e0, alle condizioni della legislazione olandese, in caso di inesattezze, vizi o altre eventuali conseguenze negative derivanti dall\u2019utilizzo di questo sito web.<\/p>\n<p><strong>Copyright<\/strong><br \/>\nNon \u00e8 consentito riprodurre n\u00e9 utilizzare, senza permesso da parte di Block Moulds, nessuno dei contenuti di questo sito web. Le uniche operazioni consentite sono il download, la visualizzazione su un dispositivo singolo e\/o la stampa di una singola copia cartacea dei contenuti per uso personale e non commerciale.<\/p>\n<p><strong>Informativa sulla privacy<\/strong><br \/>\nBlock Moulds rispetta la privacy di tutti gli utenti che visitano il suo sito web. \u00c8 consentito visitare questo sito web in forma anonima. Block Moulds non raccoglier\u00e0, n\u00e9 elaborer\u00e0 in alcun modo nessuno dei dati che ti riguardano, nel corso della tua visita al sito, fatto salvo quanto indicato di seguito. Quando visiti il sito, il tuo indirizzo IP verr\u00e0 registrato per mezzo di un server di statistiche, che elabora i dati in forma anonima ed esclusivamente a fini statistici. Block Moulds tratter\u00e0 qualsiasi dato personale fornito in modo confidenziale e con lo scopo di fornirti le informazioni da te richieste e di tuo interesse. Block Moulds trasmetter\u00e0 queste informazioni a terzi soltanto laddove fosse necessario per fornirti le informazioni da te richieste. L\u2019inserimento dei dati rappresenta la mutua accettazione di tali condizioni. Questa informativa sulla privacy non si applicher\u00e0 a eventuali siti web esterni accessibili tramite i link forniti all\u2019interno di questo sito. Block Moulds si riserva il diritto di apportare modifiche alla presente informativa sulla privacy. \u00c8 pertanto consigliabile consultarla regolarmente, per non perdere eventuali aggiornamenti.<\/p>\n<p><strong>Condizioni di consegna<\/strong><br \/>\nI preventivi, le conferme degli ordini, le consegne e i contratti inviati da e sottoscritti con Block Moulds sono tutti soggetti alle condizioni generali di vendita e consegna di quest\u2019ultima. La merce gi\u00e0 consegnata rester\u00e0 di propriet\u00e0 di Block Moulds fino a quando quest\u2019ultima non avr\u00e0 ricevuto il pagamento dell\u2019intero importo dovuto. Ti invitiamo a notare che Block Moulds non considerer\u00e0 applicabili eventuali condizioni generali diverse da quelle menzionate. Gli ordini di acquisto confermati possono essere accettati soltanto previa accettazione dei nostri termini generali di vendita e consegna.<\/p>\n<p>\u00a9 2023 BM International Solutions B.V.. Tutti i diritti riservati<\/p>\n<\/div>\n<p>[\/vc_column_text][\/vc_column][\/vc_row]<\/p>\n<\/div>","protected":false},"excerpt":{"rendered":"<p>[vc_row css=&#8221;.vc_custom_1691264402578{margin-top: 30px !important;}&#8221; conditional_render=&#8221;%5B%7B%22value_role%22%3A%22administrator%22%7D%5D&#8221;][vc_column][vc_column_text] DISCLAIMER Clausola di esonero da responsabilit\u00e0 Le informazioni, i servizi e i prodotti inclusi in questo sito web potrebbero contenere errori o essere soggetti a interruzioni temporanee. Sebbene Block Moulds (BM International Solutions B.V.) faccia il possibile per assicurarsi che tali contenuti vengano veicolati in modo efficace e irreprensibile, declina [&hellip;]<\/p>\n","protected":false},"author":3,"featured_media":0,"parent":0,"menu_order":0,"comment_status":"closed","ping_status":"closed","template":"","meta":{"footnotes":""},"class_list":["post-6101","page","type-page","status-publish","hentry"],"yoast_head":"<!-- This site is optimized with the Yoast SEO plugin v27.4 - https:\/\/yoast.com\/product\/yoast-seo-wordpress\/ -->\n<title>Disclaimer - BETONMOULDS<\/title>\n<meta name=\"robots\" content=\"index, follow, max-snippet:-1, max-image-preview:large, max-video-preview:-1\" \/>\n<link rel=\"canonical\" href=\"https:\/\/www.betonmoulds.com\/it\/disclaimer\/\" \/>\n<meta property=\"og:locale\" content=\"it_IT\" \/>\n<meta property=\"og:type\" content=\"article\" \/>\n<meta property=\"og:title\" content=\"Disclaimer - BETONMOULDS\" \/>\n<meta property=\"og:description\" content=\"[vc_row css=&#8221;.vc_custom_1691264402578{margin-top: 30px !important;}&#8221; conditional_render=&#8221;%5B%7B%22value_role%22%3A%22administrator%22%7D%5D&#8221;][vc_column][vc_column_text] DISCLAIMER Clausola di esonero da responsabilit\u00e0 Le informazioni, i servizi e i prodotti inclusi in questo sito web potrebbero contenere errori o essere soggetti a interruzioni temporanee. Sebbene Block Moulds (BM International Solutions B.V.) faccia il possibile per assicurarsi che tali contenuti vengano veicolati in modo efficace e irreprensibile, declina [&hellip;]\" \/>\n<meta property=\"og:url\" content=\"https:\/\/www.betonmoulds.com\/it\/disclaimer\/\" \/>\n<meta property=\"og:site_name\" content=\"BETONMOULDS\" \/>\n<meta property=\"article:modified_time\" content=\"2023-11-03T09:02:55+00:00\" \/>\n<meta name=\"twitter:card\" content=\"summary_large_image\" \/>\n<meta name=\"twitter:label1\" content=\"Tempo di lettura stimato\" \/>\n\t<meta name=\"twitter:data1\" content=\"2 minuti\" \/>\n<script type=\"application\/ld+json\" class=\"yoast-schema-graph\">{\"@context\":\"https:\\\/\\\/schema.org\",\"@graph\":[{\"@type\":\"WebPage\",\"@id\":\"https:\\\/\\\/www.betonmoulds.com\\\/it\\\/disclaimer\\\/\",\"url\":\"https:\\\/\\\/www.betonmoulds.com\\\/it\\\/disclaimer\\\/\",\"name\":\"Disclaimer - BETONMOULDS\",\"isPartOf\":{\"@id\":\"https:\\\/\\\/www.betonmoulds.com\\\/it\\\/#website\"},\"datePublished\":\"2023-08-05T19:40:24+00:00\",\"dateModified\":\"2023-11-03T09:02:55+00:00\",\"breadcrumb\":{\"@id\":\"https:\\\/\\\/www.betonmoulds.com\\\/it\\\/disclaimer\\\/#breadcrumb\"},\"inLanguage\":\"it-IT\",\"potentialAction\":[{\"@type\":\"ReadAction\",\"target\":[\"https:\\\/\\\/www.betonmoulds.com\\\/it\\\/disclaimer\\\/\"]}]},{\"@type\":\"BreadcrumbList\",\"@id\":\"https:\\\/\\\/www.betonmoulds.com\\\/it\\\/disclaimer\\\/#breadcrumb\",\"itemListElement\":[{\"@type\":\"ListItem\",\"position\":1,\"name\":\"Home\",\"item\":\"https:\\\/\\\/www.betonmoulds.com\\\/it\\\/\"},{\"@type\":\"ListItem\",\"position\":2,\"name\":\"Disclaimer\"}]},{\"@type\":\"WebSite\",\"@id\":\"https:\\\/\\\/www.betonmoulds.com\\\/it\\\/#website\",\"url\":\"https:\\\/\\\/www.betonmoulds.com\\\/it\\\/\",\"name\":\"BETONMOULDS\",\"description\":\"Upcycle leftover concrete\",\"potentialAction\":[{\"@type\":\"SearchAction\",\"target\":{\"@type\":\"EntryPoint\",\"urlTemplate\":\"https:\\\/\\\/www.betonmoulds.com\\\/it\\\/?s={search_term_string}\"},\"query-input\":{\"@type\":\"PropertyValueSpecification\",\"valueRequired\":true,\"valueName\":\"search_term_string\"}}],\"inLanguage\":\"it-IT\"}]}<\/script>\n<!-- \/ Yoast SEO plugin. -->","yoast_head_json":{"title":"Disclaimer - BETONMOULDS","robots":{"index":"index","follow":"follow","max-snippet":"max-snippet:-1","max-image-preview":"max-image-preview:large","max-video-preview":"max-video-preview:-1"},"canonical":"https:\/\/www.betonmoulds.com\/it\/disclaimer\/","og_locale":"it_IT","og_type":"article","og_title":"Disclaimer - BETONMOULDS","og_description":"[vc_row css=&#8221;.vc_custom_1691264402578{margin-top: 30px !important;}&#8221; conditional_render=&#8221;%5B%7B%22value_role%22%3A%22administrator%22%7D%5D&#8221;][vc_column][vc_column_text] DISCLAIMER Clausola di esonero da responsabilit\u00e0 Le informazioni, i servizi e i prodotti inclusi in questo sito web potrebbero contenere errori o essere soggetti a interruzioni temporanee. Sebbene Block Moulds (BM International Solutions B.V.) faccia il possibile per assicurarsi che tali contenuti vengano veicolati in modo efficace e irreprensibile, declina [&hellip;]","og_url":"https:\/\/www.betonmoulds.com\/it\/disclaimer\/","og_site_name":"BETONMOULDS","article_modified_time":"2023-11-03T09:02:55+00:00","twitter_card":"summary_large_image","twitter_misc":{"Tempo di lettura stimato":"2 minuti"},"schema":{"@context":"https:\/\/schema.org","@graph":[{"@type":"WebPage","@id":"https:\/\/www.betonmoulds.com\/it\/disclaimer\/","url":"https:\/\/www.betonmoulds.com\/it\/disclaimer\/","name":"Disclaimer - BETONMOULDS","isPartOf":{"@id":"https:\/\/www.betonmoulds.com\/it\/#website"},"datePublished":"2023-08-05T19:40:24+00:00","dateModified":"2023-11-03T09:02:55+00:00","breadcrumb":{"@id":"https:\/\/www.betonmoulds.com\/it\/disclaimer\/#breadcrumb"},"inLanguage":"it-IT","potentialAction":[{"@type":"ReadAction","target":["https:\/\/www.betonmoulds.com\/it\/disclaimer\/"]}]},{"@type":"BreadcrumbList","@id":"https:\/\/www.betonmoulds.com\/it\/disclaimer\/#breadcrumb","itemListElement":[{"@type":"ListItem","position":1,"name":"Home","item":"https:\/\/www.betonmoulds.com\/it\/"},{"@type":"ListItem","position":2,"name":"Disclaimer"}]},{"@type":"WebSite","@id":"https:\/\/www.betonmoulds.com\/it\/#website","url":"https:\/\/www.betonmoulds.com\/it\/","name":"BETONMOULDS","description":"Upcycle leftover concrete","potentialAction":[{"@type":"SearchAction","target":{"@type":"EntryPoint","urlTemplate":"https:\/\/www.betonmoulds.com\/it\/?s={search_term_string}"},"query-input":{"@type":"PropertyValueSpecification","valueRequired":true,"valueName":"search_term_string"}}],"inLanguage":"it-IT"}]}},"_links":{"self":[{"href":"https:\/\/www.betonmoulds.com\/it\/wp-json\/wp\/v2\/pages\/6101","targetHints":{"allow":["GET"]}}],"collection":[{"href":"https:\/\/www.betonmoulds.com\/it\/wp-json\/wp\/v2\/pages"}],"about":[{"href":"https:\/\/www.betonmoulds.com\/it\/wp-json\/wp\/v2\/types\/page"}],"author":[{"embeddable":true,"href":"https:\/\/www.betonmoulds.com\/it\/wp-json\/wp\/v2\/users\/3"}],"replies":[{"embeddable":true,"href":"https:\/\/www.betonmoulds.com\/it\/wp-json\/wp\/v2\/comments?post=6101"}],"version-history":[{"count":3,"href":"https:\/\/www.betonmoulds.com\/it\/wp-json\/wp\/v2\/pages\/6101\/revisions"}],"predecessor-version":[{"id":6914,"href":"https:\/\/www.betonmoulds.com\/it\/wp-json\/wp\/v2\/pages\/6101\/revisions\/6914"}],"wp:attachment":[{"href":"https:\/\/www.betonmoulds.com\/it\/wp-json\/wp\/v2\/media?parent=6101"}],"curies":[{"name":"wp","href":"https:\/\/api.w.org\/{rel}","templated":true}]}}