{"id":6038,"date":"2022-03-04T15:11:17","date_gmt":"2022-03-04T15:11:17","guid":{"rendered":"https:\/\/www.betonmoulds.com\/gallery\/photo-gallery\/"},"modified":"2025-03-03T09:45:54","modified_gmt":"2025-03-03T09:45:54","slug":"galleria-immagini","status":"publish","type":"page","link":"https:\/\/www.betonmoulds.com\/it\/galleria\/galleria-immagini\/","title":{"rendered":"Galleria immagini"},"content":{"rendered":"<div class=\"wpb-content-wrapper\"><p>[vc_row full_width=&#8221;stretch_row&#8221; css=&#8221;.vc_custom_1709241206784{margin-top: 30px !important;}&#8221; conditional_render=&#8221;%5B%7B%22value_role%22%3A%22administrator%22%7D%5D&#8221;][vc_column][vc_column_text css=&#8221;&#8221; css_params=&#8221;&#8221;]<\/p>\n<p style=\"text-align: center;\"><a href=\"https:\/\/www.betonmoulds.com\/it\/categoria-prodotto\/blocchi-in-calcestruzzo-stampi\/\"><span style=\"font-size: 25px; color: #000000;\"><strong>STAMPO PER BLOCCHI DI CALCESTRUZZO<\/strong><\/span><\/a><\/p>\n<p>[\/vc_column_text][vc_masonry_media_grid element_width=&#8221;3&#8243; gap=&#8221;10&#8243; initial_loading_animation=&#8221;none&#8221; grid_id=&#8221;vc_gid:1740994902259-596defd3-0d1e-9&#8243; include=&#8221;6044,6931,6045,8057&#8243;][vc_column_text css=&#8221;.vc_custom_1709288993717{margin-top: -15px !important;}&#8221;]<\/p>\n<p style=\"text-align: center;\">Disponibile in varie misure, questo stampo \u00e8 molto versatile. Combinato con una serie di inserti, infatti, consente di creare blocchi di tante forme e dimensioni.<\/p>\n<p>[\/vc_column_text][\/vc_column][\/vc_row][vc_row full_width=&#8221;stretch_row&#8221; content_placement=&#8221;middle&#8221; css=&#8221;.vc_custom_1709241296348{padding-top: 40px !important;background-color: #1c1c1c !important;}&#8221; conditional_render=&#8221;%5B%7B%22value_role%22%3A%22administrator%22%7D%5D&#8221;][vc_column][vc_column_text]<\/p>\n<p style=\"text-align: center;\"><a href=\"https:\/\/www.betonmoulds.com\/it\/categoria-prodotto\/barriere-jersey\/\"><span style=\"font-size: 25px; color: #ffffff;\"><strong>STAMPO PER BARRIERE SPARTITRAFFICO JERSEY<\/strong><\/span><\/a><\/p>\n<p>[\/vc_column_text][vc_masonry_media_grid element_width=&#8221;3&#8243; gap=&#8221;10&#8243; initial_loading_animation=&#8221;none&#8221; grid_id=&#8221;vc_gid:1740994902268-732b1254-ae9d-5&#8243; include=&#8221;7321,6052,6051,6056&#8243;][vc_column_text css=&#8221;.vc_custom_1709289042446{margin-top: -15px !important;}&#8221;]<\/p>\n<p style=\"text-align: center;\"><span style=\"color: #f5f5f5;\">Questo inserto brevettato \u00e8 unico nel suo genere e consente di creare barriere Jersey in calcestruzzo senza bisogno di sostenere l\u2019acquisto di uno stampo a parte. Utilizzato assieme al nostro cassero di base, infatti, permette di produrre una variet\u00e0 di moduli da costruzione.<\/span><\/p>\n<p>[\/vc_column_text][\/vc_column][\/vc_row][vc_row full_width=&#8221;stretch_row&#8221; content_placement=&#8221;middle&#8221; css=&#8221;.vc_custom_1709241199480{padding-top: 10px !important;background-color: #f2f2f2 !important;}&#8221; conditional_render=&#8221;%5B%7B%22value_role%22%3A%22administrator%22%7D%5D&#8221;][vc_column][vc_column_text]<\/p>\n<p style=\"text-align: center;\"><a href=\"https:\/\/www.betonmoulds.com\/it\/categoria-prodotto\/pareti-di-contenimento\/\"><span style=\"font-size: 25px; color: #000000;\"><strong>STAMPO PER PARETI DI CONTENIMENTO TIPO L<\/strong><\/span><\/a><\/p>\n<p>[\/vc_column_text][vc_masonry_media_grid element_width=&#8221;3&#8243; gap=&#8221;10&#8243; initial_loading_animation=&#8221;none&#8221; grid_id=&#8221;vc_gid:1740994902274-ca5db35a-50d7-9&#8243; include=&#8221;6061,6060,6059&#8243;][vc_column_text css=&#8221;.vc_custom_1709289190484{margin-top: -15px !important;}&#8221;]<\/p>\n<p style=\"text-align: center;\">Questo inserto brevettato consente di produrre blocchi in calcestruzzo a L per muri di contenimento senza bisogno di sostenere i costi dell\u2019acquisto di uno stampo separato. Utilizzato in combinazione con il nostro cassero di base, permette di creare soluzioni di vario tipo.<\/p>\n<p>[\/vc_column_text][\/vc_column][\/vc_row][vc_row full_width=&#8221;stretch_row&#8221; conditional_render=&#8221;%5B%7B%22value_role%22%3A%22administrator%22%7D%5D&#8221;][vc_column][vc_column_text]<\/p>\n<p style=\"text-align: center;\"><a href=\"https:\/\/www.betonmoulds.com\/it\/categoria-prodotto\/lastre-per-pavimentazione-stampi\/\"><span style=\"font-size: 25px; color: #000000;\"><strong>STAMPO PER LASTRA IN CALCESTRUZZO<\/strong><\/span><\/a><\/p>\n<p>[\/vc_column_text][vc_masonry_media_grid element_width=&#8221;3&#8243; gap=&#8221;10&#8243; initial_loading_animation=&#8221;none&#8221; grid_id=&#8221;vc_gid:1740994902279-d783b6bc-3b65-3&#8243; include=&#8221;6937,6936,6939,6935&#8243;][vc_column_text css=&#8221;.vc_custom_1709289283703{margin-top: -15px !important;}&#8221;]<\/p>\n<p style=\"text-align: center;\">Questo cassero robusto viene utilizzato per produrre con facilit\u00e0 delle lastre in calcestruzzo, ideali per creare pavimentazioni temporanee e permanenti. Queste lastre sono in grado di sopportare il peso dei mezzi pesanti, poich\u00e9 lo distribuiscono equamente negli strati inferiori del sottofondo.<\/p>\n<p>[\/vc_column_text][\/vc_column][\/vc_row][vc_row full_width=&#8221;stretch_row&#8221; content_placement=&#8221;middle&#8221; css=&#8221;.vc_custom_1709241485944{padding-top: 40px !important;background-color: #1c1c1c !important;}&#8221; conditional_render=&#8221;%5B%7B%22value_role%22%3A%22administrator%22%7D%5D&#8221;][vc_column][vc_column_text]<\/p>\n<p style=\"text-align: center;\"><a href=\"https:\/\/www.betonmoulds.com\/it\/categoria-prodotto\/trasporto-e-sollevamento\/trasporto-blocchi\/\"><span style=\"font-size: 25px; color: #ffffff;\"><strong>MORSETTO A FORBICE<\/strong><\/span><\/a><\/p>\n<p>[\/vc_column_text][vc_masonry_media_grid element_width=&#8221;3&#8243; gap=&#8221;10&#8243; css=&#8221;&#8221; initial_loading_animation=&#8221;none&#8221; grid_id=&#8221;vc_gid:1740994902285-f25866bd-220f-3&#8243; include=&#8221;7278,6771,6056,10667&#8243; css_params=&#8221;&#8221;][vc_column_text css=&#8221;.vc_custom_1709289341872{margin-top: -15px !important;}&#8221;]<\/p>\n<p style=\"text-align: center;\"><span style=\"color: #f5f5f5;\">Caratterizzato da un meccanismo a forbice, il morsetto viene manovrato interamente tramite gru, gru da carico (HIAB) o carrello elevatore. In questo modo, il personale incaricato potr\u00e0 restare al sicuro all\u2019interno dell\u2019abitacolo. L\u2019ingranaggio di sollevamento riduce al minimo le oscillazioni dei blocchi in calcestruzzo e ne consente un posizionamento accurato.<\/span><\/p>\n<p>[\/vc_column_text][\/vc_column][\/vc_row][vc_row full_width=&#8221;stretch_row&#8221; gap=&#8221;30&#8243; content_placement=&#8221;top&#8221; css=&#8221;.vc_custom_1709242111897{background-color: #f2f2f2 !important;}&#8221; conditional_render=&#8221;%5B%7B%22value_role%22%3A%22administrator%22%7D%5D&#8221;][vc_column][vc_column_text]<\/p>\n<p style=\"text-align: center;\"><a href=\"https:\/\/www.betonmoulds.com\/it\/product\/giogo-bidirezionale-per-carrello-elevatore\/\"><span style=\"font-size: 25px; color: #000000;\"><strong>GIOGO BIDIREZIONALE PER CARRELLO ELEVATORE<\/strong><\/span><\/a><\/p>\n<p>[\/vc_column_text][vc_masonry_media_grid element_width=&#8221;3&#8243; gap=&#8221;10&#8243; initial_loading_animation=&#8221;none&#8221; grid_id=&#8221;vc_gid:1740994902291-395af8b4-bd1c-8&#8243; include=&#8221;6771,7278,6175,6062&#8243;][vc_column_text css=&#8221;.vc_custom_1709289398810{margin-top: -15px !important;}&#8221;]<\/p>\n<p style=\"text-align: center;\">Questo giogo viene utilizzato in combinazione con un muletto per sollevare e trasportare blocchi in calcestruzzo di qualsiasi dimensione.Le forche del carrello elevatore possono essere inserite nelle fessure e il punto di sollevamento si trova al centro di questo dispositivo di sollevamento. L\u2019innesto consente di sollevare il carico sia trasversalmente che longitudinalmente.<\/p>\n<p>[\/vc_column_text][\/vc_column][\/vc_row][vc_row conditional_render=&#8221;%5B%7B%22value_role%22%3A%22administrator%22%7D%5D&#8221;][vc_column][vc_column_text]<\/p>\n<p style=\"text-align: center;\"><a href=\"https:\/\/www.betonmoulds.com\/it\/product\/bilancino-basculante-per-lastre\/\"><span style=\"font-size: 25px; color: #000000;\"><strong>BILANCINO BASCULANTE PER LASTRE<\/strong><\/span><\/a><\/p>\n<p>[\/vc_column_text][vc_masonry_media_grid element_width=&#8221;3&#8243; gap=&#8221;10&#8243; initial_loading_animation=&#8221;none&#8221; grid_id=&#8221;vc_gid:1740994902295-03f24474-13b7-1&#8243; include=&#8221;6187,6186&#8243;][vc_column_text css=&#8221;.vc_custom_1709289488201{margin-top: -15px !important;}&#8221;]<\/p>\n<p style=\"text-align: center;\">Usato in combinazione con un carrello elevatore, questo meccanismo sollevatore e basculante consente lo spostamento di\u00a0lastre in calcestruzzo. Il giogo si posiziona sulle forche del muletto e consente di capovolgere con facilit\u00e0 le lastre impilate sottosopra. Queste ultime vengono rovesciate in fase di presa perch\u00e9 il lato inferiore \u00e8 generalmente quello pi\u00f9 liscio.<\/p>\n<p>[\/vc_column_text][\/vc_column][\/vc_row]<\/p>\n<\/div>","protected":false},"excerpt":{"rendered":"<p>[vc_row full_width=&#8221;stretch_row&#8221; css=&#8221;.vc_custom_1709241206784{margin-top: 30px !important;}&#8221; conditional_render=&#8221;%5B%7B%22value_role%22%3A%22administrator%22%7D%5D&#8221;][vc_column][vc_column_text css=&#8221;&#8221; css_params=&#8221;&#8221;] STAMPO PER BLOCCHI DI CALCESTRUZZO [\/vc_column_text][vc_masonry_media_grid element_width=&#8221;3&#8243; gap=&#8221;10&#8243; initial_loading_animation=&#8221;none&#8221; grid_id=&#8221;vc_gid:1740994902259-596defd3-0d1e-9&#8243; include=&#8221;6044,6931,6045,8057&#8243;][vc_column_text css=&#8221;.vc_custom_1709288993717{margin-top: -15px !important;}&#8221;] Disponibile in varie misure, questo stampo \u00e8 molto versatile. Combinato con una serie di inserti, infatti, consente di creare blocchi di tante forme e dimensioni. [\/vc_column_text][\/vc_column][\/vc_row][vc_row full_width=&#8221;stretch_row&#8221; content_placement=&#8221;middle&#8221; css=&#8221;.vc_custom_1709241296348{padding-top: 40px !important;background-color: #1c1c1c !important;}&#8221; [&hellip;]<\/p>\n","protected":false},"author":1,"featured_media":6765,"parent":6034,"menu_order":0,"comment_status":"closed","ping_status":"closed","template":"","meta":{"footnotes":""},"class_list":["post-6038","page","type-page","status-publish","has-post-thumbnail","hentry"],"yoast_head":"<!-- This site is optimized with the Yoast SEO plugin v27.4 - https:\/\/yoast.com\/product\/yoast-seo-wordpress\/ -->\n<title>Foto: Stampi per blocchi in calcestruzzo, Stampi per lastre, Mezzi di sollevamento - BETONMOULDS<\/title>\n<meta name=\"robots\" content=\"index, follow, max-snippet:-1, max-image-preview:large, max-video-preview:-1\" \/>\n<link rel=\"canonical\" href=\"https:\/\/www.betonmoulds.com\/it\/galleria\/galleria-immagini\/\" \/>\n<meta property=\"og:locale\" content=\"it_IT\" \/>\n<meta property=\"og:type\" content=\"article\" \/>\n<meta property=\"og:title\" content=\"Foto: Stampi per blocchi in calcestruzzo, Stampi per lastre, Mezzi di sollevamento - BETONMOULDS\" \/>\n<meta property=\"og:description\" content=\"[vc_row full_width=&#8221;stretch_row&#8221; css=&#8221;.vc_custom_1709241206784{margin-top: 30px !important;}&#8221; conditional_render=&#8221;%5B%7B%22value_role%22%3A%22administrator%22%7D%5D&#8221;][vc_column][vc_column_text css=&#8221;&#8221; css_params=&#8221;&#8221;] STAMPO PER BLOCCHI DI CALCESTRUZZO [\/vc_column_text][vc_masonry_media_grid element_width=&#8221;3&#8243; gap=&#8221;10&#8243; initial_loading_animation=&#8221;none&#8221; grid_id=&#8221;vc_gid:1740994902259-596defd3-0d1e-9&#8243; include=&#8221;6044,6931,6045,8057&#8243;][vc_column_text css=&#8221;.vc_custom_1709288993717{margin-top: -15px !important;}&#8221;] Disponibile in varie misure, questo stampo \u00e8 molto versatile. Combinato con una serie di inserti, infatti, consente di creare blocchi di tante forme e dimensioni. [\/vc_column_text][\/vc_column][\/vc_row][vc_row full_width=&#8221;stretch_row&#8221; content_placement=&#8221;middle&#8221; css=&#8221;.vc_custom_1709241296348{padding-top: 40px !important;background-color: #1c1c1c !important;}&#8221; [&hellip;]\" \/>\n<meta property=\"og:url\" content=\"https:\/\/www.betonmoulds.com\/it\/galleria\/galleria-immagini\/\" \/>\n<meta property=\"og:site_name\" content=\"BETONMOULDS\" \/>\n<meta property=\"article:modified_time\" content=\"2025-03-03T09:45:54+00:00\" \/>\n<meta property=\"og:image\" content=\"https:\/\/www.betonmoulds.com\/wp-content\/uploads\/2023\/10\/mould-betonmoulds-shop.jpg\" \/>\n\t<meta property=\"og:image:width\" content=\"866\" \/>\n\t<meta property=\"og:image:height\" content=\"558\" \/>\n\t<meta property=\"og:image:type\" content=\"image\/jpeg\" \/>\n<meta name=\"twitter:card\" content=\"summary_large_image\" \/>\n<meta name=\"twitter:label1\" content=\"Tempo di lettura stimato\" \/>\n\t<meta name=\"twitter:data1\" content=\"3 minuti\" \/>\n<script type=\"application\/ld+json\" class=\"yoast-schema-graph\">{\"@context\":\"https:\\\/\\\/schema.org\",\"@graph\":[{\"@type\":\"WebPage\",\"@id\":\"https:\\\/\\\/www.betonmoulds.com\\\/it\\\/galleria\\\/galleria-immagini\\\/\",\"url\":\"https:\\\/\\\/www.betonmoulds.com\\\/it\\\/galleria\\\/galleria-immagini\\\/\",\"name\":\"Foto: Stampi per blocchi in calcestruzzo, Stampi per lastre, Mezzi di sollevamento - BETONMOULDS\",\"isPartOf\":{\"@id\":\"https:\\\/\\\/www.betonmoulds.com\\\/it\\\/#website\"},\"primaryImageOfPage\":{\"@id\":\"https:\\\/\\\/www.betonmoulds.com\\\/it\\\/galleria\\\/galleria-immagini\\\/#primaryimage\"},\"image\":{\"@id\":\"https:\\\/\\\/www.betonmoulds.com\\\/it\\\/galleria\\\/galleria-immagini\\\/#primaryimage\"},\"thumbnailUrl\":\"https:\\\/\\\/www.betonmoulds.com\\\/wp-content\\\/uploads\\\/2023\\\/10\\\/mould-betonmoulds-shop.jpg\",\"datePublished\":\"2022-03-04T15:11:17+00:00\",\"dateModified\":\"2025-03-03T09:45:54+00:00\",\"breadcrumb\":{\"@id\":\"https:\\\/\\\/www.betonmoulds.com\\\/it\\\/galleria\\\/galleria-immagini\\\/#breadcrumb\"},\"inLanguage\":\"it-IT\",\"potentialAction\":[{\"@type\":\"ReadAction\",\"target\":[\"https:\\\/\\\/www.betonmoulds.com\\\/it\\\/galleria\\\/galleria-immagini\\\/\"]}]},{\"@type\":\"ImageObject\",\"inLanguage\":\"it-IT\",\"@id\":\"https:\\\/\\\/www.betonmoulds.com\\\/it\\\/galleria\\\/galleria-immagini\\\/#primaryimage\",\"url\":\"https:\\\/\\\/www.betonmoulds.com\\\/wp-content\\\/uploads\\\/2023\\\/10\\\/mould-betonmoulds-shop.jpg\",\"contentUrl\":\"https:\\\/\\\/www.betonmoulds.com\\\/wp-content\\\/uploads\\\/2023\\\/10\\\/mould-betonmoulds-shop.jpg\",\"width\":866,\"height\":558,\"caption\":\"Stampi per blocchi di calcestruzzo tipo LEGO\"},{\"@type\":\"BreadcrumbList\",\"@id\":\"https:\\\/\\\/www.betonmoulds.com\\\/it\\\/galleria\\\/galleria-immagini\\\/#breadcrumb\",\"itemListElement\":[{\"@type\":\"ListItem\",\"position\":1,\"name\":\"Home\",\"item\":\"https:\\\/\\\/www.betonmoulds.com\\\/it\\\/\"},{\"@type\":\"ListItem\",\"position\":2,\"name\":\"Galleria\",\"item\":\"https:\\\/\\\/www.betonmoulds.com\\\/it\\\/galleria\\\/\"},{\"@type\":\"ListItem\",\"position\":3,\"name\":\"Galleria immagini\"}]},{\"@type\":\"WebSite\",\"@id\":\"https:\\\/\\\/www.betonmoulds.com\\\/it\\\/#website\",\"url\":\"https:\\\/\\\/www.betonmoulds.com\\\/it\\\/\",\"name\":\"BETONMOULDS\",\"description\":\"Upcycle leftover concrete\",\"potentialAction\":[{\"@type\":\"SearchAction\",\"target\":{\"@type\":\"EntryPoint\",\"urlTemplate\":\"https:\\\/\\\/www.betonmoulds.com\\\/it\\\/?s={search_term_string}\"},\"query-input\":{\"@type\":\"PropertyValueSpecification\",\"valueRequired\":true,\"valueName\":\"search_term_string\"}}],\"inLanguage\":\"it-IT\"}]}<\/script>\n<!-- \/ Yoast SEO plugin. -->","yoast_head_json":{"title":"Foto: Stampi per blocchi in calcestruzzo, Stampi per lastre, Mezzi di sollevamento - BETONMOULDS","robots":{"index":"index","follow":"follow","max-snippet":"max-snippet:-1","max-image-preview":"max-image-preview:large","max-video-preview":"max-video-preview:-1"},"canonical":"https:\/\/www.betonmoulds.com\/it\/galleria\/galleria-immagini\/","og_locale":"it_IT","og_type":"article","og_title":"Foto: Stampi per blocchi in calcestruzzo, Stampi per lastre, Mezzi di sollevamento - BETONMOULDS","og_description":"[vc_row full_width=&#8221;stretch_row&#8221; css=&#8221;.vc_custom_1709241206784{margin-top: 30px !important;}&#8221; conditional_render=&#8221;%5B%7B%22value_role%22%3A%22administrator%22%7D%5D&#8221;][vc_column][vc_column_text css=&#8221;&#8221; css_params=&#8221;&#8221;] STAMPO PER BLOCCHI DI CALCESTRUZZO [\/vc_column_text][vc_masonry_media_grid element_width=&#8221;3&#8243; gap=&#8221;10&#8243; initial_loading_animation=&#8221;none&#8221; grid_id=&#8221;vc_gid:1740994902259-596defd3-0d1e-9&#8243; include=&#8221;6044,6931,6045,8057&#8243;][vc_column_text css=&#8221;.vc_custom_1709288993717{margin-top: -15px !important;}&#8221;] Disponibile in varie misure, questo stampo \u00e8 molto versatile. Combinato con una serie di inserti, infatti, consente di creare blocchi di tante forme e dimensioni. [\/vc_column_text][\/vc_column][\/vc_row][vc_row full_width=&#8221;stretch_row&#8221; content_placement=&#8221;middle&#8221; css=&#8221;.vc_custom_1709241296348{padding-top: 40px !important;background-color: #1c1c1c !important;}&#8221; [&hellip;]","og_url":"https:\/\/www.betonmoulds.com\/it\/galleria\/galleria-immagini\/","og_site_name":"BETONMOULDS","article_modified_time":"2025-03-03T09:45:54+00:00","og_image":[{"width":866,"height":558,"url":"https:\/\/www.betonmoulds.com\/wp-content\/uploads\/2023\/10\/mould-betonmoulds-shop.jpg","type":"image\/jpeg"}],"twitter_card":"summary_large_image","twitter_misc":{"Tempo di lettura stimato":"3 minuti"},"schema":{"@context":"https:\/\/schema.org","@graph":[{"@type":"WebPage","@id":"https:\/\/www.betonmoulds.com\/it\/galleria\/galleria-immagini\/","url":"https:\/\/www.betonmoulds.com\/it\/galleria\/galleria-immagini\/","name":"Foto: Stampi per blocchi in calcestruzzo, Stampi per lastre, Mezzi di sollevamento - BETONMOULDS","isPartOf":{"@id":"https:\/\/www.betonmoulds.com\/it\/#website"},"primaryImageOfPage":{"@id":"https:\/\/www.betonmoulds.com\/it\/galleria\/galleria-immagini\/#primaryimage"},"image":{"@id":"https:\/\/www.betonmoulds.com\/it\/galleria\/galleria-immagini\/#primaryimage"},"thumbnailUrl":"https:\/\/www.betonmoulds.com\/wp-content\/uploads\/2023\/10\/mould-betonmoulds-shop.jpg","datePublished":"2022-03-04T15:11:17+00:00","dateModified":"2025-03-03T09:45:54+00:00","breadcrumb":{"@id":"https:\/\/www.betonmoulds.com\/it\/galleria\/galleria-immagini\/#breadcrumb"},"inLanguage":"it-IT","potentialAction":[{"@type":"ReadAction","target":["https:\/\/www.betonmoulds.com\/it\/galleria\/galleria-immagini\/"]}]},{"@type":"ImageObject","inLanguage":"it-IT","@id":"https:\/\/www.betonmoulds.com\/it\/galleria\/galleria-immagini\/#primaryimage","url":"https:\/\/www.betonmoulds.com\/wp-content\/uploads\/2023\/10\/mould-betonmoulds-shop.jpg","contentUrl":"https:\/\/www.betonmoulds.com\/wp-content\/uploads\/2023\/10\/mould-betonmoulds-shop.jpg","width":866,"height":558,"caption":"Stampi per blocchi di calcestruzzo tipo LEGO"},{"@type":"BreadcrumbList","@id":"https:\/\/www.betonmoulds.com\/it\/galleria\/galleria-immagini\/#breadcrumb","itemListElement":[{"@type":"ListItem","position":1,"name":"Home","item":"https:\/\/www.betonmoulds.com\/it\/"},{"@type":"ListItem","position":2,"name":"Galleria","item":"https:\/\/www.betonmoulds.com\/it\/galleria\/"},{"@type":"ListItem","position":3,"name":"Galleria immagini"}]},{"@type":"WebSite","@id":"https:\/\/www.betonmoulds.com\/it\/#website","url":"https:\/\/www.betonmoulds.com\/it\/","name":"BETONMOULDS","description":"Upcycle leftover concrete","potentialAction":[{"@type":"SearchAction","target":{"@type":"EntryPoint","urlTemplate":"https:\/\/www.betonmoulds.com\/it\/?s={search_term_string}"},"query-input":{"@type":"PropertyValueSpecification","valueRequired":true,"valueName":"search_term_string"}}],"inLanguage":"it-IT"}]}},"_links":{"self":[{"href":"https:\/\/www.betonmoulds.com\/it\/wp-json\/wp\/v2\/pages\/6038","targetHints":{"allow":["GET"]}}],"collection":[{"href":"https:\/\/www.betonmoulds.com\/it\/wp-json\/wp\/v2\/pages"}],"about":[{"href":"https:\/\/www.betonmoulds.com\/it\/wp-json\/wp\/v2\/types\/page"}],"author":[{"embeddable":true,"href":"https:\/\/www.betonmoulds.com\/it\/wp-json\/wp\/v2\/users\/1"}],"replies":[{"embeddable":true,"href":"https:\/\/www.betonmoulds.com\/it\/wp-json\/wp\/v2\/comments?post=6038"}],"version-history":[{"count":14,"href":"https:\/\/www.betonmoulds.com\/it\/wp-json\/wp\/v2\/pages\/6038\/revisions"}],"predecessor-version":[{"id":10690,"href":"https:\/\/www.betonmoulds.com\/it\/wp-json\/wp\/v2\/pages\/6038\/revisions\/10690"}],"up":[{"embeddable":true,"href":"https:\/\/www.betonmoulds.com\/it\/wp-json\/wp\/v2\/pages\/6034"}],"wp:featuredmedia":[{"embeddable":true,"href":"https:\/\/www.betonmoulds.com\/it\/wp-json\/wp\/v2\/media\/6765"}],"wp:attachment":[{"href":"https:\/\/www.betonmoulds.com\/it\/wp-json\/wp\/v2\/media?parent=6038"}],"curies":[{"name":"wp","href":"https:\/\/api.w.org\/{rel}","templated":true}]}}