{"id":6010,"date":"2022-03-04T14:59:22","date_gmt":"2022-03-04T14:59:22","guid":{"rendered":"https:\/\/www.betonmoulds.com\/area-of-use\/waste-collection-and-recycling\/"},"modified":"2023-11-21T09:06:42","modified_gmt":"2023-11-21T09:06:42","slug":"raccolta-e-riciclaggio-dei-rifiuti","status":"publish","type":"page","link":"https:\/\/www.betonmoulds.com\/it\/ambiti-di-utilizzo\/raccolta-e-riciclaggio-dei-rifiuti\/","title":{"rendered":"Raccolta e riciclaggio dei rifiuti"},"content":{"rendered":"<div class=\"wpb-content-wrapper\"><p>[vc_row css=&#8221;.vc_custom_1676569138034{margin-top: 30px !important;padding-right: 10px !important;padding-left: 10px !important;}&#8221; conditional_render=&#8221;%5B%7B%22value_role%22%3A%22administrator%22%7D%5D&#8221;][vc_column][vc_column_text]<\/p>\n<p style=\"text-align: center\"><span style=\"font-size: 25px;color: #000000\"><strong>RACCOLTA E RICICLAGGIO DEI RIFIUTI<\/strong><\/span><\/p>\n<p style=\"text-align: center\">Le societ\u00e0 che intercettano e riciclano i flussi di calcestruzzo o malta premiscelata trattano i materiali in vari modi. Alcune lasciano che il conglomerato premiscelato indurisca, per poi frantumarlo, setacciarlo e ripulirlo.<\/p>\n<p style=\"text-align: center\">Tuttavia, gettare, indurire, trattare ed elaborare gli esuberi di calcestruzzo \u00e8 costoso e inefficace, poich\u00e9 rappresenta uno spreco di materiali edili grezzi. Il calcestruzzo riciclato viene utilizzato in aggregati di qualit\u00e0 inferiore per creare del nuovo calcestruzzo, oppure ridotto in granuli da utilizzare come materiale per le fondamenta in futuri progetti edili.<\/p>\n<p>[\/vc_column_text][\/vc_column][\/vc_row][vc_row gap=&#8221;35&#8243; css=&#8221;.vc_custom_1686667331035{padding-right: 10px !important;padding-left: 10px !important;}&#8221; conditional_render=&#8221;%5B%7B%22value_role%22%3A%22administrator%22%7D%5D&#8221;][vc_column width=&#8221;1\/2&#8243;][vc_single_image image=&#8221;6017&#8243; img_size=&#8221;800&#215;500&#8243;][\/vc_column][vc_column width=&#8221;1\/2&#8243;][vc_single_image image=&#8221;6016&#8243; img_size=&#8221;800&#215;500&#8243;][\/vc_column][\/vc_row][vc_row full_width=&#8221;stretch_row&#8221; css=&#8221;.vc_custom_1677075589061{padding-top: 45px !important;padding-bottom: 30px !important;background-color: #1c1c1c !important;}&#8221; conditional_render=&#8221;%5B%7B%22value_role%22%3A%22administrator%22%7D%5D&#8221;][vc_column][vc_single_image image=&#8221;6011&#8243; img_size=&#8221;70&#215;70&#8243; alignment=&#8221;center&#8221;][vc_column_text]<\/p>\n<p style=\"text-align: center\"><span style=\"color: #f2f2f2\">Per evitare questo processo di svalutazione, \u00e8 possibile trasformare gli esuberi in prodotti edili pi\u00f9 pratici e sostenibili, e di maggior valore, subito riutilizzabili.<br \/>\n<\/span><\/p>\n<p style=\"text-align: center\"><span style=\"color: #f2f2f2\">Dotare un impianto dedicato all\u2019elaborazione degli sprechi di una cassaforma per calcestruzzo consente di creare con relativa facilit\u00e0 dei blocchi a incastro da rivendere o riutilizzare. In questo modo, \u00e8 possibile evitare il costoso processo di indurimento degli esuberi, contribuire alla circolarit\u00e0 e incrementare i guadagni.<br \/>\n<\/span><\/p>\n<p>[\/vc_column_text][\/vc_column][\/vc_row][vc_row full_width=&#8221;stretch_row&#8221; css=&#8221;.vc_custom_1677075655187{margin-bottom: -40px !important;padding-top: 40px !important;padding-bottom: 40px !important;background-color: #efefef !important;}&#8221; conditional_render=&#8221;%5B%7B%22value_role%22%3A%22administrator%22%7D%5D&#8221;][vc_column width=&#8221;1\/3&#8243;][vc_column_text]Per produrre blocchi a incastro e lastre in calcestruzzo \u00e8 disponibile un\u2019ampia gamma di <span style=\"color: #5c5c5c\"><a style=\"color: #5c5c5c\" href=\"https:\/\/www.betonmoulds.com\/it\/negozio\/\"><strong>casseforme<\/strong><\/a><\/span>. Gli inserti e i divisori consentono di utilizzare lo stesso stampo per creare moduli di varie forme e misure.<\/p>\n<p>Per sollevare e movimentare questi blocchi in sicurezza, sono inoltre disponibili delle <span style=\"color: #5c5c5c\"><a style=\"color: #5c5c5c\" href=\"https:\/\/www.betonmoulds.com\/it\/categoria-prodotto\/trasporto-e-sollevamento\/\"><strong>attrezzature apposite<\/strong>.<\/a><\/span>[\/vc_column_text][\/vc_column][vc_column width=&#8221;1\/3&#8243;][vc_single_image image=&#8221;6015&#8243; img_size=&#8221;200&#215;200&#8243; alignment=&#8221;center&#8221;][\/vc_column][vc_column width=&#8221;1\/3&#8243;][vc_single_image image=&#8221;6014&#8243; img_size=&#8221;230&#215;200&#8243; alignment=&#8221;center&#8221;][\/vc_column][\/vc_row]<\/p>\n<\/div>","protected":false},"excerpt":{"rendered":"<p>[vc_row css=&#8221;.vc_custom_1676569138034{margin-top: 30px !important;padding-right: 10px !important;padding-left: 10px !important;}&#8221; conditional_render=&#8221;%5B%7B%22value_role%22%3A%22administrator%22%7D%5D&#8221;][vc_column][vc_column_text] RACCOLTA E RICICLAGGIO DEI RIFIUTI Le societ\u00e0 che intercettano e riciclano i flussi di calcestruzzo o malta premiscelata trattano i materiali in vari modi. Alcune lasciano che il conglomerato premiscelato indurisca, per poi frantumarlo, setacciarlo e ripulirlo. Tuttavia, gettare, indurire, trattare ed elaborare gli esuberi di [&hellip;]<\/p>\n","protected":false},"author":1,"featured_media":0,"parent":5931,"menu_order":0,"comment_status":"closed","ping_status":"closed","template":"","meta":{"footnotes":""},"class_list":["post-6010","page","type-page","status-publish","hentry"],"yoast_head":"<!-- This site is optimized with the Yoast SEO plugin v27.4 - https:\/\/yoast.com\/product\/yoast-seo-wordpress\/ -->\n<title>Ricondizionamento del calcestruzzo premiscelato da parte delle aziende dedicate alla gestione dei rifiuti - BETONMOULDS<\/title>\n<meta name=\"description\" content=\"Ricondizionamento del calcestruzzo premiscelato negli impianti di riciclaggio: una forma di riutilizzo pi\u00f9 efficace per un futuro sempre pi\u00f9 sostenibile.\" \/>\n<meta name=\"robots\" content=\"index, follow, max-snippet:-1, max-image-preview:large, max-video-preview:-1\" \/>\n<link rel=\"canonical\" href=\"https:\/\/www.betonmoulds.com\/it\/ambiti-di-utilizzo\/raccolta-e-riciclaggio-dei-rifiuti\/\" \/>\n<meta property=\"og:locale\" content=\"it_IT\" \/>\n<meta property=\"og:type\" content=\"article\" \/>\n<meta property=\"og:title\" content=\"Ricondizionamento del calcestruzzo premiscelato da parte delle aziende dedicate alla gestione dei rifiuti - BETONMOULDS\" \/>\n<meta property=\"og:description\" content=\"Ricondizionamento del calcestruzzo premiscelato negli impianti di riciclaggio: una forma di riutilizzo pi\u00f9 efficace per un futuro sempre pi\u00f9 sostenibile.\" \/>\n<meta property=\"og:url\" content=\"https:\/\/www.betonmoulds.com\/it\/ambiti-di-utilizzo\/raccolta-e-riciclaggio-dei-rifiuti\/\" \/>\n<meta property=\"og:site_name\" content=\"BETONMOULDS\" \/>\n<meta property=\"article:modified_time\" content=\"2023-11-21T09:06:42+00:00\" \/>\n<meta name=\"twitter:card\" content=\"summary_large_image\" \/>\n<meta name=\"twitter:label1\" content=\"Tempo di lettura stimato\" \/>\n\t<meta name=\"twitter:data1\" content=\"2 minuti\" \/>\n<script type=\"application\/ld+json\" class=\"yoast-schema-graph\">{\"@context\":\"https:\\\/\\\/schema.org\",\"@graph\":[{\"@type\":\"WebPage\",\"@id\":\"https:\\\/\\\/www.betonmoulds.com\\\/it\\\/ambiti-di-utilizzo\\\/raccolta-e-riciclaggio-dei-rifiuti\\\/\",\"url\":\"https:\\\/\\\/www.betonmoulds.com\\\/it\\\/ambiti-di-utilizzo\\\/raccolta-e-riciclaggio-dei-rifiuti\\\/\",\"name\":\"Ricondizionamento del calcestruzzo premiscelato da parte delle aziende dedicate alla gestione dei rifiuti - BETONMOULDS\",\"isPartOf\":{\"@id\":\"https:\\\/\\\/www.betonmoulds.com\\\/it\\\/#website\"},\"datePublished\":\"2022-03-04T14:59:22+00:00\",\"dateModified\":\"2023-11-21T09:06:42+00:00\",\"description\":\"Ricondizionamento del calcestruzzo premiscelato negli impianti di riciclaggio: una forma di riutilizzo pi\u00f9 efficace per un futuro sempre pi\u00f9 sostenibile.\",\"breadcrumb\":{\"@id\":\"https:\\\/\\\/www.betonmoulds.com\\\/it\\\/ambiti-di-utilizzo\\\/raccolta-e-riciclaggio-dei-rifiuti\\\/#breadcrumb\"},\"inLanguage\":\"it-IT\",\"potentialAction\":[{\"@type\":\"ReadAction\",\"target\":[\"https:\\\/\\\/www.betonmoulds.com\\\/it\\\/ambiti-di-utilizzo\\\/raccolta-e-riciclaggio-dei-rifiuti\\\/\"]}]},{\"@type\":\"BreadcrumbList\",\"@id\":\"https:\\\/\\\/www.betonmoulds.com\\\/it\\\/ambiti-di-utilizzo\\\/raccolta-e-riciclaggio-dei-rifiuti\\\/#breadcrumb\",\"itemListElement\":[{\"@type\":\"ListItem\",\"position\":1,\"name\":\"Home\",\"item\":\"https:\\\/\\\/www.betonmoulds.com\\\/it\\\/\"},{\"@type\":\"ListItem\",\"position\":2,\"name\":\"Ambiti di utilizzo\",\"item\":\"https:\\\/\\\/www.betonmoulds.com\\\/it\\\/einsatzbereiche\\\/\"},{\"@type\":\"ListItem\",\"position\":3,\"name\":\"Raccolta e riciclaggio dei rifiuti\"}]},{\"@type\":\"WebSite\",\"@id\":\"https:\\\/\\\/www.betonmoulds.com\\\/it\\\/#website\",\"url\":\"https:\\\/\\\/www.betonmoulds.com\\\/it\\\/\",\"name\":\"BETONMOULDS\",\"description\":\"Upcycle leftover concrete\",\"potentialAction\":[{\"@type\":\"SearchAction\",\"target\":{\"@type\":\"EntryPoint\",\"urlTemplate\":\"https:\\\/\\\/www.betonmoulds.com\\\/it\\\/?s={search_term_string}\"},\"query-input\":{\"@type\":\"PropertyValueSpecification\",\"valueRequired\":true,\"valueName\":\"search_term_string\"}}],\"inLanguage\":\"it-IT\"}]}<\/script>\n<!-- \/ Yoast SEO plugin. -->","yoast_head_json":{"title":"Ricondizionamento del calcestruzzo premiscelato da parte delle aziende dedicate alla gestione dei rifiuti - BETONMOULDS","description":"Ricondizionamento del calcestruzzo premiscelato negli impianti di riciclaggio: una forma di riutilizzo pi\u00f9 efficace per un futuro sempre pi\u00f9 sostenibile.","robots":{"index":"index","follow":"follow","max-snippet":"max-snippet:-1","max-image-preview":"max-image-preview:large","max-video-preview":"max-video-preview:-1"},"canonical":"https:\/\/www.betonmoulds.com\/it\/ambiti-di-utilizzo\/raccolta-e-riciclaggio-dei-rifiuti\/","og_locale":"it_IT","og_type":"article","og_title":"Ricondizionamento del calcestruzzo premiscelato da parte delle aziende dedicate alla gestione dei rifiuti - BETONMOULDS","og_description":"Ricondizionamento del calcestruzzo premiscelato negli impianti di riciclaggio: una forma di riutilizzo pi\u00f9 efficace per un futuro sempre pi\u00f9 sostenibile.","og_url":"https:\/\/www.betonmoulds.com\/it\/ambiti-di-utilizzo\/raccolta-e-riciclaggio-dei-rifiuti\/","og_site_name":"BETONMOULDS","article_modified_time":"2023-11-21T09:06:42+00:00","twitter_card":"summary_large_image","twitter_misc":{"Tempo di lettura stimato":"2 minuti"},"schema":{"@context":"https:\/\/schema.org","@graph":[{"@type":"WebPage","@id":"https:\/\/www.betonmoulds.com\/it\/ambiti-di-utilizzo\/raccolta-e-riciclaggio-dei-rifiuti\/","url":"https:\/\/www.betonmoulds.com\/it\/ambiti-di-utilizzo\/raccolta-e-riciclaggio-dei-rifiuti\/","name":"Ricondizionamento del calcestruzzo premiscelato da parte delle aziende dedicate alla gestione dei rifiuti - BETONMOULDS","isPartOf":{"@id":"https:\/\/www.betonmoulds.com\/it\/#website"},"datePublished":"2022-03-04T14:59:22+00:00","dateModified":"2023-11-21T09:06:42+00:00","description":"Ricondizionamento del calcestruzzo premiscelato negli impianti di riciclaggio: una forma di riutilizzo pi\u00f9 efficace per un futuro sempre pi\u00f9 sostenibile.","breadcrumb":{"@id":"https:\/\/www.betonmoulds.com\/it\/ambiti-di-utilizzo\/raccolta-e-riciclaggio-dei-rifiuti\/#breadcrumb"},"inLanguage":"it-IT","potentialAction":[{"@type":"ReadAction","target":["https:\/\/www.betonmoulds.com\/it\/ambiti-di-utilizzo\/raccolta-e-riciclaggio-dei-rifiuti\/"]}]},{"@type":"BreadcrumbList","@id":"https:\/\/www.betonmoulds.com\/it\/ambiti-di-utilizzo\/raccolta-e-riciclaggio-dei-rifiuti\/#breadcrumb","itemListElement":[{"@type":"ListItem","position":1,"name":"Home","item":"https:\/\/www.betonmoulds.com\/it\/"},{"@type":"ListItem","position":2,"name":"Ambiti di utilizzo","item":"https:\/\/www.betonmoulds.com\/it\/einsatzbereiche\/"},{"@type":"ListItem","position":3,"name":"Raccolta e riciclaggio dei rifiuti"}]},{"@type":"WebSite","@id":"https:\/\/www.betonmoulds.com\/it\/#website","url":"https:\/\/www.betonmoulds.com\/it\/","name":"BETONMOULDS","description":"Upcycle leftover concrete","potentialAction":[{"@type":"SearchAction","target":{"@type":"EntryPoint","urlTemplate":"https:\/\/www.betonmoulds.com\/it\/?s={search_term_string}"},"query-input":{"@type":"PropertyValueSpecification","valueRequired":true,"valueName":"search_term_string"}}],"inLanguage":"it-IT"}]}},"_links":{"self":[{"href":"https:\/\/www.betonmoulds.com\/it\/wp-json\/wp\/v2\/pages\/6010","targetHints":{"allow":["GET"]}}],"collection":[{"href":"https:\/\/www.betonmoulds.com\/it\/wp-json\/wp\/v2\/pages"}],"about":[{"href":"https:\/\/www.betonmoulds.com\/it\/wp-json\/wp\/v2\/types\/page"}],"author":[{"embeddable":true,"href":"https:\/\/www.betonmoulds.com\/it\/wp-json\/wp\/v2\/users\/1"}],"replies":[{"embeddable":true,"href":"https:\/\/www.betonmoulds.com\/it\/wp-json\/wp\/v2\/comments?post=6010"}],"version-history":[{"count":4,"href":"https:\/\/www.betonmoulds.com\/it\/wp-json\/wp\/v2\/pages\/6010\/revisions"}],"predecessor-version":[{"id":6879,"href":"https:\/\/www.betonmoulds.com\/it\/wp-json\/wp\/v2\/pages\/6010\/revisions\/6879"}],"up":[{"embeddable":true,"href":"https:\/\/www.betonmoulds.com\/it\/wp-json\/wp\/v2\/pages\/5931"}],"wp:attachment":[{"href":"https:\/\/www.betonmoulds.com\/it\/wp-json\/wp\/v2\/media?parent=6010"}],"curies":[{"name":"wp","href":"https:\/\/api.w.org\/{rel}","templated":true}]}}