{"id":5975,"date":"2022-03-04T14:59:55","date_gmt":"2022-03-04T14:59:55","guid":{"rendered":"https:\/\/www.betonmoulds.com\/area-of-use\/ready-mix-concrete\/"},"modified":"2025-02-26T10:06:31","modified_gmt":"2025-02-26T10:06:31","slug":"impianti-di-betonaggio-per-calcestruzzo-premiscelato","status":"publish","type":"page","link":"https:\/\/www.betonmoulds.com\/it\/ambiti-di-utilizzo\/impianti-di-betonaggio-per-calcestruzzo-premiscelato\/","title":{"rendered":"Impianti di betonaggio per calcestruzzo premiscelato"},"content":{"rendered":"<div class=\"wpb-content-wrapper\"><p>[vc_row css=&#8221;.vc_custom_1677183475709{margin-top: 30px !important;margin-bottom: 10px !important;}&#8221; conditional_render=&#8221;%5B%7B%22value_role%22%3A%22administrator%22%7D%5D&#8221;][vc_column][vc_column_text]<\/p>\n<p style=\"text-align: center;\"><span style=\"font-size: 25px; color: #000000;\"><strong>IMPIANTI DI BETONAGGIO PER CALCESTRUZZO PREMISCELATO<\/strong><\/span><\/p>\n<p style=\"text-align: center;\">Gli impianti di betonaggio forniscono il calcestruzzo premiscelato. Nel momento in cui il prodotto viene consegnato <span style=\"color: #5c5c5c;\"><a style=\"color: #5c5c5c;\" href=\"https:\/\/www.betonmoulds.com\/it\/ambiti-di-utilizzo\/cantieri-edili\/\"><strong>in cantiere<\/strong><\/a><\/span>, non sempre pu\u00f2 essere utilizzato immediatamente. Questo potrebbe essere causato da problemi in fase di impiego delle casseforme e\/o difficolt\u00e0 di comunicazione in merito alle quantit\u00e0 e al tipo di qualit\u00e0 richieste.<\/p>\n<p style=\"text-align: center;\">Il calcestruzzo avanzato in betoniera viene generalmente smaltito a pagamento presso appositi <span style=\"color: #5c5c5c;\"><a style=\"color: #5c5c5c;\" href=\"https:\/\/www.betonmoulds.com\/it\/ambiti-di-utilizzo\/raccolta-e-riciclaggio-dei-rifiuti\/\"><strong>impianti di riciclaggio<\/strong>.<\/a><\/span><\/p>\n<p style=\"text-align: center;\">Anche la produzione stessa del calcestruzzo premiscelato gettato in opera pu\u00f2 generare esuberi. Succede, infatti, che la miscela utilizzata non risponda alle caratteristiche richieste. Di conseguenza, l\u2019impianto di betonaggio si ritrova con una quantit\u00e0 di calcestruzzo premiscelato che non ha la possibilit\u00e0 di utilizzare subito.<\/p>\n<p>[\/vc_column_text][\/vc_column][\/vc_row][vc_row full_width=&#8221;stretch_row&#8221; gap=&#8221;35&#8243; content_placement=&#8221;middle&#8221; css=&#8221;.vc_custom_1677182012300{padding-top: 60px !important;padding-bottom: 30px !important;background-color: #1c1c1c !important;}&#8221; conditional_render=&#8221;%5B%7B%22value_role%22%3A%22administrator%22%7D%5D&#8221;][vc_column width=&#8221;1\/2&#8243;][vc_single_image image=&#8221;5980&#8243; img_size=&#8221;800&#215;500&#8243;][\/vc_column][vc_column width=&#8221;1\/2&#8243;][vc_single_image image=&#8221;5979&#8243; img_size=&#8221;800&#215;500&#8243;][\/vc_column][\/vc_row][vc_row full_width=&#8221;stretch_row&#8221; gap=&#8221;35&#8243; content_placement=&#8221;middle&#8221; css=&#8221;.vc_custom_1677183693882{padding-top: 5px !important;padding-bottom: 5px !important;}&#8221; conditional_render=&#8221;%5B%7B%22value_role%22%3A%22administrator%22%7D%5D&#8221;][vc_column][vc_single_image image=&#8221;5951&#8243; img_size=&#8221;70&#215;70&#8243; alignment=&#8221;center&#8221;][vc_column_text css=&#8221;&#8221; css_params=&#8221;&#8221;]<\/p>\n<p style=\"text-align: center;\"><span style=\"font-size: 20px; color: #000000;\"><strong>APPLICAZIONI DEL CALCESTRUZZO RESIDUO<\/strong><\/span><\/p>\n<p style=\"text-align: center;\">Gli impianti di betonaggio sono sempre alla ricerca di applicazioni utili per gli esuberi, che vengono generalmente gettati, induriti, frantumati e trasformati in granuli da utilizzare come aggregati o in altre applicazioni. Lo smaltimento del calcestruzzo come scarto \u00e8 soggetto a rigidi standard ambientali e a requisiti molto specifici.<\/p>\n<p style=\"text-align: center;\">Le aziende del settore, quindi, cercano continuamente nuovi modi per trattare gli esuberi in modo efficiente e circolare, ad esempio dotando le proprie sedi di apposite <span style=\"color: #5c5c5c;\"><a style=\"color: #5c5c5c;\" href=\"https:\/\/www.betonmoulds.com\/it\/negozio\/\"><strong>casseforme<\/strong>.<\/a><\/span><\/p>\n<p style=\"text-align: center;\">Questo consente loro di produrre blocchi in calcestruzzo ampiamente impiegati nell\u2019edilizia modulare. Grazie al sistema a incastro con incavi alla base e borchie in superficie, questi moduli possono essere impilati l\u2019uno sull\u2019altro, secondo lo stesso principio dei mattoncini da costruzione per bambini.<\/p>\n<p style=\"text-align: center;\">Le possibilit\u00e0 sono infinite, e per unire i blocchi tra loro non serve utilizzare malte. I blocchi vengono utilizzati anche per creare muri di contenimento negli impianti di stoccaggio volti a separare rinfuse come sabbia e ghiaia.<\/p>\n<p style=\"text-align: center;\">Le <span style=\"color: #5c5c5c;\"><a style=\"color: #5c5c5c;\" href=\"https:\/\/www.betonmoulds.com\/it\/categoria-prodotto\/lastre-per-pavimentazione-stampi\/\"><strong>lastre in calcestruzzo<\/strong><\/a><\/span>\u00a0vengono invece utilizzate per le pavimentazioni, ad esempio quelle battute da autocarri ed escavatrici. Facili da posizionare e rimuovere, consentono di modificare le pavimentazioni secondo necessit\u00e0.<\/p>\n<p>[\/vc_column_text][\/vc_column][\/vc_row][vc_row full_width=&#8221;stretch_row&#8221; gap=&#8221;35&#8243; content_placement=&#8221;middle&#8221; disable_element=&#8221;yes&#8221; css=&#8221;.vc_custom_1686665631521{padding-top: 50px !important;padding-bottom: 20px !important;background-color: #f2f2f2 !important;}&#8221; conditional_render=&#8221;%5B%7B%22value_role%22%3A%22administrator%22%7D%5D&#8221;][vc_column width=&#8221;1\/2&#8243;][vc_single_image image=&#8221;5982&#8243; img_size=&#8221;large&#8221;][\/vc_column][vc_column width=&#8221;1\/2&#8243;][vc_single_image image=&#8221;5860&#8243; img_size=&#8221;large&#8221;][\/vc_column][\/vc_row][vc_row full_width=&#8221;stretch_row&#8221; css=&#8221;.vc_custom_1677184178756{padding-top: 30px !important;padding-bottom: 20px !important;background-color: #1c1c1c !important;}&#8221; conditional_render=&#8221;%5B%7B%22value_role%22%3A%22administrator%22%7D%5D&#8221;][vc_column][vc_single_image image=&#8221;5837&#8243; img_size=&#8221;70&#215;70&#8243; alignment=&#8221;center&#8221;][vc_column_text]<\/p>\n<p style=\"text-align: center;\"><span style=\"font-size: 20px; color: #f2f2f2;\"><strong>SPECIALISTA IN CASSEFORME PROFESSIONALI <\/strong><\/span><\/p>\n<p style=\"text-align: center;\"><span style=\"color: #f2f2f2;\">BETONMOULDS \u00e8 specializzata in casseforme professionali per la produzione di sistemi edili modulari composti da blocchi e lastre in calcestruzzo. Questi stampi a stabilit\u00e0 dimensionale garantiscono risultati di precisione.<\/span><\/p>\n<p>[\/vc_column_text][\/vc_column][\/vc_row][vc_row gap=&#8221;30&#8243; content_placement=&#8221;top&#8221; conditional_render=&#8221;%5B%7B%22value_role%22%3A%22administrator%22%7D%5D&#8221;][vc_column width=&#8221;1\/2&#8243;][vc_column_text]Questi prodotti rappresentano la soluzione ideale per chi cerca un modo circolare per gestire gli esuberi di malta e calcestruzzo.<br \/>\nPermettono quindi di dire addio agli sprechi e ai dispendiosi processi di riciclaggio.<\/p>\n<p>Gli anni di esperienza nell\u2019ideazione e nella creazione dei nostri prodotti, e il contatto costante con i nostri utenti ci hanno permesso di sviluppare casseforme di altissima qualit\u00e0.[\/vc_column_text][\/vc_column][vc_column width=&#8221;1\/2&#8243;][vc_column_text]Offriamo inoltre tutti i dispositivi necessari per sollevare e trasportare i blocchi e le lastre in calcestruzzo, nati da studi approfonditi che ne garantiscono un funzionamento ottimale, e che assieme agli strumenti per la mescita del calcestruzzo, consentono a chiunque di produrre da s\u00e9 il materiale edile di cui ha bisogno.[\/vc_column_text][\/vc_column][\/vc_row]<\/p>\n<\/div>","protected":false},"excerpt":{"rendered":"<p>[vc_row css=&#8221;.vc_custom_1677183475709{margin-top: 30px !important;margin-bottom: 10px !important;}&#8221; conditional_render=&#8221;%5B%7B%22value_role%22%3A%22administrator%22%7D%5D&#8221;][vc_column][vc_column_text] IMPIANTI DI BETONAGGIO PER CALCESTRUZZO PREMISCELATO Gli impianti di betonaggio forniscono il calcestruzzo premiscelato. Nel momento in cui il prodotto viene consegnato in cantiere, non sempre pu\u00f2 essere utilizzato immediatamente. Questo potrebbe essere causato da problemi in fase di impiego delle casseforme e\/o difficolt\u00e0 di comunicazione in merito [&hellip;]<\/p>\n","protected":false},"author":1,"featured_media":0,"parent":5931,"menu_order":0,"comment_status":"closed","ping_status":"closed","template":"","meta":{"footnotes":""},"class_list":["post-5975","page","type-page","status-publish","hentry"],"yoast_head":"<!-- This site is optimized with the Yoast SEO plugin v27.4 - https:\/\/yoast.com\/product\/yoast-seo-wordpress\/ -->\n<title>Gestisci in modo sostenibile gli esuberi di calcestruzzo grazie ad apposite casseforme. - BETONMOULDS<\/title>\n<meta name=\"description\" content=\"Utilizza gli esuberi di calcestruzzo direttamente per dare vita a un sistema edile modulare immediatamente spendibile.\" \/>\n<meta name=\"robots\" content=\"index, follow, max-snippet:-1, max-image-preview:large, max-video-preview:-1\" \/>\n<link rel=\"canonical\" href=\"https:\/\/www.betonmoulds.com\/it\/ambiti-di-utilizzo\/impianti-di-betonaggio-per-calcestruzzo-premiscelato\/\" \/>\n<meta property=\"og:locale\" content=\"it_IT\" \/>\n<meta property=\"og:type\" content=\"article\" \/>\n<meta property=\"og:title\" content=\"Gestisci in modo sostenibile gli esuberi di calcestruzzo grazie ad apposite casseforme. - BETONMOULDS\" \/>\n<meta property=\"og:description\" content=\"Utilizza gli esuberi di calcestruzzo direttamente per dare vita a un sistema edile modulare immediatamente spendibile.\" \/>\n<meta property=\"og:url\" content=\"https:\/\/www.betonmoulds.com\/it\/ambiti-di-utilizzo\/impianti-di-betonaggio-per-calcestruzzo-premiscelato\/\" \/>\n<meta property=\"og:site_name\" content=\"BETONMOULDS\" \/>\n<meta property=\"article:modified_time\" content=\"2025-02-26T10:06:31+00:00\" \/>\n<meta name=\"twitter:card\" content=\"summary_large_image\" \/>\n<meta name=\"twitter:label1\" content=\"Tempo di lettura stimato\" \/>\n\t<meta name=\"twitter:data1\" content=\"3 minuti\" \/>\n<script type=\"application\/ld+json\" class=\"yoast-schema-graph\">{\"@context\":\"https:\\\/\\\/schema.org\",\"@graph\":[{\"@type\":\"WebPage\",\"@id\":\"https:\\\/\\\/www.betonmoulds.com\\\/it\\\/ambiti-di-utilizzo\\\/impianti-di-betonaggio-per-calcestruzzo-premiscelato\\\/\",\"url\":\"https:\\\/\\\/www.betonmoulds.com\\\/it\\\/ambiti-di-utilizzo\\\/impianti-di-betonaggio-per-calcestruzzo-premiscelato\\\/\",\"name\":\"Gestisci in modo sostenibile gli esuberi di calcestruzzo grazie ad apposite casseforme. - BETONMOULDS\",\"isPartOf\":{\"@id\":\"https:\\\/\\\/www.betonmoulds.com\\\/it\\\/#website\"},\"datePublished\":\"2022-03-04T14:59:55+00:00\",\"dateModified\":\"2025-02-26T10:06:31+00:00\",\"description\":\"Utilizza gli esuberi di calcestruzzo direttamente per dare vita a un sistema edile modulare immediatamente spendibile.\",\"breadcrumb\":{\"@id\":\"https:\\\/\\\/www.betonmoulds.com\\\/it\\\/ambiti-di-utilizzo\\\/impianti-di-betonaggio-per-calcestruzzo-premiscelato\\\/#breadcrumb\"},\"inLanguage\":\"it-IT\",\"potentialAction\":[{\"@type\":\"ReadAction\",\"target\":[\"https:\\\/\\\/www.betonmoulds.com\\\/it\\\/ambiti-di-utilizzo\\\/impianti-di-betonaggio-per-calcestruzzo-premiscelato\\\/\"]}]},{\"@type\":\"BreadcrumbList\",\"@id\":\"https:\\\/\\\/www.betonmoulds.com\\\/it\\\/ambiti-di-utilizzo\\\/impianti-di-betonaggio-per-calcestruzzo-premiscelato\\\/#breadcrumb\",\"itemListElement\":[{\"@type\":\"ListItem\",\"position\":1,\"name\":\"Home\",\"item\":\"https:\\\/\\\/www.betonmoulds.com\\\/it\\\/\"},{\"@type\":\"ListItem\",\"position\":2,\"name\":\"Ambiti di utilizzo\",\"item\":\"https:\\\/\\\/www.betonmoulds.com\\\/it\\\/einsatzbereiche\\\/\"},{\"@type\":\"ListItem\",\"position\":3,\"name\":\"Impianti di betonaggio per calcestruzzo premiscelato\"}]},{\"@type\":\"WebSite\",\"@id\":\"https:\\\/\\\/www.betonmoulds.com\\\/it\\\/#website\",\"url\":\"https:\\\/\\\/www.betonmoulds.com\\\/it\\\/\",\"name\":\"BETONMOULDS\",\"description\":\"Upcycle leftover concrete\",\"potentialAction\":[{\"@type\":\"SearchAction\",\"target\":{\"@type\":\"EntryPoint\",\"urlTemplate\":\"https:\\\/\\\/www.betonmoulds.com\\\/it\\\/?s={search_term_string}\"},\"query-input\":{\"@type\":\"PropertyValueSpecification\",\"valueRequired\":true,\"valueName\":\"search_term_string\"}}],\"inLanguage\":\"it-IT\"}]}<\/script>\n<!-- \/ Yoast SEO plugin. -->","yoast_head_json":{"title":"Gestisci in modo sostenibile gli esuberi di calcestruzzo grazie ad apposite casseforme. - BETONMOULDS","description":"Utilizza gli esuberi di calcestruzzo direttamente per dare vita a un sistema edile modulare immediatamente spendibile.","robots":{"index":"index","follow":"follow","max-snippet":"max-snippet:-1","max-image-preview":"max-image-preview:large","max-video-preview":"max-video-preview:-1"},"canonical":"https:\/\/www.betonmoulds.com\/it\/ambiti-di-utilizzo\/impianti-di-betonaggio-per-calcestruzzo-premiscelato\/","og_locale":"it_IT","og_type":"article","og_title":"Gestisci in modo sostenibile gli esuberi di calcestruzzo grazie ad apposite casseforme. - BETONMOULDS","og_description":"Utilizza gli esuberi di calcestruzzo direttamente per dare vita a un sistema edile modulare immediatamente spendibile.","og_url":"https:\/\/www.betonmoulds.com\/it\/ambiti-di-utilizzo\/impianti-di-betonaggio-per-calcestruzzo-premiscelato\/","og_site_name":"BETONMOULDS","article_modified_time":"2025-02-26T10:06:31+00:00","twitter_card":"summary_large_image","twitter_misc":{"Tempo di lettura stimato":"3 minuti"},"schema":{"@context":"https:\/\/schema.org","@graph":[{"@type":"WebPage","@id":"https:\/\/www.betonmoulds.com\/it\/ambiti-di-utilizzo\/impianti-di-betonaggio-per-calcestruzzo-premiscelato\/","url":"https:\/\/www.betonmoulds.com\/it\/ambiti-di-utilizzo\/impianti-di-betonaggio-per-calcestruzzo-premiscelato\/","name":"Gestisci in modo sostenibile gli esuberi di calcestruzzo grazie ad apposite casseforme. - BETONMOULDS","isPartOf":{"@id":"https:\/\/www.betonmoulds.com\/it\/#website"},"datePublished":"2022-03-04T14:59:55+00:00","dateModified":"2025-02-26T10:06:31+00:00","description":"Utilizza gli esuberi di calcestruzzo direttamente per dare vita a un sistema edile modulare immediatamente spendibile.","breadcrumb":{"@id":"https:\/\/www.betonmoulds.com\/it\/ambiti-di-utilizzo\/impianti-di-betonaggio-per-calcestruzzo-premiscelato\/#breadcrumb"},"inLanguage":"it-IT","potentialAction":[{"@type":"ReadAction","target":["https:\/\/www.betonmoulds.com\/it\/ambiti-di-utilizzo\/impianti-di-betonaggio-per-calcestruzzo-premiscelato\/"]}]},{"@type":"BreadcrumbList","@id":"https:\/\/www.betonmoulds.com\/it\/ambiti-di-utilizzo\/impianti-di-betonaggio-per-calcestruzzo-premiscelato\/#breadcrumb","itemListElement":[{"@type":"ListItem","position":1,"name":"Home","item":"https:\/\/www.betonmoulds.com\/it\/"},{"@type":"ListItem","position":2,"name":"Ambiti di utilizzo","item":"https:\/\/www.betonmoulds.com\/it\/einsatzbereiche\/"},{"@type":"ListItem","position":3,"name":"Impianti di betonaggio per calcestruzzo premiscelato"}]},{"@type":"WebSite","@id":"https:\/\/www.betonmoulds.com\/it\/#website","url":"https:\/\/www.betonmoulds.com\/it\/","name":"BETONMOULDS","description":"Upcycle leftover concrete","potentialAction":[{"@type":"SearchAction","target":{"@type":"EntryPoint","urlTemplate":"https:\/\/www.betonmoulds.com\/it\/?s={search_term_string}"},"query-input":{"@type":"PropertyValueSpecification","valueRequired":true,"valueName":"search_term_string"}}],"inLanguage":"it-IT"}]}},"_links":{"self":[{"href":"https:\/\/www.betonmoulds.com\/it\/wp-json\/wp\/v2\/pages\/5975","targetHints":{"allow":["GET"]}}],"collection":[{"href":"https:\/\/www.betonmoulds.com\/it\/wp-json\/wp\/v2\/pages"}],"about":[{"href":"https:\/\/www.betonmoulds.com\/it\/wp-json\/wp\/v2\/types\/page"}],"author":[{"embeddable":true,"href":"https:\/\/www.betonmoulds.com\/it\/wp-json\/wp\/v2\/users\/1"}],"replies":[{"embeddable":true,"href":"https:\/\/www.betonmoulds.com\/it\/wp-json\/wp\/v2\/comments?post=5975"}],"version-history":[{"count":8,"href":"https:\/\/www.betonmoulds.com\/it\/wp-json\/wp\/v2\/pages\/5975\/revisions"}],"predecessor-version":[{"id":10520,"href":"https:\/\/www.betonmoulds.com\/it\/wp-json\/wp\/v2\/pages\/5975\/revisions\/10520"}],"up":[{"embeddable":true,"href":"https:\/\/www.betonmoulds.com\/it\/wp-json\/wp\/v2\/pages\/5931"}],"wp:attachment":[{"href":"https:\/\/www.betonmoulds.com\/it\/wp-json\/wp\/v2\/media?parent=5975"}],"curies":[{"name":"wp","href":"https:\/\/api.w.org\/{rel}","templated":true}]}}