{"id":5939,"date":"2023-02-21T15:58:32","date_gmt":"2023-02-21T15:58:32","guid":{"rendered":"https:\/\/www.betonmoulds.com\/area-of-use\/agricultural-livestock-concrete\/"},"modified":"2024-02-23T14:25:48","modified_gmt":"2024-02-23T14:25:48","slug":"il-calcestruzzo-nel-settore-agricolo-e-zootecnico","status":"publish","type":"page","link":"https:\/\/www.betonmoulds.com\/it\/ambiti-di-utilizzo\/il-calcestruzzo-nel-settore-agricolo-e-zootecnico\/","title":{"rendered":"Il calcestruzzo nel settore agricolo e zootecnico"},"content":{"rendered":"<div class=\"wpb-content-wrapper\"><p>[vc_row css=&#8221;.vc_custom_1677941530518{margin-top: 30px !important;padding-bottom: 10px !important;}&#8221; conditional_render=&#8221;%5B%7B%22value_role%22%3A%22administrator%22%7D%5D&#8221;][vc_column][vc_column_text]<\/p>\n<p style=\"text-align: center;\"><span style=\"font-size: 25px; color: #000000;\"><strong>IL CALCESTRUZZO NEL SETTORE AGRICOLO E ZOOTECNICO<\/strong><\/span><\/p>\n<p style=\"text-align: center;\">Le aziende dedicate all\u2019agricoltura e all\u2019allevamento animale trovano i blocchi da costruzione modulari particolarmente interessanti per via della loro facilit\u00e0 di installazione e della loro mobilit\u00e0. Infatti, utilizzano le lastre per le pavimentazioni e i blocchi per i tramezzi. Le lastre in calcestruzzo vengono spesso denominate lastre industriali.<\/p>\n<p style=\"text-align: center;\">Il termine si riferisce a una variante pi\u00f9 economica rispetto a quella prodotta dalla Stelcon. La <a href=\"https:\/\/www.stelcon.de\/\" target=\"_blank\" rel=\"noopener\"><strong>Stelcon<\/strong><\/a> \u00e8 un marchio molto rinomato nel settore, e offre prodotti di alta qualit\u00e0. Tuttavia, non \u00e8 sempre indispensabile optare per questo brand. Ce ne sono tantissimi altri, di produttori di lastre industriali di qualit\u00e0, al giorno d\u2019oggi.<\/p>\n<p style=\"text-align: center;\">Considerando il fatto che le stalle, i fienili e le aree di stoccaggio utilizzate dagli allevatori sono spesso ingombranti, e che le fattorie utilizzano macchinari in quantit\u00e0, la produzione degli elementi in calcestruzzo viene generalmente effettuata in-house. Con le giuste istruzioni e delle casseforme in acciaio solide \u00e8 infatti possibile creare da s\u00e9 <a href=\"https:\/\/www.betonmoulds.com\/it\/categoria-prodotto\/blocchi-in-calcestruzzo-stampi\/\"><strong>blocchi<\/strong><\/a> e<a href=\"https:\/\/www.betonmoulds.com\/it\/categoria-prodotto\/lastre-per-pavimentazione-stampi\/\"><strong> lastre in calcestruzzo<\/strong><\/a>. Gli <a href=\"https:\/\/www.betonmoulds.com\/it\/categoria-prodotto\/trasporto-e-sollevamento\/\"><strong>strumenti per il sollevamento<\/strong><\/a> sono inoltre compatibili con i trattori, i carrelli elevatori, i sollevatori e le escavatrici solitamente utilizzati da allevatori e orticoltori.<\/p>\n<p>[\/vc_column_text][\/vc_column][\/vc_row][vc_row full_width=&#8221;stretch_row&#8221; gap=&#8221;30&#8243; content_placement=&#8221;middle&#8221; css=&#8221;.vc_custom_1677941512138{padding-top: 40px !important;padding-bottom: 20px !important;background-color: #1c1c1c !important;}&#8221; conditional_render=&#8221;%5B%7B%22value_role%22%3A%22administrator%22%7D%5D&#8221;][vc_column width=&#8221;1\/2&#8243;][vc_column_text]<span style=\"color: #f2f2f2\">Se analizziamo pi\u00f9 in dettaglio il settore agricolo, possiamo suddividerlo in:<\/span><\/p>\n<p><span style=\"font-size: 20px;color: #f2f2f2\"><strong>CAMPICOLTURA<\/strong><\/span><\/p>\n<p><span style=\"color: #f2f2f2\">Le lastre in calcestruzzo sono perfette per pavimentare i terreni agricoli e creare percorsi destinati ad accogliere i macchinari pesanti. L\u2019uso di lastre in calcestruzzo prefabbricate aggiunge il necessario livello di funzionalit\u00e0. Queste lastre resistono alle peggiori condizioni e durano una vita.<\/span><\/p>\n<p><span style=\"color: #f2f2f2\">I blocchi in calcestruzzo vengono invece impiegati nella creazione di dighe di accesso o come contrappesi per autocarri a lungo raggio, come ad esempio i trattori.<\/span>[\/vc_column_text][\/vc_column][vc_column width=&#8221;1\/2&#8243;][vc_single_image image=&#8221;5944&#8243; img_size=&#8221;800&#215;500&#8243; alignment=&#8221;center&#8221;][\/vc_column][\/vc_row][vc_row full_width=&#8221;stretch_row&#8221; gap=&#8221;30&#8243; content_placement=&#8221;top&#8221; css=&#8221;.vc_custom_1677941829812{padding-top: 10px !important;background-color: #f2f2f2 !important;}&#8221; conditional_render=&#8221;%5B%7B%22value_role%22%3A%22administrator%22%7D%5D&#8221;][vc_column width=&#8221;1\/2&#8243;][vc_column_text]<span style=\"color: #000000\"><strong><span style=\"font-size: 20px\">ALLEVAMENTO DEL BESTIAME, O ZOOTECNICA<\/span><\/strong><\/span><\/p>\n<p>Le fattorie dedicate all\u2019allevamento del bestiame utilizzano le lastre in calcestruzzo come solida pavimentazione interna ed esterna. Queste basi stabili non richiedono praticamente manutenzione, se create con questi elementi edilizi. Le lastre industriali sono inoltre particolarmente durevoli.<\/p>\n<p>Per lo stoccaggio dello stallatico vengono utilizzati sia i blocchi che le lastre, che garantiscono flessibilit\u00e0 e una funzionalit\u00e0 ottimale nell\u2019ambito della conservazione di materiale stallatico solido.<\/p>\n<p>Il foraggio come l\u2019erba e il mais insilati vengono conservati in sili dotati di pavimentazioni composte da lastre in calcestruzzo e di tramezzi creati con blocchi a incastro.<\/p>\n<p>In breve, questi elementi da costruzione in calcestruzzo sono validi alleati nell\u2019ambito di stalle, aree di stoccaggio, fattorie e sili per insilati e stallatico.[\/vc_column_text][\/vc_column][vc_column width=&#8221;1\/2&#8243;][vc_column_text]<span style=\"font-size: 20px;color: #000000\"><strong>ORTICOLTURA <\/strong><\/span><\/p>\n<p>Nel campo dell\u2019orticoltura, le lastre prefabbricate in calcestruzzo sono perfette per creare pavimentazioni nell\u2019ambito di piazzali, strade e aree di stoccaggio. Soluzione pratica, efficiente e veloce, le lastre si fanno valere giorno dopo giorno.<\/p>\n<p>Sono molti i campi di applicazione delle lastre e dei blocchi a incastro in calcestruzzo nel settore. Nel processo di coltivazione e trattamento di ortaggi, frutta, fiori e piante, ad esempio, le pavimentazioni sono composte da lastre industriali. Molte sono le aree fornite di pavimentazioni solide, posteggi per auto e percorsi per macchinari pesanti, all\u2019interno e nei dintorni delle serre.<\/p>\n<p>I blocchi in calcestruzzo vengono invece impiegati nelle aree dedicate allo stoccaggio, come barriere antisfondamento, e per creare recinzioni e muri di contenimento e di cinta.[\/vc_column_text][\/vc_column][\/vc_row][vc_row full_width=&#8221;stretch_row&#8221; gap=&#8221;35&#8243; content_placement=&#8221;middle&#8221; conditional_render=&#8221;%5B%7B%22value_role%22%3A%22administrator%22%7D%5D&#8221; css=&#8221;.vc_custom_1677941998888{margin-top: -50px !important;margin-bottom: -40px !important;padding-bottom: 20px !important;background-color: #f2f2f2 !important;}&#8221;][vc_column width=&#8221;1\/2&#8243;][vc_single_image image=&#8221;5940&#8243; img_size=&#8221;800&#215;500&#8243;][\/vc_column][vc_column width=&#8221;1\/2&#8243;][vc_single_image image=&#8221;5943&#8243; img_size=&#8221;800&#215;500&#8243;][\/vc_column][\/vc_row]<\/p>\n<\/div>","protected":false},"excerpt":{"rendered":"<p>[vc_row css=&#8221;.vc_custom_1677941530518{margin-top: 30px !important;padding-bottom: 10px !important;}&#8221; conditional_render=&#8221;%5B%7B%22value_role%22%3A%22administrator%22%7D%5D&#8221;][vc_column][vc_column_text] IL CALCESTRUZZO NEL SETTORE AGRICOLO E ZOOTECNICO Le aziende dedicate all\u2019agricoltura e all\u2019allevamento animale trovano i blocchi da costruzione modulari particolarmente interessanti per via della loro facilit\u00e0 di installazione e della loro mobilit\u00e0. Infatti, utilizzano le lastre per le pavimentazioni e i blocchi per i tramezzi. Le lastre [&hellip;]<\/p>\n","protected":false},"author":3,"featured_media":0,"parent":5931,"menu_order":0,"comment_status":"closed","ping_status":"closed","template":"","meta":{"footnotes":""},"class_list":["post-5939","page","type-page","status-publish","hentry"],"yoast_head":"<!-- This site is optimized with the Yoast SEO plugin v27.4 - https:\/\/yoast.com\/product\/yoast-seo-wordpress\/ -->\n<title>Stampi per blocchi e lastre in calcestruzzo per l&#039;agricoltura e l&#039;allevamento - BETONMOULDS<\/title>\n<meta name=\"description\" content=\"Questi elementi da costruzione in calcestruzzo sono validi alleati nell\u2019ambito di stalle, aree di stoccaggio, fattorie e sili per insilati e stallatico. Nel processo di coltivazione e trattamento di ortaggi &amp; frutta le pavimentazioni sono composte da lastre industriali. Molte sono le aree fornite di pavimentazioni solide, posteggi per auto e percorsi per macchinari pesanti, all\u2019interno e nei dintorni delle serre.I blocchi in calcestruzzo vengono invece impiegati nelle aree dedicate allo stoccaggio, come barriere antisfondamento, e per creare recinzioni e muri di contenimento e di cinta.\" \/>\n<meta name=\"robots\" content=\"index, follow, max-snippet:-1, max-image-preview:large, max-video-preview:-1\" \/>\n<link rel=\"canonical\" href=\"https:\/\/www.betonmoulds.com\/it\/ambiti-di-utilizzo\/il-calcestruzzo-nel-settore-agricolo-e-zootecnico\/\" \/>\n<meta property=\"og:locale\" content=\"it_IT\" \/>\n<meta property=\"og:type\" content=\"article\" \/>\n<meta property=\"og:title\" content=\"Stampi per blocchi e lastre in calcestruzzo per l&#039;agricoltura e l&#039;allevamento - BETONMOULDS\" \/>\n<meta property=\"og:description\" content=\"Questi elementi da costruzione in calcestruzzo sono validi alleati nell\u2019ambito di stalle, aree di stoccaggio, fattorie e sili per insilati e stallatico. Nel processo di coltivazione e trattamento di ortaggi &amp; frutta le pavimentazioni sono composte da lastre industriali. Molte sono le aree fornite di pavimentazioni solide, posteggi per auto e percorsi per macchinari pesanti, all\u2019interno e nei dintorni delle serre.I blocchi in calcestruzzo vengono invece impiegati nelle aree dedicate allo stoccaggio, come barriere antisfondamento, e per creare recinzioni e muri di contenimento e di cinta.\" \/>\n<meta property=\"og:url\" content=\"https:\/\/www.betonmoulds.com\/it\/ambiti-di-utilizzo\/il-calcestruzzo-nel-settore-agricolo-e-zootecnico\/\" \/>\n<meta property=\"og:site_name\" content=\"BETONMOULDS\" \/>\n<meta property=\"article:modified_time\" content=\"2024-02-23T14:25:48+00:00\" \/>\n<meta name=\"twitter:card\" content=\"summary_large_image\" \/>\n<meta name=\"twitter:label1\" content=\"Tempo di lettura stimato\" \/>\n\t<meta name=\"twitter:data1\" content=\"4 minuti\" \/>\n<script type=\"application\/ld+json\" class=\"yoast-schema-graph\">{\"@context\":\"https:\\\/\\\/schema.org\",\"@graph\":[{\"@type\":\"WebPage\",\"@id\":\"https:\\\/\\\/www.betonmoulds.com\\\/it\\\/ambiti-di-utilizzo\\\/il-calcestruzzo-nel-settore-agricolo-e-zootecnico\\\/\",\"url\":\"https:\\\/\\\/www.betonmoulds.com\\\/it\\\/ambiti-di-utilizzo\\\/il-calcestruzzo-nel-settore-agricolo-e-zootecnico\\\/\",\"name\":\"Stampi per blocchi e lastre in calcestruzzo per l'agricoltura e l'allevamento - BETONMOULDS\",\"isPartOf\":{\"@id\":\"https:\\\/\\\/www.betonmoulds.com\\\/it\\\/#website\"},\"datePublished\":\"2023-02-21T15:58:32+00:00\",\"dateModified\":\"2024-02-23T14:25:48+00:00\",\"description\":\"Questi elementi da costruzione in calcestruzzo sono validi alleati nell\u2019ambito di stalle, aree di stoccaggio, fattorie e sili per insilati e stallatico. Nel processo di coltivazione e trattamento di ortaggi & frutta le pavimentazioni sono composte da lastre industriali. Molte sono le aree fornite di pavimentazioni solide, posteggi per auto e percorsi per macchinari pesanti, all\u2019interno e nei dintorni delle serre.I blocchi in calcestruzzo vengono invece impiegati nelle aree dedicate allo stoccaggio, come barriere antisfondamento, e per creare recinzioni e muri di contenimento e di cinta.\",\"breadcrumb\":{\"@id\":\"https:\\\/\\\/www.betonmoulds.com\\\/it\\\/ambiti-di-utilizzo\\\/il-calcestruzzo-nel-settore-agricolo-e-zootecnico\\\/#breadcrumb\"},\"inLanguage\":\"it-IT\",\"potentialAction\":[{\"@type\":\"ReadAction\",\"target\":[\"https:\\\/\\\/www.betonmoulds.com\\\/it\\\/ambiti-di-utilizzo\\\/il-calcestruzzo-nel-settore-agricolo-e-zootecnico\\\/\"]}]},{\"@type\":\"BreadcrumbList\",\"@id\":\"https:\\\/\\\/www.betonmoulds.com\\\/it\\\/ambiti-di-utilizzo\\\/il-calcestruzzo-nel-settore-agricolo-e-zootecnico\\\/#breadcrumb\",\"itemListElement\":[{\"@type\":\"ListItem\",\"position\":1,\"name\":\"Home\",\"item\":\"https:\\\/\\\/www.betonmoulds.com\\\/it\\\/\"},{\"@type\":\"ListItem\",\"position\":2,\"name\":\"Ambiti di utilizzo\",\"item\":\"https:\\\/\\\/www.betonmoulds.com\\\/it\\\/einsatzbereiche\\\/\"},{\"@type\":\"ListItem\",\"position\":3,\"name\":\"Il calcestruzzo nel settore agricolo e zootecnico\"}]},{\"@type\":\"WebSite\",\"@id\":\"https:\\\/\\\/www.betonmoulds.com\\\/it\\\/#website\",\"url\":\"https:\\\/\\\/www.betonmoulds.com\\\/it\\\/\",\"name\":\"BETONMOULDS\",\"description\":\"Upcycle leftover concrete\",\"potentialAction\":[{\"@type\":\"SearchAction\",\"target\":{\"@type\":\"EntryPoint\",\"urlTemplate\":\"https:\\\/\\\/www.betonmoulds.com\\\/it\\\/?s={search_term_string}\"},\"query-input\":{\"@type\":\"PropertyValueSpecification\",\"valueRequired\":true,\"valueName\":\"search_term_string\"}}],\"inLanguage\":\"it-IT\"}]}<\/script>\n<!-- \/ Yoast SEO plugin. -->","yoast_head_json":{"title":"Stampi per blocchi e lastre in calcestruzzo per l'agricoltura e l'allevamento - BETONMOULDS","description":"Questi elementi da costruzione in calcestruzzo sono validi alleati nell\u2019ambito di stalle, aree di stoccaggio, fattorie e sili per insilati e stallatico. Nel processo di coltivazione e trattamento di ortaggi & frutta le pavimentazioni sono composte da lastre industriali. Molte sono le aree fornite di pavimentazioni solide, posteggi per auto e percorsi per macchinari pesanti, all\u2019interno e nei dintorni delle serre.I blocchi in calcestruzzo vengono invece impiegati nelle aree dedicate allo stoccaggio, come barriere antisfondamento, e per creare recinzioni e muri di contenimento e di cinta.","robots":{"index":"index","follow":"follow","max-snippet":"max-snippet:-1","max-image-preview":"max-image-preview:large","max-video-preview":"max-video-preview:-1"},"canonical":"https:\/\/www.betonmoulds.com\/it\/ambiti-di-utilizzo\/il-calcestruzzo-nel-settore-agricolo-e-zootecnico\/","og_locale":"it_IT","og_type":"article","og_title":"Stampi per blocchi e lastre in calcestruzzo per l'agricoltura e l'allevamento - BETONMOULDS","og_description":"Questi elementi da costruzione in calcestruzzo sono validi alleati nell\u2019ambito di stalle, aree di stoccaggio, fattorie e sili per insilati e stallatico. Nel processo di coltivazione e trattamento di ortaggi & frutta le pavimentazioni sono composte da lastre industriali. Molte sono le aree fornite di pavimentazioni solide, posteggi per auto e percorsi per macchinari pesanti, all\u2019interno e nei dintorni delle serre.I blocchi in calcestruzzo vengono invece impiegati nelle aree dedicate allo stoccaggio, come barriere antisfondamento, e per creare recinzioni e muri di contenimento e di cinta.","og_url":"https:\/\/www.betonmoulds.com\/it\/ambiti-di-utilizzo\/il-calcestruzzo-nel-settore-agricolo-e-zootecnico\/","og_site_name":"BETONMOULDS","article_modified_time":"2024-02-23T14:25:48+00:00","twitter_card":"summary_large_image","twitter_misc":{"Tempo di lettura stimato":"4 minuti"},"schema":{"@context":"https:\/\/schema.org","@graph":[{"@type":"WebPage","@id":"https:\/\/www.betonmoulds.com\/it\/ambiti-di-utilizzo\/il-calcestruzzo-nel-settore-agricolo-e-zootecnico\/","url":"https:\/\/www.betonmoulds.com\/it\/ambiti-di-utilizzo\/il-calcestruzzo-nel-settore-agricolo-e-zootecnico\/","name":"Stampi per blocchi e lastre in calcestruzzo per l'agricoltura e l'allevamento - BETONMOULDS","isPartOf":{"@id":"https:\/\/www.betonmoulds.com\/it\/#website"},"datePublished":"2023-02-21T15:58:32+00:00","dateModified":"2024-02-23T14:25:48+00:00","description":"Questi elementi da costruzione in calcestruzzo sono validi alleati nell\u2019ambito di stalle, aree di stoccaggio, fattorie e sili per insilati e stallatico. Nel processo di coltivazione e trattamento di ortaggi & frutta le pavimentazioni sono composte da lastre industriali. Molte sono le aree fornite di pavimentazioni solide, posteggi per auto e percorsi per macchinari pesanti, all\u2019interno e nei dintorni delle serre.I blocchi in calcestruzzo vengono invece impiegati nelle aree dedicate allo stoccaggio, come barriere antisfondamento, e per creare recinzioni e muri di contenimento e di cinta.","breadcrumb":{"@id":"https:\/\/www.betonmoulds.com\/it\/ambiti-di-utilizzo\/il-calcestruzzo-nel-settore-agricolo-e-zootecnico\/#breadcrumb"},"inLanguage":"it-IT","potentialAction":[{"@type":"ReadAction","target":["https:\/\/www.betonmoulds.com\/it\/ambiti-di-utilizzo\/il-calcestruzzo-nel-settore-agricolo-e-zootecnico\/"]}]},{"@type":"BreadcrumbList","@id":"https:\/\/www.betonmoulds.com\/it\/ambiti-di-utilizzo\/il-calcestruzzo-nel-settore-agricolo-e-zootecnico\/#breadcrumb","itemListElement":[{"@type":"ListItem","position":1,"name":"Home","item":"https:\/\/www.betonmoulds.com\/it\/"},{"@type":"ListItem","position":2,"name":"Ambiti di utilizzo","item":"https:\/\/www.betonmoulds.com\/it\/einsatzbereiche\/"},{"@type":"ListItem","position":3,"name":"Il calcestruzzo nel settore agricolo e zootecnico"}]},{"@type":"WebSite","@id":"https:\/\/www.betonmoulds.com\/it\/#website","url":"https:\/\/www.betonmoulds.com\/it\/","name":"BETONMOULDS","description":"Upcycle leftover concrete","potentialAction":[{"@type":"SearchAction","target":{"@type":"EntryPoint","urlTemplate":"https:\/\/www.betonmoulds.com\/it\/?s={search_term_string}"},"query-input":{"@type":"PropertyValueSpecification","valueRequired":true,"valueName":"search_term_string"}}],"inLanguage":"it-IT"}]}},"_links":{"self":[{"href":"https:\/\/www.betonmoulds.com\/it\/wp-json\/wp\/v2\/pages\/5939","targetHints":{"allow":["GET"]}}],"collection":[{"href":"https:\/\/www.betonmoulds.com\/it\/wp-json\/wp\/v2\/pages"}],"about":[{"href":"https:\/\/www.betonmoulds.com\/it\/wp-json\/wp\/v2\/types\/page"}],"author":[{"embeddable":true,"href":"https:\/\/www.betonmoulds.com\/it\/wp-json\/wp\/v2\/users\/3"}],"replies":[{"embeddable":true,"href":"https:\/\/www.betonmoulds.com\/it\/wp-json\/wp\/v2\/comments?post=5939"}],"version-history":[{"count":5,"href":"https:\/\/www.betonmoulds.com\/it\/wp-json\/wp\/v2\/pages\/5939\/revisions"}],"predecessor-version":[{"id":7998,"href":"https:\/\/www.betonmoulds.com\/it\/wp-json\/wp\/v2\/pages\/5939\/revisions\/7998"}],"up":[{"embeddable":true,"href":"https:\/\/www.betonmoulds.com\/it\/wp-json\/wp\/v2\/pages\/5931"}],"wp:attachment":[{"href":"https:\/\/www.betonmoulds.com\/it\/wp-json\/wp\/v2\/media?parent=5939"}],"curies":[{"name":"wp","href":"https:\/\/api.w.org\/{rel}","templated":true}]}}