{"id":7422,"date":"2024-01-12T09:49:26","date_gmt":"2024-01-12T09:49:26","guid":{"rendered":"https:\/\/www.betonmoulds.com\/product\/l-160-80-80\/"},"modified":"2024-11-28T13:15:10","modified_gmt":"2024-11-28T13:15:10","slug":"l-160-80-80","status":"publish","type":"product","link":"https:\/\/www.betonmoulds.com\/fr\/product\/l-160-80-80\/","title":{"rendered":"Type L s\u00e9perateur pour moule 160-80-80"},"content":{"rendered":"","protected":false},"excerpt":{"rendered":"<p>Cet insert pour la production de blocs de b\u00e9ton pour mur de sout\u00e8nement en forme de L est un produit brevet\u00e9 unique. Pas besoin de moules s\u00e9par\u00e9s on\u00e9reux. \u00c0 utiliser avec notre moule de base pour produire une vari\u00e9t\u00e9 de blocs de b\u00e9ton.<\/p>\n<p>Les \u00e9l\u00e9ments en b\u00e9ton du mur de sout\u00e8nement en forme de L peuvent \u00eatre facilement produits \u00e0 l&rsquo;aide de cet insert. Placez cet insert dans notre <a href=\"https:\/\/www.betonmoulds.com\/fr\/product\/bb-160-80-80-bn\/\"><strong>moule de base<\/strong><\/a> et commencez votre production de blocs de mur de sout\u00e8nement.<\/p>\n<p>Les blocs en forme de L en b\u00e9ton sont con\u00e7us pour retenir le mat\u00e9riau et sont appliqu\u00e9s dans la construction murale.<\/p>\n<p>Un mur de sout\u00e8nement en forme de L est un mur en b\u00e9ton pr\u00e9fabriqu\u00e9 avec une conception en saillie. La terre retenue repose sur le radier et am\u00e9liore la qualit\u00e9 de r\u00e9tention de la structure. Le but principal d&rsquo;un mur de sout\u00e8nement est de r\u00e9sister aux pressions lat\u00e9rales cr\u00e9\u00e9es par le sol retenu \u00e0 deux hauteurs diff\u00e9rentes.<\/p>\n<p>Les murs de sout\u00e8nement sont utilis\u00e9s pour supporter le mat\u00e9riau lat\u00e9ralement afin qu&rsquo;il puisse \u00eatre retenu \u00e0 diff\u00e9rents niveaux des deux c\u00f4t\u00e9s. Id\u00e9al pour l&rsquo;industrie, l&rsquo;agriculture, le g\u00e9nie civil et la construction r\u00e9sidentielle. Une solution parfaite \u00e0 utiliser dans les projets de protection contre les inondations, les am\u00e9nagements paysagers, les murs de sout\u00e8nement des routes et des infrastructures, les silos, les baies de stockage et les \u00e9crans acoustiques.<\/p>\n<p>Dimensions des blocs en L : 160 cm x 80 cm x 80 cm. \u00c9paisseur 10 cm. Besoin de blocs plus longs ? Nous disposons d&rsquo;un <a href=\"https:\/\/www.betonmoulds.com\/fr\/product\/l-200-80-80-ext\/\"><strong>\u00e9l\u00e9ment d&rsquo;extension<\/strong><\/a> pour ce produit permettant d&rsquo;atteindre une hauteur totale de mur de 2 m\u00e8tres.<\/p>\n<p class=\"P68B1DB1-Normlny1\"><span lang=\"FR\">La polyvalence de notre insert brevet\u00e9 avec paroi en L va encore plus loin avec l&rsquo;inclusion de deux plaques de s\u00e9paration fournies avec l&rsquo;insert. L&rsquo;installation de ces plaques de s\u00e9paration dans le moule permet de produire diff\u00e9rentes hauteurs de blocs pour murs de sout\u00e8nement. Cette flexibilit\u00e9 vous permet de vous adapter aux diff\u00e9rentes exigences du projet sans avoir besoin d&rsquo;\u00e9quipements ou de moules suppl\u00e9mentaires.<\/span><\/p>\n","protected":false},"featured_media":9374,"template":"","meta":[],"product_brand":[],"product_cat":[319],"product_tag":[],"class_list":{"0":"post-7422","1":"product","2":"type-product","3":"status-publish","4":"has-post-thumbnail","6":"product_cat-insertions-separateurs-mur-de-soutenement","8":"first","9":"instock","10":"shipping-taxable","11":"purchasable","12":"product-type-simple"},"yoast_head":"<!-- This site is optimized with the Yoast SEO plugin v27.4 - https:\/\/yoast.com\/product\/yoast-seo-wordpress\/ -->\n<title>Moule \u00e0 b\u00e9ton pour mur de sout\u00e8nement type L 160-80-80 - BETONMOULDS<\/title>\n<meta name=\"robots\" content=\"index, follow, max-snippet:-1, max-image-preview:large, max-video-preview:-1\" \/>\n<link rel=\"canonical\" href=\"https:\/\/www.betonmoulds.com\/fr\/product\/l-160-80-80\/\" \/>\n<meta property=\"og:locale\" content=\"fr_FR\" \/>\n<meta property=\"og:type\" content=\"article\" \/>\n<meta property=\"og:title\" content=\"Moule \u00e0 b\u00e9ton pour mur de sout\u00e8nement type L 160-80-80 - BETONMOULDS\" \/>\n<meta property=\"og:description\" content=\"Cet insert pour la production de blocs de b\u00e9ton pour mur de sout\u00e8nement en forme de L est un produit brevet\u00e9 unique. Pas besoin de moules s\u00e9par\u00e9s on\u00e9reux. \u00c0 utiliser avec notre moule de base pour produire une vari\u00e9t\u00e9 de blocs de b\u00e9ton.  Les \u00e9l\u00e9ments en b\u00e9ton du mur de sout\u00e8nement en forme de L peuvent \u00eatre facilement produits \u00e0 l&#039;aide de cet insert. Placez cet insert dans notre moule de base et commencez votre production de blocs de mur de sout\u00e8nement.  Les blocs en forme de L en b\u00e9ton sont con\u00e7us pour retenir le mat\u00e9riau et sont appliqu\u00e9s dans la construction murale.  Un mur de sout\u00e8nement en forme de L est un mur en b\u00e9ton pr\u00e9fabriqu\u00e9 avec une conception en saillie. La terre retenue repose sur le radier et am\u00e9liore la qualit\u00e9 de r\u00e9tention de la structure. Le but principal d&#039;un mur de sout\u00e8nement est de r\u00e9sister aux pressions lat\u00e9rales cr\u00e9\u00e9es par le sol retenu \u00e0 deux hauteurs diff\u00e9rentes.  Les murs de sout\u00e8nement sont utilis\u00e9s pour supporter le mat\u00e9riau lat\u00e9ralement afin qu&#039;il puisse \u00eatre retenu \u00e0 diff\u00e9rents niveaux des deux c\u00f4t\u00e9s. Id\u00e9al pour l&#039;industrie, l&#039;agriculture, le g\u00e9nie civil et la construction r\u00e9sidentielle. Une solution parfaite \u00e0 utiliser dans les projets de protection contre les inondations, les am\u00e9nagements paysagers, les murs de sout\u00e8nement des routes et des infrastructures, les silos, les baies de stockage et les \u00e9crans acoustiques.  Dimensions des blocs en L : 160 cm x 80 cm x 80 cm. \u00c9paisseur 10 cm. Besoin de blocs plus longs ? Nous disposons d&#039;un \u00e9l\u00e9ment d&#039;extension pour ce produit permettant d&#039;atteindre une hauteur totale de mur de 2 m\u00e8tres. La polyvalence de notre insert brevet\u00e9 avec paroi en L va encore plus loin avec l&#039;inclusion de deux plaques de s\u00e9paration fournies avec l&#039;insert. L&#039;installation de ces plaques de s\u00e9paration dans le moule permet de produire diff\u00e9rentes hauteurs de blocs pour murs de sout\u00e8nement. Cette flexibilit\u00e9 vous permet de vous adapter aux diff\u00e9rentes exigences du projet sans avoir besoin d&#039;\u00e9quipements ou de moules suppl\u00e9mentaires.\" \/>\n<meta property=\"og:url\" content=\"https:\/\/www.betonmoulds.com\/fr\/product\/l-160-80-80\/\" \/>\n<meta property=\"og:site_name\" content=\"BETONMOULDS\" \/>\n<meta property=\"article:modified_time\" content=\"2024-11-28T13:15:10+00:00\" \/>\n<meta property=\"og:image\" content=\"https:\/\/www.betonmoulds.com\/wp-content\/uploads\/2024\/01\/L-160-80-80-2.jpg\" \/>\n\t<meta property=\"og:image:width\" content=\"900\" \/>\n\t<meta property=\"og:image:height\" content=\"900\" \/>\n\t<meta property=\"og:image:type\" content=\"image\/jpeg\" \/>\n<meta name=\"twitter:card\" content=\"summary_large_image\" \/>\n<meta name=\"twitter:label1\" content=\"Dur\u00e9e de lecture estim\u00e9e\" \/>\n\t<meta name=\"twitter:data1\" content=\"1 minute\" \/>\n<script type=\"application\/ld+json\" class=\"yoast-schema-graph\">{\"@context\":\"https:\\\/\\\/schema.org\",\"@graph\":[{\"@type\":\"WebPage\",\"@id\":\"https:\\\/\\\/www.betonmoulds.com\\\/fr\\\/product\\\/l-160-80-80\\\/\",\"url\":\"https:\\\/\\\/www.betonmoulds.com\\\/fr\\\/product\\\/l-160-80-80\\\/\",\"name\":\"Moule \u00e0 b\u00e9ton pour mur de sout\u00e8nement type L 160-80-80 - BETONMOULDS\",\"isPartOf\":{\"@id\":\"https:\\\/\\\/www.betonmoulds.com\\\/fr\\\/#website\"},\"primaryImageOfPage\":{\"@id\":\"https:\\\/\\\/www.betonmoulds.com\\\/fr\\\/product\\\/l-160-80-80\\\/#primaryimage\"},\"image\":{\"@id\":\"https:\\\/\\\/www.betonmoulds.com\\\/fr\\\/product\\\/l-160-80-80\\\/#primaryimage\"},\"thumbnailUrl\":\"https:\\\/\\\/www.betonmoulds.com\\\/wp-content\\\/uploads\\\/2024\\\/01\\\/L-160-80-80-2.jpg\",\"datePublished\":\"2024-01-12T09:49:26+00:00\",\"dateModified\":\"2024-11-28T13:15:10+00:00\",\"breadcrumb\":{\"@id\":\"https:\\\/\\\/www.betonmoulds.com\\\/fr\\\/product\\\/l-160-80-80\\\/#breadcrumb\"},\"inLanguage\":\"fr-FR\",\"potentialAction\":[{\"@type\":\"ReadAction\",\"target\":[\"https:\\\/\\\/www.betonmoulds.com\\\/fr\\\/product\\\/l-160-80-80\\\/\"]}]},{\"@type\":\"ImageObject\",\"inLanguage\":\"fr-FR\",\"@id\":\"https:\\\/\\\/www.betonmoulds.com\\\/fr\\\/product\\\/l-160-80-80\\\/#primaryimage\",\"url\":\"https:\\\/\\\/www.betonmoulds.com\\\/wp-content\\\/uploads\\\/2024\\\/01\\\/L-160-80-80-2.jpg\",\"contentUrl\":\"https:\\\/\\\/www.betonmoulds.com\\\/wp-content\\\/uploads\\\/2024\\\/01\\\/L-160-80-80-2.jpg\",\"width\":900,\"height\":900,\"caption\":\"moule pour bloc de b\u00e9ton en forme de L 160-80-80\"},{\"@type\":\"BreadcrumbList\",\"@id\":\"https:\\\/\\\/www.betonmoulds.com\\\/fr\\\/product\\\/l-160-80-80\\\/#breadcrumb\",\"itemListElement\":[{\"@type\":\"ListItem\",\"position\":1,\"name\":\"Home\",\"item\":\"https:\\\/\\\/www.betonmoulds.com\\\/fr\\\/\"},{\"@type\":\"ListItem\",\"position\":2,\"name\":\"Boutique\",\"item\":\"https:\\\/\\\/www.betonmoulds.com\\\/it\\\/negozio\\\/\"},{\"@type\":\"ListItem\",\"position\":3,\"name\":\"Type L s\u00e9perateur pour moule 160-80-80\"}]},{\"@type\":\"WebSite\",\"@id\":\"https:\\\/\\\/www.betonmoulds.com\\\/fr\\\/#website\",\"url\":\"https:\\\/\\\/www.betonmoulds.com\\\/fr\\\/\",\"name\":\"BETONMOULDS\",\"description\":\"Upcycle leftover concrete\",\"potentialAction\":[{\"@type\":\"SearchAction\",\"target\":{\"@type\":\"EntryPoint\",\"urlTemplate\":\"https:\\\/\\\/www.betonmoulds.com\\\/fr\\\/?s={search_term_string}\"},\"query-input\":{\"@type\":\"PropertyValueSpecification\",\"valueRequired\":true,\"valueName\":\"search_term_string\"}}],\"inLanguage\":\"fr-FR\"}]}<\/script>\n<!-- \/ Yoast SEO plugin. -->","yoast_head_json":{"title":"Moule \u00e0 b\u00e9ton pour mur de sout\u00e8nement type L 160-80-80 - BETONMOULDS","robots":{"index":"index","follow":"follow","max-snippet":"max-snippet:-1","max-image-preview":"max-image-preview:large","max-video-preview":"max-video-preview:-1"},"canonical":"https:\/\/www.betonmoulds.com\/fr\/product\/l-160-80-80\/","og_locale":"fr_FR","og_type":"article","og_title":"Moule \u00e0 b\u00e9ton pour mur de sout\u00e8nement type L 160-80-80 - BETONMOULDS","og_description":"Cet insert pour la production de blocs de b\u00e9ton pour mur de sout\u00e8nement en forme de L est un produit brevet\u00e9 unique. Pas besoin de moules s\u00e9par\u00e9s on\u00e9reux. \u00c0 utiliser avec notre moule de base pour produire une vari\u00e9t\u00e9 de blocs de b\u00e9ton.  Les \u00e9l\u00e9ments en b\u00e9ton du mur de sout\u00e8nement en forme de L peuvent \u00eatre facilement produits \u00e0 l'aide de cet insert. Placez cet insert dans notre moule de base et commencez votre production de blocs de mur de sout\u00e8nement.  Les blocs en forme de L en b\u00e9ton sont con\u00e7us pour retenir le mat\u00e9riau et sont appliqu\u00e9s dans la construction murale.  Un mur de sout\u00e8nement en forme de L est un mur en b\u00e9ton pr\u00e9fabriqu\u00e9 avec une conception en saillie. La terre retenue repose sur le radier et am\u00e9liore la qualit\u00e9 de r\u00e9tention de la structure. Le but principal d'un mur de sout\u00e8nement est de r\u00e9sister aux pressions lat\u00e9rales cr\u00e9\u00e9es par le sol retenu \u00e0 deux hauteurs diff\u00e9rentes.  Les murs de sout\u00e8nement sont utilis\u00e9s pour supporter le mat\u00e9riau lat\u00e9ralement afin qu'il puisse \u00eatre retenu \u00e0 diff\u00e9rents niveaux des deux c\u00f4t\u00e9s. Id\u00e9al pour l'industrie, l'agriculture, le g\u00e9nie civil et la construction r\u00e9sidentielle. Une solution parfaite \u00e0 utiliser dans les projets de protection contre les inondations, les am\u00e9nagements paysagers, les murs de sout\u00e8nement des routes et des infrastructures, les silos, les baies de stockage et les \u00e9crans acoustiques.  Dimensions des blocs en L : 160 cm x 80 cm x 80 cm. \u00c9paisseur 10 cm. Besoin de blocs plus longs ? Nous disposons d'un \u00e9l\u00e9ment d'extension pour ce produit permettant d'atteindre une hauteur totale de mur de 2 m\u00e8tres. La polyvalence de notre insert brevet\u00e9 avec paroi en L va encore plus loin avec l'inclusion de deux plaques de s\u00e9paration fournies avec l'insert. L'installation de ces plaques de s\u00e9paration dans le moule permet de produire diff\u00e9rentes hauteurs de blocs pour murs de sout\u00e8nement. Cette flexibilit\u00e9 vous permet de vous adapter aux diff\u00e9rentes exigences du projet sans avoir besoin d'\u00e9quipements ou de moules suppl\u00e9mentaires.","og_url":"https:\/\/www.betonmoulds.com\/fr\/product\/l-160-80-80\/","og_site_name":"BETONMOULDS","article_modified_time":"2024-11-28T13:15:10+00:00","og_image":[{"width":900,"height":900,"url":"https:\/\/www.betonmoulds.com\/wp-content\/uploads\/2024\/01\/L-160-80-80-2.jpg","type":"image\/jpeg"}],"twitter_card":"summary_large_image","twitter_misc":{"Dur\u00e9e de lecture estim\u00e9e":"1 minute"},"schema":{"@context":"https:\/\/schema.org","@graph":[{"@type":"WebPage","@id":"https:\/\/www.betonmoulds.com\/fr\/product\/l-160-80-80\/","url":"https:\/\/www.betonmoulds.com\/fr\/product\/l-160-80-80\/","name":"Moule \u00e0 b\u00e9ton pour mur de sout\u00e8nement type L 160-80-80 - BETONMOULDS","isPartOf":{"@id":"https:\/\/www.betonmoulds.com\/fr\/#website"},"primaryImageOfPage":{"@id":"https:\/\/www.betonmoulds.com\/fr\/product\/l-160-80-80\/#primaryimage"},"image":{"@id":"https:\/\/www.betonmoulds.com\/fr\/product\/l-160-80-80\/#primaryimage"},"thumbnailUrl":"https:\/\/www.betonmoulds.com\/wp-content\/uploads\/2024\/01\/L-160-80-80-2.jpg","datePublished":"2024-01-12T09:49:26+00:00","dateModified":"2024-11-28T13:15:10+00:00","breadcrumb":{"@id":"https:\/\/www.betonmoulds.com\/fr\/product\/l-160-80-80\/#breadcrumb"},"inLanguage":"fr-FR","potentialAction":[{"@type":"ReadAction","target":["https:\/\/www.betonmoulds.com\/fr\/product\/l-160-80-80\/"]}]},{"@type":"ImageObject","inLanguage":"fr-FR","@id":"https:\/\/www.betonmoulds.com\/fr\/product\/l-160-80-80\/#primaryimage","url":"https:\/\/www.betonmoulds.com\/wp-content\/uploads\/2024\/01\/L-160-80-80-2.jpg","contentUrl":"https:\/\/www.betonmoulds.com\/wp-content\/uploads\/2024\/01\/L-160-80-80-2.jpg","width":900,"height":900,"caption":"moule pour bloc de b\u00e9ton en forme de L 160-80-80"},{"@type":"BreadcrumbList","@id":"https:\/\/www.betonmoulds.com\/fr\/product\/l-160-80-80\/#breadcrumb","itemListElement":[{"@type":"ListItem","position":1,"name":"Home","item":"https:\/\/www.betonmoulds.com\/fr\/"},{"@type":"ListItem","position":2,"name":"Boutique","item":"https:\/\/www.betonmoulds.com\/it\/negozio\/"},{"@type":"ListItem","position":3,"name":"Type L s\u00e9perateur pour moule 160-80-80"}]},{"@type":"WebSite","@id":"https:\/\/www.betonmoulds.com\/fr\/#website","url":"https:\/\/www.betonmoulds.com\/fr\/","name":"BETONMOULDS","description":"Upcycle leftover concrete","potentialAction":[{"@type":"SearchAction","target":{"@type":"EntryPoint","urlTemplate":"https:\/\/www.betonmoulds.com\/fr\/?s={search_term_string}"},"query-input":{"@type":"PropertyValueSpecification","valueRequired":true,"valueName":"search_term_string"}}],"inLanguage":"fr-FR"}]}},"_links":{"self":[{"href":"https:\/\/www.betonmoulds.com\/fr\/wp-json\/wp\/v2\/product\/7422","targetHints":{"allow":["GET"]}}],"collection":[{"href":"https:\/\/www.betonmoulds.com\/fr\/wp-json\/wp\/v2\/product"}],"about":[{"href":"https:\/\/www.betonmoulds.com\/fr\/wp-json\/wp\/v2\/types\/product"}],"wp:featuredmedia":[{"embeddable":true,"href":"https:\/\/www.betonmoulds.com\/fr\/wp-json\/wp\/v2\/media\/9374"}],"wp:attachment":[{"href":"https:\/\/www.betonmoulds.com\/fr\/wp-json\/wp\/v2\/media?parent=7422"}],"wp:term":[{"taxonomy":"product_brand","embeddable":true,"href":"https:\/\/www.betonmoulds.com\/fr\/wp-json\/wp\/v2\/product_brand?post=7422"},{"taxonomy":"product_cat","embeddable":true,"href":"https:\/\/www.betonmoulds.com\/fr\/wp-json\/wp\/v2\/product_cat?post=7422"},{"taxonomy":"product_tag","embeddable":true,"href":"https:\/\/www.betonmoulds.com\/fr\/wp-json\/wp\/v2\/product_tag?post=7422"}],"curies":[{"name":"wp","href":"https:\/\/api.w.org\/{rel}","templated":true}]}}