{"id":7355,"date":"2024-01-11T17:25:16","date_gmt":"2024-01-11T17:25:16","guid":{"rendered":"https:\/\/www.betonmoulds.com\/product\/jb-160-80-80\/"},"modified":"2026-03-19T15:42:28","modified_gmt":"2026-03-19T15:42:28","slug":"jb-160-80-80","status":"publish","type":"product","link":"https:\/\/www.betonmoulds.com\/fr\/product\/jb-160-80-80\/","title":{"rendered":"Jersey Barrier insert pour moule 160-80-80"},"content":{"rendered":"","protected":false},"excerpt":{"rendered":"<p class=\"P68B1DB1-Standaard2\">L&rsquo;insert brevet\u00e9 unique pour la production de barri\u00e8res Jersey en b\u00e9ton. Pas besoin de moules s\u00e9par\u00e9s on\u00e9reux. \u00c0 utiliser avec notre moule de base pour produire une vari\u00e9t\u00e9 de blocs de b\u00e9ton.<\/p>\n<p class=\"P68B1DB1-Standaard2\">\u00c9galement <a href=\"https:\/\/www.betonmoulds.com\/fr\/product\/jb-200-80-80\/\"><strong>disponible en 200 cm<\/strong><\/a>.<\/p>\n<p class=\"P68B1DB1-Standaard2\">Les barri\u00e8res Jersey r\u00e9duisent le risque d&rsquo;accidents et sont utilis\u00e9es pour g\u00e9rer la circulation et la s\u00e9curit\u00e9 sur les routes et sur les chantiers de construction, les grands \u00e9v\u00e9nements et les festivals. Les barri\u00e8res en b\u00e9ton offrent une durabilit\u00e9 maximale et n\u00e9cessitent un minimum d&rsquo;entretien.<\/p>\n<p class=\"P68B1DB1-Standaard2\">Ces barri\u00e8res de s\u00e9curit\u00e9 offrent une solution rapide et efficace pour la protection du p\u00e9rim\u00e8tre de circulation des v\u00e9hicules et la gestion des acc\u00e8s restreints. Particuli\u00e8rement utile pour prot\u00e9ger les zones industrielles, les chantiers de construction, les b\u00e2timents inoccup\u00e9s et pour d\u00e9limiter les voies pi\u00e9tonnes, la circulation et les zones de stockage.<\/p>\n<p><strong>Manipulation facile des barri\u00e8res<\/strong><\/p>\n<p>Un bloc de b\u00e9ton avec des fentes pour fourches de chariot \u00e9l\u00e9vateur peut \u00eatre produit en utilisant les inserts de fente pour <a href=\"https:\/\/www.betonmoulds.com\/fr\/product\/fl-80\/\"><strong>fourches de chariot \u00e9l\u00e9vateur<\/strong><\/a>. Les fentes pour fourches de chariot \u00e9l\u00e9vateur permettent de d\u00e9placer les barri\u00e8res Jersey en un minimum de temps et avec peu de main d&rsquo;\u0153uvre. Id\u00e9al lorsque des barri\u00e8res sont temporairement utilis\u00e9es pour r\u00e9guler la circulation pendant la construction et la fermeture des routes et pour la gestion du contr\u00f4le des foules lors des festivals.<\/p>\n<p><strong>Plus petites longueurs de blocs barri\u00e8res<\/strong><\/p>\n<p>Avez-vous besoin de produire de plus petites barri\u00e8res Jersey adapt\u00e9es \u00e0 votre projet ? Utilisez le <a href=\"https:\/\/www.betonmoulds.com\/fr\/product\/jb-dp-0\/\"><strong>s\u00e9parateur de Jersey<\/strong><\/a>\u00a0pour raccourcir verticalement le moule.<\/p>\n<p><strong>Blocs de barri\u00e8re en pente<\/strong><\/p>\n<p>Les blocs Jersey en pente sont utilis\u00e9s lorsque vous avez besoin d&rsquo;une barri\u00e8re avec une transition fluide de haut en bas. Cela peut \u00eatre cr\u00e9\u00e9 en installant <a href=\"https:\/\/www.betonmoulds.com\/fr\/product\/jb-sb-60\/\"><strong>l&rsquo;insert de pente<\/strong><\/a> dans le moule.<\/p>\n<p><strong>Remplisseur<\/strong><\/p>\n<p>Nous fournissons des <a href=\"https:\/\/www.betonmoulds.com\/fr\/product\/jb-ef\/\"><strong>tr\u00e9mies de remplissage facile<\/strong><\/a> pour guider le b\u00e9ton \u00e0 travers l&rsquo;ouverture \u00e9troite pendant le coulage.<\/p>\n<p><strong>Accessoires de fixation<\/strong><\/p>\n<p>Assurez-vous que le moule est pos\u00e9 sur une surface plane et utilisez notre<a href=\"https:\/\/www.betonmoulds.com\/fr\/product\/ct-200-130\/\"><strong> table de coul\u00e9e avec pieds r\u00e9glables.<\/strong><\/a><\/p>\n<p>Pour \u00e9viter que le moule ne soit \u00e9cras\u00e9 au sol lors d&rsquo;un coulage du b\u00e9ton trop rapide (risque de flottement), nous recommandons fortement d&rsquo;utiliser deux sangles d&rsquo;arrimage pour fixer le moule \u00e0 la table de coul\u00e9e.<\/p>\n<p>Ou d\u00e9placez simplement les sangles d&rsquo;arrimage sous la plaque de base (plaque d&rsquo;acier ou panneau de contreplaqu\u00e9) si une table de coul\u00e9e n&rsquo;est pas utilis\u00e9e, et fixez ainsi le moule pour barri\u00e8re Jersey au sol. Les sangles d&rsquo;arrimage peuvent \u00eatre facilement accroch\u00e9es dans les trous des plaques de durcissement sur les c\u00f4t\u00e9s du moule.<\/p>\n<p><strong>Levage et transport<\/strong><\/p>\n<p>Une pince de levage m\u00e9canique est disponible pour soulever et transporter les blocs en b\u00e9ton de barri\u00e8re Jersey. Un syst\u00e8me de transport avec t\u00eates d&rsquo;ancrage, mains de levage et palonnier pour chariot \u00e9l\u00e9vateur est \u00e9galement disponible \u00e0 cet effet.<\/p>\n","protected":false},"featured_media":7325,"template":"","meta":[],"product_brand":[],"product_cat":[314],"product_tag":[],"class_list":{"0":"post-7355","1":"product","2":"type-product","3":"status-publish","4":"has-post-thumbnail","6":"product_cat-insertions-separateurs-jersey","8":"first","9":"instock","10":"shipping-taxable","11":"purchasable","12":"product-type-simple"},"yoast_head":"<!-- This site is optimized with the Yoast SEO plugin v27.4 - https:\/\/yoast.com\/product\/yoast-seo-wordpress\/ -->\n<title>Jersey Barrier insert pour moule 160-80-80 - BETONMOULDS<\/title>\n<meta name=\"robots\" content=\"index, follow, max-snippet:-1, max-image-preview:large, max-video-preview:-1\" \/>\n<link rel=\"canonical\" href=\"https:\/\/www.betonmoulds.com\/fr\/product\/jb-160-80-80\/\" \/>\n<meta property=\"og:locale\" content=\"fr_FR\" \/>\n<meta property=\"og:type\" content=\"article\" \/>\n<meta property=\"og:title\" content=\"Jersey Barrier insert pour moule 160-80-80 - BETONMOULDS\" \/>\n<meta property=\"og:description\" content=\"L&#039;insert brevet\u00e9 unique pour la production de barri\u00e8res Jersey en b\u00e9ton. Pas besoin de moules s\u00e9par\u00e9s on\u00e9reux. \u00c0 utiliser avec notre moule de base pour produire une vari\u00e9t\u00e9 de blocs de b\u00e9ton. \u00c9galement disponible en 200 cm. Les barri\u00e8res Jersey r\u00e9duisent le risque d&#039;accidents et sont utilis\u00e9es pour g\u00e9rer la circulation et la s\u00e9curit\u00e9 sur les routes et sur les chantiers de construction, les grands \u00e9v\u00e9nements et les festivals. Les barri\u00e8res en b\u00e9ton offrent une durabilit\u00e9 maximale et n\u00e9cessitent un minimum d&#039;entretien. Ces barri\u00e8res de s\u00e9curit\u00e9 offrent une solution rapide et efficace pour la protection du p\u00e9rim\u00e8tre de circulation des v\u00e9hicules et la gestion des acc\u00e8s restreints. Particuli\u00e8rement utile pour prot\u00e9ger les zones industrielles, les chantiers de construction, les b\u00e2timents inoccup\u00e9s et pour d\u00e9limiter les voies pi\u00e9tonnes, la circulation et les zones de stockage. Manipulation facile des barri\u00e8res  Un bloc de b\u00e9ton avec des fentes pour fourches de chariot \u00e9l\u00e9vateur peut \u00eatre produit en utilisant les inserts de fente pour fourches de chariot \u00e9l\u00e9vateur. Les fentes pour fourches de chariot \u00e9l\u00e9vateur permettent de d\u00e9placer les barri\u00e8res Jersey en un minimum de temps et avec peu de main d&#039;\u0153uvre. Id\u00e9al lorsque des barri\u00e8res sont temporairement utilis\u00e9es pour r\u00e9guler la circulation pendant la construction et la fermeture des routes et pour la gestion du contr\u00f4le des foules lors des festivals.  Plus petites longueurs de blocs barri\u00e8res  Avez-vous besoin de produire de plus petites barri\u00e8res Jersey adapt\u00e9es \u00e0 votre projet ? Utilisez le s\u00e9parateur de Jersey\u00a0pour raccourcir verticalement le moule.  Blocs de barri\u00e8re en pente  Les blocs Jersey en pente sont utilis\u00e9s lorsque vous avez besoin d&#039;une barri\u00e8re avec une transition fluide de haut en bas. Cela peut \u00eatre cr\u00e9\u00e9 en installant l&#039;insert de pente dans le moule.  Remplisseur  Nous fournissons des tr\u00e9mies de remplissage facile pour guider le b\u00e9ton \u00e0 travers l&#039;ouverture \u00e9troite pendant le coulage.  Accessoires de fixation  Assurez-vous que le moule est pos\u00e9 sur une surface plane et utilisez notre table de coul\u00e9e avec pieds r\u00e9glables.  Pour \u00e9viter que le moule ne soit \u00e9cras\u00e9 au sol lors d&#039;un coulage du b\u00e9ton trop rapide (risque de flottement), nous recommandons fortement d&#039;utiliser deux sangles d&#039;arrimage pour fixer le moule \u00e0 la table de coul\u00e9e.  Ou d\u00e9placez simplement les sangles d&#039;arrimage sous la plaque de base (plaque d&#039;acier ou panneau de contreplaqu\u00e9) si une table de coul\u00e9e n&#039;est pas utilis\u00e9e, et fixez ainsi le moule pour barri\u00e8re Jersey au sol. Les sangles d&#039;arrimage peuvent \u00eatre facilement accroch\u00e9es dans les trous des plaques de durcissement sur les c\u00f4t\u00e9s du moule.  Levage et transport  Une pince de levage m\u00e9canique est disponible pour soulever et transporter les blocs en b\u00e9ton de barri\u00e8re Jersey. Un syst\u00e8me de transport avec t\u00eates d&#039;ancrage, mains de levage et palonnier pour chariot \u00e9l\u00e9vateur est \u00e9galement disponible \u00e0 cet effet.\" \/>\n<meta property=\"og:url\" content=\"https:\/\/www.betonmoulds.com\/fr\/product\/jb-160-80-80\/\" \/>\n<meta property=\"og:site_name\" content=\"BETONMOULDS\" \/>\n<meta property=\"article:modified_time\" content=\"2026-03-19T15:42:28+00:00\" \/>\n<meta property=\"og:image\" content=\"https:\/\/www.betonmoulds.com\/wp-content\/uploads\/2024\/01\/JB-160-80-80.jpg\" \/>\n\t<meta property=\"og:image:width\" content=\"900\" \/>\n\t<meta property=\"og:image:height\" content=\"900\" \/>\n\t<meta property=\"og:image:type\" content=\"image\/jpeg\" \/>\n<meta name=\"twitter:card\" content=\"summary_large_image\" \/>\n<meta name=\"twitter:label1\" content=\"Dur\u00e9e de lecture estim\u00e9e\" \/>\n\t<meta name=\"twitter:data1\" content=\"1 minute\" \/>\n<script type=\"application\/ld+json\" class=\"yoast-schema-graph\">{\"@context\":\"https:\\\/\\\/schema.org\",\"@graph\":[{\"@type\":\"WebPage\",\"@id\":\"https:\\\/\\\/www.betonmoulds.com\\\/fr\\\/product\\\/jb-160-80-80\\\/\",\"url\":\"https:\\\/\\\/www.betonmoulds.com\\\/fr\\\/product\\\/jb-160-80-80\\\/\",\"name\":\"Jersey Barrier insert pour moule 160-80-80 - BETONMOULDS\",\"isPartOf\":{\"@id\":\"https:\\\/\\\/www.betonmoulds.com\\\/fr\\\/#website\"},\"primaryImageOfPage\":{\"@id\":\"https:\\\/\\\/www.betonmoulds.com\\\/fr\\\/product\\\/jb-160-80-80\\\/#primaryimage\"},\"image\":{\"@id\":\"https:\\\/\\\/www.betonmoulds.com\\\/fr\\\/product\\\/jb-160-80-80\\\/#primaryimage\"},\"thumbnailUrl\":\"https:\\\/\\\/www.betonmoulds.com\\\/wp-content\\\/uploads\\\/2024\\\/01\\\/JB-160-80-80.jpg\",\"datePublished\":\"2024-01-11T17:25:16+00:00\",\"dateModified\":\"2026-03-19T15:42:28+00:00\",\"breadcrumb\":{\"@id\":\"https:\\\/\\\/www.betonmoulds.com\\\/fr\\\/product\\\/jb-160-80-80\\\/#breadcrumb\"},\"inLanguage\":\"fr-FR\",\"potentialAction\":[{\"@type\":\"ReadAction\",\"target\":[\"https:\\\/\\\/www.betonmoulds.com\\\/fr\\\/product\\\/jb-160-80-80\\\/\"]}]},{\"@type\":\"ImageObject\",\"inLanguage\":\"fr-FR\",\"@id\":\"https:\\\/\\\/www.betonmoulds.com\\\/fr\\\/product\\\/jb-160-80-80\\\/#primaryimage\",\"url\":\"https:\\\/\\\/www.betonmoulds.com\\\/wp-content\\\/uploads\\\/2024\\\/01\\\/JB-160-80-80.jpg\",\"contentUrl\":\"https:\\\/\\\/www.betonmoulds.com\\\/wp-content\\\/uploads\\\/2024\\\/01\\\/JB-160-80-80.jpg\",\"width\":900,\"height\":900,\"caption\":\"moule de b\u00e2ti de barri\u00e8re de jersey\"},{\"@type\":\"BreadcrumbList\",\"@id\":\"https:\\\/\\\/www.betonmoulds.com\\\/fr\\\/product\\\/jb-160-80-80\\\/#breadcrumb\",\"itemListElement\":[{\"@type\":\"ListItem\",\"position\":1,\"name\":\"Home\",\"item\":\"https:\\\/\\\/www.betonmoulds.com\\\/fr\\\/\"},{\"@type\":\"ListItem\",\"position\":2,\"name\":\"Boutique\",\"item\":\"https:\\\/\\\/www.betonmoulds.com\\\/it\\\/negozio\\\/\"},{\"@type\":\"ListItem\",\"position\":3,\"name\":\"Jersey Barrier insert pour moule 160-80-80\"}]},{\"@type\":\"WebSite\",\"@id\":\"https:\\\/\\\/www.betonmoulds.com\\\/fr\\\/#website\",\"url\":\"https:\\\/\\\/www.betonmoulds.com\\\/fr\\\/\",\"name\":\"BETONMOULDS\",\"description\":\"Upcycle leftover concrete\",\"potentialAction\":[{\"@type\":\"SearchAction\",\"target\":{\"@type\":\"EntryPoint\",\"urlTemplate\":\"https:\\\/\\\/www.betonmoulds.com\\\/fr\\\/?s={search_term_string}\"},\"query-input\":{\"@type\":\"PropertyValueSpecification\",\"valueRequired\":true,\"valueName\":\"search_term_string\"}}],\"inLanguage\":\"fr-FR\"}]}<\/script>\n<!-- \/ Yoast SEO plugin. -->","yoast_head_json":{"title":"Jersey Barrier insert pour moule 160-80-80 - BETONMOULDS","robots":{"index":"index","follow":"follow","max-snippet":"max-snippet:-1","max-image-preview":"max-image-preview:large","max-video-preview":"max-video-preview:-1"},"canonical":"https:\/\/www.betonmoulds.com\/fr\/product\/jb-160-80-80\/","og_locale":"fr_FR","og_type":"article","og_title":"Jersey Barrier insert pour moule 160-80-80 - BETONMOULDS","og_description":"L'insert brevet\u00e9 unique pour la production de barri\u00e8res Jersey en b\u00e9ton. Pas besoin de moules s\u00e9par\u00e9s on\u00e9reux. \u00c0 utiliser avec notre moule de base pour produire une vari\u00e9t\u00e9 de blocs de b\u00e9ton. \u00c9galement disponible en 200 cm. Les barri\u00e8res Jersey r\u00e9duisent le risque d'accidents et sont utilis\u00e9es pour g\u00e9rer la circulation et la s\u00e9curit\u00e9 sur les routes et sur les chantiers de construction, les grands \u00e9v\u00e9nements et les festivals. Les barri\u00e8res en b\u00e9ton offrent une durabilit\u00e9 maximale et n\u00e9cessitent un minimum d'entretien. Ces barri\u00e8res de s\u00e9curit\u00e9 offrent une solution rapide et efficace pour la protection du p\u00e9rim\u00e8tre de circulation des v\u00e9hicules et la gestion des acc\u00e8s restreints. Particuli\u00e8rement utile pour prot\u00e9ger les zones industrielles, les chantiers de construction, les b\u00e2timents inoccup\u00e9s et pour d\u00e9limiter les voies pi\u00e9tonnes, la circulation et les zones de stockage. Manipulation facile des barri\u00e8res  Un bloc de b\u00e9ton avec des fentes pour fourches de chariot \u00e9l\u00e9vateur peut \u00eatre produit en utilisant les inserts de fente pour fourches de chariot \u00e9l\u00e9vateur. Les fentes pour fourches de chariot \u00e9l\u00e9vateur permettent de d\u00e9placer les barri\u00e8res Jersey en un minimum de temps et avec peu de main d'\u0153uvre. Id\u00e9al lorsque des barri\u00e8res sont temporairement utilis\u00e9es pour r\u00e9guler la circulation pendant la construction et la fermeture des routes et pour la gestion du contr\u00f4le des foules lors des festivals.  Plus petites longueurs de blocs barri\u00e8res  Avez-vous besoin de produire de plus petites barri\u00e8res Jersey adapt\u00e9es \u00e0 votre projet ? Utilisez le s\u00e9parateur de Jersey\u00a0pour raccourcir verticalement le moule.  Blocs de barri\u00e8re en pente  Les blocs Jersey en pente sont utilis\u00e9s lorsque vous avez besoin d'une barri\u00e8re avec une transition fluide de haut en bas. Cela peut \u00eatre cr\u00e9\u00e9 en installant l'insert de pente dans le moule.  Remplisseur  Nous fournissons des tr\u00e9mies de remplissage facile pour guider le b\u00e9ton \u00e0 travers l'ouverture \u00e9troite pendant le coulage.  Accessoires de fixation  Assurez-vous que le moule est pos\u00e9 sur une surface plane et utilisez notre table de coul\u00e9e avec pieds r\u00e9glables.  Pour \u00e9viter que le moule ne soit \u00e9cras\u00e9 au sol lors d'un coulage du b\u00e9ton trop rapide (risque de flottement), nous recommandons fortement d'utiliser deux sangles d'arrimage pour fixer le moule \u00e0 la table de coul\u00e9e.  Ou d\u00e9placez simplement les sangles d'arrimage sous la plaque de base (plaque d'acier ou panneau de contreplaqu\u00e9) si une table de coul\u00e9e n'est pas utilis\u00e9e, et fixez ainsi le moule pour barri\u00e8re Jersey au sol. Les sangles d'arrimage peuvent \u00eatre facilement accroch\u00e9es dans les trous des plaques de durcissement sur les c\u00f4t\u00e9s du moule.  Levage et transport  Une pince de levage m\u00e9canique est disponible pour soulever et transporter les blocs en b\u00e9ton de barri\u00e8re Jersey. Un syst\u00e8me de transport avec t\u00eates d'ancrage, mains de levage et palonnier pour chariot \u00e9l\u00e9vateur est \u00e9galement disponible \u00e0 cet effet.","og_url":"https:\/\/www.betonmoulds.com\/fr\/product\/jb-160-80-80\/","og_site_name":"BETONMOULDS","article_modified_time":"2026-03-19T15:42:28+00:00","og_image":[{"width":900,"height":900,"url":"https:\/\/www.betonmoulds.com\/wp-content\/uploads\/2024\/01\/JB-160-80-80.jpg","type":"image\/jpeg"}],"twitter_card":"summary_large_image","twitter_misc":{"Dur\u00e9e de lecture estim\u00e9e":"1 minute"},"schema":{"@context":"https:\/\/schema.org","@graph":[{"@type":"WebPage","@id":"https:\/\/www.betonmoulds.com\/fr\/product\/jb-160-80-80\/","url":"https:\/\/www.betonmoulds.com\/fr\/product\/jb-160-80-80\/","name":"Jersey Barrier insert pour moule 160-80-80 - BETONMOULDS","isPartOf":{"@id":"https:\/\/www.betonmoulds.com\/fr\/#website"},"primaryImageOfPage":{"@id":"https:\/\/www.betonmoulds.com\/fr\/product\/jb-160-80-80\/#primaryimage"},"image":{"@id":"https:\/\/www.betonmoulds.com\/fr\/product\/jb-160-80-80\/#primaryimage"},"thumbnailUrl":"https:\/\/www.betonmoulds.com\/wp-content\/uploads\/2024\/01\/JB-160-80-80.jpg","datePublished":"2024-01-11T17:25:16+00:00","dateModified":"2026-03-19T15:42:28+00:00","breadcrumb":{"@id":"https:\/\/www.betonmoulds.com\/fr\/product\/jb-160-80-80\/#breadcrumb"},"inLanguage":"fr-FR","potentialAction":[{"@type":"ReadAction","target":["https:\/\/www.betonmoulds.com\/fr\/product\/jb-160-80-80\/"]}]},{"@type":"ImageObject","inLanguage":"fr-FR","@id":"https:\/\/www.betonmoulds.com\/fr\/product\/jb-160-80-80\/#primaryimage","url":"https:\/\/www.betonmoulds.com\/wp-content\/uploads\/2024\/01\/JB-160-80-80.jpg","contentUrl":"https:\/\/www.betonmoulds.com\/wp-content\/uploads\/2024\/01\/JB-160-80-80.jpg","width":900,"height":900,"caption":"moule de b\u00e2ti de barri\u00e8re de jersey"},{"@type":"BreadcrumbList","@id":"https:\/\/www.betonmoulds.com\/fr\/product\/jb-160-80-80\/#breadcrumb","itemListElement":[{"@type":"ListItem","position":1,"name":"Home","item":"https:\/\/www.betonmoulds.com\/fr\/"},{"@type":"ListItem","position":2,"name":"Boutique","item":"https:\/\/www.betonmoulds.com\/it\/negozio\/"},{"@type":"ListItem","position":3,"name":"Jersey Barrier insert pour moule 160-80-80"}]},{"@type":"WebSite","@id":"https:\/\/www.betonmoulds.com\/fr\/#website","url":"https:\/\/www.betonmoulds.com\/fr\/","name":"BETONMOULDS","description":"Upcycle leftover concrete","potentialAction":[{"@type":"SearchAction","target":{"@type":"EntryPoint","urlTemplate":"https:\/\/www.betonmoulds.com\/fr\/?s={search_term_string}"},"query-input":{"@type":"PropertyValueSpecification","valueRequired":true,"valueName":"search_term_string"}}],"inLanguage":"fr-FR"}]}},"_links":{"self":[{"href":"https:\/\/www.betonmoulds.com\/fr\/wp-json\/wp\/v2\/product\/7355","targetHints":{"allow":["GET"]}}],"collection":[{"href":"https:\/\/www.betonmoulds.com\/fr\/wp-json\/wp\/v2\/product"}],"about":[{"href":"https:\/\/www.betonmoulds.com\/fr\/wp-json\/wp\/v2\/types\/product"}],"wp:featuredmedia":[{"embeddable":true,"href":"https:\/\/www.betonmoulds.com\/fr\/wp-json\/wp\/v2\/media\/7325"}],"wp:attachment":[{"href":"https:\/\/www.betonmoulds.com\/fr\/wp-json\/wp\/v2\/media?parent=7355"}],"wp:term":[{"taxonomy":"product_brand","embeddable":true,"href":"https:\/\/www.betonmoulds.com\/fr\/wp-json\/wp\/v2\/product_brand?post=7355"},{"taxonomy":"product_cat","embeddable":true,"href":"https:\/\/www.betonmoulds.com\/fr\/wp-json\/wp\/v2\/product_cat?post=7355"},{"taxonomy":"product_tag","embeddable":true,"href":"https:\/\/www.betonmoulds.com\/fr\/wp-json\/wp\/v2\/product_tag?post=7355"}],"curies":[{"name":"wp","href":"https:\/\/api.w.org\/{rel}","templated":true}]}}