{"id":5344,"date":"2023-07-17T19:13:06","date_gmt":"2023-07-17T19:13:06","guid":{"rendered":"https:\/\/www.betonmoulds.com\/product\/wedges\/"},"modified":"2026-03-19T15:41:48","modified_gmt":"2026-03-19T15:41:48","slug":"coins","status":"publish","type":"product","link":"https:\/\/www.betonmoulds.com\/fr\/product\/coins\/","title":{"rendered":"Clavette pour syst\u00e8me de coffrage"},"content":{"rendered":"","protected":false},"excerpt":{"rendered":"<p class=\"P68B1DB1-Standaard3\"><span lang=\"FR\">Verrouiller le moule en b\u00e9ton d&rsquo;acier avec nos coins galvanis\u00e9s \u00e0 chaud. Placer les coins dans les encoches des \u00e9l\u00e9ments d&rsquo;angle. En ins\u00e9rant les coins plus profond\u00e9ment dans les \u00e9l\u00e9ments d&rsquo;angle avec un marteau, le moule se verrouillera parfaitement. Le d\u00e9verrouillage est tout aussi simple : les coins peuvent \u00eatre retir\u00e9s en les poussant vers le haut hors des \u00e9l\u00e9ments d&rsquo;angle avec un marteau. Pour \u00e9viter de perdre les coins lors de l&rsquo;ouverture du moule, ils peuvent \u00eatre stock\u00e9s dans les encoches sup\u00e9rieures des \u00e9l\u00e9ments d&rsquo;angle.<\/span><\/p>\n<p class=\"P68B1DB1-Standaard1\">Chaque moule de base est livr\u00e9 avec un ensemble de quatre coins. Si les coins s&rsquo;endommagent ou s&rsquo;usent au fil du temps, ils peuvent \u00eatre rachet\u00e9s s\u00e9par\u00e9ment pour remplacer les anciens.<\/p>\n","protected":false},"featured_media":5011,"template":"","meta":[],"product_brand":[],"product_cat":[343,344,285,342],"product_tag":[],"class_list":{"0":"post-5344","1":"product","2":"type-product","3":"status-publish","4":"has-post-thumbnail","6":"product_cat-pieces-detachees-mur-de-soutenement","7":"product_cat-pieces-detachees-dalles","8":"product_cat-pieces-detachees-blocs","9":"product_cat-pieces-detachees-jersey","11":"first","12":"instock","13":"shipping-taxable","14":"purchasable","15":"product-type-simple"},"yoast_head":"<!-- This site is optimized with the Yoast SEO plugin v27.4 - https:\/\/yoast.com\/product\/yoast-seo-wordpress\/ -->\n<title>Clavette pour syst\u00e8me de coffrage - BETONMOULDS<\/title>\n<meta name=\"robots\" content=\"index, follow, max-snippet:-1, max-image-preview:large, max-video-preview:-1\" \/>\n<link rel=\"canonical\" href=\"https:\/\/www.betonmoulds.com\/fr\/product\/coins\/\" \/>\n<meta property=\"og:locale\" content=\"fr_FR\" \/>\n<meta property=\"og:type\" content=\"article\" \/>\n<meta property=\"og:title\" content=\"Clavette pour syst\u00e8me de coffrage - BETONMOULDS\" \/>\n<meta property=\"og:description\" content=\"Verrouiller le moule en b\u00e9ton d&#039;acier avec nos coins galvanis\u00e9s \u00e0 chaud. Placer les coins dans les encoches des \u00e9l\u00e9ments d&#039;angle. En ins\u00e9rant les coins plus profond\u00e9ment dans les \u00e9l\u00e9ments d&#039;angle avec un marteau, le moule se verrouillera parfaitement. Le d\u00e9verrouillage est tout aussi simple : les coins peuvent \u00eatre retir\u00e9s en les poussant vers le haut hors des \u00e9l\u00e9ments d&#039;angle avec un marteau. Pour \u00e9viter de perdre les coins lors de l&#039;ouverture du moule, ils peuvent \u00eatre stock\u00e9s dans les encoches sup\u00e9rieures des \u00e9l\u00e9ments d&#039;angle. Chaque moule de base est livr\u00e9 avec un ensemble de quatre coins. Si les coins s&#039;endommagent ou s&#039;usent au fil du temps, ils peuvent \u00eatre rachet\u00e9s s\u00e9par\u00e9ment pour remplacer les anciens.\" \/>\n<meta property=\"og:url\" content=\"https:\/\/www.betonmoulds.com\/fr\/product\/coins\/\" \/>\n<meta property=\"og:site_name\" content=\"BETONMOULDS\" \/>\n<meta property=\"article:modified_time\" content=\"2026-03-19T15:41:48+00:00\" \/>\n<meta property=\"og:image\" content=\"https:\/\/www.betonmoulds.com\/wp-content\/uploads\/2023\/07\/BM-WE.jpg\" \/>\n\t<meta property=\"og:image:width\" content=\"600\" \/>\n\t<meta property=\"og:image:height\" content=\"600\" \/>\n\t<meta property=\"og:image:type\" content=\"image\/jpeg\" \/>\n<meta name=\"twitter:card\" content=\"summary_large_image\" \/>\n<meta name=\"twitter:label1\" content=\"Dur\u00e9e de lecture estim\u00e9e\" \/>\n\t<meta name=\"twitter:data1\" content=\"1 minute\" \/>\n<script type=\"application\/ld+json\" class=\"yoast-schema-graph\">{\"@context\":\"https:\\\/\\\/schema.org\",\"@graph\":[{\"@type\":\"WebPage\",\"@id\":\"https:\\\/\\\/www.betonmoulds.com\\\/fr\\\/product\\\/coins\\\/\",\"url\":\"https:\\\/\\\/www.betonmoulds.com\\\/fr\\\/product\\\/coins\\\/\",\"name\":\"Clavette pour syst\u00e8me de coffrage - BETONMOULDS\",\"isPartOf\":{\"@id\":\"https:\\\/\\\/www.betonmoulds.com\\\/fr\\\/#website\"},\"primaryImageOfPage\":{\"@id\":\"https:\\\/\\\/www.betonmoulds.com\\\/fr\\\/product\\\/coins\\\/#primaryimage\"},\"image\":{\"@id\":\"https:\\\/\\\/www.betonmoulds.com\\\/fr\\\/product\\\/coins\\\/#primaryimage\"},\"thumbnailUrl\":\"https:\\\/\\\/www.betonmoulds.com\\\/wp-content\\\/uploads\\\/2023\\\/07\\\/BM-WE.jpg\",\"datePublished\":\"2023-07-17T19:13:06+00:00\",\"dateModified\":\"2026-03-19T15:41:48+00:00\",\"breadcrumb\":{\"@id\":\"https:\\\/\\\/www.betonmoulds.com\\\/fr\\\/product\\\/coins\\\/#breadcrumb\"},\"inLanguage\":\"fr-FR\",\"potentialAction\":[{\"@type\":\"ReadAction\",\"target\":[\"https:\\\/\\\/www.betonmoulds.com\\\/fr\\\/product\\\/coins\\\/\"]}]},{\"@type\":\"ImageObject\",\"inLanguage\":\"fr-FR\",\"@id\":\"https:\\\/\\\/www.betonmoulds.com\\\/fr\\\/product\\\/coins\\\/#primaryimage\",\"url\":\"https:\\\/\\\/www.betonmoulds.com\\\/wp-content\\\/uploads\\\/2023\\\/07\\\/BM-WE.jpg\",\"contentUrl\":\"https:\\\/\\\/www.betonmoulds.com\\\/wp-content\\\/uploads\\\/2023\\\/07\\\/BM-WE.jpg\",\"width\":600,\"height\":600,\"caption\":\"coin pour moules \u00e0 blocs de b\u00e9ton\"},{\"@type\":\"BreadcrumbList\",\"@id\":\"https:\\\/\\\/www.betonmoulds.com\\\/fr\\\/product\\\/coins\\\/#breadcrumb\",\"itemListElement\":[{\"@type\":\"ListItem\",\"position\":1,\"name\":\"Home\",\"item\":\"https:\\\/\\\/www.betonmoulds.com\\\/fr\\\/\"},{\"@type\":\"ListItem\",\"position\":2,\"name\":\"Boutique\",\"item\":\"https:\\\/\\\/www.betonmoulds.com\\\/it\\\/negozio\\\/\"},{\"@type\":\"ListItem\",\"position\":3,\"name\":\"Clavette pour syst\u00e8me de coffrage\"}]},{\"@type\":\"WebSite\",\"@id\":\"https:\\\/\\\/www.betonmoulds.com\\\/fr\\\/#website\",\"url\":\"https:\\\/\\\/www.betonmoulds.com\\\/fr\\\/\",\"name\":\"BETONMOULDS\",\"description\":\"Upcycle leftover concrete\",\"potentialAction\":[{\"@type\":\"SearchAction\",\"target\":{\"@type\":\"EntryPoint\",\"urlTemplate\":\"https:\\\/\\\/www.betonmoulds.com\\\/fr\\\/?s={search_term_string}\"},\"query-input\":{\"@type\":\"PropertyValueSpecification\",\"valueRequired\":true,\"valueName\":\"search_term_string\"}}],\"inLanguage\":\"fr-FR\"}]}<\/script>\n<!-- \/ Yoast SEO plugin. -->","yoast_head_json":{"title":"Clavette pour syst\u00e8me de coffrage - BETONMOULDS","robots":{"index":"index","follow":"follow","max-snippet":"max-snippet:-1","max-image-preview":"max-image-preview:large","max-video-preview":"max-video-preview:-1"},"canonical":"https:\/\/www.betonmoulds.com\/fr\/product\/coins\/","og_locale":"fr_FR","og_type":"article","og_title":"Clavette pour syst\u00e8me de coffrage - BETONMOULDS","og_description":"Verrouiller le moule en b\u00e9ton d'acier avec nos coins galvanis\u00e9s \u00e0 chaud. Placer les coins dans les encoches des \u00e9l\u00e9ments d'angle. En ins\u00e9rant les coins plus profond\u00e9ment dans les \u00e9l\u00e9ments d'angle avec un marteau, le moule se verrouillera parfaitement. Le d\u00e9verrouillage est tout aussi simple : les coins peuvent \u00eatre retir\u00e9s en les poussant vers le haut hors des \u00e9l\u00e9ments d'angle avec un marteau. Pour \u00e9viter de perdre les coins lors de l'ouverture du moule, ils peuvent \u00eatre stock\u00e9s dans les encoches sup\u00e9rieures des \u00e9l\u00e9ments d'angle. Chaque moule de base est livr\u00e9 avec un ensemble de quatre coins. Si les coins s'endommagent ou s'usent au fil du temps, ils peuvent \u00eatre rachet\u00e9s s\u00e9par\u00e9ment pour remplacer les anciens.","og_url":"https:\/\/www.betonmoulds.com\/fr\/product\/coins\/","og_site_name":"BETONMOULDS","article_modified_time":"2026-03-19T15:41:48+00:00","og_image":[{"width":600,"height":600,"url":"https:\/\/www.betonmoulds.com\/wp-content\/uploads\/2023\/07\/BM-WE.jpg","type":"image\/jpeg"}],"twitter_card":"summary_large_image","twitter_misc":{"Dur\u00e9e de lecture estim\u00e9e":"1 minute"},"schema":{"@context":"https:\/\/schema.org","@graph":[{"@type":"WebPage","@id":"https:\/\/www.betonmoulds.com\/fr\/product\/coins\/","url":"https:\/\/www.betonmoulds.com\/fr\/product\/coins\/","name":"Clavette pour syst\u00e8me de coffrage - BETONMOULDS","isPartOf":{"@id":"https:\/\/www.betonmoulds.com\/fr\/#website"},"primaryImageOfPage":{"@id":"https:\/\/www.betonmoulds.com\/fr\/product\/coins\/#primaryimage"},"image":{"@id":"https:\/\/www.betonmoulds.com\/fr\/product\/coins\/#primaryimage"},"thumbnailUrl":"https:\/\/www.betonmoulds.com\/wp-content\/uploads\/2023\/07\/BM-WE.jpg","datePublished":"2023-07-17T19:13:06+00:00","dateModified":"2026-03-19T15:41:48+00:00","breadcrumb":{"@id":"https:\/\/www.betonmoulds.com\/fr\/product\/coins\/#breadcrumb"},"inLanguage":"fr-FR","potentialAction":[{"@type":"ReadAction","target":["https:\/\/www.betonmoulds.com\/fr\/product\/coins\/"]}]},{"@type":"ImageObject","inLanguage":"fr-FR","@id":"https:\/\/www.betonmoulds.com\/fr\/product\/coins\/#primaryimage","url":"https:\/\/www.betonmoulds.com\/wp-content\/uploads\/2023\/07\/BM-WE.jpg","contentUrl":"https:\/\/www.betonmoulds.com\/wp-content\/uploads\/2023\/07\/BM-WE.jpg","width":600,"height":600,"caption":"coin pour moules \u00e0 blocs de b\u00e9ton"},{"@type":"BreadcrumbList","@id":"https:\/\/www.betonmoulds.com\/fr\/product\/coins\/#breadcrumb","itemListElement":[{"@type":"ListItem","position":1,"name":"Home","item":"https:\/\/www.betonmoulds.com\/fr\/"},{"@type":"ListItem","position":2,"name":"Boutique","item":"https:\/\/www.betonmoulds.com\/it\/negozio\/"},{"@type":"ListItem","position":3,"name":"Clavette pour syst\u00e8me de coffrage"}]},{"@type":"WebSite","@id":"https:\/\/www.betonmoulds.com\/fr\/#website","url":"https:\/\/www.betonmoulds.com\/fr\/","name":"BETONMOULDS","description":"Upcycle leftover concrete","potentialAction":[{"@type":"SearchAction","target":{"@type":"EntryPoint","urlTemplate":"https:\/\/www.betonmoulds.com\/fr\/?s={search_term_string}"},"query-input":{"@type":"PropertyValueSpecification","valueRequired":true,"valueName":"search_term_string"}}],"inLanguage":"fr-FR"}]}},"_links":{"self":[{"href":"https:\/\/www.betonmoulds.com\/fr\/wp-json\/wp\/v2\/product\/5344","targetHints":{"allow":["GET"]}}],"collection":[{"href":"https:\/\/www.betonmoulds.com\/fr\/wp-json\/wp\/v2\/product"}],"about":[{"href":"https:\/\/www.betonmoulds.com\/fr\/wp-json\/wp\/v2\/types\/product"}],"wp:featuredmedia":[{"embeddable":true,"href":"https:\/\/www.betonmoulds.com\/fr\/wp-json\/wp\/v2\/media\/5011"}],"wp:attachment":[{"href":"https:\/\/www.betonmoulds.com\/fr\/wp-json\/wp\/v2\/media?parent=5344"}],"wp:term":[{"taxonomy":"product_brand","embeddable":true,"href":"https:\/\/www.betonmoulds.com\/fr\/wp-json\/wp\/v2\/product_brand?post=5344"},{"taxonomy":"product_cat","embeddable":true,"href":"https:\/\/www.betonmoulds.com\/fr\/wp-json\/wp\/v2\/product_cat?post=5344"},{"taxonomy":"product_tag","embeddable":true,"href":"https:\/\/www.betonmoulds.com\/fr\/wp-json\/wp\/v2\/product_tag?post=5344"}],"curies":[{"name":"wp","href":"https:\/\/api.w.org\/{rel}","templated":true}]}}