{"id":5342,"date":"2023-07-17T19:07:44","date_gmt":"2023-07-17T19:07:44","guid":{"rendered":"https:\/\/www.betonmoulds.com\/product\/mould-opener\/"},"modified":"2026-03-19T15:46:23","modified_gmt":"2026-03-19T15:46:23","slug":"ouvre-moule","status":"publish","type":"product","link":"https:\/\/www.betonmoulds.com\/fr\/product\/ouvre-moule\/","title":{"rendered":"Ouvreuse pour moule \u00e0 bloc de b\u00e9ton"},"content":{"rendered":"","protected":false},"excerpt":{"rendered":"<p class=\"P68B1DB1-Standaard3\"><span lang=\"FR\">L&rsquo;ouvre-moule est un outil pratique pour ouvrir le moule \u00e0 b\u00e9ton avec peu de force. La cl\u00e9 s&rsquo;adapte parfaitement dans l&rsquo;\u00e9l\u00e9ment d&rsquo;angle du moule. L&rsquo;action du levier permet d&rsquo;exercer une force suffisante sur les parties du moule sans trop d&rsquo;effort, s\u00e9parant ainsi les parois en forme de L.<\/span><\/p>\n","protected":false},"featured_media":5650,"template":"","meta":[],"product_brand":[],"product_cat":[322,327,308,321,344,285,342,343],"product_tag":[],"class_list":{"0":"post-5342","1":"product","2":"type-product","3":"status-publish","4":"has-post-thumbnail","6":"product_cat-accessoires-dalles","7":"product_cat-accessoires-mur-de-soutenement","8":"product_cat-accessoires-blocs","9":"product_cat-accessoires-jersey","10":"product_cat-pieces-detachees-dalles","11":"product_cat-pieces-detachees-blocs","12":"product_cat-pieces-detachees-jersey","13":"product_cat-pieces-detachees-mur-de-soutenement","15":"first","16":"instock","17":"shipping-taxable","18":"purchasable","19":"product-type-simple"},"yoast_head":"<!-- This site is optimized with the Yoast SEO plugin v27.4 - https:\/\/yoast.com\/product\/yoast-seo-wordpress\/ -->\n<title>Ouvreuse pour moule \u00e0 bloc de b\u00e9ton - BETONMOULDS<\/title>\n<meta name=\"robots\" content=\"index, follow, max-snippet:-1, max-image-preview:large, max-video-preview:-1\" \/>\n<link rel=\"canonical\" href=\"https:\/\/www.betonmoulds.com\/fr\/product\/ouvre-moule\/\" \/>\n<meta property=\"og:locale\" content=\"fr_FR\" \/>\n<meta property=\"og:type\" content=\"article\" \/>\n<meta property=\"og:title\" content=\"Ouvreuse pour moule \u00e0 bloc de b\u00e9ton - BETONMOULDS\" \/>\n<meta property=\"og:description\" content=\"L&#039;ouvre-moule est un outil pratique pour ouvrir le moule \u00e0 b\u00e9ton avec peu de force. La cl\u00e9 s&#039;adapte parfaitement dans l&#039;\u00e9l\u00e9ment d&#039;angle du moule. L&#039;action du levier permet d&#039;exercer une force suffisante sur les parties du moule sans trop d&#039;effort, s\u00e9parant ainsi les parois en forme de L.\" \/>\n<meta property=\"og:url\" content=\"https:\/\/www.betonmoulds.com\/fr\/product\/ouvre-moule\/\" \/>\n<meta property=\"og:site_name\" content=\"BETONMOULDS\" \/>\n<meta property=\"article:modified_time\" content=\"2026-03-19T15:46:23+00:00\" \/>\n<meta property=\"og:image\" content=\"https:\/\/www.betonmoulds.com\/wp-content\/uploads\/2023\/07\/block-mould-opener-betonmoulds.jpg\" \/>\n\t<meta property=\"og:image:width\" content=\"900\" \/>\n\t<meta property=\"og:image:height\" content=\"900\" \/>\n\t<meta property=\"og:image:type\" content=\"image\/jpeg\" \/>\n<meta name=\"twitter:card\" content=\"summary_large_image\" \/>\n<script type=\"application\/ld+json\" class=\"yoast-schema-graph\">{\"@context\":\"https:\\\/\\\/schema.org\",\"@graph\":[{\"@type\":\"WebPage\",\"@id\":\"https:\\\/\\\/www.betonmoulds.com\\\/fr\\\/product\\\/ouvre-moule\\\/\",\"url\":\"https:\\\/\\\/www.betonmoulds.com\\\/fr\\\/product\\\/ouvre-moule\\\/\",\"name\":\"Ouvreuse pour moule \u00e0 bloc de b\u00e9ton - BETONMOULDS\",\"isPartOf\":{\"@id\":\"https:\\\/\\\/www.betonmoulds.com\\\/fr\\\/#website\"},\"primaryImageOfPage\":{\"@id\":\"https:\\\/\\\/www.betonmoulds.com\\\/fr\\\/product\\\/ouvre-moule\\\/#primaryimage\"},\"image\":{\"@id\":\"https:\\\/\\\/www.betonmoulds.com\\\/fr\\\/product\\\/ouvre-moule\\\/#primaryimage\"},\"thumbnailUrl\":\"https:\\\/\\\/www.betonmoulds.com\\\/wp-content\\\/uploads\\\/2023\\\/07\\\/block-mould-opener-betonmoulds.jpg\",\"datePublished\":\"2023-07-17T19:07:44+00:00\",\"dateModified\":\"2026-03-19T15:46:23+00:00\",\"breadcrumb\":{\"@id\":\"https:\\\/\\\/www.betonmoulds.com\\\/fr\\\/product\\\/ouvre-moule\\\/#breadcrumb\"},\"inLanguage\":\"fr-FR\",\"potentialAction\":[{\"@type\":\"ReadAction\",\"target\":[\"https:\\\/\\\/www.betonmoulds.com\\\/fr\\\/product\\\/ouvre-moule\\\/\"]}]},{\"@type\":\"ImageObject\",\"inLanguage\":\"fr-FR\",\"@id\":\"https:\\\/\\\/www.betonmoulds.com\\\/fr\\\/product\\\/ouvre-moule\\\/#primaryimage\",\"url\":\"https:\\\/\\\/www.betonmoulds.com\\\/wp-content\\\/uploads\\\/2023\\\/07\\\/block-mould-opener-betonmoulds.jpg\",\"contentUrl\":\"https:\\\/\\\/www.betonmoulds.com\\\/wp-content\\\/uploads\\\/2023\\\/07\\\/block-mould-opener-betonmoulds.jpg\",\"width\":900,\"height\":900,\"caption\":\"outil pour ouvrir les moules lego\"},{\"@type\":\"BreadcrumbList\",\"@id\":\"https:\\\/\\\/www.betonmoulds.com\\\/fr\\\/product\\\/ouvre-moule\\\/#breadcrumb\",\"itemListElement\":[{\"@type\":\"ListItem\",\"position\":1,\"name\":\"Home\",\"item\":\"https:\\\/\\\/www.betonmoulds.com\\\/fr\\\/\"},{\"@type\":\"ListItem\",\"position\":2,\"name\":\"Boutique\",\"item\":\"https:\\\/\\\/www.betonmoulds.com\\\/it\\\/negozio\\\/\"},{\"@type\":\"ListItem\",\"position\":3,\"name\":\"Ouvreuse pour moule \u00e0 bloc de b\u00e9ton\"}]},{\"@type\":\"WebSite\",\"@id\":\"https:\\\/\\\/www.betonmoulds.com\\\/fr\\\/#website\",\"url\":\"https:\\\/\\\/www.betonmoulds.com\\\/fr\\\/\",\"name\":\"BETONMOULDS\",\"description\":\"Upcycle leftover concrete\",\"potentialAction\":[{\"@type\":\"SearchAction\",\"target\":{\"@type\":\"EntryPoint\",\"urlTemplate\":\"https:\\\/\\\/www.betonmoulds.com\\\/fr\\\/?s={search_term_string}\"},\"query-input\":{\"@type\":\"PropertyValueSpecification\",\"valueRequired\":true,\"valueName\":\"search_term_string\"}}],\"inLanguage\":\"fr-FR\"}]}<\/script>\n<!-- \/ Yoast SEO plugin. -->","yoast_head_json":{"title":"Ouvreuse pour moule \u00e0 bloc de b\u00e9ton - BETONMOULDS","robots":{"index":"index","follow":"follow","max-snippet":"max-snippet:-1","max-image-preview":"max-image-preview:large","max-video-preview":"max-video-preview:-1"},"canonical":"https:\/\/www.betonmoulds.com\/fr\/product\/ouvre-moule\/","og_locale":"fr_FR","og_type":"article","og_title":"Ouvreuse pour moule \u00e0 bloc de b\u00e9ton - BETONMOULDS","og_description":"L'ouvre-moule est un outil pratique pour ouvrir le moule \u00e0 b\u00e9ton avec peu de force. La cl\u00e9 s'adapte parfaitement dans l'\u00e9l\u00e9ment d'angle du moule. L'action du levier permet d'exercer une force suffisante sur les parties du moule sans trop d'effort, s\u00e9parant ainsi les parois en forme de L.","og_url":"https:\/\/www.betonmoulds.com\/fr\/product\/ouvre-moule\/","og_site_name":"BETONMOULDS","article_modified_time":"2026-03-19T15:46:23+00:00","og_image":[{"width":900,"height":900,"url":"https:\/\/www.betonmoulds.com\/wp-content\/uploads\/2023\/07\/block-mould-opener-betonmoulds.jpg","type":"image\/jpeg"}],"twitter_card":"summary_large_image","schema":{"@context":"https:\/\/schema.org","@graph":[{"@type":"WebPage","@id":"https:\/\/www.betonmoulds.com\/fr\/product\/ouvre-moule\/","url":"https:\/\/www.betonmoulds.com\/fr\/product\/ouvre-moule\/","name":"Ouvreuse pour moule \u00e0 bloc de b\u00e9ton - BETONMOULDS","isPartOf":{"@id":"https:\/\/www.betonmoulds.com\/fr\/#website"},"primaryImageOfPage":{"@id":"https:\/\/www.betonmoulds.com\/fr\/product\/ouvre-moule\/#primaryimage"},"image":{"@id":"https:\/\/www.betonmoulds.com\/fr\/product\/ouvre-moule\/#primaryimage"},"thumbnailUrl":"https:\/\/www.betonmoulds.com\/wp-content\/uploads\/2023\/07\/block-mould-opener-betonmoulds.jpg","datePublished":"2023-07-17T19:07:44+00:00","dateModified":"2026-03-19T15:46:23+00:00","breadcrumb":{"@id":"https:\/\/www.betonmoulds.com\/fr\/product\/ouvre-moule\/#breadcrumb"},"inLanguage":"fr-FR","potentialAction":[{"@type":"ReadAction","target":["https:\/\/www.betonmoulds.com\/fr\/product\/ouvre-moule\/"]}]},{"@type":"ImageObject","inLanguage":"fr-FR","@id":"https:\/\/www.betonmoulds.com\/fr\/product\/ouvre-moule\/#primaryimage","url":"https:\/\/www.betonmoulds.com\/wp-content\/uploads\/2023\/07\/block-mould-opener-betonmoulds.jpg","contentUrl":"https:\/\/www.betonmoulds.com\/wp-content\/uploads\/2023\/07\/block-mould-opener-betonmoulds.jpg","width":900,"height":900,"caption":"outil pour ouvrir les moules lego"},{"@type":"BreadcrumbList","@id":"https:\/\/www.betonmoulds.com\/fr\/product\/ouvre-moule\/#breadcrumb","itemListElement":[{"@type":"ListItem","position":1,"name":"Home","item":"https:\/\/www.betonmoulds.com\/fr\/"},{"@type":"ListItem","position":2,"name":"Boutique","item":"https:\/\/www.betonmoulds.com\/it\/negozio\/"},{"@type":"ListItem","position":3,"name":"Ouvreuse pour moule \u00e0 bloc de b\u00e9ton"}]},{"@type":"WebSite","@id":"https:\/\/www.betonmoulds.com\/fr\/#website","url":"https:\/\/www.betonmoulds.com\/fr\/","name":"BETONMOULDS","description":"Upcycle leftover concrete","potentialAction":[{"@type":"SearchAction","target":{"@type":"EntryPoint","urlTemplate":"https:\/\/www.betonmoulds.com\/fr\/?s={search_term_string}"},"query-input":{"@type":"PropertyValueSpecification","valueRequired":true,"valueName":"search_term_string"}}],"inLanguage":"fr-FR"}]}},"_links":{"self":[{"href":"https:\/\/www.betonmoulds.com\/fr\/wp-json\/wp\/v2\/product\/5342","targetHints":{"allow":["GET"]}}],"collection":[{"href":"https:\/\/www.betonmoulds.com\/fr\/wp-json\/wp\/v2\/product"}],"about":[{"href":"https:\/\/www.betonmoulds.com\/fr\/wp-json\/wp\/v2\/types\/product"}],"wp:featuredmedia":[{"embeddable":true,"href":"https:\/\/www.betonmoulds.com\/fr\/wp-json\/wp\/v2\/media\/5650"}],"wp:attachment":[{"href":"https:\/\/www.betonmoulds.com\/fr\/wp-json\/wp\/v2\/media?parent=5342"}],"wp:term":[{"taxonomy":"product_brand","embeddable":true,"href":"https:\/\/www.betonmoulds.com\/fr\/wp-json\/wp\/v2\/product_brand?post=5342"},{"taxonomy":"product_cat","embeddable":true,"href":"https:\/\/www.betonmoulds.com\/fr\/wp-json\/wp\/v2\/product_cat?post=5342"},{"taxonomy":"product_tag","embeddable":true,"href":"https:\/\/www.betonmoulds.com\/fr\/wp-json\/wp\/v2\/product_tag?post=5342"}],"curies":[{"name":"wp","href":"https:\/\/api.w.org\/{rel}","templated":true}]}}