{"id":5333,"date":"2022-11-10T10:30:13","date_gmt":"2022-11-10T10:30:13","guid":{"rendered":"https:\/\/www.betonmoulds.com\/product\/st-40-80\/"},"modified":"2026-03-19T15:42:27","modified_gmt":"2026-03-19T15:42:27","slug":"st-40-80","status":"publish","type":"product","link":"https:\/\/www.betonmoulds.com\/fr\/product\/st-40-80\/","title":{"rendered":"Insert d&rsquo;escalier pour moule 40-80"},"content":{"rendered":"","protected":false},"excerpt":{"rendered":"<p class=\"P68B1DB1-Standaard3\"><span lang=\"FR\">En montant l&rsquo;insert d&rsquo;escalier dans le moule de base, des blocs de b\u00e9ton avec des marches peuvent \u00eatre produits. C&rsquo;est un moyen pratique de cr\u00e9er un acc\u00e8s au sommet d&rsquo;un mur ou d&rsquo;un b\u00e2timent. Des marches en b\u00e9ton sont utilis\u00e9es dans les murs de sout\u00e8nement pour permettre de combler la diff\u00e9rence de hauteur entre le haut et le bas de la structure.<\/span><\/p>\n<p class=\"P68B1DB1-Standaard3\"><span lang=\"FR\">Vous pouvez construire des escaliers parfaits en utilisant des \u00e9l\u00e9ments en b\u00e9ton fabriqu\u00e9s avec le moule de base et cet insert.<\/span><\/p>\n","protected":false},"featured_media":2992,"template":"","meta":[],"product_brand":[],"product_cat":[277],"product_tag":[],"class_list":{"0":"post-5333","1":"product","2":"type-product","3":"status-publish","4":"has-post-thumbnail","6":"product_cat-escaliers","8":"first","9":"instock","10":"shipping-taxable","11":"purchasable","12":"product-type-simple"},"yoast_head":"<!-- This site is optimized with the Yoast SEO plugin v27.4 - https:\/\/yoast.com\/product\/yoast-seo-wordpress\/ -->\n<title>Moule pour bloc de b\u00e9ton avec marches 40x80 - BETONMOULDS<\/title>\n<meta name=\"robots\" content=\"index, follow, max-snippet:-1, max-image-preview:large, max-video-preview:-1\" \/>\n<link rel=\"canonical\" href=\"https:\/\/www.betonmoulds.com\/fr\/product\/st-40-80\/\" \/>\n<meta property=\"og:locale\" content=\"fr_FR\" \/>\n<meta property=\"og:type\" content=\"article\" \/>\n<meta property=\"og:title\" content=\"Moule pour bloc de b\u00e9ton avec marches 40x80 - BETONMOULDS\" \/>\n<meta property=\"og:description\" content=\"En montant l&#039;insert d&#039;escalier dans le moule de base, des blocs de b\u00e9ton avec des marches peuvent \u00eatre produits. C&#039;est un moyen pratique de cr\u00e9er un acc\u00e8s au sommet d&#039;un mur ou d&#039;un b\u00e2timent. Des marches en b\u00e9ton sont utilis\u00e9es dans les murs de sout\u00e8nement pour permettre de combler la diff\u00e9rence de hauteur entre le haut et le bas de la structure. Vous pouvez construire des escaliers parfaits en utilisant des \u00e9l\u00e9ments en b\u00e9ton fabriqu\u00e9s avec le moule de base et cet insert.\" \/>\n<meta property=\"og:url\" content=\"https:\/\/www.betonmoulds.com\/fr\/product\/st-40-80\/\" \/>\n<meta property=\"og:site_name\" content=\"BETONMOULDS\" \/>\n<meta property=\"article:modified_time\" content=\"2026-03-19T15:42:27+00:00\" \/>\n<meta property=\"og:image\" content=\"https:\/\/www.betonmoulds.com\/wp-content\/uploads\/2022\/11\/ST-40-80.jpg\" \/>\n\t<meta property=\"og:image:width\" content=\"900\" \/>\n\t<meta property=\"og:image:height\" content=\"900\" \/>\n\t<meta property=\"og:image:type\" content=\"image\/jpeg\" \/>\n<meta name=\"twitter:card\" content=\"summary_large_image\" \/>\n<meta name=\"twitter:label1\" content=\"Dur\u00e9e de lecture estim\u00e9e\" \/>\n\t<meta name=\"twitter:data1\" content=\"1 minute\" \/>\n<script type=\"application\/ld+json\" class=\"yoast-schema-graph\">{\"@context\":\"https:\\\/\\\/schema.org\",\"@graph\":[{\"@type\":\"WebPage\",\"@id\":\"https:\\\/\\\/www.betonmoulds.com\\\/fr\\\/product\\\/st-40-80\\\/\",\"url\":\"https:\\\/\\\/www.betonmoulds.com\\\/fr\\\/product\\\/st-40-80\\\/\",\"name\":\"Moule pour bloc de b\u00e9ton avec marches 40x80 - BETONMOULDS\",\"isPartOf\":{\"@id\":\"https:\\\/\\\/www.betonmoulds.com\\\/fr\\\/#website\"},\"primaryImageOfPage\":{\"@id\":\"https:\\\/\\\/www.betonmoulds.com\\\/fr\\\/product\\\/st-40-80\\\/#primaryimage\"},\"image\":{\"@id\":\"https:\\\/\\\/www.betonmoulds.com\\\/fr\\\/product\\\/st-40-80\\\/#primaryimage\"},\"thumbnailUrl\":\"https:\\\/\\\/www.betonmoulds.com\\\/wp-content\\\/uploads\\\/2022\\\/11\\\/ST-40-80.jpg\",\"datePublished\":\"2022-11-10T10:30:13+00:00\",\"dateModified\":\"2026-03-19T15:42:27+00:00\",\"breadcrumb\":{\"@id\":\"https:\\\/\\\/www.betonmoulds.com\\\/fr\\\/product\\\/st-40-80\\\/#breadcrumb\"},\"inLanguage\":\"fr-FR\",\"potentialAction\":[{\"@type\":\"ReadAction\",\"target\":[\"https:\\\/\\\/www.betonmoulds.com\\\/fr\\\/product\\\/st-40-80\\\/\"]}]},{\"@type\":\"ImageObject\",\"inLanguage\":\"fr-FR\",\"@id\":\"https:\\\/\\\/www.betonmoulds.com\\\/fr\\\/product\\\/st-40-80\\\/#primaryimage\",\"url\":\"https:\\\/\\\/www.betonmoulds.com\\\/wp-content\\\/uploads\\\/2022\\\/11\\\/ST-40-80.jpg\",\"contentUrl\":\"https:\\\/\\\/www.betonmoulds.com\\\/wp-content\\\/uploads\\\/2022\\\/11\\\/ST-40-80.jpg\",\"width\":900,\"height\":900,\"caption\":\"insert de moule pour bloc de b\u00e9ton avec escalier\"},{\"@type\":\"BreadcrumbList\",\"@id\":\"https:\\\/\\\/www.betonmoulds.com\\\/fr\\\/product\\\/st-40-80\\\/#breadcrumb\",\"itemListElement\":[{\"@type\":\"ListItem\",\"position\":1,\"name\":\"Home\",\"item\":\"https:\\\/\\\/www.betonmoulds.com\\\/fr\\\/\"},{\"@type\":\"ListItem\",\"position\":2,\"name\":\"Boutique\",\"item\":\"https:\\\/\\\/www.betonmoulds.com\\\/it\\\/negozio\\\/\"},{\"@type\":\"ListItem\",\"position\":3,\"name\":\"Insert d&#8217;escalier pour moule 40-80\"}]},{\"@type\":\"WebSite\",\"@id\":\"https:\\\/\\\/www.betonmoulds.com\\\/fr\\\/#website\",\"url\":\"https:\\\/\\\/www.betonmoulds.com\\\/fr\\\/\",\"name\":\"BETONMOULDS\",\"description\":\"Upcycle leftover concrete\",\"potentialAction\":[{\"@type\":\"SearchAction\",\"target\":{\"@type\":\"EntryPoint\",\"urlTemplate\":\"https:\\\/\\\/www.betonmoulds.com\\\/fr\\\/?s={search_term_string}\"},\"query-input\":{\"@type\":\"PropertyValueSpecification\",\"valueRequired\":true,\"valueName\":\"search_term_string\"}}],\"inLanguage\":\"fr-FR\"}]}<\/script>\n<!-- \/ Yoast SEO plugin. -->","yoast_head_json":{"title":"Moule pour bloc de b\u00e9ton avec marches 40x80 - BETONMOULDS","robots":{"index":"index","follow":"follow","max-snippet":"max-snippet:-1","max-image-preview":"max-image-preview:large","max-video-preview":"max-video-preview:-1"},"canonical":"https:\/\/www.betonmoulds.com\/fr\/product\/st-40-80\/","og_locale":"fr_FR","og_type":"article","og_title":"Moule pour bloc de b\u00e9ton avec marches 40x80 - BETONMOULDS","og_description":"En montant l'insert d'escalier dans le moule de base, des blocs de b\u00e9ton avec des marches peuvent \u00eatre produits. C'est un moyen pratique de cr\u00e9er un acc\u00e8s au sommet d'un mur ou d'un b\u00e2timent. Des marches en b\u00e9ton sont utilis\u00e9es dans les murs de sout\u00e8nement pour permettre de combler la diff\u00e9rence de hauteur entre le haut et le bas de la structure. Vous pouvez construire des escaliers parfaits en utilisant des \u00e9l\u00e9ments en b\u00e9ton fabriqu\u00e9s avec le moule de base et cet insert.","og_url":"https:\/\/www.betonmoulds.com\/fr\/product\/st-40-80\/","og_site_name":"BETONMOULDS","article_modified_time":"2026-03-19T15:42:27+00:00","og_image":[{"width":900,"height":900,"url":"https:\/\/www.betonmoulds.com\/wp-content\/uploads\/2022\/11\/ST-40-80.jpg","type":"image\/jpeg"}],"twitter_card":"summary_large_image","twitter_misc":{"Dur\u00e9e de lecture estim\u00e9e":"1 minute"},"schema":{"@context":"https:\/\/schema.org","@graph":[{"@type":"WebPage","@id":"https:\/\/www.betonmoulds.com\/fr\/product\/st-40-80\/","url":"https:\/\/www.betonmoulds.com\/fr\/product\/st-40-80\/","name":"Moule pour bloc de b\u00e9ton avec marches 40x80 - BETONMOULDS","isPartOf":{"@id":"https:\/\/www.betonmoulds.com\/fr\/#website"},"primaryImageOfPage":{"@id":"https:\/\/www.betonmoulds.com\/fr\/product\/st-40-80\/#primaryimage"},"image":{"@id":"https:\/\/www.betonmoulds.com\/fr\/product\/st-40-80\/#primaryimage"},"thumbnailUrl":"https:\/\/www.betonmoulds.com\/wp-content\/uploads\/2022\/11\/ST-40-80.jpg","datePublished":"2022-11-10T10:30:13+00:00","dateModified":"2026-03-19T15:42:27+00:00","breadcrumb":{"@id":"https:\/\/www.betonmoulds.com\/fr\/product\/st-40-80\/#breadcrumb"},"inLanguage":"fr-FR","potentialAction":[{"@type":"ReadAction","target":["https:\/\/www.betonmoulds.com\/fr\/product\/st-40-80\/"]}]},{"@type":"ImageObject","inLanguage":"fr-FR","@id":"https:\/\/www.betonmoulds.com\/fr\/product\/st-40-80\/#primaryimage","url":"https:\/\/www.betonmoulds.com\/wp-content\/uploads\/2022\/11\/ST-40-80.jpg","contentUrl":"https:\/\/www.betonmoulds.com\/wp-content\/uploads\/2022\/11\/ST-40-80.jpg","width":900,"height":900,"caption":"insert de moule pour bloc de b\u00e9ton avec escalier"},{"@type":"BreadcrumbList","@id":"https:\/\/www.betonmoulds.com\/fr\/product\/st-40-80\/#breadcrumb","itemListElement":[{"@type":"ListItem","position":1,"name":"Home","item":"https:\/\/www.betonmoulds.com\/fr\/"},{"@type":"ListItem","position":2,"name":"Boutique","item":"https:\/\/www.betonmoulds.com\/it\/negozio\/"},{"@type":"ListItem","position":3,"name":"Insert d&#8217;escalier pour moule 40-80"}]},{"@type":"WebSite","@id":"https:\/\/www.betonmoulds.com\/fr\/#website","url":"https:\/\/www.betonmoulds.com\/fr\/","name":"BETONMOULDS","description":"Upcycle leftover concrete","potentialAction":[{"@type":"SearchAction","target":{"@type":"EntryPoint","urlTemplate":"https:\/\/www.betonmoulds.com\/fr\/?s={search_term_string}"},"query-input":{"@type":"PropertyValueSpecification","valueRequired":true,"valueName":"search_term_string"}}],"inLanguage":"fr-FR"}]}},"_links":{"self":[{"href":"https:\/\/www.betonmoulds.com\/fr\/wp-json\/wp\/v2\/product\/5333","targetHints":{"allow":["GET"]}}],"collection":[{"href":"https:\/\/www.betonmoulds.com\/fr\/wp-json\/wp\/v2\/product"}],"about":[{"href":"https:\/\/www.betonmoulds.com\/fr\/wp-json\/wp\/v2\/types\/product"}],"wp:featuredmedia":[{"embeddable":true,"href":"https:\/\/www.betonmoulds.com\/fr\/wp-json\/wp\/v2\/media\/2992"}],"wp:attachment":[{"href":"https:\/\/www.betonmoulds.com\/fr\/wp-json\/wp\/v2\/media?parent=5333"}],"wp:term":[{"taxonomy":"product_brand","embeddable":true,"href":"https:\/\/www.betonmoulds.com\/fr\/wp-json\/wp\/v2\/product_brand?post=5333"},{"taxonomy":"product_cat","embeddable":true,"href":"https:\/\/www.betonmoulds.com\/fr\/wp-json\/wp\/v2\/product_cat?post=5333"},{"taxonomy":"product_tag","embeddable":true,"href":"https:\/\/www.betonmoulds.com\/fr\/wp-json\/wp\/v2\/product_tag?post=5333"}],"curies":[{"name":"wp","href":"https:\/\/api.w.org\/{rel}","templated":true}]}}