{"id":5291,"date":"2022-11-19T16:23:42","date_gmt":"2022-11-19T16:23:42","guid":{"rendered":"https:\/\/www.betonmoulds.com\/product\/rt-150-30\/"},"modified":"2024-11-26T11:02:55","modified_gmt":"2024-11-26T11:02:55","slug":"rt-150-30","status":"publish","type":"product","link":"https:\/\/www.betonmoulds.com\/fr\/product\/rt-150-30\/","title":{"rendered":"Toit \u00e0 pignon insert pour moule en b\u00e9ton 150-30"},"content":{"rendered":"","protected":false},"excerpt":{"rendered":"<p class=\"P68B1DB1-Standaard4\"><span lang=\"FR\">Cet insert de toit est un ajout bienvenu \u00e0 notre gamme de moules modulaires. Pas besoin d&rsquo;un moule s\u00e9par\u00e9 pour produire des blocs de b\u00e9ton en forme de toit. Ce produit peut \u00eatre plac\u00e9 dans le <a href=\"https:\/\/www.betonmoulds.com\/fr\/product\/bb-150-30-60-sn\/\"><strong>moule de base compatible<\/strong><\/a>. <\/span><\/p>\n<p class=\"P68B1DB1-Standaard4\"><span lang=\"FR\">Cet insert en forme de toit permet de r\u00e9aliser des blocs de b\u00e9ton \u00e0 deux c\u00f4t\u00e9s inclin\u00e9s. Le bloc de b\u00e9ton aura toujours des \u00e9videments dans le fond. Les blocs de cette forme peuvent \u00eatre empil\u00e9s sur les blocs empilables standard.<\/span><\/p>\n<p class=\"P68B1DB1-Standaard4\"><span lang=\"FR\">Les blocs de b\u00e9ton en forme de toit constituent la couche sup\u00e9rieure parfaite pour un mur en b\u00e9ton. Les marchandises en vrac glisseront du mur et le haut du mur restera propre en toute circonstance. Le haut en forme de toit est \u00e9galement id\u00e9al pour cl\u00f4turer une zone car personne ne pourra marcher sur les murs.<\/span><\/p>\n<p class=\"P68B1DB1-Standaard4\"><span lang=\"FR\">Les blocs empilables en b\u00e9ton avec une forme de toit sont utilis\u00e9s dans de nombreux domaines, tels que le stockage de marchandises en vrac sec (sable, gravier, d\u00e9chets, fumier et produits agricoles).<\/span><\/p>\n","protected":false},"featured_media":3017,"template":"","meta":[],"product_brand":[],"product_cat":[271],"product_tag":[],"class_list":{"0":"post-5291","1":"product","2":"type-product","3":"status-publish","4":"has-post-thumbnail","6":"product_cat-toit-a-pignon","8":"first","9":"instock","10":"shipping-taxable","11":"purchasable","12":"product-type-simple"},"yoast_head":"<!-- This site is optimized with the Yoast SEO plugin v27.5 - https:\/\/yoast.com\/product\/yoast-seo-wordpress\/ -->\n<title>Moule pour bloc de b\u00e9ton \u00e0 toit \u00e0 pignon 150x30 - BETONMOULDS<\/title>\n<meta name=\"robots\" content=\"index, follow, max-snippet:-1, max-image-preview:large, max-video-preview:-1\" \/>\n<link rel=\"canonical\" href=\"https:\/\/www.betonmoulds.com\/fr\/product\/rt-150-30\/\" \/>\n<meta property=\"og:locale\" content=\"fr_FR\" \/>\n<meta property=\"og:type\" content=\"article\" \/>\n<meta property=\"og:title\" content=\"Moule pour bloc de b\u00e9ton \u00e0 toit \u00e0 pignon 150x30 - BETONMOULDS\" \/>\n<meta property=\"og:description\" content=\"Cet insert de toit est un ajout bienvenu \u00e0 notre gamme de moules modulaires. Pas besoin d&#039;un moule s\u00e9par\u00e9 pour produire des blocs de b\u00e9ton en forme de toit. Ce produit peut \u00eatre plac\u00e9 dans le moule de base compatible.  Cet insert en forme de toit permet de r\u00e9aliser des blocs de b\u00e9ton \u00e0 deux c\u00f4t\u00e9s inclin\u00e9s. Le bloc de b\u00e9ton aura toujours des \u00e9videments dans le fond. Les blocs de cette forme peuvent \u00eatre empil\u00e9s sur les blocs empilables standard. Les blocs de b\u00e9ton en forme de toit constituent la couche sup\u00e9rieure parfaite pour un mur en b\u00e9ton. Les marchandises en vrac glisseront du mur et le haut du mur restera propre en toute circonstance. Le haut en forme de toit est \u00e9galement id\u00e9al pour cl\u00f4turer une zone car personne ne pourra marcher sur les murs. Les blocs empilables en b\u00e9ton avec une forme de toit sont utilis\u00e9s dans de nombreux domaines, tels que le stockage de marchandises en vrac sec (sable, gravier, d\u00e9chets, fumier et produits agricoles).\" \/>\n<meta property=\"og:url\" content=\"https:\/\/www.betonmoulds.com\/fr\/product\/rt-150-30\/\" \/>\n<meta property=\"og:site_name\" content=\"BETONMOULDS\" \/>\n<meta property=\"article:modified_time\" content=\"2024-11-26T11:02:55+00:00\" \/>\n<meta property=\"og:image\" content=\"https:\/\/www.betonmoulds.com\/wp-content\/uploads\/2022\/11\/RT-150-30.jpg\" \/>\n\t<meta property=\"og:image:width\" content=\"900\" \/>\n\t<meta property=\"og:image:height\" content=\"900\" \/>\n\t<meta property=\"og:image:type\" content=\"image\/jpeg\" \/>\n<meta name=\"twitter:card\" content=\"summary_large_image\" \/>\n<meta name=\"twitter:label1\" content=\"Dur\u00e9e de lecture estim\u00e9e\" \/>\n\t<meta name=\"twitter:data1\" content=\"1 minute\" \/>\n<script type=\"application\/ld+json\" class=\"yoast-schema-graph\">{\"@context\":\"https:\\\/\\\/schema.org\",\"@graph\":[{\"@type\":\"WebPage\",\"@id\":\"https:\\\/\\\/www.betonmoulds.com\\\/fr\\\/product\\\/rt-150-30\\\/\",\"url\":\"https:\\\/\\\/www.betonmoulds.com\\\/fr\\\/product\\\/rt-150-30\\\/\",\"name\":\"Moule pour bloc de b\u00e9ton \u00e0 toit \u00e0 pignon 150x30 - BETONMOULDS\",\"isPartOf\":{\"@id\":\"https:\\\/\\\/www.betonmoulds.com\\\/fr\\\/#website\"},\"primaryImageOfPage\":{\"@id\":\"https:\\\/\\\/www.betonmoulds.com\\\/fr\\\/product\\\/rt-150-30\\\/#primaryimage\"},\"image\":{\"@id\":\"https:\\\/\\\/www.betonmoulds.com\\\/fr\\\/product\\\/rt-150-30\\\/#primaryimage\"},\"thumbnailUrl\":\"https:\\\/\\\/www.betonmoulds.com\\\/wp-content\\\/uploads\\\/2022\\\/11\\\/RT-150-30.jpg\",\"datePublished\":\"2022-11-19T16:23:42+00:00\",\"dateModified\":\"2024-11-26T11:02:55+00:00\",\"breadcrumb\":{\"@id\":\"https:\\\/\\\/www.betonmoulds.com\\\/fr\\\/product\\\/rt-150-30\\\/#breadcrumb\"},\"inLanguage\":\"fr-FR\",\"potentialAction\":[{\"@type\":\"ReadAction\",\"target\":[\"https:\\\/\\\/www.betonmoulds.com\\\/fr\\\/product\\\/rt-150-30\\\/\"]}]},{\"@type\":\"ImageObject\",\"inLanguage\":\"fr-FR\",\"@id\":\"https:\\\/\\\/www.betonmoulds.com\\\/fr\\\/product\\\/rt-150-30\\\/#primaryimage\",\"url\":\"https:\\\/\\\/www.betonmoulds.com\\\/wp-content\\\/uploads\\\/2022\\\/11\\\/RT-150-30.jpg\",\"contentUrl\":\"https:\\\/\\\/www.betonmoulds.com\\\/wp-content\\\/uploads\\\/2022\\\/11\\\/RT-150-30.jpg\",\"width\":900,\"height\":900,\"caption\":\"insert de moule pour bloc de b\u00e9ton de toit\"},{\"@type\":\"BreadcrumbList\",\"@id\":\"https:\\\/\\\/www.betonmoulds.com\\\/fr\\\/product\\\/rt-150-30\\\/#breadcrumb\",\"itemListElement\":[{\"@type\":\"ListItem\",\"position\":1,\"name\":\"Home\",\"item\":\"https:\\\/\\\/www.betonmoulds.com\\\/fr\\\/\"},{\"@type\":\"ListItem\",\"position\":2,\"name\":\"Boutique\",\"item\":\"https:\\\/\\\/www.betonmoulds.com\\\/it\\\/negozio\\\/\"},{\"@type\":\"ListItem\",\"position\":3,\"name\":\"Toit \u00e0 pignon insert pour moule en b\u00e9ton 150-30\"}]},{\"@type\":\"WebSite\",\"@id\":\"https:\\\/\\\/www.betonmoulds.com\\\/fr\\\/#website\",\"url\":\"https:\\\/\\\/www.betonmoulds.com\\\/fr\\\/\",\"name\":\"BETONMOULDS\",\"description\":\"Upcycle leftover concrete\",\"potentialAction\":[{\"@type\":\"SearchAction\",\"target\":{\"@type\":\"EntryPoint\",\"urlTemplate\":\"https:\\\/\\\/www.betonmoulds.com\\\/fr\\\/?s={search_term_string}\"},\"query-input\":{\"@type\":\"PropertyValueSpecification\",\"valueRequired\":true,\"valueName\":\"search_term_string\"}}],\"inLanguage\":\"fr-FR\"}]}<\/script>\n<!-- \/ Yoast SEO plugin. -->","yoast_head_json":{"title":"Moule pour bloc de b\u00e9ton \u00e0 toit \u00e0 pignon 150x30 - BETONMOULDS","robots":{"index":"index","follow":"follow","max-snippet":"max-snippet:-1","max-image-preview":"max-image-preview:large","max-video-preview":"max-video-preview:-1"},"canonical":"https:\/\/www.betonmoulds.com\/fr\/product\/rt-150-30\/","og_locale":"fr_FR","og_type":"article","og_title":"Moule pour bloc de b\u00e9ton \u00e0 toit \u00e0 pignon 150x30 - BETONMOULDS","og_description":"Cet insert de toit est un ajout bienvenu \u00e0 notre gamme de moules modulaires. Pas besoin d'un moule s\u00e9par\u00e9 pour produire des blocs de b\u00e9ton en forme de toit. Ce produit peut \u00eatre plac\u00e9 dans le moule de base compatible.  Cet insert en forme de toit permet de r\u00e9aliser des blocs de b\u00e9ton \u00e0 deux c\u00f4t\u00e9s inclin\u00e9s. Le bloc de b\u00e9ton aura toujours des \u00e9videments dans le fond. Les blocs de cette forme peuvent \u00eatre empil\u00e9s sur les blocs empilables standard. Les blocs de b\u00e9ton en forme de toit constituent la couche sup\u00e9rieure parfaite pour un mur en b\u00e9ton. Les marchandises en vrac glisseront du mur et le haut du mur restera propre en toute circonstance. Le haut en forme de toit est \u00e9galement id\u00e9al pour cl\u00f4turer une zone car personne ne pourra marcher sur les murs. Les blocs empilables en b\u00e9ton avec une forme de toit sont utilis\u00e9s dans de nombreux domaines, tels que le stockage de marchandises en vrac sec (sable, gravier, d\u00e9chets, fumier et produits agricoles).","og_url":"https:\/\/www.betonmoulds.com\/fr\/product\/rt-150-30\/","og_site_name":"BETONMOULDS","article_modified_time":"2024-11-26T11:02:55+00:00","og_image":[{"width":900,"height":900,"url":"https:\/\/www.betonmoulds.com\/wp-content\/uploads\/2022\/11\/RT-150-30.jpg","type":"image\/jpeg"}],"twitter_card":"summary_large_image","twitter_misc":{"Dur\u00e9e de lecture estim\u00e9e":"1 minute"},"schema":{"@context":"https:\/\/schema.org","@graph":[{"@type":"WebPage","@id":"https:\/\/www.betonmoulds.com\/fr\/product\/rt-150-30\/","url":"https:\/\/www.betonmoulds.com\/fr\/product\/rt-150-30\/","name":"Moule pour bloc de b\u00e9ton \u00e0 toit \u00e0 pignon 150x30 - BETONMOULDS","isPartOf":{"@id":"https:\/\/www.betonmoulds.com\/fr\/#website"},"primaryImageOfPage":{"@id":"https:\/\/www.betonmoulds.com\/fr\/product\/rt-150-30\/#primaryimage"},"image":{"@id":"https:\/\/www.betonmoulds.com\/fr\/product\/rt-150-30\/#primaryimage"},"thumbnailUrl":"https:\/\/www.betonmoulds.com\/wp-content\/uploads\/2022\/11\/RT-150-30.jpg","datePublished":"2022-11-19T16:23:42+00:00","dateModified":"2024-11-26T11:02:55+00:00","breadcrumb":{"@id":"https:\/\/www.betonmoulds.com\/fr\/product\/rt-150-30\/#breadcrumb"},"inLanguage":"fr-FR","potentialAction":[{"@type":"ReadAction","target":["https:\/\/www.betonmoulds.com\/fr\/product\/rt-150-30\/"]}]},{"@type":"ImageObject","inLanguage":"fr-FR","@id":"https:\/\/www.betonmoulds.com\/fr\/product\/rt-150-30\/#primaryimage","url":"https:\/\/www.betonmoulds.com\/wp-content\/uploads\/2022\/11\/RT-150-30.jpg","contentUrl":"https:\/\/www.betonmoulds.com\/wp-content\/uploads\/2022\/11\/RT-150-30.jpg","width":900,"height":900,"caption":"insert de moule pour bloc de b\u00e9ton de toit"},{"@type":"BreadcrumbList","@id":"https:\/\/www.betonmoulds.com\/fr\/product\/rt-150-30\/#breadcrumb","itemListElement":[{"@type":"ListItem","position":1,"name":"Home","item":"https:\/\/www.betonmoulds.com\/fr\/"},{"@type":"ListItem","position":2,"name":"Boutique","item":"https:\/\/www.betonmoulds.com\/it\/negozio\/"},{"@type":"ListItem","position":3,"name":"Toit \u00e0 pignon insert pour moule en b\u00e9ton 150-30"}]},{"@type":"WebSite","@id":"https:\/\/www.betonmoulds.com\/fr\/#website","url":"https:\/\/www.betonmoulds.com\/fr\/","name":"BETONMOULDS","description":"Upcycle leftover concrete","potentialAction":[{"@type":"SearchAction","target":{"@type":"EntryPoint","urlTemplate":"https:\/\/www.betonmoulds.com\/fr\/?s={search_term_string}"},"query-input":{"@type":"PropertyValueSpecification","valueRequired":true,"valueName":"search_term_string"}}],"inLanguage":"fr-FR"}]}},"_links":{"self":[{"href":"https:\/\/www.betonmoulds.com\/fr\/wp-json\/wp\/v2\/product\/5291","targetHints":{"allow":["GET"]}}],"collection":[{"href":"https:\/\/www.betonmoulds.com\/fr\/wp-json\/wp\/v2\/product"}],"about":[{"href":"https:\/\/www.betonmoulds.com\/fr\/wp-json\/wp\/v2\/types\/product"}],"wp:featuredmedia":[{"embeddable":true,"href":"https:\/\/www.betonmoulds.com\/fr\/wp-json\/wp\/v2\/media\/3017"}],"wp:attachment":[{"href":"https:\/\/www.betonmoulds.com\/fr\/wp-json\/wp\/v2\/media?parent=5291"}],"wp:term":[{"taxonomy":"product_brand","embeddable":true,"href":"https:\/\/www.betonmoulds.com\/fr\/wp-json\/wp\/v2\/product_brand?post=5291"},{"taxonomy":"product_cat","embeddable":true,"href":"https:\/\/www.betonmoulds.com\/fr\/wp-json\/wp\/v2\/product_cat?post=5291"},{"taxonomy":"product_tag","embeddable":true,"href":"https:\/\/www.betonmoulds.com\/fr\/wp-json\/wp\/v2\/product_tag?post=5291"}],"curies":[{"name":"wp","href":"https:\/\/api.w.org\/{rel}","templated":true}]}}