{"id":5246,"date":"2022-11-10T09:40:58","date_gmt":"2022-11-10T09:40:58","guid":{"rendered":"https:\/\/www.betonmoulds.com\/product\/dp-30-60\/"},"modified":"2024-11-26T12:47:16","modified_gmt":"2024-11-26T12:47:16","slug":"dp-30-60","status":"publish","type":"product","link":"https:\/\/www.betonmoulds.com\/fr\/product\/dp-30-60\/","title":{"rendered":"S\u00e9parateur verticale pour moule 30-60"},"content":{"rendered":"","protected":false},"excerpt":{"rendered":"<p>Avec l&rsquo;insert de plaque de s\u00e9paration, vous pouvez facilement produire des blocs de b\u00e9ton plus petits. La plaque de s\u00e9paration peut \u00eatre ins\u00e9r\u00e9e dans le moule de base dans plusieurs positions. Cela vous permet de produire des blocs de b\u00e9ton de diff\u00e9rentes tailles.<\/p>\n<p>Dans les moules de base pour blocs de b\u00e9ton de 30 cm et 60 cm de large, la plaque de s\u00e9paration peut \u00eatre d\u00e9plac\u00e9e par incr\u00e9ments de 30 cm. Cette mesure est de 40 cm dans les moules de 40 cm et 80 cm de large.<\/p>\n<p>La plaque de s\u00e9paration est fabriqu\u00e9e avec une grande pr\u00e9cision et cr\u00e9e une surface uniforme sur le bloc de b\u00e9ton, tout comme le moule de base. Une face ou une ar\u00eate biseaut\u00e9e est \u00e9galement appel\u00e9e chanfrein. Le but d&rsquo;un bord biseaut\u00e9 est d&rsquo;\u00e9viter d&rsquo;endommager les bords et les coins d&rsquo;un bloc de b\u00e9ton.<\/p>\n<p>Ce produit est la solution id\u00e9ale si vous voulez construire un mur solide. Des blocs de b\u00e9ton plus petits et plus grands sont n\u00e9cessaires pour \u00e9chelonner les rang\u00e9es de blocs. La fa\u00e7on dont les briques sont empil\u00e9es les unes sur les autres d\u00e9termine en grande partie la r\u00e9sistance de la construction.<\/p>\n<p>L&rsquo;utilisation d&rsquo;une plaque de s\u00e9paration facilite la production de blocs de b\u00e9ton plus petits et constitue une solution rentable pour produire des blocs de b\u00e9ton de diff\u00e9rentes tailles.<\/p>\n","protected":false},"featured_media":2896,"template":"","meta":[],"product_brand":[],"product_cat":[255],"product_tag":[],"class_list":{"0":"post-5246","1":"product","2":"type-product","3":"status-publish","4":"has-post-thumbnail","6":"product_cat-separateur-vertical","8":"first","9":"instock","10":"shipping-taxable","11":"purchasable","12":"product-type-simple"},"yoast_head":"<!-- This site is optimized with the Yoast SEO plugin v27.4 - https:\/\/yoast.com\/product\/yoast-seo-wordpress\/ -->\n<title>S\u00e9parateur verticale pour moule 30-60 - BETONMOULDS<\/title>\n<meta name=\"robots\" content=\"index, follow, max-snippet:-1, max-image-preview:large, max-video-preview:-1\" \/>\n<link rel=\"canonical\" href=\"https:\/\/www.betonmoulds.com\/fr\/product\/dp-30-60\/\" \/>\n<meta property=\"og:locale\" content=\"fr_FR\" \/>\n<meta property=\"og:type\" content=\"article\" \/>\n<meta property=\"og:title\" content=\"S\u00e9parateur verticale pour moule 30-60 - BETONMOULDS\" \/>\n<meta property=\"og:description\" content=\"Avec l&#039;insert de plaque de s\u00e9paration, vous pouvez facilement produire des blocs de b\u00e9ton plus petits. La plaque de s\u00e9paration peut \u00eatre ins\u00e9r\u00e9e dans le moule de base dans plusieurs positions. Cela vous permet de produire des blocs de b\u00e9ton de diff\u00e9rentes tailles.  Dans les moules de base pour blocs de b\u00e9ton de 30 cm et 60 cm de large, la plaque de s\u00e9paration peut \u00eatre d\u00e9plac\u00e9e par incr\u00e9ments de 30 cm. Cette mesure est de 40 cm dans les moules de 40 cm et 80 cm de large.  La plaque de s\u00e9paration est fabriqu\u00e9e avec une grande pr\u00e9cision et cr\u00e9e une surface uniforme sur le bloc de b\u00e9ton, tout comme le moule de base. Une face ou une ar\u00eate biseaut\u00e9e est \u00e9galement appel\u00e9e chanfrein. Le but d&#039;un bord biseaut\u00e9 est d&#039;\u00e9viter d&#039;endommager les bords et les coins d&#039;un bloc de b\u00e9ton.  Ce produit est la solution id\u00e9ale si vous voulez construire un mur solide. Des blocs de b\u00e9ton plus petits et plus grands sont n\u00e9cessaires pour \u00e9chelonner les rang\u00e9es de blocs. La fa\u00e7on dont les briques sont empil\u00e9es les unes sur les autres d\u00e9termine en grande partie la r\u00e9sistance de la construction.  L&#039;utilisation d&#039;une plaque de s\u00e9paration facilite la production de blocs de b\u00e9ton plus petits et constitue une solution rentable pour produire des blocs de b\u00e9ton de diff\u00e9rentes tailles.\" \/>\n<meta property=\"og:url\" content=\"https:\/\/www.betonmoulds.com\/fr\/product\/dp-30-60\/\" \/>\n<meta property=\"og:site_name\" content=\"BETONMOULDS\" \/>\n<meta property=\"article:modified_time\" content=\"2024-11-26T12:47:16+00:00\" \/>\n<meta property=\"og:image\" content=\"https:\/\/www.betonmoulds.com\/wp-content\/uploads\/2022\/08\/DP-30-60.jpg\" \/>\n\t<meta property=\"og:image:width\" content=\"900\" \/>\n\t<meta property=\"og:image:height\" content=\"900\" \/>\n\t<meta property=\"og:image:type\" content=\"image\/jpeg\" \/>\n<meta name=\"twitter:card\" content=\"summary_large_image\" \/>\n<meta name=\"twitter:label1\" content=\"Dur\u00e9e de lecture estim\u00e9e\" \/>\n\t<meta name=\"twitter:data1\" content=\"1 minute\" \/>\n<script type=\"application\/ld+json\" class=\"yoast-schema-graph\">{\"@context\":\"https:\\\/\\\/schema.org\",\"@graph\":[{\"@type\":\"WebPage\",\"@id\":\"https:\\\/\\\/www.betonmoulds.com\\\/fr\\\/product\\\/dp-30-60\\\/\",\"url\":\"https:\\\/\\\/www.betonmoulds.com\\\/fr\\\/product\\\/dp-30-60\\\/\",\"name\":\"S\u00e9parateur verticale pour moule 30-60 - BETONMOULDS\",\"isPartOf\":{\"@id\":\"https:\\\/\\\/www.betonmoulds.com\\\/fr\\\/#website\"},\"primaryImageOfPage\":{\"@id\":\"https:\\\/\\\/www.betonmoulds.com\\\/fr\\\/product\\\/dp-30-60\\\/#primaryimage\"},\"image\":{\"@id\":\"https:\\\/\\\/www.betonmoulds.com\\\/fr\\\/product\\\/dp-30-60\\\/#primaryimage\"},\"thumbnailUrl\":\"https:\\\/\\\/www.betonmoulds.com\\\/wp-content\\\/uploads\\\/2022\\\/08\\\/DP-30-60.jpg\",\"datePublished\":\"2022-11-10T09:40:58+00:00\",\"dateModified\":\"2024-11-26T12:47:16+00:00\",\"breadcrumb\":{\"@id\":\"https:\\\/\\\/www.betonmoulds.com\\\/fr\\\/product\\\/dp-30-60\\\/#breadcrumb\"},\"inLanguage\":\"fr-FR\",\"potentialAction\":[{\"@type\":\"ReadAction\",\"target\":[\"https:\\\/\\\/www.betonmoulds.com\\\/fr\\\/product\\\/dp-30-60\\\/\"]}]},{\"@type\":\"ImageObject\",\"inLanguage\":\"fr-FR\",\"@id\":\"https:\\\/\\\/www.betonmoulds.com\\\/fr\\\/product\\\/dp-30-60\\\/#primaryimage\",\"url\":\"https:\\\/\\\/www.betonmoulds.com\\\/wp-content\\\/uploads\\\/2022\\\/08\\\/DP-30-60.jpg\",\"contentUrl\":\"https:\\\/\\\/www.betonmoulds.com\\\/wp-content\\\/uploads\\\/2022\\\/08\\\/DP-30-60.jpg\",\"width\":900,\"height\":900,\"caption\":\"diviseur de moule de bloc de b\u00e9ton\"},{\"@type\":\"BreadcrumbList\",\"@id\":\"https:\\\/\\\/www.betonmoulds.com\\\/fr\\\/product\\\/dp-30-60\\\/#breadcrumb\",\"itemListElement\":[{\"@type\":\"ListItem\",\"position\":1,\"name\":\"Home\",\"item\":\"https:\\\/\\\/www.betonmoulds.com\\\/fr\\\/\"},{\"@type\":\"ListItem\",\"position\":2,\"name\":\"Boutique\",\"item\":\"https:\\\/\\\/www.betonmoulds.com\\\/it\\\/negozio\\\/\"},{\"@type\":\"ListItem\",\"position\":3,\"name\":\"S\u00e9parateur verticale pour moule 30-60\"}]},{\"@type\":\"WebSite\",\"@id\":\"https:\\\/\\\/www.betonmoulds.com\\\/fr\\\/#website\",\"url\":\"https:\\\/\\\/www.betonmoulds.com\\\/fr\\\/\",\"name\":\"BETONMOULDS\",\"description\":\"Upcycle leftover concrete\",\"potentialAction\":[{\"@type\":\"SearchAction\",\"target\":{\"@type\":\"EntryPoint\",\"urlTemplate\":\"https:\\\/\\\/www.betonmoulds.com\\\/fr\\\/?s={search_term_string}\"},\"query-input\":{\"@type\":\"PropertyValueSpecification\",\"valueRequired\":true,\"valueName\":\"search_term_string\"}}],\"inLanguage\":\"fr-FR\"}]}<\/script>\n<!-- \/ Yoast SEO plugin. -->","yoast_head_json":{"title":"S\u00e9parateur verticale pour moule 30-60 - BETONMOULDS","robots":{"index":"index","follow":"follow","max-snippet":"max-snippet:-1","max-image-preview":"max-image-preview:large","max-video-preview":"max-video-preview:-1"},"canonical":"https:\/\/www.betonmoulds.com\/fr\/product\/dp-30-60\/","og_locale":"fr_FR","og_type":"article","og_title":"S\u00e9parateur verticale pour moule 30-60 - BETONMOULDS","og_description":"Avec l'insert de plaque de s\u00e9paration, vous pouvez facilement produire des blocs de b\u00e9ton plus petits. La plaque de s\u00e9paration peut \u00eatre ins\u00e9r\u00e9e dans le moule de base dans plusieurs positions. Cela vous permet de produire des blocs de b\u00e9ton de diff\u00e9rentes tailles.  Dans les moules de base pour blocs de b\u00e9ton de 30 cm et 60 cm de large, la plaque de s\u00e9paration peut \u00eatre d\u00e9plac\u00e9e par incr\u00e9ments de 30 cm. Cette mesure est de 40 cm dans les moules de 40 cm et 80 cm de large.  La plaque de s\u00e9paration est fabriqu\u00e9e avec une grande pr\u00e9cision et cr\u00e9e une surface uniforme sur le bloc de b\u00e9ton, tout comme le moule de base. Une face ou une ar\u00eate biseaut\u00e9e est \u00e9galement appel\u00e9e chanfrein. Le but d'un bord biseaut\u00e9 est d'\u00e9viter d'endommager les bords et les coins d'un bloc de b\u00e9ton.  Ce produit est la solution id\u00e9ale si vous voulez construire un mur solide. Des blocs de b\u00e9ton plus petits et plus grands sont n\u00e9cessaires pour \u00e9chelonner les rang\u00e9es de blocs. La fa\u00e7on dont les briques sont empil\u00e9es les unes sur les autres d\u00e9termine en grande partie la r\u00e9sistance de la construction.  L'utilisation d'une plaque de s\u00e9paration facilite la production de blocs de b\u00e9ton plus petits et constitue une solution rentable pour produire des blocs de b\u00e9ton de diff\u00e9rentes tailles.","og_url":"https:\/\/www.betonmoulds.com\/fr\/product\/dp-30-60\/","og_site_name":"BETONMOULDS","article_modified_time":"2024-11-26T12:47:16+00:00","og_image":[{"width":900,"height":900,"url":"https:\/\/www.betonmoulds.com\/wp-content\/uploads\/2022\/08\/DP-30-60.jpg","type":"image\/jpeg"}],"twitter_card":"summary_large_image","twitter_misc":{"Dur\u00e9e de lecture estim\u00e9e":"1 minute"},"schema":{"@context":"https:\/\/schema.org","@graph":[{"@type":"WebPage","@id":"https:\/\/www.betonmoulds.com\/fr\/product\/dp-30-60\/","url":"https:\/\/www.betonmoulds.com\/fr\/product\/dp-30-60\/","name":"S\u00e9parateur verticale pour moule 30-60 - BETONMOULDS","isPartOf":{"@id":"https:\/\/www.betonmoulds.com\/fr\/#website"},"primaryImageOfPage":{"@id":"https:\/\/www.betonmoulds.com\/fr\/product\/dp-30-60\/#primaryimage"},"image":{"@id":"https:\/\/www.betonmoulds.com\/fr\/product\/dp-30-60\/#primaryimage"},"thumbnailUrl":"https:\/\/www.betonmoulds.com\/wp-content\/uploads\/2022\/08\/DP-30-60.jpg","datePublished":"2022-11-10T09:40:58+00:00","dateModified":"2024-11-26T12:47:16+00:00","breadcrumb":{"@id":"https:\/\/www.betonmoulds.com\/fr\/product\/dp-30-60\/#breadcrumb"},"inLanguage":"fr-FR","potentialAction":[{"@type":"ReadAction","target":["https:\/\/www.betonmoulds.com\/fr\/product\/dp-30-60\/"]}]},{"@type":"ImageObject","inLanguage":"fr-FR","@id":"https:\/\/www.betonmoulds.com\/fr\/product\/dp-30-60\/#primaryimage","url":"https:\/\/www.betonmoulds.com\/wp-content\/uploads\/2022\/08\/DP-30-60.jpg","contentUrl":"https:\/\/www.betonmoulds.com\/wp-content\/uploads\/2022\/08\/DP-30-60.jpg","width":900,"height":900,"caption":"diviseur de moule de bloc de b\u00e9ton"},{"@type":"BreadcrumbList","@id":"https:\/\/www.betonmoulds.com\/fr\/product\/dp-30-60\/#breadcrumb","itemListElement":[{"@type":"ListItem","position":1,"name":"Home","item":"https:\/\/www.betonmoulds.com\/fr\/"},{"@type":"ListItem","position":2,"name":"Boutique","item":"https:\/\/www.betonmoulds.com\/it\/negozio\/"},{"@type":"ListItem","position":3,"name":"S\u00e9parateur verticale pour moule 30-60"}]},{"@type":"WebSite","@id":"https:\/\/www.betonmoulds.com\/fr\/#website","url":"https:\/\/www.betonmoulds.com\/fr\/","name":"BETONMOULDS","description":"Upcycle leftover concrete","potentialAction":[{"@type":"SearchAction","target":{"@type":"EntryPoint","urlTemplate":"https:\/\/www.betonmoulds.com\/fr\/?s={search_term_string}"},"query-input":{"@type":"PropertyValueSpecification","valueRequired":true,"valueName":"search_term_string"}}],"inLanguage":"fr-FR"}]}},"_links":{"self":[{"href":"https:\/\/www.betonmoulds.com\/fr\/wp-json\/wp\/v2\/product\/5246","targetHints":{"allow":["GET"]}}],"collection":[{"href":"https:\/\/www.betonmoulds.com\/fr\/wp-json\/wp\/v2\/product"}],"about":[{"href":"https:\/\/www.betonmoulds.com\/fr\/wp-json\/wp\/v2\/types\/product"}],"wp:featuredmedia":[{"embeddable":true,"href":"https:\/\/www.betonmoulds.com\/fr\/wp-json\/wp\/v2\/media\/2896"}],"wp:attachment":[{"href":"https:\/\/www.betonmoulds.com\/fr\/wp-json\/wp\/v2\/media?parent=5246"}],"wp:term":[{"taxonomy":"product_brand","embeddable":true,"href":"https:\/\/www.betonmoulds.com\/fr\/wp-json\/wp\/v2\/product_brand?post=5246"},{"taxonomy":"product_cat","embeddable":true,"href":"https:\/\/www.betonmoulds.com\/fr\/wp-json\/wp\/v2\/product_cat?post=5246"},{"taxonomy":"product_tag","embeddable":true,"href":"https:\/\/www.betonmoulds.com\/fr\/wp-json\/wp\/v2\/product_tag?post=5246"}],"curies":[{"name":"wp","href":"https:\/\/api.w.org\/{rel}","templated":true}]}}