{"id":5209,"date":"2022-11-09T13:37:43","date_gmt":"2022-11-09T13:37:43","guid":{"rendered":"https:\/\/www.betonmoulds.com\/product\/bb-180-30-30-sn\/"},"modified":"2026-03-19T15:45:30","modified_gmt":"2026-03-19T15:45:30","slug":"bb-180-30-30-sn","status":"publish","type":"product","link":"https:\/\/www.betonmoulds.com\/fr\/product\/bb-180-30-30-sn\/","title":{"rendered":"Moule pour blocs en b\u00e9ton 180-30-30"},"content":{"rendered":"","protected":false},"excerpt":{"rendered":"<p class=\"P68B1DB1-Standaard3\"><span lang=\"FR\">Ce moule pour blocs de b\u00e9ton basiques offre de nombreuses possibilit\u00e9s de fabrication de blocs de b\u00e9ton. Le moule de base est disponible en diff\u00e9rentes tailles. Nous proposons plusieurs inserts pour ce moule en b\u00e9ton afin de produire diff\u00e9rentes formes de blocs. <\/span><\/p>\n<p class=\"P68B1DB1-Standaard3\"><span lang=\"FR\">Pour permettre un empilement s\u00e9curis\u00e9 des blocs de b\u00e9ton, le moule de base dispose de parties m\u00e2les en haut et de parties femelles en bas. Cela permet aux blocs de s&#8217;embo\u00eeter et emp\u00eache tout d\u00e9placement ind\u00e9sirable.<\/span><\/p>\n<p class=\"P68B1DB1-Standaard3\"><span lang=\"FR\">La qualit\u00e9 du b\u00e9ton, ainsi que les dimensions et le poids du bloc de b\u00e9ton coul\u00e9, d\u00e9terminent son utilisation et l&rsquo;application souhait\u00e9e. Des blocs plus lourds permettent des empilements plus \u00e9lev\u00e9s et ceux-ci sont id\u00e9alement adapt\u00e9s, par exemple, aux murs de sout\u00e8nement pour les secteurs du recyclage, de l&rsquo;industrie et de l&rsquo;agriculture.<\/span><\/p>\n<p class=\"P68B1DB1-Standaard3\"><span lang=\"FR\">Les blocs de b\u00e9ton peuvent \u00eatre utilis\u00e9s en tant qu&rsquo;ensemble comme syst\u00e8me de construction modulaire pour construire des murs ou individuellement pour cloisonner ou bloquer une route ou un parking.<\/span><\/p>\n<p class=\"P68B1DB1-Standaard3\"><span lang=\"FR\">Nous avons longuement r\u00e9fl\u00e9chi \u00e0 la conception structurelle et au choix des mat\u00e9riaux pour am\u00e9liorer consid\u00e9rablement les moules pour blocs de b\u00e9ton existants. Nous proposons des moules modulaires stables \u00e0 un prix abordable. Si vous pr\u00e9f\u00e9rez un moule facile \u00e0 utiliser \u00e0 un prix raisonnable, choisissez notre moule de base.<\/span><\/p>\n<p class=\"P68B1DB1-Standaard3\"><span lang=\"FR\">Les dimensions des blocs de b\u00e9ton sont conformes aux normes en vigueur depuis des d\u00e9cennies et sont compatibles avec les fabricants de moules les plus connus. <\/span><\/p>\n<p class=\"P68B1DB1-Standaard3\"><span lang=\"FR\">Nos moules, de couleur rouge avec des coins galvanis\u00e9s \u00e0 chaud, sont reconnaissables entre tous et uniques en leur genre. Fabriqu\u00e9s \u00e0 partir d&rsquo;acier de haute qualit\u00e9, assembl\u00e9s avec pr\u00e9cision par des artisans \u00e0 l&rsquo;aide de machines de d\u00e9coupe laser et de robots de soudage.<\/span><\/p>\n","protected":false},"featured_media":2856,"template":"","meta":[],"product_brand":[],"product_cat":[223],"product_tag":[],"class_list":{"0":"post-5209","1":"product","2":"type-product","3":"status-publish","4":"has-post-thumbnail","6":"product_cat-moules-de-base","8":"first","9":"instock","10":"shipping-taxable","11":"purchasable","12":"product-type-simple"},"yoast_head":"<!-- This site is optimized with the Yoast SEO plugin v27.4 - https:\/\/yoast.com\/product\/yoast-seo-wordpress\/ -->\n<title>Moule pour blocs en b\u00e9ton 180-30-30 - BETONMOULDS<\/title>\n<meta name=\"robots\" content=\"index, follow, max-snippet:-1, max-image-preview:large, max-video-preview:-1\" \/>\n<link rel=\"canonical\" href=\"https:\/\/www.betonmoulds.com\/fr\/product\/bb-180-30-30-sn\/\" \/>\n<meta property=\"og:locale\" content=\"fr_FR\" \/>\n<meta property=\"og:type\" content=\"article\" \/>\n<meta property=\"og:title\" content=\"Moule pour blocs en b\u00e9ton 180-30-30 - BETONMOULDS\" \/>\n<meta property=\"og:description\" content=\"Ce moule pour blocs de b\u00e9ton basiques offre de nombreuses possibilit\u00e9s de fabrication de blocs de b\u00e9ton. Le moule de base est disponible en diff\u00e9rentes tailles. Nous proposons plusieurs inserts pour ce moule en b\u00e9ton afin de produire diff\u00e9rentes formes de blocs.  Pour permettre un empilement s\u00e9curis\u00e9 des blocs de b\u00e9ton, le moule de base dispose de parties m\u00e2les en haut et de parties femelles en bas. Cela permet aux blocs de s&#039;embo\u00eeter et emp\u00eache tout d\u00e9placement ind\u00e9sirable. La qualit\u00e9 du b\u00e9ton, ainsi que les dimensions et le poids du bloc de b\u00e9ton coul\u00e9, d\u00e9terminent son utilisation et l&#039;application souhait\u00e9e. Des blocs plus lourds permettent des empilements plus \u00e9lev\u00e9s et ceux-ci sont id\u00e9alement adapt\u00e9s, par exemple, aux murs de sout\u00e8nement pour les secteurs du recyclage, de l&#039;industrie et de l&#039;agriculture. Les blocs de b\u00e9ton peuvent \u00eatre utilis\u00e9s en tant qu&#039;ensemble comme syst\u00e8me de construction modulaire pour construire des murs ou individuellement pour cloisonner ou bloquer une route ou un parking. Nous avons longuement r\u00e9fl\u00e9chi \u00e0 la conception structurelle et au choix des mat\u00e9riaux pour am\u00e9liorer consid\u00e9rablement les moules pour blocs de b\u00e9ton existants. Nous proposons des moules modulaires stables \u00e0 un prix abordable. Si vous pr\u00e9f\u00e9rez un moule facile \u00e0 utiliser \u00e0 un prix raisonnable, choisissez notre moule de base. Les dimensions des blocs de b\u00e9ton sont conformes aux normes en vigueur depuis des d\u00e9cennies et sont compatibles avec les fabricants de moules les plus connus.  Nos moules, de couleur rouge avec des coins galvanis\u00e9s \u00e0 chaud, sont reconnaissables entre tous et uniques en leur genre. Fabriqu\u00e9s \u00e0 partir d&#039;acier de haute qualit\u00e9, assembl\u00e9s avec pr\u00e9cision par des artisans \u00e0 l&#039;aide de machines de d\u00e9coupe laser et de robots de soudage.\" \/>\n<meta property=\"og:url\" content=\"https:\/\/www.betonmoulds.com\/fr\/product\/bb-180-30-30-sn\/\" \/>\n<meta property=\"og:site_name\" content=\"BETONMOULDS\" \/>\n<meta property=\"article:modified_time\" content=\"2026-03-19T15:45:30+00:00\" \/>\n<meta property=\"og:image\" content=\"https:\/\/www.betonmoulds.com\/wp-content\/uploads\/2022\/11\/BB-180-30-30-SN.jpg\" \/>\n\t<meta property=\"og:image:width\" content=\"900\" \/>\n\t<meta property=\"og:image:height\" content=\"900\" \/>\n\t<meta property=\"og:image:type\" content=\"image\/jpeg\" \/>\n<meta name=\"twitter:card\" content=\"summary_large_image\" \/>\n<meta name=\"twitter:label1\" content=\"Dur\u00e9e de lecture estim\u00e9e\" \/>\n\t<meta name=\"twitter:data1\" content=\"1 minute\" \/>\n<script type=\"application\/ld+json\" class=\"yoast-schema-graph\">{\"@context\":\"https:\\\/\\\/schema.org\",\"@graph\":[{\"@type\":\"WebPage\",\"@id\":\"https:\\\/\\\/www.betonmoulds.com\\\/fr\\\/product\\\/bb-180-30-30-sn\\\/\",\"url\":\"https:\\\/\\\/www.betonmoulds.com\\\/fr\\\/product\\\/bb-180-30-30-sn\\\/\",\"name\":\"Moule pour blocs en b\u00e9ton 180-30-30 - BETONMOULDS\",\"isPartOf\":{\"@id\":\"https:\\\/\\\/www.betonmoulds.com\\\/fr\\\/#website\"},\"primaryImageOfPage\":{\"@id\":\"https:\\\/\\\/www.betonmoulds.com\\\/fr\\\/product\\\/bb-180-30-30-sn\\\/#primaryimage\"},\"image\":{\"@id\":\"https:\\\/\\\/www.betonmoulds.com\\\/fr\\\/product\\\/bb-180-30-30-sn\\\/#primaryimage\"},\"thumbnailUrl\":\"https:\\\/\\\/www.betonmoulds.com\\\/wp-content\\\/uploads\\\/2022\\\/11\\\/BB-180-30-30-SN.jpg\",\"datePublished\":\"2022-11-09T13:37:43+00:00\",\"dateModified\":\"2026-03-19T15:45:30+00:00\",\"breadcrumb\":{\"@id\":\"https:\\\/\\\/www.betonmoulds.com\\\/fr\\\/product\\\/bb-180-30-30-sn\\\/#breadcrumb\"},\"inLanguage\":\"fr-FR\",\"potentialAction\":[{\"@type\":\"ReadAction\",\"target\":[\"https:\\\/\\\/www.betonmoulds.com\\\/fr\\\/product\\\/bb-180-30-30-sn\\\/\"]}]},{\"@type\":\"ImageObject\",\"inLanguage\":\"fr-FR\",\"@id\":\"https:\\\/\\\/www.betonmoulds.com\\\/fr\\\/product\\\/bb-180-30-30-sn\\\/#primaryimage\",\"url\":\"https:\\\/\\\/www.betonmoulds.com\\\/wp-content\\\/uploads\\\/2022\\\/11\\\/BB-180-30-30-SN.jpg\",\"contentUrl\":\"https:\\\/\\\/www.betonmoulds.com\\\/wp-content\\\/uploads\\\/2022\\\/11\\\/BB-180-30-30-SN.jpg\",\"width\":900,\"height\":900,\"caption\":\"moule bloc lego en b\u00e9ton\"},{\"@type\":\"BreadcrumbList\",\"@id\":\"https:\\\/\\\/www.betonmoulds.com\\\/fr\\\/product\\\/bb-180-30-30-sn\\\/#breadcrumb\",\"itemListElement\":[{\"@type\":\"ListItem\",\"position\":1,\"name\":\"Home\",\"item\":\"https:\\\/\\\/www.betonmoulds.com\\\/fr\\\/\"},{\"@type\":\"ListItem\",\"position\":2,\"name\":\"Boutique\",\"item\":\"https:\\\/\\\/www.betonmoulds.com\\\/it\\\/negozio\\\/\"},{\"@type\":\"ListItem\",\"position\":3,\"name\":\"Moule pour blocs en b\u00e9ton 180-30-30\"}]},{\"@type\":\"WebSite\",\"@id\":\"https:\\\/\\\/www.betonmoulds.com\\\/fr\\\/#website\",\"url\":\"https:\\\/\\\/www.betonmoulds.com\\\/fr\\\/\",\"name\":\"BETONMOULDS\",\"description\":\"Upcycle leftover concrete\",\"potentialAction\":[{\"@type\":\"SearchAction\",\"target\":{\"@type\":\"EntryPoint\",\"urlTemplate\":\"https:\\\/\\\/www.betonmoulds.com\\\/fr\\\/?s={search_term_string}\"},\"query-input\":{\"@type\":\"PropertyValueSpecification\",\"valueRequired\":true,\"valueName\":\"search_term_string\"}}],\"inLanguage\":\"fr-FR\"}]}<\/script>\n<!-- \/ Yoast SEO plugin. -->","yoast_head_json":{"title":"Moule pour blocs en b\u00e9ton 180-30-30 - BETONMOULDS","robots":{"index":"index","follow":"follow","max-snippet":"max-snippet:-1","max-image-preview":"max-image-preview:large","max-video-preview":"max-video-preview:-1"},"canonical":"https:\/\/www.betonmoulds.com\/fr\/product\/bb-180-30-30-sn\/","og_locale":"fr_FR","og_type":"article","og_title":"Moule pour blocs en b\u00e9ton 180-30-30 - BETONMOULDS","og_description":"Ce moule pour blocs de b\u00e9ton basiques offre de nombreuses possibilit\u00e9s de fabrication de blocs de b\u00e9ton. Le moule de base est disponible en diff\u00e9rentes tailles. Nous proposons plusieurs inserts pour ce moule en b\u00e9ton afin de produire diff\u00e9rentes formes de blocs.  Pour permettre un empilement s\u00e9curis\u00e9 des blocs de b\u00e9ton, le moule de base dispose de parties m\u00e2les en haut et de parties femelles en bas. Cela permet aux blocs de s'embo\u00eeter et emp\u00eache tout d\u00e9placement ind\u00e9sirable. La qualit\u00e9 du b\u00e9ton, ainsi que les dimensions et le poids du bloc de b\u00e9ton coul\u00e9, d\u00e9terminent son utilisation et l'application souhait\u00e9e. Des blocs plus lourds permettent des empilements plus \u00e9lev\u00e9s et ceux-ci sont id\u00e9alement adapt\u00e9s, par exemple, aux murs de sout\u00e8nement pour les secteurs du recyclage, de l'industrie et de l'agriculture. Les blocs de b\u00e9ton peuvent \u00eatre utilis\u00e9s en tant qu'ensemble comme syst\u00e8me de construction modulaire pour construire des murs ou individuellement pour cloisonner ou bloquer une route ou un parking. Nous avons longuement r\u00e9fl\u00e9chi \u00e0 la conception structurelle et au choix des mat\u00e9riaux pour am\u00e9liorer consid\u00e9rablement les moules pour blocs de b\u00e9ton existants. Nous proposons des moules modulaires stables \u00e0 un prix abordable. Si vous pr\u00e9f\u00e9rez un moule facile \u00e0 utiliser \u00e0 un prix raisonnable, choisissez notre moule de base. Les dimensions des blocs de b\u00e9ton sont conformes aux normes en vigueur depuis des d\u00e9cennies et sont compatibles avec les fabricants de moules les plus connus.  Nos moules, de couleur rouge avec des coins galvanis\u00e9s \u00e0 chaud, sont reconnaissables entre tous et uniques en leur genre. Fabriqu\u00e9s \u00e0 partir d'acier de haute qualit\u00e9, assembl\u00e9s avec pr\u00e9cision par des artisans \u00e0 l'aide de machines de d\u00e9coupe laser et de robots de soudage.","og_url":"https:\/\/www.betonmoulds.com\/fr\/product\/bb-180-30-30-sn\/","og_site_name":"BETONMOULDS","article_modified_time":"2026-03-19T15:45:30+00:00","og_image":[{"width":900,"height":900,"url":"https:\/\/www.betonmoulds.com\/wp-content\/uploads\/2022\/11\/BB-180-30-30-SN.jpg","type":"image\/jpeg"}],"twitter_card":"summary_large_image","twitter_misc":{"Dur\u00e9e de lecture estim\u00e9e":"1 minute"},"schema":{"@context":"https:\/\/schema.org","@graph":[{"@type":"WebPage","@id":"https:\/\/www.betonmoulds.com\/fr\/product\/bb-180-30-30-sn\/","url":"https:\/\/www.betonmoulds.com\/fr\/product\/bb-180-30-30-sn\/","name":"Moule pour blocs en b\u00e9ton 180-30-30 - BETONMOULDS","isPartOf":{"@id":"https:\/\/www.betonmoulds.com\/fr\/#website"},"primaryImageOfPage":{"@id":"https:\/\/www.betonmoulds.com\/fr\/product\/bb-180-30-30-sn\/#primaryimage"},"image":{"@id":"https:\/\/www.betonmoulds.com\/fr\/product\/bb-180-30-30-sn\/#primaryimage"},"thumbnailUrl":"https:\/\/www.betonmoulds.com\/wp-content\/uploads\/2022\/11\/BB-180-30-30-SN.jpg","datePublished":"2022-11-09T13:37:43+00:00","dateModified":"2026-03-19T15:45:30+00:00","breadcrumb":{"@id":"https:\/\/www.betonmoulds.com\/fr\/product\/bb-180-30-30-sn\/#breadcrumb"},"inLanguage":"fr-FR","potentialAction":[{"@type":"ReadAction","target":["https:\/\/www.betonmoulds.com\/fr\/product\/bb-180-30-30-sn\/"]}]},{"@type":"ImageObject","inLanguage":"fr-FR","@id":"https:\/\/www.betonmoulds.com\/fr\/product\/bb-180-30-30-sn\/#primaryimage","url":"https:\/\/www.betonmoulds.com\/wp-content\/uploads\/2022\/11\/BB-180-30-30-SN.jpg","contentUrl":"https:\/\/www.betonmoulds.com\/wp-content\/uploads\/2022\/11\/BB-180-30-30-SN.jpg","width":900,"height":900,"caption":"moule bloc lego en b\u00e9ton"},{"@type":"BreadcrumbList","@id":"https:\/\/www.betonmoulds.com\/fr\/product\/bb-180-30-30-sn\/#breadcrumb","itemListElement":[{"@type":"ListItem","position":1,"name":"Home","item":"https:\/\/www.betonmoulds.com\/fr\/"},{"@type":"ListItem","position":2,"name":"Boutique","item":"https:\/\/www.betonmoulds.com\/it\/negozio\/"},{"@type":"ListItem","position":3,"name":"Moule pour blocs en b\u00e9ton 180-30-30"}]},{"@type":"WebSite","@id":"https:\/\/www.betonmoulds.com\/fr\/#website","url":"https:\/\/www.betonmoulds.com\/fr\/","name":"BETONMOULDS","description":"Upcycle leftover concrete","potentialAction":[{"@type":"SearchAction","target":{"@type":"EntryPoint","urlTemplate":"https:\/\/www.betonmoulds.com\/fr\/?s={search_term_string}"},"query-input":{"@type":"PropertyValueSpecification","valueRequired":true,"valueName":"search_term_string"}}],"inLanguage":"fr-FR"}]}},"_links":{"self":[{"href":"https:\/\/www.betonmoulds.com\/fr\/wp-json\/wp\/v2\/product\/5209","targetHints":{"allow":["GET"]}}],"collection":[{"href":"https:\/\/www.betonmoulds.com\/fr\/wp-json\/wp\/v2\/product"}],"about":[{"href":"https:\/\/www.betonmoulds.com\/fr\/wp-json\/wp\/v2\/types\/product"}],"wp:featuredmedia":[{"embeddable":true,"href":"https:\/\/www.betonmoulds.com\/fr\/wp-json\/wp\/v2\/media\/2856"}],"wp:attachment":[{"href":"https:\/\/www.betonmoulds.com\/fr\/wp-json\/wp\/v2\/media?parent=5209"}],"wp:term":[{"taxonomy":"product_brand","embeddable":true,"href":"https:\/\/www.betonmoulds.com\/fr\/wp-json\/wp\/v2\/product_brand?post=5209"},{"taxonomy":"product_cat","embeddable":true,"href":"https:\/\/www.betonmoulds.com\/fr\/wp-json\/wp\/v2\/product_cat?post=5209"},{"taxonomy":"product_tag","embeddable":true,"href":"https:\/\/www.betonmoulds.com\/fr\/wp-json\/wp\/v2\/product_tag?post=5209"}],"curies":[{"name":"wp","href":"https:\/\/api.w.org\/{rel}","templated":true}]}}