{"id":5179,"date":"2023-01-15T13:24:57","date_gmt":"2023-01-15T13:24:57","guid":{"rendered":"https:\/\/www.betonmoulds.com\/product\/cs-200-150-16\/"},"modified":"2026-03-19T15:46:14","modified_gmt":"2026-03-19T15:46:14","slug":"cs-200-150-16","status":"publish","type":"product","link":"https:\/\/www.betonmoulds.com\/fr\/product\/cs-200-150-16\/","title":{"rendered":"Moule pour dalle b\u00e9ton 200-150-16"},"content":{"rendered":"","protected":false},"excerpt":{"rendered":"<p class=\"P68B1DB1-Standaard2\"><span lang=\"FR\">Ce moule pour dalle en b\u00e9ton robuste vous permet de produire facilement des dalles en b\u00e9ton de 200x150x16 cm. Les dalles en b\u00e9ton sont id\u00e9ales pour le pavage temporaire ou permanent. Elles peuvent supporter le poids de v\u00e9hicules plus lourds. Les dalles de b\u00e9ton r\u00e9partissent le poids sur les couches sous-jacentes du sous-sol.<\/span><\/p>\n<p class=\"P68B1DB1-Standaard2\"><span lang=\"FR\">En rempla\u00e7ant ses panneaux lat\u00e9raux, le moule pour dalle de b\u00e9ton modulaire peut facilement \u00eatre converti pour produire des dalles de <a href=\"https:\/\/www.betonmoulds.com\/fr\/product\/cs-200-200-16\/\"><strong>200 x 200 x 16 cm<\/strong><\/a> et des dalles de <strong><a href=\"https:\/\/www.betonmoulds.com\/fr\/product\/cs-200-100-16\/\">200 x 100 x 16 cm<\/a><\/strong>.<\/span><\/p>\n<p class=\"P68B1DB1-Standaard2\"><span lang=\"FR\">La face inf\u00e9rieure de la dalle de b\u00e9ton coul\u00e9e devient la surface sup\u00e9rieure lisse du pavage final. Le m\u00e9canisme de rotation et de <strong><a href=\"https:\/\/www.betonmoulds.com\/fr\/product\/mecanisme-de-levage-et-de-rotation\/\">levage sp\u00e9cialement d\u00e9velopp\u00e9<\/a><\/strong>\u00a0permet de tourner les dalles de b\u00e9ton lourdes d&rsquo;une seule main.<\/span><\/p>\n<p class=\"P68B1DB1-Standaard2\"><span lang=\"FR\">Les dalles de b\u00e9ton sont utilis\u00e9es pour la fondation des silos \u00e0 fumier et le stockage des aliments du b\u00e9tail et des mat\u00e9riaux en vrac tels que le sable et le gravier.<\/span><\/p>\n<p class=\"P68B1DB1-Standaard2\"><span lang=\"FR\"><a href=\"https:\/\/www.betonmoulds.com\/fr\/product\/cip-200-16\/\"><strong>Les profil\u00e9s<\/strong><\/a> peuvent \u00eatre utilis\u00e9s pour cr\u00e9er une dalle dot\u00e9e d&rsquo;encoches qui s&rsquo;adaptent aux <strong><a href=\"https:\/\/www.betonmoulds.com\/fr\/product\/elingue-de-levage-2-brins-pour-dalles\/\">crochets de levage<\/a><\/strong>. Cela facilite le changement de pavage et le d\u00e9placement en toute s\u00e9curit\u00e9 des dalles de b\u00e9ton.<\/span><\/p>\n<p class=\"P68B1DB1-Standaard2\"><span lang=\"FR\">Pour les poids lourds, nous proposons des moules pour dalles en b\u00e9ton industriel \u00e9pais de <a href=\"https:\/\/www.betonmoulds.com\/fr\/product\/cs-200-150-16\/\"><strong>16 cm<\/strong><\/a> ou m\u00eame de <a href=\"https:\/\/www.betonmoulds.com\/fr\/product\/cs-200-150-25\/\"><strong>25 cm<\/strong><\/a>.<\/span><\/p>\n<p class=\"P68B1DB1-Standaard2\"><span lang=\"FR\">Avec des dalles dimensionnellement stables, le pavage de plus grandes surfaces s&rsquo;av\u00e8re rapide et facile. La possibilit\u00e9 de changer facilement de rev\u00eatement favorise une utilisation durable.<\/span><\/p>\n","protected":false},"featured_media":10270,"template":"","meta":[],"product_brand":[],"product_cat":[201],"product_tag":[],"class_list":{"0":"post-5179","1":"product","2":"type-product","3":"status-publish","4":"has-post-thumbnail","6":"product_cat-moules-de-base-dalles","8":"first","9":"instock","10":"shipping-taxable","11":"purchasable","12":"product-type-simple"},"yoast_head":"<!-- This site is optimized with the Yoast SEO plugin v27.4 - https:\/\/yoast.com\/product\/yoast-seo-wordpress\/ -->\n<title>Moule pour dalle b\u00e9ton 200-150-16 - BETONMOULDS<\/title>\n<meta name=\"robots\" content=\"index, follow, max-snippet:-1, max-image-preview:large, max-video-preview:-1\" \/>\n<link rel=\"canonical\" href=\"https:\/\/www.betonmoulds.com\/fr\/product\/cs-200-150-16\/\" \/>\n<meta property=\"og:locale\" content=\"fr_FR\" \/>\n<meta property=\"og:type\" content=\"article\" \/>\n<meta property=\"og:title\" content=\"Moule pour dalle b\u00e9ton 200-150-16 - BETONMOULDS\" \/>\n<meta property=\"og:description\" content=\"Ce moule pour dalle en b\u00e9ton robuste vous permet de produire facilement des dalles en b\u00e9ton de 200x150x16 cm. Les dalles en b\u00e9ton sont id\u00e9ales pour le pavage temporaire ou permanent. Elles peuvent supporter le poids de v\u00e9hicules plus lourds. Les dalles de b\u00e9ton r\u00e9partissent le poids sur les couches sous-jacentes du sous-sol. En rempla\u00e7ant ses panneaux lat\u00e9raux, le moule pour dalle de b\u00e9ton modulaire peut facilement \u00eatre converti pour produire des dalles de 200 x 200 x 16 cm et des dalles de 200 x 100 x 16 cm. La face inf\u00e9rieure de la dalle de b\u00e9ton coul\u00e9e devient la surface sup\u00e9rieure lisse du pavage final. Le m\u00e9canisme de rotation et de levage sp\u00e9cialement d\u00e9velopp\u00e9\u00a0permet de tourner les dalles de b\u00e9ton lourdes d&#039;une seule main. Les dalles de b\u00e9ton sont utilis\u00e9es pour la fondation des silos \u00e0 fumier et le stockage des aliments du b\u00e9tail et des mat\u00e9riaux en vrac tels que le sable et le gravier. Les profil\u00e9s peuvent \u00eatre utilis\u00e9s pour cr\u00e9er une dalle dot\u00e9e d&#039;encoches qui s&#039;adaptent aux crochets de levage. Cela facilite le changement de pavage et le d\u00e9placement en toute s\u00e9curit\u00e9 des dalles de b\u00e9ton. Pour les poids lourds, nous proposons des moules pour dalles en b\u00e9ton industriel \u00e9pais de 16 cm ou m\u00eame de 25 cm. Avec des dalles dimensionnellement stables, le pavage de plus grandes surfaces s&#039;av\u00e8re rapide et facile. La possibilit\u00e9 de changer facilement de rev\u00eatement favorise une utilisation durable.\" \/>\n<meta property=\"og:url\" content=\"https:\/\/www.betonmoulds.com\/fr\/product\/cs-200-150-16\/\" \/>\n<meta property=\"og:site_name\" content=\"BETONMOULDS\" \/>\n<meta property=\"article:modified_time\" content=\"2026-03-19T15:46:14+00:00\" \/>\n<meta property=\"og:image\" content=\"https:\/\/www.betonmoulds.com\/wp-content\/uploads\/2023\/01\/CS-200-150-16-1.jpg\" \/>\n\t<meta property=\"og:image:width\" content=\"900\" \/>\n\t<meta property=\"og:image:height\" content=\"900\" \/>\n\t<meta property=\"og:image:type\" content=\"image\/jpeg\" \/>\n<meta name=\"twitter:card\" content=\"summary_large_image\" \/>\n<meta name=\"twitter:label1\" content=\"Dur\u00e9e de lecture estim\u00e9e\" \/>\n\t<meta name=\"twitter:data1\" content=\"1 minute\" \/>\n<script type=\"application\/ld+json\" class=\"yoast-schema-graph\">{\"@context\":\"https:\\\/\\\/schema.org\",\"@graph\":[{\"@type\":\"WebPage\",\"@id\":\"https:\\\/\\\/www.betonmoulds.com\\\/fr\\\/product\\\/cs-200-150-16\\\/\",\"url\":\"https:\\\/\\\/www.betonmoulds.com\\\/fr\\\/product\\\/cs-200-150-16\\\/\",\"name\":\"Moule pour dalle b\u00e9ton 200-150-16 - BETONMOULDS\",\"isPartOf\":{\"@id\":\"https:\\\/\\\/www.betonmoulds.com\\\/fr\\\/#website\"},\"primaryImageOfPage\":{\"@id\":\"https:\\\/\\\/www.betonmoulds.com\\\/fr\\\/product\\\/cs-200-150-16\\\/#primaryimage\"},\"image\":{\"@id\":\"https:\\\/\\\/www.betonmoulds.com\\\/fr\\\/product\\\/cs-200-150-16\\\/#primaryimage\"},\"thumbnailUrl\":\"https:\\\/\\\/www.betonmoulds.com\\\/wp-content\\\/uploads\\\/2023\\\/01\\\/CS-200-150-16-1.jpg\",\"datePublished\":\"2023-01-15T13:24:57+00:00\",\"dateModified\":\"2026-03-19T15:46:14+00:00\",\"breadcrumb\":{\"@id\":\"https:\\\/\\\/www.betonmoulds.com\\\/fr\\\/product\\\/cs-200-150-16\\\/#breadcrumb\"},\"inLanguage\":\"fr-FR\",\"potentialAction\":[{\"@type\":\"ReadAction\",\"target\":[\"https:\\\/\\\/www.betonmoulds.com\\\/fr\\\/product\\\/cs-200-150-16\\\/\"]}]},{\"@type\":\"ImageObject\",\"inLanguage\":\"fr-FR\",\"@id\":\"https:\\\/\\\/www.betonmoulds.com\\\/fr\\\/product\\\/cs-200-150-16\\\/#primaryimage\",\"url\":\"https:\\\/\\\/www.betonmoulds.com\\\/wp-content\\\/uploads\\\/2023\\\/01\\\/CS-200-150-16-1.jpg\",\"contentUrl\":\"https:\\\/\\\/www.betonmoulds.com\\\/wp-content\\\/uploads\\\/2023\\\/01\\\/CS-200-150-16-1.jpg\",\"width\":900,\"height\":900,\"caption\":\"Moule pour dalle b\u00e9ton 200-150-16\"},{\"@type\":\"BreadcrumbList\",\"@id\":\"https:\\\/\\\/www.betonmoulds.com\\\/fr\\\/product\\\/cs-200-150-16\\\/#breadcrumb\",\"itemListElement\":[{\"@type\":\"ListItem\",\"position\":1,\"name\":\"Home\",\"item\":\"https:\\\/\\\/www.betonmoulds.com\\\/fr\\\/\"},{\"@type\":\"ListItem\",\"position\":2,\"name\":\"Boutique\",\"item\":\"https:\\\/\\\/www.betonmoulds.com\\\/it\\\/negozio\\\/\"},{\"@type\":\"ListItem\",\"position\":3,\"name\":\"Moule pour dalle b\u00e9ton 200-150-16\"}]},{\"@type\":\"WebSite\",\"@id\":\"https:\\\/\\\/www.betonmoulds.com\\\/fr\\\/#website\",\"url\":\"https:\\\/\\\/www.betonmoulds.com\\\/fr\\\/\",\"name\":\"BETONMOULDS\",\"description\":\"Upcycle leftover concrete\",\"potentialAction\":[{\"@type\":\"SearchAction\",\"target\":{\"@type\":\"EntryPoint\",\"urlTemplate\":\"https:\\\/\\\/www.betonmoulds.com\\\/fr\\\/?s={search_term_string}\"},\"query-input\":{\"@type\":\"PropertyValueSpecification\",\"valueRequired\":true,\"valueName\":\"search_term_string\"}}],\"inLanguage\":\"fr-FR\"}]}<\/script>\n<!-- \/ Yoast SEO plugin. -->","yoast_head_json":{"title":"Moule pour dalle b\u00e9ton 200-150-16 - BETONMOULDS","robots":{"index":"index","follow":"follow","max-snippet":"max-snippet:-1","max-image-preview":"max-image-preview:large","max-video-preview":"max-video-preview:-1"},"canonical":"https:\/\/www.betonmoulds.com\/fr\/product\/cs-200-150-16\/","og_locale":"fr_FR","og_type":"article","og_title":"Moule pour dalle b\u00e9ton 200-150-16 - BETONMOULDS","og_description":"Ce moule pour dalle en b\u00e9ton robuste vous permet de produire facilement des dalles en b\u00e9ton de 200x150x16 cm. Les dalles en b\u00e9ton sont id\u00e9ales pour le pavage temporaire ou permanent. Elles peuvent supporter le poids de v\u00e9hicules plus lourds. Les dalles de b\u00e9ton r\u00e9partissent le poids sur les couches sous-jacentes du sous-sol. En rempla\u00e7ant ses panneaux lat\u00e9raux, le moule pour dalle de b\u00e9ton modulaire peut facilement \u00eatre converti pour produire des dalles de 200 x 200 x 16 cm et des dalles de 200 x 100 x 16 cm. La face inf\u00e9rieure de la dalle de b\u00e9ton coul\u00e9e devient la surface sup\u00e9rieure lisse du pavage final. Le m\u00e9canisme de rotation et de levage sp\u00e9cialement d\u00e9velopp\u00e9\u00a0permet de tourner les dalles de b\u00e9ton lourdes d'une seule main. Les dalles de b\u00e9ton sont utilis\u00e9es pour la fondation des silos \u00e0 fumier et le stockage des aliments du b\u00e9tail et des mat\u00e9riaux en vrac tels que le sable et le gravier. Les profil\u00e9s peuvent \u00eatre utilis\u00e9s pour cr\u00e9er une dalle dot\u00e9e d'encoches qui s'adaptent aux crochets de levage. Cela facilite le changement de pavage et le d\u00e9placement en toute s\u00e9curit\u00e9 des dalles de b\u00e9ton. Pour les poids lourds, nous proposons des moules pour dalles en b\u00e9ton industriel \u00e9pais de 16 cm ou m\u00eame de 25 cm. Avec des dalles dimensionnellement stables, le pavage de plus grandes surfaces s'av\u00e8re rapide et facile. La possibilit\u00e9 de changer facilement de rev\u00eatement favorise une utilisation durable.","og_url":"https:\/\/www.betonmoulds.com\/fr\/product\/cs-200-150-16\/","og_site_name":"BETONMOULDS","article_modified_time":"2026-03-19T15:46:14+00:00","og_image":[{"width":900,"height":900,"url":"https:\/\/www.betonmoulds.com\/wp-content\/uploads\/2023\/01\/CS-200-150-16-1.jpg","type":"image\/jpeg"}],"twitter_card":"summary_large_image","twitter_misc":{"Dur\u00e9e de lecture estim\u00e9e":"1 minute"},"schema":{"@context":"https:\/\/schema.org","@graph":[{"@type":"WebPage","@id":"https:\/\/www.betonmoulds.com\/fr\/product\/cs-200-150-16\/","url":"https:\/\/www.betonmoulds.com\/fr\/product\/cs-200-150-16\/","name":"Moule pour dalle b\u00e9ton 200-150-16 - BETONMOULDS","isPartOf":{"@id":"https:\/\/www.betonmoulds.com\/fr\/#website"},"primaryImageOfPage":{"@id":"https:\/\/www.betonmoulds.com\/fr\/product\/cs-200-150-16\/#primaryimage"},"image":{"@id":"https:\/\/www.betonmoulds.com\/fr\/product\/cs-200-150-16\/#primaryimage"},"thumbnailUrl":"https:\/\/www.betonmoulds.com\/wp-content\/uploads\/2023\/01\/CS-200-150-16-1.jpg","datePublished":"2023-01-15T13:24:57+00:00","dateModified":"2026-03-19T15:46:14+00:00","breadcrumb":{"@id":"https:\/\/www.betonmoulds.com\/fr\/product\/cs-200-150-16\/#breadcrumb"},"inLanguage":"fr-FR","potentialAction":[{"@type":"ReadAction","target":["https:\/\/www.betonmoulds.com\/fr\/product\/cs-200-150-16\/"]}]},{"@type":"ImageObject","inLanguage":"fr-FR","@id":"https:\/\/www.betonmoulds.com\/fr\/product\/cs-200-150-16\/#primaryimage","url":"https:\/\/www.betonmoulds.com\/wp-content\/uploads\/2023\/01\/CS-200-150-16-1.jpg","contentUrl":"https:\/\/www.betonmoulds.com\/wp-content\/uploads\/2023\/01\/CS-200-150-16-1.jpg","width":900,"height":900,"caption":"Moule pour dalle b\u00e9ton 200-150-16"},{"@type":"BreadcrumbList","@id":"https:\/\/www.betonmoulds.com\/fr\/product\/cs-200-150-16\/#breadcrumb","itemListElement":[{"@type":"ListItem","position":1,"name":"Home","item":"https:\/\/www.betonmoulds.com\/fr\/"},{"@type":"ListItem","position":2,"name":"Boutique","item":"https:\/\/www.betonmoulds.com\/it\/negozio\/"},{"@type":"ListItem","position":3,"name":"Moule pour dalle b\u00e9ton 200-150-16"}]},{"@type":"WebSite","@id":"https:\/\/www.betonmoulds.com\/fr\/#website","url":"https:\/\/www.betonmoulds.com\/fr\/","name":"BETONMOULDS","description":"Upcycle leftover concrete","potentialAction":[{"@type":"SearchAction","target":{"@type":"EntryPoint","urlTemplate":"https:\/\/www.betonmoulds.com\/fr\/?s={search_term_string}"},"query-input":{"@type":"PropertyValueSpecification","valueRequired":true,"valueName":"search_term_string"}}],"inLanguage":"fr-FR"}]}},"_links":{"self":[{"href":"https:\/\/www.betonmoulds.com\/fr\/wp-json\/wp\/v2\/product\/5179","targetHints":{"allow":["GET"]}}],"collection":[{"href":"https:\/\/www.betonmoulds.com\/fr\/wp-json\/wp\/v2\/product"}],"about":[{"href":"https:\/\/www.betonmoulds.com\/fr\/wp-json\/wp\/v2\/types\/product"}],"wp:featuredmedia":[{"embeddable":true,"href":"https:\/\/www.betonmoulds.com\/fr\/wp-json\/wp\/v2\/media\/10270"}],"wp:attachment":[{"href":"https:\/\/www.betonmoulds.com\/fr\/wp-json\/wp\/v2\/media?parent=5179"}],"wp:term":[{"taxonomy":"product_brand","embeddable":true,"href":"https:\/\/www.betonmoulds.com\/fr\/wp-json\/wp\/v2\/product_brand?post=5179"},{"taxonomy":"product_cat","embeddable":true,"href":"https:\/\/www.betonmoulds.com\/fr\/wp-json\/wp\/v2\/product_cat?post=5179"},{"taxonomy":"product_tag","embeddable":true,"href":"https:\/\/www.betonmoulds.com\/fr\/wp-json\/wp\/v2\/product_tag?post=5179"}],"curies":[{"name":"wp","href":"https:\/\/api.w.org\/{rel}","templated":true}]}}