{"id":5170,"date":"2023-01-20T21:38:49","date_gmt":"2023-01-20T21:38:49","guid":{"rendered":"https:\/\/www.betonmoulds.com\/product\/straightedge-for-ready-mix-concrete\/"},"modified":"2026-03-19T15:47:01","modified_gmt":"2026-03-19T15:47:01","slug":"regle-pour-beton-pret-a-lemploi","status":"publish","type":"product","link":"https:\/\/www.betonmoulds.com\/fr\/product\/regle-pour-beton-pret-a-lemploi\/","title":{"rendered":"R\u00e8gle professionnelle pour \u00e9galiser le b\u00e9ton"},"content":{"rendered":"","protected":false},"excerpt":{"rendered":"<p class=\"P68B1DB1-Standaard2\"><span lang=\"FR\">Cette r\u00e8gle solide est un outil l\u00e9ger pour le nivellement, la finition et le lissage du b\u00e9ton fra\u00eechement coul\u00e9. La longueur de cette r\u00e8gle en aluminium est de 100 cm. Ce produit assure la surface la plus lisse possible lors de la finition de vos produits en b\u00e9ton.<\/span><\/p>\n","protected":false},"featured_media":3568,"template":"","meta":[],"product_brand":[],"product_cat":[322,327,308,321],"product_tag":[],"class_list":{"0":"post-5170","1":"product","2":"type-product","3":"status-publish","4":"has-post-thumbnail","6":"product_cat-accessoires-dalles","7":"product_cat-accessoires-mur-de-soutenement","8":"product_cat-accessoires-blocs","9":"product_cat-accessoires-jersey","11":"first","12":"instock","13":"shipping-taxable","14":"purchasable","15":"product-type-simple"},"yoast_head":"<!-- This site is optimized with the Yoast SEO plugin v27.4 - https:\/\/yoast.com\/product\/yoast-seo-wordpress\/ -->\n<title>R\u00e8gle professionnelle pour \u00e9galiser le b\u00e9ton - BETONMOULDS<\/title>\n<meta name=\"robots\" content=\"index, follow, max-snippet:-1, max-image-preview:large, max-video-preview:-1\" \/>\n<link rel=\"canonical\" href=\"https:\/\/www.betonmoulds.com\/fr\/product\/regle-pour-beton-pret-a-lemploi\/\" \/>\n<meta property=\"og:locale\" content=\"fr_FR\" \/>\n<meta property=\"og:type\" content=\"article\" \/>\n<meta property=\"og:title\" content=\"R\u00e8gle professionnelle pour \u00e9galiser le b\u00e9ton - BETONMOULDS\" \/>\n<meta property=\"og:description\" content=\"Cette r\u00e8gle solide est un outil l\u00e9ger pour le nivellement, la finition et le lissage du b\u00e9ton fra\u00eechement coul\u00e9. La longueur de cette r\u00e8gle en aluminium est de 100 cm. Ce produit assure la surface la plus lisse possible lors de la finition de vos produits en b\u00e9ton.\" \/>\n<meta property=\"og:url\" content=\"https:\/\/www.betonmoulds.com\/fr\/product\/regle-pour-beton-pret-a-lemploi\/\" \/>\n<meta property=\"og:site_name\" content=\"BETONMOULDS\" \/>\n<meta property=\"article:modified_time\" content=\"2026-03-19T15:47:01+00:00\" \/>\n<meta property=\"og:image\" content=\"https:\/\/www.betonmoulds.com\/wp-content\/uploads\/2023\/01\/Professional-straightedge-for-concrete.jpg\" \/>\n\t<meta property=\"og:image:width\" content=\"900\" \/>\n\t<meta property=\"og:image:height\" content=\"900\" \/>\n\t<meta property=\"og:image:type\" content=\"image\/jpeg\" \/>\n<meta name=\"twitter:card\" content=\"summary_large_image\" \/>\n<meta name=\"twitter:label1\" content=\"Dur\u00e9e de lecture estim\u00e9e\" \/>\n\t<meta name=\"twitter:data1\" content=\"1 minute\" \/>\n<script type=\"application\/ld+json\" class=\"yoast-schema-graph\">{\"@context\":\"https:\\\/\\\/schema.org\",\"@graph\":[{\"@type\":\"WebPage\",\"@id\":\"https:\\\/\\\/www.betonmoulds.com\\\/fr\\\/product\\\/regle-pour-beton-pret-a-lemploi\\\/\",\"url\":\"https:\\\/\\\/www.betonmoulds.com\\\/fr\\\/product\\\/regle-pour-beton-pret-a-lemploi\\\/\",\"name\":\"R\u00e8gle professionnelle pour \u00e9galiser le b\u00e9ton - BETONMOULDS\",\"isPartOf\":{\"@id\":\"https:\\\/\\\/www.betonmoulds.com\\\/fr\\\/#website\"},\"primaryImageOfPage\":{\"@id\":\"https:\\\/\\\/www.betonmoulds.com\\\/fr\\\/product\\\/regle-pour-beton-pret-a-lemploi\\\/#primaryimage\"},\"image\":{\"@id\":\"https:\\\/\\\/www.betonmoulds.com\\\/fr\\\/product\\\/regle-pour-beton-pret-a-lemploi\\\/#primaryimage\"},\"thumbnailUrl\":\"https:\\\/\\\/www.betonmoulds.com\\\/wp-content\\\/uploads\\\/2023\\\/01\\\/Professional-straightedge-for-concrete.jpg\",\"datePublished\":\"2023-01-20T21:38:49+00:00\",\"dateModified\":\"2026-03-19T15:47:01+00:00\",\"breadcrumb\":{\"@id\":\"https:\\\/\\\/www.betonmoulds.com\\\/fr\\\/product\\\/regle-pour-beton-pret-a-lemploi\\\/#breadcrumb\"},\"inLanguage\":\"fr-FR\",\"potentialAction\":[{\"@type\":\"ReadAction\",\"target\":[\"https:\\\/\\\/www.betonmoulds.com\\\/fr\\\/product\\\/regle-pour-beton-pret-a-lemploi\\\/\"]}]},{\"@type\":\"ImageObject\",\"inLanguage\":\"fr-FR\",\"@id\":\"https:\\\/\\\/www.betonmoulds.com\\\/fr\\\/product\\\/regle-pour-beton-pret-a-lemploi\\\/#primaryimage\",\"url\":\"https:\\\/\\\/www.betonmoulds.com\\\/wp-content\\\/uploads\\\/2023\\\/01\\\/Professional-straightedge-for-concrete.jpg\",\"contentUrl\":\"https:\\\/\\\/www.betonmoulds.com\\\/wp-content\\\/uploads\\\/2023\\\/01\\\/Professional-straightedge-for-concrete.jpg\",\"width\":900,\"height\":900,\"caption\":\"outil de redressage pour blocs de b\u00e9ton\"},{\"@type\":\"BreadcrumbList\",\"@id\":\"https:\\\/\\\/www.betonmoulds.com\\\/fr\\\/product\\\/regle-pour-beton-pret-a-lemploi\\\/#breadcrumb\",\"itemListElement\":[{\"@type\":\"ListItem\",\"position\":1,\"name\":\"Home\",\"item\":\"https:\\\/\\\/www.betonmoulds.com\\\/fr\\\/\"},{\"@type\":\"ListItem\",\"position\":2,\"name\":\"Boutique\",\"item\":\"https:\\\/\\\/www.betonmoulds.com\\\/it\\\/negozio\\\/\"},{\"@type\":\"ListItem\",\"position\":3,\"name\":\"R\u00e8gle professionnelle pour \u00e9galiser le b\u00e9ton\"}]},{\"@type\":\"WebSite\",\"@id\":\"https:\\\/\\\/www.betonmoulds.com\\\/fr\\\/#website\",\"url\":\"https:\\\/\\\/www.betonmoulds.com\\\/fr\\\/\",\"name\":\"BETONMOULDS\",\"description\":\"Upcycle leftover concrete\",\"potentialAction\":[{\"@type\":\"SearchAction\",\"target\":{\"@type\":\"EntryPoint\",\"urlTemplate\":\"https:\\\/\\\/www.betonmoulds.com\\\/fr\\\/?s={search_term_string}\"},\"query-input\":{\"@type\":\"PropertyValueSpecification\",\"valueRequired\":true,\"valueName\":\"search_term_string\"}}],\"inLanguage\":\"fr-FR\"}]}<\/script>\n<!-- \/ Yoast SEO plugin. -->","yoast_head_json":{"title":"R\u00e8gle professionnelle pour \u00e9galiser le b\u00e9ton - BETONMOULDS","robots":{"index":"index","follow":"follow","max-snippet":"max-snippet:-1","max-image-preview":"max-image-preview:large","max-video-preview":"max-video-preview:-1"},"canonical":"https:\/\/www.betonmoulds.com\/fr\/product\/regle-pour-beton-pret-a-lemploi\/","og_locale":"fr_FR","og_type":"article","og_title":"R\u00e8gle professionnelle pour \u00e9galiser le b\u00e9ton - BETONMOULDS","og_description":"Cette r\u00e8gle solide est un outil l\u00e9ger pour le nivellement, la finition et le lissage du b\u00e9ton fra\u00eechement coul\u00e9. La longueur de cette r\u00e8gle en aluminium est de 100 cm. Ce produit assure la surface la plus lisse possible lors de la finition de vos produits en b\u00e9ton.","og_url":"https:\/\/www.betonmoulds.com\/fr\/product\/regle-pour-beton-pret-a-lemploi\/","og_site_name":"BETONMOULDS","article_modified_time":"2026-03-19T15:47:01+00:00","og_image":[{"width":900,"height":900,"url":"https:\/\/www.betonmoulds.com\/wp-content\/uploads\/2023\/01\/Professional-straightedge-for-concrete.jpg","type":"image\/jpeg"}],"twitter_card":"summary_large_image","twitter_misc":{"Dur\u00e9e de lecture estim\u00e9e":"1 minute"},"schema":{"@context":"https:\/\/schema.org","@graph":[{"@type":"WebPage","@id":"https:\/\/www.betonmoulds.com\/fr\/product\/regle-pour-beton-pret-a-lemploi\/","url":"https:\/\/www.betonmoulds.com\/fr\/product\/regle-pour-beton-pret-a-lemploi\/","name":"R\u00e8gle professionnelle pour \u00e9galiser le b\u00e9ton - BETONMOULDS","isPartOf":{"@id":"https:\/\/www.betonmoulds.com\/fr\/#website"},"primaryImageOfPage":{"@id":"https:\/\/www.betonmoulds.com\/fr\/product\/regle-pour-beton-pret-a-lemploi\/#primaryimage"},"image":{"@id":"https:\/\/www.betonmoulds.com\/fr\/product\/regle-pour-beton-pret-a-lemploi\/#primaryimage"},"thumbnailUrl":"https:\/\/www.betonmoulds.com\/wp-content\/uploads\/2023\/01\/Professional-straightedge-for-concrete.jpg","datePublished":"2023-01-20T21:38:49+00:00","dateModified":"2026-03-19T15:47:01+00:00","breadcrumb":{"@id":"https:\/\/www.betonmoulds.com\/fr\/product\/regle-pour-beton-pret-a-lemploi\/#breadcrumb"},"inLanguage":"fr-FR","potentialAction":[{"@type":"ReadAction","target":["https:\/\/www.betonmoulds.com\/fr\/product\/regle-pour-beton-pret-a-lemploi\/"]}]},{"@type":"ImageObject","inLanguage":"fr-FR","@id":"https:\/\/www.betonmoulds.com\/fr\/product\/regle-pour-beton-pret-a-lemploi\/#primaryimage","url":"https:\/\/www.betonmoulds.com\/wp-content\/uploads\/2023\/01\/Professional-straightedge-for-concrete.jpg","contentUrl":"https:\/\/www.betonmoulds.com\/wp-content\/uploads\/2023\/01\/Professional-straightedge-for-concrete.jpg","width":900,"height":900,"caption":"outil de redressage pour blocs de b\u00e9ton"},{"@type":"BreadcrumbList","@id":"https:\/\/www.betonmoulds.com\/fr\/product\/regle-pour-beton-pret-a-lemploi\/#breadcrumb","itemListElement":[{"@type":"ListItem","position":1,"name":"Home","item":"https:\/\/www.betonmoulds.com\/fr\/"},{"@type":"ListItem","position":2,"name":"Boutique","item":"https:\/\/www.betonmoulds.com\/it\/negozio\/"},{"@type":"ListItem","position":3,"name":"R\u00e8gle professionnelle pour \u00e9galiser le b\u00e9ton"}]},{"@type":"WebSite","@id":"https:\/\/www.betonmoulds.com\/fr\/#website","url":"https:\/\/www.betonmoulds.com\/fr\/","name":"BETONMOULDS","description":"Upcycle leftover concrete","potentialAction":[{"@type":"SearchAction","target":{"@type":"EntryPoint","urlTemplate":"https:\/\/www.betonmoulds.com\/fr\/?s={search_term_string}"},"query-input":{"@type":"PropertyValueSpecification","valueRequired":true,"valueName":"search_term_string"}}],"inLanguage":"fr-FR"}]}},"_links":{"self":[{"href":"https:\/\/www.betonmoulds.com\/fr\/wp-json\/wp\/v2\/product\/5170","targetHints":{"allow":["GET"]}}],"collection":[{"href":"https:\/\/www.betonmoulds.com\/fr\/wp-json\/wp\/v2\/product"}],"about":[{"href":"https:\/\/www.betonmoulds.com\/fr\/wp-json\/wp\/v2\/types\/product"}],"wp:featuredmedia":[{"embeddable":true,"href":"https:\/\/www.betonmoulds.com\/fr\/wp-json\/wp\/v2\/media\/3568"}],"wp:attachment":[{"href":"https:\/\/www.betonmoulds.com\/fr\/wp-json\/wp\/v2\/media?parent=5170"}],"wp:term":[{"taxonomy":"product_brand","embeddable":true,"href":"https:\/\/www.betonmoulds.com\/fr\/wp-json\/wp\/v2\/product_brand?post=5170"},{"taxonomy":"product_cat","embeddable":true,"href":"https:\/\/www.betonmoulds.com\/fr\/wp-json\/wp\/v2\/product_cat?post=5170"},{"taxonomy":"product_tag","embeddable":true,"href":"https:\/\/www.betonmoulds.com\/fr\/wp-json\/wp\/v2\/product_tag?post=5170"}],"curies":[{"name":"wp","href":"https:\/\/api.w.org\/{rel}","templated":true}]}}