{"id":5168,"date":"2023-07-03T13:39:06","date_gmt":"2023-07-03T13:39:06","guid":{"rendered":"https:\/\/www.betonmoulds.com\/product\/electric-hand-held-concrete-vibrator\/"},"modified":"2024-11-27T10:50:20","modified_gmt":"2024-11-27T10:50:20","slug":"vibreur-a-beton-manuel-electrique","status":"publish","type":"product","link":"https:\/\/www.betonmoulds.com\/fr\/product\/vibreur-a-beton-manuel-electrique\/","title":{"rendered":"Vibreur b\u00e9ton \u00e9lectrique"},"content":{"rendered":"","protected":false},"excerpt":{"rendered":"<p class=\"P68B1DB1-Standaard2\"><span lang=\"FR\">Notre gamme vous propose uniquement des produits de qualit\u00e9. Ce vibreur \u00e0 b\u00e9ton \u00e9lectrique peut \u00eatre utilis\u00e9 pour compacter presque tous les types de b\u00e9ton.<\/span><\/p>\n<p class=\"P68B1DB1-Standaard2\"><span lang=\"FR\">Le produit ne n\u00e9cessite aucun entretien et l&rsquo;aiguille ne n\u00e9cessite pas de refroidissement dans le b\u00e9ton. Unit\u00e9 l\u00e9g\u00e8re, double isolation et classe d&rsquo;isolation IP 54.<\/span><\/p>\n<p class=\"P68B1DB1-Standaard2\"><span lang=\"FR\">Une machine l\u00e9g\u00e8re et maniable (env. 6 kg), avec un moteur monophas\u00e9 230\/115V. Avec seulement 4 000 tr\/min, le vibreur d\u00e9livre 12 000 vibrations par minute, ce qui, combin\u00e9 \u00e0 sa grande amplitude, assure un compactage parfait du b\u00e9ton.<\/span><\/p>\n","protected":false},"featured_media":4745,"template":"","meta":[],"product_brand":[],"product_cat":[327,308,321,322],"product_tag":[],"class_list":{"0":"post-5168","1":"product","2":"type-product","3":"status-publish","4":"has-post-thumbnail","6":"product_cat-accessoires-mur-de-soutenement","7":"product_cat-accessoires-blocs","8":"product_cat-accessoires-jersey","9":"product_cat-accessoires-dalles","11":"first","12":"instock","13":"shipping-taxable","14":"purchasable","15":"product-type-simple"},"yoast_head":"<!-- This site is optimized with the Yoast SEO plugin v27.5 - https:\/\/yoast.com\/product\/yoast-seo-wordpress\/ -->\n<title>Vibreur b\u00e9ton \u00e9lectrique - BETONMOULDS<\/title>\n<meta name=\"robots\" content=\"index, follow, max-snippet:-1, max-image-preview:large, max-video-preview:-1\" \/>\n<link rel=\"canonical\" href=\"https:\/\/www.betonmoulds.com\/fr\/product\/vibreur-a-beton-manuel-electrique\/\" \/>\n<meta property=\"og:locale\" content=\"fr_FR\" \/>\n<meta property=\"og:type\" content=\"article\" \/>\n<meta property=\"og:title\" content=\"Vibreur b\u00e9ton \u00e9lectrique - BETONMOULDS\" \/>\n<meta property=\"og:description\" content=\"Notre gamme vous propose uniquement des produits de qualit\u00e9. Ce vibreur \u00e0 b\u00e9ton \u00e9lectrique peut \u00eatre utilis\u00e9 pour compacter presque tous les types de b\u00e9ton. Le produit ne n\u00e9cessite aucun entretien et l&#039;aiguille ne n\u00e9cessite pas de refroidissement dans le b\u00e9ton. Unit\u00e9 l\u00e9g\u00e8re, double isolation et classe d&#039;isolation IP 54. Une machine l\u00e9g\u00e8re et maniable (env. 6 kg), avec un moteur monophas\u00e9 230\/115V. Avec seulement 4 000 tr\/min, le vibreur d\u00e9livre 12 000 vibrations par minute, ce qui, combin\u00e9 \u00e0 sa grande amplitude, assure un compactage parfait du b\u00e9ton.\" \/>\n<meta property=\"og:url\" content=\"https:\/\/www.betonmoulds.com\/fr\/product\/vibreur-a-beton-manuel-electrique\/\" \/>\n<meta property=\"og:site_name\" content=\"BETONMOULDS\" \/>\n<meta property=\"article:modified_time\" content=\"2024-11-27T10:50:20+00:00\" \/>\n<meta property=\"og:image\" content=\"https:\/\/www.betonmoulds.com\/wp-content\/uploads\/2023\/07\/Concrete-vibrator-betonmoulds.jpg\" \/>\n\t<meta property=\"og:image:width\" content=\"900\" \/>\n\t<meta property=\"og:image:height\" content=\"900\" \/>\n\t<meta property=\"og:image:type\" content=\"image\/jpeg\" \/>\n<meta name=\"twitter:card\" content=\"summary_large_image\" \/>\n<meta name=\"twitter:label1\" content=\"Dur\u00e9e de lecture estim\u00e9e\" \/>\n\t<meta name=\"twitter:data1\" content=\"1 minute\" \/>\n<script type=\"application\/ld+json\" class=\"yoast-schema-graph\">{\"@context\":\"https:\\\/\\\/schema.org\",\"@graph\":[{\"@type\":\"WebPage\",\"@id\":\"https:\\\/\\\/www.betonmoulds.com\\\/fr\\\/product\\\/vibreur-a-beton-manuel-electrique\\\/\",\"url\":\"https:\\\/\\\/www.betonmoulds.com\\\/fr\\\/product\\\/vibreur-a-beton-manuel-electrique\\\/\",\"name\":\"Vibreur b\u00e9ton \u00e9lectrique - BETONMOULDS\",\"isPartOf\":{\"@id\":\"https:\\\/\\\/www.betonmoulds.com\\\/fr\\\/#website\"},\"primaryImageOfPage\":{\"@id\":\"https:\\\/\\\/www.betonmoulds.com\\\/fr\\\/product\\\/vibreur-a-beton-manuel-electrique\\\/#primaryimage\"},\"image\":{\"@id\":\"https:\\\/\\\/www.betonmoulds.com\\\/fr\\\/product\\\/vibreur-a-beton-manuel-electrique\\\/#primaryimage\"},\"thumbnailUrl\":\"https:\\\/\\\/www.betonmoulds.com\\\/wp-content\\\/uploads\\\/2023\\\/07\\\/Concrete-vibrator-betonmoulds.jpg\",\"datePublished\":\"2023-07-03T13:39:06+00:00\",\"dateModified\":\"2024-11-27T10:50:20+00:00\",\"breadcrumb\":{\"@id\":\"https:\\\/\\\/www.betonmoulds.com\\\/fr\\\/product\\\/vibreur-a-beton-manuel-electrique\\\/#breadcrumb\"},\"inLanguage\":\"fr-FR\",\"potentialAction\":[{\"@type\":\"ReadAction\",\"target\":[\"https:\\\/\\\/www.betonmoulds.com\\\/fr\\\/product\\\/vibreur-a-beton-manuel-electrique\\\/\"]}]},{\"@type\":\"ImageObject\",\"inLanguage\":\"fr-FR\",\"@id\":\"https:\\\/\\\/www.betonmoulds.com\\\/fr\\\/product\\\/vibreur-a-beton-manuel-electrique\\\/#primaryimage\",\"url\":\"https:\\\/\\\/www.betonmoulds.com\\\/wp-content\\\/uploads\\\/2023\\\/07\\\/Concrete-vibrator-betonmoulds.jpg\",\"contentUrl\":\"https:\\\/\\\/www.betonmoulds.com\\\/wp-content\\\/uploads\\\/2023\\\/07\\\/Concrete-vibrator-betonmoulds.jpg\",\"width\":900,\"height\":900,\"caption\":\"Vibrateur \u00e0 b\u00e9ton pour produits pr\u00e9fabriqu\u00e9s en b\u00e9ton\"},{\"@type\":\"BreadcrumbList\",\"@id\":\"https:\\\/\\\/www.betonmoulds.com\\\/fr\\\/product\\\/vibreur-a-beton-manuel-electrique\\\/#breadcrumb\",\"itemListElement\":[{\"@type\":\"ListItem\",\"position\":1,\"name\":\"Home\",\"item\":\"https:\\\/\\\/www.betonmoulds.com\\\/fr\\\/\"},{\"@type\":\"ListItem\",\"position\":2,\"name\":\"Boutique\",\"item\":\"https:\\\/\\\/www.betonmoulds.com\\\/it\\\/negozio\\\/\"},{\"@type\":\"ListItem\",\"position\":3,\"name\":\"Vibreur b\u00e9ton \u00e9lectrique\"}]},{\"@type\":\"WebSite\",\"@id\":\"https:\\\/\\\/www.betonmoulds.com\\\/fr\\\/#website\",\"url\":\"https:\\\/\\\/www.betonmoulds.com\\\/fr\\\/\",\"name\":\"BETONMOULDS\",\"description\":\"Upcycle leftover concrete\",\"potentialAction\":[{\"@type\":\"SearchAction\",\"target\":{\"@type\":\"EntryPoint\",\"urlTemplate\":\"https:\\\/\\\/www.betonmoulds.com\\\/fr\\\/?s={search_term_string}\"},\"query-input\":{\"@type\":\"PropertyValueSpecification\",\"valueRequired\":true,\"valueName\":\"search_term_string\"}}],\"inLanguage\":\"fr-FR\"}]}<\/script>\n<!-- \/ Yoast SEO plugin. -->","yoast_head_json":{"title":"Vibreur b\u00e9ton \u00e9lectrique - BETONMOULDS","robots":{"index":"index","follow":"follow","max-snippet":"max-snippet:-1","max-image-preview":"max-image-preview:large","max-video-preview":"max-video-preview:-1"},"canonical":"https:\/\/www.betonmoulds.com\/fr\/product\/vibreur-a-beton-manuel-electrique\/","og_locale":"fr_FR","og_type":"article","og_title":"Vibreur b\u00e9ton \u00e9lectrique - BETONMOULDS","og_description":"Notre gamme vous propose uniquement des produits de qualit\u00e9. Ce vibreur \u00e0 b\u00e9ton \u00e9lectrique peut \u00eatre utilis\u00e9 pour compacter presque tous les types de b\u00e9ton. Le produit ne n\u00e9cessite aucun entretien et l'aiguille ne n\u00e9cessite pas de refroidissement dans le b\u00e9ton. Unit\u00e9 l\u00e9g\u00e8re, double isolation et classe d'isolation IP 54. Une machine l\u00e9g\u00e8re et maniable (env. 6 kg), avec un moteur monophas\u00e9 230\/115V. Avec seulement 4 000 tr\/min, le vibreur d\u00e9livre 12 000 vibrations par minute, ce qui, combin\u00e9 \u00e0 sa grande amplitude, assure un compactage parfait du b\u00e9ton.","og_url":"https:\/\/www.betonmoulds.com\/fr\/product\/vibreur-a-beton-manuel-electrique\/","og_site_name":"BETONMOULDS","article_modified_time":"2024-11-27T10:50:20+00:00","og_image":[{"width":900,"height":900,"url":"https:\/\/www.betonmoulds.com\/wp-content\/uploads\/2023\/07\/Concrete-vibrator-betonmoulds.jpg","type":"image\/jpeg"}],"twitter_card":"summary_large_image","twitter_misc":{"Dur\u00e9e de lecture estim\u00e9e":"1 minute"},"schema":{"@context":"https:\/\/schema.org","@graph":[{"@type":"WebPage","@id":"https:\/\/www.betonmoulds.com\/fr\/product\/vibreur-a-beton-manuel-electrique\/","url":"https:\/\/www.betonmoulds.com\/fr\/product\/vibreur-a-beton-manuel-electrique\/","name":"Vibreur b\u00e9ton \u00e9lectrique - BETONMOULDS","isPartOf":{"@id":"https:\/\/www.betonmoulds.com\/fr\/#website"},"primaryImageOfPage":{"@id":"https:\/\/www.betonmoulds.com\/fr\/product\/vibreur-a-beton-manuel-electrique\/#primaryimage"},"image":{"@id":"https:\/\/www.betonmoulds.com\/fr\/product\/vibreur-a-beton-manuel-electrique\/#primaryimage"},"thumbnailUrl":"https:\/\/www.betonmoulds.com\/wp-content\/uploads\/2023\/07\/Concrete-vibrator-betonmoulds.jpg","datePublished":"2023-07-03T13:39:06+00:00","dateModified":"2024-11-27T10:50:20+00:00","breadcrumb":{"@id":"https:\/\/www.betonmoulds.com\/fr\/product\/vibreur-a-beton-manuel-electrique\/#breadcrumb"},"inLanguage":"fr-FR","potentialAction":[{"@type":"ReadAction","target":["https:\/\/www.betonmoulds.com\/fr\/product\/vibreur-a-beton-manuel-electrique\/"]}]},{"@type":"ImageObject","inLanguage":"fr-FR","@id":"https:\/\/www.betonmoulds.com\/fr\/product\/vibreur-a-beton-manuel-electrique\/#primaryimage","url":"https:\/\/www.betonmoulds.com\/wp-content\/uploads\/2023\/07\/Concrete-vibrator-betonmoulds.jpg","contentUrl":"https:\/\/www.betonmoulds.com\/wp-content\/uploads\/2023\/07\/Concrete-vibrator-betonmoulds.jpg","width":900,"height":900,"caption":"Vibrateur \u00e0 b\u00e9ton pour produits pr\u00e9fabriqu\u00e9s en b\u00e9ton"},{"@type":"BreadcrumbList","@id":"https:\/\/www.betonmoulds.com\/fr\/product\/vibreur-a-beton-manuel-electrique\/#breadcrumb","itemListElement":[{"@type":"ListItem","position":1,"name":"Home","item":"https:\/\/www.betonmoulds.com\/fr\/"},{"@type":"ListItem","position":2,"name":"Boutique","item":"https:\/\/www.betonmoulds.com\/it\/negozio\/"},{"@type":"ListItem","position":3,"name":"Vibreur b\u00e9ton \u00e9lectrique"}]},{"@type":"WebSite","@id":"https:\/\/www.betonmoulds.com\/fr\/#website","url":"https:\/\/www.betonmoulds.com\/fr\/","name":"BETONMOULDS","description":"Upcycle leftover concrete","potentialAction":[{"@type":"SearchAction","target":{"@type":"EntryPoint","urlTemplate":"https:\/\/www.betonmoulds.com\/fr\/?s={search_term_string}"},"query-input":{"@type":"PropertyValueSpecification","valueRequired":true,"valueName":"search_term_string"}}],"inLanguage":"fr-FR"}]}},"_links":{"self":[{"href":"https:\/\/www.betonmoulds.com\/fr\/wp-json\/wp\/v2\/product\/5168","targetHints":{"allow":["GET"]}}],"collection":[{"href":"https:\/\/www.betonmoulds.com\/fr\/wp-json\/wp\/v2\/product"}],"about":[{"href":"https:\/\/www.betonmoulds.com\/fr\/wp-json\/wp\/v2\/types\/product"}],"wp:featuredmedia":[{"embeddable":true,"href":"https:\/\/www.betonmoulds.com\/fr\/wp-json\/wp\/v2\/media\/4745"}],"wp:attachment":[{"href":"https:\/\/www.betonmoulds.com\/fr\/wp-json\/wp\/v2\/media?parent=5168"}],"wp:term":[{"taxonomy":"product_brand","embeddable":true,"href":"https:\/\/www.betonmoulds.com\/fr\/wp-json\/wp\/v2\/product_brand?post=5168"},{"taxonomy":"product_cat","embeddable":true,"href":"https:\/\/www.betonmoulds.com\/fr\/wp-json\/wp\/v2\/product_cat?post=5168"},{"taxonomy":"product_tag","embeddable":true,"href":"https:\/\/www.betonmoulds.com\/fr\/wp-json\/wp\/v2\/product_tag?post=5168"}],"curies":[{"name":"wp","href":"https:\/\/api.w.org\/{rel}","templated":true}]}}