{"id":5166,"date":"2023-07-03T13:38:20","date_gmt":"2023-07-03T13:38:20","guid":{"rendered":"https:\/\/www.betonmoulds.com\/product\/professional-pressure-sprayer\/"},"modified":"2026-03-19T15:47:01","modified_gmt":"2026-03-19T15:47:01","slug":"pulverisateur-a-pression-professionnel","status":"publish","type":"product","link":"https:\/\/www.betonmoulds.com\/fr\/product\/pulverisateur-a-pression-professionnel\/","title":{"rendered":"Pulv\u00e9risateurs pour Agent de d\u00e9coffrage"},"content":{"rendered":"","protected":false},"excerpt":{"rendered":"<p class=\"P68B1DB1-Standaard2\"><span lang=\"FR\">Ce pulv\u00e9risateur \u00e0 pression professionnel avec r\u00e9servoir en acier inoxydable de 10L vous permet d&rsquo;appliquer de <a href=\"https:\/\/www.betonmoulds.com\/fr\/product\/huile-de-coffrage-20l\/\"><strong>l&rsquo;huile de coffrage<\/strong><\/a> de mani\u00e8re optimale. Avec une connexion de compresseur int\u00e9gr\u00e9e et une pression de service maximale de 6 bars, vous travaillez plus rapidement, plus facilement et avec plus de pr\u00e9cision. Le pulv\u00e9risateur haute pression est r\u00e9sistant aux huiles et aux produits chimiques et peut \u00eatre port\u00e9 sur le dos.<\/span><\/p>\n","protected":false},"featured_media":5631,"template":"","meta":[],"product_brand":[],"product_cat":[321,322,327,308],"product_tag":[],"class_list":{"0":"post-5166","1":"product","2":"type-product","3":"status-publish","4":"has-post-thumbnail","6":"product_cat-accessoires-jersey","7":"product_cat-accessoires-dalles","8":"product_cat-accessoires-mur-de-soutenement","9":"product_cat-accessoires-blocs","11":"first","12":"instock","13":"shipping-taxable","14":"purchasable","15":"product-type-simple"},"yoast_head":"<!-- This site is optimized with the Yoast SEO plugin v27.4 - https:\/\/yoast.com\/product\/yoast-seo-wordpress\/ -->\n<title>Pulv\u00e9risateurs pour Agent de d\u00e9coffrage - BETONMOULDS<\/title>\n<meta name=\"robots\" content=\"index, follow, max-snippet:-1, max-image-preview:large, max-video-preview:-1\" \/>\n<link rel=\"canonical\" href=\"https:\/\/www.betonmoulds.com\/fr\/product\/pulverisateur-a-pression-professionnel\/\" \/>\n<meta property=\"og:locale\" content=\"fr_FR\" \/>\n<meta property=\"og:type\" content=\"article\" \/>\n<meta property=\"og:title\" content=\"Pulv\u00e9risateurs pour Agent de d\u00e9coffrage - BETONMOULDS\" \/>\n<meta property=\"og:description\" content=\"Ce pulv\u00e9risateur \u00e0 pression professionnel avec r\u00e9servoir en acier inoxydable de 10L vous permet d&#039;appliquer de l&#039;huile de coffrage de mani\u00e8re optimale. Avec une connexion de compresseur int\u00e9gr\u00e9e et une pression de service maximale de 6 bars, vous travaillez plus rapidement, plus facilement et avec plus de pr\u00e9cision. Le pulv\u00e9risateur haute pression est r\u00e9sistant aux huiles et aux produits chimiques et peut \u00eatre port\u00e9 sur le dos.\" \/>\n<meta property=\"og:url\" content=\"https:\/\/www.betonmoulds.com\/fr\/product\/pulverisateur-a-pression-professionnel\/\" \/>\n<meta property=\"og:site_name\" content=\"BETONMOULDS\" \/>\n<meta property=\"article:modified_time\" content=\"2026-03-19T15:47:01+00:00\" \/>\n<meta property=\"og:image\" content=\"https:\/\/www.betonmoulds.com\/wp-content\/uploads\/2023\/07\/release-agent-sprayer-1.jpg\" \/>\n\t<meta property=\"og:image:width\" content=\"900\" \/>\n\t<meta property=\"og:image:height\" content=\"900\" \/>\n\t<meta property=\"og:image:type\" content=\"image\/jpeg\" \/>\n<meta name=\"twitter:card\" content=\"summary_large_image\" \/>\n<meta name=\"twitter:label1\" content=\"Dur\u00e9e de lecture estim\u00e9e\" \/>\n\t<meta name=\"twitter:data1\" content=\"1 minute\" \/>\n<script type=\"application\/ld+json\" class=\"yoast-schema-graph\">{\"@context\":\"https:\\\/\\\/schema.org\",\"@graph\":[{\"@type\":\"WebPage\",\"@id\":\"https:\\\/\\\/www.betonmoulds.com\\\/fr\\\/product\\\/pulverisateur-a-pression-professionnel\\\/\",\"url\":\"https:\\\/\\\/www.betonmoulds.com\\\/fr\\\/product\\\/pulverisateur-a-pression-professionnel\\\/\",\"name\":\"Pulv\u00e9risateurs pour Agent de d\u00e9coffrage - BETONMOULDS\",\"isPartOf\":{\"@id\":\"https:\\\/\\\/www.betonmoulds.com\\\/fr\\\/#website\"},\"primaryImageOfPage\":{\"@id\":\"https:\\\/\\\/www.betonmoulds.com\\\/fr\\\/product\\\/pulverisateur-a-pression-professionnel\\\/#primaryimage\"},\"image\":{\"@id\":\"https:\\\/\\\/www.betonmoulds.com\\\/fr\\\/product\\\/pulverisateur-a-pression-professionnel\\\/#primaryimage\"},\"thumbnailUrl\":\"https:\\\/\\\/www.betonmoulds.com\\\/wp-content\\\/uploads\\\/2023\\\/07\\\/release-agent-sprayer-1.jpg\",\"datePublished\":\"2023-07-03T13:38:20+00:00\",\"dateModified\":\"2026-03-19T15:47:01+00:00\",\"breadcrumb\":{\"@id\":\"https:\\\/\\\/www.betonmoulds.com\\\/fr\\\/product\\\/pulverisateur-a-pression-professionnel\\\/#breadcrumb\"},\"inLanguage\":\"fr-FR\",\"potentialAction\":[{\"@type\":\"ReadAction\",\"target\":[\"https:\\\/\\\/www.betonmoulds.com\\\/fr\\\/product\\\/pulverisateur-a-pression-professionnel\\\/\"]}]},{\"@type\":\"ImageObject\",\"inLanguage\":\"fr-FR\",\"@id\":\"https:\\\/\\\/www.betonmoulds.com\\\/fr\\\/product\\\/pulverisateur-a-pression-professionnel\\\/#primaryimage\",\"url\":\"https:\\\/\\\/www.betonmoulds.com\\\/wp-content\\\/uploads\\\/2023\\\/07\\\/release-agent-sprayer-1.jpg\",\"contentUrl\":\"https:\\\/\\\/www.betonmoulds.com\\\/wp-content\\\/uploads\\\/2023\\\/07\\\/release-agent-sprayer-1.jpg\",\"width\":900,\"height\":900,\"caption\":\"pulv\u00e9risateur d'agent de d\u00e9moulage pour moules \u00e0 blocs de b\u00e9ton\"},{\"@type\":\"BreadcrumbList\",\"@id\":\"https:\\\/\\\/www.betonmoulds.com\\\/fr\\\/product\\\/pulverisateur-a-pression-professionnel\\\/#breadcrumb\",\"itemListElement\":[{\"@type\":\"ListItem\",\"position\":1,\"name\":\"Home\",\"item\":\"https:\\\/\\\/www.betonmoulds.com\\\/fr\\\/\"},{\"@type\":\"ListItem\",\"position\":2,\"name\":\"Boutique\",\"item\":\"https:\\\/\\\/www.betonmoulds.com\\\/it\\\/negozio\\\/\"},{\"@type\":\"ListItem\",\"position\":3,\"name\":\"Pulv\u00e9risateurs pour Agent de d\u00e9coffrage\"}]},{\"@type\":\"WebSite\",\"@id\":\"https:\\\/\\\/www.betonmoulds.com\\\/fr\\\/#website\",\"url\":\"https:\\\/\\\/www.betonmoulds.com\\\/fr\\\/\",\"name\":\"BETONMOULDS\",\"description\":\"Upcycle leftover concrete\",\"potentialAction\":[{\"@type\":\"SearchAction\",\"target\":{\"@type\":\"EntryPoint\",\"urlTemplate\":\"https:\\\/\\\/www.betonmoulds.com\\\/fr\\\/?s={search_term_string}\"},\"query-input\":{\"@type\":\"PropertyValueSpecification\",\"valueRequired\":true,\"valueName\":\"search_term_string\"}}],\"inLanguage\":\"fr-FR\"}]}<\/script>\n<!-- \/ Yoast SEO plugin. -->","yoast_head_json":{"title":"Pulv\u00e9risateurs pour Agent de d\u00e9coffrage - BETONMOULDS","robots":{"index":"index","follow":"follow","max-snippet":"max-snippet:-1","max-image-preview":"max-image-preview:large","max-video-preview":"max-video-preview:-1"},"canonical":"https:\/\/www.betonmoulds.com\/fr\/product\/pulverisateur-a-pression-professionnel\/","og_locale":"fr_FR","og_type":"article","og_title":"Pulv\u00e9risateurs pour Agent de d\u00e9coffrage - BETONMOULDS","og_description":"Ce pulv\u00e9risateur \u00e0 pression professionnel avec r\u00e9servoir en acier inoxydable de 10L vous permet d'appliquer de l'huile de coffrage de mani\u00e8re optimale. Avec une connexion de compresseur int\u00e9gr\u00e9e et une pression de service maximale de 6 bars, vous travaillez plus rapidement, plus facilement et avec plus de pr\u00e9cision. Le pulv\u00e9risateur haute pression est r\u00e9sistant aux huiles et aux produits chimiques et peut \u00eatre port\u00e9 sur le dos.","og_url":"https:\/\/www.betonmoulds.com\/fr\/product\/pulverisateur-a-pression-professionnel\/","og_site_name":"BETONMOULDS","article_modified_time":"2026-03-19T15:47:01+00:00","og_image":[{"width":900,"height":900,"url":"https:\/\/www.betonmoulds.com\/wp-content\/uploads\/2023\/07\/release-agent-sprayer-1.jpg","type":"image\/jpeg"}],"twitter_card":"summary_large_image","twitter_misc":{"Dur\u00e9e de lecture estim\u00e9e":"1 minute"},"schema":{"@context":"https:\/\/schema.org","@graph":[{"@type":"WebPage","@id":"https:\/\/www.betonmoulds.com\/fr\/product\/pulverisateur-a-pression-professionnel\/","url":"https:\/\/www.betonmoulds.com\/fr\/product\/pulverisateur-a-pression-professionnel\/","name":"Pulv\u00e9risateurs pour Agent de d\u00e9coffrage - BETONMOULDS","isPartOf":{"@id":"https:\/\/www.betonmoulds.com\/fr\/#website"},"primaryImageOfPage":{"@id":"https:\/\/www.betonmoulds.com\/fr\/product\/pulverisateur-a-pression-professionnel\/#primaryimage"},"image":{"@id":"https:\/\/www.betonmoulds.com\/fr\/product\/pulverisateur-a-pression-professionnel\/#primaryimage"},"thumbnailUrl":"https:\/\/www.betonmoulds.com\/wp-content\/uploads\/2023\/07\/release-agent-sprayer-1.jpg","datePublished":"2023-07-03T13:38:20+00:00","dateModified":"2026-03-19T15:47:01+00:00","breadcrumb":{"@id":"https:\/\/www.betonmoulds.com\/fr\/product\/pulverisateur-a-pression-professionnel\/#breadcrumb"},"inLanguage":"fr-FR","potentialAction":[{"@type":"ReadAction","target":["https:\/\/www.betonmoulds.com\/fr\/product\/pulverisateur-a-pression-professionnel\/"]}]},{"@type":"ImageObject","inLanguage":"fr-FR","@id":"https:\/\/www.betonmoulds.com\/fr\/product\/pulverisateur-a-pression-professionnel\/#primaryimage","url":"https:\/\/www.betonmoulds.com\/wp-content\/uploads\/2023\/07\/release-agent-sprayer-1.jpg","contentUrl":"https:\/\/www.betonmoulds.com\/wp-content\/uploads\/2023\/07\/release-agent-sprayer-1.jpg","width":900,"height":900,"caption":"pulv\u00e9risateur d'agent de d\u00e9moulage pour moules \u00e0 blocs de b\u00e9ton"},{"@type":"BreadcrumbList","@id":"https:\/\/www.betonmoulds.com\/fr\/product\/pulverisateur-a-pression-professionnel\/#breadcrumb","itemListElement":[{"@type":"ListItem","position":1,"name":"Home","item":"https:\/\/www.betonmoulds.com\/fr\/"},{"@type":"ListItem","position":2,"name":"Boutique","item":"https:\/\/www.betonmoulds.com\/it\/negozio\/"},{"@type":"ListItem","position":3,"name":"Pulv\u00e9risateurs pour Agent de d\u00e9coffrage"}]},{"@type":"WebSite","@id":"https:\/\/www.betonmoulds.com\/fr\/#website","url":"https:\/\/www.betonmoulds.com\/fr\/","name":"BETONMOULDS","description":"Upcycle leftover concrete","potentialAction":[{"@type":"SearchAction","target":{"@type":"EntryPoint","urlTemplate":"https:\/\/www.betonmoulds.com\/fr\/?s={search_term_string}"},"query-input":{"@type":"PropertyValueSpecification","valueRequired":true,"valueName":"search_term_string"}}],"inLanguage":"fr-FR"}]}},"_links":{"self":[{"href":"https:\/\/www.betonmoulds.com\/fr\/wp-json\/wp\/v2\/product\/5166","targetHints":{"allow":["GET"]}}],"collection":[{"href":"https:\/\/www.betonmoulds.com\/fr\/wp-json\/wp\/v2\/product"}],"about":[{"href":"https:\/\/www.betonmoulds.com\/fr\/wp-json\/wp\/v2\/types\/product"}],"wp:featuredmedia":[{"embeddable":true,"href":"https:\/\/www.betonmoulds.com\/fr\/wp-json\/wp\/v2\/media\/5631"}],"wp:attachment":[{"href":"https:\/\/www.betonmoulds.com\/fr\/wp-json\/wp\/v2\/media?parent=5166"}],"wp:term":[{"taxonomy":"product_brand","embeddable":true,"href":"https:\/\/www.betonmoulds.com\/fr\/wp-json\/wp\/v2\/product_brand?post=5166"},{"taxonomy":"product_cat","embeddable":true,"href":"https:\/\/www.betonmoulds.com\/fr\/wp-json\/wp\/v2\/product_cat?post=5166"},{"taxonomy":"product_tag","embeddable":true,"href":"https:\/\/www.betonmoulds.com\/fr\/wp-json\/wp\/v2\/product_tag?post=5166"}],"curies":[{"name":"wp","href":"https:\/\/api.w.org\/{rel}","templated":true}]}}