{"id":5156,"date":"2023-06-29T14:28:17","date_gmt":"2023-06-29T14:28:17","guid":{"rendered":"https:\/\/www.betonmoulds.com\/product\/two-legged-hoisting-chain-for-slabs\/"},"modified":"2026-03-19T15:41:58","modified_gmt":"2026-03-19T15:41:58","slug":"elingue-de-levage-2-brins-pour-dalles","status":"publish","type":"product","link":"https:\/\/www.betonmoulds.com\/fr\/product\/elingue-de-levage-2-brins-pour-dalles\/","title":{"rendered":"Elingue cha\u00eene 2 brins dalle b\u00e9ton"},"content":{"rendered":"","protected":false},"excerpt":{"rendered":"<p class=\"P68B1DB1-Standaard2\"><span lang=\"FR\">Une \u00e9lingue de levage 2 brins est un ensemble avec 2 cha\u00eenes et 2 crochets. Une \u00e9lingue de levage de haute qualit\u00e9 pour un transport fiable, s\u00fbr et rapide de dalles de b\u00e9ton pouvant peser jusqu&rsquo;\u00e0 3150 kg.<\/span><\/p>\n<p class=\"P68B1DB1-Standaard2\"><span lang=\"FR\">Les crochets conviennent aux dalles en b\u00e9ton avec deux encoches de 55 x 25 mm (= standard). Les encoches rectangulaires dans la dalle de b\u00e9ton sont form\u00e9es en installant des <a href=\"https:\/\/www.betonmoulds.com\/fr\/product\/cip-200-16\/\"><strong>profil\u00e9s<\/strong><\/a> dans le <strong><a href=\"https:\/\/www.betonmoulds.com\/fr\/product\/cs-200-200-16\/\">moule<\/a>.<\/strong><\/span><\/p>\n<p class=\"P68B1DB1-Standaard2\"><span lang=\"FR\">L&rsquo;\u0153illet sup\u00e9rieur de la cha\u00eene de levage peut \u00eatre reli\u00e9 \u00e0 un <a href=\"https:\/\/www.betonmoulds.com\/fr\/product\/palonnier-pour-chariot-elevateur-bidirectionnel\/\"><strong>palonnier de chariot \u00e9l\u00e9vateur<\/strong><\/a>, ce qui facilite le levage et le transport des dalles de b\u00e9ton.<\/span><\/p>\n","protected":false},"featured_media":4580,"template":"","meta":[],"product_brand":[],"product_cat":[374],"product_tag":[],"class_list":{"0":"post-5156","1":"product","2":"type-product","3":"status-publish","4":"has-post-thumbnail","6":"product_cat-transport-dalles","8":"first","9":"instock","10":"shipping-taxable","11":"purchasable","12":"product-type-simple"},"yoast_head":"<!-- This site is optimized with the Yoast SEO plugin v27.4 - https:\/\/yoast.com\/product\/yoast-seo-wordpress\/ -->\n<title>Elingue cha\u00eene 2 brins dalle b\u00e9ton - BETONMOULDS<\/title>\n<meta name=\"robots\" content=\"index, follow, max-snippet:-1, max-image-preview:large, max-video-preview:-1\" \/>\n<link rel=\"canonical\" href=\"https:\/\/www.betonmoulds.com\/fr\/product\/elingue-de-levage-2-brins-pour-dalles\/\" \/>\n<meta property=\"og:locale\" content=\"fr_FR\" \/>\n<meta property=\"og:type\" content=\"article\" \/>\n<meta property=\"og:title\" content=\"Elingue cha\u00eene 2 brins dalle b\u00e9ton - BETONMOULDS\" \/>\n<meta property=\"og:description\" content=\"Une \u00e9lingue de levage 2 brins est un ensemble avec 2 cha\u00eenes et 2 crochets. Une \u00e9lingue de levage de haute qualit\u00e9 pour un transport fiable, s\u00fbr et rapide de dalles de b\u00e9ton pouvant peser jusqu&#039;\u00e0 3150 kg. Les crochets conviennent aux dalles en b\u00e9ton avec deux encoches de 55 x 25 mm (= standard). Les encoches rectangulaires dans la dalle de b\u00e9ton sont form\u00e9es en installant des profil\u00e9s dans le moule. L&#039;\u0153illet sup\u00e9rieur de la cha\u00eene de levage peut \u00eatre reli\u00e9 \u00e0 un palonnier de chariot \u00e9l\u00e9vateur, ce qui facilite le levage et le transport des dalles de b\u00e9ton.\" \/>\n<meta property=\"og:url\" content=\"https:\/\/www.betonmoulds.com\/fr\/product\/elingue-de-levage-2-brins-pour-dalles\/\" \/>\n<meta property=\"og:site_name\" content=\"BETONMOULDS\" \/>\n<meta property=\"article:modified_time\" content=\"2026-03-19T15:41:58+00:00\" \/>\n<meta property=\"og:image\" content=\"https:\/\/www.betonmoulds.com\/wp-content\/uploads\/2023\/06\/2-leg-chain-for-lifting-slabs.jpg\" \/>\n\t<meta property=\"og:image:width\" content=\"600\" \/>\n\t<meta property=\"og:image:height\" content=\"600\" \/>\n\t<meta property=\"og:image:type\" content=\"image\/jpeg\" \/>\n<meta name=\"twitter:card\" content=\"summary_large_image\" \/>\n<meta name=\"twitter:label1\" content=\"Dur\u00e9e de lecture estim\u00e9e\" \/>\n\t<meta name=\"twitter:data1\" content=\"1 minute\" \/>\n<script type=\"application\/ld+json\" class=\"yoast-schema-graph\">{\"@context\":\"https:\\\/\\\/schema.org\",\"@graph\":[{\"@type\":\"WebPage\",\"@id\":\"https:\\\/\\\/www.betonmoulds.com\\\/fr\\\/product\\\/elingue-de-levage-2-brins-pour-dalles\\\/\",\"url\":\"https:\\\/\\\/www.betonmoulds.com\\\/fr\\\/product\\\/elingue-de-levage-2-brins-pour-dalles\\\/\",\"name\":\"Elingue cha\u00eene 2 brins dalle b\u00e9ton - BETONMOULDS\",\"isPartOf\":{\"@id\":\"https:\\\/\\\/www.betonmoulds.com\\\/fr\\\/#website\"},\"primaryImageOfPage\":{\"@id\":\"https:\\\/\\\/www.betonmoulds.com\\\/fr\\\/product\\\/elingue-de-levage-2-brins-pour-dalles\\\/#primaryimage\"},\"image\":{\"@id\":\"https:\\\/\\\/www.betonmoulds.com\\\/fr\\\/product\\\/elingue-de-levage-2-brins-pour-dalles\\\/#primaryimage\"},\"thumbnailUrl\":\"https:\\\/\\\/www.betonmoulds.com\\\/wp-content\\\/uploads\\\/2023\\\/06\\\/2-leg-chain-for-lifting-slabs.jpg\",\"datePublished\":\"2023-06-29T14:28:17+00:00\",\"dateModified\":\"2026-03-19T15:41:58+00:00\",\"breadcrumb\":{\"@id\":\"https:\\\/\\\/www.betonmoulds.com\\\/fr\\\/product\\\/elingue-de-levage-2-brins-pour-dalles\\\/#breadcrumb\"},\"inLanguage\":\"fr-FR\",\"potentialAction\":[{\"@type\":\"ReadAction\",\"target\":[\"https:\\\/\\\/www.betonmoulds.com\\\/fr\\\/product\\\/elingue-de-levage-2-brins-pour-dalles\\\/\"]}]},{\"@type\":\"ImageObject\",\"inLanguage\":\"fr-FR\",\"@id\":\"https:\\\/\\\/www.betonmoulds.com\\\/fr\\\/product\\\/elingue-de-levage-2-brins-pour-dalles\\\/#primaryimage\",\"url\":\"https:\\\/\\\/www.betonmoulds.com\\\/wp-content\\\/uploads\\\/2023\\\/06\\\/2-leg-chain-for-lifting-slabs.jpg\",\"contentUrl\":\"https:\\\/\\\/www.betonmoulds.com\\\/wp-content\\\/uploads\\\/2023\\\/06\\\/2-leg-chain-for-lifting-slabs.jpg\",\"width\":600,\"height\":600,\"caption\":\"\u00c9lingue de levage 2 brins pour dalles\"},{\"@type\":\"BreadcrumbList\",\"@id\":\"https:\\\/\\\/www.betonmoulds.com\\\/fr\\\/product\\\/elingue-de-levage-2-brins-pour-dalles\\\/#breadcrumb\",\"itemListElement\":[{\"@type\":\"ListItem\",\"position\":1,\"name\":\"Home\",\"item\":\"https:\\\/\\\/www.betonmoulds.com\\\/fr\\\/\"},{\"@type\":\"ListItem\",\"position\":2,\"name\":\"Boutique\",\"item\":\"https:\\\/\\\/www.betonmoulds.com\\\/it\\\/negozio\\\/\"},{\"@type\":\"ListItem\",\"position\":3,\"name\":\"Elingue cha\u00eene 2 brins dalle b\u00e9ton\"}]},{\"@type\":\"WebSite\",\"@id\":\"https:\\\/\\\/www.betonmoulds.com\\\/fr\\\/#website\",\"url\":\"https:\\\/\\\/www.betonmoulds.com\\\/fr\\\/\",\"name\":\"BETONMOULDS\",\"description\":\"Upcycle leftover concrete\",\"potentialAction\":[{\"@type\":\"SearchAction\",\"target\":{\"@type\":\"EntryPoint\",\"urlTemplate\":\"https:\\\/\\\/www.betonmoulds.com\\\/fr\\\/?s={search_term_string}\"},\"query-input\":{\"@type\":\"PropertyValueSpecification\",\"valueRequired\":true,\"valueName\":\"search_term_string\"}}],\"inLanguage\":\"fr-FR\"}]}<\/script>\n<!-- \/ Yoast SEO plugin. -->","yoast_head_json":{"title":"Elingue cha\u00eene 2 brins dalle b\u00e9ton - BETONMOULDS","robots":{"index":"index","follow":"follow","max-snippet":"max-snippet:-1","max-image-preview":"max-image-preview:large","max-video-preview":"max-video-preview:-1"},"canonical":"https:\/\/www.betonmoulds.com\/fr\/product\/elingue-de-levage-2-brins-pour-dalles\/","og_locale":"fr_FR","og_type":"article","og_title":"Elingue cha\u00eene 2 brins dalle b\u00e9ton - BETONMOULDS","og_description":"Une \u00e9lingue de levage 2 brins est un ensemble avec 2 cha\u00eenes et 2 crochets. Une \u00e9lingue de levage de haute qualit\u00e9 pour un transport fiable, s\u00fbr et rapide de dalles de b\u00e9ton pouvant peser jusqu'\u00e0 3150 kg. Les crochets conviennent aux dalles en b\u00e9ton avec deux encoches de 55 x 25 mm (= standard). Les encoches rectangulaires dans la dalle de b\u00e9ton sont form\u00e9es en installant des profil\u00e9s dans le moule. L'\u0153illet sup\u00e9rieur de la cha\u00eene de levage peut \u00eatre reli\u00e9 \u00e0 un palonnier de chariot \u00e9l\u00e9vateur, ce qui facilite le levage et le transport des dalles de b\u00e9ton.","og_url":"https:\/\/www.betonmoulds.com\/fr\/product\/elingue-de-levage-2-brins-pour-dalles\/","og_site_name":"BETONMOULDS","article_modified_time":"2026-03-19T15:41:58+00:00","og_image":[{"width":600,"height":600,"url":"https:\/\/www.betonmoulds.com\/wp-content\/uploads\/2023\/06\/2-leg-chain-for-lifting-slabs.jpg","type":"image\/jpeg"}],"twitter_card":"summary_large_image","twitter_misc":{"Dur\u00e9e de lecture estim\u00e9e":"1 minute"},"schema":{"@context":"https:\/\/schema.org","@graph":[{"@type":"WebPage","@id":"https:\/\/www.betonmoulds.com\/fr\/product\/elingue-de-levage-2-brins-pour-dalles\/","url":"https:\/\/www.betonmoulds.com\/fr\/product\/elingue-de-levage-2-brins-pour-dalles\/","name":"Elingue cha\u00eene 2 brins dalle b\u00e9ton - BETONMOULDS","isPartOf":{"@id":"https:\/\/www.betonmoulds.com\/fr\/#website"},"primaryImageOfPage":{"@id":"https:\/\/www.betonmoulds.com\/fr\/product\/elingue-de-levage-2-brins-pour-dalles\/#primaryimage"},"image":{"@id":"https:\/\/www.betonmoulds.com\/fr\/product\/elingue-de-levage-2-brins-pour-dalles\/#primaryimage"},"thumbnailUrl":"https:\/\/www.betonmoulds.com\/wp-content\/uploads\/2023\/06\/2-leg-chain-for-lifting-slabs.jpg","datePublished":"2023-06-29T14:28:17+00:00","dateModified":"2026-03-19T15:41:58+00:00","breadcrumb":{"@id":"https:\/\/www.betonmoulds.com\/fr\/product\/elingue-de-levage-2-brins-pour-dalles\/#breadcrumb"},"inLanguage":"fr-FR","potentialAction":[{"@type":"ReadAction","target":["https:\/\/www.betonmoulds.com\/fr\/product\/elingue-de-levage-2-brins-pour-dalles\/"]}]},{"@type":"ImageObject","inLanguage":"fr-FR","@id":"https:\/\/www.betonmoulds.com\/fr\/product\/elingue-de-levage-2-brins-pour-dalles\/#primaryimage","url":"https:\/\/www.betonmoulds.com\/wp-content\/uploads\/2023\/06\/2-leg-chain-for-lifting-slabs.jpg","contentUrl":"https:\/\/www.betonmoulds.com\/wp-content\/uploads\/2023\/06\/2-leg-chain-for-lifting-slabs.jpg","width":600,"height":600,"caption":"\u00c9lingue de levage 2 brins pour dalles"},{"@type":"BreadcrumbList","@id":"https:\/\/www.betonmoulds.com\/fr\/product\/elingue-de-levage-2-brins-pour-dalles\/#breadcrumb","itemListElement":[{"@type":"ListItem","position":1,"name":"Home","item":"https:\/\/www.betonmoulds.com\/fr\/"},{"@type":"ListItem","position":2,"name":"Boutique","item":"https:\/\/www.betonmoulds.com\/it\/negozio\/"},{"@type":"ListItem","position":3,"name":"Elingue cha\u00eene 2 brins dalle b\u00e9ton"}]},{"@type":"WebSite","@id":"https:\/\/www.betonmoulds.com\/fr\/#website","url":"https:\/\/www.betonmoulds.com\/fr\/","name":"BETONMOULDS","description":"Upcycle leftover concrete","potentialAction":[{"@type":"SearchAction","target":{"@type":"EntryPoint","urlTemplate":"https:\/\/www.betonmoulds.com\/fr\/?s={search_term_string}"},"query-input":{"@type":"PropertyValueSpecification","valueRequired":true,"valueName":"search_term_string"}}],"inLanguage":"fr-FR"}]}},"_links":{"self":[{"href":"https:\/\/www.betonmoulds.com\/fr\/wp-json\/wp\/v2\/product\/5156","targetHints":{"allow":["GET"]}}],"collection":[{"href":"https:\/\/www.betonmoulds.com\/fr\/wp-json\/wp\/v2\/product"}],"about":[{"href":"https:\/\/www.betonmoulds.com\/fr\/wp-json\/wp\/v2\/types\/product"}],"wp:featuredmedia":[{"embeddable":true,"href":"https:\/\/www.betonmoulds.com\/fr\/wp-json\/wp\/v2\/media\/4580"}],"wp:attachment":[{"href":"https:\/\/www.betonmoulds.com\/fr\/wp-json\/wp\/v2\/media?parent=5156"}],"wp:term":[{"taxonomy":"product_brand","embeddable":true,"href":"https:\/\/www.betonmoulds.com\/fr\/wp-json\/wp\/v2\/product_brand?post=5156"},{"taxonomy":"product_cat","embeddable":true,"href":"https:\/\/www.betonmoulds.com\/fr\/wp-json\/wp\/v2\/product_cat?post=5156"},{"taxonomy":"product_tag","embeddable":true,"href":"https:\/\/www.betonmoulds.com\/fr\/wp-json\/wp\/v2\/product_tag?post=5156"}],"curies":[{"name":"wp","href":"https:\/\/api.w.org\/{rel}","templated":true}]}}