{"id":5138,"date":"2023-07-03T13:50:30","date_gmt":"2023-07-03T13:50:30","guid":{"rendered":"https:\/\/www.betonmoulds.com\/product\/foot-anchor-5t\/"},"modified":"2026-03-19T15:41:34","modified_gmt":"2026-03-19T15:41:34","slug":"ancre-a-pied-5t","status":"publish","type":"product","link":"https:\/\/www.betonmoulds.com\/fr\/product\/ancre-a-pied-5t\/","title":{"rendered":"5t-170  Ancres \u00e0 t\u00eate sph\u00e9rique"},"content":{"rendered":"","protected":false},"excerpt":{"rendered":"<p>Utiliser ces ancres \u00e0 pied pour le levage et le transport rentables et s\u00fbrs d&rsquo;\u00e9l\u00e9ments en b\u00e9ton lourds. Une ancre \u00e0 pied, \u00e9galement connue sous le nom d&rsquo;ancre de transport, est un dispositif de levage qui est coul\u00e9 avec une r\u00e9servation h\u00e9misph\u00e9rique. La r\u00e9servation h\u00e9misph\u00e9rique est retir\u00e9e lorsque le b\u00e9ton a durci, apr\u00e8s quoi l&rsquo;ancre est pr\u00eate \u00e0 l&#8217;emploi. La longueur des ancres est de 170 mm et la charge maximale est de 5000 kg. Galvanis\u00e9 \u00e0 chaud pour prot\u00e9ger les ancres de la corrosion. Produits connexes au syst\u00e8me d&rsquo;ancrage :<\/p>\n<ul>\n<li><a href=\"https:\/\/www.betonmoulds.com\/fr\/product\/reservations-magnetiques-pour-ancrage-a-pied-5t\/\"><strong>R\u00e9servations h\u00e9misph\u00e9riques magn\u00e9tiques<\/strong><\/a> (pour positionner l&rsquo;ancre dans le bloc de b\u00e9ton)<\/li>\n<li><a href=\"https:\/\/www.betonmoulds.com\/fr\/product\/oeillet-en-caoutchouc-pour-fixation-dancrage-a-pied-5t\/\"><strong>\u0152illet en caoutchouc pour la fixation de l&rsquo;ancre<\/strong><\/a> (bague de fixation permettant de positionner l&rsquo;ancre dans la r\u00e9servation h\u00e9misph\u00e9rique)<\/li>\n<li><a href=\"https:\/\/www.betonmoulds.com\/fr\/product\/main-de-levage-oeillet-5t\/\"><strong>Main de levage\/Crochet de levage<\/strong><\/a> (pour relier une \u00e9lingue de levage \u00e0 l&rsquo;ancre \u00e0 pied)<\/li>\n<\/ul>\n<p><strong>Quantit\u00e9 minimum de commande : 80<\/strong>. <strong>A commander en unit\u00e9s d&#8217;emballage de 80 pi\u00e8ces<\/strong>. Les prix unitaires sont plus bas pour les commandes de plus de 600 unit\u00e9s ; \u00e0 partir de 3000 unit\u00e9s (= caissette), nous proposons un prix unitaire encore plus bas.<\/p>\n<p><strong>CMU :<\/strong> 5000 kg<\/p>\n<p><strong>Longueur :<\/strong> 170 mm<\/p>\n","protected":false},"featured_media":4731,"template":"","meta":[],"product_brand":[],"product_cat":[373,375,376],"product_tag":[],"class_list":{"0":"post-5138","1":"product","2":"type-product","3":"status-publish","4":"has-post-thumbnail","6":"product_cat-transport-blocs","7":"product_cat-transport-jersey-fr","8":"product_cat-transport-mur-de-soutenement","10":"first","11":"instock","12":"shipping-taxable","13":"purchasable","14":"product-type-simple"},"yoast_head":"<!-- This site is optimized with the Yoast SEO plugin v27.4 - https:\/\/yoast.com\/product\/yoast-seo-wordpress\/ -->\n<title>5t-170 Ancres \u00e0 t\u00eate sph\u00e9rique - BETONMOULDS<\/title>\n<meta name=\"robots\" content=\"index, follow, max-snippet:-1, max-image-preview:large, max-video-preview:-1\" \/>\n<link rel=\"canonical\" href=\"https:\/\/www.betonmoulds.com\/fr\/product\/ancre-a-pied-5t\/\" \/>\n<meta property=\"og:locale\" content=\"fr_FR\" \/>\n<meta property=\"og:type\" content=\"article\" \/>\n<meta property=\"og:title\" content=\"5t-170 Ancres \u00e0 t\u00eate sph\u00e9rique - BETONMOULDS\" \/>\n<meta property=\"og:description\" content=\"Utiliser ces ancres \u00e0 pied pour le levage et le transport rentables et s\u00fbrs d&#039;\u00e9l\u00e9ments en b\u00e9ton lourds. Une ancre \u00e0 pied, \u00e9galement connue sous le nom d&#039;ancre de transport, est un dispositif de levage qui est coul\u00e9 avec une r\u00e9servation h\u00e9misph\u00e9rique. La r\u00e9servation h\u00e9misph\u00e9rique est retir\u00e9e lorsque le b\u00e9ton a durci, apr\u00e8s quoi l&#039;ancre est pr\u00eate \u00e0 l&#039;emploi. La longueur des ancres est de 170 mm et la charge maximale est de 5000 kg. Galvanis\u00e9 \u00e0 chaud pour prot\u00e9ger les ancres de la corrosion. Produits connexes au syst\u00e8me d&#039;ancrage :   R\u00e9servations h\u00e9misph\u00e9riques magn\u00e9tiques (pour positionner l&#039;ancre dans le bloc de b\u00e9ton)  \u0152illet en caoutchouc pour la fixation de l&#039;ancre (bague de fixation permettant de positionner l&#039;ancre dans la r\u00e9servation h\u00e9misph\u00e9rique)  Main de levage\/Crochet de levage (pour relier une \u00e9lingue de levage \u00e0 l&#039;ancre \u00e0 pied)  Quantit\u00e9 minimum de commande : 80. A commander en unit\u00e9s d&#039;emballage de 80 pi\u00e8ces. Les prix unitaires sont plus bas pour les commandes de plus de 600 unit\u00e9s ; \u00e0 partir de 3000 unit\u00e9s (= caissette), nous proposons un prix unitaire encore plus bas.  CMU : 5000 kg  Longueur : 170 mm\" \/>\n<meta property=\"og:url\" content=\"https:\/\/www.betonmoulds.com\/fr\/product\/ancre-a-pied-5t\/\" \/>\n<meta property=\"og:site_name\" content=\"BETONMOULDS\" \/>\n<meta property=\"article:modified_time\" content=\"2026-03-19T15:41:34+00:00\" \/>\n<meta property=\"og:image\" content=\"https:\/\/www.betonmoulds.com\/wp-content\/uploads\/2023\/07\/FA-5000-0170-Anchor_.jpg\" \/>\n\t<meta property=\"og:image:width\" content=\"900\" \/>\n\t<meta property=\"og:image:height\" content=\"900\" \/>\n\t<meta property=\"og:image:type\" content=\"image\/jpeg\" \/>\n<meta name=\"twitter:card\" content=\"summary_large_image\" \/>\n<meta name=\"twitter:label1\" content=\"Dur\u00e9e de lecture estim\u00e9e\" \/>\n\t<meta name=\"twitter:data1\" content=\"1 minute\" \/>\n<script type=\"application\/ld+json\" class=\"yoast-schema-graph\">{\"@context\":\"https:\\\/\\\/schema.org\",\"@graph\":[{\"@type\":\"WebPage\",\"@id\":\"https:\\\/\\\/www.betonmoulds.com\\\/fr\\\/product\\\/ancre-a-pied-5t\\\/\",\"url\":\"https:\\\/\\\/www.betonmoulds.com\\\/fr\\\/product\\\/ancre-a-pied-5t\\\/\",\"name\":\"5t-170 Ancres \u00e0 t\u00eate sph\u00e9rique - BETONMOULDS\",\"isPartOf\":{\"@id\":\"https:\\\/\\\/www.betonmoulds.com\\\/fr\\\/#website\"},\"primaryImageOfPage\":{\"@id\":\"https:\\\/\\\/www.betonmoulds.com\\\/fr\\\/product\\\/ancre-a-pied-5t\\\/#primaryimage\"},\"image\":{\"@id\":\"https:\\\/\\\/www.betonmoulds.com\\\/fr\\\/product\\\/ancre-a-pied-5t\\\/#primaryimage\"},\"thumbnailUrl\":\"https:\\\/\\\/www.betonmoulds.com\\\/wp-content\\\/uploads\\\/2023\\\/07\\\/FA-5000-0170-Anchor_.jpg\",\"datePublished\":\"2023-07-03T13:50:30+00:00\",\"dateModified\":\"2026-03-19T15:41:34+00:00\",\"breadcrumb\":{\"@id\":\"https:\\\/\\\/www.betonmoulds.com\\\/fr\\\/product\\\/ancre-a-pied-5t\\\/#breadcrumb\"},\"inLanguage\":\"fr-FR\",\"potentialAction\":[{\"@type\":\"ReadAction\",\"target\":[\"https:\\\/\\\/www.betonmoulds.com\\\/fr\\\/product\\\/ancre-a-pied-5t\\\/\"]}]},{\"@type\":\"ImageObject\",\"inLanguage\":\"fr-FR\",\"@id\":\"https:\\\/\\\/www.betonmoulds.com\\\/fr\\\/product\\\/ancre-a-pied-5t\\\/#primaryimage\",\"url\":\"https:\\\/\\\/www.betonmoulds.com\\\/wp-content\\\/uploads\\\/2023\\\/07\\\/FA-5000-0170-Anchor_.jpg\",\"contentUrl\":\"https:\\\/\\\/www.betonmoulds.com\\\/wp-content\\\/uploads\\\/2023\\\/07\\\/FA-5000-0170-Anchor_.jpg\",\"width\":900,\"height\":900,\"caption\":\"Ancrage de pied pour levage de blocs de b\u00e9ton\"},{\"@type\":\"BreadcrumbList\",\"@id\":\"https:\\\/\\\/www.betonmoulds.com\\\/fr\\\/product\\\/ancre-a-pied-5t\\\/#breadcrumb\",\"itemListElement\":[{\"@type\":\"ListItem\",\"position\":1,\"name\":\"Home\",\"item\":\"https:\\\/\\\/www.betonmoulds.com\\\/fr\\\/\"},{\"@type\":\"ListItem\",\"position\":2,\"name\":\"Boutique\",\"item\":\"https:\\\/\\\/www.betonmoulds.com\\\/it\\\/negozio\\\/\"},{\"@type\":\"ListItem\",\"position\":3,\"name\":\"5t-170 Ancres \u00e0 t\u00eate sph\u00e9rique\"}]},{\"@type\":\"WebSite\",\"@id\":\"https:\\\/\\\/www.betonmoulds.com\\\/fr\\\/#website\",\"url\":\"https:\\\/\\\/www.betonmoulds.com\\\/fr\\\/\",\"name\":\"BETONMOULDS\",\"description\":\"Upcycle leftover concrete\",\"potentialAction\":[{\"@type\":\"SearchAction\",\"target\":{\"@type\":\"EntryPoint\",\"urlTemplate\":\"https:\\\/\\\/www.betonmoulds.com\\\/fr\\\/?s={search_term_string}\"},\"query-input\":{\"@type\":\"PropertyValueSpecification\",\"valueRequired\":true,\"valueName\":\"search_term_string\"}}],\"inLanguage\":\"fr-FR\"}]}<\/script>\n<!-- \/ Yoast SEO plugin. -->","yoast_head_json":{"title":"5t-170 Ancres \u00e0 t\u00eate sph\u00e9rique - BETONMOULDS","robots":{"index":"index","follow":"follow","max-snippet":"max-snippet:-1","max-image-preview":"max-image-preview:large","max-video-preview":"max-video-preview:-1"},"canonical":"https:\/\/www.betonmoulds.com\/fr\/product\/ancre-a-pied-5t\/","og_locale":"fr_FR","og_type":"article","og_title":"5t-170 Ancres \u00e0 t\u00eate sph\u00e9rique - BETONMOULDS","og_description":"Utiliser ces ancres \u00e0 pied pour le levage et le transport rentables et s\u00fbrs d'\u00e9l\u00e9ments en b\u00e9ton lourds. Une ancre \u00e0 pied, \u00e9galement connue sous le nom d'ancre de transport, est un dispositif de levage qui est coul\u00e9 avec une r\u00e9servation h\u00e9misph\u00e9rique. La r\u00e9servation h\u00e9misph\u00e9rique est retir\u00e9e lorsque le b\u00e9ton a durci, apr\u00e8s quoi l'ancre est pr\u00eate \u00e0 l'emploi. La longueur des ancres est de 170 mm et la charge maximale est de 5000 kg. Galvanis\u00e9 \u00e0 chaud pour prot\u00e9ger les ancres de la corrosion. Produits connexes au syst\u00e8me d'ancrage :   R\u00e9servations h\u00e9misph\u00e9riques magn\u00e9tiques (pour positionner l'ancre dans le bloc de b\u00e9ton)  \u0152illet en caoutchouc pour la fixation de l'ancre (bague de fixation permettant de positionner l'ancre dans la r\u00e9servation h\u00e9misph\u00e9rique)  Main de levage\/Crochet de levage (pour relier une \u00e9lingue de levage \u00e0 l'ancre \u00e0 pied)  Quantit\u00e9 minimum de commande : 80. A commander en unit\u00e9s d'emballage de 80 pi\u00e8ces. Les prix unitaires sont plus bas pour les commandes de plus de 600 unit\u00e9s ; \u00e0 partir de 3000 unit\u00e9s (= caissette), nous proposons un prix unitaire encore plus bas.  CMU : 5000 kg  Longueur : 170 mm","og_url":"https:\/\/www.betonmoulds.com\/fr\/product\/ancre-a-pied-5t\/","og_site_name":"BETONMOULDS","article_modified_time":"2026-03-19T15:41:34+00:00","og_image":[{"width":900,"height":900,"url":"https:\/\/www.betonmoulds.com\/wp-content\/uploads\/2023\/07\/FA-5000-0170-Anchor_.jpg","type":"image\/jpeg"}],"twitter_card":"summary_large_image","twitter_misc":{"Dur\u00e9e de lecture estim\u00e9e":"1 minute"},"schema":{"@context":"https:\/\/schema.org","@graph":[{"@type":"WebPage","@id":"https:\/\/www.betonmoulds.com\/fr\/product\/ancre-a-pied-5t\/","url":"https:\/\/www.betonmoulds.com\/fr\/product\/ancre-a-pied-5t\/","name":"5t-170 Ancres \u00e0 t\u00eate sph\u00e9rique - BETONMOULDS","isPartOf":{"@id":"https:\/\/www.betonmoulds.com\/fr\/#website"},"primaryImageOfPage":{"@id":"https:\/\/www.betonmoulds.com\/fr\/product\/ancre-a-pied-5t\/#primaryimage"},"image":{"@id":"https:\/\/www.betonmoulds.com\/fr\/product\/ancre-a-pied-5t\/#primaryimage"},"thumbnailUrl":"https:\/\/www.betonmoulds.com\/wp-content\/uploads\/2023\/07\/FA-5000-0170-Anchor_.jpg","datePublished":"2023-07-03T13:50:30+00:00","dateModified":"2026-03-19T15:41:34+00:00","breadcrumb":{"@id":"https:\/\/www.betonmoulds.com\/fr\/product\/ancre-a-pied-5t\/#breadcrumb"},"inLanguage":"fr-FR","potentialAction":[{"@type":"ReadAction","target":["https:\/\/www.betonmoulds.com\/fr\/product\/ancre-a-pied-5t\/"]}]},{"@type":"ImageObject","inLanguage":"fr-FR","@id":"https:\/\/www.betonmoulds.com\/fr\/product\/ancre-a-pied-5t\/#primaryimage","url":"https:\/\/www.betonmoulds.com\/wp-content\/uploads\/2023\/07\/FA-5000-0170-Anchor_.jpg","contentUrl":"https:\/\/www.betonmoulds.com\/wp-content\/uploads\/2023\/07\/FA-5000-0170-Anchor_.jpg","width":900,"height":900,"caption":"Ancrage de pied pour levage de blocs de b\u00e9ton"},{"@type":"BreadcrumbList","@id":"https:\/\/www.betonmoulds.com\/fr\/product\/ancre-a-pied-5t\/#breadcrumb","itemListElement":[{"@type":"ListItem","position":1,"name":"Home","item":"https:\/\/www.betonmoulds.com\/fr\/"},{"@type":"ListItem","position":2,"name":"Boutique","item":"https:\/\/www.betonmoulds.com\/it\/negozio\/"},{"@type":"ListItem","position":3,"name":"5t-170 Ancres \u00e0 t\u00eate sph\u00e9rique"}]},{"@type":"WebSite","@id":"https:\/\/www.betonmoulds.com\/fr\/#website","url":"https:\/\/www.betonmoulds.com\/fr\/","name":"BETONMOULDS","description":"Upcycle leftover concrete","potentialAction":[{"@type":"SearchAction","target":{"@type":"EntryPoint","urlTemplate":"https:\/\/www.betonmoulds.com\/fr\/?s={search_term_string}"},"query-input":{"@type":"PropertyValueSpecification","valueRequired":true,"valueName":"search_term_string"}}],"inLanguage":"fr-FR"}]}},"_links":{"self":[{"href":"https:\/\/www.betonmoulds.com\/fr\/wp-json\/wp\/v2\/product\/5138","targetHints":{"allow":["GET"]}}],"collection":[{"href":"https:\/\/www.betonmoulds.com\/fr\/wp-json\/wp\/v2\/product"}],"about":[{"href":"https:\/\/www.betonmoulds.com\/fr\/wp-json\/wp\/v2\/types\/product"}],"wp:featuredmedia":[{"embeddable":true,"href":"https:\/\/www.betonmoulds.com\/fr\/wp-json\/wp\/v2\/media\/4731"}],"wp:attachment":[{"href":"https:\/\/www.betonmoulds.com\/fr\/wp-json\/wp\/v2\/media?parent=5138"}],"wp:term":[{"taxonomy":"product_brand","embeddable":true,"href":"https:\/\/www.betonmoulds.com\/fr\/wp-json\/wp\/v2\/product_brand?post=5138"},{"taxonomy":"product_cat","embeddable":true,"href":"https:\/\/www.betonmoulds.com\/fr\/wp-json\/wp\/v2\/product_cat?post=5138"},{"taxonomy":"product_tag","embeddable":true,"href":"https:\/\/www.betonmoulds.com\/fr\/wp-json\/wp\/v2\/product_tag?post=5138"}],"curies":[{"name":"wp","href":"https:\/\/api.w.org\/{rel}","templated":true}]}}