{"id":5130,"date":"2023-06-29T13:47:36","date_gmt":"2023-06-29T13:47:36","guid":{"rendered":"https:\/\/www.betonmoulds.com\/product\/forklift-lifting-beam-double-direction\/"},"modified":"2026-03-19T15:46:44","modified_gmt":"2026-03-19T15:46:44","slug":"palonnier-pour-chariot-elevateur-bidirectionnel","status":"publish","type":"product","link":"https:\/\/www.betonmoulds.com\/fr\/product\/palonnier-pour-chariot-elevateur-bidirectionnel\/","title":{"rendered":"Palonnier pour chariot \u00e9l\u00e9vateur (bidirectionnel)"},"content":{"rendered":"","protected":false},"excerpt":{"rendered":"<p class=\"P68B1DB1-Standaard2\"><span lang=\"FR\">Ce dispositif de levage est utilis\u00e9 comme accessoire de chariot \u00e9l\u00e9vateur pour soulever et transporter des blocs b\u00e9ton ou des m\u00e9ga-blocs. Des fourches de chariot \u00e9l\u00e9vateur peuvent \u00eatre ins\u00e9r\u00e9es dans les encoches et le point de levage est situ\u00e9e au centre de ce dispositif de levage. Avec cet \u00e9quipement, le bloc de b\u00e9ton peut \u00eatre soulev\u00e9 \u00e0 la fois transversalement et longitudinalement. Toutes les op\u00e9rations de levage se d\u00e9roulent sans que le conducteur ait besoin de quitter sa cabine.<\/span><\/p>\n<p class=\"P68B1DB1-Standaard2\"><span lang=\"FR\"><a href=\"https:\/\/www.betonmoulds.com\/fr\/product\/pince-de-levage-mecanique-800-400\/\"><strong>Une pince de levage m\u00e9canique<\/strong><\/a> peut \u00eatre mont\u00e9e sur le palonnier. Elle minimise le balancement et assure un positionnement pr\u00e9cis des blocs. <\/span><\/p>\n","protected":false},"featured_media":4600,"template":"","meta":[],"product_brand":[],"product_cat":[373,374,375,376],"product_tag":[],"class_list":{"0":"post-5130","1":"product","2":"type-product","3":"status-publish","4":"has-post-thumbnail","6":"product_cat-transport-blocs","7":"product_cat-transport-dalles","8":"product_cat-transport-jersey-fr","9":"product_cat-transport-mur-de-soutenement","11":"first","12":"instock","13":"shipping-taxable","14":"purchasable","15":"product-type-simple"},"yoast_head":"<!-- This site is optimized with the Yoast SEO plugin v27.4 - https:\/\/yoast.com\/product\/yoast-seo-wordpress\/ -->\n<title>Palonnier pour chariot \u00e9l\u00e9vateur (bidirectionnel) - BETONMOULDS<\/title>\n<meta name=\"robots\" content=\"index, follow, max-snippet:-1, max-image-preview:large, max-video-preview:-1\" \/>\n<link rel=\"canonical\" href=\"https:\/\/www.betonmoulds.com\/fr\/product\/palonnier-pour-chariot-elevateur-bidirectionnel\/\" \/>\n<meta property=\"og:locale\" content=\"fr_FR\" \/>\n<meta property=\"og:type\" content=\"article\" \/>\n<meta property=\"og:title\" content=\"Palonnier pour chariot \u00e9l\u00e9vateur (bidirectionnel) - BETONMOULDS\" \/>\n<meta property=\"og:description\" content=\"Ce dispositif de levage est utilis\u00e9 comme accessoire de chariot \u00e9l\u00e9vateur pour soulever et transporter des blocs b\u00e9ton ou des m\u00e9ga-blocs. Des fourches de chariot \u00e9l\u00e9vateur peuvent \u00eatre ins\u00e9r\u00e9es dans les encoches et le point de levage est situ\u00e9e au centre de ce dispositif de levage. Avec cet \u00e9quipement, le bloc de b\u00e9ton peut \u00eatre soulev\u00e9 \u00e0 la fois transversalement et longitudinalement. Toutes les op\u00e9rations de levage se d\u00e9roulent sans que le conducteur ait besoin de quitter sa cabine. Une pince de levage m\u00e9canique peut \u00eatre mont\u00e9e sur le palonnier. Elle minimise le balancement et assure un positionnement pr\u00e9cis des blocs.\" \/>\n<meta property=\"og:url\" content=\"https:\/\/www.betonmoulds.com\/fr\/product\/palonnier-pour-chariot-elevateur-bidirectionnel\/\" \/>\n<meta property=\"og:site_name\" content=\"BETONMOULDS\" \/>\n<meta property=\"article:modified_time\" content=\"2026-03-19T15:46:44+00:00\" \/>\n<meta property=\"og:image\" content=\"https:\/\/www.betonmoulds.com\/wp-content\/uploads\/2023\/06\/Forklift-Lifting-Beam-Dual-FLB-B-DD_.jpg\" \/>\n\t<meta property=\"og:image:width\" content=\"900\" \/>\n\t<meta property=\"og:image:height\" content=\"900\" \/>\n\t<meta property=\"og:image:type\" content=\"image\/jpeg\" \/>\n<meta name=\"twitter:card\" content=\"summary_large_image\" \/>\n<meta name=\"twitter:label1\" content=\"Dur\u00e9e de lecture estim\u00e9e\" \/>\n\t<meta name=\"twitter:data1\" content=\"1 minute\" \/>\n<script type=\"application\/ld+json\" class=\"yoast-schema-graph\">{\"@context\":\"https:\\\/\\\/schema.org\",\"@graph\":[{\"@type\":\"WebPage\",\"@id\":\"https:\\\/\\\/www.betonmoulds.com\\\/fr\\\/product\\\/palonnier-pour-chariot-elevateur-bidirectionnel\\\/\",\"url\":\"https:\\\/\\\/www.betonmoulds.com\\\/fr\\\/product\\\/palonnier-pour-chariot-elevateur-bidirectionnel\\\/\",\"name\":\"Palonnier pour chariot \u00e9l\u00e9vateur (bidirectionnel) - BETONMOULDS\",\"isPartOf\":{\"@id\":\"https:\\\/\\\/www.betonmoulds.com\\\/fr\\\/#website\"},\"primaryImageOfPage\":{\"@id\":\"https:\\\/\\\/www.betonmoulds.com\\\/fr\\\/product\\\/palonnier-pour-chariot-elevateur-bidirectionnel\\\/#primaryimage\"},\"image\":{\"@id\":\"https:\\\/\\\/www.betonmoulds.com\\\/fr\\\/product\\\/palonnier-pour-chariot-elevateur-bidirectionnel\\\/#primaryimage\"},\"thumbnailUrl\":\"https:\\\/\\\/www.betonmoulds.com\\\/wp-content\\\/uploads\\\/2023\\\/06\\\/Forklift-Lifting-Beam-Dual-FLB-B-DD_.jpg\",\"datePublished\":\"2023-06-29T13:47:36+00:00\",\"dateModified\":\"2026-03-19T15:46:44+00:00\",\"breadcrumb\":{\"@id\":\"https:\\\/\\\/www.betonmoulds.com\\\/fr\\\/product\\\/palonnier-pour-chariot-elevateur-bidirectionnel\\\/#breadcrumb\"},\"inLanguage\":\"fr-FR\",\"potentialAction\":[{\"@type\":\"ReadAction\",\"target\":[\"https:\\\/\\\/www.betonmoulds.com\\\/fr\\\/product\\\/palonnier-pour-chariot-elevateur-bidirectionnel\\\/\"]}]},{\"@type\":\"ImageObject\",\"inLanguage\":\"fr-FR\",\"@id\":\"https:\\\/\\\/www.betonmoulds.com\\\/fr\\\/product\\\/palonnier-pour-chariot-elevateur-bidirectionnel\\\/#primaryimage\",\"url\":\"https:\\\/\\\/www.betonmoulds.com\\\/wp-content\\\/uploads\\\/2023\\\/06\\\/Forklift-Lifting-Beam-Dual-FLB-B-DD_.jpg\",\"contentUrl\":\"https:\\\/\\\/www.betonmoulds.com\\\/wp-content\\\/uploads\\\/2023\\\/06\\\/Forklift-Lifting-Beam-Dual-FLB-B-DD_.jpg\",\"width\":900,\"height\":900,\"caption\":\"poutre de levage pour chariot \u00e9l\u00e9vateur double direction\"},{\"@type\":\"BreadcrumbList\",\"@id\":\"https:\\\/\\\/www.betonmoulds.com\\\/fr\\\/product\\\/palonnier-pour-chariot-elevateur-bidirectionnel\\\/#breadcrumb\",\"itemListElement\":[{\"@type\":\"ListItem\",\"position\":1,\"name\":\"Home\",\"item\":\"https:\\\/\\\/www.betonmoulds.com\\\/fr\\\/\"},{\"@type\":\"ListItem\",\"position\":2,\"name\":\"Boutique\",\"item\":\"https:\\\/\\\/www.betonmoulds.com\\\/it\\\/negozio\\\/\"},{\"@type\":\"ListItem\",\"position\":3,\"name\":\"Palonnier pour chariot \u00e9l\u00e9vateur (bidirectionnel)\"}]},{\"@type\":\"WebSite\",\"@id\":\"https:\\\/\\\/www.betonmoulds.com\\\/fr\\\/#website\",\"url\":\"https:\\\/\\\/www.betonmoulds.com\\\/fr\\\/\",\"name\":\"BETONMOULDS\",\"description\":\"Upcycle leftover concrete\",\"potentialAction\":[{\"@type\":\"SearchAction\",\"target\":{\"@type\":\"EntryPoint\",\"urlTemplate\":\"https:\\\/\\\/www.betonmoulds.com\\\/fr\\\/?s={search_term_string}\"},\"query-input\":{\"@type\":\"PropertyValueSpecification\",\"valueRequired\":true,\"valueName\":\"search_term_string\"}}],\"inLanguage\":\"fr-FR\"}]}<\/script>\n<!-- \/ Yoast SEO plugin. -->","yoast_head_json":{"title":"Palonnier pour chariot \u00e9l\u00e9vateur (bidirectionnel) - BETONMOULDS","robots":{"index":"index","follow":"follow","max-snippet":"max-snippet:-1","max-image-preview":"max-image-preview:large","max-video-preview":"max-video-preview:-1"},"canonical":"https:\/\/www.betonmoulds.com\/fr\/product\/palonnier-pour-chariot-elevateur-bidirectionnel\/","og_locale":"fr_FR","og_type":"article","og_title":"Palonnier pour chariot \u00e9l\u00e9vateur (bidirectionnel) - BETONMOULDS","og_description":"Ce dispositif de levage est utilis\u00e9 comme accessoire de chariot \u00e9l\u00e9vateur pour soulever et transporter des blocs b\u00e9ton ou des m\u00e9ga-blocs. Des fourches de chariot \u00e9l\u00e9vateur peuvent \u00eatre ins\u00e9r\u00e9es dans les encoches et le point de levage est situ\u00e9e au centre de ce dispositif de levage. Avec cet \u00e9quipement, le bloc de b\u00e9ton peut \u00eatre soulev\u00e9 \u00e0 la fois transversalement et longitudinalement. Toutes les op\u00e9rations de levage se d\u00e9roulent sans que le conducteur ait besoin de quitter sa cabine. Une pince de levage m\u00e9canique peut \u00eatre mont\u00e9e sur le palonnier. Elle minimise le balancement et assure un positionnement pr\u00e9cis des blocs.","og_url":"https:\/\/www.betonmoulds.com\/fr\/product\/palonnier-pour-chariot-elevateur-bidirectionnel\/","og_site_name":"BETONMOULDS","article_modified_time":"2026-03-19T15:46:44+00:00","og_image":[{"width":900,"height":900,"url":"https:\/\/www.betonmoulds.com\/wp-content\/uploads\/2023\/06\/Forklift-Lifting-Beam-Dual-FLB-B-DD_.jpg","type":"image\/jpeg"}],"twitter_card":"summary_large_image","twitter_misc":{"Dur\u00e9e de lecture estim\u00e9e":"1 minute"},"schema":{"@context":"https:\/\/schema.org","@graph":[{"@type":"WebPage","@id":"https:\/\/www.betonmoulds.com\/fr\/product\/palonnier-pour-chariot-elevateur-bidirectionnel\/","url":"https:\/\/www.betonmoulds.com\/fr\/product\/palonnier-pour-chariot-elevateur-bidirectionnel\/","name":"Palonnier pour chariot \u00e9l\u00e9vateur (bidirectionnel) - BETONMOULDS","isPartOf":{"@id":"https:\/\/www.betonmoulds.com\/fr\/#website"},"primaryImageOfPage":{"@id":"https:\/\/www.betonmoulds.com\/fr\/product\/palonnier-pour-chariot-elevateur-bidirectionnel\/#primaryimage"},"image":{"@id":"https:\/\/www.betonmoulds.com\/fr\/product\/palonnier-pour-chariot-elevateur-bidirectionnel\/#primaryimage"},"thumbnailUrl":"https:\/\/www.betonmoulds.com\/wp-content\/uploads\/2023\/06\/Forklift-Lifting-Beam-Dual-FLB-B-DD_.jpg","datePublished":"2023-06-29T13:47:36+00:00","dateModified":"2026-03-19T15:46:44+00:00","breadcrumb":{"@id":"https:\/\/www.betonmoulds.com\/fr\/product\/palonnier-pour-chariot-elevateur-bidirectionnel\/#breadcrumb"},"inLanguage":"fr-FR","potentialAction":[{"@type":"ReadAction","target":["https:\/\/www.betonmoulds.com\/fr\/product\/palonnier-pour-chariot-elevateur-bidirectionnel\/"]}]},{"@type":"ImageObject","inLanguage":"fr-FR","@id":"https:\/\/www.betonmoulds.com\/fr\/product\/palonnier-pour-chariot-elevateur-bidirectionnel\/#primaryimage","url":"https:\/\/www.betonmoulds.com\/wp-content\/uploads\/2023\/06\/Forklift-Lifting-Beam-Dual-FLB-B-DD_.jpg","contentUrl":"https:\/\/www.betonmoulds.com\/wp-content\/uploads\/2023\/06\/Forklift-Lifting-Beam-Dual-FLB-B-DD_.jpg","width":900,"height":900,"caption":"poutre de levage pour chariot \u00e9l\u00e9vateur double direction"},{"@type":"BreadcrumbList","@id":"https:\/\/www.betonmoulds.com\/fr\/product\/palonnier-pour-chariot-elevateur-bidirectionnel\/#breadcrumb","itemListElement":[{"@type":"ListItem","position":1,"name":"Home","item":"https:\/\/www.betonmoulds.com\/fr\/"},{"@type":"ListItem","position":2,"name":"Boutique","item":"https:\/\/www.betonmoulds.com\/it\/negozio\/"},{"@type":"ListItem","position":3,"name":"Palonnier pour chariot \u00e9l\u00e9vateur (bidirectionnel)"}]},{"@type":"WebSite","@id":"https:\/\/www.betonmoulds.com\/fr\/#website","url":"https:\/\/www.betonmoulds.com\/fr\/","name":"BETONMOULDS","description":"Upcycle leftover concrete","potentialAction":[{"@type":"SearchAction","target":{"@type":"EntryPoint","urlTemplate":"https:\/\/www.betonmoulds.com\/fr\/?s={search_term_string}"},"query-input":{"@type":"PropertyValueSpecification","valueRequired":true,"valueName":"search_term_string"}}],"inLanguage":"fr-FR"}]}},"_links":{"self":[{"href":"https:\/\/www.betonmoulds.com\/fr\/wp-json\/wp\/v2\/product\/5130","targetHints":{"allow":["GET"]}}],"collection":[{"href":"https:\/\/www.betonmoulds.com\/fr\/wp-json\/wp\/v2\/product"}],"about":[{"href":"https:\/\/www.betonmoulds.com\/fr\/wp-json\/wp\/v2\/types\/product"}],"wp:featuredmedia":[{"embeddable":true,"href":"https:\/\/www.betonmoulds.com\/fr\/wp-json\/wp\/v2\/media\/4600"}],"wp:attachment":[{"href":"https:\/\/www.betonmoulds.com\/fr\/wp-json\/wp\/v2\/media?parent=5130"}],"wp:term":[{"taxonomy":"product_brand","embeddable":true,"href":"https:\/\/www.betonmoulds.com\/fr\/wp-json\/wp\/v2\/product_brand?post=5130"},{"taxonomy":"product_cat","embeddable":true,"href":"https:\/\/www.betonmoulds.com\/fr\/wp-json\/wp\/v2\/product_cat?post=5130"},{"taxonomy":"product_tag","embeddable":true,"href":"https:\/\/www.betonmoulds.com\/fr\/wp-json\/wp\/v2\/product_tag?post=5130"}],"curies":[{"name":"wp","href":"https:\/\/api.w.org\/{rel}","templated":true}]}}