{"id":5118,"date":"2023-06-29T13:54:59","date_gmt":"2023-06-29T13:54:59","guid":{"rendered":"https:\/\/www.betonmoulds.com\/product\/block-scissor-clamp-600-300\/"},"modified":"2026-03-19T15:46:44","modified_gmt":"2026-03-19T15:46:44","slug":"pince-de-levage-mecanique-600-300","status":"publish","type":"product","link":"https:\/\/www.betonmoulds.com\/fr\/product\/pince-de-levage-mecanique-600-300\/","title":{"rendered":"Pince \u00e0 blocs de b\u00e9ton 600-300"},"content":{"rendered":"","protected":false},"excerpt":{"rendered":"<p class=\"P68B1DB1-Standaard2\"><span lang=\"FR\">Une pince de levage agit comme un grappin qui est enti\u00e8rement actionn\u00e9e m\u00e9caniquement par une grue, une grue auxiliaire ou un chariot \u00e9l\u00e9vateur sans que le conducteur n&rsquo;ait \u00e0 quitter sa cabine. La pince de levage m\u00e9canique minimise les mouvements pendulaires du bloc de b\u00e9ton pendant le levage et permet un positionnement pr\u00e9cis.<\/span><\/p>\n<p class=\"P68B1DB1-Standaard2\"><span lang=\"FR\">Ces pinces de levage, \u00e9galement appel\u00e9es pinces \u00e0 blocs, sont \u00e9quip\u00e9es d&rsquo;un m\u00e9canisme de verrouillage automatique. Le syst\u00e8me maintient la pince ouverte lorsqu&rsquo;elle n&rsquo;est pas soulev\u00e9e, ce qui permet une utilisation rapide et facile par une seule personne. Cela permet un chargement et un d\u00e9chargement plus efficaces des gros blocs de b\u00e9ton, ce qui permet d&rsquo;\u00e9conomiser \u00e0 la fois du temps et de l&rsquo;argent.<\/span><\/p>\n<p class=\"P68B1DB1-Standaard2\"><span lang=\"FR\">Ce dispositif de levage pour blocs de b\u00e9ton est \u00e9quip\u00e9 de patins en <a href=\"https:\/\/www.betonmoulds.com\/fr\/product\/caoutchoucs-pour-pince-de-levage\/\"><strong>caoutchouc interchangeables<\/strong><\/a> pour \u00e9viter les glissements. Les patins ne laissent aucune tache sur les blocs de b\u00e9ton. Les patins en caoutchouc sont disponibles en noir et blanc et peuvent \u00e9galement \u00eatre achet\u00e9s comme pi\u00e8ces de rechange.<\/span><\/p>\n<p class=\"P68B1DB1-Standaard2\"><span lang=\"FR\">Les pinces de levage sont utilis\u00e9es avec des grues auxiliaires, des camions-grues, des grues \u00e0 tour et des chariots \u00e9l\u00e9vateurs \u00e0 l&rsquo;aide d&rsquo;un<strong><a href=\"https:\/\/www.betonmoulds.com\/fr\/product\/palonnier-pour-chariot-elevateur-bidirectionnel\/\"> palonnier.<\/a><\/strong><\/span><\/p>\n<table style=\"height: 394px;\" width=\"423\">\n<tbody>\n<tr>\n<td width=\"245\">Charge maximale d&rsquo;utilisation<\/td>\n<td width=\"57\">kg<\/td>\n<td width=\"142\">3.750<\/td>\n<\/tr>\n<tr>\n<td width=\"245\">Poids \u00e0 vide<\/td>\n<td width=\"57\">kg<\/td>\n<td width=\"142\">215<\/td>\n<\/tr>\n<tr>\n<td width=\"245\">Capacit\u00e9 de la m\u00e2choire<\/td>\n<td width=\"57\">mm<\/td>\n<td width=\"142\">600 &#8211; 300<\/td>\n<\/tr>\n<tr>\n<td width=\"245\">Largeur de serrage minimale<\/td>\n<td width=\"57\">mm<\/td>\n<td width=\"142\">300<\/td>\n<\/tr>\n<tr>\n<td width=\"245\">Largeur de serrage maximale<\/td>\n<td width=\"57\">mm<\/td>\n<td width=\"142\">600<\/td>\n<\/tr>\n<tr>\n<td width=\"245\">Ouverture de serrage maximale<\/td>\n<td width=\"57\">mm<\/td>\n<td width=\"142\">680<\/td>\n<\/tr>\n<tr>\n<td width=\"245\">Longueur de serrage<\/td>\n<td width=\"57\">mm<\/td>\n<td width=\"142\">1.000<\/td>\n<\/tr>\n<\/tbody>\n<\/table>\n<p><strong>\u00a0<\/strong><\/p>\n<p class=\"P68B1DB1-Standaard1\"><strong><span lang=\"FR\">Autres pinces de levage disponibles :<\/span><\/strong><\/p>\n<p><a href=\"https:\/\/www.betonmoulds.com\/fr\/product\/pince-de-levage-mecanique-800-400\/\"><strong>BSC-W800-400<\/strong><\/a>, pour les blocs de b\u00e9ton d&rsquo;une largeur de 80 cm \u00e0 40 cm.<br \/>\n<a href=\"https:\/\/www.betonmoulds.com\/fr\/product\/pince-de-levage-mecanique-400-150\/\"><strong>BSC-W400-150<\/strong><\/a>, pour les blocs de b\u00e9ton d&rsquo;une largeur de 40 cm \u00e0 15 cm.<\/p>\n","protected":false},"featured_media":4590,"template":"","meta":[],"product_brand":[],"product_cat":[373],"product_tag":[],"class_list":{"0":"post-5118","1":"product","2":"type-product","3":"status-publish","4":"has-post-thumbnail","6":"product_cat-transport-blocs","8":"first","9":"instock","10":"shipping-taxable","11":"purchasable","12":"product-type-simple"},"yoast_head":"<!-- This site is optimized with the Yoast SEO plugin v27.4 - https:\/\/yoast.com\/product\/yoast-seo-wordpress\/ -->\n<title>Pince \u00e0 blocs de b\u00e9ton 600-300 - BETONMOULDS<\/title>\n<meta name=\"robots\" content=\"index, follow, max-snippet:-1, max-image-preview:large, max-video-preview:-1\" \/>\n<link rel=\"canonical\" href=\"https:\/\/www.betonmoulds.com\/fr\/product\/pince-de-levage-mecanique-600-300\/\" \/>\n<meta property=\"og:locale\" content=\"fr_FR\" \/>\n<meta property=\"og:type\" content=\"article\" \/>\n<meta property=\"og:title\" content=\"Pince \u00e0 blocs de b\u00e9ton 600-300 - BETONMOULDS\" \/>\n<meta property=\"og:description\" content=\"Une pince de levage agit comme un grappin qui est enti\u00e8rement actionn\u00e9e m\u00e9caniquement par une grue, une grue auxiliaire ou un chariot \u00e9l\u00e9vateur sans que le conducteur n&#039;ait \u00e0 quitter sa cabine. La pince de levage m\u00e9canique minimise les mouvements pendulaires du bloc de b\u00e9ton pendant le levage et permet un positionnement pr\u00e9cis. Ces pinces de levage, \u00e9galement appel\u00e9es pinces \u00e0 blocs, sont \u00e9quip\u00e9es d&#039;un m\u00e9canisme de verrouillage automatique. Le syst\u00e8me maintient la pince ouverte lorsqu&#039;elle n&#039;est pas soulev\u00e9e, ce qui permet une utilisation rapide et facile par une seule personne. Cela permet un chargement et un d\u00e9chargement plus efficaces des gros blocs de b\u00e9ton, ce qui permet d&#039;\u00e9conomiser \u00e0 la fois du temps et de l&#039;argent. Ce dispositif de levage pour blocs de b\u00e9ton est \u00e9quip\u00e9 de patins en caoutchouc interchangeables pour \u00e9viter les glissements. Les patins ne laissent aucune tache sur les blocs de b\u00e9ton. Les patins en caoutchouc sont disponibles en noir et blanc et peuvent \u00e9galement \u00eatre achet\u00e9s comme pi\u00e8ces de rechange. Les pinces de levage sont utilis\u00e9es avec des grues auxiliaires, des camions-grues, des grues \u00e0 tour et des chariots \u00e9l\u00e9vateurs \u00e0 l&#039;aide d&#039;un palonnier.     Charge maximale d&#039;utilisation kg 3.750   Poids \u00e0 vide kg 215   Capacit\u00e9 de la m\u00e2choire mm 600 - 300   Largeur de serrage minimale mm 300   Largeur de serrage maximale mm 600   Ouverture de serrage maximale mm 680   Longueur de serrage mm 1.000    \u00a0 Autres pinces de levage disponibles : BSC-W800-400, pour les blocs de b\u00e9ton d&#039;une largeur de 80 cm \u00e0 40 cm. BSC-W400-150, pour les blocs de b\u00e9ton d&#039;une largeur de 40 cm \u00e0 15 cm.\" \/>\n<meta property=\"og:url\" content=\"https:\/\/www.betonmoulds.com\/fr\/product\/pince-de-levage-mecanique-600-300\/\" \/>\n<meta property=\"og:site_name\" content=\"BETONMOULDS\" \/>\n<meta property=\"article:modified_time\" content=\"2026-03-19T15:46:44+00:00\" \/>\n<meta property=\"og:image\" content=\"https:\/\/www.betonmoulds.com\/wp-content\/uploads\/2023\/06\/BSC-W600-300_Block_Scissor_Clamp.jpg\" \/>\n\t<meta property=\"og:image:width\" content=\"900\" \/>\n\t<meta property=\"og:image:height\" content=\"900\" \/>\n\t<meta property=\"og:image:type\" content=\"image\/jpeg\" \/>\n<meta name=\"twitter:card\" content=\"summary_large_image\" \/>\n<meta name=\"twitter:label1\" content=\"Dur\u00e9e de lecture estim\u00e9e\" \/>\n\t<meta name=\"twitter:data1\" content=\"1 minute\" \/>\n<script type=\"application\/ld+json\" class=\"yoast-schema-graph\">{\"@context\":\"https:\\\/\\\/schema.org\",\"@graph\":[{\"@type\":\"WebPage\",\"@id\":\"https:\\\/\\\/www.betonmoulds.com\\\/fr\\\/product\\\/pince-de-levage-mecanique-600-300\\\/\",\"url\":\"https:\\\/\\\/www.betonmoulds.com\\\/fr\\\/product\\\/pince-de-levage-mecanique-600-300\\\/\",\"name\":\"Pince \u00e0 blocs de b\u00e9ton 600-300 - BETONMOULDS\",\"isPartOf\":{\"@id\":\"https:\\\/\\\/www.betonmoulds.com\\\/fr\\\/#website\"},\"primaryImageOfPage\":{\"@id\":\"https:\\\/\\\/www.betonmoulds.com\\\/fr\\\/product\\\/pince-de-levage-mecanique-600-300\\\/#primaryimage\"},\"image\":{\"@id\":\"https:\\\/\\\/www.betonmoulds.com\\\/fr\\\/product\\\/pince-de-levage-mecanique-600-300\\\/#primaryimage\"},\"thumbnailUrl\":\"https:\\\/\\\/www.betonmoulds.com\\\/wp-content\\\/uploads\\\/2023\\\/06\\\/BSC-W600-300_Block_Scissor_Clamp.jpg\",\"datePublished\":\"2023-06-29T13:54:59+00:00\",\"dateModified\":\"2026-03-19T15:46:44+00:00\",\"breadcrumb\":{\"@id\":\"https:\\\/\\\/www.betonmoulds.com\\\/fr\\\/product\\\/pince-de-levage-mecanique-600-300\\\/#breadcrumb\"},\"inLanguage\":\"fr-FR\",\"potentialAction\":[{\"@type\":\"ReadAction\",\"target\":[\"https:\\\/\\\/www.betonmoulds.com\\\/fr\\\/product\\\/pince-de-levage-mecanique-600-300\\\/\"]}]},{\"@type\":\"ImageObject\",\"inLanguage\":\"fr-FR\",\"@id\":\"https:\\\/\\\/www.betonmoulds.com\\\/fr\\\/product\\\/pince-de-levage-mecanique-600-300\\\/#primaryimage\",\"url\":\"https:\\\/\\\/www.betonmoulds.com\\\/wp-content\\\/uploads\\\/2023\\\/06\\\/BSC-W600-300_Block_Scissor_Clamp.jpg\",\"contentUrl\":\"https:\\\/\\\/www.betonmoulds.com\\\/wp-content\\\/uploads\\\/2023\\\/06\\\/BSC-W600-300_Block_Scissor_Clamp.jpg\",\"width\":900,\"height\":900,\"caption\":\"Pince de levage m\u00e9canique 600-300\"},{\"@type\":\"BreadcrumbList\",\"@id\":\"https:\\\/\\\/www.betonmoulds.com\\\/fr\\\/product\\\/pince-de-levage-mecanique-600-300\\\/#breadcrumb\",\"itemListElement\":[{\"@type\":\"ListItem\",\"position\":1,\"name\":\"Home\",\"item\":\"https:\\\/\\\/www.betonmoulds.com\\\/fr\\\/\"},{\"@type\":\"ListItem\",\"position\":2,\"name\":\"Boutique\",\"item\":\"https:\\\/\\\/www.betonmoulds.com\\\/it\\\/negozio\\\/\"},{\"@type\":\"ListItem\",\"position\":3,\"name\":\"Pince \u00e0 blocs de b\u00e9ton 600-300\"}]},{\"@type\":\"WebSite\",\"@id\":\"https:\\\/\\\/www.betonmoulds.com\\\/fr\\\/#website\",\"url\":\"https:\\\/\\\/www.betonmoulds.com\\\/fr\\\/\",\"name\":\"BETONMOULDS\",\"description\":\"Upcycle leftover concrete\",\"potentialAction\":[{\"@type\":\"SearchAction\",\"target\":{\"@type\":\"EntryPoint\",\"urlTemplate\":\"https:\\\/\\\/www.betonmoulds.com\\\/fr\\\/?s={search_term_string}\"},\"query-input\":{\"@type\":\"PropertyValueSpecification\",\"valueRequired\":true,\"valueName\":\"search_term_string\"}}],\"inLanguage\":\"fr-FR\"}]}<\/script>\n<!-- \/ Yoast SEO plugin. -->","yoast_head_json":{"title":"Pince \u00e0 blocs de b\u00e9ton 600-300 - BETONMOULDS","robots":{"index":"index","follow":"follow","max-snippet":"max-snippet:-1","max-image-preview":"max-image-preview:large","max-video-preview":"max-video-preview:-1"},"canonical":"https:\/\/www.betonmoulds.com\/fr\/product\/pince-de-levage-mecanique-600-300\/","og_locale":"fr_FR","og_type":"article","og_title":"Pince \u00e0 blocs de b\u00e9ton 600-300 - BETONMOULDS","og_description":"Une pince de levage agit comme un grappin qui est enti\u00e8rement actionn\u00e9e m\u00e9caniquement par une grue, une grue auxiliaire ou un chariot \u00e9l\u00e9vateur sans que le conducteur n'ait \u00e0 quitter sa cabine. La pince de levage m\u00e9canique minimise les mouvements pendulaires du bloc de b\u00e9ton pendant le levage et permet un positionnement pr\u00e9cis. Ces pinces de levage, \u00e9galement appel\u00e9es pinces \u00e0 blocs, sont \u00e9quip\u00e9es d'un m\u00e9canisme de verrouillage automatique. Le syst\u00e8me maintient la pince ouverte lorsqu'elle n'est pas soulev\u00e9e, ce qui permet une utilisation rapide et facile par une seule personne. Cela permet un chargement et un d\u00e9chargement plus efficaces des gros blocs de b\u00e9ton, ce qui permet d'\u00e9conomiser \u00e0 la fois du temps et de l'argent. Ce dispositif de levage pour blocs de b\u00e9ton est \u00e9quip\u00e9 de patins en caoutchouc interchangeables pour \u00e9viter les glissements. Les patins ne laissent aucune tache sur les blocs de b\u00e9ton. Les patins en caoutchouc sont disponibles en noir et blanc et peuvent \u00e9galement \u00eatre achet\u00e9s comme pi\u00e8ces de rechange. Les pinces de levage sont utilis\u00e9es avec des grues auxiliaires, des camions-grues, des grues \u00e0 tour et des chariots \u00e9l\u00e9vateurs \u00e0 l'aide d'un palonnier.     Charge maximale d'utilisation kg 3.750   Poids \u00e0 vide kg 215   Capacit\u00e9 de la m\u00e2choire mm 600 - 300   Largeur de serrage minimale mm 300   Largeur de serrage maximale mm 600   Ouverture de serrage maximale mm 680   Longueur de serrage mm 1.000    \u00a0 Autres pinces de levage disponibles : BSC-W800-400, pour les blocs de b\u00e9ton d'une largeur de 80 cm \u00e0 40 cm. BSC-W400-150, pour les blocs de b\u00e9ton d'une largeur de 40 cm \u00e0 15 cm.","og_url":"https:\/\/www.betonmoulds.com\/fr\/product\/pince-de-levage-mecanique-600-300\/","og_site_name":"BETONMOULDS","article_modified_time":"2026-03-19T15:46:44+00:00","og_image":[{"width":900,"height":900,"url":"https:\/\/www.betonmoulds.com\/wp-content\/uploads\/2023\/06\/BSC-W600-300_Block_Scissor_Clamp.jpg","type":"image\/jpeg"}],"twitter_card":"summary_large_image","twitter_misc":{"Dur\u00e9e de lecture estim\u00e9e":"1 minute"},"schema":{"@context":"https:\/\/schema.org","@graph":[{"@type":"WebPage","@id":"https:\/\/www.betonmoulds.com\/fr\/product\/pince-de-levage-mecanique-600-300\/","url":"https:\/\/www.betonmoulds.com\/fr\/product\/pince-de-levage-mecanique-600-300\/","name":"Pince \u00e0 blocs de b\u00e9ton 600-300 - BETONMOULDS","isPartOf":{"@id":"https:\/\/www.betonmoulds.com\/fr\/#website"},"primaryImageOfPage":{"@id":"https:\/\/www.betonmoulds.com\/fr\/product\/pince-de-levage-mecanique-600-300\/#primaryimage"},"image":{"@id":"https:\/\/www.betonmoulds.com\/fr\/product\/pince-de-levage-mecanique-600-300\/#primaryimage"},"thumbnailUrl":"https:\/\/www.betonmoulds.com\/wp-content\/uploads\/2023\/06\/BSC-W600-300_Block_Scissor_Clamp.jpg","datePublished":"2023-06-29T13:54:59+00:00","dateModified":"2026-03-19T15:46:44+00:00","breadcrumb":{"@id":"https:\/\/www.betonmoulds.com\/fr\/product\/pince-de-levage-mecanique-600-300\/#breadcrumb"},"inLanguage":"fr-FR","potentialAction":[{"@type":"ReadAction","target":["https:\/\/www.betonmoulds.com\/fr\/product\/pince-de-levage-mecanique-600-300\/"]}]},{"@type":"ImageObject","inLanguage":"fr-FR","@id":"https:\/\/www.betonmoulds.com\/fr\/product\/pince-de-levage-mecanique-600-300\/#primaryimage","url":"https:\/\/www.betonmoulds.com\/wp-content\/uploads\/2023\/06\/BSC-W600-300_Block_Scissor_Clamp.jpg","contentUrl":"https:\/\/www.betonmoulds.com\/wp-content\/uploads\/2023\/06\/BSC-W600-300_Block_Scissor_Clamp.jpg","width":900,"height":900,"caption":"Pince de levage m\u00e9canique 600-300"},{"@type":"BreadcrumbList","@id":"https:\/\/www.betonmoulds.com\/fr\/product\/pince-de-levage-mecanique-600-300\/#breadcrumb","itemListElement":[{"@type":"ListItem","position":1,"name":"Home","item":"https:\/\/www.betonmoulds.com\/fr\/"},{"@type":"ListItem","position":2,"name":"Boutique","item":"https:\/\/www.betonmoulds.com\/it\/negozio\/"},{"@type":"ListItem","position":3,"name":"Pince \u00e0 blocs de b\u00e9ton 600-300"}]},{"@type":"WebSite","@id":"https:\/\/www.betonmoulds.com\/fr\/#website","url":"https:\/\/www.betonmoulds.com\/fr\/","name":"BETONMOULDS","description":"Upcycle leftover concrete","potentialAction":[{"@type":"SearchAction","target":{"@type":"EntryPoint","urlTemplate":"https:\/\/www.betonmoulds.com\/fr\/?s={search_term_string}"},"query-input":{"@type":"PropertyValueSpecification","valueRequired":true,"valueName":"search_term_string"}}],"inLanguage":"fr-FR"}]}},"_links":{"self":[{"href":"https:\/\/www.betonmoulds.com\/fr\/wp-json\/wp\/v2\/product\/5118","targetHints":{"allow":["GET"]}}],"collection":[{"href":"https:\/\/www.betonmoulds.com\/fr\/wp-json\/wp\/v2\/product"}],"about":[{"href":"https:\/\/www.betonmoulds.com\/fr\/wp-json\/wp\/v2\/types\/product"}],"wp:featuredmedia":[{"embeddable":true,"href":"https:\/\/www.betonmoulds.com\/fr\/wp-json\/wp\/v2\/media\/4590"}],"wp:attachment":[{"href":"https:\/\/www.betonmoulds.com\/fr\/wp-json\/wp\/v2\/media?parent=5118"}],"wp:term":[{"taxonomy":"product_brand","embeddable":true,"href":"https:\/\/www.betonmoulds.com\/fr\/wp-json\/wp\/v2\/product_brand?post=5118"},{"taxonomy":"product_cat","embeddable":true,"href":"https:\/\/www.betonmoulds.com\/fr\/wp-json\/wp\/v2\/product_cat?post=5118"},{"taxonomy":"product_tag","embeddable":true,"href":"https:\/\/www.betonmoulds.com\/fr\/wp-json\/wp\/v2\/product_tag?post=5118"}],"curies":[{"name":"wp","href":"https:\/\/api.w.org\/{rel}","templated":true}]}}