{"id":12236,"date":"2026-02-24T10:42:21","date_gmt":"2026-02-24T10:42:21","guid":{"rendered":"https:\/\/www.betonmoulds.com\/product\/concrete-block-mould-40-20-20\/"},"modified":"2026-03-19T15:46:14","modified_gmt":"2026-03-19T15:46:14","slug":"bb-40-20-20-sn","status":"publish","type":"product","link":"https:\/\/www.betonmoulds.com\/fr\/product\/bb-40-20-20-sn\/","title":{"rendered":"Moule pour blocs en b\u00e9ton 40\u00d720\u00d720"},"content":{"rendered":"","protected":false},"excerpt":{"rendered":"<p>Ce moule est con\u00e7u pour produire de petits <a href=\"https:\/\/www.betonmoulds.com\/fr\/utilisations-des-blocs-de-beton\/\"><strong>blocs b\u00e9ton embo\u00eetables<\/strong><\/a> de 40\u00d720\u00d720\u202fcm, id\u00e9al pour les projets de construction de petite taille. L\u2019utilisation de l\u2019insert optionnel de 20\u00d720\u202fcm permet de fabriquer des demi-blocs pour des motifs de mur en demi-brique. Les poign\u00e9es int\u00e9gr\u00e9es et amovibles facilitent le levage et la manipulation, tandis que les plots et r\u00e9servations embo\u00eetables assurent un empilement s\u00fbr et la compatibilit\u00e9 avec d\u2019autres formats de blocs. Son design compact et l\u00e9ger rend le moule facile \u00e0 d\u00e9placer et \u00e0 utiliser directement sur chantier. Ces petits blocs b\u00e9ton simplifient la construction et la modification de structures temporaires et permanentes.<\/p>\n","protected":false},"featured_media":12219,"template":"","meta":[],"product_brand":[],"product_cat":[223],"product_tag":[],"class_list":{"0":"post-12236","1":"product","2":"type-product","3":"status-publish","4":"has-post-thumbnail","6":"product_cat-moules-de-base","8":"first","9":"instock","10":"shipping-taxable","11":"purchasable","12":"product-type-simple"},"yoast_head":"<!-- This site is optimized with the Yoast SEO plugin v27.4 - https:\/\/yoast.com\/product\/yoast-seo-wordpress\/ -->\n<title>Moule pour blocs en b\u00e9ton 40\u00d720\u00d720 - BETONMOULDS<\/title>\n<meta name=\"robots\" content=\"index, follow, max-snippet:-1, max-image-preview:large, max-video-preview:-1\" \/>\n<link rel=\"canonical\" href=\"https:\/\/www.betonmoulds.com\/fr\/product\/bb-40-20-20-sn\/\" \/>\n<meta property=\"og:locale\" content=\"fr_FR\" \/>\n<meta property=\"og:type\" content=\"article\" \/>\n<meta property=\"og:title\" content=\"Moule pour blocs en b\u00e9ton 40\u00d720\u00d720 - BETONMOULDS\" \/>\n<meta property=\"og:description\" content=\"Ce moule est con\u00e7u pour produire de petits blocs b\u00e9ton embo\u00eetables de 40\u00d720\u00d720\u202fcm, id\u00e9al pour les projets de construction de petite taille. L\u2019utilisation de l\u2019insert optionnel de 20\u00d720\u202fcm permet de fabriquer des demi-blocs pour des motifs de mur en demi-brique. Les poign\u00e9es int\u00e9gr\u00e9es et amovibles facilitent le levage et la manipulation, tandis que les plots et r\u00e9servations embo\u00eetables assurent un empilement s\u00fbr et la compatibilit\u00e9 avec d\u2019autres formats de blocs. Son design compact et l\u00e9ger rend le moule facile \u00e0 d\u00e9placer et \u00e0 utiliser directement sur chantier. Ces petits blocs b\u00e9ton simplifient la construction et la modification de structures temporaires et permanentes.\" \/>\n<meta property=\"og:url\" content=\"https:\/\/www.betonmoulds.com\/fr\/product\/bb-40-20-20-sn\/\" \/>\n<meta property=\"og:site_name\" content=\"BETONMOULDS\" \/>\n<meta property=\"article:modified_time\" content=\"2026-03-19T15:46:14+00:00\" \/>\n<meta property=\"og:image\" content=\"https:\/\/www.betonmoulds.com\/wp-content\/uploads\/2026\/02\/mini-concrete-interlocking-mould-40x20x20-cm.webp\" \/>\n\t<meta property=\"og:image:width\" content=\"1181\" \/>\n\t<meta property=\"og:image:height\" content=\"1181\" \/>\n\t<meta property=\"og:image:type\" content=\"image\/webp\" \/>\n<meta name=\"twitter:card\" content=\"summary_large_image\" \/>\n<meta name=\"twitter:label1\" content=\"Dur\u00e9e de lecture estim\u00e9e\" \/>\n\t<meta name=\"twitter:data1\" content=\"1 minute\" \/>\n<script type=\"application\/ld+json\" class=\"yoast-schema-graph\">{\"@context\":\"https:\\\/\\\/schema.org\",\"@graph\":[{\"@type\":\"WebPage\",\"@id\":\"https:\\\/\\\/www.betonmoulds.com\\\/fr\\\/product\\\/bb-40-20-20-sn\\\/\",\"url\":\"https:\\\/\\\/www.betonmoulds.com\\\/fr\\\/product\\\/bb-40-20-20-sn\\\/\",\"name\":\"Moule pour blocs en b\u00e9ton 40\u00d720\u00d720 - BETONMOULDS\",\"isPartOf\":{\"@id\":\"https:\\\/\\\/www.betonmoulds.com\\\/fr\\\/#website\"},\"primaryImageOfPage\":{\"@id\":\"https:\\\/\\\/www.betonmoulds.com\\\/fr\\\/product\\\/bb-40-20-20-sn\\\/#primaryimage\"},\"image\":{\"@id\":\"https:\\\/\\\/www.betonmoulds.com\\\/fr\\\/product\\\/bb-40-20-20-sn\\\/#primaryimage\"},\"thumbnailUrl\":\"https:\\\/\\\/www.betonmoulds.com\\\/wp-content\\\/uploads\\\/2026\\\/02\\\/mini-concrete-interlocking-mould-40x20x20-cm.webp\",\"datePublished\":\"2026-02-24T10:42:21+00:00\",\"dateModified\":\"2026-03-19T15:46:14+00:00\",\"breadcrumb\":{\"@id\":\"https:\\\/\\\/www.betonmoulds.com\\\/fr\\\/product\\\/bb-40-20-20-sn\\\/#breadcrumb\"},\"inLanguage\":\"fr-FR\",\"potentialAction\":[{\"@type\":\"ReadAction\",\"target\":[\"https:\\\/\\\/www.betonmoulds.com\\\/fr\\\/product\\\/bb-40-20-20-sn\\\/\"]}]},{\"@type\":\"ImageObject\",\"inLanguage\":\"fr-FR\",\"@id\":\"https:\\\/\\\/www.betonmoulds.com\\\/fr\\\/product\\\/bb-40-20-20-sn\\\/#primaryimage\",\"url\":\"https:\\\/\\\/www.betonmoulds.com\\\/wp-content\\\/uploads\\\/2026\\\/02\\\/mini-concrete-interlocking-mould-40x20x20-cm.webp\",\"contentUrl\":\"https:\\\/\\\/www.betonmoulds.com\\\/wp-content\\\/uploads\\\/2026\\\/02\\\/mini-concrete-interlocking-mould-40x20x20-cm.webp\",\"width\":1181,\"height\":1181,\"caption\":\"mini concrete interlocking mould 40x20x20 cm\"},{\"@type\":\"BreadcrumbList\",\"@id\":\"https:\\\/\\\/www.betonmoulds.com\\\/fr\\\/product\\\/bb-40-20-20-sn\\\/#breadcrumb\",\"itemListElement\":[{\"@type\":\"ListItem\",\"position\":1,\"name\":\"Home\",\"item\":\"https:\\\/\\\/www.betonmoulds.com\\\/fr\\\/\"},{\"@type\":\"ListItem\",\"position\":2,\"name\":\"Boutique\",\"item\":\"https:\\\/\\\/www.betonmoulds.com\\\/it\\\/negozio\\\/\"},{\"@type\":\"ListItem\",\"position\":3,\"name\":\"Moule pour blocs en b\u00e9ton 40\u00d720\u00d720\"}]},{\"@type\":\"WebSite\",\"@id\":\"https:\\\/\\\/www.betonmoulds.com\\\/fr\\\/#website\",\"url\":\"https:\\\/\\\/www.betonmoulds.com\\\/fr\\\/\",\"name\":\"BETONMOULDS\",\"description\":\"Upcycle leftover concrete\",\"potentialAction\":[{\"@type\":\"SearchAction\",\"target\":{\"@type\":\"EntryPoint\",\"urlTemplate\":\"https:\\\/\\\/www.betonmoulds.com\\\/fr\\\/?s={search_term_string}\"},\"query-input\":{\"@type\":\"PropertyValueSpecification\",\"valueRequired\":true,\"valueName\":\"search_term_string\"}}],\"inLanguage\":\"fr-FR\"}]}<\/script>\n<!-- \/ Yoast SEO plugin. -->","yoast_head_json":{"title":"Moule pour blocs en b\u00e9ton 40\u00d720\u00d720 - BETONMOULDS","robots":{"index":"index","follow":"follow","max-snippet":"max-snippet:-1","max-image-preview":"max-image-preview:large","max-video-preview":"max-video-preview:-1"},"canonical":"https:\/\/www.betonmoulds.com\/fr\/product\/bb-40-20-20-sn\/","og_locale":"fr_FR","og_type":"article","og_title":"Moule pour blocs en b\u00e9ton 40\u00d720\u00d720 - BETONMOULDS","og_description":"Ce moule est con\u00e7u pour produire de petits blocs b\u00e9ton embo\u00eetables de 40\u00d720\u00d720\u202fcm, id\u00e9al pour les projets de construction de petite taille. L\u2019utilisation de l\u2019insert optionnel de 20\u00d720\u202fcm permet de fabriquer des demi-blocs pour des motifs de mur en demi-brique. Les poign\u00e9es int\u00e9gr\u00e9es et amovibles facilitent le levage et la manipulation, tandis que les plots et r\u00e9servations embo\u00eetables assurent un empilement s\u00fbr et la compatibilit\u00e9 avec d\u2019autres formats de blocs. Son design compact et l\u00e9ger rend le moule facile \u00e0 d\u00e9placer et \u00e0 utiliser directement sur chantier. Ces petits blocs b\u00e9ton simplifient la construction et la modification de structures temporaires et permanentes.","og_url":"https:\/\/www.betonmoulds.com\/fr\/product\/bb-40-20-20-sn\/","og_site_name":"BETONMOULDS","article_modified_time":"2026-03-19T15:46:14+00:00","og_image":[{"width":1181,"height":1181,"url":"https:\/\/www.betonmoulds.com\/wp-content\/uploads\/2026\/02\/mini-concrete-interlocking-mould-40x20x20-cm.webp","type":"image\/webp"}],"twitter_card":"summary_large_image","twitter_misc":{"Dur\u00e9e de lecture estim\u00e9e":"1 minute"},"schema":{"@context":"https:\/\/schema.org","@graph":[{"@type":"WebPage","@id":"https:\/\/www.betonmoulds.com\/fr\/product\/bb-40-20-20-sn\/","url":"https:\/\/www.betonmoulds.com\/fr\/product\/bb-40-20-20-sn\/","name":"Moule pour blocs en b\u00e9ton 40\u00d720\u00d720 - BETONMOULDS","isPartOf":{"@id":"https:\/\/www.betonmoulds.com\/fr\/#website"},"primaryImageOfPage":{"@id":"https:\/\/www.betonmoulds.com\/fr\/product\/bb-40-20-20-sn\/#primaryimage"},"image":{"@id":"https:\/\/www.betonmoulds.com\/fr\/product\/bb-40-20-20-sn\/#primaryimage"},"thumbnailUrl":"https:\/\/www.betonmoulds.com\/wp-content\/uploads\/2026\/02\/mini-concrete-interlocking-mould-40x20x20-cm.webp","datePublished":"2026-02-24T10:42:21+00:00","dateModified":"2026-03-19T15:46:14+00:00","breadcrumb":{"@id":"https:\/\/www.betonmoulds.com\/fr\/product\/bb-40-20-20-sn\/#breadcrumb"},"inLanguage":"fr-FR","potentialAction":[{"@type":"ReadAction","target":["https:\/\/www.betonmoulds.com\/fr\/product\/bb-40-20-20-sn\/"]}]},{"@type":"ImageObject","inLanguage":"fr-FR","@id":"https:\/\/www.betonmoulds.com\/fr\/product\/bb-40-20-20-sn\/#primaryimage","url":"https:\/\/www.betonmoulds.com\/wp-content\/uploads\/2026\/02\/mini-concrete-interlocking-mould-40x20x20-cm.webp","contentUrl":"https:\/\/www.betonmoulds.com\/wp-content\/uploads\/2026\/02\/mini-concrete-interlocking-mould-40x20x20-cm.webp","width":1181,"height":1181,"caption":"mini concrete interlocking mould 40x20x20 cm"},{"@type":"BreadcrumbList","@id":"https:\/\/www.betonmoulds.com\/fr\/product\/bb-40-20-20-sn\/#breadcrumb","itemListElement":[{"@type":"ListItem","position":1,"name":"Home","item":"https:\/\/www.betonmoulds.com\/fr\/"},{"@type":"ListItem","position":2,"name":"Boutique","item":"https:\/\/www.betonmoulds.com\/it\/negozio\/"},{"@type":"ListItem","position":3,"name":"Moule pour blocs en b\u00e9ton 40\u00d720\u00d720"}]},{"@type":"WebSite","@id":"https:\/\/www.betonmoulds.com\/fr\/#website","url":"https:\/\/www.betonmoulds.com\/fr\/","name":"BETONMOULDS","description":"Upcycle leftover concrete","potentialAction":[{"@type":"SearchAction","target":{"@type":"EntryPoint","urlTemplate":"https:\/\/www.betonmoulds.com\/fr\/?s={search_term_string}"},"query-input":{"@type":"PropertyValueSpecification","valueRequired":true,"valueName":"search_term_string"}}],"inLanguage":"fr-FR"}]}},"_links":{"self":[{"href":"https:\/\/www.betonmoulds.com\/fr\/wp-json\/wp\/v2\/product\/12236","targetHints":{"allow":["GET"]}}],"collection":[{"href":"https:\/\/www.betonmoulds.com\/fr\/wp-json\/wp\/v2\/product"}],"about":[{"href":"https:\/\/www.betonmoulds.com\/fr\/wp-json\/wp\/v2\/types\/product"}],"wp:featuredmedia":[{"embeddable":true,"href":"https:\/\/www.betonmoulds.com\/fr\/wp-json\/wp\/v2\/media\/12219"}],"wp:attachment":[{"href":"https:\/\/www.betonmoulds.com\/fr\/wp-json\/wp\/v2\/media?parent=12236"}],"wp:term":[{"taxonomy":"product_brand","embeddable":true,"href":"https:\/\/www.betonmoulds.com\/fr\/wp-json\/wp\/v2\/product_brand?post=12236"},{"taxonomy":"product_cat","embeddable":true,"href":"https:\/\/www.betonmoulds.com\/fr\/wp-json\/wp\/v2\/product_cat?post=12236"},{"taxonomy":"product_tag","embeddable":true,"href":"https:\/\/www.betonmoulds.com\/fr\/wp-json\/wp\/v2\/product_tag?post=12236"}],"curies":[{"name":"wp","href":"https:\/\/api.w.org\/{rel}","templated":true}]}}