{"id":11864,"date":"2026-01-22T13:17:14","date_gmt":"2026-01-22T13:17:14","guid":{"rendered":"https:\/\/www.betonmoulds.com\/?post_type=product&#038;p=11864"},"modified":"2026-03-19T15:41:48","modified_gmt":"2026-03-19T15:41:48","slug":"cles-de-levage-pour-dalles-en-beton","status":"publish","type":"product","link":"https:\/\/www.betonmoulds.com\/fr\/product\/cles-de-levage-pour-dalles-en-beton\/","title":{"rendered":"Cl\u00e9s de levage pour dalles en b\u00e9ton"},"content":{"rendered":"","protected":false},"excerpt":{"rendered":"<p>Ce produit se compose de deux cl\u00e9s en acier robustes con\u00e7ues pour lever et transporter de<a href=\"https:\/\/www.betonmoulds.com\/fr\/utilisations-des-dalles-de-beton\/\"><strong> grandes dalles en b\u00e9ton<\/strong><\/a>, commun\u00e9ment appel\u00e9es dalles Stelcon. Ces cl\u00e9s de levage sont sp\u00e9cialement con\u00e7ues pour \u00eatre utilis\u00e9es avec des dalles en b\u00e9ton comportant deux encoches standard de 55 x 25 mm r\u00e9alis\u00e9es \u00e0 l&rsquo;aide de <a href=\"https:\/\/www.betonmoulds.com\/fr\/categorie-produit\/dalles-de-pavage-en-beton\/profiles-coules\/\"><strong>profils int\u00e9gr\u00e9s<\/strong><\/a>.<\/p>\n<ul>\n<li>Vendu en ensemble de deux<\/li>\n<li>Capacit\u00e9 de levage<strong> :<\/strong> 800 kg par cl\u00e9 \/ 1600 kg par jeu<\/li>\n<li>Dimensions : 320 x 82 x 20 mm (longueur x largeur x \u00e9paisseur)<\/li>\n<\/ul>\n<p>Assurez-vous que tout l&rsquo;\u00e9quipement de levage et les outils r\u00e9pondent aux normes de s\u00e9curit\u00e9 n\u00e9cessaires et aux r\u00e9glementations pour manipuler des charges lourdes. Voici un guide concis sur la mani\u00e8re d&rsquo;utiliser en toute s\u00e9curit\u00e9 les cl\u00e9s de levage pour dalles en b\u00e9ton :<\/p>\n<ol>\n<li>Ins\u00e9rez les cl\u00e9s de levage dans les encoches des dalles en b\u00e9ton, r\u00e9alis\u00e9es \u00e0 l&rsquo;aide du profil int\u00e9gr\u00e9.<\/li>\n<li>Tournez les cl\u00e9s de levage d&rsquo;un quart de tour.<\/li>\n<li>Fixez les cl\u00e9s de levage pour emp\u00eacher toute rotation pendant le levage, en utilisant soit une tige en acier ins\u00e9r\u00e9e dans les yeux de la cl\u00e9, soit une poutre de levage \u00e9carteuse.<\/li>\n<li>Attachez fermement l&rsquo;\u00e9quipement de levage aux cl\u00e9s de levage.<\/li>\n<\/ol>\n","protected":false},"featured_media":11853,"template":"","meta":[],"product_brand":[],"product_cat":[374],"product_tag":[],"class_list":{"0":"post-11864","1":"product","2":"type-product","3":"status-publish","4":"has-post-thumbnail","6":"product_cat-transport-dalles","8":"first","9":"instock","10":"shipping-taxable","11":"purchasable","12":"product-type-simple"},"yoast_head":"<!-- This site is optimized with the Yoast SEO plugin v27.4 - https:\/\/yoast.com\/product\/yoast-seo-wordpress\/ -->\n<title>Cl\u00e9s de levage pour dalles en b\u00e9ton - BETONMOULDS<\/title>\n<meta name=\"robots\" content=\"index, follow, max-snippet:-1, max-image-preview:large, max-video-preview:-1\" \/>\n<link rel=\"canonical\" href=\"https:\/\/www.betonmoulds.com\/fr\/product\/cles-de-levage-pour-dalles-en-beton\/\" \/>\n<meta property=\"og:locale\" content=\"fr_FR\" \/>\n<meta property=\"og:type\" content=\"article\" \/>\n<meta property=\"og:title\" content=\"Cl\u00e9s de levage pour dalles en b\u00e9ton - BETONMOULDS\" \/>\n<meta property=\"og:description\" content=\"Ce produit se compose de deux cl\u00e9s en acier robustes con\u00e7ues pour lever et transporter de grandes dalles en b\u00e9ton, commun\u00e9ment appel\u00e9es dalles Stelcon. Ces cl\u00e9s de levage sont sp\u00e9cialement con\u00e7ues pour \u00eatre utilis\u00e9es avec des dalles en b\u00e9ton comportant deux encoches standard de 55 x 25 mm r\u00e9alis\u00e9es \u00e0 l&#039;aide de profils int\u00e9gr\u00e9s.   Vendu en ensemble de deux  Capacit\u00e9 de levage : 800 kg par cl\u00e9 \/ 1600 kg par jeu  Dimensions : 320 x 82 x 20 mm (longueur x largeur x \u00e9paisseur)  Assurez-vous que tout l&#039;\u00e9quipement de levage et les outils r\u00e9pondent aux normes de s\u00e9curit\u00e9 n\u00e9cessaires et aux r\u00e9glementations pour manipuler des charges lourdes. Voici un guide concis sur la mani\u00e8re d&#039;utiliser en toute s\u00e9curit\u00e9 les cl\u00e9s de levage pour dalles en b\u00e9ton :   Ins\u00e9rez les cl\u00e9s de levage dans les encoches des dalles en b\u00e9ton, r\u00e9alis\u00e9es \u00e0 l&#039;aide du profil int\u00e9gr\u00e9.  Tournez les cl\u00e9s de levage d&#039;un quart de tour.  Fixez les cl\u00e9s de levage pour emp\u00eacher toute rotation pendant le levage, en utilisant soit une tige en acier ins\u00e9r\u00e9e dans les yeux de la cl\u00e9, soit une poutre de levage \u00e9carteuse.  Attachez fermement l&#039;\u00e9quipement de levage aux cl\u00e9s de levage.\" \/>\n<meta property=\"og:url\" content=\"https:\/\/www.betonmoulds.com\/fr\/product\/cles-de-levage-pour-dalles-en-beton\/\" \/>\n<meta property=\"og:site_name\" content=\"BETONMOULDS\" \/>\n<meta property=\"article:modified_time\" content=\"2026-03-19T15:41:48+00:00\" \/>\n<meta property=\"og:image\" content=\"https:\/\/www.betonmoulds.com\/wp-content\/uploads\/2026\/01\/Slab-lifting-keys.jpg\" \/>\n\t<meta property=\"og:image:width\" content=\"900\" \/>\n\t<meta property=\"og:image:height\" content=\"900\" \/>\n\t<meta property=\"og:image:type\" content=\"image\/jpeg\" \/>\n<meta name=\"twitter:card\" content=\"summary_large_image\" \/>\n<meta name=\"twitter:label1\" content=\"Dur\u00e9e de lecture estim\u00e9e\" \/>\n\t<meta name=\"twitter:data1\" content=\"1 minute\" \/>\n<script type=\"application\/ld+json\" class=\"yoast-schema-graph\">{\"@context\":\"https:\\\/\\\/schema.org\",\"@graph\":[{\"@type\":\"WebPage\",\"@id\":\"https:\\\/\\\/www.betonmoulds.com\\\/fr\\\/product\\\/cles-de-levage-pour-dalles-en-beton\\\/\",\"url\":\"https:\\\/\\\/www.betonmoulds.com\\\/fr\\\/product\\\/cles-de-levage-pour-dalles-en-beton\\\/\",\"name\":\"Cl\u00e9s de levage pour dalles en b\u00e9ton - BETONMOULDS\",\"isPartOf\":{\"@id\":\"https:\\\/\\\/www.betonmoulds.com\\\/fr\\\/#website\"},\"primaryImageOfPage\":{\"@id\":\"https:\\\/\\\/www.betonmoulds.com\\\/fr\\\/product\\\/cles-de-levage-pour-dalles-en-beton\\\/#primaryimage\"},\"image\":{\"@id\":\"https:\\\/\\\/www.betonmoulds.com\\\/fr\\\/product\\\/cles-de-levage-pour-dalles-en-beton\\\/#primaryimage\"},\"thumbnailUrl\":\"https:\\\/\\\/www.betonmoulds.com\\\/wp-content\\\/uploads\\\/2026\\\/01\\\/Slab-lifting-keys.jpg\",\"datePublished\":\"2026-01-22T13:17:14+00:00\",\"dateModified\":\"2026-03-19T15:41:48+00:00\",\"breadcrumb\":{\"@id\":\"https:\\\/\\\/www.betonmoulds.com\\\/fr\\\/product\\\/cles-de-levage-pour-dalles-en-beton\\\/#breadcrumb\"},\"inLanguage\":\"fr-FR\",\"potentialAction\":[{\"@type\":\"ReadAction\",\"target\":[\"https:\\\/\\\/www.betonmoulds.com\\\/fr\\\/product\\\/cles-de-levage-pour-dalles-en-beton\\\/\"]}]},{\"@type\":\"ImageObject\",\"inLanguage\":\"fr-FR\",\"@id\":\"https:\\\/\\\/www.betonmoulds.com\\\/fr\\\/product\\\/cles-de-levage-pour-dalles-en-beton\\\/#primaryimage\",\"url\":\"https:\\\/\\\/www.betonmoulds.com\\\/wp-content\\\/uploads\\\/2026\\\/01\\\/Slab-lifting-keys.jpg\",\"contentUrl\":\"https:\\\/\\\/www.betonmoulds.com\\\/wp-content\\\/uploads\\\/2026\\\/01\\\/Slab-lifting-keys.jpg\",\"width\":900,\"height\":900,\"caption\":\"Cl\u00e9s de levage pour dalles\"},{\"@type\":\"BreadcrumbList\",\"@id\":\"https:\\\/\\\/www.betonmoulds.com\\\/fr\\\/product\\\/cles-de-levage-pour-dalles-en-beton\\\/#breadcrumb\",\"itemListElement\":[{\"@type\":\"ListItem\",\"position\":1,\"name\":\"Home\",\"item\":\"https:\\\/\\\/www.betonmoulds.com\\\/fr\\\/\"},{\"@type\":\"ListItem\",\"position\":2,\"name\":\"Boutique\",\"item\":\"https:\\\/\\\/www.betonmoulds.com\\\/it\\\/negozio\\\/\"},{\"@type\":\"ListItem\",\"position\":3,\"name\":\"Cl\u00e9s de levage pour dalles en b\u00e9ton\"}]},{\"@type\":\"WebSite\",\"@id\":\"https:\\\/\\\/www.betonmoulds.com\\\/fr\\\/#website\",\"url\":\"https:\\\/\\\/www.betonmoulds.com\\\/fr\\\/\",\"name\":\"BETONMOULDS\",\"description\":\"Upcycle leftover concrete\",\"potentialAction\":[{\"@type\":\"SearchAction\",\"target\":{\"@type\":\"EntryPoint\",\"urlTemplate\":\"https:\\\/\\\/www.betonmoulds.com\\\/fr\\\/?s={search_term_string}\"},\"query-input\":{\"@type\":\"PropertyValueSpecification\",\"valueRequired\":true,\"valueName\":\"search_term_string\"}}],\"inLanguage\":\"fr-FR\"}]}<\/script>\n<!-- \/ Yoast SEO plugin. -->","yoast_head_json":{"title":"Cl\u00e9s de levage pour dalles en b\u00e9ton - BETONMOULDS","robots":{"index":"index","follow":"follow","max-snippet":"max-snippet:-1","max-image-preview":"max-image-preview:large","max-video-preview":"max-video-preview:-1"},"canonical":"https:\/\/www.betonmoulds.com\/fr\/product\/cles-de-levage-pour-dalles-en-beton\/","og_locale":"fr_FR","og_type":"article","og_title":"Cl\u00e9s de levage pour dalles en b\u00e9ton - BETONMOULDS","og_description":"Ce produit se compose de deux cl\u00e9s en acier robustes con\u00e7ues pour lever et transporter de grandes dalles en b\u00e9ton, commun\u00e9ment appel\u00e9es dalles Stelcon. Ces cl\u00e9s de levage sont sp\u00e9cialement con\u00e7ues pour \u00eatre utilis\u00e9es avec des dalles en b\u00e9ton comportant deux encoches standard de 55 x 25 mm r\u00e9alis\u00e9es \u00e0 l'aide de profils int\u00e9gr\u00e9s.   Vendu en ensemble de deux  Capacit\u00e9 de levage : 800 kg par cl\u00e9 \/ 1600 kg par jeu  Dimensions : 320 x 82 x 20 mm (longueur x largeur x \u00e9paisseur)  Assurez-vous que tout l'\u00e9quipement de levage et les outils r\u00e9pondent aux normes de s\u00e9curit\u00e9 n\u00e9cessaires et aux r\u00e9glementations pour manipuler des charges lourdes. Voici un guide concis sur la mani\u00e8re d'utiliser en toute s\u00e9curit\u00e9 les cl\u00e9s de levage pour dalles en b\u00e9ton :   Ins\u00e9rez les cl\u00e9s de levage dans les encoches des dalles en b\u00e9ton, r\u00e9alis\u00e9es \u00e0 l'aide du profil int\u00e9gr\u00e9.  Tournez les cl\u00e9s de levage d'un quart de tour.  Fixez les cl\u00e9s de levage pour emp\u00eacher toute rotation pendant le levage, en utilisant soit une tige en acier ins\u00e9r\u00e9e dans les yeux de la cl\u00e9, soit une poutre de levage \u00e9carteuse.  Attachez fermement l'\u00e9quipement de levage aux cl\u00e9s de levage.","og_url":"https:\/\/www.betonmoulds.com\/fr\/product\/cles-de-levage-pour-dalles-en-beton\/","og_site_name":"BETONMOULDS","article_modified_time":"2026-03-19T15:41:48+00:00","og_image":[{"width":900,"height":900,"url":"https:\/\/www.betonmoulds.com\/wp-content\/uploads\/2026\/01\/Slab-lifting-keys.jpg","type":"image\/jpeg"}],"twitter_card":"summary_large_image","twitter_misc":{"Dur\u00e9e de lecture estim\u00e9e":"1 minute"},"schema":{"@context":"https:\/\/schema.org","@graph":[{"@type":"WebPage","@id":"https:\/\/www.betonmoulds.com\/fr\/product\/cles-de-levage-pour-dalles-en-beton\/","url":"https:\/\/www.betonmoulds.com\/fr\/product\/cles-de-levage-pour-dalles-en-beton\/","name":"Cl\u00e9s de levage pour dalles en b\u00e9ton - BETONMOULDS","isPartOf":{"@id":"https:\/\/www.betonmoulds.com\/fr\/#website"},"primaryImageOfPage":{"@id":"https:\/\/www.betonmoulds.com\/fr\/product\/cles-de-levage-pour-dalles-en-beton\/#primaryimage"},"image":{"@id":"https:\/\/www.betonmoulds.com\/fr\/product\/cles-de-levage-pour-dalles-en-beton\/#primaryimage"},"thumbnailUrl":"https:\/\/www.betonmoulds.com\/wp-content\/uploads\/2026\/01\/Slab-lifting-keys.jpg","datePublished":"2026-01-22T13:17:14+00:00","dateModified":"2026-03-19T15:41:48+00:00","breadcrumb":{"@id":"https:\/\/www.betonmoulds.com\/fr\/product\/cles-de-levage-pour-dalles-en-beton\/#breadcrumb"},"inLanguage":"fr-FR","potentialAction":[{"@type":"ReadAction","target":["https:\/\/www.betonmoulds.com\/fr\/product\/cles-de-levage-pour-dalles-en-beton\/"]}]},{"@type":"ImageObject","inLanguage":"fr-FR","@id":"https:\/\/www.betonmoulds.com\/fr\/product\/cles-de-levage-pour-dalles-en-beton\/#primaryimage","url":"https:\/\/www.betonmoulds.com\/wp-content\/uploads\/2026\/01\/Slab-lifting-keys.jpg","contentUrl":"https:\/\/www.betonmoulds.com\/wp-content\/uploads\/2026\/01\/Slab-lifting-keys.jpg","width":900,"height":900,"caption":"Cl\u00e9s de levage pour dalles"},{"@type":"BreadcrumbList","@id":"https:\/\/www.betonmoulds.com\/fr\/product\/cles-de-levage-pour-dalles-en-beton\/#breadcrumb","itemListElement":[{"@type":"ListItem","position":1,"name":"Home","item":"https:\/\/www.betonmoulds.com\/fr\/"},{"@type":"ListItem","position":2,"name":"Boutique","item":"https:\/\/www.betonmoulds.com\/it\/negozio\/"},{"@type":"ListItem","position":3,"name":"Cl\u00e9s de levage pour dalles en b\u00e9ton"}]},{"@type":"WebSite","@id":"https:\/\/www.betonmoulds.com\/fr\/#website","url":"https:\/\/www.betonmoulds.com\/fr\/","name":"BETONMOULDS","description":"Upcycle leftover concrete","potentialAction":[{"@type":"SearchAction","target":{"@type":"EntryPoint","urlTemplate":"https:\/\/www.betonmoulds.com\/fr\/?s={search_term_string}"},"query-input":{"@type":"PropertyValueSpecification","valueRequired":true,"valueName":"search_term_string"}}],"inLanguage":"fr-FR"}]}},"_links":{"self":[{"href":"https:\/\/www.betonmoulds.com\/fr\/wp-json\/wp\/v2\/product\/11864","targetHints":{"allow":["GET"]}}],"collection":[{"href":"https:\/\/www.betonmoulds.com\/fr\/wp-json\/wp\/v2\/product"}],"about":[{"href":"https:\/\/www.betonmoulds.com\/fr\/wp-json\/wp\/v2\/types\/product"}],"wp:featuredmedia":[{"embeddable":true,"href":"https:\/\/www.betonmoulds.com\/fr\/wp-json\/wp\/v2\/media\/11853"}],"wp:attachment":[{"href":"https:\/\/www.betonmoulds.com\/fr\/wp-json\/wp\/v2\/media?parent=11864"}],"wp:term":[{"taxonomy":"product_brand","embeddable":true,"href":"https:\/\/www.betonmoulds.com\/fr\/wp-json\/wp\/v2\/product_brand?post=11864"},{"taxonomy":"product_cat","embeddable":true,"href":"https:\/\/www.betonmoulds.com\/fr\/wp-json\/wp\/v2\/product_cat?post=11864"},{"taxonomy":"product_tag","embeddable":true,"href":"https:\/\/www.betonmoulds.com\/fr\/wp-json\/wp\/v2\/product_tag?post=11864"}],"curies":[{"name":"wp","href":"https:\/\/api.w.org\/{rel}","templated":true}]}}