{"id":10404,"date":"2025-02-11T09:44:11","date_gmt":"2025-02-11T09:44:11","guid":{"rendered":"https:\/\/www.betonmoulds.com\/product\/starter-package-160-40-40\/"},"modified":"2026-03-19T15:46:23","modified_gmt":"2026-03-19T15:46:23","slug":"pack-de-demarrage-160-40-40","status":"publish","type":"product","link":"https:\/\/www.betonmoulds.com\/fr\/product\/pack-de-demarrage-160-40-40\/","title":{"rendered":"Pack de d\u00e9marrage moule pour blocs b\u00e9ton 160-40-40"},"content":{"rendered":"","protected":false},"excerpt":{"rendered":"<p>Commencez facilement la production de blocs en b\u00e9ton avec notre Pack de D\u00e9marrage moule pour blocs b\u00e9ton. Ce Pack tout-en-un comprend tout ce dont vous avez besoin pour cr\u00e9er de grands blocs de b\u00e9ton embo\u00eetables :<\/p>\n<ul>\n<li><a href=\"https:\/\/www.betonmoulds.com\/fr\/product\/bb-160-40-40-bn\/\"><strong> 1x Moule \u00e0 blocs (160x40x40 cm) :<\/strong> <\/a>Con\u00e7u pour une durabilit\u00e9 \u00e0 long terme, ce moule garantit des blocs pr\u00e9cis et homog\u00e8nes \u00e0 chaque utilisation.<\/li>\n<li><a href=\"https:\/\/www.betonmoulds.com\/fr\/product\/dp-40-40\/\"><strong>1x S\u00e9parateur vertical <\/strong>:<\/a> Personnalisez vos blocs \u00e0 la longueur exacte dont vous avez besoin, offrant plus de flexibilit\u00e9 pour la construction. Produisez des blocs d&rsquo;un quart, d&rsquo;une demi ou d&rsquo;un trois-quarts de taille.<\/li>\n<li><strong> Outils de levage et accessoires<\/strong> : D\u00e9placez vos blocs en toute s\u00e9curit\u00e9 gr\u00e2ce \u00e0 l&rsquo;ensemble complet d&rsquo;accessoires de levage :\n<ul>\n<li><a href=\"https:\/\/www.betonmoulds.com\/fr\/product\/ancre-a-pied-25t\/\"><strong> 80x Ancrages pour pied<\/strong><\/a> pour s\u00e9curiser les blocs lors du levage.<\/li>\n<li><a href=\"https:\/\/www.betonmoulds.com\/fr\/product\/reservations-magnetiques-pour-ancrage-a-pied-25t\/\"><strong>2x R\u00e9servations h\u00e9misph\u00e9riques magn\u00e9tiques <\/strong><\/a>pour cr\u00e9er des fentes d&rsquo;ancrage dans le bloc de b\u00e9ton.<\/li>\n<li><a href=\"https:\/\/www.betonmoulds.com\/fr\/product\/roeillet-en-caoutchouc-pour-fixation-dancrage-a-pied-25t\/\"><strong>4x Manchette en caoutchouc <\/strong><\/a>pour fixer les ancrages pour pieds \u00e0 la place des formeurs de r\u00e9cession magn\u00e9tiques.<\/li>\n<li><a href=\"https:\/\/www.betonmoulds.com\/fr\/product\/main-de-levage-oeillet-25t\/\"><strong> 2x Main de levage<\/strong><\/a> en b\u00e9ton pour une manipulation et un levage efficaces.<\/li>\n<li><a href=\"https:\/\/www.betonmoulds.com\/fr\/product\/ouvre-moule\/\"><strong> 1x Ouvre-moule<\/strong><\/a> pour ouvrir le moule sans effort.<\/li>\n<\/ul>\n<\/li>\n<\/ul>\n<p>Commandez d\u00e8s aujourd&rsquo;hui ce kit de moules \u00e0 blocs en b\u00e9ton \u00e0 un prix r\u00e9duit !<\/p>\n","protected":false},"featured_media":10480,"template":"","meta":[],"product_brand":[],"product_cat":[612],"product_tag":[],"class_list":{"0":"post-10404","1":"product","2":"type-product","3":"status-publish","4":"has-post-thumbnail","6":"product_cat-packs-de-demarrage","8":"first","9":"instock","10":"sale","11":"shipping-taxable","12":"purchasable","13":"product-type-simple"},"yoast_head":"<!-- This site is optimized with the Yoast SEO plugin v27.4 - https:\/\/yoast.com\/product\/yoast-seo-wordpress\/ -->\n<title>Pack de d\u00e9marrage moule pour blocs b\u00e9ton 160-40-40 - BETONMOULDS<\/title>\n<meta name=\"robots\" content=\"index, follow, max-snippet:-1, max-image-preview:large, max-video-preview:-1\" \/>\n<link rel=\"canonical\" href=\"https:\/\/www.betonmoulds.com\/fr\/product\/pack-de-demarrage-160-40-40\/\" \/>\n<meta property=\"og:locale\" content=\"fr_FR\" \/>\n<meta property=\"og:type\" content=\"article\" \/>\n<meta property=\"og:title\" content=\"Pack de d\u00e9marrage moule pour blocs b\u00e9ton 160-40-40 - BETONMOULDS\" \/>\n<meta property=\"og:description\" content=\"Commencez facilement la production de blocs en b\u00e9ton avec notre Pack de D\u00e9marrage moule pour blocs b\u00e9ton. Ce Pack tout-en-un comprend tout ce dont vous avez besoin pour cr\u00e9er de grands blocs de b\u00e9ton embo\u00eetables :    1x Moule \u00e0 blocs (160x40x40 cm) : Con\u00e7u pour une durabilit\u00e9 \u00e0 long terme, ce moule garantit des blocs pr\u00e9cis et homog\u00e8nes \u00e0 chaque utilisation.  1x S\u00e9parateur vertical : Personnalisez vos blocs \u00e0 la longueur exacte dont vous avez besoin, offrant plus de flexibilit\u00e9 pour la construction. Produisez des blocs d&#039;un quart, d&#039;une demi ou d&#039;un trois-quarts de taille.   Outils de levage et accessoires : D\u00e9placez vos blocs en toute s\u00e9curit\u00e9 gr\u00e2ce \u00e0 l&#039;ensemble complet d&#039;accessoires de levage :    80x Ancrages pour pied pour s\u00e9curiser les blocs lors du levage.  2x R\u00e9servations h\u00e9misph\u00e9riques magn\u00e9tiques pour cr\u00e9er des fentes d&#039;ancrage dans le bloc de b\u00e9ton.  4x Manchette en caoutchouc pour fixer les ancrages pour pieds \u00e0 la place des formeurs de r\u00e9cession magn\u00e9tiques.   2x Main de levage en b\u00e9ton pour une manipulation et un levage efficaces.   1x Ouvre-moule pour ouvrir le moule sans effort.    Commandez d\u00e8s aujourd&#039;hui ce kit de moules \u00e0 blocs en b\u00e9ton \u00e0 un prix r\u00e9duit !\" \/>\n<meta property=\"og:url\" content=\"https:\/\/www.betonmoulds.com\/fr\/product\/pack-de-demarrage-160-40-40\/\" \/>\n<meta property=\"og:site_name\" content=\"BETONMOULDS\" \/>\n<meta property=\"article:modified_time\" content=\"2026-03-19T15:46:23+00:00\" \/>\n<meta property=\"og:image\" content=\"https:\/\/www.betonmoulds.com\/wp-content\/uploads\/2025\/02\/starter-pack-Betonmoulds-160x40x40.jpg\" \/>\n\t<meta property=\"og:image:width\" content=\"866\" \/>\n\t<meta property=\"og:image:height\" content=\"866\" \/>\n\t<meta property=\"og:image:type\" content=\"image\/jpeg\" \/>\n<meta name=\"twitter:card\" content=\"summary_large_image\" \/>\n<meta name=\"twitter:label1\" content=\"Dur\u00e9e de lecture estim\u00e9e\" \/>\n\t<meta name=\"twitter:data1\" content=\"1 minute\" \/>\n<script type=\"application\/ld+json\" class=\"yoast-schema-graph\">{\"@context\":\"https:\\\/\\\/schema.org\",\"@graph\":[{\"@type\":\"WebPage\",\"@id\":\"https:\\\/\\\/www.betonmoulds.com\\\/fr\\\/product\\\/pack-de-demarrage-160-40-40\\\/\",\"url\":\"https:\\\/\\\/www.betonmoulds.com\\\/fr\\\/product\\\/pack-de-demarrage-160-40-40\\\/\",\"name\":\"Pack de d\u00e9marrage moule pour blocs b\u00e9ton 160-40-40 - BETONMOULDS\",\"isPartOf\":{\"@id\":\"https:\\\/\\\/www.betonmoulds.com\\\/fr\\\/#website\"},\"primaryImageOfPage\":{\"@id\":\"https:\\\/\\\/www.betonmoulds.com\\\/fr\\\/product\\\/pack-de-demarrage-160-40-40\\\/#primaryimage\"},\"image\":{\"@id\":\"https:\\\/\\\/www.betonmoulds.com\\\/fr\\\/product\\\/pack-de-demarrage-160-40-40\\\/#primaryimage\"},\"thumbnailUrl\":\"https:\\\/\\\/www.betonmoulds.com\\\/wp-content\\\/uploads\\\/2025\\\/02\\\/starter-pack-Betonmoulds-160x40x40.jpg\",\"datePublished\":\"2025-02-11T09:44:11+00:00\",\"dateModified\":\"2026-03-19T15:46:23+00:00\",\"breadcrumb\":{\"@id\":\"https:\\\/\\\/www.betonmoulds.com\\\/fr\\\/product\\\/pack-de-demarrage-160-40-40\\\/#breadcrumb\"},\"inLanguage\":\"fr-FR\",\"potentialAction\":[{\"@type\":\"ReadAction\",\"target\":[\"https:\\\/\\\/www.betonmoulds.com\\\/fr\\\/product\\\/pack-de-demarrage-160-40-40\\\/\"]}]},{\"@type\":\"ImageObject\",\"inLanguage\":\"fr-FR\",\"@id\":\"https:\\\/\\\/www.betonmoulds.com\\\/fr\\\/product\\\/pack-de-demarrage-160-40-40\\\/#primaryimage\",\"url\":\"https:\\\/\\\/www.betonmoulds.com\\\/wp-content\\\/uploads\\\/2025\\\/02\\\/starter-pack-Betonmoulds-160x40x40.jpg\",\"contentUrl\":\"https:\\\/\\\/www.betonmoulds.com\\\/wp-content\\\/uploads\\\/2025\\\/02\\\/starter-pack-Betonmoulds-160x40x40.jpg\",\"width\":866,\"height\":866},{\"@type\":\"BreadcrumbList\",\"@id\":\"https:\\\/\\\/www.betonmoulds.com\\\/fr\\\/product\\\/pack-de-demarrage-160-40-40\\\/#breadcrumb\",\"itemListElement\":[{\"@type\":\"ListItem\",\"position\":1,\"name\":\"Home\",\"item\":\"https:\\\/\\\/www.betonmoulds.com\\\/fr\\\/\"},{\"@type\":\"ListItem\",\"position\":2,\"name\":\"Boutique\",\"item\":\"https:\\\/\\\/www.betonmoulds.com\\\/it\\\/negozio\\\/\"},{\"@type\":\"ListItem\",\"position\":3,\"name\":\"Pack de d\u00e9marrage moule pour blocs b\u00e9ton 160-40-40\"}]},{\"@type\":\"WebSite\",\"@id\":\"https:\\\/\\\/www.betonmoulds.com\\\/fr\\\/#website\",\"url\":\"https:\\\/\\\/www.betonmoulds.com\\\/fr\\\/\",\"name\":\"BETONMOULDS\",\"description\":\"Upcycle leftover concrete\",\"potentialAction\":[{\"@type\":\"SearchAction\",\"target\":{\"@type\":\"EntryPoint\",\"urlTemplate\":\"https:\\\/\\\/www.betonmoulds.com\\\/fr\\\/?s={search_term_string}\"},\"query-input\":{\"@type\":\"PropertyValueSpecification\",\"valueRequired\":true,\"valueName\":\"search_term_string\"}}],\"inLanguage\":\"fr-FR\"}]}<\/script>\n<!-- \/ Yoast SEO plugin. -->","yoast_head_json":{"title":"Pack de d\u00e9marrage moule pour blocs b\u00e9ton 160-40-40 - BETONMOULDS","robots":{"index":"index","follow":"follow","max-snippet":"max-snippet:-1","max-image-preview":"max-image-preview:large","max-video-preview":"max-video-preview:-1"},"canonical":"https:\/\/www.betonmoulds.com\/fr\/product\/pack-de-demarrage-160-40-40\/","og_locale":"fr_FR","og_type":"article","og_title":"Pack de d\u00e9marrage moule pour blocs b\u00e9ton 160-40-40 - BETONMOULDS","og_description":"Commencez facilement la production de blocs en b\u00e9ton avec notre Pack de D\u00e9marrage moule pour blocs b\u00e9ton. Ce Pack tout-en-un comprend tout ce dont vous avez besoin pour cr\u00e9er de grands blocs de b\u00e9ton embo\u00eetables :    1x Moule \u00e0 blocs (160x40x40 cm) : Con\u00e7u pour une durabilit\u00e9 \u00e0 long terme, ce moule garantit des blocs pr\u00e9cis et homog\u00e8nes \u00e0 chaque utilisation.  1x S\u00e9parateur vertical : Personnalisez vos blocs \u00e0 la longueur exacte dont vous avez besoin, offrant plus de flexibilit\u00e9 pour la construction. Produisez des blocs d'un quart, d'une demi ou d'un trois-quarts de taille.   Outils de levage et accessoires : D\u00e9placez vos blocs en toute s\u00e9curit\u00e9 gr\u00e2ce \u00e0 l'ensemble complet d'accessoires de levage :    80x Ancrages pour pied pour s\u00e9curiser les blocs lors du levage.  2x R\u00e9servations h\u00e9misph\u00e9riques magn\u00e9tiques pour cr\u00e9er des fentes d'ancrage dans le bloc de b\u00e9ton.  4x Manchette en caoutchouc pour fixer les ancrages pour pieds \u00e0 la place des formeurs de r\u00e9cession magn\u00e9tiques.   2x Main de levage en b\u00e9ton pour une manipulation et un levage efficaces.   1x Ouvre-moule pour ouvrir le moule sans effort.    Commandez d\u00e8s aujourd'hui ce kit de moules \u00e0 blocs en b\u00e9ton \u00e0 un prix r\u00e9duit !","og_url":"https:\/\/www.betonmoulds.com\/fr\/product\/pack-de-demarrage-160-40-40\/","og_site_name":"BETONMOULDS","article_modified_time":"2026-03-19T15:46:23+00:00","og_image":[{"width":866,"height":866,"url":"https:\/\/www.betonmoulds.com\/wp-content\/uploads\/2025\/02\/starter-pack-Betonmoulds-160x40x40.jpg","type":"image\/jpeg"}],"twitter_card":"summary_large_image","twitter_misc":{"Dur\u00e9e de lecture estim\u00e9e":"1 minute"},"schema":{"@context":"https:\/\/schema.org","@graph":[{"@type":"WebPage","@id":"https:\/\/www.betonmoulds.com\/fr\/product\/pack-de-demarrage-160-40-40\/","url":"https:\/\/www.betonmoulds.com\/fr\/product\/pack-de-demarrage-160-40-40\/","name":"Pack de d\u00e9marrage moule pour blocs b\u00e9ton 160-40-40 - BETONMOULDS","isPartOf":{"@id":"https:\/\/www.betonmoulds.com\/fr\/#website"},"primaryImageOfPage":{"@id":"https:\/\/www.betonmoulds.com\/fr\/product\/pack-de-demarrage-160-40-40\/#primaryimage"},"image":{"@id":"https:\/\/www.betonmoulds.com\/fr\/product\/pack-de-demarrage-160-40-40\/#primaryimage"},"thumbnailUrl":"https:\/\/www.betonmoulds.com\/wp-content\/uploads\/2025\/02\/starter-pack-Betonmoulds-160x40x40.jpg","datePublished":"2025-02-11T09:44:11+00:00","dateModified":"2026-03-19T15:46:23+00:00","breadcrumb":{"@id":"https:\/\/www.betonmoulds.com\/fr\/product\/pack-de-demarrage-160-40-40\/#breadcrumb"},"inLanguage":"fr-FR","potentialAction":[{"@type":"ReadAction","target":["https:\/\/www.betonmoulds.com\/fr\/product\/pack-de-demarrage-160-40-40\/"]}]},{"@type":"ImageObject","inLanguage":"fr-FR","@id":"https:\/\/www.betonmoulds.com\/fr\/product\/pack-de-demarrage-160-40-40\/#primaryimage","url":"https:\/\/www.betonmoulds.com\/wp-content\/uploads\/2025\/02\/starter-pack-Betonmoulds-160x40x40.jpg","contentUrl":"https:\/\/www.betonmoulds.com\/wp-content\/uploads\/2025\/02\/starter-pack-Betonmoulds-160x40x40.jpg","width":866,"height":866},{"@type":"BreadcrumbList","@id":"https:\/\/www.betonmoulds.com\/fr\/product\/pack-de-demarrage-160-40-40\/#breadcrumb","itemListElement":[{"@type":"ListItem","position":1,"name":"Home","item":"https:\/\/www.betonmoulds.com\/fr\/"},{"@type":"ListItem","position":2,"name":"Boutique","item":"https:\/\/www.betonmoulds.com\/it\/negozio\/"},{"@type":"ListItem","position":3,"name":"Pack de d\u00e9marrage moule pour blocs b\u00e9ton 160-40-40"}]},{"@type":"WebSite","@id":"https:\/\/www.betonmoulds.com\/fr\/#website","url":"https:\/\/www.betonmoulds.com\/fr\/","name":"BETONMOULDS","description":"Upcycle leftover concrete","potentialAction":[{"@type":"SearchAction","target":{"@type":"EntryPoint","urlTemplate":"https:\/\/www.betonmoulds.com\/fr\/?s={search_term_string}"},"query-input":{"@type":"PropertyValueSpecification","valueRequired":true,"valueName":"search_term_string"}}],"inLanguage":"fr-FR"}]}},"_links":{"self":[{"href":"https:\/\/www.betonmoulds.com\/fr\/wp-json\/wp\/v2\/product\/10404","targetHints":{"allow":["GET"]}}],"collection":[{"href":"https:\/\/www.betonmoulds.com\/fr\/wp-json\/wp\/v2\/product"}],"about":[{"href":"https:\/\/www.betonmoulds.com\/fr\/wp-json\/wp\/v2\/types\/product"}],"wp:featuredmedia":[{"embeddable":true,"href":"https:\/\/www.betonmoulds.com\/fr\/wp-json\/wp\/v2\/media\/10480"}],"wp:attachment":[{"href":"https:\/\/www.betonmoulds.com\/fr\/wp-json\/wp\/v2\/media?parent=10404"}],"wp:term":[{"taxonomy":"product_brand","embeddable":true,"href":"https:\/\/www.betonmoulds.com\/fr\/wp-json\/wp\/v2\/product_brand?post=10404"},{"taxonomy":"product_cat","embeddable":true,"href":"https:\/\/www.betonmoulds.com\/fr\/wp-json\/wp\/v2\/product_cat?post=10404"},{"taxonomy":"product_tag","embeddable":true,"href":"https:\/\/www.betonmoulds.com\/fr\/wp-json\/wp\/v2\/product_tag?post=10404"}],"curies":[{"name":"wp","href":"https:\/\/api.w.org\/{rel}","templated":true}]}}