{"id":9279,"date":"2024-02-20T15:49:39","date_gmt":"2024-02-20T15:49:39","guid":{"rendered":"https:\/\/www.betonmoulds.com\/tutorials\/how-to-make-concrete-lego-blocks\/"},"modified":"2026-02-09T08:42:42","modified_gmt":"2026-02-09T08:42:42","slug":"comment-fabriquer-des-blocs-en-beton","status":"publish","type":"page","link":"https:\/\/www.betonmoulds.com\/fr\/tutorials\/comment-fabriquer-des-blocs-en-beton\/","title":{"rendered":"Comment fabriquer des blocs en b\u00e9ton"},"content":{"rendered":"<div class=\"wpb-content-wrapper\"><p>[vc_row css=\u00a0\u00bb.vc_custom_1676998865275{margin-top: 35px !important;}\u00a0\u00bb conditional_render=\u00a0\u00bb%5B%7B%22value_role%22%3A%22administrator%22%7D%5D\u00a0\u00bb][vc_column][vc_column_text css=\u00a0\u00bb\u00a0\u00bb css_params=\u00a0\u00bb\u00a0\u00bb]<\/p>\n<p style=\"text-align: center;\"><span style=\"font-size: 25px; color: #000000;\"><strong>COMMENT FABRIQUER DES BLOCS EN B\u00c9TON EMPILABLES<\/strong><\/span><\/p>\n<p>[\/vc_column_text][\/vc_column][\/vc_row][vc_row css=\u00a0\u00bb.vc_custom_1676998783970{margin-bottom: 15px !important;}\u00a0\u00bb conditional_render=\u00a0\u00bb%5B%7B%22value_role%22%3A%22administrator%22%7D%5D\u00a0\u00bb][vc_column width=\u00a0\u00bb1\/4&Prime;][vc_single_image image=\u00a0\u00bb8227&Prime; img_size=\u00a0\u00bb500&#215;330&Prime; alignment=\u00a0\u00bbcenter\u00a0\u00bb][vc_column_text css=\u00a0\u00bb.vc_custom_1718790030267{margin-top: -15px !important;}\u00a0\u00bb]<strong>1.\u00a0Pr\u00e9parer la zone de coulage<\/strong><\/p>\n<p class=\"P68B1DB1-Standaard2\" style=\"line-height: 18.0pt; background: white;\">Commencer par cr\u00e9er une surface plane pour le coulage. Poser une plaque de contreplaqu\u00e9 ou (encore mieux) une plaque d&rsquo;acier sur le sol et placer le moule sur le dessus. Pour de meilleurs r\u00e9sultats, nous vous recommandons d&rsquo;utiliser notre<a href=\"https:\/\/www.betonmoulds.com\/fr\/product\/ct-200-130\/\"><strong> table de coul\u00e9e<\/strong><\/a> pour cr\u00e9er une surface compl\u00e8tement plane comme base pour le placement du moule. Si cela n&rsquo;a pas \u00e9t\u00e9 fait auparavant\u00a0: nettoyer soigneusement le moule avant utilisation pour \u00e9liminer les r\u00e9sidus de b\u00e9ton des moulages pr\u00e9c\u00e9dents.<\/p>\n<p>[\/vc_column_text][\/vc_column][vc_column width=\u00a0\u00bb1\/4&Prime;][vc_single_image image=\u00a0\u00bb7964&Prime; img_size=\u00a0\u00bb500&#215;330&Prime; alignment=\u00a0\u00bbcenter\u00a0\u00bb][vc_column_text css=\u00a0\u00bb.vc_custom_1770626554782{margin-top: -15px !important;}\u00a0\u00bb css_params=\u00a0\u00bb\u00a0\u00bb]<strong>2. Appliquer un agent de d\u00e9coffrage<\/strong><\/p>\n<p>Pulv\u00e9riser uniform\u00e9ment toutes les parois int\u00e9rieures du moule et la surface du sol (panneau de contreplaqu\u00e9 ou plaque d&rsquo;acier) avec de <a href=\"https:\/\/www.betonmoulds.com\/fr\/product\/huile-de-coffrage-20l\/\"><strong>l&rsquo;huile de d\u00e9coffrage pour b\u00e9ton<\/strong><\/a>\u00a0\u00e0 l&rsquo;aide d&rsquo;un\u00a0<a href=\"https:\/\/www.betonmoulds.com\/fr\/product\/pulverisateur-a-pression-professionnel\/\"><strong>pulv\u00e9risateur professionnel<\/strong><\/a>. Cette \u00e9tape est cruciale pour faciliter le d\u00e9moulage du bloc de b\u00e9ton durci. Pulv\u00e9riser l&rsquo;ext\u00e9rieur du moule lors de sa premi\u00e8re utilisation augmentera sa long\u00e9vit\u00e9.[\/vc_column_text][\/vc_column][vc_column width=\u00a0\u00bb1\/4&Prime;][vc_single_image image=\u00a0\u00bb8221&Prime; img_size=\u00a0\u00bb500&#215;330&Prime; alignment=\u00a0\u00bbcenter\u00a0\u00bb][vc_column_text css=\u00a0\u00bb.vc_custom_1718790140121{margin-top: -15px !important;}\u00a0\u00bb]<strong>3. M\u00e9langer et couler le b\u00e9ton<\/strong><\/p>\n<p>Verser du b\u00e9ton dans le moule en s&rsquo;assurant qu&rsquo;il est compl\u00e8tement rempli. Doser soigneusement pour \u00e9viter tout remplissage excessif.[\/vc_column_text][\/vc_column][vc_column width=\u00a0\u00bb1\/4&Prime;][vc_single_image image=\u00a0\u00bb4775&Prime; img_size=\u00a0\u00bb500&#215;330&Prime; alignment=\u00a0\u00bbcenter\u00a0\u00bb][vc_column_text css=\u00a0\u00bb.vc_custom_1718790193946{margin-top: -15px !important;}\u00a0\u00bb]<strong>4. Vibrer le b\u00e9ton<\/strong><\/p>\n<p>Pendant le processus de coulage, utiliser un\u00a0<a href=\"https:\/\/www.betonmoulds.com\/fr\/product\/vibreur-a-beton-manuel-electrique\/\"><strong>vibreur b\u00e9ton<\/strong><\/a>\u00a0pour \u00e9liminer les poches d&rsquo;air dans le m\u00e9lange. Des vibrations ad\u00e9quates garantissent l&rsquo;int\u00e9grit\u00e9 structurelle des blocs. En vibrant, vous verrez que de petites bulles d&rsquo;air remontent progressivement \u00e0 la surface, indiquant que le b\u00e9ton se compacte parfaitement. Les poches d&rsquo;air affaiblissent consid\u00e9rablement toute structure en b\u00e9ton.[\/vc_column_text][\/vc_column][\/vc_row][vc_row][vc_column width=\u00a0\u00bb1\/4&Prime;][vc_single_image image=\u00a0\u00bb5681&Prime; img_size=\u00a0\u00bb500&#215;330&Prime; alignment=\u00a0\u00bbcenter\u00a0\u00bb][vc_column_text css=\u00a0\u00bb.vc_custom_1718790234881{margin-top: -15px !important;}\u00a0\u00bb]<strong>5. Lisser la surface<\/strong><\/p>\n<p>Apr\u00e8s le coulage, utiliser\u00a0<a href=\"https:\/\/www.betonmoulds.com\/fr\/product\/regle-pour-beton-pret-a-lemploi\/\"><strong>un outil de lissage de b\u00e9ton<\/strong><\/a> pour niveler\u00a0la surface du b\u00e9ton. Obtenir une finition dense et uniforme. Respecter le temps de durcissement qui varie en fonction du m\u00e9lange de b\u00e9ton et des facteurs environnementaux tels que la temp\u00e9rature et l&rsquo;humidit\u00e9.[\/vc_column_text][\/vc_column][vc_column width=\u00a0\u00bb1\/4&Prime;][vc_single_image image=\u00a0\u00bb5655&Prime; img_size=\u00a0\u00bb500&#215;330&Prime; alignment=\u00a0\u00bbcenter\u00a0\u00bb][vc_column_text css=\u00a0\u00bb.vc_custom_1718790300020{margin-top: -15px !important;}\u00a0\u00bb]<strong>6. Ouverture du moule<\/strong><\/p>\n<p>Une fois que le b\u00e9ton a suffisamment durci, retirer les\u00a0<a href=\"https:\/\/www.betonmoulds.com\/fr\/product\/coins\/\"><strong>coins<\/strong><\/a>\u00a0des angles \u00e0 l&rsquo;aide d&rsquo;un marteau. Ils peuvent \u00eatre plac\u00e9s dans leurs fentes d\u00e9sign\u00e9es dans l&rsquo;\u00e9l\u00e9ment d&rsquo;angle. Utiliser\u00a0<a href=\"https:\/\/www.betonmoulds.com\/fr\/product\/ouvre-moule\/\"><strong>l&rsquo;ouvre-moule<\/strong><\/a>\u00a0pour lib\u00e9rer les blocs de b\u00e9ton en toute s\u00e9curit\u00e9.[\/vc_column_text][\/vc_column][vc_column width=\u00a0\u00bb1\/4&Prime;][vc_single_image image=\u00a0\u00bb4876&Prime; img_size=\u00a0\u00bb500&#215;330&Prime; alignment=\u00a0\u00bbcenter\u00a0\u00bb][vc_column_text css=\u00a0\u00bb.vc_custom_1718790385399{margin-top: -15px !important;}\u00a0\u00bb]<strong>7. Le bloc de b\u00e9ton est pr\u00eat \u00e0 l&#8217;emploi<\/strong><\/p>\n<p>D\u00e8s le d\u00e9moulage, les blocs de b\u00e9ton sont pr\u00eats \u00e0 l&#8217;emploi. Pour une manipulation et un positionnement pratiques des blocs, nous proposons une large gamme d&rsquo;accessoires, y compris des\u00a0<a href=\"https:\/\/www.betonmoulds.com\/fr\/product\/pince-de-levage-mecanique-800-400\/\"><strong>pinces de levage<\/strong><\/a>, un <a href=\"https:\/\/www.betonmoulds.com\/fr\/product\/blt\/\"><strong>tourneur<\/strong> <strong>de blocs<\/strong><\/a> ou un\u00a0<a href=\"https:\/\/www.betonmoulds.com\/fr\/product\/palonnier-pour-chariot-elevateur-bidirectionnel\/\"><strong>palonnier<\/strong><\/a>.[\/vc_column_text][\/vc_column][vc_column width=\u00a0\u00bb1\/4&Prime;][\/vc_column][\/vc_row]<\/p>\n<\/div>","protected":false},"excerpt":{"rendered":"<p>[vc_row css=\u00a0\u00bb.vc_custom_1676998865275{margin-top: 35px !important;}\u00a0\u00bb conditional_render=\u00a0\u00bb%5B%7B%22value_role%22%3A%22administrator%22%7D%5D\u00a0\u00bb][vc_column][vc_column_text css=\u00a0\u00bb\u00a0\u00bb css_params=\u00a0\u00bb\u00a0\u00bb] COMMENT FABRIQUER DES BLOCS EN B\u00c9TON EMPILABLES [\/vc_column_text][\/vc_column][\/vc_row][vc_row css=\u00a0\u00bb.vc_custom_1676998783970{margin-bottom: 15px !important;}\u00a0\u00bb conditional_render=\u00a0\u00bb%5B%7B%22value_role%22%3A%22administrator%22%7D%5D\u00a0\u00bb][vc_column width=\u00a0\u00bb1\/4&Prime;][vc_single_image image=\u00a0\u00bb8227&Prime; img_size=\u00a0\u00bb500&#215;330&Prime; alignment=\u00a0\u00bbcenter\u00a0\u00bb][vc_column_text css=\u00a0\u00bb.vc_custom_1718790030267{margin-top: -15px !important;}\u00a0\u00bb]1.\u00a0Pr\u00e9parer la zone de coulage Commencer par cr\u00e9er une surface plane pour le coulage. Poser une plaque de contreplaqu\u00e9 ou (encore mieux) une plaque d&rsquo;acier sur le sol et placer [&hellip;]<\/p>\n","protected":false},"author":3,"featured_media":0,"parent":5386,"menu_order":0,"comment_status":"closed","ping_status":"closed","template":"","meta":{"footnotes":""},"class_list":["post-9279","page","type-page","status-publish","hentry"],"yoast_head":"<!-- This site is optimized with the Yoast SEO plugin v27.4 - https:\/\/yoast.com\/product\/yoast-seo-wordpress\/ -->\n<title>Instructions pour la fabrication des blocs en b\u00e9ton empilables - BETONMOULDS<\/title>\n<meta name=\"robots\" content=\"index, follow, max-snippet:-1, max-image-preview:large, max-video-preview:-1\" \/>\n<link rel=\"canonical\" href=\"https:\/\/www.betonmoulds.com\/fr\/tutorials\/comment-fabriquer-des-blocs-en-beton\/\" \/>\n<meta property=\"og:locale\" content=\"fr_FR\" \/>\n<meta property=\"og:type\" content=\"article\" \/>\n<meta property=\"og:title\" content=\"Instructions pour la fabrication des blocs en b\u00e9ton empilables - BETONMOULDS\" \/>\n<meta property=\"og:description\" content=\"[vc_row css=\u00a0\u00bb.vc_custom_1676998865275{margin-top: 35px !important;}\u00a0\u00bb conditional_render=\u00a0\u00bb%5B%7B%22value_role%22%3A%22administrator%22%7D%5D\u00a0\u00bb][vc_column][vc_column_text css=\u00a0\u00bb\u00a0\u00bb css_params=\u00a0\u00bb\u00a0\u00bb] COMMENT FABRIQUER DES BLOCS EN B\u00c9TON EMPILABLES [\/vc_column_text][\/vc_column][\/vc_row][vc_row css=\u00a0\u00bb.vc_custom_1676998783970{margin-bottom: 15px !important;}\u00a0\u00bb conditional_render=\u00a0\u00bb%5B%7B%22value_role%22%3A%22administrator%22%7D%5D\u00a0\u00bb][vc_column width=\u00a0\u00bb1\/4&Prime;][vc_single_image image=\u00a0\u00bb8227&Prime; img_size=\u00a0\u00bb500&#215;330&Prime; alignment=\u00a0\u00bbcenter\u00a0\u00bb][vc_column_text css=\u00a0\u00bb.vc_custom_1718790030267{margin-top: -15px !important;}\u00a0\u00bb]1.\u00a0Pr\u00e9parer la zone de coulage Commencer par cr\u00e9er une surface plane pour le coulage. Poser une plaque de contreplaqu\u00e9 ou (encore mieux) une plaque d&rsquo;acier sur le sol et placer [&hellip;]\" \/>\n<meta property=\"og:url\" content=\"https:\/\/www.betonmoulds.com\/fr\/tutorials\/comment-fabriquer-des-blocs-en-beton\/\" \/>\n<meta property=\"og:site_name\" content=\"BETONMOULDS\" \/>\n<meta property=\"article:modified_time\" content=\"2026-02-09T08:42:42+00:00\" \/>\n<meta name=\"twitter:card\" content=\"summary_large_image\" \/>\n<meta name=\"twitter:label1\" content=\"Dur\u00e9e de lecture estim\u00e9e\" \/>\n\t<meta name=\"twitter:data1\" content=\"4 minutes\" \/>\n<script type=\"application\/ld+json\" class=\"yoast-schema-graph\">{\"@context\":\"https:\\\/\\\/schema.org\",\"@graph\":[{\"@type\":\"WebPage\",\"@id\":\"https:\\\/\\\/www.betonmoulds.com\\\/fr\\\/tutorials\\\/comment-fabriquer-des-blocs-en-beton\\\/\",\"url\":\"https:\\\/\\\/www.betonmoulds.com\\\/fr\\\/tutorials\\\/comment-fabriquer-des-blocs-en-beton\\\/\",\"name\":\"Instructions pour la fabrication des blocs en b\u00e9ton empilables - BETONMOULDS\",\"isPartOf\":{\"@id\":\"https:\\\/\\\/www.betonmoulds.com\\\/fr\\\/#website\"},\"datePublished\":\"2024-02-20T15:49:39+00:00\",\"dateModified\":\"2026-02-09T08:42:42+00:00\",\"breadcrumb\":{\"@id\":\"https:\\\/\\\/www.betonmoulds.com\\\/fr\\\/tutorials\\\/comment-fabriquer-des-blocs-en-beton\\\/#breadcrumb\"},\"inLanguage\":\"fr-FR\",\"potentialAction\":[{\"@type\":\"ReadAction\",\"target\":[\"https:\\\/\\\/www.betonmoulds.com\\\/fr\\\/tutorials\\\/comment-fabriquer-des-blocs-en-beton\\\/\"]}]},{\"@type\":\"BreadcrumbList\",\"@id\":\"https:\\\/\\\/www.betonmoulds.com\\\/fr\\\/tutorials\\\/comment-fabriquer-des-blocs-en-beton\\\/#breadcrumb\",\"itemListElement\":[{\"@type\":\"ListItem\",\"position\":1,\"name\":\"Home\",\"item\":\"https:\\\/\\\/www.betonmoulds.com\\\/fr\\\/\"},{\"@type\":\"ListItem\",\"position\":2,\"name\":\"Tutorials\",\"item\":\"https:\\\/\\\/www.betonmoulds.com\\\/fr\\\/tutorials\\\/\"},{\"@type\":\"ListItem\",\"position\":3,\"name\":\"Comment fabriquer des blocs en b\u00e9ton\"}]},{\"@type\":\"WebSite\",\"@id\":\"https:\\\/\\\/www.betonmoulds.com\\\/fr\\\/#website\",\"url\":\"https:\\\/\\\/www.betonmoulds.com\\\/fr\\\/\",\"name\":\"BETONMOULDS\",\"description\":\"Upcycle leftover concrete\",\"potentialAction\":[{\"@type\":\"SearchAction\",\"target\":{\"@type\":\"EntryPoint\",\"urlTemplate\":\"https:\\\/\\\/www.betonmoulds.com\\\/fr\\\/?s={search_term_string}\"},\"query-input\":{\"@type\":\"PropertyValueSpecification\",\"valueRequired\":true,\"valueName\":\"search_term_string\"}}],\"inLanguage\":\"fr-FR\"}]}<\/script>\n<!-- \/ Yoast SEO plugin. -->","yoast_head_json":{"title":"Instructions pour la fabrication des blocs en b\u00e9ton empilables - BETONMOULDS","robots":{"index":"index","follow":"follow","max-snippet":"max-snippet:-1","max-image-preview":"max-image-preview:large","max-video-preview":"max-video-preview:-1"},"canonical":"https:\/\/www.betonmoulds.com\/fr\/tutorials\/comment-fabriquer-des-blocs-en-beton\/","og_locale":"fr_FR","og_type":"article","og_title":"Instructions pour la fabrication des blocs en b\u00e9ton empilables - BETONMOULDS","og_description":"[vc_row css=\u00a0\u00bb.vc_custom_1676998865275{margin-top: 35px !important;}\u00a0\u00bb conditional_render=\u00a0\u00bb%5B%7B%22value_role%22%3A%22administrator%22%7D%5D\u00a0\u00bb][vc_column][vc_column_text css=\u00a0\u00bb\u00a0\u00bb css_params=\u00a0\u00bb\u00a0\u00bb] COMMENT FABRIQUER DES BLOCS EN B\u00c9TON EMPILABLES [\/vc_column_text][\/vc_column][\/vc_row][vc_row css=\u00a0\u00bb.vc_custom_1676998783970{margin-bottom: 15px !important;}\u00a0\u00bb conditional_render=\u00a0\u00bb%5B%7B%22value_role%22%3A%22administrator%22%7D%5D\u00a0\u00bb][vc_column width=\u00a0\u00bb1\/4&Prime;][vc_single_image image=\u00a0\u00bb8227&Prime; img_size=\u00a0\u00bb500&#215;330&Prime; alignment=\u00a0\u00bbcenter\u00a0\u00bb][vc_column_text css=\u00a0\u00bb.vc_custom_1718790030267{margin-top: -15px !important;}\u00a0\u00bb]1.\u00a0Pr\u00e9parer la zone de coulage Commencer par cr\u00e9er une surface plane pour le coulage. Poser une plaque de contreplaqu\u00e9 ou (encore mieux) une plaque d&rsquo;acier sur le sol et placer [&hellip;]","og_url":"https:\/\/www.betonmoulds.com\/fr\/tutorials\/comment-fabriquer-des-blocs-en-beton\/","og_site_name":"BETONMOULDS","article_modified_time":"2026-02-09T08:42:42+00:00","twitter_card":"summary_large_image","twitter_misc":{"Dur\u00e9e de lecture estim\u00e9e":"4 minutes"},"schema":{"@context":"https:\/\/schema.org","@graph":[{"@type":"WebPage","@id":"https:\/\/www.betonmoulds.com\/fr\/tutorials\/comment-fabriquer-des-blocs-en-beton\/","url":"https:\/\/www.betonmoulds.com\/fr\/tutorials\/comment-fabriquer-des-blocs-en-beton\/","name":"Instructions pour la fabrication des blocs en b\u00e9ton empilables - BETONMOULDS","isPartOf":{"@id":"https:\/\/www.betonmoulds.com\/fr\/#website"},"datePublished":"2024-02-20T15:49:39+00:00","dateModified":"2026-02-09T08:42:42+00:00","breadcrumb":{"@id":"https:\/\/www.betonmoulds.com\/fr\/tutorials\/comment-fabriquer-des-blocs-en-beton\/#breadcrumb"},"inLanguage":"fr-FR","potentialAction":[{"@type":"ReadAction","target":["https:\/\/www.betonmoulds.com\/fr\/tutorials\/comment-fabriquer-des-blocs-en-beton\/"]}]},{"@type":"BreadcrumbList","@id":"https:\/\/www.betonmoulds.com\/fr\/tutorials\/comment-fabriquer-des-blocs-en-beton\/#breadcrumb","itemListElement":[{"@type":"ListItem","position":1,"name":"Home","item":"https:\/\/www.betonmoulds.com\/fr\/"},{"@type":"ListItem","position":2,"name":"Tutorials","item":"https:\/\/www.betonmoulds.com\/fr\/tutorials\/"},{"@type":"ListItem","position":3,"name":"Comment fabriquer des blocs en b\u00e9ton"}]},{"@type":"WebSite","@id":"https:\/\/www.betonmoulds.com\/fr\/#website","url":"https:\/\/www.betonmoulds.com\/fr\/","name":"BETONMOULDS","description":"Upcycle leftover concrete","potentialAction":[{"@type":"SearchAction","target":{"@type":"EntryPoint","urlTemplate":"https:\/\/www.betonmoulds.com\/fr\/?s={search_term_string}"},"query-input":{"@type":"PropertyValueSpecification","valueRequired":true,"valueName":"search_term_string"}}],"inLanguage":"fr-FR"}]}},"_links":{"self":[{"href":"https:\/\/www.betonmoulds.com\/fr\/wp-json\/wp\/v2\/pages\/9279","targetHints":{"allow":["GET"]}}],"collection":[{"href":"https:\/\/www.betonmoulds.com\/fr\/wp-json\/wp\/v2\/pages"}],"about":[{"href":"https:\/\/www.betonmoulds.com\/fr\/wp-json\/wp\/v2\/types\/page"}],"author":[{"embeddable":true,"href":"https:\/\/www.betonmoulds.com\/fr\/wp-json\/wp\/v2\/users\/3"}],"replies":[{"embeddable":true,"href":"https:\/\/www.betonmoulds.com\/fr\/wp-json\/wp\/v2\/comments?post=9279"}],"version-history":[{"count":6,"href":"https:\/\/www.betonmoulds.com\/fr\/wp-json\/wp\/v2\/pages\/9279\/revisions"}],"predecessor-version":[{"id":12123,"href":"https:\/\/www.betonmoulds.com\/fr\/wp-json\/wp\/v2\/pages\/9279\/revisions\/12123"}],"up":[{"embeddable":true,"href":"https:\/\/www.betonmoulds.com\/fr\/wp-json\/wp\/v2\/pages\/5386"}],"wp:attachment":[{"href":"https:\/\/www.betonmoulds.com\/fr\/wp-json\/wp\/v2\/media?parent=9279"}],"curies":[{"name":"wp","href":"https:\/\/api.w.org\/{rel}","templated":true}]}}