{"id":9276,"date":"2022-03-04T14:52:54","date_gmt":"2022-03-04T14:52:54","guid":{"rendered":"https:\/\/www.betonmoulds.com\/tutorials\/how-to-make-concrete-paving-slabs\/"},"modified":"2026-02-09T08:47:25","modified_gmt":"2026-02-09T08:47:25","slug":"comment-fabriquer-des-dalles-en-beton","status":"publish","type":"page","link":"https:\/\/www.betonmoulds.com\/fr\/tutorials\/comment-fabriquer-des-dalles-en-beton\/","title":{"rendered":"Comment fabriquer des dalles en b\u00e9ton"},"content":{"rendered":"<div class=\"wpb-content-wrapper\"><p>[vc_row css=\u00a0\u00bb.vc_custom_1676998865275{margin-top: 35px !important;}\u00a0\u00bb conditional_render=\u00a0\u00bb%5B%7B%22value_role%22%3A%22administrator%22%7D%5D\u00a0\u00bb][vc_column][vc_column_text css=\u00a0\u00bb\u00a0\u00bb]<\/p>\n<p style=\"text-align: center;\"><span style=\"font-size: 25px; color: #000000;\"><strong>COMMENT FABRIQUER DES DALLES DE PAVAGE EN B\u00c9TON<\/strong><\/span><\/p>\n<p>[\/vc_column_text][\/vc_column][\/vc_row][vc_row css=\u00a0\u00bb.vc_custom_1676998783970{margin-bottom: 15px !important;}\u00a0\u00bb conditional_render=\u00a0\u00bb%5B%7B%22value_role%22%3A%22administrator%22%7D%5D\u00a0\u00bb][vc_column width=\u00a0\u00bb1\/4&Prime;][vc_single_image image=\u00a0\u00bb8523&Prime; img_size=\u00a0\u00bb500&#215;330&Prime; alignment=\u00a0\u00bbcenter\u00a0\u00bb][vc_column_text css=\u00a0\u00bb.vc_custom_1718790616691{margin-top: -15px !important;}\u00a0\u00bb]<strong>1. Pr\u00e9parer la zone de travail<\/strong><\/p>\n<p>Ranger et nettoyer la zone o\u00f9 vous allez couler les dalles de b\u00e9ton. Placer le moule sur une plaque d&rsquo;acier et s&rsquo;assurer qu&rsquo;il est \u00e0 niveau et propre. V\u00e9rifier que le moule a \u00e9t\u00e9 soigneusement nettoy\u00e9 avant utilisation et que les r\u00e9sidus de b\u00e9ton des moulages pr\u00e9c\u00e9dents ont \u00e9t\u00e9 \u00e9limin\u00e9s.[\/vc_column_text][\/vc_column][vc_column width=\u00a0\u00bb1\/4&Prime;][vc_single_image image=\u00a0\u00bb5622&Prime; img_size=\u00a0\u00bb500&#215;330&Prime; alignment=\u00a0\u00bbcenter\u00a0\u00bb][vc_column_text css=\u00a0\u00bb.vc_custom_1718790735791{margin-top: -15px !important;}\u00a0\u00bb]<strong>2. Installer le profil\u00e9 coul\u00e9 (facultatif)<\/strong><\/p>\n<p>En ins\u00e9rant un <a href=\"https:\/\/www.betonmoulds.com\/fr\/categorie-produit\/dalles-de-pavage-en-beton\/profiles-coules\/\"><strong>profil\u00e9 coul\u00e9<\/strong><\/a> dans le moule pour dalle en b\u00e9ton, vous pouvez cr\u00e9er des fentes pour les crochets de cha\u00eene de levage. L&rsquo;utilisation d&rsquo;une <a href=\"https:\/\/www.betonmoulds.com\/fr\/product\/elingue-de-levage-2-brins-pour-dalles\/\"><strong>cha\u00eene de levage avec crochets<\/strong><\/a> vous permet de transporter facilement la dalle de b\u00e9ton. Placer le profil\u00e9 dans le moule et le fixer en pla\u00e7ant les broches dans les trous d\u00e9sign\u00e9s dans le moule.[\/vc_column_text][\/vc_column][vc_column width=\u00a0\u00bb1\/4&Prime;][vc_single_image image=\u00a0\u00bb4610&Prime; img_size=\u00a0\u00bb500&#215;330&Prime; alignment=\u00a0\u00bbcenter\u00a0\u00bb][vc_column_text css=\u00a0\u00bb.vc_custom_1770626840891{margin-top: -15px !important;}\u00a0\u00bb css_params=\u00a0\u00bb\u00a0\u00bb]<strong>3. Pr\u00e9parer le moule<\/strong><\/p>\n<p>Appliquer un agent de d\u00e9moulage appropri\u00e9 ou de <a href=\"https:\/\/www.betonmoulds.com\/fr\/product\/huile-de-coffrage-20l\/\"><strong>l&rsquo;huile de d\u00e9moulage<\/strong><\/a> \u00e0 l&rsquo;int\u00e9rieur du moule pour emp\u00eacher le b\u00e9ton de coller. Cela facilitera le retrait de la dalle une fois qu&rsquo;elle sera termin\u00e9e. Si vous utilisez un treillis de \u00ab\u00a0barres d&rsquo;armature\u00a0\u00bb en acier pour une r\u00e9sistance accrue, placez-le dans le moule avec des entretoises de barres d&rsquo;armature appropri\u00e9es avant de couler le b\u00e9ton. Si vous utilisez les <a href=\"https:\/\/www.betonmoulds.com\/fr\/categorie-produit\/dalles-de-pavage-en-beton\/profiles-coules\/\"><strong>profil\u00e9s<\/strong><\/a> pour cr\u00e9er des fentes de levage, il faudra sceller les petites sections creuses rectangulaires avec du ruban adh\u00e9sif pour emp\u00eacher le b\u00e9ton d&rsquo;y p\u00e9n\u00e9trer.[\/vc_column_text][\/vc_column][vc_column width=\u00a0\u00bb1\/4&Prime;][vc_single_image image=\u00a0\u00bb4620&Prime; img_size=\u00a0\u00bb500&#215;330&Prime; alignment=\u00a0\u00bbcenter\u00a0\u00bb][vc_column_text css=\u00a0\u00bb.vc_custom_1718790769318{margin-top: -15px !important;}\u00a0\u00bb]<strong>4. Couler le b\u00e9ton<\/strong><\/p>\n<p>Remplir compl\u00e8tement le moule avec le m\u00e9lange de b\u00e9ton et v\u00e9rifier qu&rsquo;il est r\u00e9parti uniform\u00e9ment. Utilisez un <a href=\"https:\/\/www.betonmoulds.com\/fr\/product\/vibreur-a-beton-manuel-electrique\/\"><strong>vibreur b\u00e9ton<\/strong><\/a> pour aider \u00e0 la d\u00e9cantation et cr\u00e9er une dalle solide sans poches d&rsquo;air.[\/vc_column_text][\/vc_column][\/vc_row][vc_row][vc_column width=\u00a0\u00bb1\/4&Prime;][vc_single_image image=\u00a0\u00bb4635&Prime; img_size=\u00a0\u00bb500&#215;330&Prime; alignment=\u00a0\u00bbcenter\u00a0\u00bb][vc_column_text css=\u00a0\u00bb.vc_custom_1718790810957{margin-top: -15px !important;}\u00a0\u00bb]<strong>5. Niveler et durcir le b\u00e9ton<\/strong><\/p>\n<p>Utiliser un <a href=\"https:\/\/www.betonmoulds.com\/fr\/product\/regle-pour-beton-pret-a-lemploi\/\"><strong>outil de lissage du b\u00e9ton<\/strong><\/a> pour niveler la surface du b\u00e9ton dans le moule. S&rsquo;assurer qu&rsquo;il est lisse et uniforme. Couvrir le moule ou appliquer un compos\u00e9 de durcissement pour ralentir l&rsquo;\u00e9vaporation de l&rsquo;humidit\u00e9 du b\u00e9ton. Laisser les dalles durcir pendant au moins 24 \u00e0 48 heures. Le temps de durcissement final d\u00e9pend de la temp\u00e9rature, de l&rsquo;humidit\u00e9, de la teneur en air, de l&rsquo;utilisation d&rsquo;adjuvants min\u00e9raux et du type de ciment utilis\u00e9. Un b\u00e9ton parfaitement durci am\u00e9liore la robustesse, la r\u00e9sistance \u00e0 l&rsquo;usure, la durabilit\u00e9 et l&rsquo;imperm\u00e9abilit\u00e9.[\/vc_column_text][\/vc_column][vc_column width=\u00a0\u00bb1\/4&Prime;][vc_single_image image=\u00a0\u00bb8529&Prime; img_size=\u00a0\u00bb500&#215;330&Prime; alignment=\u00a0\u00bbcenter\u00a0\u00bb][vc_column_text css=\u00a0\u00bb.vc_custom_1718790847841{margin-top: -15px !important;}\u00a0\u00bb]<strong>6. D\u00e9mouler les dalles<\/strong><\/p>\n<p>Une fois le b\u00e9ton compl\u00e8tement durci, retirer soigneusement la dalle du moule. Commencer par desserrer les bords avec un <a href=\"https:\/\/www.betonmoulds.com\/fr\/product\/ouvre-moule\/\"><strong>ouvre-moule<\/strong><\/a>, puis s\u00e9parer d\u00e9licatement le moule de la dalle. En suivant ces \u00e9tapes, vous devriez obtenir de parfaites dalles de pavage en b\u00e9ton, pr\u00eates \u00e0 \u00eatre utilis\u00e9es dans le projet souhait\u00e9.[\/vc_column_text][\/vc_column][vc_column width=\u00a0\u00bb1\/4&Prime;][vc_single_image image=\u00a0\u00bb4547&Prime; img_size=\u00a0\u00bb500&#215;330&Prime; alignment=\u00a0\u00bbcenter\u00a0\u00bb][vc_column_text css=\u00a0\u00bb.vc_custom_1718790889049{margin-top: -15px !important;}\u00a0\u00bb]<strong>7. Retourner les dalles (facultatif)<\/strong><\/p>\n<p>Les dalles de b\u00e9ton sont souvent retourn\u00e9es apr\u00e8s le durcissement car la face inf\u00e9rieure poss\u00e8de la surface la plus lisse et l&rsquo;aspect esth\u00e9tique optimal. Notre <a href=\"https:\/\/www.betonmoulds.com\/fr\/product\/mecanisme-de-levage-et-de-rotation\/\"><strong>m\u00e9canisme de rotation et de levage<\/strong><\/a> est id\u00e9al pour tourner et d\u00e9placer de grandes dalles de b\u00e9ton de 200 cm de large.[\/vc_column_text][\/vc_column][vc_column width=\u00a0\u00bb1\/4&Prime;][vc_single_image image=\u00a0\u00bb5701&Prime; img_size=\u00a0\u00bb500&#215;330&Prime; alignment=\u00a0\u00bbcenter\u00a0\u00bb][vc_column_text css=\u00a0\u00bb.vc_custom_1718790955853{margin-top: -15px !important;}\u00a0\u00bb]<strong>8. Installer les dalles de b\u00e9ton<\/strong><\/p>\n<p>Vous pouvez maintenant installer les dalles \u00e0 l&#8217;emplacement souhait\u00e9. V\u00e9rifier que la surface est pr\u00e9par\u00e9e et \u00e0 niveau avant de placer les dalles. Nous fournissons \u00e9galement des \u00e9quipements de levage\u00a0: une <a href=\"https:\/\/www.betonmoulds.com\/fr\/product\/elingue-de-levage-2-brins-pour-dalles\/\"><strong>cha\u00eene de levage de dalle en b\u00e9ton<\/strong><\/a> avec des crochets qui s&rsquo;adaptent aux fentes cr\u00e9\u00e9es par le profil\u00e9 coul\u00e9. Cette cha\u00eene de levage peut \u00e9galement \u00eatre fix\u00e9e au <a href=\"https:\/\/www.betonmoulds.com\/fr\/product\/mecanisme-de-levage-et-de-rotation\/\"><strong>m\u00e9canisme de rotation et de levage<\/strong><\/a>, ce qui facilite le levage et le transport des dalles de b\u00e9ton. Si vous n&rsquo;avez pas utilis\u00e9 de <a href=\"https:\/\/www.betonmoulds.com\/fr\/categorie-produit\/dalles-de-pavage-en-beton\/profiles-coules\/\"><strong>profil\u00e9s<\/strong><\/a>, les dalles en b\u00e9ton doivent \u00eatre install\u00e9es avec un \u00e9l\u00e9vateur \u00e0 ventouse.[\/vc_column_text][\/vc_column][\/vc_row][vc_row full_width=\u00a0\u00bbstretch_row\u00a0\u00bb css=\u00a0\u00bb.vc_custom_1710231393944{margin-bottom: -40px !important;padding-top: 50px !important;padding-bottom: 30px !important;background-color: #f2f2f2 !important;}\u00a0\u00bb conditional_render=\u00a0\u00bb%5B%7B%22value_role%22%3A%22administrator%22%7D%5D\u00a0\u00bb][vc_column][vc_video link=\u00a0\u00bbhttps:\/\/www.youtube.com\/watch?v=3KDVWY1OtJI\u00a0\u00bb align=\u00a0\u00bbcenter\u00a0\u00bb][\/vc_column][\/vc_row]<\/p>\n<\/div>","protected":false},"excerpt":{"rendered":"<p>[vc_row css=\u00a0\u00bb.vc_custom_1676998865275{margin-top: 35px !important;}\u00a0\u00bb conditional_render=\u00a0\u00bb%5B%7B%22value_role%22%3A%22administrator%22%7D%5D\u00a0\u00bb][vc_column][vc_column_text css=\u00a0\u00bb\u00a0\u00bb] COMMENT FABRIQUER DES DALLES DE PAVAGE EN B\u00c9TON [\/vc_column_text][\/vc_column][\/vc_row][vc_row css=\u00a0\u00bb.vc_custom_1676998783970{margin-bottom: 15px !important;}\u00a0\u00bb conditional_render=\u00a0\u00bb%5B%7B%22value_role%22%3A%22administrator%22%7D%5D\u00a0\u00bb][vc_column width=\u00a0\u00bb1\/4&Prime;][vc_single_image image=\u00a0\u00bb8523&Prime; img_size=\u00a0\u00bb500&#215;330&Prime; alignment=\u00a0\u00bbcenter\u00a0\u00bb][vc_column_text css=\u00a0\u00bb.vc_custom_1718790616691{margin-top: -15px !important;}\u00a0\u00bb]1. Pr\u00e9parer la zone de travail Ranger et nettoyer la zone o\u00f9 vous allez couler les dalles de b\u00e9ton. Placer le moule sur une plaque d&rsquo;acier et s&rsquo;assurer qu&rsquo;il est [&hellip;]<\/p>\n","protected":false},"author":1,"featured_media":0,"parent":5386,"menu_order":0,"comment_status":"closed","ping_status":"closed","template":"","meta":{"footnotes":""},"class_list":["post-9276","page","type-page","status-publish","hentry"],"yoast_head":"<!-- This site is optimized with the Yoast SEO plugin v27.4 - https:\/\/yoast.com\/product\/yoast-seo-wordpress\/ -->\n<title>Instructions pour la fabrication de dalles de pavage en b\u00e9ton - BETONMOULDS<\/title>\n<meta name=\"robots\" content=\"index, follow, max-snippet:-1, max-image-preview:large, max-video-preview:-1\" \/>\n<link rel=\"canonical\" href=\"https:\/\/www.betonmoulds.com\/fr\/tutorials\/comment-fabriquer-des-dalles-en-beton\/\" \/>\n<meta property=\"og:locale\" content=\"fr_FR\" \/>\n<meta property=\"og:type\" content=\"article\" \/>\n<meta property=\"og:title\" content=\"Instructions pour la fabrication de dalles de pavage en b\u00e9ton - BETONMOULDS\" \/>\n<meta property=\"og:description\" content=\"[vc_row css=\u00a0\u00bb.vc_custom_1676998865275{margin-top: 35px !important;}\u00a0\u00bb conditional_render=\u00a0\u00bb%5B%7B%22value_role%22%3A%22administrator%22%7D%5D\u00a0\u00bb][vc_column][vc_column_text css=\u00a0\u00bb\u00a0\u00bb] COMMENT FABRIQUER DES DALLES DE PAVAGE EN B\u00c9TON [\/vc_column_text][\/vc_column][\/vc_row][vc_row css=\u00a0\u00bb.vc_custom_1676998783970{margin-bottom: 15px !important;}\u00a0\u00bb conditional_render=\u00a0\u00bb%5B%7B%22value_role%22%3A%22administrator%22%7D%5D\u00a0\u00bb][vc_column width=\u00a0\u00bb1\/4&Prime;][vc_single_image image=\u00a0\u00bb8523&Prime; img_size=\u00a0\u00bb500&#215;330&Prime; alignment=\u00a0\u00bbcenter\u00a0\u00bb][vc_column_text css=\u00a0\u00bb.vc_custom_1718790616691{margin-top: -15px !important;}\u00a0\u00bb]1. Pr\u00e9parer la zone de travail Ranger et nettoyer la zone o\u00f9 vous allez couler les dalles de b\u00e9ton. Placer le moule sur une plaque d&rsquo;acier et s&rsquo;assurer qu&rsquo;il est [&hellip;]\" \/>\n<meta property=\"og:url\" content=\"https:\/\/www.betonmoulds.com\/fr\/tutorials\/comment-fabriquer-des-dalles-en-beton\/\" \/>\n<meta property=\"og:site_name\" content=\"BETONMOULDS\" \/>\n<meta property=\"article:modified_time\" content=\"2026-02-09T08:47:25+00:00\" \/>\n<meta name=\"twitter:card\" content=\"summary_large_image\" \/>\n<meta name=\"twitter:label1\" content=\"Dur\u00e9e de lecture estim\u00e9e\" \/>\n\t<meta name=\"twitter:data1\" content=\"5 minutes\" \/>\n<script type=\"application\/ld+json\" class=\"yoast-schema-graph\">{\"@context\":\"https:\\\/\\\/schema.org\",\"@graph\":[{\"@type\":\"WebPage\",\"@id\":\"https:\\\/\\\/www.betonmoulds.com\\\/fr\\\/tutorials\\\/comment-fabriquer-des-dalles-en-beton\\\/\",\"url\":\"https:\\\/\\\/www.betonmoulds.com\\\/fr\\\/tutorials\\\/comment-fabriquer-des-dalles-en-beton\\\/\",\"name\":\"Instructions pour la fabrication de dalles de pavage en b\u00e9ton - BETONMOULDS\",\"isPartOf\":{\"@id\":\"https:\\\/\\\/www.betonmoulds.com\\\/fr\\\/#website\"},\"datePublished\":\"2022-03-04T14:52:54+00:00\",\"dateModified\":\"2026-02-09T08:47:25+00:00\",\"breadcrumb\":{\"@id\":\"https:\\\/\\\/www.betonmoulds.com\\\/fr\\\/tutorials\\\/comment-fabriquer-des-dalles-en-beton\\\/#breadcrumb\"},\"inLanguage\":\"fr-FR\",\"potentialAction\":[{\"@type\":\"ReadAction\",\"target\":[\"https:\\\/\\\/www.betonmoulds.com\\\/fr\\\/tutorials\\\/comment-fabriquer-des-dalles-en-beton\\\/\"]}]},{\"@type\":\"BreadcrumbList\",\"@id\":\"https:\\\/\\\/www.betonmoulds.com\\\/fr\\\/tutorials\\\/comment-fabriquer-des-dalles-en-beton\\\/#breadcrumb\",\"itemListElement\":[{\"@type\":\"ListItem\",\"position\":1,\"name\":\"Home\",\"item\":\"https:\\\/\\\/www.betonmoulds.com\\\/fr\\\/\"},{\"@type\":\"ListItem\",\"position\":2,\"name\":\"Tutorials\",\"item\":\"https:\\\/\\\/www.betonmoulds.com\\\/fr\\\/tutorials\\\/\"},{\"@type\":\"ListItem\",\"position\":3,\"name\":\"Comment fabriquer des dalles en b\u00e9ton\"}]},{\"@type\":\"WebSite\",\"@id\":\"https:\\\/\\\/www.betonmoulds.com\\\/fr\\\/#website\",\"url\":\"https:\\\/\\\/www.betonmoulds.com\\\/fr\\\/\",\"name\":\"BETONMOULDS\",\"description\":\"Upcycle leftover concrete\",\"potentialAction\":[{\"@type\":\"SearchAction\",\"target\":{\"@type\":\"EntryPoint\",\"urlTemplate\":\"https:\\\/\\\/www.betonmoulds.com\\\/fr\\\/?s={search_term_string}\"},\"query-input\":{\"@type\":\"PropertyValueSpecification\",\"valueRequired\":true,\"valueName\":\"search_term_string\"}}],\"inLanguage\":\"fr-FR\"}]}<\/script>\n<!-- \/ Yoast SEO plugin. -->","yoast_head_json":{"title":"Instructions pour la fabrication de dalles de pavage en b\u00e9ton - BETONMOULDS","robots":{"index":"index","follow":"follow","max-snippet":"max-snippet:-1","max-image-preview":"max-image-preview:large","max-video-preview":"max-video-preview:-1"},"canonical":"https:\/\/www.betonmoulds.com\/fr\/tutorials\/comment-fabriquer-des-dalles-en-beton\/","og_locale":"fr_FR","og_type":"article","og_title":"Instructions pour la fabrication de dalles de pavage en b\u00e9ton - BETONMOULDS","og_description":"[vc_row css=\u00a0\u00bb.vc_custom_1676998865275{margin-top: 35px !important;}\u00a0\u00bb conditional_render=\u00a0\u00bb%5B%7B%22value_role%22%3A%22administrator%22%7D%5D\u00a0\u00bb][vc_column][vc_column_text css=\u00a0\u00bb\u00a0\u00bb] COMMENT FABRIQUER DES DALLES DE PAVAGE EN B\u00c9TON [\/vc_column_text][\/vc_column][\/vc_row][vc_row css=\u00a0\u00bb.vc_custom_1676998783970{margin-bottom: 15px !important;}\u00a0\u00bb conditional_render=\u00a0\u00bb%5B%7B%22value_role%22%3A%22administrator%22%7D%5D\u00a0\u00bb][vc_column width=\u00a0\u00bb1\/4&Prime;][vc_single_image image=\u00a0\u00bb8523&Prime; img_size=\u00a0\u00bb500&#215;330&Prime; alignment=\u00a0\u00bbcenter\u00a0\u00bb][vc_column_text css=\u00a0\u00bb.vc_custom_1718790616691{margin-top: -15px !important;}\u00a0\u00bb]1. Pr\u00e9parer la zone de travail Ranger et nettoyer la zone o\u00f9 vous allez couler les dalles de b\u00e9ton. Placer le moule sur une plaque d&rsquo;acier et s&rsquo;assurer qu&rsquo;il est [&hellip;]","og_url":"https:\/\/www.betonmoulds.com\/fr\/tutorials\/comment-fabriquer-des-dalles-en-beton\/","og_site_name":"BETONMOULDS","article_modified_time":"2026-02-09T08:47:25+00:00","twitter_card":"summary_large_image","twitter_misc":{"Dur\u00e9e de lecture estim\u00e9e":"5 minutes"},"schema":{"@context":"https:\/\/schema.org","@graph":[{"@type":"WebPage","@id":"https:\/\/www.betonmoulds.com\/fr\/tutorials\/comment-fabriquer-des-dalles-en-beton\/","url":"https:\/\/www.betonmoulds.com\/fr\/tutorials\/comment-fabriquer-des-dalles-en-beton\/","name":"Instructions pour la fabrication de dalles de pavage en b\u00e9ton - BETONMOULDS","isPartOf":{"@id":"https:\/\/www.betonmoulds.com\/fr\/#website"},"datePublished":"2022-03-04T14:52:54+00:00","dateModified":"2026-02-09T08:47:25+00:00","breadcrumb":{"@id":"https:\/\/www.betonmoulds.com\/fr\/tutorials\/comment-fabriquer-des-dalles-en-beton\/#breadcrumb"},"inLanguage":"fr-FR","potentialAction":[{"@type":"ReadAction","target":["https:\/\/www.betonmoulds.com\/fr\/tutorials\/comment-fabriquer-des-dalles-en-beton\/"]}]},{"@type":"BreadcrumbList","@id":"https:\/\/www.betonmoulds.com\/fr\/tutorials\/comment-fabriquer-des-dalles-en-beton\/#breadcrumb","itemListElement":[{"@type":"ListItem","position":1,"name":"Home","item":"https:\/\/www.betonmoulds.com\/fr\/"},{"@type":"ListItem","position":2,"name":"Tutorials","item":"https:\/\/www.betonmoulds.com\/fr\/tutorials\/"},{"@type":"ListItem","position":3,"name":"Comment fabriquer des dalles en b\u00e9ton"}]},{"@type":"WebSite","@id":"https:\/\/www.betonmoulds.com\/fr\/#website","url":"https:\/\/www.betonmoulds.com\/fr\/","name":"BETONMOULDS","description":"Upcycle leftover concrete","potentialAction":[{"@type":"SearchAction","target":{"@type":"EntryPoint","urlTemplate":"https:\/\/www.betonmoulds.com\/fr\/?s={search_term_string}"},"query-input":{"@type":"PropertyValueSpecification","valueRequired":true,"valueName":"search_term_string"}}],"inLanguage":"fr-FR"}]}},"_links":{"self":[{"href":"https:\/\/www.betonmoulds.com\/fr\/wp-json\/wp\/v2\/pages\/9276","targetHints":{"allow":["GET"]}}],"collection":[{"href":"https:\/\/www.betonmoulds.com\/fr\/wp-json\/wp\/v2\/pages"}],"about":[{"href":"https:\/\/www.betonmoulds.com\/fr\/wp-json\/wp\/v2\/types\/page"}],"author":[{"embeddable":true,"href":"https:\/\/www.betonmoulds.com\/fr\/wp-json\/wp\/v2\/users\/1"}],"replies":[{"embeddable":true,"href":"https:\/\/www.betonmoulds.com\/fr\/wp-json\/wp\/v2\/comments?post=9276"}],"version-history":[{"count":4,"href":"https:\/\/www.betonmoulds.com\/fr\/wp-json\/wp\/v2\/pages\/9276\/revisions"}],"predecessor-version":[{"id":12129,"href":"https:\/\/www.betonmoulds.com\/fr\/wp-json\/wp\/v2\/pages\/9276\/revisions\/12129"}],"up":[{"embeddable":true,"href":"https:\/\/www.betonmoulds.com\/fr\/wp-json\/wp\/v2\/pages\/5386"}],"wp:attachment":[{"href":"https:\/\/www.betonmoulds.com\/fr\/wp-json\/wp\/v2\/media?parent=9276"}],"curies":[{"name":"wp","href":"https:\/\/api.w.org\/{rel}","templated":true}]}}