{"id":7586,"date":"2024-01-15T16:43:00","date_gmt":"2024-01-15T16:43:00","guid":{"rendered":"https:\/\/www.betonmoulds.com\/product\/jb-fl-xw\/"},"modified":"2026-03-19T16:14:19","modified_gmt":"2026-03-19T16:14:19","slug":"jb-fl-xw","status":"publish","type":"product","link":"https:\/\/www.betonmoulds.com\/es\/product\/jb-fl-xw\/","title":{"rendered":"Jersey Perfil XL horquilla carretillas elevadoras inserto para molde"},"content":{"rendered":"","protected":false},"excerpt":{"rendered":"<p>Utilice estas ranuras extra anchas para carretillas elevadoras en combinaci\u00f3n con nuestro<a href=\"https:\/\/www.betonmoulds.com\/es\/product\/jb-160-80-80\/\"><strong> inserto de barrera Jersey<\/strong><\/a> y el molde b\u00e1sico. La instalaci\u00f3n y el desmontaje son sencillos.<\/p>\n<p>Los orificios para carretilla elevadora en los bloques de barrera Jersey est\u00e1n dise\u00f1ados para facilitar la colocaci\u00f3n y el movimiento de las barreras utilizando una carretilla elevadora. Los orificios m\u00e1s anchos facilitan a\u00fan m\u00e1s la colocaci\u00f3n de las horquillas.<\/p>\n<p>Estos orificios son aberturas o huecos en las barreras que permiten que las horquillas de la carretilla elevadora se deslicen por debajo de la barrera, facilitando la elevaci\u00f3n, el transporte y la colocaci\u00f3n de las barreras Jersey.<\/p>\n<p>El uso de orificios para carretillas elevadoras en los bloques de barrera Jersey agiliza el proceso de instalaci\u00f3n, permite una elevaci\u00f3n segura, reduce la necesidad de equipos adicionales y mejora la eficiencia general.<\/p>\n","protected":false},"featured_media":7692,"template":"","meta":[],"product_brand":[],"product_cat":[553,538],"product_tag":[],"class_list":{"0":"post-7586","1":"product","2":"type-product","3":"status-publish","4":"has-post-thumbnail","6":"product_cat-inserciones-divisores-jersey","7":"product_cat-perfil-horquilla-carretillas-elevadoras","9":"first","10":"instock","11":"shipping-taxable","12":"purchasable","13":"product-type-simple"},"yoast_head":"<!-- This site is optimized with the Yoast SEO plugin v27.4 - https:\/\/yoast.com\/product\/yoast-seo-wordpress\/ -->\n<title>Jersey Perfil XL horquilla carretillas elevadoras inserto para molde - BETONMOULDS<\/title>\n<meta name=\"robots\" content=\"index, follow, max-snippet:-1, max-image-preview:large, max-video-preview:-1\" \/>\n<link rel=\"canonical\" href=\"https:\/\/www.betonmoulds.com\/es\/product\/jb-fl-xw\/\" \/>\n<meta property=\"og:locale\" content=\"es_ES\" \/>\n<meta property=\"og:type\" content=\"article\" \/>\n<meta property=\"og:title\" content=\"Jersey Perfil XL horquilla carretillas elevadoras inserto para molde - BETONMOULDS\" \/>\n<meta property=\"og:description\" content=\"Utilice estas ranuras extra anchas para carretillas elevadoras en combinaci\u00f3n con nuestro inserto de barrera Jersey y el molde b\u00e1sico. La instalaci\u00f3n y el desmontaje son sencillos.  Los orificios para carretilla elevadora en los bloques de barrera Jersey est\u00e1n dise\u00f1ados para facilitar la colocaci\u00f3n y el movimiento de las barreras utilizando una carretilla elevadora. Los orificios m\u00e1s anchos facilitan a\u00fan m\u00e1s la colocaci\u00f3n de las horquillas.  Estos orificios son aberturas o huecos en las barreras que permiten que las horquillas de la carretilla elevadora se deslicen por debajo de la barrera, facilitando la elevaci\u00f3n, el transporte y la colocaci\u00f3n de las barreras Jersey.  El uso de orificios para carretillas elevadoras en los bloques de barrera Jersey agiliza el proceso de instalaci\u00f3n, permite una elevaci\u00f3n segura, reduce la necesidad de equipos adicionales y mejora la eficiencia general.\" \/>\n<meta property=\"og:url\" content=\"https:\/\/www.betonmoulds.com\/es\/product\/jb-fl-xw\/\" \/>\n<meta property=\"og:site_name\" content=\"BETONMOULDS\" \/>\n<meta property=\"article:modified_time\" content=\"2026-03-19T16:14:19+00:00\" \/>\n<meta property=\"og:image\" content=\"https:\/\/www.betonmoulds.com\/wp-content\/uploads\/2024\/01\/JB-FL-XW2.jpg\" \/>\n\t<meta property=\"og:image:width\" content=\"900\" \/>\n\t<meta property=\"og:image:height\" content=\"900\" \/>\n\t<meta property=\"og:image:type\" content=\"image\/jpeg\" \/>\n<meta name=\"twitter:card\" content=\"summary_large_image\" \/>\n<meta name=\"twitter:label1\" content=\"Tiempo de lectura\" \/>\n\t<meta name=\"twitter:data1\" content=\"1 minuto\" \/>\n<script type=\"application\/ld+json\" class=\"yoast-schema-graph\">{\"@context\":\"https:\\\/\\\/schema.org\",\"@graph\":[{\"@type\":\"WebPage\",\"@id\":\"https:\\\/\\\/www.betonmoulds.com\\\/es\\\/product\\\/jb-fl-xw\\\/\",\"url\":\"https:\\\/\\\/www.betonmoulds.com\\\/es\\\/product\\\/jb-fl-xw\\\/\",\"name\":\"Jersey Perfil XL horquilla carretillas elevadoras inserto para molde - BETONMOULDS\",\"isPartOf\":{\"@id\":\"https:\\\/\\\/www.betonmoulds.com\\\/es\\\/#website\"},\"primaryImageOfPage\":{\"@id\":\"https:\\\/\\\/www.betonmoulds.com\\\/es\\\/product\\\/jb-fl-xw\\\/#primaryimage\"},\"image\":{\"@id\":\"https:\\\/\\\/www.betonmoulds.com\\\/es\\\/product\\\/jb-fl-xw\\\/#primaryimage\"},\"thumbnailUrl\":\"https:\\\/\\\/www.betonmoulds.com\\\/wp-content\\\/uploads\\\/2024\\\/01\\\/JB-FL-XW2.jpg\",\"datePublished\":\"2024-01-15T16:43:00+00:00\",\"dateModified\":\"2026-03-19T16:14:19+00:00\",\"breadcrumb\":{\"@id\":\"https:\\\/\\\/www.betonmoulds.com\\\/es\\\/product\\\/jb-fl-xw\\\/#breadcrumb\"},\"inLanguage\":\"es\",\"potentialAction\":[{\"@type\":\"ReadAction\",\"target\":[\"https:\\\/\\\/www.betonmoulds.com\\\/es\\\/product\\\/jb-fl-xw\\\/\"]}]},{\"@type\":\"ImageObject\",\"inLanguage\":\"es\",\"@id\":\"https:\\\/\\\/www.betonmoulds.com\\\/es\\\/product\\\/jb-fl-xw\\\/#primaryimage\",\"url\":\"https:\\\/\\\/www.betonmoulds.com\\\/wp-content\\\/uploads\\\/2024\\\/01\\\/JB-FL-XW2.jpg\",\"contentUrl\":\"https:\\\/\\\/www.betonmoulds.com\\\/wp-content\\\/uploads\\\/2024\\\/01\\\/JB-FL-XW2.jpg\",\"width\":900,\"height\":900,\"caption\":\"jersey barrier wide forklift insert\"},{\"@type\":\"BreadcrumbList\",\"@id\":\"https:\\\/\\\/www.betonmoulds.com\\\/es\\\/product\\\/jb-fl-xw\\\/#breadcrumb\",\"itemListElement\":[{\"@type\":\"ListItem\",\"position\":1,\"name\":\"Home\",\"item\":\"https:\\\/\\\/www.betonmoulds.com\\\/es\\\/\"},{\"@type\":\"ListItem\",\"position\":2,\"name\":\"Tienda\",\"item\":\"https:\\\/\\\/www.betonmoulds.com\\\/fr\\\/boutique\\\/\"},{\"@type\":\"ListItem\",\"position\":3,\"name\":\"Jersey Perfil XL horquilla carretillas elevadoras inserto para molde\"}]},{\"@type\":\"WebSite\",\"@id\":\"https:\\\/\\\/www.betonmoulds.com\\\/es\\\/#website\",\"url\":\"https:\\\/\\\/www.betonmoulds.com\\\/es\\\/\",\"name\":\"BETONMOULDS\",\"description\":\"Upcycle leftover concrete\",\"potentialAction\":[{\"@type\":\"SearchAction\",\"target\":{\"@type\":\"EntryPoint\",\"urlTemplate\":\"https:\\\/\\\/www.betonmoulds.com\\\/es\\\/?s={search_term_string}\"},\"query-input\":{\"@type\":\"PropertyValueSpecification\",\"valueRequired\":true,\"valueName\":\"search_term_string\"}}],\"inLanguage\":\"es\"}]}<\/script>\n<!-- \/ Yoast SEO plugin. -->","yoast_head_json":{"title":"Jersey Perfil XL horquilla carretillas elevadoras inserto para molde - BETONMOULDS","robots":{"index":"index","follow":"follow","max-snippet":"max-snippet:-1","max-image-preview":"max-image-preview:large","max-video-preview":"max-video-preview:-1"},"canonical":"https:\/\/www.betonmoulds.com\/es\/product\/jb-fl-xw\/","og_locale":"es_ES","og_type":"article","og_title":"Jersey Perfil XL horquilla carretillas elevadoras inserto para molde - BETONMOULDS","og_description":"Utilice estas ranuras extra anchas para carretillas elevadoras en combinaci\u00f3n con nuestro inserto de barrera Jersey y el molde b\u00e1sico. La instalaci\u00f3n y el desmontaje son sencillos.  Los orificios para carretilla elevadora en los bloques de barrera Jersey est\u00e1n dise\u00f1ados para facilitar la colocaci\u00f3n y el movimiento de las barreras utilizando una carretilla elevadora. Los orificios m\u00e1s anchos facilitan a\u00fan m\u00e1s la colocaci\u00f3n de las horquillas.  Estos orificios son aberturas o huecos en las barreras que permiten que las horquillas de la carretilla elevadora se deslicen por debajo de la barrera, facilitando la elevaci\u00f3n, el transporte y la colocaci\u00f3n de las barreras Jersey.  El uso de orificios para carretillas elevadoras en los bloques de barrera Jersey agiliza el proceso de instalaci\u00f3n, permite una elevaci\u00f3n segura, reduce la necesidad de equipos adicionales y mejora la eficiencia general.","og_url":"https:\/\/www.betonmoulds.com\/es\/product\/jb-fl-xw\/","og_site_name":"BETONMOULDS","article_modified_time":"2026-03-19T16:14:19+00:00","og_image":[{"width":900,"height":900,"url":"https:\/\/www.betonmoulds.com\/wp-content\/uploads\/2024\/01\/JB-FL-XW2.jpg","type":"image\/jpeg"}],"twitter_card":"summary_large_image","twitter_misc":{"Tiempo de lectura":"1 minuto"},"schema":{"@context":"https:\/\/schema.org","@graph":[{"@type":"WebPage","@id":"https:\/\/www.betonmoulds.com\/es\/product\/jb-fl-xw\/","url":"https:\/\/www.betonmoulds.com\/es\/product\/jb-fl-xw\/","name":"Jersey Perfil XL horquilla carretillas elevadoras inserto para molde - BETONMOULDS","isPartOf":{"@id":"https:\/\/www.betonmoulds.com\/es\/#website"},"primaryImageOfPage":{"@id":"https:\/\/www.betonmoulds.com\/es\/product\/jb-fl-xw\/#primaryimage"},"image":{"@id":"https:\/\/www.betonmoulds.com\/es\/product\/jb-fl-xw\/#primaryimage"},"thumbnailUrl":"https:\/\/www.betonmoulds.com\/wp-content\/uploads\/2024\/01\/JB-FL-XW2.jpg","datePublished":"2024-01-15T16:43:00+00:00","dateModified":"2026-03-19T16:14:19+00:00","breadcrumb":{"@id":"https:\/\/www.betonmoulds.com\/es\/product\/jb-fl-xw\/#breadcrumb"},"inLanguage":"es","potentialAction":[{"@type":"ReadAction","target":["https:\/\/www.betonmoulds.com\/es\/product\/jb-fl-xw\/"]}]},{"@type":"ImageObject","inLanguage":"es","@id":"https:\/\/www.betonmoulds.com\/es\/product\/jb-fl-xw\/#primaryimage","url":"https:\/\/www.betonmoulds.com\/wp-content\/uploads\/2024\/01\/JB-FL-XW2.jpg","contentUrl":"https:\/\/www.betonmoulds.com\/wp-content\/uploads\/2024\/01\/JB-FL-XW2.jpg","width":900,"height":900,"caption":"jersey barrier wide forklift insert"},{"@type":"BreadcrumbList","@id":"https:\/\/www.betonmoulds.com\/es\/product\/jb-fl-xw\/#breadcrumb","itemListElement":[{"@type":"ListItem","position":1,"name":"Home","item":"https:\/\/www.betonmoulds.com\/es\/"},{"@type":"ListItem","position":2,"name":"Tienda","item":"https:\/\/www.betonmoulds.com\/fr\/boutique\/"},{"@type":"ListItem","position":3,"name":"Jersey Perfil XL horquilla carretillas elevadoras inserto para molde"}]},{"@type":"WebSite","@id":"https:\/\/www.betonmoulds.com\/es\/#website","url":"https:\/\/www.betonmoulds.com\/es\/","name":"BETONMOULDS","description":"Upcycle leftover concrete","potentialAction":[{"@type":"SearchAction","target":{"@type":"EntryPoint","urlTemplate":"https:\/\/www.betonmoulds.com\/es\/?s={search_term_string}"},"query-input":{"@type":"PropertyValueSpecification","valueRequired":true,"valueName":"search_term_string"}}],"inLanguage":"es"}]}},"_links":{"self":[{"href":"https:\/\/www.betonmoulds.com\/es\/wp-json\/wp\/v2\/product\/7586","targetHints":{"allow":["GET"]}}],"collection":[{"href":"https:\/\/www.betonmoulds.com\/es\/wp-json\/wp\/v2\/product"}],"about":[{"href":"https:\/\/www.betonmoulds.com\/es\/wp-json\/wp\/v2\/types\/product"}],"wp:featuredmedia":[{"embeddable":true,"href":"https:\/\/www.betonmoulds.com\/es\/wp-json\/wp\/v2\/media\/7692"}],"wp:attachment":[{"href":"https:\/\/www.betonmoulds.com\/es\/wp-json\/wp\/v2\/media?parent=7586"}],"wp:term":[{"taxonomy":"product_brand","embeddable":true,"href":"https:\/\/www.betonmoulds.com\/es\/wp-json\/wp\/v2\/product_brand?post=7586"},{"taxonomy":"product_cat","embeddable":true,"href":"https:\/\/www.betonmoulds.com\/es\/wp-json\/wp\/v2\/product_cat?post=7586"},{"taxonomy":"product_tag","embeddable":true,"href":"https:\/\/www.betonmoulds.com\/es\/wp-json\/wp\/v2\/product_tag?post=7586"}],"curies":[{"name":"wp","href":"https:\/\/api.w.org\/{rel}","templated":true}]}}