{"id":7574,"date":"2024-01-15T16:20:31","date_gmt":"2024-01-15T16:20:31","guid":{"rendered":"https:\/\/www.betonmoulds.com\/product\/bm-ct-2000-1300\/"},"modified":"2026-03-19T16:14:29","modified_gmt":"2026-03-19T16:14:29","slug":"ct-200-130","status":"publish","type":"product","link":"https:\/\/www.betonmoulds.com\/es\/product\/ct-200-130\/","title":{"rendered":"Mesa de hormigonado 200&#215;130"},"content":{"rendered":"","protected":false},"excerpt":{"rendered":"<p>La mesa de hormigonado permite obtener resultados uniformes al verter hormig\u00f3n en encofrados. La mesa dispone de patas niveladoras en diferentes posiciones para crear una superficie perfectamente nivelada. Extremadamente adecuada para los pesados bloques de hormig\u00f3n. La robusta mesa de acero se puede levantar con una carretilla elevadora o transpaleta.<\/p>\n<p>El tama\u00f1o de esta mesa es de 200 x 130 cm, por lo que es adecuada para moldes de hasta 160x80x80 cm. Para moldes m\u00e1s largos de hasta 180x60x60, ofrecemos <a href=\"https:\/\/www.betonmoulds.com\/es\/product\/ct-220-110\/\"><strong>una mesa de 220 x 110 cm<\/strong><\/a>.<\/p>\n","protected":false},"featured_media":7715,"template":"","meta":[],"product_brand":[],"product_cat":[434,549,559],"product_tag":[],"class_list":{"0":"post-7574","1":"product","2":"type-product","3":"status-publish","4":"has-post-thumbnail","6":"product_cat-accesorios-bloques","7":"product_cat-accesorios-jersey","8":"product_cat-accesorios-muro-de-contencion","10":"first","11":"instock","12":"shipping-taxable","13":"purchasable","14":"product-type-simple"},"yoast_head":"<!-- This site is optimized with the Yoast SEO plugin v27.4 - https:\/\/yoast.com\/product\/yoast-seo-wordpress\/ -->\n<title>Mesa de hormigonado 200x130 - BETONMOULDS<\/title>\n<meta name=\"robots\" content=\"index, follow, max-snippet:-1, max-image-preview:large, max-video-preview:-1\" \/>\n<link rel=\"canonical\" href=\"https:\/\/www.betonmoulds.com\/es\/product\/ct-200-130\/\" \/>\n<meta property=\"og:locale\" content=\"es_ES\" \/>\n<meta property=\"og:type\" content=\"article\" \/>\n<meta property=\"og:title\" content=\"Mesa de hormigonado 200x130 - BETONMOULDS\" \/>\n<meta property=\"og:description\" content=\"La mesa de hormigonado permite obtener resultados uniformes al verter hormig\u00f3n en encofrados. La mesa dispone de patas niveladoras en diferentes posiciones para crear una superficie perfectamente nivelada. Extremadamente adecuada para los pesados bloques de hormig\u00f3n. La robusta mesa de acero se puede levantar con una carretilla elevadora o transpaleta.  El tama\u00f1o de esta mesa es de 200 x 130 cm, por lo que es adecuada para moldes de hasta 160x80x80 cm. Para moldes m\u00e1s largos de hasta 180x60x60, ofrecemos una mesa de 220 x 110 cm.\" \/>\n<meta property=\"og:url\" content=\"https:\/\/www.betonmoulds.com\/es\/product\/ct-200-130\/\" \/>\n<meta property=\"og:site_name\" content=\"BETONMOULDS\" \/>\n<meta property=\"article:modified_time\" content=\"2026-03-19T16:14:29+00:00\" \/>\n<meta property=\"og:image\" content=\"https:\/\/www.betonmoulds.com\/wp-content\/uploads\/2024\/01\/Casting-table-200x130_-Betonmoulds.jpg\" \/>\n\t<meta property=\"og:image:width\" content=\"900\" \/>\n\t<meta property=\"og:image:height\" content=\"900\" \/>\n\t<meta property=\"og:image:type\" content=\"image\/jpeg\" \/>\n<meta name=\"twitter:card\" content=\"summary_large_image\" \/>\n<meta name=\"twitter:label1\" content=\"Tiempo de lectura\" \/>\n\t<meta name=\"twitter:data1\" content=\"1 minuto\" \/>\n<script type=\"application\/ld+json\" class=\"yoast-schema-graph\">{\"@context\":\"https:\\\/\\\/schema.org\",\"@graph\":[{\"@type\":\"WebPage\",\"@id\":\"https:\\\/\\\/www.betonmoulds.com\\\/es\\\/product\\\/ct-200-130\\\/\",\"url\":\"https:\\\/\\\/www.betonmoulds.com\\\/es\\\/product\\\/ct-200-130\\\/\",\"name\":\"Mesa de hormigonado 200x130 - BETONMOULDS\",\"isPartOf\":{\"@id\":\"https:\\\/\\\/www.betonmoulds.com\\\/es\\\/#website\"},\"primaryImageOfPage\":{\"@id\":\"https:\\\/\\\/www.betonmoulds.com\\\/es\\\/product\\\/ct-200-130\\\/#primaryimage\"},\"image\":{\"@id\":\"https:\\\/\\\/www.betonmoulds.com\\\/es\\\/product\\\/ct-200-130\\\/#primaryimage\"},\"thumbnailUrl\":\"https:\\\/\\\/www.betonmoulds.com\\\/wp-content\\\/uploads\\\/2024\\\/01\\\/Casting-table-200x130_-Betonmoulds.jpg\",\"datePublished\":\"2024-01-15T16:20:31+00:00\",\"dateModified\":\"2026-03-19T16:14:29+00:00\",\"breadcrumb\":{\"@id\":\"https:\\\/\\\/www.betonmoulds.com\\\/es\\\/product\\\/ct-200-130\\\/#breadcrumb\"},\"inLanguage\":\"es\",\"potentialAction\":[{\"@type\":\"ReadAction\",\"target\":[\"https:\\\/\\\/www.betonmoulds.com\\\/es\\\/product\\\/ct-200-130\\\/\"]}]},{\"@type\":\"ImageObject\",\"inLanguage\":\"es\",\"@id\":\"https:\\\/\\\/www.betonmoulds.com\\\/es\\\/product\\\/ct-200-130\\\/#primaryimage\",\"url\":\"https:\\\/\\\/www.betonmoulds.com\\\/wp-content\\\/uploads\\\/2024\\\/01\\\/Casting-table-200x130_-Betonmoulds.jpg\",\"contentUrl\":\"https:\\\/\\\/www.betonmoulds.com\\\/wp-content\\\/uploads\\\/2024\\\/01\\\/Casting-table-200x130_-Betonmoulds.jpg\",\"width\":900,\"height\":900,\"caption\":\"Casting table for concrete blocks 200x130\"},{\"@type\":\"BreadcrumbList\",\"@id\":\"https:\\\/\\\/www.betonmoulds.com\\\/es\\\/product\\\/ct-200-130\\\/#breadcrumb\",\"itemListElement\":[{\"@type\":\"ListItem\",\"position\":1,\"name\":\"Home\",\"item\":\"https:\\\/\\\/www.betonmoulds.com\\\/es\\\/\"},{\"@type\":\"ListItem\",\"position\":2,\"name\":\"Tienda\",\"item\":\"https:\\\/\\\/www.betonmoulds.com\\\/fr\\\/boutique\\\/\"},{\"@type\":\"ListItem\",\"position\":3,\"name\":\"Mesa de hormigonado 200&#215;130\"}]},{\"@type\":\"WebSite\",\"@id\":\"https:\\\/\\\/www.betonmoulds.com\\\/es\\\/#website\",\"url\":\"https:\\\/\\\/www.betonmoulds.com\\\/es\\\/\",\"name\":\"BETONMOULDS\",\"description\":\"Upcycle leftover concrete\",\"potentialAction\":[{\"@type\":\"SearchAction\",\"target\":{\"@type\":\"EntryPoint\",\"urlTemplate\":\"https:\\\/\\\/www.betonmoulds.com\\\/es\\\/?s={search_term_string}\"},\"query-input\":{\"@type\":\"PropertyValueSpecification\",\"valueRequired\":true,\"valueName\":\"search_term_string\"}}],\"inLanguage\":\"es\"}]}<\/script>\n<!-- \/ Yoast SEO plugin. -->","yoast_head_json":{"title":"Mesa de hormigonado 200x130 - BETONMOULDS","robots":{"index":"index","follow":"follow","max-snippet":"max-snippet:-1","max-image-preview":"max-image-preview:large","max-video-preview":"max-video-preview:-1"},"canonical":"https:\/\/www.betonmoulds.com\/es\/product\/ct-200-130\/","og_locale":"es_ES","og_type":"article","og_title":"Mesa de hormigonado 200x130 - BETONMOULDS","og_description":"La mesa de hormigonado permite obtener resultados uniformes al verter hormig\u00f3n en encofrados. La mesa dispone de patas niveladoras en diferentes posiciones para crear una superficie perfectamente nivelada. Extremadamente adecuada para los pesados bloques de hormig\u00f3n. La robusta mesa de acero se puede levantar con una carretilla elevadora o transpaleta.  El tama\u00f1o de esta mesa es de 200 x 130 cm, por lo que es adecuada para moldes de hasta 160x80x80 cm. Para moldes m\u00e1s largos de hasta 180x60x60, ofrecemos una mesa de 220 x 110 cm.","og_url":"https:\/\/www.betonmoulds.com\/es\/product\/ct-200-130\/","og_site_name":"BETONMOULDS","article_modified_time":"2026-03-19T16:14:29+00:00","og_image":[{"width":900,"height":900,"url":"https:\/\/www.betonmoulds.com\/wp-content\/uploads\/2024\/01\/Casting-table-200x130_-Betonmoulds.jpg","type":"image\/jpeg"}],"twitter_card":"summary_large_image","twitter_misc":{"Tiempo de lectura":"1 minuto"},"schema":{"@context":"https:\/\/schema.org","@graph":[{"@type":"WebPage","@id":"https:\/\/www.betonmoulds.com\/es\/product\/ct-200-130\/","url":"https:\/\/www.betonmoulds.com\/es\/product\/ct-200-130\/","name":"Mesa de hormigonado 200x130 - BETONMOULDS","isPartOf":{"@id":"https:\/\/www.betonmoulds.com\/es\/#website"},"primaryImageOfPage":{"@id":"https:\/\/www.betonmoulds.com\/es\/product\/ct-200-130\/#primaryimage"},"image":{"@id":"https:\/\/www.betonmoulds.com\/es\/product\/ct-200-130\/#primaryimage"},"thumbnailUrl":"https:\/\/www.betonmoulds.com\/wp-content\/uploads\/2024\/01\/Casting-table-200x130_-Betonmoulds.jpg","datePublished":"2024-01-15T16:20:31+00:00","dateModified":"2026-03-19T16:14:29+00:00","breadcrumb":{"@id":"https:\/\/www.betonmoulds.com\/es\/product\/ct-200-130\/#breadcrumb"},"inLanguage":"es","potentialAction":[{"@type":"ReadAction","target":["https:\/\/www.betonmoulds.com\/es\/product\/ct-200-130\/"]}]},{"@type":"ImageObject","inLanguage":"es","@id":"https:\/\/www.betonmoulds.com\/es\/product\/ct-200-130\/#primaryimage","url":"https:\/\/www.betonmoulds.com\/wp-content\/uploads\/2024\/01\/Casting-table-200x130_-Betonmoulds.jpg","contentUrl":"https:\/\/www.betonmoulds.com\/wp-content\/uploads\/2024\/01\/Casting-table-200x130_-Betonmoulds.jpg","width":900,"height":900,"caption":"Casting table for concrete blocks 200x130"},{"@type":"BreadcrumbList","@id":"https:\/\/www.betonmoulds.com\/es\/product\/ct-200-130\/#breadcrumb","itemListElement":[{"@type":"ListItem","position":1,"name":"Home","item":"https:\/\/www.betonmoulds.com\/es\/"},{"@type":"ListItem","position":2,"name":"Tienda","item":"https:\/\/www.betonmoulds.com\/fr\/boutique\/"},{"@type":"ListItem","position":3,"name":"Mesa de hormigonado 200&#215;130"}]},{"@type":"WebSite","@id":"https:\/\/www.betonmoulds.com\/es\/#website","url":"https:\/\/www.betonmoulds.com\/es\/","name":"BETONMOULDS","description":"Upcycle leftover concrete","potentialAction":[{"@type":"SearchAction","target":{"@type":"EntryPoint","urlTemplate":"https:\/\/www.betonmoulds.com\/es\/?s={search_term_string}"},"query-input":{"@type":"PropertyValueSpecification","valueRequired":true,"valueName":"search_term_string"}}],"inLanguage":"es"}]}},"_links":{"self":[{"href":"https:\/\/www.betonmoulds.com\/es\/wp-json\/wp\/v2\/product\/7574","targetHints":{"allow":["GET"]}}],"collection":[{"href":"https:\/\/www.betonmoulds.com\/es\/wp-json\/wp\/v2\/product"}],"about":[{"href":"https:\/\/www.betonmoulds.com\/es\/wp-json\/wp\/v2\/types\/product"}],"wp:featuredmedia":[{"embeddable":true,"href":"https:\/\/www.betonmoulds.com\/es\/wp-json\/wp\/v2\/media\/7715"}],"wp:attachment":[{"href":"https:\/\/www.betonmoulds.com\/es\/wp-json\/wp\/v2\/media?parent=7574"}],"wp:term":[{"taxonomy":"product_brand","embeddable":true,"href":"https:\/\/www.betonmoulds.com\/es\/wp-json\/wp\/v2\/product_brand?post=7574"},{"taxonomy":"product_cat","embeddable":true,"href":"https:\/\/www.betonmoulds.com\/es\/wp-json\/wp\/v2\/product_cat?post=7574"},{"taxonomy":"product_tag","embeddable":true,"href":"https:\/\/www.betonmoulds.com\/es\/wp-json\/wp\/v2\/product_tag?post=7574"}],"curies":[{"name":"wp","href":"https:\/\/api.w.org\/{rel}","templated":true}]}}