{"id":7497,"date":"2024-01-12T13:05:23","date_gmt":"2024-01-12T13:05:23","guid":{"rendered":"https:\/\/www.betonmoulds.com\/product\/jb-ef\/"},"modified":"2026-03-19T16:12:14","modified_gmt":"2026-03-19T16:12:14","slug":"jb-ef","status":"publish","type":"product","link":"https:\/\/www.betonmoulds.com\/es\/product\/jb-ef\/","title":{"rendered":"Embudo de llenado para molde Jersey"},"content":{"rendered":"","protected":false},"excerpt":{"rendered":"<p>Para minimizar los derrames, ofrecemos una pr\u00e1ctica tolva para verter el hormig\u00f3n en un molde con un <a href=\"https:\/\/www.betonmoulds.com\/es\/product\/jb-160-80-80\/\"><strong>inserto de barrera vial Jersey<\/strong><\/a>. Coloque la tolva encima del molde.<\/p>\n<p>Comience a verter el hormig\u00f3n y deje que fluya uniformemente en el molde para evitar derrames y llenados excesivos. Una vez lleno el molde, retire con cuidado la tolva para no alterar el hormig\u00f3n reci\u00e9n vertido. T\u00f3mese su tiempo para evitar derrames.<\/p>\n<p>Utilice una llana para alisar la superficie de hormig\u00f3n y siga los procedimientos de curado recomendados.<\/p>\n","protected":false},"featured_media":7480,"template":"","meta":[],"product_brand":[],"product_cat":[549],"product_tag":[],"class_list":{"0":"post-7497","1":"product","2":"type-product","3":"status-publish","4":"has-post-thumbnail","6":"product_cat-accesorios-jersey","8":"first","9":"instock","10":"shipping-taxable","11":"purchasable","12":"product-type-simple"},"yoast_head":"<!-- This site is optimized with the Yoast SEO plugin v27.4 - https:\/\/yoast.com\/product\/yoast-seo-wordpress\/ -->\n<title>Embudo de llenado para molde Jersey - BETONMOULDS<\/title>\n<meta name=\"robots\" content=\"index, follow, max-snippet:-1, max-image-preview:large, max-video-preview:-1\" \/>\n<link rel=\"canonical\" href=\"https:\/\/www.betonmoulds.com\/es\/product\/jb-ef\/\" \/>\n<meta property=\"og:locale\" content=\"es_ES\" \/>\n<meta property=\"og:type\" content=\"article\" \/>\n<meta property=\"og:title\" content=\"Embudo de llenado para molde Jersey - BETONMOULDS\" \/>\n<meta property=\"og:description\" content=\"Para minimizar los derrames, ofrecemos una pr\u00e1ctica tolva para verter el hormig\u00f3n en un molde con un inserto de barrera vial Jersey. Coloque la tolva encima del molde.  Comience a verter el hormig\u00f3n y deje que fluya uniformemente en el molde para evitar derrames y llenados excesivos. Una vez lleno el molde, retire con cuidado la tolva para no alterar el hormig\u00f3n reci\u00e9n vertido. T\u00f3mese su tiempo para evitar derrames.  Utilice una llana para alisar la superficie de hormig\u00f3n y siga los procedimientos de curado recomendados.\" \/>\n<meta property=\"og:url\" content=\"https:\/\/www.betonmoulds.com\/es\/product\/jb-ef\/\" \/>\n<meta property=\"og:site_name\" content=\"BETONMOULDS\" \/>\n<meta property=\"article:modified_time\" content=\"2026-03-19T16:12:14+00:00\" \/>\n<meta property=\"og:image\" content=\"https:\/\/www.betonmoulds.com\/wp-content\/uploads\/2024\/01\/JB-EF.jpg\" \/>\n\t<meta property=\"og:image:width\" content=\"900\" \/>\n\t<meta property=\"og:image:height\" content=\"900\" \/>\n\t<meta property=\"og:image:type\" content=\"image\/jpeg\" \/>\n<meta name=\"twitter:card\" content=\"summary_large_image\" \/>\n<meta name=\"twitter:label1\" content=\"Tiempo de lectura\" \/>\n\t<meta name=\"twitter:data1\" content=\"1 minuto\" \/>\n<script type=\"application\/ld+json\" class=\"yoast-schema-graph\">{\"@context\":\"https:\\\/\\\/schema.org\",\"@graph\":[{\"@type\":\"WebPage\",\"@id\":\"https:\\\/\\\/www.betonmoulds.com\\\/es\\\/product\\\/jb-ef\\\/\",\"url\":\"https:\\\/\\\/www.betonmoulds.com\\\/es\\\/product\\\/jb-ef\\\/\",\"name\":\"Embudo de llenado para molde Jersey - BETONMOULDS\",\"isPartOf\":{\"@id\":\"https:\\\/\\\/www.betonmoulds.com\\\/es\\\/#website\"},\"primaryImageOfPage\":{\"@id\":\"https:\\\/\\\/www.betonmoulds.com\\\/es\\\/product\\\/jb-ef\\\/#primaryimage\"},\"image\":{\"@id\":\"https:\\\/\\\/www.betonmoulds.com\\\/es\\\/product\\\/jb-ef\\\/#primaryimage\"},\"thumbnailUrl\":\"https:\\\/\\\/www.betonmoulds.com\\\/wp-content\\\/uploads\\\/2024\\\/01\\\/JB-EF.jpg\",\"datePublished\":\"2024-01-12T13:05:23+00:00\",\"dateModified\":\"2026-03-19T16:12:14+00:00\",\"breadcrumb\":{\"@id\":\"https:\\\/\\\/www.betonmoulds.com\\\/es\\\/product\\\/jb-ef\\\/#breadcrumb\"},\"inLanguage\":\"es\",\"potentialAction\":[{\"@type\":\"ReadAction\",\"target\":[\"https:\\\/\\\/www.betonmoulds.com\\\/es\\\/product\\\/jb-ef\\\/\"]}]},{\"@type\":\"ImageObject\",\"inLanguage\":\"es\",\"@id\":\"https:\\\/\\\/www.betonmoulds.com\\\/es\\\/product\\\/jb-ef\\\/#primaryimage\",\"url\":\"https:\\\/\\\/www.betonmoulds.com\\\/wp-content\\\/uploads\\\/2024\\\/01\\\/JB-EF.jpg\",\"contentUrl\":\"https:\\\/\\\/www.betonmoulds.com\\\/wp-content\\\/uploads\\\/2024\\\/01\\\/JB-EF.jpg\",\"width\":900,\"height\":900,\"caption\":\"jersey barrier easy filler\"},{\"@type\":\"BreadcrumbList\",\"@id\":\"https:\\\/\\\/www.betonmoulds.com\\\/es\\\/product\\\/jb-ef\\\/#breadcrumb\",\"itemListElement\":[{\"@type\":\"ListItem\",\"position\":1,\"name\":\"Home\",\"item\":\"https:\\\/\\\/www.betonmoulds.com\\\/es\\\/\"},{\"@type\":\"ListItem\",\"position\":2,\"name\":\"Tienda\",\"item\":\"https:\\\/\\\/www.betonmoulds.com\\\/fr\\\/boutique\\\/\"},{\"@type\":\"ListItem\",\"position\":3,\"name\":\"Embudo de llenado para molde Jersey\"}]},{\"@type\":\"WebSite\",\"@id\":\"https:\\\/\\\/www.betonmoulds.com\\\/es\\\/#website\",\"url\":\"https:\\\/\\\/www.betonmoulds.com\\\/es\\\/\",\"name\":\"BETONMOULDS\",\"description\":\"Upcycle leftover concrete\",\"potentialAction\":[{\"@type\":\"SearchAction\",\"target\":{\"@type\":\"EntryPoint\",\"urlTemplate\":\"https:\\\/\\\/www.betonmoulds.com\\\/es\\\/?s={search_term_string}\"},\"query-input\":{\"@type\":\"PropertyValueSpecification\",\"valueRequired\":true,\"valueName\":\"search_term_string\"}}],\"inLanguage\":\"es\"}]}<\/script>\n<!-- \/ Yoast SEO plugin. -->","yoast_head_json":{"title":"Embudo de llenado para molde Jersey - BETONMOULDS","robots":{"index":"index","follow":"follow","max-snippet":"max-snippet:-1","max-image-preview":"max-image-preview:large","max-video-preview":"max-video-preview:-1"},"canonical":"https:\/\/www.betonmoulds.com\/es\/product\/jb-ef\/","og_locale":"es_ES","og_type":"article","og_title":"Embudo de llenado para molde Jersey - BETONMOULDS","og_description":"Para minimizar los derrames, ofrecemos una pr\u00e1ctica tolva para verter el hormig\u00f3n en un molde con un inserto de barrera vial Jersey. Coloque la tolva encima del molde.  Comience a verter el hormig\u00f3n y deje que fluya uniformemente en el molde para evitar derrames y llenados excesivos. Una vez lleno el molde, retire con cuidado la tolva para no alterar el hormig\u00f3n reci\u00e9n vertido. T\u00f3mese su tiempo para evitar derrames.  Utilice una llana para alisar la superficie de hormig\u00f3n y siga los procedimientos de curado recomendados.","og_url":"https:\/\/www.betonmoulds.com\/es\/product\/jb-ef\/","og_site_name":"BETONMOULDS","article_modified_time":"2026-03-19T16:12:14+00:00","og_image":[{"width":900,"height":900,"url":"https:\/\/www.betonmoulds.com\/wp-content\/uploads\/2024\/01\/JB-EF.jpg","type":"image\/jpeg"}],"twitter_card":"summary_large_image","twitter_misc":{"Tiempo de lectura":"1 minuto"},"schema":{"@context":"https:\/\/schema.org","@graph":[{"@type":"WebPage","@id":"https:\/\/www.betonmoulds.com\/es\/product\/jb-ef\/","url":"https:\/\/www.betonmoulds.com\/es\/product\/jb-ef\/","name":"Embudo de llenado para molde Jersey - BETONMOULDS","isPartOf":{"@id":"https:\/\/www.betonmoulds.com\/es\/#website"},"primaryImageOfPage":{"@id":"https:\/\/www.betonmoulds.com\/es\/product\/jb-ef\/#primaryimage"},"image":{"@id":"https:\/\/www.betonmoulds.com\/es\/product\/jb-ef\/#primaryimage"},"thumbnailUrl":"https:\/\/www.betonmoulds.com\/wp-content\/uploads\/2024\/01\/JB-EF.jpg","datePublished":"2024-01-12T13:05:23+00:00","dateModified":"2026-03-19T16:12:14+00:00","breadcrumb":{"@id":"https:\/\/www.betonmoulds.com\/es\/product\/jb-ef\/#breadcrumb"},"inLanguage":"es","potentialAction":[{"@type":"ReadAction","target":["https:\/\/www.betonmoulds.com\/es\/product\/jb-ef\/"]}]},{"@type":"ImageObject","inLanguage":"es","@id":"https:\/\/www.betonmoulds.com\/es\/product\/jb-ef\/#primaryimage","url":"https:\/\/www.betonmoulds.com\/wp-content\/uploads\/2024\/01\/JB-EF.jpg","contentUrl":"https:\/\/www.betonmoulds.com\/wp-content\/uploads\/2024\/01\/JB-EF.jpg","width":900,"height":900,"caption":"jersey barrier easy filler"},{"@type":"BreadcrumbList","@id":"https:\/\/www.betonmoulds.com\/es\/product\/jb-ef\/#breadcrumb","itemListElement":[{"@type":"ListItem","position":1,"name":"Home","item":"https:\/\/www.betonmoulds.com\/es\/"},{"@type":"ListItem","position":2,"name":"Tienda","item":"https:\/\/www.betonmoulds.com\/fr\/boutique\/"},{"@type":"ListItem","position":3,"name":"Embudo de llenado para molde Jersey"}]},{"@type":"WebSite","@id":"https:\/\/www.betonmoulds.com\/es\/#website","url":"https:\/\/www.betonmoulds.com\/es\/","name":"BETONMOULDS","description":"Upcycle leftover concrete","potentialAction":[{"@type":"SearchAction","target":{"@type":"EntryPoint","urlTemplate":"https:\/\/www.betonmoulds.com\/es\/?s={search_term_string}"},"query-input":{"@type":"PropertyValueSpecification","valueRequired":true,"valueName":"search_term_string"}}],"inLanguage":"es"}]}},"_links":{"self":[{"href":"https:\/\/www.betonmoulds.com\/es\/wp-json\/wp\/v2\/product\/7497","targetHints":{"allow":["GET"]}}],"collection":[{"href":"https:\/\/www.betonmoulds.com\/es\/wp-json\/wp\/v2\/product"}],"about":[{"href":"https:\/\/www.betonmoulds.com\/es\/wp-json\/wp\/v2\/types\/product"}],"wp:featuredmedia":[{"embeddable":true,"href":"https:\/\/www.betonmoulds.com\/es\/wp-json\/wp\/v2\/media\/7480"}],"wp:attachment":[{"href":"https:\/\/www.betonmoulds.com\/es\/wp-json\/wp\/v2\/media?parent=7497"}],"wp:term":[{"taxonomy":"product_brand","embeddable":true,"href":"https:\/\/www.betonmoulds.com\/es\/wp-json\/wp\/v2\/product_brand?post=7497"},{"taxonomy":"product_cat","embeddable":true,"href":"https:\/\/www.betonmoulds.com\/es\/wp-json\/wp\/v2\/product_cat?post=7497"},{"taxonomy":"product_tag","embeddable":true,"href":"https:\/\/www.betonmoulds.com\/es\/wp-json\/wp\/v2\/product_tag?post=7497"}],"curies":[{"name":"wp","href":"https:\/\/api.w.org\/{rel}","templated":true}]}}