{"id":7425,"date":"2024-01-12T09:49:26","date_gmt":"2024-01-12T09:49:26","guid":{"rendered":"https:\/\/www.betonmoulds.com\/product\/l-160-80-80\/"},"modified":"2026-03-19T16:16:20","modified_gmt":"2026-03-19T16:16:20","slug":"l-160-80-80","status":"publish","type":"product","link":"https:\/\/www.betonmoulds.com\/es\/product\/l-160-80-80\/","title":{"rendered":"Tipo L divisoria para molde 160-80-80"},"content":{"rendered":"","protected":false},"excerpt":{"rendered":"<p>Este inserto para fabricar bloques de hormig\u00f3n para muros de contenci\u00f3n en forma de L es un producto \u00fanico patentado. No se necesitan costosos moldes separados. Se puede utilizar junto con nuestro molde b\u00e1sico para producir una gran variedad de bloques de hormig\u00f3n.<\/p>\n<p>Los elementos prefabricados de hormig\u00f3n del muro de contenci\u00f3n en forma de L pueden fabricarse f\u00e1cilmente con este inserto. Coloque este inserto en nuestro <a href=\"https:\/\/www.betonmoulds.com\/es\/product\/bb-160-80-80-bn\/\"><strong>molde b\u00e1sico<\/strong><\/a> y comience su producci\u00f3n de bloques de muro de contenci\u00f3n.<\/p>\n<p>Los bloques de hormig\u00f3n en forma de L est\u00e1n dise\u00f1ados para retener material y se aplican en la construcci\u00f3n de muros.<\/p>\n<p>Un muro de contenci\u00f3n en forma de L es un muro de hormig\u00f3n prefabricado con un dise\u00f1o en voladizo. La tierra contenida queda encima de la punta del bloque y mejora la calidad de retenci\u00f3n de la estructura. El objetivo principal de un muro de contenci\u00f3n es resistir las presiones laterales creadas por la tierra contenida a dos alturas diferentes.<\/p>\n<p>Los muros de contenci\u00f3n se utilizan para soportar material lateralmente de modo que pueda ser contenido a diferentes niveles en los dos lados. Aptos para la industria, la agricultura, la ingenier\u00eda civil y la construcci\u00f3n residencial. Una soluci\u00f3n perfecta para utilizar en lindes, proyectos de defensa contra inundaciones, paisajismo duro, muros de contenci\u00f3n de carreteras e infraestructuras, silos de zanjas, b\u00fankeres de almacenamiento y pantallas ac\u00fasticas.<\/p>\n<p>Dimensiones de los bloques en L: 160 cm (pata larga), 80 cm (pata corta), 80 cm (ancho). Espesor 10 cm. \u00bfNecesita bloques m\u00e1s largos? Disponemos de una<a href=\"https:\/\/www.betonmoulds.com\/es\/product\/l-200-80-80-ext\/\"><strong> pieza de ampliaci\u00f3n<\/strong><\/a> de este producto para alcanzar una altura total de pared de 2 metros.<\/p>\n<p>La versatilidad de nuestro inserto patentado de muro en L se ampl\u00eda a\u00fan m\u00e1s con la inclusi\u00f3n de dos placas divisorias que vienen con el inserto. Al instalar estas placas divisorias en el molde, los clientes pueden producir diferentes alturas de v\u00e1stago de bloques de muros de contenci\u00f3n. Esta flexibilidad le permite adaptarse a los diferentes requisitos del proyecto sin necesidad de equipos o moldes adicionales.<\/p>\n","protected":false},"featured_media":9377,"template":"","meta":[],"product_brand":[],"product_cat":[563],"product_tag":[],"class_list":{"0":"post-7425","1":"product","2":"type-product","3":"status-publish","4":"has-post-thumbnail","6":"product_cat-inserciones-divisores-muro-de-contencion","8":"first","9":"instock","10":"shipping-taxable","11":"purchasable","12":"product-type-simple"},"yoast_head":"<!-- This site is optimized with the Yoast SEO plugin v27.4 - https:\/\/yoast.com\/product\/yoast-seo-wordpress\/ -->\n<title>Molde de hormig\u00f3n para muro de contenci\u00f3n tipo L 160-80-80 - BETONMOULDS<\/title>\n<meta name=\"robots\" content=\"index, follow, max-snippet:-1, max-image-preview:large, max-video-preview:-1\" \/>\n<link rel=\"canonical\" href=\"https:\/\/www.betonmoulds.com\/es\/product\/l-160-80-80\/\" \/>\n<meta property=\"og:locale\" content=\"es_ES\" \/>\n<meta property=\"og:type\" content=\"article\" \/>\n<meta property=\"og:title\" content=\"Molde de hormig\u00f3n para muro de contenci\u00f3n tipo L 160-80-80 - BETONMOULDS\" \/>\n<meta property=\"og:description\" content=\"Este inserto para fabricar bloques de hormig\u00f3n para muros de contenci\u00f3n en forma de L es un producto \u00fanico patentado. No se necesitan costosos moldes separados. Se puede utilizar junto con nuestro molde b\u00e1sico para producir una gran variedad de bloques de hormig\u00f3n.  Los elementos prefabricados de hormig\u00f3n del muro de contenci\u00f3n en forma de L pueden fabricarse f\u00e1cilmente con este inserto. Coloque este inserto en nuestro molde b\u00e1sico y comience su producci\u00f3n de bloques de muro de contenci\u00f3n.  Los bloques de hormig\u00f3n en forma de L est\u00e1n dise\u00f1ados para retener material y se aplican en la construcci\u00f3n de muros.  Un muro de contenci\u00f3n en forma de L es un muro de hormig\u00f3n prefabricado con un dise\u00f1o en voladizo. La tierra contenida queda encima de la punta del bloque y mejora la calidad de retenci\u00f3n de la estructura. El objetivo principal de un muro de contenci\u00f3n es resistir las presiones laterales creadas por la tierra contenida a dos alturas diferentes.  Los muros de contenci\u00f3n se utilizan para soportar material lateralmente de modo que pueda ser contenido a diferentes niveles en los dos lados. Aptos para la industria, la agricultura, la ingenier\u00eda civil y la construcci\u00f3n residencial. Una soluci\u00f3n perfecta para utilizar en lindes, proyectos de defensa contra inundaciones, paisajismo duro, muros de contenci\u00f3n de carreteras e infraestructuras, silos de zanjas, b\u00fankeres de almacenamiento y pantallas ac\u00fasticas.  Dimensiones de los bloques en L: 160 cm (pata larga), 80 cm (pata corta), 80 cm (ancho). Espesor 10 cm. \u00bfNecesita bloques m\u00e1s largos? Disponemos de una pieza de ampliaci\u00f3n de este producto para alcanzar una altura total de pared de 2 metros.  La versatilidad de nuestro inserto patentado de muro en L se ampl\u00eda a\u00fan m\u00e1s con la inclusi\u00f3n de dos placas divisorias que vienen con el inserto. Al instalar estas placas divisorias en el molde, los clientes pueden producir diferentes alturas de v\u00e1stago de bloques de muros de contenci\u00f3n. Esta flexibilidad le permite adaptarse a los diferentes requisitos del proyecto sin necesidad de equipos o moldes adicionales.\" \/>\n<meta property=\"og:url\" content=\"https:\/\/www.betonmoulds.com\/es\/product\/l-160-80-80\/\" \/>\n<meta property=\"og:site_name\" content=\"BETONMOULDS\" \/>\n<meta property=\"article:modified_time\" content=\"2026-03-19T16:16:20+00:00\" \/>\n<meta property=\"og:image\" content=\"https:\/\/www.betonmoulds.com\/wp-content\/uploads\/2024\/01\/L-160-80-80-2.jpg\" \/>\n\t<meta property=\"og:image:width\" content=\"900\" \/>\n\t<meta property=\"og:image:height\" content=\"900\" \/>\n\t<meta property=\"og:image:type\" content=\"image\/jpeg\" \/>\n<meta name=\"twitter:card\" content=\"summary_large_image\" \/>\n<meta name=\"twitter:label1\" content=\"Tiempo de lectura\" \/>\n\t<meta name=\"twitter:data1\" content=\"1 minuto\" \/>\n<script type=\"application\/ld+json\" class=\"yoast-schema-graph\">{\"@context\":\"https:\\\/\\\/schema.org\",\"@graph\":[{\"@type\":\"WebPage\",\"@id\":\"https:\\\/\\\/www.betonmoulds.com\\\/es\\\/product\\\/l-160-80-80\\\/\",\"url\":\"https:\\\/\\\/www.betonmoulds.com\\\/es\\\/product\\\/l-160-80-80\\\/\",\"name\":\"Molde de hormig\u00f3n para muro de contenci\u00f3n tipo L 160-80-80 - BETONMOULDS\",\"isPartOf\":{\"@id\":\"https:\\\/\\\/www.betonmoulds.com\\\/es\\\/#website\"},\"primaryImageOfPage\":{\"@id\":\"https:\\\/\\\/www.betonmoulds.com\\\/es\\\/product\\\/l-160-80-80\\\/#primaryimage\"},\"image\":{\"@id\":\"https:\\\/\\\/www.betonmoulds.com\\\/es\\\/product\\\/l-160-80-80\\\/#primaryimage\"},\"thumbnailUrl\":\"https:\\\/\\\/www.betonmoulds.com\\\/wp-content\\\/uploads\\\/2024\\\/01\\\/L-160-80-80-2.jpg\",\"datePublished\":\"2024-01-12T09:49:26+00:00\",\"dateModified\":\"2026-03-19T16:16:20+00:00\",\"breadcrumb\":{\"@id\":\"https:\\\/\\\/www.betonmoulds.com\\\/es\\\/product\\\/l-160-80-80\\\/#breadcrumb\"},\"inLanguage\":\"es\",\"potentialAction\":[{\"@type\":\"ReadAction\",\"target\":[\"https:\\\/\\\/www.betonmoulds.com\\\/es\\\/product\\\/l-160-80-80\\\/\"]}]},{\"@type\":\"ImageObject\",\"inLanguage\":\"es\",\"@id\":\"https:\\\/\\\/www.betonmoulds.com\\\/es\\\/product\\\/l-160-80-80\\\/#primaryimage\",\"url\":\"https:\\\/\\\/www.betonmoulds.com\\\/wp-content\\\/uploads\\\/2024\\\/01\\\/L-160-80-80-2.jpg\",\"contentUrl\":\"https:\\\/\\\/www.betonmoulds.com\\\/wp-content\\\/uploads\\\/2024\\\/01\\\/L-160-80-80-2.jpg\",\"width\":900,\"height\":900,\"caption\":\"mould for L-shape concrete block 160-80-80\"},{\"@type\":\"BreadcrumbList\",\"@id\":\"https:\\\/\\\/www.betonmoulds.com\\\/es\\\/product\\\/l-160-80-80\\\/#breadcrumb\",\"itemListElement\":[{\"@type\":\"ListItem\",\"position\":1,\"name\":\"Home\",\"item\":\"https:\\\/\\\/www.betonmoulds.com\\\/es\\\/\"},{\"@type\":\"ListItem\",\"position\":2,\"name\":\"Tienda\",\"item\":\"https:\\\/\\\/www.betonmoulds.com\\\/fr\\\/boutique\\\/\"},{\"@type\":\"ListItem\",\"position\":3,\"name\":\"Tipo L divisoria para molde 160-80-80\"}]},{\"@type\":\"WebSite\",\"@id\":\"https:\\\/\\\/www.betonmoulds.com\\\/es\\\/#website\",\"url\":\"https:\\\/\\\/www.betonmoulds.com\\\/es\\\/\",\"name\":\"BETONMOULDS\",\"description\":\"Upcycle leftover concrete\",\"potentialAction\":[{\"@type\":\"SearchAction\",\"target\":{\"@type\":\"EntryPoint\",\"urlTemplate\":\"https:\\\/\\\/www.betonmoulds.com\\\/es\\\/?s={search_term_string}\"},\"query-input\":{\"@type\":\"PropertyValueSpecification\",\"valueRequired\":true,\"valueName\":\"search_term_string\"}}],\"inLanguage\":\"es\"}]}<\/script>\n<!-- \/ Yoast SEO plugin. -->","yoast_head_json":{"title":"Molde de hormig\u00f3n para muro de contenci\u00f3n tipo L 160-80-80 - BETONMOULDS","robots":{"index":"index","follow":"follow","max-snippet":"max-snippet:-1","max-image-preview":"max-image-preview:large","max-video-preview":"max-video-preview:-1"},"canonical":"https:\/\/www.betonmoulds.com\/es\/product\/l-160-80-80\/","og_locale":"es_ES","og_type":"article","og_title":"Molde de hormig\u00f3n para muro de contenci\u00f3n tipo L 160-80-80 - BETONMOULDS","og_description":"Este inserto para fabricar bloques de hormig\u00f3n para muros de contenci\u00f3n en forma de L es un producto \u00fanico patentado. No se necesitan costosos moldes separados. Se puede utilizar junto con nuestro molde b\u00e1sico para producir una gran variedad de bloques de hormig\u00f3n.  Los elementos prefabricados de hormig\u00f3n del muro de contenci\u00f3n en forma de L pueden fabricarse f\u00e1cilmente con este inserto. Coloque este inserto en nuestro molde b\u00e1sico y comience su producci\u00f3n de bloques de muro de contenci\u00f3n.  Los bloques de hormig\u00f3n en forma de L est\u00e1n dise\u00f1ados para retener material y se aplican en la construcci\u00f3n de muros.  Un muro de contenci\u00f3n en forma de L es un muro de hormig\u00f3n prefabricado con un dise\u00f1o en voladizo. La tierra contenida queda encima de la punta del bloque y mejora la calidad de retenci\u00f3n de la estructura. El objetivo principal de un muro de contenci\u00f3n es resistir las presiones laterales creadas por la tierra contenida a dos alturas diferentes.  Los muros de contenci\u00f3n se utilizan para soportar material lateralmente de modo que pueda ser contenido a diferentes niveles en los dos lados. Aptos para la industria, la agricultura, la ingenier\u00eda civil y la construcci\u00f3n residencial. Una soluci\u00f3n perfecta para utilizar en lindes, proyectos de defensa contra inundaciones, paisajismo duro, muros de contenci\u00f3n de carreteras e infraestructuras, silos de zanjas, b\u00fankeres de almacenamiento y pantallas ac\u00fasticas.  Dimensiones de los bloques en L: 160 cm (pata larga), 80 cm (pata corta), 80 cm (ancho). Espesor 10 cm. \u00bfNecesita bloques m\u00e1s largos? Disponemos de una pieza de ampliaci\u00f3n de este producto para alcanzar una altura total de pared de 2 metros.  La versatilidad de nuestro inserto patentado de muro en L se ampl\u00eda a\u00fan m\u00e1s con la inclusi\u00f3n de dos placas divisorias que vienen con el inserto. Al instalar estas placas divisorias en el molde, los clientes pueden producir diferentes alturas de v\u00e1stago de bloques de muros de contenci\u00f3n. Esta flexibilidad le permite adaptarse a los diferentes requisitos del proyecto sin necesidad de equipos o moldes adicionales.","og_url":"https:\/\/www.betonmoulds.com\/es\/product\/l-160-80-80\/","og_site_name":"BETONMOULDS","article_modified_time":"2026-03-19T16:16:20+00:00","og_image":[{"width":900,"height":900,"url":"https:\/\/www.betonmoulds.com\/wp-content\/uploads\/2024\/01\/L-160-80-80-2.jpg","type":"image\/jpeg"}],"twitter_card":"summary_large_image","twitter_misc":{"Tiempo de lectura":"1 minuto"},"schema":{"@context":"https:\/\/schema.org","@graph":[{"@type":"WebPage","@id":"https:\/\/www.betonmoulds.com\/es\/product\/l-160-80-80\/","url":"https:\/\/www.betonmoulds.com\/es\/product\/l-160-80-80\/","name":"Molde de hormig\u00f3n para muro de contenci\u00f3n tipo L 160-80-80 - BETONMOULDS","isPartOf":{"@id":"https:\/\/www.betonmoulds.com\/es\/#website"},"primaryImageOfPage":{"@id":"https:\/\/www.betonmoulds.com\/es\/product\/l-160-80-80\/#primaryimage"},"image":{"@id":"https:\/\/www.betonmoulds.com\/es\/product\/l-160-80-80\/#primaryimage"},"thumbnailUrl":"https:\/\/www.betonmoulds.com\/wp-content\/uploads\/2024\/01\/L-160-80-80-2.jpg","datePublished":"2024-01-12T09:49:26+00:00","dateModified":"2026-03-19T16:16:20+00:00","breadcrumb":{"@id":"https:\/\/www.betonmoulds.com\/es\/product\/l-160-80-80\/#breadcrumb"},"inLanguage":"es","potentialAction":[{"@type":"ReadAction","target":["https:\/\/www.betonmoulds.com\/es\/product\/l-160-80-80\/"]}]},{"@type":"ImageObject","inLanguage":"es","@id":"https:\/\/www.betonmoulds.com\/es\/product\/l-160-80-80\/#primaryimage","url":"https:\/\/www.betonmoulds.com\/wp-content\/uploads\/2024\/01\/L-160-80-80-2.jpg","contentUrl":"https:\/\/www.betonmoulds.com\/wp-content\/uploads\/2024\/01\/L-160-80-80-2.jpg","width":900,"height":900,"caption":"mould for L-shape concrete block 160-80-80"},{"@type":"BreadcrumbList","@id":"https:\/\/www.betonmoulds.com\/es\/product\/l-160-80-80\/#breadcrumb","itemListElement":[{"@type":"ListItem","position":1,"name":"Home","item":"https:\/\/www.betonmoulds.com\/es\/"},{"@type":"ListItem","position":2,"name":"Tienda","item":"https:\/\/www.betonmoulds.com\/fr\/boutique\/"},{"@type":"ListItem","position":3,"name":"Tipo L divisoria para molde 160-80-80"}]},{"@type":"WebSite","@id":"https:\/\/www.betonmoulds.com\/es\/#website","url":"https:\/\/www.betonmoulds.com\/es\/","name":"BETONMOULDS","description":"Upcycle leftover concrete","potentialAction":[{"@type":"SearchAction","target":{"@type":"EntryPoint","urlTemplate":"https:\/\/www.betonmoulds.com\/es\/?s={search_term_string}"},"query-input":{"@type":"PropertyValueSpecification","valueRequired":true,"valueName":"search_term_string"}}],"inLanguage":"es"}]}},"_links":{"self":[{"href":"https:\/\/www.betonmoulds.com\/es\/wp-json\/wp\/v2\/product\/7425","targetHints":{"allow":["GET"]}}],"collection":[{"href":"https:\/\/www.betonmoulds.com\/es\/wp-json\/wp\/v2\/product"}],"about":[{"href":"https:\/\/www.betonmoulds.com\/es\/wp-json\/wp\/v2\/types\/product"}],"wp:featuredmedia":[{"embeddable":true,"href":"https:\/\/www.betonmoulds.com\/es\/wp-json\/wp\/v2\/media\/9377"}],"wp:attachment":[{"href":"https:\/\/www.betonmoulds.com\/es\/wp-json\/wp\/v2\/media?parent=7425"}],"wp:term":[{"taxonomy":"product_brand","embeddable":true,"href":"https:\/\/www.betonmoulds.com\/es\/wp-json\/wp\/v2\/product_brand?post=7425"},{"taxonomy":"product_cat","embeddable":true,"href":"https:\/\/www.betonmoulds.com\/es\/wp-json\/wp\/v2\/product_cat?post=7425"},{"taxonomy":"product_tag","embeddable":true,"href":"https:\/\/www.betonmoulds.com\/es\/wp-json\/wp\/v2\/product_tag?post=7425"}],"curies":[{"name":"wp","href":"https:\/\/api.w.org\/{rel}","templated":true}]}}