{"id":7358,"date":"2024-01-11T17:25:16","date_gmt":"2024-01-11T17:25:16","guid":{"rendered":"https:\/\/www.betonmoulds.com\/product\/jb-160-80-80\/"},"modified":"2026-03-19T16:14:18","modified_gmt":"2026-03-19T16:14:18","slug":"jb-160-80-80","status":"publish","type":"product","link":"https:\/\/www.betonmoulds.com\/es\/product\/jb-160-80-80\/","title":{"rendered":"Jersey inserto para molde 160-80-80"},"content":{"rendered":"","protected":false},"excerpt":{"rendered":"<p>El \u00fanico inserto patentado para fabricar barreras de jersey de hormig\u00f3n. Sin necesidad de costosos moldes separados. Se puede utilizar junto con nuestro molde b\u00e1sico para producir una gran variedad de bloques de hormig\u00f3n.<\/p>\n<p>Tambi\u00e9n <a href=\"https:\/\/www.betonmoulds.com\/es\/product\/jb-200-80-80\/\"><strong>disponible en 200 cm<\/strong><\/a>.<\/p>\n<p>Las barreras de jersey reducen el riesgo de accidentes y se utilizan para gestionar el tr\u00e1fico y la seguridad en carreteras y obras, eventos multitudinarios y festivales. Las barreras de hormig\u00f3n prefabricado ofrecen la m\u00e1xima durabilidad y requieren un mantenimiento m\u00ednimo.<\/p>\n<p>Estos bloques de barrera de seguridad vial ofrecen una soluci\u00f3n r\u00e1pida y eficaz para la protecci\u00f3n perimetral anti-veh\u00edculos y la gesti\u00f3n de accesos restringidos. Especialmente \u00fatiles para proteger pol\u00edgonos industriales, obras de construcci\u00f3n, edificios desocupados y para delimitar rutas peatonales, zonas de tr\u00e1fico y de almacenamiento.<\/p>\n<p><strong>F\u00e1cil manipulaci\u00f3n de barreras <\/strong><\/p>\n<p>Se puede fabricar un bloque de hormig\u00f3n con ranuras para carretillas elevadoras utilizando los insertos de <a href=\"https:\/\/www.betonmoulds.com\/es\/product\/fl-80\/\"><strong>ranuras para carretillas elevadoras<\/strong><\/a>. Las ranuras para carretillas elevadoras permiten mover la barrera prefabricada de Jersey con un m\u00ednimo de tiempo y mano de obra. Ideal cuando las barreras se utilizan temporalmente para dirigir el tr\u00e1fico durante la construcci\u00f3n y el cierre de carreteras y para la gesti\u00f3n del control de multitudes en festivales.<\/p>\n<p><strong>Bloques de barrera de menor longitud <\/strong><\/p>\n<p>\u00bfNecesita producir bloques m\u00e1s peque\u00f1os de barreras jersey adecuados para su proyecto? Utilice el <a href=\"https:\/\/www.betonmoulds.com\/es\/product\/jb-dp-0\/\"><strong>divisor de moldes<\/strong><\/a> para acortar verticalmente el molde.<\/p>\n<p><strong>Bloques de barrera de extremo inclinado <\/strong><\/p>\n<p>Los bloques Jersey con extremo inclinado se utilizan cuando se necesita una barrera con una transici\u00f3n suave de alto a bajo. La transici\u00f3n suave se puede crear instalando el<a href=\"https:\/\/www.betonmoulds.com\/es\/product\/jb-sb-60\/\"><strong> inserto de pendiente<\/strong><\/a> en el molde.<\/p>\n<p><strong>Relleno f\u00e1cil <\/strong><\/p>\n<p>Suministramos <a href=\"https:\/\/www.betonmoulds.com\/es\/product\/jb-ef\/\"><strong>tolvas de relleno f\u00e1cil<\/strong><\/a> para guiar el hormig\u00f3n a trav\u00e9s de la estrecha abertura durante el vertido.<\/p>\n<p><strong>Accesorios de fijaci\u00f3n <\/strong><\/p>\n<p>Aseg\u00farese de que el molde est\u00e9 sobre una superficie plana y utilice nuestra <a href=\"https:\/\/www.betonmoulds.com\/es\/product\/ct-200-130\/\"><strong>mesa de hormigonado con patas ajustables<\/strong><\/a>.<\/p>\n<p>Para evitar que el molde se levante del suelo al verter el hormig\u00f3n demasiado r\u00e1pido (riesgo de flotaci\u00f3n), recomendamos encarecidamente utilizar dos correas de amarre para fijar el molde a la mesa de hormigonado.<\/p>\n<p>O simplemente mueva las correas de amarre debajo de la placa base (placa de acero o panel de madera contrachapada) si no se utiliza una mesa de hormigonado, y asegure el molde de la barrera Jersey al suelo de esta manera. Las correas de amarre pueden engancharse f\u00e1cilmente en los orificios de las placas de refuerzo de los laterales del molde.<\/p>\n<p><strong>Elevaci\u00f3n y transporte <\/strong><\/p>\n<p>Para levantar y transportar los bloques de hormig\u00f3n de la barrera Jersey se dispone de una pinza de elevaci\u00f3n mec\u00e1nica. Tambi\u00e9n hay disponible un sistema de transporte con anclajes de cabeza, embragues de elevaci\u00f3n y yugo de elevaci\u00f3n para una carretilla elevadora.<\/p>\n","protected":false},"featured_media":7322,"template":"","meta":[],"product_brand":[],"product_cat":[553],"product_tag":[],"class_list":{"0":"post-7358","1":"product","2":"type-product","3":"status-publish","4":"has-post-thumbnail","6":"product_cat-inserciones-divisores-jersey","8":"first","9":"instock","10":"shipping-taxable","11":"purchasable","12":"product-type-simple"},"yoast_head":"<!-- This site is optimized with the Yoast SEO plugin v27.4 - https:\/\/yoast.com\/product\/yoast-seo-wordpress\/ -->\n<title>Jersey inserto para molde 160-80-80 - BETONMOULDS<\/title>\n<meta name=\"robots\" content=\"index, follow, max-snippet:-1, max-image-preview:large, max-video-preview:-1\" \/>\n<link rel=\"canonical\" href=\"https:\/\/www.betonmoulds.com\/es\/product\/jb-160-80-80\/\" \/>\n<meta property=\"og:locale\" content=\"es_ES\" \/>\n<meta property=\"og:type\" content=\"article\" \/>\n<meta property=\"og:title\" content=\"Jersey inserto para molde 160-80-80 - BETONMOULDS\" \/>\n<meta property=\"og:description\" content=\"El \u00fanico inserto patentado para fabricar barreras de jersey de hormig\u00f3n. Sin necesidad de costosos moldes separados. Se puede utilizar junto con nuestro molde b\u00e1sico para producir una gran variedad de bloques de hormig\u00f3n.  Tambi\u00e9n disponible en 200 cm.  Las barreras de jersey reducen el riesgo de accidentes y se utilizan para gestionar el tr\u00e1fico y la seguridad en carreteras y obras, eventos multitudinarios y festivales. Las barreras de hormig\u00f3n prefabricado ofrecen la m\u00e1xima durabilidad y requieren un mantenimiento m\u00ednimo.  Estos bloques de barrera de seguridad vial ofrecen una soluci\u00f3n r\u00e1pida y eficaz para la protecci\u00f3n perimetral anti-veh\u00edculos y la gesti\u00f3n de accesos restringidos. Especialmente \u00fatiles para proteger pol\u00edgonos industriales, obras de construcci\u00f3n, edificios desocupados y para delimitar rutas peatonales, zonas de tr\u00e1fico y de almacenamiento.  F\u00e1cil manipulaci\u00f3n de barreras   Se puede fabricar un bloque de hormig\u00f3n con ranuras para carretillas elevadoras utilizando los insertos de ranuras para carretillas elevadoras. Las ranuras para carretillas elevadoras permiten mover la barrera prefabricada de Jersey con un m\u00ednimo de tiempo y mano de obra. Ideal cuando las barreras se utilizan temporalmente para dirigir el tr\u00e1fico durante la construcci\u00f3n y el cierre de carreteras y para la gesti\u00f3n del control de multitudes en festivales.  Bloques de barrera de menor longitud   \u00bfNecesita producir bloques m\u00e1s peque\u00f1os de barreras jersey adecuados para su proyecto? Utilice el divisor de moldes para acortar verticalmente el molde.  Bloques de barrera de extremo inclinado   Los bloques Jersey con extremo inclinado se utilizan cuando se necesita una barrera con una transici\u00f3n suave de alto a bajo. La transici\u00f3n suave se puede crear instalando el inserto de pendiente en el molde.  Relleno f\u00e1cil   Suministramos tolvas de relleno f\u00e1cil para guiar el hormig\u00f3n a trav\u00e9s de la estrecha abertura durante el vertido.  Accesorios de fijaci\u00f3n   Aseg\u00farese de que el molde est\u00e9 sobre una superficie plana y utilice nuestra mesa de hormigonado con patas ajustables.  Para evitar que el molde se levante del suelo al verter el hormig\u00f3n demasiado r\u00e1pido (riesgo de flotaci\u00f3n), recomendamos encarecidamente utilizar dos correas de amarre para fijar el molde a la mesa de hormigonado.  O simplemente mueva las correas de amarre debajo de la placa base (placa de acero o panel de madera contrachapada) si no se utiliza una mesa de hormigonado, y asegure el molde de la barrera Jersey al suelo de esta manera. Las correas de amarre pueden engancharse f\u00e1cilmente en los orificios de las placas de refuerzo de los laterales del molde.  Elevaci\u00f3n y transporte   Para levantar y transportar los bloques de hormig\u00f3n de la barrera Jersey se dispone de una pinza de elevaci\u00f3n mec\u00e1nica. Tambi\u00e9n hay disponible un sistema de transporte con anclajes de cabeza, embragues de elevaci\u00f3n y yugo de elevaci\u00f3n para una carretilla elevadora.\" \/>\n<meta property=\"og:url\" content=\"https:\/\/www.betonmoulds.com\/es\/product\/jb-160-80-80\/\" \/>\n<meta property=\"og:site_name\" content=\"BETONMOULDS\" \/>\n<meta property=\"article:modified_time\" content=\"2026-03-19T16:14:18+00:00\" \/>\n<meta property=\"og:image\" content=\"https:\/\/www.betonmoulds.com\/wp-content\/uploads\/2024\/01\/JB-160-80-80.jpg\" \/>\n\t<meta property=\"og:image:width\" content=\"900\" \/>\n\t<meta property=\"og:image:height\" content=\"900\" \/>\n\t<meta property=\"og:image:type\" content=\"image\/jpeg\" \/>\n<meta name=\"twitter:card\" content=\"summary_large_image\" \/>\n<meta name=\"twitter:label1\" content=\"Tiempo de lectura\" \/>\n\t<meta name=\"twitter:data1\" content=\"1 minuto\" \/>\n<script type=\"application\/ld+json\" class=\"yoast-schema-graph\">{\"@context\":\"https:\\\/\\\/schema.org\",\"@graph\":[{\"@type\":\"WebPage\",\"@id\":\"https:\\\/\\\/www.betonmoulds.com\\\/es\\\/product\\\/jb-160-80-80\\\/\",\"url\":\"https:\\\/\\\/www.betonmoulds.com\\\/es\\\/product\\\/jb-160-80-80\\\/\",\"name\":\"Jersey inserto para molde 160-80-80 - BETONMOULDS\",\"isPartOf\":{\"@id\":\"https:\\\/\\\/www.betonmoulds.com\\\/es\\\/#website\"},\"primaryImageOfPage\":{\"@id\":\"https:\\\/\\\/www.betonmoulds.com\\\/es\\\/product\\\/jb-160-80-80\\\/#primaryimage\"},\"image\":{\"@id\":\"https:\\\/\\\/www.betonmoulds.com\\\/es\\\/product\\\/jb-160-80-80\\\/#primaryimage\"},\"thumbnailUrl\":\"https:\\\/\\\/www.betonmoulds.com\\\/wp-content\\\/uploads\\\/2024\\\/01\\\/JB-160-80-80.jpg\",\"datePublished\":\"2024-01-11T17:25:16+00:00\",\"dateModified\":\"2026-03-19T16:14:18+00:00\",\"breadcrumb\":{\"@id\":\"https:\\\/\\\/www.betonmoulds.com\\\/es\\\/product\\\/jb-160-80-80\\\/#breadcrumb\"},\"inLanguage\":\"es\",\"potentialAction\":[{\"@type\":\"ReadAction\",\"target\":[\"https:\\\/\\\/www.betonmoulds.com\\\/es\\\/product\\\/jb-160-80-80\\\/\"]}]},{\"@type\":\"ImageObject\",\"inLanguage\":\"es\",\"@id\":\"https:\\\/\\\/www.betonmoulds.com\\\/es\\\/product\\\/jb-160-80-80\\\/#primaryimage\",\"url\":\"https:\\\/\\\/www.betonmoulds.com\\\/wp-content\\\/uploads\\\/2024\\\/01\\\/JB-160-80-80.jpg\",\"contentUrl\":\"https:\\\/\\\/www.betonmoulds.com\\\/wp-content\\\/uploads\\\/2024\\\/01\\\/JB-160-80-80.jpg\",\"width\":900,\"height\":900},{\"@type\":\"BreadcrumbList\",\"@id\":\"https:\\\/\\\/www.betonmoulds.com\\\/es\\\/product\\\/jb-160-80-80\\\/#breadcrumb\",\"itemListElement\":[{\"@type\":\"ListItem\",\"position\":1,\"name\":\"Home\",\"item\":\"https:\\\/\\\/www.betonmoulds.com\\\/es\\\/\"},{\"@type\":\"ListItem\",\"position\":2,\"name\":\"Tienda\",\"item\":\"https:\\\/\\\/www.betonmoulds.com\\\/fr\\\/boutique\\\/\"},{\"@type\":\"ListItem\",\"position\":3,\"name\":\"Jersey inserto para molde 160-80-80\"}]},{\"@type\":\"WebSite\",\"@id\":\"https:\\\/\\\/www.betonmoulds.com\\\/es\\\/#website\",\"url\":\"https:\\\/\\\/www.betonmoulds.com\\\/es\\\/\",\"name\":\"BETONMOULDS\",\"description\":\"Upcycle leftover concrete\",\"potentialAction\":[{\"@type\":\"SearchAction\",\"target\":{\"@type\":\"EntryPoint\",\"urlTemplate\":\"https:\\\/\\\/www.betonmoulds.com\\\/es\\\/?s={search_term_string}\"},\"query-input\":{\"@type\":\"PropertyValueSpecification\",\"valueRequired\":true,\"valueName\":\"search_term_string\"}}],\"inLanguage\":\"es\"}]}<\/script>\n<!-- \/ Yoast SEO plugin. -->","yoast_head_json":{"title":"Jersey inserto para molde 160-80-80 - BETONMOULDS","robots":{"index":"index","follow":"follow","max-snippet":"max-snippet:-1","max-image-preview":"max-image-preview:large","max-video-preview":"max-video-preview:-1"},"canonical":"https:\/\/www.betonmoulds.com\/es\/product\/jb-160-80-80\/","og_locale":"es_ES","og_type":"article","og_title":"Jersey inserto para molde 160-80-80 - BETONMOULDS","og_description":"El \u00fanico inserto patentado para fabricar barreras de jersey de hormig\u00f3n. Sin necesidad de costosos moldes separados. Se puede utilizar junto con nuestro molde b\u00e1sico para producir una gran variedad de bloques de hormig\u00f3n.  Tambi\u00e9n disponible en 200 cm.  Las barreras de jersey reducen el riesgo de accidentes y se utilizan para gestionar el tr\u00e1fico y la seguridad en carreteras y obras, eventos multitudinarios y festivales. Las barreras de hormig\u00f3n prefabricado ofrecen la m\u00e1xima durabilidad y requieren un mantenimiento m\u00ednimo.  Estos bloques de barrera de seguridad vial ofrecen una soluci\u00f3n r\u00e1pida y eficaz para la protecci\u00f3n perimetral anti-veh\u00edculos y la gesti\u00f3n de accesos restringidos. Especialmente \u00fatiles para proteger pol\u00edgonos industriales, obras de construcci\u00f3n, edificios desocupados y para delimitar rutas peatonales, zonas de tr\u00e1fico y de almacenamiento.  F\u00e1cil manipulaci\u00f3n de barreras   Se puede fabricar un bloque de hormig\u00f3n con ranuras para carretillas elevadoras utilizando los insertos de ranuras para carretillas elevadoras. Las ranuras para carretillas elevadoras permiten mover la barrera prefabricada de Jersey con un m\u00ednimo de tiempo y mano de obra. Ideal cuando las barreras se utilizan temporalmente para dirigir el tr\u00e1fico durante la construcci\u00f3n y el cierre de carreteras y para la gesti\u00f3n del control de multitudes en festivales.  Bloques de barrera de menor longitud   \u00bfNecesita producir bloques m\u00e1s peque\u00f1os de barreras jersey adecuados para su proyecto? Utilice el divisor de moldes para acortar verticalmente el molde.  Bloques de barrera de extremo inclinado   Los bloques Jersey con extremo inclinado se utilizan cuando se necesita una barrera con una transici\u00f3n suave de alto a bajo. La transici\u00f3n suave se puede crear instalando el inserto de pendiente en el molde.  Relleno f\u00e1cil   Suministramos tolvas de relleno f\u00e1cil para guiar el hormig\u00f3n a trav\u00e9s de la estrecha abertura durante el vertido.  Accesorios de fijaci\u00f3n   Aseg\u00farese de que el molde est\u00e9 sobre una superficie plana y utilice nuestra mesa de hormigonado con patas ajustables.  Para evitar que el molde se levante del suelo al verter el hormig\u00f3n demasiado r\u00e1pido (riesgo de flotaci\u00f3n), recomendamos encarecidamente utilizar dos correas de amarre para fijar el molde a la mesa de hormigonado.  O simplemente mueva las correas de amarre debajo de la placa base (placa de acero o panel de madera contrachapada) si no se utiliza una mesa de hormigonado, y asegure el molde de la barrera Jersey al suelo de esta manera. Las correas de amarre pueden engancharse f\u00e1cilmente en los orificios de las placas de refuerzo de los laterales del molde.  Elevaci\u00f3n y transporte   Para levantar y transportar los bloques de hormig\u00f3n de la barrera Jersey se dispone de una pinza de elevaci\u00f3n mec\u00e1nica. Tambi\u00e9n hay disponible un sistema de transporte con anclajes de cabeza, embragues de elevaci\u00f3n y yugo de elevaci\u00f3n para una carretilla elevadora.","og_url":"https:\/\/www.betonmoulds.com\/es\/product\/jb-160-80-80\/","og_site_name":"BETONMOULDS","article_modified_time":"2026-03-19T16:14:18+00:00","og_image":[{"width":900,"height":900,"url":"https:\/\/www.betonmoulds.com\/wp-content\/uploads\/2024\/01\/JB-160-80-80.jpg","type":"image\/jpeg"}],"twitter_card":"summary_large_image","twitter_misc":{"Tiempo de lectura":"1 minuto"},"schema":{"@context":"https:\/\/schema.org","@graph":[{"@type":"WebPage","@id":"https:\/\/www.betonmoulds.com\/es\/product\/jb-160-80-80\/","url":"https:\/\/www.betonmoulds.com\/es\/product\/jb-160-80-80\/","name":"Jersey inserto para molde 160-80-80 - BETONMOULDS","isPartOf":{"@id":"https:\/\/www.betonmoulds.com\/es\/#website"},"primaryImageOfPage":{"@id":"https:\/\/www.betonmoulds.com\/es\/product\/jb-160-80-80\/#primaryimage"},"image":{"@id":"https:\/\/www.betonmoulds.com\/es\/product\/jb-160-80-80\/#primaryimage"},"thumbnailUrl":"https:\/\/www.betonmoulds.com\/wp-content\/uploads\/2024\/01\/JB-160-80-80.jpg","datePublished":"2024-01-11T17:25:16+00:00","dateModified":"2026-03-19T16:14:18+00:00","breadcrumb":{"@id":"https:\/\/www.betonmoulds.com\/es\/product\/jb-160-80-80\/#breadcrumb"},"inLanguage":"es","potentialAction":[{"@type":"ReadAction","target":["https:\/\/www.betonmoulds.com\/es\/product\/jb-160-80-80\/"]}]},{"@type":"ImageObject","inLanguage":"es","@id":"https:\/\/www.betonmoulds.com\/es\/product\/jb-160-80-80\/#primaryimage","url":"https:\/\/www.betonmoulds.com\/wp-content\/uploads\/2024\/01\/JB-160-80-80.jpg","contentUrl":"https:\/\/www.betonmoulds.com\/wp-content\/uploads\/2024\/01\/JB-160-80-80.jpg","width":900,"height":900},{"@type":"BreadcrumbList","@id":"https:\/\/www.betonmoulds.com\/es\/product\/jb-160-80-80\/#breadcrumb","itemListElement":[{"@type":"ListItem","position":1,"name":"Home","item":"https:\/\/www.betonmoulds.com\/es\/"},{"@type":"ListItem","position":2,"name":"Tienda","item":"https:\/\/www.betonmoulds.com\/fr\/boutique\/"},{"@type":"ListItem","position":3,"name":"Jersey inserto para molde 160-80-80"}]},{"@type":"WebSite","@id":"https:\/\/www.betonmoulds.com\/es\/#website","url":"https:\/\/www.betonmoulds.com\/es\/","name":"BETONMOULDS","description":"Upcycle leftover concrete","potentialAction":[{"@type":"SearchAction","target":{"@type":"EntryPoint","urlTemplate":"https:\/\/www.betonmoulds.com\/es\/?s={search_term_string}"},"query-input":{"@type":"PropertyValueSpecification","valueRequired":true,"valueName":"search_term_string"}}],"inLanguage":"es"}]}},"_links":{"self":[{"href":"https:\/\/www.betonmoulds.com\/es\/wp-json\/wp\/v2\/product\/7358","targetHints":{"allow":["GET"]}}],"collection":[{"href":"https:\/\/www.betonmoulds.com\/es\/wp-json\/wp\/v2\/product"}],"about":[{"href":"https:\/\/www.betonmoulds.com\/es\/wp-json\/wp\/v2\/types\/product"}],"wp:featuredmedia":[{"embeddable":true,"href":"https:\/\/www.betonmoulds.com\/es\/wp-json\/wp\/v2\/media\/7322"}],"wp:attachment":[{"href":"https:\/\/www.betonmoulds.com\/es\/wp-json\/wp\/v2\/media?parent=7358"}],"wp:term":[{"taxonomy":"product_brand","embeddable":true,"href":"https:\/\/www.betonmoulds.com\/es\/wp-json\/wp\/v2\/product_brand?post=7358"},{"taxonomy":"product_cat","embeddable":true,"href":"https:\/\/www.betonmoulds.com\/es\/wp-json\/wp\/v2\/product_cat?post=7358"},{"taxonomy":"product_tag","embeddable":true,"href":"https:\/\/www.betonmoulds.com\/es\/wp-json\/wp\/v2\/product_tag?post=7358"}],"curies":[{"name":"wp","href":"https:\/\/api.w.org\/{rel}","templated":true}]}}