{"id":6682,"date":"2023-07-17T19:13:06","date_gmt":"2023-07-17T19:13:06","guid":{"rendered":"https:\/\/www.betonmoulds.com\/product\/wedges\/"},"modified":"2026-03-19T16:11:22","modified_gmt":"2026-03-19T16:11:22","slug":"cunas","status":"publish","type":"product","link":"https:\/\/www.betonmoulds.com\/es\/product\/cunas\/","title":{"rendered":"Cu\u00f1a para sistema de encofrado"},"content":{"rendered":"","protected":false},"excerpt":{"rendered":"<p>Bloquee el molde de hormig\u00f3n de acero con nuestras cu\u00f1as galvanizadas en caliente. Coloque las cu\u00f1as en las ranuras de las piezas angulares. Introduciendo las cu\u00f1as m\u00e1s profundamente en las piezas angulares con un martillo, el molde de hormig\u00f3n se bloquear\u00e1 perfectamente. El desbloqueo es igual de sencillo: las cu\u00f1as se pueden extraer empuj\u00e1ndolas hacia arriba con un martillo. Para evitar perder las cu\u00f1as al abrir el molde, pueden guardarse en las ranuras superiores de las piezas angulares.<\/p>\n<p>Cada molde b\u00e1sico viene con un juego de cuatro cu\u00f1as. Si las cu\u00f1as se da\u00f1an o desgastan con el tiempo, se pueden comprar por separado para reemplazar las viejas.<\/p>\n","protected":false},"featured_media":5013,"template":"","meta":[],"product_brand":[],"product_cat":[555,566,435,437],"product_tag":[],"class_list":{"0":"post-6682","1":"product","2":"type-product","3":"status-publish","4":"has-post-thumbnail","6":"product_cat-piezas-de-repuesto-jersey","7":"product_cat-piezas-de-repuesto-muro","8":"product_cat-piezas-de-repuesto-bloques","9":"product_cat-piezas-de-repuesto-losas","11":"first","12":"instock","13":"shipping-taxable","14":"purchasable","15":"product-type-simple"},"yoast_head":"<!-- This site is optimized with the Yoast SEO plugin v27.4 - https:\/\/yoast.com\/product\/yoast-seo-wordpress\/ -->\n<title>Cu\u00f1a para sistema de encofrado - BETONMOULDS<\/title>\n<meta name=\"robots\" content=\"index, follow, max-snippet:-1, max-image-preview:large, max-video-preview:-1\" \/>\n<link rel=\"canonical\" href=\"https:\/\/www.betonmoulds.com\/es\/product\/cunas\/\" \/>\n<meta property=\"og:locale\" content=\"es_ES\" \/>\n<meta property=\"og:type\" content=\"article\" \/>\n<meta property=\"og:title\" content=\"Cu\u00f1a para sistema de encofrado - BETONMOULDS\" \/>\n<meta property=\"og:description\" content=\"Bloquee el molde de hormig\u00f3n de acero con nuestras cu\u00f1as galvanizadas en caliente. Coloque las cu\u00f1as en las ranuras de las piezas angulares. Introduciendo las cu\u00f1as m\u00e1s profundamente en las piezas angulares con un martillo, el molde de hormig\u00f3n se bloquear\u00e1 perfectamente. El desbloqueo es igual de sencillo: las cu\u00f1as se pueden extraer empuj\u00e1ndolas hacia arriba con un martillo. Para evitar perder las cu\u00f1as al abrir el molde, pueden guardarse en las ranuras superiores de las piezas angulares.  Cada molde b\u00e1sico viene con un juego de cuatro cu\u00f1as. Si las cu\u00f1as se da\u00f1an o desgastan con el tiempo, se pueden comprar por separado para reemplazar las viejas.\" \/>\n<meta property=\"og:url\" content=\"https:\/\/www.betonmoulds.com\/es\/product\/cunas\/\" \/>\n<meta property=\"og:site_name\" content=\"BETONMOULDS\" \/>\n<meta property=\"article:modified_time\" content=\"2026-03-19T16:11:22+00:00\" \/>\n<meta property=\"og:image\" content=\"https:\/\/www.betonmoulds.com\/wp-content\/uploads\/2023\/07\/BM-WE.jpg\" \/>\n\t<meta property=\"og:image:width\" content=\"600\" \/>\n\t<meta property=\"og:image:height\" content=\"600\" \/>\n\t<meta property=\"og:image:type\" content=\"image\/jpeg\" \/>\n<meta name=\"twitter:card\" content=\"summary_large_image\" \/>\n<meta name=\"twitter:label1\" content=\"Tiempo de lectura\" \/>\n\t<meta name=\"twitter:data1\" content=\"1 minuto\" \/>\n<script type=\"application\/ld+json\" class=\"yoast-schema-graph\">{\"@context\":\"https:\\\/\\\/schema.org\",\"@graph\":[{\"@type\":\"WebPage\",\"@id\":\"https:\\\/\\\/www.betonmoulds.com\\\/es\\\/product\\\/cunas\\\/\",\"url\":\"https:\\\/\\\/www.betonmoulds.com\\\/es\\\/product\\\/cunas\\\/\",\"name\":\"Cu\u00f1a para sistema de encofrado - BETONMOULDS\",\"isPartOf\":{\"@id\":\"https:\\\/\\\/www.betonmoulds.com\\\/es\\\/#website\"},\"primaryImageOfPage\":{\"@id\":\"https:\\\/\\\/www.betonmoulds.com\\\/es\\\/product\\\/cunas\\\/#primaryimage\"},\"image\":{\"@id\":\"https:\\\/\\\/www.betonmoulds.com\\\/es\\\/product\\\/cunas\\\/#primaryimage\"},\"thumbnailUrl\":\"https:\\\/\\\/www.betonmoulds.com\\\/wp-content\\\/uploads\\\/2023\\\/07\\\/BM-WE.jpg\",\"datePublished\":\"2023-07-17T19:13:06+00:00\",\"dateModified\":\"2026-03-19T16:11:22+00:00\",\"breadcrumb\":{\"@id\":\"https:\\\/\\\/www.betonmoulds.com\\\/es\\\/product\\\/cunas\\\/#breadcrumb\"},\"inLanguage\":\"es\",\"potentialAction\":[{\"@type\":\"ReadAction\",\"target\":[\"https:\\\/\\\/www.betonmoulds.com\\\/es\\\/product\\\/cunas\\\/\"]}]},{\"@type\":\"ImageObject\",\"inLanguage\":\"es\",\"@id\":\"https:\\\/\\\/www.betonmoulds.com\\\/es\\\/product\\\/cunas\\\/#primaryimage\",\"url\":\"https:\\\/\\\/www.betonmoulds.com\\\/wp-content\\\/uploads\\\/2023\\\/07\\\/BM-WE.jpg\",\"contentUrl\":\"https:\\\/\\\/www.betonmoulds.com\\\/wp-content\\\/uploads\\\/2023\\\/07\\\/BM-WE.jpg\",\"width\":600,\"height\":600,\"caption\":\"wedge\"},{\"@type\":\"BreadcrumbList\",\"@id\":\"https:\\\/\\\/www.betonmoulds.com\\\/es\\\/product\\\/cunas\\\/#breadcrumb\",\"itemListElement\":[{\"@type\":\"ListItem\",\"position\":1,\"name\":\"Home\",\"item\":\"https:\\\/\\\/www.betonmoulds.com\\\/es\\\/\"},{\"@type\":\"ListItem\",\"position\":2,\"name\":\"Tienda\",\"item\":\"https:\\\/\\\/www.betonmoulds.com\\\/fr\\\/boutique\\\/\"},{\"@type\":\"ListItem\",\"position\":3,\"name\":\"Cu\u00f1a para sistema de encofrado\"}]},{\"@type\":\"WebSite\",\"@id\":\"https:\\\/\\\/www.betonmoulds.com\\\/es\\\/#website\",\"url\":\"https:\\\/\\\/www.betonmoulds.com\\\/es\\\/\",\"name\":\"BETONMOULDS\",\"description\":\"Upcycle leftover concrete\",\"potentialAction\":[{\"@type\":\"SearchAction\",\"target\":{\"@type\":\"EntryPoint\",\"urlTemplate\":\"https:\\\/\\\/www.betonmoulds.com\\\/es\\\/?s={search_term_string}\"},\"query-input\":{\"@type\":\"PropertyValueSpecification\",\"valueRequired\":true,\"valueName\":\"search_term_string\"}}],\"inLanguage\":\"es\"}]}<\/script>\n<!-- \/ Yoast SEO plugin. -->","yoast_head_json":{"title":"Cu\u00f1a para sistema de encofrado - BETONMOULDS","robots":{"index":"index","follow":"follow","max-snippet":"max-snippet:-1","max-image-preview":"max-image-preview:large","max-video-preview":"max-video-preview:-1"},"canonical":"https:\/\/www.betonmoulds.com\/es\/product\/cunas\/","og_locale":"es_ES","og_type":"article","og_title":"Cu\u00f1a para sistema de encofrado - BETONMOULDS","og_description":"Bloquee el molde de hormig\u00f3n de acero con nuestras cu\u00f1as galvanizadas en caliente. Coloque las cu\u00f1as en las ranuras de las piezas angulares. Introduciendo las cu\u00f1as m\u00e1s profundamente en las piezas angulares con un martillo, el molde de hormig\u00f3n se bloquear\u00e1 perfectamente. El desbloqueo es igual de sencillo: las cu\u00f1as se pueden extraer empuj\u00e1ndolas hacia arriba con un martillo. Para evitar perder las cu\u00f1as al abrir el molde, pueden guardarse en las ranuras superiores de las piezas angulares.  Cada molde b\u00e1sico viene con un juego de cuatro cu\u00f1as. Si las cu\u00f1as se da\u00f1an o desgastan con el tiempo, se pueden comprar por separado para reemplazar las viejas.","og_url":"https:\/\/www.betonmoulds.com\/es\/product\/cunas\/","og_site_name":"BETONMOULDS","article_modified_time":"2026-03-19T16:11:22+00:00","og_image":[{"width":600,"height":600,"url":"https:\/\/www.betonmoulds.com\/wp-content\/uploads\/2023\/07\/BM-WE.jpg","type":"image\/jpeg"}],"twitter_card":"summary_large_image","twitter_misc":{"Tiempo de lectura":"1 minuto"},"schema":{"@context":"https:\/\/schema.org","@graph":[{"@type":"WebPage","@id":"https:\/\/www.betonmoulds.com\/es\/product\/cunas\/","url":"https:\/\/www.betonmoulds.com\/es\/product\/cunas\/","name":"Cu\u00f1a para sistema de encofrado - BETONMOULDS","isPartOf":{"@id":"https:\/\/www.betonmoulds.com\/es\/#website"},"primaryImageOfPage":{"@id":"https:\/\/www.betonmoulds.com\/es\/product\/cunas\/#primaryimage"},"image":{"@id":"https:\/\/www.betonmoulds.com\/es\/product\/cunas\/#primaryimage"},"thumbnailUrl":"https:\/\/www.betonmoulds.com\/wp-content\/uploads\/2023\/07\/BM-WE.jpg","datePublished":"2023-07-17T19:13:06+00:00","dateModified":"2026-03-19T16:11:22+00:00","breadcrumb":{"@id":"https:\/\/www.betonmoulds.com\/es\/product\/cunas\/#breadcrumb"},"inLanguage":"es","potentialAction":[{"@type":"ReadAction","target":["https:\/\/www.betonmoulds.com\/es\/product\/cunas\/"]}]},{"@type":"ImageObject","inLanguage":"es","@id":"https:\/\/www.betonmoulds.com\/es\/product\/cunas\/#primaryimage","url":"https:\/\/www.betonmoulds.com\/wp-content\/uploads\/2023\/07\/BM-WE.jpg","contentUrl":"https:\/\/www.betonmoulds.com\/wp-content\/uploads\/2023\/07\/BM-WE.jpg","width":600,"height":600,"caption":"wedge"},{"@type":"BreadcrumbList","@id":"https:\/\/www.betonmoulds.com\/es\/product\/cunas\/#breadcrumb","itemListElement":[{"@type":"ListItem","position":1,"name":"Home","item":"https:\/\/www.betonmoulds.com\/es\/"},{"@type":"ListItem","position":2,"name":"Tienda","item":"https:\/\/www.betonmoulds.com\/fr\/boutique\/"},{"@type":"ListItem","position":3,"name":"Cu\u00f1a para sistema de encofrado"}]},{"@type":"WebSite","@id":"https:\/\/www.betonmoulds.com\/es\/#website","url":"https:\/\/www.betonmoulds.com\/es\/","name":"BETONMOULDS","description":"Upcycle leftover concrete","potentialAction":[{"@type":"SearchAction","target":{"@type":"EntryPoint","urlTemplate":"https:\/\/www.betonmoulds.com\/es\/?s={search_term_string}"},"query-input":{"@type":"PropertyValueSpecification","valueRequired":true,"valueName":"search_term_string"}}],"inLanguage":"es"}]}},"_links":{"self":[{"href":"https:\/\/www.betonmoulds.com\/es\/wp-json\/wp\/v2\/product\/6682","targetHints":{"allow":["GET"]}}],"collection":[{"href":"https:\/\/www.betonmoulds.com\/es\/wp-json\/wp\/v2\/product"}],"about":[{"href":"https:\/\/www.betonmoulds.com\/es\/wp-json\/wp\/v2\/types\/product"}],"wp:featuredmedia":[{"embeddable":true,"href":"https:\/\/www.betonmoulds.com\/es\/wp-json\/wp\/v2\/media\/5013"}],"wp:attachment":[{"href":"https:\/\/www.betonmoulds.com\/es\/wp-json\/wp\/v2\/media?parent=6682"}],"wp:term":[{"taxonomy":"product_brand","embeddable":true,"href":"https:\/\/www.betonmoulds.com\/es\/wp-json\/wp\/v2\/product_brand?post=6682"},{"taxonomy":"product_cat","embeddable":true,"href":"https:\/\/www.betonmoulds.com\/es\/wp-json\/wp\/v2\/product_cat?post=6682"},{"taxonomy":"product_tag","embeddable":true,"href":"https:\/\/www.betonmoulds.com\/es\/wp-json\/wp\/v2\/product_tag?post=6682"}],"curies":[{"name":"wp","href":"https:\/\/api.w.org\/{rel}","templated":true}]}}