{"id":6595,"date":"2022-11-11T12:44:41","date_gmt":"2022-11-11T12:44:41","guid":{"rendered":"https:\/\/www.betonmoulds.com\/product\/rt-120-60\/"},"modified":"2026-03-19T16:12:38","modified_gmt":"2026-03-19T16:12:38","slug":"rt-120-60","status":"publish","type":"product","link":"https:\/\/www.betonmoulds.com\/es\/product\/rt-120-60\/","title":{"rendered":"Inserto tejado a dos aguas para molde de hormig\u00f3n 120-60"},"content":{"rendered":"","protected":false},"excerpt":{"rendered":"<p>Este inserto de tejado es una buena incorporaci\u00f3n a nuestra gama de moldes modulares. No es necesario un molde aparte para producir bloques de hormig\u00f3n con forma de tejado. Este producto puede colocarse en el <a href=\"https:\/\/www.betonmoulds.com\/es\/product\/bb-120-60-60-sn\/\"><strong>molde base compatible<\/strong><\/a>.<\/p>\n<p>Este inserto con forma de tejado permite producir bloques de hormig\u00f3n con dos lados inclinados. El bloque de hormig\u00f3n seguir\u00e1 teniendo huecos en la parte inferior. Los bloques con esta forma pueden apilarse encima de los bloques encajables est\u00e1ndar.<\/p>\n<p>Los bloques de hormig\u00f3n con forma de tejado son la capa superior perfecta para un muro de hormig\u00f3n. Los productos a granel se deslizar\u00e1n por la pared y la parte superior del muro ser\u00e1 f\u00e1cil de mantener limpia. La parte superior del muro en forma de tejado tambi\u00e9n es ideal para vallar una zona, ya que nadie podr\u00e1 caminar por encima de los muros.<\/p>\n<p>Los bloques apilables de hormig\u00f3n con forma de tejado se utilizan para muchas aplicaciones, como el almacenamiento de productos secos a granel, como arena y grava, residuos, esti\u00e9rcol y productos agr\u00edcolas.<\/p>\n","protected":false},"featured_media":3014,"template":"","meta":[],"product_brand":[],"product_cat":[524],"product_tag":[],"class_list":{"0":"post-6595","1":"product","2":"type-product","3":"status-publish","4":"has-post-thumbnail","6":"product_cat-tejado-a-dos-aguas","8":"first","9":"instock","10":"shipping-taxable","11":"purchasable","12":"product-type-simple"},"yoast_head":"<!-- This site is optimized with the Yoast SEO plugin v27.5 - https:\/\/yoast.com\/product\/yoast-seo-wordpress\/ -->\n<title>Molde para bloque de hormig\u00f3n con techo a dos aguas 120x60 - BETONMOULDS<\/title>\n<meta name=\"robots\" content=\"index, follow, max-snippet:-1, max-image-preview:large, max-video-preview:-1\" \/>\n<link rel=\"canonical\" href=\"https:\/\/www.betonmoulds.com\/es\/product\/rt-120-60\/\" \/>\n<meta property=\"og:locale\" content=\"es_ES\" \/>\n<meta property=\"og:type\" content=\"article\" \/>\n<meta property=\"og:title\" content=\"Molde para bloque de hormig\u00f3n con techo a dos aguas 120x60 - BETONMOULDS\" \/>\n<meta property=\"og:description\" content=\"Este inserto de tejado es una buena incorporaci\u00f3n a nuestra gama de moldes modulares. No es necesario un molde aparte para producir bloques de hormig\u00f3n con forma de tejado. Este producto puede colocarse en el molde base compatible.  Este inserto con forma de tejado permite producir bloques de hormig\u00f3n con dos lados inclinados. El bloque de hormig\u00f3n seguir\u00e1 teniendo huecos en la parte inferior. Los bloques con esta forma pueden apilarse encima de los bloques encajables est\u00e1ndar.  Los bloques de hormig\u00f3n con forma de tejado son la capa superior perfecta para un muro de hormig\u00f3n. Los productos a granel se deslizar\u00e1n por la pared y la parte superior del muro ser\u00e1 f\u00e1cil de mantener limpia. La parte superior del muro en forma de tejado tambi\u00e9n es ideal para vallar una zona, ya que nadie podr\u00e1 caminar por encima de los muros.  Los bloques apilables de hormig\u00f3n con forma de tejado se utilizan para muchas aplicaciones, como el almacenamiento de productos secos a granel, como arena y grava, residuos, esti\u00e9rcol y productos agr\u00edcolas.\" \/>\n<meta property=\"og:url\" content=\"https:\/\/www.betonmoulds.com\/es\/product\/rt-120-60\/\" \/>\n<meta property=\"og:site_name\" content=\"BETONMOULDS\" \/>\n<meta property=\"article:modified_time\" content=\"2026-03-19T16:12:38+00:00\" \/>\n<meta property=\"og:image\" content=\"https:\/\/www.betonmoulds.com\/wp-content\/uploads\/2022\/11\/RT-120-60.jpg\" \/>\n\t<meta property=\"og:image:width\" content=\"900\" \/>\n\t<meta property=\"og:image:height\" content=\"900\" \/>\n\t<meta property=\"og:image:type\" content=\"image\/jpeg\" \/>\n<meta name=\"twitter:card\" content=\"summary_large_image\" \/>\n<meta name=\"twitter:label1\" content=\"Tiempo de lectura\" \/>\n\t<meta name=\"twitter:data1\" content=\"1 minuto\" \/>\n<script type=\"application\/ld+json\" class=\"yoast-schema-graph\">{\"@context\":\"https:\\\/\\\/schema.org\",\"@graph\":[{\"@type\":\"WebPage\",\"@id\":\"https:\\\/\\\/www.betonmoulds.com\\\/es\\\/product\\\/rt-120-60\\\/\",\"url\":\"https:\\\/\\\/www.betonmoulds.com\\\/es\\\/product\\\/rt-120-60\\\/\",\"name\":\"Molde para bloque de hormig\u00f3n con techo a dos aguas 120x60 - BETONMOULDS\",\"isPartOf\":{\"@id\":\"https:\\\/\\\/www.betonmoulds.com\\\/es\\\/#website\"},\"primaryImageOfPage\":{\"@id\":\"https:\\\/\\\/www.betonmoulds.com\\\/es\\\/product\\\/rt-120-60\\\/#primaryimage\"},\"image\":{\"@id\":\"https:\\\/\\\/www.betonmoulds.com\\\/es\\\/product\\\/rt-120-60\\\/#primaryimage\"},\"thumbnailUrl\":\"https:\\\/\\\/www.betonmoulds.com\\\/wp-content\\\/uploads\\\/2022\\\/11\\\/RT-120-60.jpg\",\"datePublished\":\"2022-11-11T12:44:41+00:00\",\"dateModified\":\"2026-03-19T16:12:38+00:00\",\"breadcrumb\":{\"@id\":\"https:\\\/\\\/www.betonmoulds.com\\\/es\\\/product\\\/rt-120-60\\\/#breadcrumb\"},\"inLanguage\":\"es\",\"potentialAction\":[{\"@type\":\"ReadAction\",\"target\":[\"https:\\\/\\\/www.betonmoulds.com\\\/es\\\/product\\\/rt-120-60\\\/\"]}]},{\"@type\":\"ImageObject\",\"inLanguage\":\"es\",\"@id\":\"https:\\\/\\\/www.betonmoulds.com\\\/es\\\/product\\\/rt-120-60\\\/#primaryimage\",\"url\":\"https:\\\/\\\/www.betonmoulds.com\\\/wp-content\\\/uploads\\\/2022\\\/11\\\/RT-120-60.jpg\",\"contentUrl\":\"https:\\\/\\\/www.betonmoulds.com\\\/wp-content\\\/uploads\\\/2022\\\/11\\\/RT-120-60.jpg\",\"width\":900,\"height\":900,\"caption\":\"mould for roof shape concrete lego block\"},{\"@type\":\"BreadcrumbList\",\"@id\":\"https:\\\/\\\/www.betonmoulds.com\\\/es\\\/product\\\/rt-120-60\\\/#breadcrumb\",\"itemListElement\":[{\"@type\":\"ListItem\",\"position\":1,\"name\":\"Home\",\"item\":\"https:\\\/\\\/www.betonmoulds.com\\\/es\\\/\"},{\"@type\":\"ListItem\",\"position\":2,\"name\":\"Tienda\",\"item\":\"https:\\\/\\\/www.betonmoulds.com\\\/fr\\\/boutique\\\/\"},{\"@type\":\"ListItem\",\"position\":3,\"name\":\"Inserto tejado a dos aguas para molde de hormig\u00f3n 120-60\"}]},{\"@type\":\"WebSite\",\"@id\":\"https:\\\/\\\/www.betonmoulds.com\\\/es\\\/#website\",\"url\":\"https:\\\/\\\/www.betonmoulds.com\\\/es\\\/\",\"name\":\"BETONMOULDS\",\"description\":\"Upcycle leftover concrete\",\"potentialAction\":[{\"@type\":\"SearchAction\",\"target\":{\"@type\":\"EntryPoint\",\"urlTemplate\":\"https:\\\/\\\/www.betonmoulds.com\\\/es\\\/?s={search_term_string}\"},\"query-input\":{\"@type\":\"PropertyValueSpecification\",\"valueRequired\":true,\"valueName\":\"search_term_string\"}}],\"inLanguage\":\"es\"}]}<\/script>\n<!-- \/ Yoast SEO plugin. -->","yoast_head_json":{"title":"Molde para bloque de hormig\u00f3n con techo a dos aguas 120x60 - BETONMOULDS","robots":{"index":"index","follow":"follow","max-snippet":"max-snippet:-1","max-image-preview":"max-image-preview:large","max-video-preview":"max-video-preview:-1"},"canonical":"https:\/\/www.betonmoulds.com\/es\/product\/rt-120-60\/","og_locale":"es_ES","og_type":"article","og_title":"Molde para bloque de hormig\u00f3n con techo a dos aguas 120x60 - BETONMOULDS","og_description":"Este inserto de tejado es una buena incorporaci\u00f3n a nuestra gama de moldes modulares. No es necesario un molde aparte para producir bloques de hormig\u00f3n con forma de tejado. Este producto puede colocarse en el molde base compatible.  Este inserto con forma de tejado permite producir bloques de hormig\u00f3n con dos lados inclinados. El bloque de hormig\u00f3n seguir\u00e1 teniendo huecos en la parte inferior. Los bloques con esta forma pueden apilarse encima de los bloques encajables est\u00e1ndar.  Los bloques de hormig\u00f3n con forma de tejado son la capa superior perfecta para un muro de hormig\u00f3n. Los productos a granel se deslizar\u00e1n por la pared y la parte superior del muro ser\u00e1 f\u00e1cil de mantener limpia. La parte superior del muro en forma de tejado tambi\u00e9n es ideal para vallar una zona, ya que nadie podr\u00e1 caminar por encima de los muros.  Los bloques apilables de hormig\u00f3n con forma de tejado se utilizan para muchas aplicaciones, como el almacenamiento de productos secos a granel, como arena y grava, residuos, esti\u00e9rcol y productos agr\u00edcolas.","og_url":"https:\/\/www.betonmoulds.com\/es\/product\/rt-120-60\/","og_site_name":"BETONMOULDS","article_modified_time":"2026-03-19T16:12:38+00:00","og_image":[{"width":900,"height":900,"url":"https:\/\/www.betonmoulds.com\/wp-content\/uploads\/2022\/11\/RT-120-60.jpg","type":"image\/jpeg"}],"twitter_card":"summary_large_image","twitter_misc":{"Tiempo de lectura":"1 minuto"},"schema":{"@context":"https:\/\/schema.org","@graph":[{"@type":"WebPage","@id":"https:\/\/www.betonmoulds.com\/es\/product\/rt-120-60\/","url":"https:\/\/www.betonmoulds.com\/es\/product\/rt-120-60\/","name":"Molde para bloque de hormig\u00f3n con techo a dos aguas 120x60 - BETONMOULDS","isPartOf":{"@id":"https:\/\/www.betonmoulds.com\/es\/#website"},"primaryImageOfPage":{"@id":"https:\/\/www.betonmoulds.com\/es\/product\/rt-120-60\/#primaryimage"},"image":{"@id":"https:\/\/www.betonmoulds.com\/es\/product\/rt-120-60\/#primaryimage"},"thumbnailUrl":"https:\/\/www.betonmoulds.com\/wp-content\/uploads\/2022\/11\/RT-120-60.jpg","datePublished":"2022-11-11T12:44:41+00:00","dateModified":"2026-03-19T16:12:38+00:00","breadcrumb":{"@id":"https:\/\/www.betonmoulds.com\/es\/product\/rt-120-60\/#breadcrumb"},"inLanguage":"es","potentialAction":[{"@type":"ReadAction","target":["https:\/\/www.betonmoulds.com\/es\/product\/rt-120-60\/"]}]},{"@type":"ImageObject","inLanguage":"es","@id":"https:\/\/www.betonmoulds.com\/es\/product\/rt-120-60\/#primaryimage","url":"https:\/\/www.betonmoulds.com\/wp-content\/uploads\/2022\/11\/RT-120-60.jpg","contentUrl":"https:\/\/www.betonmoulds.com\/wp-content\/uploads\/2022\/11\/RT-120-60.jpg","width":900,"height":900,"caption":"mould for roof shape concrete lego block"},{"@type":"BreadcrumbList","@id":"https:\/\/www.betonmoulds.com\/es\/product\/rt-120-60\/#breadcrumb","itemListElement":[{"@type":"ListItem","position":1,"name":"Home","item":"https:\/\/www.betonmoulds.com\/es\/"},{"@type":"ListItem","position":2,"name":"Tienda","item":"https:\/\/www.betonmoulds.com\/fr\/boutique\/"},{"@type":"ListItem","position":3,"name":"Inserto tejado a dos aguas para molde de hormig\u00f3n 120-60"}]},{"@type":"WebSite","@id":"https:\/\/www.betonmoulds.com\/es\/#website","url":"https:\/\/www.betonmoulds.com\/es\/","name":"BETONMOULDS","description":"Upcycle leftover concrete","potentialAction":[{"@type":"SearchAction","target":{"@type":"EntryPoint","urlTemplate":"https:\/\/www.betonmoulds.com\/es\/?s={search_term_string}"},"query-input":{"@type":"PropertyValueSpecification","valueRequired":true,"valueName":"search_term_string"}}],"inLanguage":"es"}]}},"_links":{"self":[{"href":"https:\/\/www.betonmoulds.com\/es\/wp-json\/wp\/v2\/product\/6595","targetHints":{"allow":["GET"]}}],"collection":[{"href":"https:\/\/www.betonmoulds.com\/es\/wp-json\/wp\/v2\/product"}],"about":[{"href":"https:\/\/www.betonmoulds.com\/es\/wp-json\/wp\/v2\/types\/product"}],"wp:featuredmedia":[{"embeddable":true,"href":"https:\/\/www.betonmoulds.com\/es\/wp-json\/wp\/v2\/media\/3014"}],"wp:attachment":[{"href":"https:\/\/www.betonmoulds.com\/es\/wp-json\/wp\/v2\/media?parent=6595"}],"wp:term":[{"taxonomy":"product_brand","embeddable":true,"href":"https:\/\/www.betonmoulds.com\/es\/wp-json\/wp\/v2\/product_brand?post=6595"},{"taxonomy":"product_cat","embeddable":true,"href":"https:\/\/www.betonmoulds.com\/es\/wp-json\/wp\/v2\/product_cat?post=6595"},{"taxonomy":"product_tag","embeddable":true,"href":"https:\/\/www.betonmoulds.com\/es\/wp-json\/wp\/v2\/product_tag?post=6595"}],"curies":[{"name":"wp","href":"https:\/\/api.w.org\/{rel}","templated":true}]}}