{"id":6296,"date":"2023-01-15T13:23:54","date_gmt":"2023-01-15T13:23:54","guid":{"rendered":"https:\/\/www.betonmoulds.com\/product\/cs-200-150-14\/"},"modified":"2026-03-19T16:14:29","modified_gmt":"2026-03-19T16:14:29","slug":"cs-200-150-14","status":"publish","type":"product","link":"https:\/\/www.betonmoulds.com\/es\/product\/cs-200-150-14\/","title":{"rendered":"Molde de losas de hormig\u00f3n 200-150-14"},"content":{"rendered":"","protected":false},"excerpt":{"rendered":"<p>Este robusto molde para losas de hormig\u00f3n le permite producir f\u00e1cilmente losas de hormig\u00f3n de 200x150x14 cm. Las losas de hormig\u00f3n son ideales para la pavimentaci\u00f3n temporal y permanente. Pueden soportar el peso de veh\u00edculos m\u00e1s pesados. Las losas de hormig\u00f3n distribuyen el peso sobre las capas subyacentes del subsuelo.<\/p>\n<p>Mediante la sustituci\u00f3n de sus paneles laterales, el molde modular para losas de hormig\u00f3n puede transformarse f\u00e1cilmente para producir losas de <a href=\"https:\/\/www.betonmoulds.com\/es\/product\/cs-200-200-14\/\"><strong>200 x 200 x 14 cm<\/strong><\/a> y losas de <a href=\"https:\/\/www.betonmoulds.com\/es\/product\/cs-200-100-14\/\"><strong>200 x 100 x 14 cm<\/strong><\/a>.<\/p>\n<p>La parte inferior de la losa de hormig\u00f3n vertida se convierte en la superficie superior lisa de la pavimentaci\u00f3n final. <a href=\"https:\/\/www.betonmoulds.com\/es\/product\/mecanismo-de-elevacion-y-giro\/\"><strong>El mecanismo de elevaci\u00f3n y giro<\/strong><\/a> especialmente desarrollado permite girar las pesadas losas de hormig\u00f3n con una sola mano.<\/p>\n<p>Las losas de hormig\u00f3n se utilizan para cimentar silos de esti\u00e9rcol y almacenar piensos y materiales a granel sueltos, como arena y grava.<\/p>\n<p><a href=\"https:\/\/www.betonmoulds.com\/es\/product\/cip-200-14\/\"><strong>Los perfiles de hormigonado embebidos en el hormig\u00f3n<\/strong><\/a>\u00a0se pueden utilizar para crear una losa con ranuras en las que se pueden insertar <a href=\"https:\/\/www.betonmoulds.com\/es\/product\/cadena-de-elevacion-de-dos-ramales-para-losas\/\"><strong>ganchos de elevaci\u00f3n<\/strong><\/a>. Esto facilita el cambio de pavimento y el traslado seguro de las losas de hormig\u00f3n.<\/p>\n<p>Para el tr\u00e1fico pesado de camiones, ofrecemos moldes para <a href=\"https:\/\/www.betonmoulds.com\/es\/product\/cs-200-150-16\/\"><strong>losas industriales de hormig\u00f3n de 16 cm<\/strong><\/a> o incluso <a href=\"https:\/\/www.betonmoulds.com\/es\/product\/cs-200-150-25\/\"><strong>25 cm<\/strong><\/a> de grosor.<\/p>\n<p>Con las losas de pavimentaci\u00f3n dimensionalmente estables, pavimentar superficies m\u00e1s grandes se convierte en un trabajo r\u00e1pido y sencillo. La posibilidad de cambiar f\u00e1cilmente de pavimento favorece el uso sostenible.<\/p>\n","protected":false},"featured_media":10267,"template":"","meta":[],"product_brand":[],"product_cat":[469],"product_tag":[],"class_list":{"0":"post-6296","1":"product","2":"type-product","3":"status-publish","4":"has-post-thumbnail","6":"product_cat-moldes-basicos-losas","8":"first","9":"instock","10":"shipping-taxable","11":"purchasable","12":"product-type-simple"},"yoast_head":"<!-- This site is optimized with the Yoast SEO plugin v27.4 - https:\/\/yoast.com\/product\/yoast-seo-wordpress\/ -->\n<title>Molde de losas de hormig\u00f3n 200-150-14 - BETONMOULDS<\/title>\n<meta name=\"robots\" content=\"index, follow, max-snippet:-1, max-image-preview:large, max-video-preview:-1\" \/>\n<link rel=\"canonical\" href=\"https:\/\/www.betonmoulds.com\/es\/product\/cs-200-150-14\/\" \/>\n<meta property=\"og:locale\" content=\"es_ES\" \/>\n<meta property=\"og:type\" content=\"article\" \/>\n<meta property=\"og:title\" content=\"Molde de losas de hormig\u00f3n 200-150-14 - BETONMOULDS\" \/>\n<meta property=\"og:description\" content=\"Este robusto molde para losas de hormig\u00f3n le permite producir f\u00e1cilmente losas de hormig\u00f3n de 200x150x14 cm. Las losas de hormig\u00f3n son ideales para la pavimentaci\u00f3n temporal y permanente. Pueden soportar el peso de veh\u00edculos m\u00e1s pesados. Las losas de hormig\u00f3n distribuyen el peso sobre las capas subyacentes del subsuelo.  Mediante la sustituci\u00f3n de sus paneles laterales, el molde modular para losas de hormig\u00f3n puede transformarse f\u00e1cilmente para producir losas de 200 x 200 x 14 cm y losas de 200 x 100 x 14 cm.  La parte inferior de la losa de hormig\u00f3n vertida se convierte en la superficie superior lisa de la pavimentaci\u00f3n final. El mecanismo de elevaci\u00f3n y giro especialmente desarrollado permite girar las pesadas losas de hormig\u00f3n con una sola mano.  Las losas de hormig\u00f3n se utilizan para cimentar silos de esti\u00e9rcol y almacenar piensos y materiales a granel sueltos, como arena y grava.  Los perfiles de hormigonado embebidos en el hormig\u00f3n\u00a0se pueden utilizar para crear una losa con ranuras en las que se pueden insertar ganchos de elevaci\u00f3n. Esto facilita el cambio de pavimento y el traslado seguro de las losas de hormig\u00f3n.  Para el tr\u00e1fico pesado de camiones, ofrecemos moldes para losas industriales de hormig\u00f3n de 16 cm o incluso 25 cm de grosor.  Con las losas de pavimentaci\u00f3n dimensionalmente estables, pavimentar superficies m\u00e1s grandes se convierte en un trabajo r\u00e1pido y sencillo. La posibilidad de cambiar f\u00e1cilmente de pavimento favorece el uso sostenible.\" \/>\n<meta property=\"og:url\" content=\"https:\/\/www.betonmoulds.com\/es\/product\/cs-200-150-14\/\" \/>\n<meta property=\"og:site_name\" content=\"BETONMOULDS\" \/>\n<meta property=\"article:modified_time\" content=\"2026-03-19T16:14:29+00:00\" \/>\n<meta property=\"og:image\" content=\"https:\/\/www.betonmoulds.com\/wp-content\/uploads\/2023\/01\/CS-200-150-14-1.jpg\" \/>\n\t<meta property=\"og:image:width\" content=\"900\" \/>\n\t<meta property=\"og:image:height\" content=\"900\" \/>\n\t<meta property=\"og:image:type\" content=\"image\/jpeg\" \/>\n<meta name=\"twitter:card\" content=\"summary_large_image\" \/>\n<meta name=\"twitter:label1\" content=\"Tiempo de lectura\" \/>\n\t<meta name=\"twitter:data1\" content=\"1 minuto\" \/>\n<script type=\"application\/ld+json\" class=\"yoast-schema-graph\">{\"@context\":\"https:\\\/\\\/schema.org\",\"@graph\":[{\"@type\":\"WebPage\",\"@id\":\"https:\\\/\\\/www.betonmoulds.com\\\/es\\\/product\\\/cs-200-150-14\\\/\",\"url\":\"https:\\\/\\\/www.betonmoulds.com\\\/es\\\/product\\\/cs-200-150-14\\\/\",\"name\":\"Molde de losas de hormig\u00f3n 200-150-14 - BETONMOULDS\",\"isPartOf\":{\"@id\":\"https:\\\/\\\/www.betonmoulds.com\\\/es\\\/#website\"},\"primaryImageOfPage\":{\"@id\":\"https:\\\/\\\/www.betonmoulds.com\\\/es\\\/product\\\/cs-200-150-14\\\/#primaryimage\"},\"image\":{\"@id\":\"https:\\\/\\\/www.betonmoulds.com\\\/es\\\/product\\\/cs-200-150-14\\\/#primaryimage\"},\"thumbnailUrl\":\"https:\\\/\\\/www.betonmoulds.com\\\/wp-content\\\/uploads\\\/2023\\\/01\\\/CS-200-150-14-1.jpg\",\"datePublished\":\"2023-01-15T13:23:54+00:00\",\"dateModified\":\"2026-03-19T16:14:29+00:00\",\"breadcrumb\":{\"@id\":\"https:\\\/\\\/www.betonmoulds.com\\\/es\\\/product\\\/cs-200-150-14\\\/#breadcrumb\"},\"inLanguage\":\"es\",\"potentialAction\":[{\"@type\":\"ReadAction\",\"target\":[\"https:\\\/\\\/www.betonmoulds.com\\\/es\\\/product\\\/cs-200-150-14\\\/\"]}]},{\"@type\":\"ImageObject\",\"inLanguage\":\"es\",\"@id\":\"https:\\\/\\\/www.betonmoulds.com\\\/es\\\/product\\\/cs-200-150-14\\\/#primaryimage\",\"url\":\"https:\\\/\\\/www.betonmoulds.com\\\/wp-content\\\/uploads\\\/2023\\\/01\\\/CS-200-150-14-1.jpg\",\"contentUrl\":\"https:\\\/\\\/www.betonmoulds.com\\\/wp-content\\\/uploads\\\/2023\\\/01\\\/CS-200-150-14-1.jpg\",\"width\":900,\"height\":900,\"caption\":\"molde para grandes losas de hormig\u00f3n 200-150-14\"},{\"@type\":\"BreadcrumbList\",\"@id\":\"https:\\\/\\\/www.betonmoulds.com\\\/es\\\/product\\\/cs-200-150-14\\\/#breadcrumb\",\"itemListElement\":[{\"@type\":\"ListItem\",\"position\":1,\"name\":\"Home\",\"item\":\"https:\\\/\\\/www.betonmoulds.com\\\/es\\\/\"},{\"@type\":\"ListItem\",\"position\":2,\"name\":\"Tienda\",\"item\":\"https:\\\/\\\/www.betonmoulds.com\\\/fr\\\/boutique\\\/\"},{\"@type\":\"ListItem\",\"position\":3,\"name\":\"Molde de losas de hormig\u00f3n 200-150-14\"}]},{\"@type\":\"WebSite\",\"@id\":\"https:\\\/\\\/www.betonmoulds.com\\\/es\\\/#website\",\"url\":\"https:\\\/\\\/www.betonmoulds.com\\\/es\\\/\",\"name\":\"BETONMOULDS\",\"description\":\"Upcycle leftover concrete\",\"potentialAction\":[{\"@type\":\"SearchAction\",\"target\":{\"@type\":\"EntryPoint\",\"urlTemplate\":\"https:\\\/\\\/www.betonmoulds.com\\\/es\\\/?s={search_term_string}\"},\"query-input\":{\"@type\":\"PropertyValueSpecification\",\"valueRequired\":true,\"valueName\":\"search_term_string\"}}],\"inLanguage\":\"es\"}]}<\/script>\n<!-- \/ Yoast SEO plugin. -->","yoast_head_json":{"title":"Molde de losas de hormig\u00f3n 200-150-14 - BETONMOULDS","robots":{"index":"index","follow":"follow","max-snippet":"max-snippet:-1","max-image-preview":"max-image-preview:large","max-video-preview":"max-video-preview:-1"},"canonical":"https:\/\/www.betonmoulds.com\/es\/product\/cs-200-150-14\/","og_locale":"es_ES","og_type":"article","og_title":"Molde de losas de hormig\u00f3n 200-150-14 - BETONMOULDS","og_description":"Este robusto molde para losas de hormig\u00f3n le permite producir f\u00e1cilmente losas de hormig\u00f3n de 200x150x14 cm. Las losas de hormig\u00f3n son ideales para la pavimentaci\u00f3n temporal y permanente. Pueden soportar el peso de veh\u00edculos m\u00e1s pesados. Las losas de hormig\u00f3n distribuyen el peso sobre las capas subyacentes del subsuelo.  Mediante la sustituci\u00f3n de sus paneles laterales, el molde modular para losas de hormig\u00f3n puede transformarse f\u00e1cilmente para producir losas de 200 x 200 x 14 cm y losas de 200 x 100 x 14 cm.  La parte inferior de la losa de hormig\u00f3n vertida se convierte en la superficie superior lisa de la pavimentaci\u00f3n final. El mecanismo de elevaci\u00f3n y giro especialmente desarrollado permite girar las pesadas losas de hormig\u00f3n con una sola mano.  Las losas de hormig\u00f3n se utilizan para cimentar silos de esti\u00e9rcol y almacenar piensos y materiales a granel sueltos, como arena y grava.  Los perfiles de hormigonado embebidos en el hormig\u00f3n\u00a0se pueden utilizar para crear una losa con ranuras en las que se pueden insertar ganchos de elevaci\u00f3n. Esto facilita el cambio de pavimento y el traslado seguro de las losas de hormig\u00f3n.  Para el tr\u00e1fico pesado de camiones, ofrecemos moldes para losas industriales de hormig\u00f3n de 16 cm o incluso 25 cm de grosor.  Con las losas de pavimentaci\u00f3n dimensionalmente estables, pavimentar superficies m\u00e1s grandes se convierte en un trabajo r\u00e1pido y sencillo. La posibilidad de cambiar f\u00e1cilmente de pavimento favorece el uso sostenible.","og_url":"https:\/\/www.betonmoulds.com\/es\/product\/cs-200-150-14\/","og_site_name":"BETONMOULDS","article_modified_time":"2026-03-19T16:14:29+00:00","og_image":[{"width":900,"height":900,"url":"https:\/\/www.betonmoulds.com\/wp-content\/uploads\/2023\/01\/CS-200-150-14-1.jpg","type":"image\/jpeg"}],"twitter_card":"summary_large_image","twitter_misc":{"Tiempo de lectura":"1 minuto"},"schema":{"@context":"https:\/\/schema.org","@graph":[{"@type":"WebPage","@id":"https:\/\/www.betonmoulds.com\/es\/product\/cs-200-150-14\/","url":"https:\/\/www.betonmoulds.com\/es\/product\/cs-200-150-14\/","name":"Molde de losas de hormig\u00f3n 200-150-14 - BETONMOULDS","isPartOf":{"@id":"https:\/\/www.betonmoulds.com\/es\/#website"},"primaryImageOfPage":{"@id":"https:\/\/www.betonmoulds.com\/es\/product\/cs-200-150-14\/#primaryimage"},"image":{"@id":"https:\/\/www.betonmoulds.com\/es\/product\/cs-200-150-14\/#primaryimage"},"thumbnailUrl":"https:\/\/www.betonmoulds.com\/wp-content\/uploads\/2023\/01\/CS-200-150-14-1.jpg","datePublished":"2023-01-15T13:23:54+00:00","dateModified":"2026-03-19T16:14:29+00:00","breadcrumb":{"@id":"https:\/\/www.betonmoulds.com\/es\/product\/cs-200-150-14\/#breadcrumb"},"inLanguage":"es","potentialAction":[{"@type":"ReadAction","target":["https:\/\/www.betonmoulds.com\/es\/product\/cs-200-150-14\/"]}]},{"@type":"ImageObject","inLanguage":"es","@id":"https:\/\/www.betonmoulds.com\/es\/product\/cs-200-150-14\/#primaryimage","url":"https:\/\/www.betonmoulds.com\/wp-content\/uploads\/2023\/01\/CS-200-150-14-1.jpg","contentUrl":"https:\/\/www.betonmoulds.com\/wp-content\/uploads\/2023\/01\/CS-200-150-14-1.jpg","width":900,"height":900,"caption":"molde para grandes losas de hormig\u00f3n 200-150-14"},{"@type":"BreadcrumbList","@id":"https:\/\/www.betonmoulds.com\/es\/product\/cs-200-150-14\/#breadcrumb","itemListElement":[{"@type":"ListItem","position":1,"name":"Home","item":"https:\/\/www.betonmoulds.com\/es\/"},{"@type":"ListItem","position":2,"name":"Tienda","item":"https:\/\/www.betonmoulds.com\/fr\/boutique\/"},{"@type":"ListItem","position":3,"name":"Molde de losas de hormig\u00f3n 200-150-14"}]},{"@type":"WebSite","@id":"https:\/\/www.betonmoulds.com\/es\/#website","url":"https:\/\/www.betonmoulds.com\/es\/","name":"BETONMOULDS","description":"Upcycle leftover concrete","potentialAction":[{"@type":"SearchAction","target":{"@type":"EntryPoint","urlTemplate":"https:\/\/www.betonmoulds.com\/es\/?s={search_term_string}"},"query-input":{"@type":"PropertyValueSpecification","valueRequired":true,"valueName":"search_term_string"}}],"inLanguage":"es"}]}},"_links":{"self":[{"href":"https:\/\/www.betonmoulds.com\/es\/wp-json\/wp\/v2\/product\/6296","targetHints":{"allow":["GET"]}}],"collection":[{"href":"https:\/\/www.betonmoulds.com\/es\/wp-json\/wp\/v2\/product"}],"about":[{"href":"https:\/\/www.betonmoulds.com\/es\/wp-json\/wp\/v2\/types\/product"}],"wp:featuredmedia":[{"embeddable":true,"href":"https:\/\/www.betonmoulds.com\/es\/wp-json\/wp\/v2\/media\/10267"}],"wp:attachment":[{"href":"https:\/\/www.betonmoulds.com\/es\/wp-json\/wp\/v2\/media?parent=6296"}],"wp:term":[{"taxonomy":"product_brand","embeddable":true,"href":"https:\/\/www.betonmoulds.com\/es\/wp-json\/wp\/v2\/product_brand?post=6296"},{"taxonomy":"product_cat","embeddable":true,"href":"https:\/\/www.betonmoulds.com\/es\/wp-json\/wp\/v2\/product_cat?post=6296"},{"taxonomy":"product_tag","embeddable":true,"href":"https:\/\/www.betonmoulds.com\/es\/wp-json\/wp\/v2\/product_tag?post=6296"}],"curies":[{"name":"wp","href":"https:\/\/api.w.org\/{rel}","templated":true}]}}