{"id":6245,"date":"2023-07-01T14:51:56","date_gmt":"2023-07-01T14:51:56","guid":{"rendered":"https:\/\/www.betonmoulds.com\/product\/lifting-clutch-lifting-eye-25t\/"},"modified":"2026-03-19T16:11:11","modified_gmt":"2026-03-19T16:11:11","slug":"embrague-de-elevacion-cancamo-de-izaje-25t","status":"publish","type":"product","link":"https:\/\/www.betonmoulds.com\/es\/product\/embrague-de-elevacion-cancamo-de-izaje-25t\/","title":{"rendered":"2.5t Ganchos de elevaci\u00f3n para anclajes"},"content":{"rendered":"","protected":false},"excerpt":{"rendered":"<p>Un embrague de elevaci\u00f3n se utiliza para elevar productos prefabricados de hormig\u00f3n equipados con un <a href=\"https:\/\/www.betonmoulds.com\/es\/product\/anclaje-de-pie-25t\/\"><strong>anclaje de pie<\/strong><\/a>. El embrague de elevaci\u00f3n tiene un cabezal de acoplamiento que se adapta a una <a href=\"https:\/\/www.betonmoulds.com\/es\/product\/cadena-de-elevacion-de-dos-brazos-con-ganchos-de-seguridad\/\"><strong>cadena de elevaci\u00f3n con gancho<\/strong><\/a>. El embrague de elevaci\u00f3n es f\u00e1cil de acoplar o desacoplar. Un embrague de elevaci\u00f3n tambi\u00e9n se denomina c\u00e1ncamo de izaje.<\/p>\n<p>El embrague de elevaci\u00f3n es una herramienta ideal para levantar un bloque de hormig\u00f3n. Este embrague de elevaci\u00f3n cumple todas las normativas europeas. Como parte del sistema de anclaje de transporte, es una soluci\u00f3n universal y segura para elevar y transportar bloques de hormig\u00f3n.<\/p>\n<p>Carga m\u00e1xima: 2.500 kg.<\/p>\n","protected":false},"featured_media":4664,"template":"","meta":[],"product_brand":[],"product_cat":[569,439,570],"product_tag":[],"class_list":{"0":"post-6245","1":"product","2":"type-product","3":"status-publish","4":"has-post-thumbnail","6":"product_cat-transporte-jersey","7":"product_cat-transporte-bloques","8":"product_cat-transporte-muro-de-contencion","10":"first","11":"instock","12":"shipping-taxable","13":"purchasable","14":"product-type-simple"},"yoast_head":"<!-- This site is optimized with the Yoast SEO plugin v27.4 - https:\/\/yoast.com\/product\/yoast-seo-wordpress\/ -->\n<title>2.5t Ganchos de elevaci\u00f3n para anclajes - BETONMOULDS<\/title>\n<meta name=\"robots\" content=\"index, follow, max-snippet:-1, max-image-preview:large, max-video-preview:-1\" \/>\n<link rel=\"canonical\" href=\"https:\/\/www.betonmoulds.com\/es\/product\/embrague-de-elevacion-cancamo-de-izaje-25t\/\" \/>\n<meta property=\"og:locale\" content=\"es_ES\" \/>\n<meta property=\"og:type\" content=\"article\" \/>\n<meta property=\"og:title\" content=\"2.5t Ganchos de elevaci\u00f3n para anclajes - BETONMOULDS\" \/>\n<meta property=\"og:description\" content=\"Un embrague de elevaci\u00f3n se utiliza para elevar productos prefabricados de hormig\u00f3n equipados con un anclaje de pie. El embrague de elevaci\u00f3n tiene un cabezal de acoplamiento que se adapta a una cadena de elevaci\u00f3n con gancho. El embrague de elevaci\u00f3n es f\u00e1cil de acoplar o desacoplar. Un embrague de elevaci\u00f3n tambi\u00e9n se denomina c\u00e1ncamo de izaje.  El embrague de elevaci\u00f3n es una herramienta ideal para levantar un bloque de hormig\u00f3n. Este embrague de elevaci\u00f3n cumple todas las normativas europeas. Como parte del sistema de anclaje de transporte, es una soluci\u00f3n universal y segura para elevar y transportar bloques de hormig\u00f3n.  Carga m\u00e1xima: 2.500 kg.\" \/>\n<meta property=\"og:url\" content=\"https:\/\/www.betonmoulds.com\/es\/product\/embrague-de-elevacion-cancamo-de-izaje-25t\/\" \/>\n<meta property=\"og:site_name\" content=\"BETONMOULDS\" \/>\n<meta property=\"article:modified_time\" content=\"2026-03-19T16:11:11+00:00\" \/>\n<meta property=\"og:image\" content=\"https:\/\/www.betonmoulds.com\/wp-content\/uploads\/2023\/07\/Lifting-Clutch-for-Concrete-Lego-Blocks-s.jpg\" \/>\n\t<meta property=\"og:image:width\" content=\"600\" \/>\n\t<meta property=\"og:image:height\" content=\"600\" \/>\n\t<meta property=\"og:image:type\" content=\"image\/jpeg\" \/>\n<meta name=\"twitter:card\" content=\"summary_large_image\" \/>\n<meta name=\"twitter:label1\" content=\"Tiempo de lectura\" \/>\n\t<meta name=\"twitter:data1\" content=\"1 minuto\" \/>\n<script type=\"application\/ld+json\" class=\"yoast-schema-graph\">{\"@context\":\"https:\\\/\\\/schema.org\",\"@graph\":[{\"@type\":\"WebPage\",\"@id\":\"https:\\\/\\\/www.betonmoulds.com\\\/es\\\/product\\\/embrague-de-elevacion-cancamo-de-izaje-25t\\\/\",\"url\":\"https:\\\/\\\/www.betonmoulds.com\\\/es\\\/product\\\/embrague-de-elevacion-cancamo-de-izaje-25t\\\/\",\"name\":\"2.5t Ganchos de elevaci\u00f3n para anclajes - BETONMOULDS\",\"isPartOf\":{\"@id\":\"https:\\\/\\\/www.betonmoulds.com\\\/es\\\/#website\"},\"primaryImageOfPage\":{\"@id\":\"https:\\\/\\\/www.betonmoulds.com\\\/es\\\/product\\\/embrague-de-elevacion-cancamo-de-izaje-25t\\\/#primaryimage\"},\"image\":{\"@id\":\"https:\\\/\\\/www.betonmoulds.com\\\/es\\\/product\\\/embrague-de-elevacion-cancamo-de-izaje-25t\\\/#primaryimage\"},\"thumbnailUrl\":\"https:\\\/\\\/www.betonmoulds.com\\\/wp-content\\\/uploads\\\/2023\\\/07\\\/Lifting-Clutch-for-Concrete-Lego-Blocks-s.jpg\",\"datePublished\":\"2023-07-01T14:51:56+00:00\",\"dateModified\":\"2026-03-19T16:11:11+00:00\",\"breadcrumb\":{\"@id\":\"https:\\\/\\\/www.betonmoulds.com\\\/es\\\/product\\\/embrague-de-elevacion-cancamo-de-izaje-25t\\\/#breadcrumb\"},\"inLanguage\":\"es\",\"potentialAction\":[{\"@type\":\"ReadAction\",\"target\":[\"https:\\\/\\\/www.betonmoulds.com\\\/es\\\/product\\\/embrague-de-elevacion-cancamo-de-izaje-25t\\\/\"]}]},{\"@type\":\"ImageObject\",\"inLanguage\":\"es\",\"@id\":\"https:\\\/\\\/www.betonmoulds.com\\\/es\\\/product\\\/embrague-de-elevacion-cancamo-de-izaje-25t\\\/#primaryimage\",\"url\":\"https:\\\/\\\/www.betonmoulds.com\\\/wp-content\\\/uploads\\\/2023\\\/07\\\/Lifting-Clutch-for-Concrete-Lego-Blocks-s.jpg\",\"contentUrl\":\"https:\\\/\\\/www.betonmoulds.com\\\/wp-content\\\/uploads\\\/2023\\\/07\\\/Lifting-Clutch-for-Concrete-Lego-Blocks-s.jpg\",\"width\":600,\"height\":600,\"caption\":\"Lifting Clutch for Concrete Lego Blocks s\"},{\"@type\":\"BreadcrumbList\",\"@id\":\"https:\\\/\\\/www.betonmoulds.com\\\/es\\\/product\\\/embrague-de-elevacion-cancamo-de-izaje-25t\\\/#breadcrumb\",\"itemListElement\":[{\"@type\":\"ListItem\",\"position\":1,\"name\":\"Home\",\"item\":\"https:\\\/\\\/www.betonmoulds.com\\\/es\\\/\"},{\"@type\":\"ListItem\",\"position\":2,\"name\":\"Tienda\",\"item\":\"https:\\\/\\\/www.betonmoulds.com\\\/fr\\\/boutique\\\/\"},{\"@type\":\"ListItem\",\"position\":3,\"name\":\"2.5t Ganchos de elevaci\u00f3n para anclajes\"}]},{\"@type\":\"WebSite\",\"@id\":\"https:\\\/\\\/www.betonmoulds.com\\\/es\\\/#website\",\"url\":\"https:\\\/\\\/www.betonmoulds.com\\\/es\\\/\",\"name\":\"BETONMOULDS\",\"description\":\"Upcycle leftover concrete\",\"potentialAction\":[{\"@type\":\"SearchAction\",\"target\":{\"@type\":\"EntryPoint\",\"urlTemplate\":\"https:\\\/\\\/www.betonmoulds.com\\\/es\\\/?s={search_term_string}\"},\"query-input\":{\"@type\":\"PropertyValueSpecification\",\"valueRequired\":true,\"valueName\":\"search_term_string\"}}],\"inLanguage\":\"es\"}]}<\/script>\n<!-- \/ Yoast SEO plugin. -->","yoast_head_json":{"title":"2.5t Ganchos de elevaci\u00f3n para anclajes - BETONMOULDS","robots":{"index":"index","follow":"follow","max-snippet":"max-snippet:-1","max-image-preview":"max-image-preview:large","max-video-preview":"max-video-preview:-1"},"canonical":"https:\/\/www.betonmoulds.com\/es\/product\/embrague-de-elevacion-cancamo-de-izaje-25t\/","og_locale":"es_ES","og_type":"article","og_title":"2.5t Ganchos de elevaci\u00f3n para anclajes - BETONMOULDS","og_description":"Un embrague de elevaci\u00f3n se utiliza para elevar productos prefabricados de hormig\u00f3n equipados con un anclaje de pie. El embrague de elevaci\u00f3n tiene un cabezal de acoplamiento que se adapta a una cadena de elevaci\u00f3n con gancho. El embrague de elevaci\u00f3n es f\u00e1cil de acoplar o desacoplar. Un embrague de elevaci\u00f3n tambi\u00e9n se denomina c\u00e1ncamo de izaje.  El embrague de elevaci\u00f3n es una herramienta ideal para levantar un bloque de hormig\u00f3n. Este embrague de elevaci\u00f3n cumple todas las normativas europeas. Como parte del sistema de anclaje de transporte, es una soluci\u00f3n universal y segura para elevar y transportar bloques de hormig\u00f3n.  Carga m\u00e1xima: 2.500 kg.","og_url":"https:\/\/www.betonmoulds.com\/es\/product\/embrague-de-elevacion-cancamo-de-izaje-25t\/","og_site_name":"BETONMOULDS","article_modified_time":"2026-03-19T16:11:11+00:00","og_image":[{"width":600,"height":600,"url":"https:\/\/www.betonmoulds.com\/wp-content\/uploads\/2023\/07\/Lifting-Clutch-for-Concrete-Lego-Blocks-s.jpg","type":"image\/jpeg"}],"twitter_card":"summary_large_image","twitter_misc":{"Tiempo de lectura":"1 minuto"},"schema":{"@context":"https:\/\/schema.org","@graph":[{"@type":"WebPage","@id":"https:\/\/www.betonmoulds.com\/es\/product\/embrague-de-elevacion-cancamo-de-izaje-25t\/","url":"https:\/\/www.betonmoulds.com\/es\/product\/embrague-de-elevacion-cancamo-de-izaje-25t\/","name":"2.5t Ganchos de elevaci\u00f3n para anclajes - BETONMOULDS","isPartOf":{"@id":"https:\/\/www.betonmoulds.com\/es\/#website"},"primaryImageOfPage":{"@id":"https:\/\/www.betonmoulds.com\/es\/product\/embrague-de-elevacion-cancamo-de-izaje-25t\/#primaryimage"},"image":{"@id":"https:\/\/www.betonmoulds.com\/es\/product\/embrague-de-elevacion-cancamo-de-izaje-25t\/#primaryimage"},"thumbnailUrl":"https:\/\/www.betonmoulds.com\/wp-content\/uploads\/2023\/07\/Lifting-Clutch-for-Concrete-Lego-Blocks-s.jpg","datePublished":"2023-07-01T14:51:56+00:00","dateModified":"2026-03-19T16:11:11+00:00","breadcrumb":{"@id":"https:\/\/www.betonmoulds.com\/es\/product\/embrague-de-elevacion-cancamo-de-izaje-25t\/#breadcrumb"},"inLanguage":"es","potentialAction":[{"@type":"ReadAction","target":["https:\/\/www.betonmoulds.com\/es\/product\/embrague-de-elevacion-cancamo-de-izaje-25t\/"]}]},{"@type":"ImageObject","inLanguage":"es","@id":"https:\/\/www.betonmoulds.com\/es\/product\/embrague-de-elevacion-cancamo-de-izaje-25t\/#primaryimage","url":"https:\/\/www.betonmoulds.com\/wp-content\/uploads\/2023\/07\/Lifting-Clutch-for-Concrete-Lego-Blocks-s.jpg","contentUrl":"https:\/\/www.betonmoulds.com\/wp-content\/uploads\/2023\/07\/Lifting-Clutch-for-Concrete-Lego-Blocks-s.jpg","width":600,"height":600,"caption":"Lifting Clutch for Concrete Lego Blocks s"},{"@type":"BreadcrumbList","@id":"https:\/\/www.betonmoulds.com\/es\/product\/embrague-de-elevacion-cancamo-de-izaje-25t\/#breadcrumb","itemListElement":[{"@type":"ListItem","position":1,"name":"Home","item":"https:\/\/www.betonmoulds.com\/es\/"},{"@type":"ListItem","position":2,"name":"Tienda","item":"https:\/\/www.betonmoulds.com\/fr\/boutique\/"},{"@type":"ListItem","position":3,"name":"2.5t Ganchos de elevaci\u00f3n para anclajes"}]},{"@type":"WebSite","@id":"https:\/\/www.betonmoulds.com\/es\/#website","url":"https:\/\/www.betonmoulds.com\/es\/","name":"BETONMOULDS","description":"Upcycle leftover concrete","potentialAction":[{"@type":"SearchAction","target":{"@type":"EntryPoint","urlTemplate":"https:\/\/www.betonmoulds.com\/es\/?s={search_term_string}"},"query-input":{"@type":"PropertyValueSpecification","valueRequired":true,"valueName":"search_term_string"}}],"inLanguage":"es"}]}},"_links":{"self":[{"href":"https:\/\/www.betonmoulds.com\/es\/wp-json\/wp\/v2\/product\/6245","targetHints":{"allow":["GET"]}}],"collection":[{"href":"https:\/\/www.betonmoulds.com\/es\/wp-json\/wp\/v2\/product"}],"about":[{"href":"https:\/\/www.betonmoulds.com\/es\/wp-json\/wp\/v2\/types\/product"}],"wp:featuredmedia":[{"embeddable":true,"href":"https:\/\/www.betonmoulds.com\/es\/wp-json\/wp\/v2\/media\/4664"}],"wp:attachment":[{"href":"https:\/\/www.betonmoulds.com\/es\/wp-json\/wp\/v2\/media?parent=6245"}],"wp:term":[{"taxonomy":"product_brand","embeddable":true,"href":"https:\/\/www.betonmoulds.com\/es\/wp-json\/wp\/v2\/product_brand?post=6245"},{"taxonomy":"product_cat","embeddable":true,"href":"https:\/\/www.betonmoulds.com\/es\/wp-json\/wp\/v2\/product_cat?post=6245"},{"taxonomy":"product_tag","embeddable":true,"href":"https:\/\/www.betonmoulds.com\/es\/wp-json\/wp\/v2\/product_tag?post=6245"}],"curies":[{"name":"wp","href":"https:\/\/api.w.org\/{rel}","templated":true}]}}