{"id":6211,"date":"2023-07-03T13:50:30","date_gmt":"2023-07-03T13:50:30","guid":{"rendered":"https:\/\/www.betonmoulds.com\/product\/foot-anchor-5t\/"},"modified":"2026-03-19T16:11:11","modified_gmt":"2026-03-19T16:11:11","slug":"anclaje-de-pie-5t","status":"publish","type":"product","link":"https:\/\/www.betonmoulds.com\/es\/product\/anclaje-de-pie-5t\/","title":{"rendered":"5t-170 Anclajes de cabeza esf\u00e9rica"},"content":{"rendered":"","protected":false},"excerpt":{"rendered":"<p>Utilice estos anclajes de pie para elevar y transportar elementos de hormig\u00f3n pesados de forma rentable y segura. Un anclaje de pie, tambi\u00e9n conocido como anclaje de transporte o anclaje de pasador, es un dispositivo de elevaci\u00f3n que se coloca al hormigonar junto con un formador de huecos y queda embebido en la pieza de hormig\u00f3n. El molde se retira una vez endurecido el hormig\u00f3n, tras lo cual el anclaje est\u00e1 listo para su uso. La longitud de los anclajes es de 170 mm y la carga m\u00e1xima es de 5000 kg. Estos anclajes est\u00e1n galvanizados en caliente como protecci\u00f3n contra la corrosi\u00f3n. Productos relacionados que forman parte del sistema de anclajes de transporte:<\/p>\n<ul>\n<li><a href=\"https:\/\/www.betonmoulds.com\/es\/product\/imanes-para-formar-huecos-de-anclaje-de-pie-en-el-hormigon-5t\/\"><strong>Im\u00e1n para formar huecos<\/strong><\/a> (para colocar el anclaje en el bloque de hormig\u00f3n)<\/li>\n<li><a href=\"https:\/\/www.betonmoulds.com\/es\/product\/anillo-de-goma-para-fijacion-de-anclajes-5t\/\"><strong>Anillo de goma para fijaci\u00f3n de anclajes<\/strong><\/a> (anillo de fijaci\u00f3n para colocar el anclaje en el formador de huecos)<\/li>\n<li><a href=\"https:\/\/www.betonmoulds.com\/es\/product\/embrague-de-elevacion-cancamo-de-izaje-5t\/\"><strong>Embrague de elevaci\u00f3n \/ gancho de elevaci\u00f3n<\/strong><\/a> (para conectar una cadena de elevaci\u00f3n al anclaje de pie)<\/li>\n<\/ul>\n<p>Trabajamos con una cantidad m\u00ednima de pedido de 100 unidades. Los precios por unidad son m\u00e1s bajos para pedidos superiores a 600 unidades; a partir de 3000 unidades (= 1 caja) ofrecemos un precio por unidad a\u00fan m\u00e1s bajo.<\/p>\n<p>Capacidad: 5000 kg<\/p>\n<p>Longitud: 170 mm<\/p>\n","protected":false},"featured_media":4733,"template":"","meta":[],"product_brand":[],"product_cat":[569,439,570],"product_tag":[],"class_list":{"0":"post-6211","1":"product","2":"type-product","3":"status-publish","4":"has-post-thumbnail","6":"product_cat-transporte-jersey","7":"product_cat-transporte-bloques","8":"product_cat-transporte-muro-de-contencion","10":"first","11":"instock","12":"shipping-taxable","13":"purchasable","14":"product-type-simple"},"yoast_head":"<!-- This site is optimized with the Yoast SEO plugin v27.4 - https:\/\/yoast.com\/product\/yoast-seo-wordpress\/ -->\n<title>5t-170 Anclajes de cabeza esf\u00e9rica - BETONMOULDS<\/title>\n<meta name=\"robots\" content=\"index, follow, max-snippet:-1, max-image-preview:large, max-video-preview:-1\" \/>\n<link rel=\"canonical\" href=\"https:\/\/www.betonmoulds.com\/es\/product\/anclaje-de-pie-5t\/\" \/>\n<meta property=\"og:locale\" content=\"es_ES\" \/>\n<meta property=\"og:type\" content=\"article\" \/>\n<meta property=\"og:title\" content=\"5t-170 Anclajes de cabeza esf\u00e9rica - BETONMOULDS\" \/>\n<meta property=\"og:description\" content=\"Utilice estos anclajes de pie para elevar y transportar elementos de hormig\u00f3n pesados de forma rentable y segura. Un anclaje de pie, tambi\u00e9n conocido como anclaje de transporte o anclaje de pasador, es un dispositivo de elevaci\u00f3n que se coloca al hormigonar junto con un formador de huecos y queda embebido en la pieza de hormig\u00f3n. El molde se retira una vez endurecido el hormig\u00f3n, tras lo cual el anclaje est\u00e1 listo para su uso. La longitud de los anclajes es de 170 mm y la carga m\u00e1xima es de 5000 kg. Estos anclajes est\u00e1n galvanizados en caliente como protecci\u00f3n contra la corrosi\u00f3n. Productos relacionados que forman parte del sistema de anclajes de transporte:   Im\u00e1n para formar huecos (para colocar el anclaje en el bloque de hormig\u00f3n)  Anillo de goma para fijaci\u00f3n de anclajes (anillo de fijaci\u00f3n para colocar el anclaje en el formador de huecos)  Embrague de elevaci\u00f3n \/ gancho de elevaci\u00f3n (para conectar una cadena de elevaci\u00f3n al anclaje de pie)  Trabajamos con una cantidad m\u00ednima de pedido de 100 unidades. Los precios por unidad son m\u00e1s bajos para pedidos superiores a 600 unidades; a partir de 3000 unidades (= 1 caja) ofrecemos un precio por unidad a\u00fan m\u00e1s bajo.  Capacidad: 5000 kg  Longitud: 170 mm\" \/>\n<meta property=\"og:url\" content=\"https:\/\/www.betonmoulds.com\/es\/product\/anclaje-de-pie-5t\/\" \/>\n<meta property=\"og:site_name\" content=\"BETONMOULDS\" \/>\n<meta property=\"article:modified_time\" content=\"2026-03-19T16:11:11+00:00\" \/>\n<meta property=\"og:image\" content=\"https:\/\/www.betonmoulds.com\/wp-content\/uploads\/2023\/07\/FA-5000-0170-Anchor_.jpg\" \/>\n\t<meta property=\"og:image:width\" content=\"900\" \/>\n\t<meta property=\"og:image:height\" content=\"900\" \/>\n\t<meta property=\"og:image:type\" content=\"image\/jpeg\" \/>\n<meta name=\"twitter:card\" content=\"summary_large_image\" \/>\n<meta name=\"twitter:label1\" content=\"Tiempo de lectura\" \/>\n\t<meta name=\"twitter:data1\" content=\"1 minuto\" \/>\n<script type=\"application\/ld+json\" class=\"yoast-schema-graph\">{\"@context\":\"https:\\\/\\\/schema.org\",\"@graph\":[{\"@type\":\"WebPage\",\"@id\":\"https:\\\/\\\/www.betonmoulds.com\\\/es\\\/product\\\/anclaje-de-pie-5t\\\/\",\"url\":\"https:\\\/\\\/www.betonmoulds.com\\\/es\\\/product\\\/anclaje-de-pie-5t\\\/\",\"name\":\"5t-170 Anclajes de cabeza esf\u00e9rica - BETONMOULDS\",\"isPartOf\":{\"@id\":\"https:\\\/\\\/www.betonmoulds.com\\\/es\\\/#website\"},\"primaryImageOfPage\":{\"@id\":\"https:\\\/\\\/www.betonmoulds.com\\\/es\\\/product\\\/anclaje-de-pie-5t\\\/#primaryimage\"},\"image\":{\"@id\":\"https:\\\/\\\/www.betonmoulds.com\\\/es\\\/product\\\/anclaje-de-pie-5t\\\/#primaryimage\"},\"thumbnailUrl\":\"https:\\\/\\\/www.betonmoulds.com\\\/wp-content\\\/uploads\\\/2023\\\/07\\\/FA-5000-0170-Anchor_.jpg\",\"datePublished\":\"2023-07-03T13:50:30+00:00\",\"dateModified\":\"2026-03-19T16:11:11+00:00\",\"breadcrumb\":{\"@id\":\"https:\\\/\\\/www.betonmoulds.com\\\/es\\\/product\\\/anclaje-de-pie-5t\\\/#breadcrumb\"},\"inLanguage\":\"es\",\"potentialAction\":[{\"@type\":\"ReadAction\",\"target\":[\"https:\\\/\\\/www.betonmoulds.com\\\/es\\\/product\\\/anclaje-de-pie-5t\\\/\"]}]},{\"@type\":\"ImageObject\",\"inLanguage\":\"es\",\"@id\":\"https:\\\/\\\/www.betonmoulds.com\\\/es\\\/product\\\/anclaje-de-pie-5t\\\/#primaryimage\",\"url\":\"https:\\\/\\\/www.betonmoulds.com\\\/wp-content\\\/uploads\\\/2023\\\/07\\\/FA-5000-0170-Anchor_.jpg\",\"contentUrl\":\"https:\\\/\\\/www.betonmoulds.com\\\/wp-content\\\/uploads\\\/2023\\\/07\\\/FA-5000-0170-Anchor_.jpg\",\"width\":900,\"height\":900,\"caption\":\"Foot anchor for block lifting\"},{\"@type\":\"BreadcrumbList\",\"@id\":\"https:\\\/\\\/www.betonmoulds.com\\\/es\\\/product\\\/anclaje-de-pie-5t\\\/#breadcrumb\",\"itemListElement\":[{\"@type\":\"ListItem\",\"position\":1,\"name\":\"Home\",\"item\":\"https:\\\/\\\/www.betonmoulds.com\\\/es\\\/\"},{\"@type\":\"ListItem\",\"position\":2,\"name\":\"Tienda\",\"item\":\"https:\\\/\\\/www.betonmoulds.com\\\/fr\\\/boutique\\\/\"},{\"@type\":\"ListItem\",\"position\":3,\"name\":\"5t-170 Anclajes de cabeza esf\u00e9rica\"}]},{\"@type\":\"WebSite\",\"@id\":\"https:\\\/\\\/www.betonmoulds.com\\\/es\\\/#website\",\"url\":\"https:\\\/\\\/www.betonmoulds.com\\\/es\\\/\",\"name\":\"BETONMOULDS\",\"description\":\"Upcycle leftover concrete\",\"potentialAction\":[{\"@type\":\"SearchAction\",\"target\":{\"@type\":\"EntryPoint\",\"urlTemplate\":\"https:\\\/\\\/www.betonmoulds.com\\\/es\\\/?s={search_term_string}\"},\"query-input\":{\"@type\":\"PropertyValueSpecification\",\"valueRequired\":true,\"valueName\":\"search_term_string\"}}],\"inLanguage\":\"es\"}]}<\/script>\n<!-- \/ Yoast SEO plugin. -->","yoast_head_json":{"title":"5t-170 Anclajes de cabeza esf\u00e9rica - BETONMOULDS","robots":{"index":"index","follow":"follow","max-snippet":"max-snippet:-1","max-image-preview":"max-image-preview:large","max-video-preview":"max-video-preview:-1"},"canonical":"https:\/\/www.betonmoulds.com\/es\/product\/anclaje-de-pie-5t\/","og_locale":"es_ES","og_type":"article","og_title":"5t-170 Anclajes de cabeza esf\u00e9rica - BETONMOULDS","og_description":"Utilice estos anclajes de pie para elevar y transportar elementos de hormig\u00f3n pesados de forma rentable y segura. Un anclaje de pie, tambi\u00e9n conocido como anclaje de transporte o anclaje de pasador, es un dispositivo de elevaci\u00f3n que se coloca al hormigonar junto con un formador de huecos y queda embebido en la pieza de hormig\u00f3n. El molde se retira una vez endurecido el hormig\u00f3n, tras lo cual el anclaje est\u00e1 listo para su uso. La longitud de los anclajes es de 170 mm y la carga m\u00e1xima es de 5000 kg. Estos anclajes est\u00e1n galvanizados en caliente como protecci\u00f3n contra la corrosi\u00f3n. Productos relacionados que forman parte del sistema de anclajes de transporte:   Im\u00e1n para formar huecos (para colocar el anclaje en el bloque de hormig\u00f3n)  Anillo de goma para fijaci\u00f3n de anclajes (anillo de fijaci\u00f3n para colocar el anclaje en el formador de huecos)  Embrague de elevaci\u00f3n \/ gancho de elevaci\u00f3n (para conectar una cadena de elevaci\u00f3n al anclaje de pie)  Trabajamos con una cantidad m\u00ednima de pedido de 100 unidades. Los precios por unidad son m\u00e1s bajos para pedidos superiores a 600 unidades; a partir de 3000 unidades (= 1 caja) ofrecemos un precio por unidad a\u00fan m\u00e1s bajo.  Capacidad: 5000 kg  Longitud: 170 mm","og_url":"https:\/\/www.betonmoulds.com\/es\/product\/anclaje-de-pie-5t\/","og_site_name":"BETONMOULDS","article_modified_time":"2026-03-19T16:11:11+00:00","og_image":[{"width":900,"height":900,"url":"https:\/\/www.betonmoulds.com\/wp-content\/uploads\/2023\/07\/FA-5000-0170-Anchor_.jpg","type":"image\/jpeg"}],"twitter_card":"summary_large_image","twitter_misc":{"Tiempo de lectura":"1 minuto"},"schema":{"@context":"https:\/\/schema.org","@graph":[{"@type":"WebPage","@id":"https:\/\/www.betonmoulds.com\/es\/product\/anclaje-de-pie-5t\/","url":"https:\/\/www.betonmoulds.com\/es\/product\/anclaje-de-pie-5t\/","name":"5t-170 Anclajes de cabeza esf\u00e9rica - BETONMOULDS","isPartOf":{"@id":"https:\/\/www.betonmoulds.com\/es\/#website"},"primaryImageOfPage":{"@id":"https:\/\/www.betonmoulds.com\/es\/product\/anclaje-de-pie-5t\/#primaryimage"},"image":{"@id":"https:\/\/www.betonmoulds.com\/es\/product\/anclaje-de-pie-5t\/#primaryimage"},"thumbnailUrl":"https:\/\/www.betonmoulds.com\/wp-content\/uploads\/2023\/07\/FA-5000-0170-Anchor_.jpg","datePublished":"2023-07-03T13:50:30+00:00","dateModified":"2026-03-19T16:11:11+00:00","breadcrumb":{"@id":"https:\/\/www.betonmoulds.com\/es\/product\/anclaje-de-pie-5t\/#breadcrumb"},"inLanguage":"es","potentialAction":[{"@type":"ReadAction","target":["https:\/\/www.betonmoulds.com\/es\/product\/anclaje-de-pie-5t\/"]}]},{"@type":"ImageObject","inLanguage":"es","@id":"https:\/\/www.betonmoulds.com\/es\/product\/anclaje-de-pie-5t\/#primaryimage","url":"https:\/\/www.betonmoulds.com\/wp-content\/uploads\/2023\/07\/FA-5000-0170-Anchor_.jpg","contentUrl":"https:\/\/www.betonmoulds.com\/wp-content\/uploads\/2023\/07\/FA-5000-0170-Anchor_.jpg","width":900,"height":900,"caption":"Foot anchor for block lifting"},{"@type":"BreadcrumbList","@id":"https:\/\/www.betonmoulds.com\/es\/product\/anclaje-de-pie-5t\/#breadcrumb","itemListElement":[{"@type":"ListItem","position":1,"name":"Home","item":"https:\/\/www.betonmoulds.com\/es\/"},{"@type":"ListItem","position":2,"name":"Tienda","item":"https:\/\/www.betonmoulds.com\/fr\/boutique\/"},{"@type":"ListItem","position":3,"name":"5t-170 Anclajes de cabeza esf\u00e9rica"}]},{"@type":"WebSite","@id":"https:\/\/www.betonmoulds.com\/es\/#website","url":"https:\/\/www.betonmoulds.com\/es\/","name":"BETONMOULDS","description":"Upcycle leftover concrete","potentialAction":[{"@type":"SearchAction","target":{"@type":"EntryPoint","urlTemplate":"https:\/\/www.betonmoulds.com\/es\/?s={search_term_string}"},"query-input":{"@type":"PropertyValueSpecification","valueRequired":true,"valueName":"search_term_string"}}],"inLanguage":"es"}]}},"_links":{"self":[{"href":"https:\/\/www.betonmoulds.com\/es\/wp-json\/wp\/v2\/product\/6211","targetHints":{"allow":["GET"]}}],"collection":[{"href":"https:\/\/www.betonmoulds.com\/es\/wp-json\/wp\/v2\/product"}],"about":[{"href":"https:\/\/www.betonmoulds.com\/es\/wp-json\/wp\/v2\/types\/product"}],"wp:featuredmedia":[{"embeddable":true,"href":"https:\/\/www.betonmoulds.com\/es\/wp-json\/wp\/v2\/media\/4733"}],"wp:attachment":[{"href":"https:\/\/www.betonmoulds.com\/es\/wp-json\/wp\/v2\/media?parent=6211"}],"wp:term":[{"taxonomy":"product_brand","embeddable":true,"href":"https:\/\/www.betonmoulds.com\/es\/wp-json\/wp\/v2\/product_brand?post=6211"},{"taxonomy":"product_cat","embeddable":true,"href":"https:\/\/www.betonmoulds.com\/es\/wp-json\/wp\/v2\/product_cat?post=6211"},{"taxonomy":"product_tag","embeddable":true,"href":"https:\/\/www.betonmoulds.com\/es\/wp-json\/wp\/v2\/product_tag?post=6211"}],"curies":[{"name":"wp","href":"https:\/\/api.w.org\/{rel}","templated":true}]}}