{"id":6193,"date":"2023-06-29T14:28:17","date_gmt":"2023-06-29T14:28:17","guid":{"rendered":"https:\/\/www.betonmoulds.com\/product\/two-legged-hoisting-chain-for-slabs\/"},"modified":"2026-03-19T16:12:14","modified_gmt":"2026-03-19T16:12:14","slug":"cadena-de-elevacion-de-dos-ramales-para-losas","status":"publish","type":"product","link":"https:\/\/www.betonmoulds.com\/es\/product\/cadena-de-elevacion-de-dos-ramales-para-losas\/","title":{"rendered":"Eslingas de cadena 2 ramales con ganchos placas de hormig\u00f3n"},"content":{"rendered":"","protected":false},"excerpt":{"rendered":"<p>Una cadena de elevaci\u00f3n de dos brazos es un conjunto de cadena con 2 brazos y 2 ganchos para losas de hormig\u00f3n. Se trata de una cadena de elevaci\u00f3n de alta calidad para el transporte fiable, seguro y a la vez r\u00e1pido de pesadas placas de hormig\u00f3n de hasta 3150 kg.<\/p>\n<p>Los ganchos para losas de hormig\u00f3n son adecuados para losas de hormig\u00f3n con dos recortes de 55 x 25 mm (= est\u00e1ndar). Las ranuras rectangulares en la losa de hormig\u00f3n se forman instalando <a href=\"https:\/\/www.betonmoulds.com\/es\/product\/cip-200-16\/\"><strong>perfiles de hormig\u00f3n<\/strong><\/a> en el <a href=\"https:\/\/www.betonmoulds.com\/es\/product\/cs-200-200-16\/\"><strong>molde<\/strong><\/a>.<\/p>\n<p>El ojo superior de la cadena de elevaci\u00f3n puede conectarse a una viga de elevaci\u00f3n de carretilla elevadora, facilitando as\u00ed la elevaci\u00f3n y el transporte de losas de hormig\u00f3n.<\/p>\n","protected":false},"featured_media":4582,"template":"","meta":[],"product_brand":[],"product_cat":[443],"product_tag":[],"class_list":{"0":"post-6193","1":"product","2":"type-product","3":"status-publish","4":"has-post-thumbnail","6":"product_cat-transporte-losas","8":"first","9":"instock","10":"shipping-taxable","11":"purchasable","12":"product-type-simple"},"yoast_head":"<!-- This site is optimized with the Yoast SEO plugin v27.5 - https:\/\/yoast.com\/product\/yoast-seo-wordpress\/ -->\n<title>Eslingas de cadena 2 ramales con ganchos placas de hormig\u00f3n - BETONMOULDS<\/title>\n<meta name=\"robots\" content=\"index, follow, max-snippet:-1, max-image-preview:large, max-video-preview:-1\" \/>\n<link rel=\"canonical\" href=\"https:\/\/www.betonmoulds.com\/es\/product\/cadena-de-elevacion-de-dos-ramales-para-losas\/\" \/>\n<meta property=\"og:locale\" content=\"es_ES\" \/>\n<meta property=\"og:type\" content=\"article\" \/>\n<meta property=\"og:title\" content=\"Eslingas de cadena 2 ramales con ganchos placas de hormig\u00f3n - BETONMOULDS\" \/>\n<meta property=\"og:description\" content=\"Una cadena de elevaci\u00f3n de dos brazos es un conjunto de cadena con 2 brazos y 2 ganchos para losas de hormig\u00f3n. Se trata de una cadena de elevaci\u00f3n de alta calidad para el transporte fiable, seguro y a la vez r\u00e1pido de pesadas placas de hormig\u00f3n de hasta 3150 kg.  Los ganchos para losas de hormig\u00f3n son adecuados para losas de hormig\u00f3n con dos recortes de 55 x 25 mm (= est\u00e1ndar). Las ranuras rectangulares en la losa de hormig\u00f3n se forman instalando perfiles de hormig\u00f3n en el molde.  El ojo superior de la cadena de elevaci\u00f3n puede conectarse a una viga de elevaci\u00f3n de carretilla elevadora, facilitando as\u00ed la elevaci\u00f3n y el transporte de losas de hormig\u00f3n.\" \/>\n<meta property=\"og:url\" content=\"https:\/\/www.betonmoulds.com\/es\/product\/cadena-de-elevacion-de-dos-ramales-para-losas\/\" \/>\n<meta property=\"og:site_name\" content=\"BETONMOULDS\" \/>\n<meta property=\"article:modified_time\" content=\"2026-03-19T16:12:14+00:00\" \/>\n<meta property=\"og:image\" content=\"https:\/\/www.betonmoulds.com\/wp-content\/uploads\/2023\/06\/2-leg-chain-for-lifting-slabs.jpg\" \/>\n\t<meta property=\"og:image:width\" content=\"600\" \/>\n\t<meta property=\"og:image:height\" content=\"600\" \/>\n\t<meta property=\"og:image:type\" content=\"image\/jpeg\" \/>\n<meta name=\"twitter:card\" content=\"summary_large_image\" \/>\n<meta name=\"twitter:label1\" content=\"Tiempo de lectura\" \/>\n\t<meta name=\"twitter:data1\" content=\"1 minuto\" \/>\n<script type=\"application\/ld+json\" class=\"yoast-schema-graph\">{\"@context\":\"https:\\\/\\\/schema.org\",\"@graph\":[{\"@type\":\"WebPage\",\"@id\":\"https:\\\/\\\/www.betonmoulds.com\\\/es\\\/product\\\/cadena-de-elevacion-de-dos-ramales-para-losas\\\/\",\"url\":\"https:\\\/\\\/www.betonmoulds.com\\\/es\\\/product\\\/cadena-de-elevacion-de-dos-ramales-para-losas\\\/\",\"name\":\"Eslingas de cadena 2 ramales con ganchos placas de hormig\u00f3n - BETONMOULDS\",\"isPartOf\":{\"@id\":\"https:\\\/\\\/www.betonmoulds.com\\\/es\\\/#website\"},\"primaryImageOfPage\":{\"@id\":\"https:\\\/\\\/www.betonmoulds.com\\\/es\\\/product\\\/cadena-de-elevacion-de-dos-ramales-para-losas\\\/#primaryimage\"},\"image\":{\"@id\":\"https:\\\/\\\/www.betonmoulds.com\\\/es\\\/product\\\/cadena-de-elevacion-de-dos-ramales-para-losas\\\/#primaryimage\"},\"thumbnailUrl\":\"https:\\\/\\\/www.betonmoulds.com\\\/wp-content\\\/uploads\\\/2023\\\/06\\\/2-leg-chain-for-lifting-slabs.jpg\",\"datePublished\":\"2023-06-29T14:28:17+00:00\",\"dateModified\":\"2026-03-19T16:12:14+00:00\",\"breadcrumb\":{\"@id\":\"https:\\\/\\\/www.betonmoulds.com\\\/es\\\/product\\\/cadena-de-elevacion-de-dos-ramales-para-losas\\\/#breadcrumb\"},\"inLanguage\":\"es\",\"potentialAction\":[{\"@type\":\"ReadAction\",\"target\":[\"https:\\\/\\\/www.betonmoulds.com\\\/es\\\/product\\\/cadena-de-elevacion-de-dos-ramales-para-losas\\\/\"]}]},{\"@type\":\"ImageObject\",\"inLanguage\":\"es\",\"@id\":\"https:\\\/\\\/www.betonmoulds.com\\\/es\\\/product\\\/cadena-de-elevacion-de-dos-ramales-para-losas\\\/#primaryimage\",\"url\":\"https:\\\/\\\/www.betonmoulds.com\\\/wp-content\\\/uploads\\\/2023\\\/06\\\/2-leg-chain-for-lifting-slabs.jpg\",\"contentUrl\":\"https:\\\/\\\/www.betonmoulds.com\\\/wp-content\\\/uploads\\\/2023\\\/06\\\/2-leg-chain-for-lifting-slabs.jpg\",\"width\":600,\"height\":600,\"caption\":\"2 leg chain for lifting slabs\"},{\"@type\":\"BreadcrumbList\",\"@id\":\"https:\\\/\\\/www.betonmoulds.com\\\/es\\\/product\\\/cadena-de-elevacion-de-dos-ramales-para-losas\\\/#breadcrumb\",\"itemListElement\":[{\"@type\":\"ListItem\",\"position\":1,\"name\":\"Home\",\"item\":\"https:\\\/\\\/www.betonmoulds.com\\\/es\\\/\"},{\"@type\":\"ListItem\",\"position\":2,\"name\":\"Tienda\",\"item\":\"https:\\\/\\\/www.betonmoulds.com\\\/fr\\\/boutique\\\/\"},{\"@type\":\"ListItem\",\"position\":3,\"name\":\"Eslingas de cadena 2 ramales con ganchos placas de hormig\u00f3n\"}]},{\"@type\":\"WebSite\",\"@id\":\"https:\\\/\\\/www.betonmoulds.com\\\/es\\\/#website\",\"url\":\"https:\\\/\\\/www.betonmoulds.com\\\/es\\\/\",\"name\":\"BETONMOULDS\",\"description\":\"Upcycle leftover concrete\",\"potentialAction\":[{\"@type\":\"SearchAction\",\"target\":{\"@type\":\"EntryPoint\",\"urlTemplate\":\"https:\\\/\\\/www.betonmoulds.com\\\/es\\\/?s={search_term_string}\"},\"query-input\":{\"@type\":\"PropertyValueSpecification\",\"valueRequired\":true,\"valueName\":\"search_term_string\"}}],\"inLanguage\":\"es\"}]}<\/script>\n<!-- \/ Yoast SEO plugin. -->","yoast_head_json":{"title":"Eslingas de cadena 2 ramales con ganchos placas de hormig\u00f3n - BETONMOULDS","robots":{"index":"index","follow":"follow","max-snippet":"max-snippet:-1","max-image-preview":"max-image-preview:large","max-video-preview":"max-video-preview:-1"},"canonical":"https:\/\/www.betonmoulds.com\/es\/product\/cadena-de-elevacion-de-dos-ramales-para-losas\/","og_locale":"es_ES","og_type":"article","og_title":"Eslingas de cadena 2 ramales con ganchos placas de hormig\u00f3n - BETONMOULDS","og_description":"Una cadena de elevaci\u00f3n de dos brazos es un conjunto de cadena con 2 brazos y 2 ganchos para losas de hormig\u00f3n. Se trata de una cadena de elevaci\u00f3n de alta calidad para el transporte fiable, seguro y a la vez r\u00e1pido de pesadas placas de hormig\u00f3n de hasta 3150 kg.  Los ganchos para losas de hormig\u00f3n son adecuados para losas de hormig\u00f3n con dos recortes de 55 x 25 mm (= est\u00e1ndar). Las ranuras rectangulares en la losa de hormig\u00f3n se forman instalando perfiles de hormig\u00f3n en el molde.  El ojo superior de la cadena de elevaci\u00f3n puede conectarse a una viga de elevaci\u00f3n de carretilla elevadora, facilitando as\u00ed la elevaci\u00f3n y el transporte de losas de hormig\u00f3n.","og_url":"https:\/\/www.betonmoulds.com\/es\/product\/cadena-de-elevacion-de-dos-ramales-para-losas\/","og_site_name":"BETONMOULDS","article_modified_time":"2026-03-19T16:12:14+00:00","og_image":[{"width":600,"height":600,"url":"https:\/\/www.betonmoulds.com\/wp-content\/uploads\/2023\/06\/2-leg-chain-for-lifting-slabs.jpg","type":"image\/jpeg"}],"twitter_card":"summary_large_image","twitter_misc":{"Tiempo de lectura":"1 minuto"},"schema":{"@context":"https:\/\/schema.org","@graph":[{"@type":"WebPage","@id":"https:\/\/www.betonmoulds.com\/es\/product\/cadena-de-elevacion-de-dos-ramales-para-losas\/","url":"https:\/\/www.betonmoulds.com\/es\/product\/cadena-de-elevacion-de-dos-ramales-para-losas\/","name":"Eslingas de cadena 2 ramales con ganchos placas de hormig\u00f3n - BETONMOULDS","isPartOf":{"@id":"https:\/\/www.betonmoulds.com\/es\/#website"},"primaryImageOfPage":{"@id":"https:\/\/www.betonmoulds.com\/es\/product\/cadena-de-elevacion-de-dos-ramales-para-losas\/#primaryimage"},"image":{"@id":"https:\/\/www.betonmoulds.com\/es\/product\/cadena-de-elevacion-de-dos-ramales-para-losas\/#primaryimage"},"thumbnailUrl":"https:\/\/www.betonmoulds.com\/wp-content\/uploads\/2023\/06\/2-leg-chain-for-lifting-slabs.jpg","datePublished":"2023-06-29T14:28:17+00:00","dateModified":"2026-03-19T16:12:14+00:00","breadcrumb":{"@id":"https:\/\/www.betonmoulds.com\/es\/product\/cadena-de-elevacion-de-dos-ramales-para-losas\/#breadcrumb"},"inLanguage":"es","potentialAction":[{"@type":"ReadAction","target":["https:\/\/www.betonmoulds.com\/es\/product\/cadena-de-elevacion-de-dos-ramales-para-losas\/"]}]},{"@type":"ImageObject","inLanguage":"es","@id":"https:\/\/www.betonmoulds.com\/es\/product\/cadena-de-elevacion-de-dos-ramales-para-losas\/#primaryimage","url":"https:\/\/www.betonmoulds.com\/wp-content\/uploads\/2023\/06\/2-leg-chain-for-lifting-slabs.jpg","contentUrl":"https:\/\/www.betonmoulds.com\/wp-content\/uploads\/2023\/06\/2-leg-chain-for-lifting-slabs.jpg","width":600,"height":600,"caption":"2 leg chain for lifting slabs"},{"@type":"BreadcrumbList","@id":"https:\/\/www.betonmoulds.com\/es\/product\/cadena-de-elevacion-de-dos-ramales-para-losas\/#breadcrumb","itemListElement":[{"@type":"ListItem","position":1,"name":"Home","item":"https:\/\/www.betonmoulds.com\/es\/"},{"@type":"ListItem","position":2,"name":"Tienda","item":"https:\/\/www.betonmoulds.com\/fr\/boutique\/"},{"@type":"ListItem","position":3,"name":"Eslingas de cadena 2 ramales con ganchos placas de hormig\u00f3n"}]},{"@type":"WebSite","@id":"https:\/\/www.betonmoulds.com\/es\/#website","url":"https:\/\/www.betonmoulds.com\/es\/","name":"BETONMOULDS","description":"Upcycle leftover concrete","potentialAction":[{"@type":"SearchAction","target":{"@type":"EntryPoint","urlTemplate":"https:\/\/www.betonmoulds.com\/es\/?s={search_term_string}"},"query-input":{"@type":"PropertyValueSpecification","valueRequired":true,"valueName":"search_term_string"}}],"inLanguage":"es"}]}},"_links":{"self":[{"href":"https:\/\/www.betonmoulds.com\/es\/wp-json\/wp\/v2\/product\/6193","targetHints":{"allow":["GET"]}}],"collection":[{"href":"https:\/\/www.betonmoulds.com\/es\/wp-json\/wp\/v2\/product"}],"about":[{"href":"https:\/\/www.betonmoulds.com\/es\/wp-json\/wp\/v2\/types\/product"}],"wp:featuredmedia":[{"embeddable":true,"href":"https:\/\/www.betonmoulds.com\/es\/wp-json\/wp\/v2\/media\/4582"}],"wp:attachment":[{"href":"https:\/\/www.betonmoulds.com\/es\/wp-json\/wp\/v2\/media?parent=6193"}],"wp:term":[{"taxonomy":"product_brand","embeddable":true,"href":"https:\/\/www.betonmoulds.com\/es\/wp-json\/wp\/v2\/product_brand?post=6193"},{"taxonomy":"product_cat","embeddable":true,"href":"https:\/\/www.betonmoulds.com\/es\/wp-json\/wp\/v2\/product_cat?post=6193"},{"taxonomy":"product_tag","embeddable":true,"href":"https:\/\/www.betonmoulds.com\/es\/wp-json\/wp\/v2\/product_tag?post=6193"}],"curies":[{"name":"wp","href":"https:\/\/api.w.org\/{rel}","templated":true}]}}