{"id":6150,"date":"2023-06-29T13:56:48","date_gmt":"2023-06-29T13:56:48","guid":{"rendered":"https:\/\/www.betonmoulds.com\/product\/block-scissor-clamp-400-150\/"},"modified":"2026-03-19T16:15:57","modified_gmt":"2026-03-19T16:15:57","slug":"abrazadera-mecanica-de-tijera-400-150","status":"publish","type":"product","link":"https:\/\/www.betonmoulds.com\/es\/product\/abrazadera-mecanica-de-tijera-400-150\/","title":{"rendered":"Pinza para bloques de hormig\u00f3n 400-150"},"content":{"rendered":"<div class=\"wpb-content-wrapper\"><p>[vc_row][vc_column][\/vc_column][\/vc_row]<\/p>\n<\/div>","protected":false},"excerpt":{"rendered":"<p>Una abrazadera o pinza mec\u00e1nica para bloques de hormig\u00f3n es una pinza de tijera que puede accionarse de forma totalmente mec\u00e1nica mediante una gr\u00faa, una gr\u00faa cargadora (HIAB) o una carretilla elevadora sin que el conductor tenga que abandonar la seguridad de su cabina. La abrazadera mec\u00e1nica de elevaci\u00f3n minimiza los movimientos pendulares del bloque de hormig\u00f3n durante la elevaci\u00f3n y permite un posicionamiento preciso.<\/p>\n<p>Estas pinzas de elevaci\u00f3n, tambi\u00e9n conocidas como pinzas para bloques, est\u00e1n equipadas con un mecanismo de bloqueo autom\u00e1tico. El sistema mantiene la pinza abierta cuando no se est\u00e1 levantando, lo que permite un manejo r\u00e1pido y sencillo por una sola persona. Esto permite una carga y descarga m\u00e1s eficaz de los grandes bloques de hormig\u00f3n, con el consiguiente ahorro de tiempo y dinero.<\/p>\n<p>Este dispositivo de elevaci\u00f3n para bloques de hormig\u00f3n est\u00e1 equipado con<a href=\"https:\/\/www.betonmoulds.com\/es\/product\/gomas-de-sujecion-de-bloques\/\"><strong> almohadillas de goma intercambiables<\/strong><\/a> para evitar deslizamientos. Las almohadillas no dejan manchas de color en los bloques de hormig\u00f3n. Los perfiles de goma est\u00e1n disponibles en blanco y negro y tambi\u00e9n pueden adquirirse como piezas de repuesto.<\/p>\n<p>Las abrazaderas para bloques de hormig\u00f3n se utilizan con gr\u00faas HIAB o de cami\u00f3n, gr\u00faas torre y carretillas elevadoras mediante una <a href=\"https:\/\/www.betonmoulds.com\/es\/product\/viga-de-elevacion-para-carretillas-elevadoras-bidireccional\/\"><strong>viga de elevaci\u00f3n.<\/strong><\/a><\/p>\n<table style=\"height: 394px;\" width=\"423\">\n<tbody>\n<tr>\n<td width=\"245\">L\u00edmite de carga de trabajo<\/td>\n<td width=\"57\">kg<\/td>\n<td width=\"142\">2.000<\/td>\n<\/tr>\n<tr>\n<td width=\"245\">Peso en vac\u00edo<\/td>\n<td width=\"57\">kg<\/td>\n<td width=\"142\">165<\/td>\n<\/tr>\n<tr>\n<td width=\"245\">Capacidad de la mordaza<\/td>\n<td width=\"57\">mm<\/td>\n<td width=\"142\">400 &#8211; 150<\/td>\n<\/tr>\n<tr>\n<td width=\"245\">Anchura m\u00ednima de sujeci\u00f3n<\/td>\n<td width=\"57\">mm<\/td>\n<td width=\"142\">150<\/td>\n<\/tr>\n<tr>\n<td width=\"245\">Anchura m\u00e1xima de sujeci\u00f3n<\/td>\n<td width=\"57\">mm<\/td>\n<td width=\"142\">400<\/td>\n<\/tr>\n<tr>\n<td width=\"245\">Apertura m\u00e1xima de la mordaza<\/td>\n<td width=\"57\">mm<\/td>\n<td width=\"142\">470<\/td>\n<\/tr>\n<tr>\n<td width=\"245\">Longitud de sujeci\u00f3n<\/td>\n<td width=\"57\">mm<\/td>\n<td width=\"142\">600<\/td>\n<\/tr>\n<\/tbody>\n<\/table>\n<p><strong>\u00a0<\/strong><\/p>\n<p><strong>Otras abrazaderas de tijeras para bloques de hormig\u00f3n disponibles: <\/strong><\/p>\n<p><a href=\"https:\/\/www.betonmoulds.com\/es\/product\/abrazadera-mecanica-de-tijera-800-400\/\"><strong>BSC-W800-400<\/strong><\/a>, para bloques de hormig\u00f3n con una anchura de 80 cm a 40 cm.<br \/>\n<a href=\"https:\/\/www.betonmoulds.com\/es\/product\/abrazadera-mecanica-de-tijera-600-300\/\"><strong>BSC-W600-300<\/strong><\/a>, para bloques de hormig\u00f3n con una anchura de 60 cm a 30 cm.<\/p>\n","protected":false},"featured_media":4679,"template":"","meta":[],"product_brand":[],"product_cat":[569,439],"product_tag":[],"class_list":{"0":"post-6150","1":"product","2":"type-product","3":"status-publish","4":"has-post-thumbnail","6":"product_cat-transporte-jersey","7":"product_cat-transporte-bloques","9":"first","10":"instock","11":"shipping-taxable","12":"purchasable","13":"product-type-simple"},"yoast_head":"<!-- This site is optimized with the Yoast SEO plugin v27.4 - https:\/\/yoast.com\/product\/yoast-seo-wordpress\/ -->\n<title>Pinza para bloques de hormig\u00f3n 400-150 - BETONMOULDS<\/title>\n<meta name=\"robots\" content=\"index, follow, max-snippet:-1, max-image-preview:large, max-video-preview:-1\" \/>\n<link rel=\"canonical\" href=\"https:\/\/www.betonmoulds.com\/es\/product\/abrazadera-mecanica-de-tijera-400-150\/\" \/>\n<meta property=\"og:locale\" content=\"es_ES\" \/>\n<meta property=\"og:type\" content=\"article\" \/>\n<meta property=\"og:title\" content=\"Pinza para bloques de hormig\u00f3n 400-150 - BETONMOULDS\" \/>\n<meta property=\"og:description\" content=\"Una abrazadera o pinza mec\u00e1nica para bloques de hormig\u00f3n es una pinza de tijera que puede accionarse de forma totalmente mec\u00e1nica mediante una gr\u00faa, una gr\u00faa cargadora (HIAB) o una carretilla elevadora sin que el conductor tenga que abandonar la seguridad de su cabina. La abrazadera mec\u00e1nica de elevaci\u00f3n minimiza los movimientos pendulares del bloque de hormig\u00f3n durante la elevaci\u00f3n y permite un posicionamiento preciso.  Estas pinzas de elevaci\u00f3n, tambi\u00e9n conocidas como pinzas para bloques, est\u00e1n equipadas con un mecanismo de bloqueo autom\u00e1tico. El sistema mantiene la pinza abierta cuando no se est\u00e1 levantando, lo que permite un manejo r\u00e1pido y sencillo por una sola persona. Esto permite una carga y descarga m\u00e1s eficaz de los grandes bloques de hormig\u00f3n, con el consiguiente ahorro de tiempo y dinero.  Este dispositivo de elevaci\u00f3n para bloques de hormig\u00f3n est\u00e1 equipado con almohadillas de goma intercambiables para evitar deslizamientos. Las almohadillas no dejan manchas de color en los bloques de hormig\u00f3n. Los perfiles de goma est\u00e1n disponibles en blanco y negro y tambi\u00e9n pueden adquirirse como piezas de repuesto.  Las abrazaderas para bloques de hormig\u00f3n se utilizan con gr\u00faas HIAB o de cami\u00f3n, gr\u00faas torre y carretillas elevadoras mediante una viga de elevaci\u00f3n.    L\u00edmite de carga de trabajo kg 2.000   Peso en vac\u00edo kg 165   Capacidad de la mordaza mm 400 - 150   Anchura m\u00ednima de sujeci\u00f3n mm 150   Anchura m\u00e1xima de sujeci\u00f3n mm 400   Apertura m\u00e1xima de la mordaza mm 470   Longitud de sujeci\u00f3n mm 600    \u00a0  Otras abrazaderas de tijeras para bloques de hormig\u00f3n disponibles:   BSC-W800-400, para bloques de hormig\u00f3n con una anchura de 80 cm a 40 cm. BSC-W600-300, para bloques de hormig\u00f3n con una anchura de 60 cm a 30 cm.\" \/>\n<meta property=\"og:url\" content=\"https:\/\/www.betonmoulds.com\/es\/product\/abrazadera-mecanica-de-tijera-400-150\/\" \/>\n<meta property=\"og:site_name\" content=\"BETONMOULDS\" \/>\n<meta property=\"article:modified_time\" content=\"2026-03-19T16:15:57+00:00\" \/>\n<meta property=\"og:image\" content=\"https:\/\/www.betonmoulds.com\/wp-content\/uploads\/2023\/06\/BSC-W400-150.jpg\" \/>\n\t<meta property=\"og:image:width\" content=\"600\" \/>\n\t<meta property=\"og:image:height\" content=\"600\" \/>\n\t<meta property=\"og:image:type\" content=\"image\/jpeg\" \/>\n<meta name=\"twitter:card\" content=\"summary_large_image\" \/>\n<meta name=\"twitter:label1\" content=\"Tiempo de lectura\" \/>\n\t<meta name=\"twitter:data1\" content=\"1 minuto\" \/>\n<script type=\"application\/ld+json\" class=\"yoast-schema-graph\">{\"@context\":\"https:\\\/\\\/schema.org\",\"@graph\":[{\"@type\":\"WebPage\",\"@id\":\"https:\\\/\\\/www.betonmoulds.com\\\/es\\\/product\\\/abrazadera-mecanica-de-tijera-400-150\\\/\",\"url\":\"https:\\\/\\\/www.betonmoulds.com\\\/es\\\/product\\\/abrazadera-mecanica-de-tijera-400-150\\\/\",\"name\":\"Pinza para bloques de hormig\u00f3n 400-150 - BETONMOULDS\",\"isPartOf\":{\"@id\":\"https:\\\/\\\/www.betonmoulds.com\\\/es\\\/#website\"},\"primaryImageOfPage\":{\"@id\":\"https:\\\/\\\/www.betonmoulds.com\\\/es\\\/product\\\/abrazadera-mecanica-de-tijera-400-150\\\/#primaryimage\"},\"image\":{\"@id\":\"https:\\\/\\\/www.betonmoulds.com\\\/es\\\/product\\\/abrazadera-mecanica-de-tijera-400-150\\\/#primaryimage\"},\"thumbnailUrl\":\"https:\\\/\\\/www.betonmoulds.com\\\/wp-content\\\/uploads\\\/2023\\\/06\\\/BSC-W400-150.jpg\",\"datePublished\":\"2023-06-29T13:56:48+00:00\",\"dateModified\":\"2026-03-19T16:15:57+00:00\",\"breadcrumb\":{\"@id\":\"https:\\\/\\\/www.betonmoulds.com\\\/es\\\/product\\\/abrazadera-mecanica-de-tijera-400-150\\\/#breadcrumb\"},\"inLanguage\":\"es\",\"potentialAction\":[{\"@type\":\"ReadAction\",\"target\":[\"https:\\\/\\\/www.betonmoulds.com\\\/es\\\/product\\\/abrazadera-mecanica-de-tijera-400-150\\\/\"]}]},{\"@type\":\"ImageObject\",\"inLanguage\":\"es\",\"@id\":\"https:\\\/\\\/www.betonmoulds.com\\\/es\\\/product\\\/abrazadera-mecanica-de-tijera-400-150\\\/#primaryimage\",\"url\":\"https:\\\/\\\/www.betonmoulds.com\\\/wp-content\\\/uploads\\\/2023\\\/06\\\/BSC-W400-150.jpg\",\"contentUrl\":\"https:\\\/\\\/www.betonmoulds.com\\\/wp-content\\\/uploads\\\/2023\\\/06\\\/BSC-W400-150.jpg\",\"width\":600,\"height\":600,\"caption\":\"BSC-W400-150\"},{\"@type\":\"BreadcrumbList\",\"@id\":\"https:\\\/\\\/www.betonmoulds.com\\\/es\\\/product\\\/abrazadera-mecanica-de-tijera-400-150\\\/#breadcrumb\",\"itemListElement\":[{\"@type\":\"ListItem\",\"position\":1,\"name\":\"Home\",\"item\":\"https:\\\/\\\/www.betonmoulds.com\\\/es\\\/\"},{\"@type\":\"ListItem\",\"position\":2,\"name\":\"Tienda\",\"item\":\"https:\\\/\\\/www.betonmoulds.com\\\/fr\\\/boutique\\\/\"},{\"@type\":\"ListItem\",\"position\":3,\"name\":\"Pinza para bloques de hormig\u00f3n 400-150\"}]},{\"@type\":\"WebSite\",\"@id\":\"https:\\\/\\\/www.betonmoulds.com\\\/es\\\/#website\",\"url\":\"https:\\\/\\\/www.betonmoulds.com\\\/es\\\/\",\"name\":\"BETONMOULDS\",\"description\":\"Upcycle leftover concrete\",\"potentialAction\":[{\"@type\":\"SearchAction\",\"target\":{\"@type\":\"EntryPoint\",\"urlTemplate\":\"https:\\\/\\\/www.betonmoulds.com\\\/es\\\/?s={search_term_string}\"},\"query-input\":{\"@type\":\"PropertyValueSpecification\",\"valueRequired\":true,\"valueName\":\"search_term_string\"}}],\"inLanguage\":\"es\"}]}<\/script>\n<!-- \/ Yoast SEO plugin. -->","yoast_head_json":{"title":"Pinza para bloques de hormig\u00f3n 400-150 - BETONMOULDS","robots":{"index":"index","follow":"follow","max-snippet":"max-snippet:-1","max-image-preview":"max-image-preview:large","max-video-preview":"max-video-preview:-1"},"canonical":"https:\/\/www.betonmoulds.com\/es\/product\/abrazadera-mecanica-de-tijera-400-150\/","og_locale":"es_ES","og_type":"article","og_title":"Pinza para bloques de hormig\u00f3n 400-150 - BETONMOULDS","og_description":"Una abrazadera o pinza mec\u00e1nica para bloques de hormig\u00f3n es una pinza de tijera que puede accionarse de forma totalmente mec\u00e1nica mediante una gr\u00faa, una gr\u00faa cargadora (HIAB) o una carretilla elevadora sin que el conductor tenga que abandonar la seguridad de su cabina. La abrazadera mec\u00e1nica de elevaci\u00f3n minimiza los movimientos pendulares del bloque de hormig\u00f3n durante la elevaci\u00f3n y permite un posicionamiento preciso.  Estas pinzas de elevaci\u00f3n, tambi\u00e9n conocidas como pinzas para bloques, est\u00e1n equipadas con un mecanismo de bloqueo autom\u00e1tico. El sistema mantiene la pinza abierta cuando no se est\u00e1 levantando, lo que permite un manejo r\u00e1pido y sencillo por una sola persona. Esto permite una carga y descarga m\u00e1s eficaz de los grandes bloques de hormig\u00f3n, con el consiguiente ahorro de tiempo y dinero.  Este dispositivo de elevaci\u00f3n para bloques de hormig\u00f3n est\u00e1 equipado con almohadillas de goma intercambiables para evitar deslizamientos. Las almohadillas no dejan manchas de color en los bloques de hormig\u00f3n. Los perfiles de goma est\u00e1n disponibles en blanco y negro y tambi\u00e9n pueden adquirirse como piezas de repuesto.  Las abrazaderas para bloques de hormig\u00f3n se utilizan con gr\u00faas HIAB o de cami\u00f3n, gr\u00faas torre y carretillas elevadoras mediante una viga de elevaci\u00f3n.    L\u00edmite de carga de trabajo kg 2.000   Peso en vac\u00edo kg 165   Capacidad de la mordaza mm 400 - 150   Anchura m\u00ednima de sujeci\u00f3n mm 150   Anchura m\u00e1xima de sujeci\u00f3n mm 400   Apertura m\u00e1xima de la mordaza mm 470   Longitud de sujeci\u00f3n mm 600    \u00a0  Otras abrazaderas de tijeras para bloques de hormig\u00f3n disponibles:   BSC-W800-400, para bloques de hormig\u00f3n con una anchura de 80 cm a 40 cm. BSC-W600-300, para bloques de hormig\u00f3n con una anchura de 60 cm a 30 cm.","og_url":"https:\/\/www.betonmoulds.com\/es\/product\/abrazadera-mecanica-de-tijera-400-150\/","og_site_name":"BETONMOULDS","article_modified_time":"2026-03-19T16:15:57+00:00","og_image":[{"width":600,"height":600,"url":"https:\/\/www.betonmoulds.com\/wp-content\/uploads\/2023\/06\/BSC-W400-150.jpg","type":"image\/jpeg"}],"twitter_card":"summary_large_image","twitter_misc":{"Tiempo de lectura":"1 minuto"},"schema":{"@context":"https:\/\/schema.org","@graph":[{"@type":"WebPage","@id":"https:\/\/www.betonmoulds.com\/es\/product\/abrazadera-mecanica-de-tijera-400-150\/","url":"https:\/\/www.betonmoulds.com\/es\/product\/abrazadera-mecanica-de-tijera-400-150\/","name":"Pinza para bloques de hormig\u00f3n 400-150 - BETONMOULDS","isPartOf":{"@id":"https:\/\/www.betonmoulds.com\/es\/#website"},"primaryImageOfPage":{"@id":"https:\/\/www.betonmoulds.com\/es\/product\/abrazadera-mecanica-de-tijera-400-150\/#primaryimage"},"image":{"@id":"https:\/\/www.betonmoulds.com\/es\/product\/abrazadera-mecanica-de-tijera-400-150\/#primaryimage"},"thumbnailUrl":"https:\/\/www.betonmoulds.com\/wp-content\/uploads\/2023\/06\/BSC-W400-150.jpg","datePublished":"2023-06-29T13:56:48+00:00","dateModified":"2026-03-19T16:15:57+00:00","breadcrumb":{"@id":"https:\/\/www.betonmoulds.com\/es\/product\/abrazadera-mecanica-de-tijera-400-150\/#breadcrumb"},"inLanguage":"es","potentialAction":[{"@type":"ReadAction","target":["https:\/\/www.betonmoulds.com\/es\/product\/abrazadera-mecanica-de-tijera-400-150\/"]}]},{"@type":"ImageObject","inLanguage":"es","@id":"https:\/\/www.betonmoulds.com\/es\/product\/abrazadera-mecanica-de-tijera-400-150\/#primaryimage","url":"https:\/\/www.betonmoulds.com\/wp-content\/uploads\/2023\/06\/BSC-W400-150.jpg","contentUrl":"https:\/\/www.betonmoulds.com\/wp-content\/uploads\/2023\/06\/BSC-W400-150.jpg","width":600,"height":600,"caption":"BSC-W400-150"},{"@type":"BreadcrumbList","@id":"https:\/\/www.betonmoulds.com\/es\/product\/abrazadera-mecanica-de-tijera-400-150\/#breadcrumb","itemListElement":[{"@type":"ListItem","position":1,"name":"Home","item":"https:\/\/www.betonmoulds.com\/es\/"},{"@type":"ListItem","position":2,"name":"Tienda","item":"https:\/\/www.betonmoulds.com\/fr\/boutique\/"},{"@type":"ListItem","position":3,"name":"Pinza para bloques de hormig\u00f3n 400-150"}]},{"@type":"WebSite","@id":"https:\/\/www.betonmoulds.com\/es\/#website","url":"https:\/\/www.betonmoulds.com\/es\/","name":"BETONMOULDS","description":"Upcycle leftover concrete","potentialAction":[{"@type":"SearchAction","target":{"@type":"EntryPoint","urlTemplate":"https:\/\/www.betonmoulds.com\/es\/?s={search_term_string}"},"query-input":{"@type":"PropertyValueSpecification","valueRequired":true,"valueName":"search_term_string"}}],"inLanguage":"es"}]}},"_links":{"self":[{"href":"https:\/\/www.betonmoulds.com\/es\/wp-json\/wp\/v2\/product\/6150","targetHints":{"allow":["GET"]}}],"collection":[{"href":"https:\/\/www.betonmoulds.com\/es\/wp-json\/wp\/v2\/product"}],"about":[{"href":"https:\/\/www.betonmoulds.com\/es\/wp-json\/wp\/v2\/types\/product"}],"wp:featuredmedia":[{"embeddable":true,"href":"https:\/\/www.betonmoulds.com\/es\/wp-json\/wp\/v2\/media\/4679"}],"wp:attachment":[{"href":"https:\/\/www.betonmoulds.com\/es\/wp-json\/wp\/v2\/media?parent=6150"}],"wp:term":[{"taxonomy":"product_brand","embeddable":true,"href":"https:\/\/www.betonmoulds.com\/es\/wp-json\/wp\/v2\/product_brand?post=6150"},{"taxonomy":"product_cat","embeddable":true,"href":"https:\/\/www.betonmoulds.com\/es\/wp-json\/wp\/v2\/product_cat?post=6150"},{"taxonomy":"product_tag","embeddable":true,"href":"https:\/\/www.betonmoulds.com\/es\/wp-json\/wp\/v2\/product_tag?post=6150"}],"curies":[{"name":"wp","href":"https:\/\/api.w.org\/{rel}","templated":true}]}}