{"id":6132,"date":"2023-07-03T13:38:20","date_gmt":"2023-07-03T13:38:20","guid":{"rendered":"https:\/\/www.betonmoulds.com\/product\/professional-pressure-sprayer\/"},"modified":"2026-03-19T16:16:19","modified_gmt":"2026-03-19T16:16:19","slug":"pulverizador-a-presion-profesional","status":"publish","type":"product","link":"https:\/\/www.betonmoulds.com\/es\/product\/pulverizador-a-presion-profesional\/","title":{"rendered":"Pulverizador para desmoldante de hormig\u00f3n"},"content":{"rendered":"","protected":false},"excerpt":{"rendered":"<p>Este pulverizador a presi\u00f3n profesional con dep\u00f3sito de acero inoxidable de 10 L le permite aplicar <a href=\"https:\/\/www.betonmoulds.com\/es\/product\/aceite-de-encofrado-20l\/\"><strong>aceite de encofrado<\/strong><\/a> de forma \u00f3ptima. Con una conexi\u00f3n de compresor integrada y una presi\u00f3n de trabajo m\u00e1xima de 6 bares, trabajar\u00e1 de forma m\u00e1s r\u00e1pida, sencilla y precisa. El pulverizador de alta presi\u00f3n es resistente al aceite y a los productos qu\u00edmicos y puede llevarse en la espalda.<\/p>\n","protected":false},"featured_media":5633,"template":"","meta":[],"product_brand":[],"product_cat":[559,434,436,549],"product_tag":[],"class_list":{"0":"post-6132","1":"product","2":"type-product","3":"status-publish","4":"has-post-thumbnail","6":"product_cat-accesorios-muro-de-contencion","7":"product_cat-accesorios-bloques","8":"product_cat-accesorios-losas","9":"product_cat-accesorios-jersey","11":"first","12":"instock","13":"shipping-taxable","14":"purchasable","15":"product-type-simple"},"yoast_head":"<!-- This site is optimized with the Yoast SEO plugin v27.4 - https:\/\/yoast.com\/product\/yoast-seo-wordpress\/ -->\n<title>Pulverizador para desmoldante de hormig\u00f3n - BETONMOULDS<\/title>\n<meta name=\"robots\" content=\"index, follow, max-snippet:-1, max-image-preview:large, max-video-preview:-1\" \/>\n<link rel=\"canonical\" href=\"https:\/\/www.betonmoulds.com\/es\/product\/pulverizador-a-presion-profesional\/\" \/>\n<meta property=\"og:locale\" content=\"es_ES\" \/>\n<meta property=\"og:type\" content=\"article\" \/>\n<meta property=\"og:title\" content=\"Pulverizador para desmoldante de hormig\u00f3n - BETONMOULDS\" \/>\n<meta property=\"og:description\" content=\"Este pulverizador a presi\u00f3n profesional con dep\u00f3sito de acero inoxidable de 10 L le permite aplicar aceite de encofrado de forma \u00f3ptima. Con una conexi\u00f3n de compresor integrada y una presi\u00f3n de trabajo m\u00e1xima de 6 bares, trabajar\u00e1 de forma m\u00e1s r\u00e1pida, sencilla y precisa. El pulverizador de alta presi\u00f3n es resistente al aceite y a los productos qu\u00edmicos y puede llevarse en la espalda.\" \/>\n<meta property=\"og:url\" content=\"https:\/\/www.betonmoulds.com\/es\/product\/pulverizador-a-presion-profesional\/\" \/>\n<meta property=\"og:site_name\" content=\"BETONMOULDS\" \/>\n<meta property=\"article:modified_time\" content=\"2026-03-19T16:16:19+00:00\" \/>\n<meta property=\"og:image\" content=\"https:\/\/www.betonmoulds.com\/wp-content\/uploads\/2023\/07\/release-agent-sprayer-1.jpg\" \/>\n\t<meta property=\"og:image:width\" content=\"900\" \/>\n\t<meta property=\"og:image:height\" content=\"900\" \/>\n\t<meta property=\"og:image:type\" content=\"image\/jpeg\" \/>\n<meta name=\"twitter:card\" content=\"summary_large_image\" \/>\n<meta name=\"twitter:label1\" content=\"Tiempo de lectura\" \/>\n\t<meta name=\"twitter:data1\" content=\"1 minuto\" \/>\n<script type=\"application\/ld+json\" class=\"yoast-schema-graph\">{\"@context\":\"https:\\\/\\\/schema.org\",\"@graph\":[{\"@type\":\"WebPage\",\"@id\":\"https:\\\/\\\/www.betonmoulds.com\\\/es\\\/product\\\/pulverizador-a-presion-profesional\\\/\",\"url\":\"https:\\\/\\\/www.betonmoulds.com\\\/es\\\/product\\\/pulverizador-a-presion-profesional\\\/\",\"name\":\"Pulverizador para desmoldante de hormig\u00f3n - BETONMOULDS\",\"isPartOf\":{\"@id\":\"https:\\\/\\\/www.betonmoulds.com\\\/es\\\/#website\"},\"primaryImageOfPage\":{\"@id\":\"https:\\\/\\\/www.betonmoulds.com\\\/es\\\/product\\\/pulverizador-a-presion-profesional\\\/#primaryimage\"},\"image\":{\"@id\":\"https:\\\/\\\/www.betonmoulds.com\\\/es\\\/product\\\/pulverizador-a-presion-profesional\\\/#primaryimage\"},\"thumbnailUrl\":\"https:\\\/\\\/www.betonmoulds.com\\\/wp-content\\\/uploads\\\/2023\\\/07\\\/release-agent-sprayer-1.jpg\",\"datePublished\":\"2023-07-03T13:38:20+00:00\",\"dateModified\":\"2026-03-19T16:16:19+00:00\",\"breadcrumb\":{\"@id\":\"https:\\\/\\\/www.betonmoulds.com\\\/es\\\/product\\\/pulverizador-a-presion-profesional\\\/#breadcrumb\"},\"inLanguage\":\"es\",\"potentialAction\":[{\"@type\":\"ReadAction\",\"target\":[\"https:\\\/\\\/www.betonmoulds.com\\\/es\\\/product\\\/pulverizador-a-presion-profesional\\\/\"]}]},{\"@type\":\"ImageObject\",\"inLanguage\":\"es\",\"@id\":\"https:\\\/\\\/www.betonmoulds.com\\\/es\\\/product\\\/pulverizador-a-presion-profesional\\\/#primaryimage\",\"url\":\"https:\\\/\\\/www.betonmoulds.com\\\/wp-content\\\/uploads\\\/2023\\\/07\\\/release-agent-sprayer-1.jpg\",\"contentUrl\":\"https:\\\/\\\/www.betonmoulds.com\\\/wp-content\\\/uploads\\\/2023\\\/07\\\/release-agent-sprayer-1.jpg\",\"width\":900,\"height\":900,\"caption\":\"release agent sprayer\"},{\"@type\":\"BreadcrumbList\",\"@id\":\"https:\\\/\\\/www.betonmoulds.com\\\/es\\\/product\\\/pulverizador-a-presion-profesional\\\/#breadcrumb\",\"itemListElement\":[{\"@type\":\"ListItem\",\"position\":1,\"name\":\"Home\",\"item\":\"https:\\\/\\\/www.betonmoulds.com\\\/es\\\/\"},{\"@type\":\"ListItem\",\"position\":2,\"name\":\"Tienda\",\"item\":\"https:\\\/\\\/www.betonmoulds.com\\\/fr\\\/boutique\\\/\"},{\"@type\":\"ListItem\",\"position\":3,\"name\":\"Pulverizador para desmoldante de hormig\u00f3n\"}]},{\"@type\":\"WebSite\",\"@id\":\"https:\\\/\\\/www.betonmoulds.com\\\/es\\\/#website\",\"url\":\"https:\\\/\\\/www.betonmoulds.com\\\/es\\\/\",\"name\":\"BETONMOULDS\",\"description\":\"Upcycle leftover concrete\",\"potentialAction\":[{\"@type\":\"SearchAction\",\"target\":{\"@type\":\"EntryPoint\",\"urlTemplate\":\"https:\\\/\\\/www.betonmoulds.com\\\/es\\\/?s={search_term_string}\"},\"query-input\":{\"@type\":\"PropertyValueSpecification\",\"valueRequired\":true,\"valueName\":\"search_term_string\"}}],\"inLanguage\":\"es\"}]}<\/script>\n<!-- \/ Yoast SEO plugin. -->","yoast_head_json":{"title":"Pulverizador para desmoldante de hormig\u00f3n - BETONMOULDS","robots":{"index":"index","follow":"follow","max-snippet":"max-snippet:-1","max-image-preview":"max-image-preview:large","max-video-preview":"max-video-preview:-1"},"canonical":"https:\/\/www.betonmoulds.com\/es\/product\/pulverizador-a-presion-profesional\/","og_locale":"es_ES","og_type":"article","og_title":"Pulverizador para desmoldante de hormig\u00f3n - BETONMOULDS","og_description":"Este pulverizador a presi\u00f3n profesional con dep\u00f3sito de acero inoxidable de 10 L le permite aplicar aceite de encofrado de forma \u00f3ptima. Con una conexi\u00f3n de compresor integrada y una presi\u00f3n de trabajo m\u00e1xima de 6 bares, trabajar\u00e1 de forma m\u00e1s r\u00e1pida, sencilla y precisa. El pulverizador de alta presi\u00f3n es resistente al aceite y a los productos qu\u00edmicos y puede llevarse en la espalda.","og_url":"https:\/\/www.betonmoulds.com\/es\/product\/pulverizador-a-presion-profesional\/","og_site_name":"BETONMOULDS","article_modified_time":"2026-03-19T16:16:19+00:00","og_image":[{"width":900,"height":900,"url":"https:\/\/www.betonmoulds.com\/wp-content\/uploads\/2023\/07\/release-agent-sprayer-1.jpg","type":"image\/jpeg"}],"twitter_card":"summary_large_image","twitter_misc":{"Tiempo de lectura":"1 minuto"},"schema":{"@context":"https:\/\/schema.org","@graph":[{"@type":"WebPage","@id":"https:\/\/www.betonmoulds.com\/es\/product\/pulverizador-a-presion-profesional\/","url":"https:\/\/www.betonmoulds.com\/es\/product\/pulverizador-a-presion-profesional\/","name":"Pulverizador para desmoldante de hormig\u00f3n - BETONMOULDS","isPartOf":{"@id":"https:\/\/www.betonmoulds.com\/es\/#website"},"primaryImageOfPage":{"@id":"https:\/\/www.betonmoulds.com\/es\/product\/pulverizador-a-presion-profesional\/#primaryimage"},"image":{"@id":"https:\/\/www.betonmoulds.com\/es\/product\/pulverizador-a-presion-profesional\/#primaryimage"},"thumbnailUrl":"https:\/\/www.betonmoulds.com\/wp-content\/uploads\/2023\/07\/release-agent-sprayer-1.jpg","datePublished":"2023-07-03T13:38:20+00:00","dateModified":"2026-03-19T16:16:19+00:00","breadcrumb":{"@id":"https:\/\/www.betonmoulds.com\/es\/product\/pulverizador-a-presion-profesional\/#breadcrumb"},"inLanguage":"es","potentialAction":[{"@type":"ReadAction","target":["https:\/\/www.betonmoulds.com\/es\/product\/pulverizador-a-presion-profesional\/"]}]},{"@type":"ImageObject","inLanguage":"es","@id":"https:\/\/www.betonmoulds.com\/es\/product\/pulverizador-a-presion-profesional\/#primaryimage","url":"https:\/\/www.betonmoulds.com\/wp-content\/uploads\/2023\/07\/release-agent-sprayer-1.jpg","contentUrl":"https:\/\/www.betonmoulds.com\/wp-content\/uploads\/2023\/07\/release-agent-sprayer-1.jpg","width":900,"height":900,"caption":"release agent sprayer"},{"@type":"BreadcrumbList","@id":"https:\/\/www.betonmoulds.com\/es\/product\/pulverizador-a-presion-profesional\/#breadcrumb","itemListElement":[{"@type":"ListItem","position":1,"name":"Home","item":"https:\/\/www.betonmoulds.com\/es\/"},{"@type":"ListItem","position":2,"name":"Tienda","item":"https:\/\/www.betonmoulds.com\/fr\/boutique\/"},{"@type":"ListItem","position":3,"name":"Pulverizador para desmoldante de hormig\u00f3n"}]},{"@type":"WebSite","@id":"https:\/\/www.betonmoulds.com\/es\/#website","url":"https:\/\/www.betonmoulds.com\/es\/","name":"BETONMOULDS","description":"Upcycle leftover concrete","potentialAction":[{"@type":"SearchAction","target":{"@type":"EntryPoint","urlTemplate":"https:\/\/www.betonmoulds.com\/es\/?s={search_term_string}"},"query-input":{"@type":"PropertyValueSpecification","valueRequired":true,"valueName":"search_term_string"}}],"inLanguage":"es"}]}},"_links":{"self":[{"href":"https:\/\/www.betonmoulds.com\/es\/wp-json\/wp\/v2\/product\/6132","targetHints":{"allow":["GET"]}}],"collection":[{"href":"https:\/\/www.betonmoulds.com\/es\/wp-json\/wp\/v2\/product"}],"about":[{"href":"https:\/\/www.betonmoulds.com\/es\/wp-json\/wp\/v2\/types\/product"}],"wp:featuredmedia":[{"embeddable":true,"href":"https:\/\/www.betonmoulds.com\/es\/wp-json\/wp\/v2\/media\/5633"}],"wp:attachment":[{"href":"https:\/\/www.betonmoulds.com\/es\/wp-json\/wp\/v2\/media?parent=6132"}],"wp:term":[{"taxonomy":"product_brand","embeddable":true,"href":"https:\/\/www.betonmoulds.com\/es\/wp-json\/wp\/v2\/product_brand?post=6132"},{"taxonomy":"product_cat","embeddable":true,"href":"https:\/\/www.betonmoulds.com\/es\/wp-json\/wp\/v2\/product_cat?post=6132"},{"taxonomy":"product_tag","embeddable":true,"href":"https:\/\/www.betonmoulds.com\/es\/wp-json\/wp\/v2\/product_tag?post=6132"}],"curies":[{"name":"wp","href":"https:\/\/api.w.org\/{rel}","templated":true}]}}