{"id":6121,"date":"2023-07-03T13:36:38","date_gmt":"2023-07-03T13:36:38","guid":{"rendered":"https:\/\/www.betonmoulds.com\/product\/formwork-release-oil-200l\/"},"modified":"2026-03-19T16:11:22","modified_gmt":"2026-03-19T16:11:22","slug":"aceite-de-encofrado-200l","status":"publish","type":"product","link":"https:\/\/www.betonmoulds.com\/es\/product\/aceite-de-encofrado-200l\/","title":{"rendered":"Desmoldante de hormig\u00f3n 200L"},"content":{"rendered":"","protected":false},"excerpt":{"rendered":"<p>Garantice la m\u00e1xima durabilidad de los moldes de hormig\u00f3n y una superficie de hormig\u00f3n de alta calidad utilizando este aceite de encofrado. La correcta aplicaci\u00f3n de este tipo de desencofrante puede evitar los siguientes problemas:<\/p>\n<ul>\n<li>Burbujas de aire en el hormig\u00f3n<\/li>\n<li>Manchas de hormig\u00f3n<\/li>\n<li>Residuos de hormig\u00f3n adheridos al molde de acero<\/li>\n<li>Corrosi\u00f3n en los moldes<\/li>\n<li>Polvo de hormig\u00f3n<\/li>\n<\/ul>\n<p>Existen muchos tipos de desencofrantes en el mercado, cada uno de ellos con diferentes especificaciones adecuadas para diferentes condiciones clim\u00e1ticas. El uso de un desencofrante garantiza, en \u00faltima instancia, la calidad de la superficie de hormig\u00f3n. Los moldes duran m\u00e1s y se reducen los costes de producci\u00f3n.<\/p>\n<p>B\u00e1sicamente se puede utilizar cualquier tipo de aceite o agente desmoldante, pero para obtener bloques de hormig\u00f3n profesionales y una mayor vida \u00fatil de los moldes de hormig\u00f3n, recomendamos este agente desmoldante seguro y ecol\u00f3gico que optimiza el proceso de desmoldeo.<\/p>\n","protected":false},"featured_media":12154,"template":"","meta":[],"product_brand":[],"product_cat":[434,436,549,559],"product_tag":[],"class_list":{"0":"post-6121","1":"product","2":"type-product","3":"status-publish","4":"has-post-thumbnail","6":"product_cat-accesorios-bloques","7":"product_cat-accesorios-losas","8":"product_cat-accesorios-jersey","9":"product_cat-accesorios-muro-de-contencion","11":"first","12":"instock","13":"shipping-taxable","14":"purchasable","15":"product-type-simple"},"yoast_head":"<!-- This site is optimized with the Yoast SEO plugin v27.4 - https:\/\/yoast.com\/product\/yoast-seo-wordpress\/ -->\n<title>Desmoldante de hormig\u00f3n 200L - BETONMOULDS<\/title>\n<meta name=\"robots\" content=\"index, follow, max-snippet:-1, max-image-preview:large, max-video-preview:-1\" \/>\n<link rel=\"canonical\" href=\"https:\/\/www.betonmoulds.com\/es\/product\/aceite-de-encofrado-200l\/\" \/>\n<meta property=\"og:locale\" content=\"es_ES\" \/>\n<meta property=\"og:type\" content=\"article\" \/>\n<meta property=\"og:title\" content=\"Desmoldante de hormig\u00f3n 200L - BETONMOULDS\" \/>\n<meta property=\"og:description\" content=\"Garantice la m\u00e1xima durabilidad de los moldes de hormig\u00f3n y una superficie de hormig\u00f3n de alta calidad utilizando este aceite de encofrado. La correcta aplicaci\u00f3n de este tipo de desencofrante puede evitar los siguientes problemas:   Burbujas de aire en el hormig\u00f3n  Manchas de hormig\u00f3n  Residuos de hormig\u00f3n adheridos al molde de acero  Corrosi\u00f3n en los moldes  Polvo de hormig\u00f3n  Existen muchos tipos de desencofrantes en el mercado, cada uno de ellos con diferentes especificaciones adecuadas para diferentes condiciones clim\u00e1ticas. El uso de un desencofrante garantiza, en \u00faltima instancia, la calidad de la superficie de hormig\u00f3n. Los moldes duran m\u00e1s y se reducen los costes de producci\u00f3n.  B\u00e1sicamente se puede utilizar cualquier tipo de aceite o agente desmoldante, pero para obtener bloques de hormig\u00f3n profesionales y una mayor vida \u00fatil de los moldes de hormig\u00f3n, recomendamos este agente desmoldante seguro y ecol\u00f3gico que optimiza el proceso de desmoldeo.\" \/>\n<meta property=\"og:url\" content=\"https:\/\/www.betonmoulds.com\/es\/product\/aceite-de-encofrado-200l\/\" \/>\n<meta property=\"og:site_name\" content=\"BETONMOULDS\" \/>\n<meta property=\"article:modified_time\" content=\"2026-03-19T16:11:22+00:00\" \/>\n<meta property=\"og:image\" content=\"https:\/\/www.betonmoulds.com\/wp-content\/uploads\/2023\/07\/release-agent-200l-scaled.jpg\" \/>\n\t<meta property=\"og:image:width\" content=\"2515\" \/>\n\t<meta property=\"og:image:height\" content=\"2560\" \/>\n\t<meta property=\"og:image:type\" content=\"image\/jpeg\" \/>\n<meta name=\"twitter:card\" content=\"summary_large_image\" \/>\n<meta name=\"twitter:label1\" content=\"Tiempo de lectura\" \/>\n\t<meta name=\"twitter:data1\" content=\"1 minuto\" \/>\n<script type=\"application\/ld+json\" class=\"yoast-schema-graph\">{\"@context\":\"https:\\\/\\\/schema.org\",\"@graph\":[{\"@type\":\"WebPage\",\"@id\":\"https:\\\/\\\/www.betonmoulds.com\\\/es\\\/product\\\/aceite-de-encofrado-200l\\\/\",\"url\":\"https:\\\/\\\/www.betonmoulds.com\\\/es\\\/product\\\/aceite-de-encofrado-200l\\\/\",\"name\":\"Desmoldante de hormig\u00f3n 200L - BETONMOULDS\",\"isPartOf\":{\"@id\":\"https:\\\/\\\/www.betonmoulds.com\\\/es\\\/#website\"},\"primaryImageOfPage\":{\"@id\":\"https:\\\/\\\/www.betonmoulds.com\\\/es\\\/product\\\/aceite-de-encofrado-200l\\\/#primaryimage\"},\"image\":{\"@id\":\"https:\\\/\\\/www.betonmoulds.com\\\/es\\\/product\\\/aceite-de-encofrado-200l\\\/#primaryimage\"},\"thumbnailUrl\":\"https:\\\/\\\/www.betonmoulds.com\\\/wp-content\\\/uploads\\\/2023\\\/07\\\/Release-agent-barrel-Betonmoulds.webp\",\"datePublished\":\"2023-07-03T13:36:38+00:00\",\"dateModified\":\"2026-03-19T16:11:22+00:00\",\"breadcrumb\":{\"@id\":\"https:\\\/\\\/www.betonmoulds.com\\\/es\\\/product\\\/aceite-de-encofrado-200l\\\/#breadcrumb\"},\"inLanguage\":\"es\",\"potentialAction\":[{\"@type\":\"ReadAction\",\"target\":[\"https:\\\/\\\/www.betonmoulds.com\\\/es\\\/product\\\/aceite-de-encofrado-200l\\\/\"]}]},{\"@type\":\"ImageObject\",\"inLanguage\":\"es\",\"@id\":\"https:\\\/\\\/www.betonmoulds.com\\\/es\\\/product\\\/aceite-de-encofrado-200l\\\/#primaryimage\",\"url\":\"https:\\\/\\\/www.betonmoulds.com\\\/wp-content\\\/uploads\\\/2023\\\/07\\\/Release-agent-barrel-Betonmoulds.webp\",\"contentUrl\":\"https:\\\/\\\/www.betonmoulds.com\\\/wp-content\\\/uploads\\\/2023\\\/07\\\/Release-agent-barrel-Betonmoulds.webp\",\"width\":900,\"height\":900,\"caption\":\"desencofrante para hormig\u00f3n\"},{\"@type\":\"BreadcrumbList\",\"@id\":\"https:\\\/\\\/www.betonmoulds.com\\\/es\\\/product\\\/aceite-de-encofrado-200l\\\/#breadcrumb\",\"itemListElement\":[{\"@type\":\"ListItem\",\"position\":1,\"name\":\"Home\",\"item\":\"https:\\\/\\\/www.betonmoulds.com\\\/es\\\/\"},{\"@type\":\"ListItem\",\"position\":2,\"name\":\"Tienda\",\"item\":\"https:\\\/\\\/www.betonmoulds.com\\\/fr\\\/boutique\\\/\"},{\"@type\":\"ListItem\",\"position\":3,\"name\":\"Desmoldante de hormig\u00f3n 200L\"}]},{\"@type\":\"WebSite\",\"@id\":\"https:\\\/\\\/www.betonmoulds.com\\\/es\\\/#website\",\"url\":\"https:\\\/\\\/www.betonmoulds.com\\\/es\\\/\",\"name\":\"BETONMOULDS\",\"description\":\"Upcycle leftover concrete\",\"potentialAction\":[{\"@type\":\"SearchAction\",\"target\":{\"@type\":\"EntryPoint\",\"urlTemplate\":\"https:\\\/\\\/www.betonmoulds.com\\\/es\\\/?s={search_term_string}\"},\"query-input\":{\"@type\":\"PropertyValueSpecification\",\"valueRequired\":true,\"valueName\":\"search_term_string\"}}],\"inLanguage\":\"es\"}]}<\/script>\n<!-- \/ Yoast SEO plugin. -->","yoast_head_json":{"title":"Desmoldante de hormig\u00f3n 200L - BETONMOULDS","robots":{"index":"index","follow":"follow","max-snippet":"max-snippet:-1","max-image-preview":"max-image-preview:large","max-video-preview":"max-video-preview:-1"},"canonical":"https:\/\/www.betonmoulds.com\/es\/product\/aceite-de-encofrado-200l\/","og_locale":"es_ES","og_type":"article","og_title":"Desmoldante de hormig\u00f3n 200L - BETONMOULDS","og_description":"Garantice la m\u00e1xima durabilidad de los moldes de hormig\u00f3n y una superficie de hormig\u00f3n de alta calidad utilizando este aceite de encofrado. La correcta aplicaci\u00f3n de este tipo de desencofrante puede evitar los siguientes problemas:   Burbujas de aire en el hormig\u00f3n  Manchas de hormig\u00f3n  Residuos de hormig\u00f3n adheridos al molde de acero  Corrosi\u00f3n en los moldes  Polvo de hormig\u00f3n  Existen muchos tipos de desencofrantes en el mercado, cada uno de ellos con diferentes especificaciones adecuadas para diferentes condiciones clim\u00e1ticas. El uso de un desencofrante garantiza, en \u00faltima instancia, la calidad de la superficie de hormig\u00f3n. Los moldes duran m\u00e1s y se reducen los costes de producci\u00f3n.  B\u00e1sicamente se puede utilizar cualquier tipo de aceite o agente desmoldante, pero para obtener bloques de hormig\u00f3n profesionales y una mayor vida \u00fatil de los moldes de hormig\u00f3n, recomendamos este agente desmoldante seguro y ecol\u00f3gico que optimiza el proceso de desmoldeo.","og_url":"https:\/\/www.betonmoulds.com\/es\/product\/aceite-de-encofrado-200l\/","og_site_name":"BETONMOULDS","article_modified_time":"2026-03-19T16:11:22+00:00","og_image":[{"width":2515,"height":2560,"url":"https:\/\/www.betonmoulds.com\/wp-content\/uploads\/2023\/07\/release-agent-200l-scaled.jpg","type":"image\/jpeg"}],"twitter_card":"summary_large_image","twitter_misc":{"Tiempo de lectura":"1 minuto"},"schema":{"@context":"https:\/\/schema.org","@graph":[{"@type":"WebPage","@id":"https:\/\/www.betonmoulds.com\/es\/product\/aceite-de-encofrado-200l\/","url":"https:\/\/www.betonmoulds.com\/es\/product\/aceite-de-encofrado-200l\/","name":"Desmoldante de hormig\u00f3n 200L - BETONMOULDS","isPartOf":{"@id":"https:\/\/www.betonmoulds.com\/es\/#website"},"primaryImageOfPage":{"@id":"https:\/\/www.betonmoulds.com\/es\/product\/aceite-de-encofrado-200l\/#primaryimage"},"image":{"@id":"https:\/\/www.betonmoulds.com\/es\/product\/aceite-de-encofrado-200l\/#primaryimage"},"thumbnailUrl":"https:\/\/www.betonmoulds.com\/wp-content\/uploads\/2023\/07\/Release-agent-barrel-Betonmoulds.webp","datePublished":"2023-07-03T13:36:38+00:00","dateModified":"2026-03-19T16:11:22+00:00","breadcrumb":{"@id":"https:\/\/www.betonmoulds.com\/es\/product\/aceite-de-encofrado-200l\/#breadcrumb"},"inLanguage":"es","potentialAction":[{"@type":"ReadAction","target":["https:\/\/www.betonmoulds.com\/es\/product\/aceite-de-encofrado-200l\/"]}]},{"@type":"ImageObject","inLanguage":"es","@id":"https:\/\/www.betonmoulds.com\/es\/product\/aceite-de-encofrado-200l\/#primaryimage","url":"https:\/\/www.betonmoulds.com\/wp-content\/uploads\/2023\/07\/Release-agent-barrel-Betonmoulds.webp","contentUrl":"https:\/\/www.betonmoulds.com\/wp-content\/uploads\/2023\/07\/Release-agent-barrel-Betonmoulds.webp","width":900,"height":900,"caption":"desencofrante para hormig\u00f3n"},{"@type":"BreadcrumbList","@id":"https:\/\/www.betonmoulds.com\/es\/product\/aceite-de-encofrado-200l\/#breadcrumb","itemListElement":[{"@type":"ListItem","position":1,"name":"Home","item":"https:\/\/www.betonmoulds.com\/es\/"},{"@type":"ListItem","position":2,"name":"Tienda","item":"https:\/\/www.betonmoulds.com\/fr\/boutique\/"},{"@type":"ListItem","position":3,"name":"Desmoldante de hormig\u00f3n 200L"}]},{"@type":"WebSite","@id":"https:\/\/www.betonmoulds.com\/es\/#website","url":"https:\/\/www.betonmoulds.com\/es\/","name":"BETONMOULDS","description":"Upcycle leftover concrete","potentialAction":[{"@type":"SearchAction","target":{"@type":"EntryPoint","urlTemplate":"https:\/\/www.betonmoulds.com\/es\/?s={search_term_string}"},"query-input":{"@type":"PropertyValueSpecification","valueRequired":true,"valueName":"search_term_string"}}],"inLanguage":"es"}]}},"_links":{"self":[{"href":"https:\/\/www.betonmoulds.com\/es\/wp-json\/wp\/v2\/product\/6121","targetHints":{"allow":["GET"]}}],"collection":[{"href":"https:\/\/www.betonmoulds.com\/es\/wp-json\/wp\/v2\/product"}],"about":[{"href":"https:\/\/www.betonmoulds.com\/es\/wp-json\/wp\/v2\/types\/product"}],"wp:featuredmedia":[{"embeddable":true,"href":"https:\/\/www.betonmoulds.com\/es\/wp-json\/wp\/v2\/media\/12154"}],"wp:attachment":[{"href":"https:\/\/www.betonmoulds.com\/es\/wp-json\/wp\/v2\/media?parent=6121"}],"wp:term":[{"taxonomy":"product_brand","embeddable":true,"href":"https:\/\/www.betonmoulds.com\/es\/wp-json\/wp\/v2\/product_brand?post=6121"},{"taxonomy":"product_cat","embeddable":true,"href":"https:\/\/www.betonmoulds.com\/es\/wp-json\/wp\/v2\/product_cat?post=6121"},{"taxonomy":"product_tag","embeddable":true,"href":"https:\/\/www.betonmoulds.com\/es\/wp-json\/wp\/v2\/product_tag?post=6121"}],"curies":[{"name":"wp","href":"https:\/\/api.w.org\/{rel}","templated":true}]}}