{"id":11867,"date":"2026-01-22T13:17:14","date_gmt":"2026-01-22T13:17:14","guid":{"rendered":"https:\/\/www.betonmoulds.com\/?post_type=product&#038;p=11867"},"modified":"2026-03-19T16:14:19","modified_gmt":"2026-03-19T16:14:19","slug":"llaves-de-elevacion-para-losas-de-hormigon","status":"publish","type":"product","link":"https:\/\/www.betonmoulds.com\/es\/product\/llaves-de-elevacion-para-losas-de-hormigon\/","title":{"rendered":"Llaves de elevaci\u00f3n para losas de hormig\u00f3n"},"content":{"rendered":"","protected":false},"excerpt":{"rendered":"<p>Este producto consta de dos llaves de acero resistentes dise\u00f1adas para levantar y transportar grandes <a href=\"https:\/\/www.betonmoulds.com\/es\/aplicaciones-de-las-losas-de-hormigon\/\"><strong>losas de hormig\u00f3n<\/strong><\/a>, com\u00fanmente conocidas como losas Stelcon. Estas llaves de elevaci\u00f3n est\u00e1n especialmente dise\u00f1adas para usarse con losas de hormig\u00f3n que tienen dos rebajes est\u00e1ndar de 55 x 25 mm hechos mediante <a href=\"https:\/\/www.betonmoulds.com\/es\/categoria-producto\/losas-de-hormigon-moldes\/perfiles-embebidos\/\"><strong>perfiles de fundici\u00f3n<\/strong><\/a>.<\/p>\n<ul>\n<li>Se vende como un juego de dos<\/li>\n<li>Capacidad m\u00e1xima: 800 kg por llave \/ 1600 kg por juego<\/li>\n<li>Dimensiones: 320 x 82 x 20 mm (longitud x ancho x grosor)<\/li>\n<\/ul>\n<p>Aseg\u00farese de que todo el equipo de elevaci\u00f3n y las herramientas cumplan con las normas de seguridad y regulaciones necesarias para manipular cargas pesadas. A continuaci\u00f3n, se presenta una gu\u00eda concisa sobre c\u00f3mo usar de manera segura las llaves de elevaci\u00f3n para losas de hormig\u00f3n:<\/p>\n<ol>\n<li>Inserte las llaves de elevaci\u00f3n en los rebajes de la losa de hormig\u00f3n, hechos mediante el perfil de fundici\u00f3n.<\/li>\n<li>Gire las llaves de elevaci\u00f3n un cuarto de vuelta.<\/li>\n<li>Asegure las llaves de elevaci\u00f3n para evitar cualquier rotaci\u00f3n durante el levantamiento, utilizando ya sea una varilla de acero insertada a trav\u00e9s de los ojos de la llave o una viga de elevaci\u00f3n esparcidora.<\/li>\n<li>Fije firmemente el equipo de elevaci\u00f3n a las llaves de elevaci\u00f3n.<\/li>\n<\/ol>\n","protected":false},"featured_media":11856,"template":"","meta":[],"product_brand":[],"product_cat":[443],"product_tag":[],"class_list":{"0":"post-11867","1":"product","2":"type-product","3":"status-publish","4":"has-post-thumbnail","6":"product_cat-transporte-losas","8":"first","9":"instock","10":"shipping-taxable","11":"purchasable","12":"product-type-simple"},"yoast_head":"<!-- This site is optimized with the Yoast SEO plugin v27.4 - https:\/\/yoast.com\/product\/yoast-seo-wordpress\/ -->\n<title>Llaves de elevaci\u00f3n para losas de hormig\u00f3n - BETONMOULDS<\/title>\n<meta name=\"robots\" content=\"index, follow, max-snippet:-1, max-image-preview:large, max-video-preview:-1\" \/>\n<link rel=\"canonical\" href=\"https:\/\/www.betonmoulds.com\/es\/product\/llaves-de-elevacion-para-losas-de-hormigon\/\" \/>\n<meta property=\"og:locale\" content=\"es_ES\" \/>\n<meta property=\"og:type\" content=\"article\" \/>\n<meta property=\"og:title\" content=\"Llaves de elevaci\u00f3n para losas de hormig\u00f3n - BETONMOULDS\" \/>\n<meta property=\"og:description\" content=\"Este producto consta de dos llaves de acero resistentes dise\u00f1adas para levantar y transportar grandes losas de hormig\u00f3n, com\u00fanmente conocidas como losas Stelcon. Estas llaves de elevaci\u00f3n est\u00e1n especialmente dise\u00f1adas para usarse con losas de hormig\u00f3n que tienen dos rebajes est\u00e1ndar de 55 x 25 mm hechos mediante perfiles de fundici\u00f3n.   Se vende como un juego de dos  Capacidad m\u00e1xima: 800 kg por llave \/ 1600 kg por juego  Dimensiones: 320 x 82 x 20 mm (longitud x ancho x grosor)  Aseg\u00farese de que todo el equipo de elevaci\u00f3n y las herramientas cumplan con las normas de seguridad y regulaciones necesarias para manipular cargas pesadas. A continuaci\u00f3n, se presenta una gu\u00eda concisa sobre c\u00f3mo usar de manera segura las llaves de elevaci\u00f3n para losas de hormig\u00f3n:   Inserte las llaves de elevaci\u00f3n en los rebajes de la losa de hormig\u00f3n, hechos mediante el perfil de fundici\u00f3n.  Gire las llaves de elevaci\u00f3n un cuarto de vuelta.  Asegure las llaves de elevaci\u00f3n para evitar cualquier rotaci\u00f3n durante el levantamiento, utilizando ya sea una varilla de acero insertada a trav\u00e9s de los ojos de la llave o una viga de elevaci\u00f3n esparcidora.  Fije firmemente el equipo de elevaci\u00f3n a las llaves de elevaci\u00f3n.\" \/>\n<meta property=\"og:url\" content=\"https:\/\/www.betonmoulds.com\/es\/product\/llaves-de-elevacion-para-losas-de-hormigon\/\" \/>\n<meta property=\"og:site_name\" content=\"BETONMOULDS\" \/>\n<meta property=\"article:modified_time\" content=\"2026-03-19T16:14:19+00:00\" \/>\n<meta property=\"og:image\" content=\"https:\/\/www.betonmoulds.com\/wp-content\/uploads\/2026\/01\/Slab-lifting-keys.jpg\" \/>\n\t<meta property=\"og:image:width\" content=\"900\" \/>\n\t<meta property=\"og:image:height\" content=\"900\" \/>\n\t<meta property=\"og:image:type\" content=\"image\/jpeg\" \/>\n<meta name=\"twitter:card\" content=\"summary_large_image\" \/>\n<meta name=\"twitter:label1\" content=\"Tiempo de lectura\" \/>\n\t<meta name=\"twitter:data1\" content=\"1 minuto\" \/>\n<script type=\"application\/ld+json\" class=\"yoast-schema-graph\">{\"@context\":\"https:\\\/\\\/schema.org\",\"@graph\":[{\"@type\":\"WebPage\",\"@id\":\"https:\\\/\\\/www.betonmoulds.com\\\/es\\\/product\\\/llaves-de-elevacion-para-losas-de-hormigon\\\/\",\"url\":\"https:\\\/\\\/www.betonmoulds.com\\\/es\\\/product\\\/llaves-de-elevacion-para-losas-de-hormigon\\\/\",\"name\":\"Llaves de elevaci\u00f3n para losas de hormig\u00f3n - BETONMOULDS\",\"isPartOf\":{\"@id\":\"https:\\\/\\\/www.betonmoulds.com\\\/es\\\/#website\"},\"primaryImageOfPage\":{\"@id\":\"https:\\\/\\\/www.betonmoulds.com\\\/es\\\/product\\\/llaves-de-elevacion-para-losas-de-hormigon\\\/#primaryimage\"},\"image\":{\"@id\":\"https:\\\/\\\/www.betonmoulds.com\\\/es\\\/product\\\/llaves-de-elevacion-para-losas-de-hormigon\\\/#primaryimage\"},\"thumbnailUrl\":\"https:\\\/\\\/www.betonmoulds.com\\\/wp-content\\\/uploads\\\/2026\\\/01\\\/Slab-lifting-keys.jpg\",\"datePublished\":\"2026-01-22T13:17:14+00:00\",\"dateModified\":\"2026-03-19T16:14:19+00:00\",\"breadcrumb\":{\"@id\":\"https:\\\/\\\/www.betonmoulds.com\\\/es\\\/product\\\/llaves-de-elevacion-para-losas-de-hormigon\\\/#breadcrumb\"},\"inLanguage\":\"es\",\"potentialAction\":[{\"@type\":\"ReadAction\",\"target\":[\"https:\\\/\\\/www.betonmoulds.com\\\/es\\\/product\\\/llaves-de-elevacion-para-losas-de-hormigon\\\/\"]}]},{\"@type\":\"ImageObject\",\"inLanguage\":\"es\",\"@id\":\"https:\\\/\\\/www.betonmoulds.com\\\/es\\\/product\\\/llaves-de-elevacion-para-losas-de-hormigon\\\/#primaryimage\",\"url\":\"https:\\\/\\\/www.betonmoulds.com\\\/wp-content\\\/uploads\\\/2026\\\/01\\\/Slab-lifting-keys.jpg\",\"contentUrl\":\"https:\\\/\\\/www.betonmoulds.com\\\/wp-content\\\/uploads\\\/2026\\\/01\\\/Slab-lifting-keys.jpg\",\"width\":900,\"height\":900,\"caption\":\"Llaves de elevaci\u00f3n para losas\"},{\"@type\":\"BreadcrumbList\",\"@id\":\"https:\\\/\\\/www.betonmoulds.com\\\/es\\\/product\\\/llaves-de-elevacion-para-losas-de-hormigon\\\/#breadcrumb\",\"itemListElement\":[{\"@type\":\"ListItem\",\"position\":1,\"name\":\"Home\",\"item\":\"https:\\\/\\\/www.betonmoulds.com\\\/es\\\/\"},{\"@type\":\"ListItem\",\"position\":2,\"name\":\"Tienda\",\"item\":\"https:\\\/\\\/www.betonmoulds.com\\\/fr\\\/boutique\\\/\"},{\"@type\":\"ListItem\",\"position\":3,\"name\":\"Llaves de elevaci\u00f3n para losas de hormig\u00f3n\"}]},{\"@type\":\"WebSite\",\"@id\":\"https:\\\/\\\/www.betonmoulds.com\\\/es\\\/#website\",\"url\":\"https:\\\/\\\/www.betonmoulds.com\\\/es\\\/\",\"name\":\"BETONMOULDS\",\"description\":\"Upcycle leftover concrete\",\"potentialAction\":[{\"@type\":\"SearchAction\",\"target\":{\"@type\":\"EntryPoint\",\"urlTemplate\":\"https:\\\/\\\/www.betonmoulds.com\\\/es\\\/?s={search_term_string}\"},\"query-input\":{\"@type\":\"PropertyValueSpecification\",\"valueRequired\":true,\"valueName\":\"search_term_string\"}}],\"inLanguage\":\"es\"}]}<\/script>\n<!-- \/ Yoast SEO plugin. -->","yoast_head_json":{"title":"Llaves de elevaci\u00f3n para losas de hormig\u00f3n - BETONMOULDS","robots":{"index":"index","follow":"follow","max-snippet":"max-snippet:-1","max-image-preview":"max-image-preview:large","max-video-preview":"max-video-preview:-1"},"canonical":"https:\/\/www.betonmoulds.com\/es\/product\/llaves-de-elevacion-para-losas-de-hormigon\/","og_locale":"es_ES","og_type":"article","og_title":"Llaves de elevaci\u00f3n para losas de hormig\u00f3n - BETONMOULDS","og_description":"Este producto consta de dos llaves de acero resistentes dise\u00f1adas para levantar y transportar grandes losas de hormig\u00f3n, com\u00fanmente conocidas como losas Stelcon. Estas llaves de elevaci\u00f3n est\u00e1n especialmente dise\u00f1adas para usarse con losas de hormig\u00f3n que tienen dos rebajes est\u00e1ndar de 55 x 25 mm hechos mediante perfiles de fundici\u00f3n.   Se vende como un juego de dos  Capacidad m\u00e1xima: 800 kg por llave \/ 1600 kg por juego  Dimensiones: 320 x 82 x 20 mm (longitud x ancho x grosor)  Aseg\u00farese de que todo el equipo de elevaci\u00f3n y las herramientas cumplan con las normas de seguridad y regulaciones necesarias para manipular cargas pesadas. A continuaci\u00f3n, se presenta una gu\u00eda concisa sobre c\u00f3mo usar de manera segura las llaves de elevaci\u00f3n para losas de hormig\u00f3n:   Inserte las llaves de elevaci\u00f3n en los rebajes de la losa de hormig\u00f3n, hechos mediante el perfil de fundici\u00f3n.  Gire las llaves de elevaci\u00f3n un cuarto de vuelta.  Asegure las llaves de elevaci\u00f3n para evitar cualquier rotaci\u00f3n durante el levantamiento, utilizando ya sea una varilla de acero insertada a trav\u00e9s de los ojos de la llave o una viga de elevaci\u00f3n esparcidora.  Fije firmemente el equipo de elevaci\u00f3n a las llaves de elevaci\u00f3n.","og_url":"https:\/\/www.betonmoulds.com\/es\/product\/llaves-de-elevacion-para-losas-de-hormigon\/","og_site_name":"BETONMOULDS","article_modified_time":"2026-03-19T16:14:19+00:00","og_image":[{"width":900,"height":900,"url":"https:\/\/www.betonmoulds.com\/wp-content\/uploads\/2026\/01\/Slab-lifting-keys.jpg","type":"image\/jpeg"}],"twitter_card":"summary_large_image","twitter_misc":{"Tiempo de lectura":"1 minuto"},"schema":{"@context":"https:\/\/schema.org","@graph":[{"@type":"WebPage","@id":"https:\/\/www.betonmoulds.com\/es\/product\/llaves-de-elevacion-para-losas-de-hormigon\/","url":"https:\/\/www.betonmoulds.com\/es\/product\/llaves-de-elevacion-para-losas-de-hormigon\/","name":"Llaves de elevaci\u00f3n para losas de hormig\u00f3n - BETONMOULDS","isPartOf":{"@id":"https:\/\/www.betonmoulds.com\/es\/#website"},"primaryImageOfPage":{"@id":"https:\/\/www.betonmoulds.com\/es\/product\/llaves-de-elevacion-para-losas-de-hormigon\/#primaryimage"},"image":{"@id":"https:\/\/www.betonmoulds.com\/es\/product\/llaves-de-elevacion-para-losas-de-hormigon\/#primaryimage"},"thumbnailUrl":"https:\/\/www.betonmoulds.com\/wp-content\/uploads\/2026\/01\/Slab-lifting-keys.jpg","datePublished":"2026-01-22T13:17:14+00:00","dateModified":"2026-03-19T16:14:19+00:00","breadcrumb":{"@id":"https:\/\/www.betonmoulds.com\/es\/product\/llaves-de-elevacion-para-losas-de-hormigon\/#breadcrumb"},"inLanguage":"es","potentialAction":[{"@type":"ReadAction","target":["https:\/\/www.betonmoulds.com\/es\/product\/llaves-de-elevacion-para-losas-de-hormigon\/"]}]},{"@type":"ImageObject","inLanguage":"es","@id":"https:\/\/www.betonmoulds.com\/es\/product\/llaves-de-elevacion-para-losas-de-hormigon\/#primaryimage","url":"https:\/\/www.betonmoulds.com\/wp-content\/uploads\/2026\/01\/Slab-lifting-keys.jpg","contentUrl":"https:\/\/www.betonmoulds.com\/wp-content\/uploads\/2026\/01\/Slab-lifting-keys.jpg","width":900,"height":900,"caption":"Llaves de elevaci\u00f3n para losas"},{"@type":"BreadcrumbList","@id":"https:\/\/www.betonmoulds.com\/es\/product\/llaves-de-elevacion-para-losas-de-hormigon\/#breadcrumb","itemListElement":[{"@type":"ListItem","position":1,"name":"Home","item":"https:\/\/www.betonmoulds.com\/es\/"},{"@type":"ListItem","position":2,"name":"Tienda","item":"https:\/\/www.betonmoulds.com\/fr\/boutique\/"},{"@type":"ListItem","position":3,"name":"Llaves de elevaci\u00f3n para losas de hormig\u00f3n"}]},{"@type":"WebSite","@id":"https:\/\/www.betonmoulds.com\/es\/#website","url":"https:\/\/www.betonmoulds.com\/es\/","name":"BETONMOULDS","description":"Upcycle leftover concrete","potentialAction":[{"@type":"SearchAction","target":{"@type":"EntryPoint","urlTemplate":"https:\/\/www.betonmoulds.com\/es\/?s={search_term_string}"},"query-input":{"@type":"PropertyValueSpecification","valueRequired":true,"valueName":"search_term_string"}}],"inLanguage":"es"}]}},"_links":{"self":[{"href":"https:\/\/www.betonmoulds.com\/es\/wp-json\/wp\/v2\/product\/11867","targetHints":{"allow":["GET"]}}],"collection":[{"href":"https:\/\/www.betonmoulds.com\/es\/wp-json\/wp\/v2\/product"}],"about":[{"href":"https:\/\/www.betonmoulds.com\/es\/wp-json\/wp\/v2\/types\/product"}],"wp:featuredmedia":[{"embeddable":true,"href":"https:\/\/www.betonmoulds.com\/es\/wp-json\/wp\/v2\/media\/11856"}],"wp:attachment":[{"href":"https:\/\/www.betonmoulds.com\/es\/wp-json\/wp\/v2\/media?parent=11867"}],"wp:term":[{"taxonomy":"product_brand","embeddable":true,"href":"https:\/\/www.betonmoulds.com\/es\/wp-json\/wp\/v2\/product_brand?post=11867"},{"taxonomy":"product_cat","embeddable":true,"href":"https:\/\/www.betonmoulds.com\/es\/wp-json\/wp\/v2\/product_cat?post=11867"},{"taxonomy":"product_tag","embeddable":true,"href":"https:\/\/www.betonmoulds.com\/es\/wp-json\/wp\/v2\/product_tag?post=11867"}],"curies":[{"name":"wp","href":"https:\/\/api.w.org\/{rel}","templated":true}]}}