{"id":10407,"date":"2025-02-11T09:44:11","date_gmt":"2025-02-11T09:44:11","guid":{"rendered":"https:\/\/www.betonmoulds.com\/product\/starter-package-160-40-40\/"},"modified":"2026-03-19T16:15:00","modified_gmt":"2026-03-19T16:15:00","slug":"paquete-de-inicio-160-40-40","status":"publish","type":"product","link":"https:\/\/www.betonmoulds.com\/es\/product\/paquete-de-inicio-160-40-40\/","title":{"rendered":"Paquete de inicio de molde de bloques 160-40-40"},"content":{"rendered":"","protected":false},"excerpt":{"rendered":"<p>Comience f\u00e1cilmente la producci\u00f3n de bloques de hormig\u00f3n con nuestro Paquete de inicio de moldes para bloques. Este paquete todo-en-uno incluye todo lo que necesita para crear grandes bloques de hormig\u00f3n apilables:<\/p>\n<ul>\n<li><a href=\"https:\/\/www.betonmoulds.com\/es\/product\/bb-160-40-40-bn\/\"><strong> 1x Molde para bloques (160x40x40 cm):<\/strong><\/a> Fabricado para una durabilidad a largo plazo, este molde garantiza bloques consistentes y precisos cada vez.<\/li>\n<li><a href=\"https:\/\/www.betonmoulds.com\/es\/product\/dp-40-40\/\"><strong> 1x Divisor vertical<\/strong>:<\/a> Personalice sus bloques a la longitud exacta que necesita, lo que ofrece mayor flexibilidad en la construcci\u00f3n. Produzca bloques de un cuarto, medio o tres cuartos de tama\u00f1o.<\/li>\n<li><strong> Herramientas y accesorios de elevaci\u00f3n:<\/strong> Mueva sus bloques de forma segura con el juego completo de accesorios de elevaci\u00f3n:\n<ul>\n<li><a href=\"https:\/\/www.betonmoulds.com\/es\/product\/anclaje-de-pie-25t\/\"><strong>80x Anclajes de cabeza esf\u00e9rica <\/strong><\/a>para asegurar los bloques y levantarlos f\u00e1cilmente.<\/li>\n<li><a href=\"https:\/\/www.betonmoulds.com\/es\/product\/imanes-para-formar-huecos-de-anclaje-de-pie-en-el-hormigon-25t\/\"><strong>2x Imanes de anclajes <\/strong><\/a>para crear ranuras de anclaje en el bloque de hormig\u00f3n.<\/li>\n<li><a href=\"https:\/\/www.betonmoulds.com\/es\/product\/anillo-de-goma-para-fijacion-de-anclajes-25t\/\"><strong> 4x Anillos de goma<\/strong><\/a> para fijar los anclajes en lugar de los imanes magn\u00e9ticos de ranura.<\/li>\n<li><a href=\"https:\/\/www.betonmoulds.com\/es\/product\/embrague-de-elevacion-cancamo-de-izaje-25t\/\"><strong>2x Ganchos de elevaci\u00f3n <\/strong><\/a>para un manejo y levantamiento eficientes.<\/li>\n<li><a href=\"https:\/\/www.betonmoulds.com\/es\/product\/abridor-de-moldes\/\"><strong>1x Abridor <\/strong><\/a>para abrir el molde sin esfuerzo.<\/li>\n<\/ul>\n<\/li>\n<\/ul>\n<p>\u00a1Ordene este Paquete de Inicio hoy mismo a un precio con descuento!<\/p>\n","protected":false},"featured_media":10483,"template":"","meta":[],"product_brand":[],"product_cat":[615],"product_tag":[],"class_list":{"0":"post-10407","1":"product","2":"type-product","3":"status-publish","4":"has-post-thumbnail","6":"product_cat-paquetes-de-inicio","8":"first","9":"instock","10":"sale","11":"shipping-taxable","12":"purchasable","13":"product-type-simple"},"yoast_head":"<!-- This site is optimized with the Yoast SEO plugin v27.4 - https:\/\/yoast.com\/product\/yoast-seo-wordpress\/ -->\n<title>Paquete de inicio de molde de bloques 160-40-40 - BETONMOULDS<\/title>\n<meta name=\"robots\" content=\"index, follow, max-snippet:-1, max-image-preview:large, max-video-preview:-1\" \/>\n<link rel=\"canonical\" href=\"https:\/\/www.betonmoulds.com\/es\/product\/paquete-de-inicio-160-40-40\/\" \/>\n<meta property=\"og:locale\" content=\"es_ES\" \/>\n<meta property=\"og:type\" content=\"article\" \/>\n<meta property=\"og:title\" content=\"Paquete de inicio de molde de bloques 160-40-40 - BETONMOULDS\" \/>\n<meta property=\"og:description\" content=\"Comience f\u00e1cilmente la producci\u00f3n de bloques de hormig\u00f3n con nuestro Paquete de inicio de moldes para bloques. Este paquete todo-en-uno incluye todo lo que necesita para crear grandes bloques de hormig\u00f3n apilables:    1x Molde para bloques (160x40x40 cm): Fabricado para una durabilidad a largo plazo, este molde garantiza bloques consistentes y precisos cada vez.   1x Divisor vertical: Personalice sus bloques a la longitud exacta que necesita, lo que ofrece mayor flexibilidad en la construcci\u00f3n. Produzca bloques de un cuarto, medio o tres cuartos de tama\u00f1o.   Herramientas y accesorios de elevaci\u00f3n: Mueva sus bloques de forma segura con el juego completo de accesorios de elevaci\u00f3n:   80x Anclajes de cabeza esf\u00e9rica para asegurar los bloques y levantarlos f\u00e1cilmente.  2x Imanes de anclajes para crear ranuras de anclaje en el bloque de hormig\u00f3n.   4x Anillos de goma para fijar los anclajes en lugar de los imanes magn\u00e9ticos de ranura.  2x Ganchos de elevaci\u00f3n para un manejo y levantamiento eficientes.  1x Abridor para abrir el molde sin esfuerzo.    \u00a1Ordene este Paquete de Inicio hoy mismo a un precio con descuento!\" \/>\n<meta property=\"og:url\" content=\"https:\/\/www.betonmoulds.com\/es\/product\/paquete-de-inicio-160-40-40\/\" \/>\n<meta property=\"og:site_name\" content=\"BETONMOULDS\" \/>\n<meta property=\"article:modified_time\" content=\"2026-03-19T16:15:00+00:00\" \/>\n<meta property=\"og:image\" content=\"https:\/\/www.betonmoulds.com\/wp-content\/uploads\/2025\/02\/starter-pack-Betonmoulds-160x40x40.jpg\" \/>\n\t<meta property=\"og:image:width\" content=\"866\" \/>\n\t<meta property=\"og:image:height\" content=\"866\" \/>\n\t<meta property=\"og:image:type\" content=\"image\/jpeg\" \/>\n<meta name=\"twitter:card\" content=\"summary_large_image\" \/>\n<meta name=\"twitter:label1\" content=\"Tiempo de lectura\" \/>\n\t<meta name=\"twitter:data1\" content=\"1 minuto\" \/>\n<script type=\"application\/ld+json\" class=\"yoast-schema-graph\">{\"@context\":\"https:\\\/\\\/schema.org\",\"@graph\":[{\"@type\":\"WebPage\",\"@id\":\"https:\\\/\\\/www.betonmoulds.com\\\/es\\\/product\\\/paquete-de-inicio-160-40-40\\\/\",\"url\":\"https:\\\/\\\/www.betonmoulds.com\\\/es\\\/product\\\/paquete-de-inicio-160-40-40\\\/\",\"name\":\"Paquete de inicio de molde de bloques 160-40-40 - BETONMOULDS\",\"isPartOf\":{\"@id\":\"https:\\\/\\\/www.betonmoulds.com\\\/es\\\/#website\"},\"primaryImageOfPage\":{\"@id\":\"https:\\\/\\\/www.betonmoulds.com\\\/es\\\/product\\\/paquete-de-inicio-160-40-40\\\/#primaryimage\"},\"image\":{\"@id\":\"https:\\\/\\\/www.betonmoulds.com\\\/es\\\/product\\\/paquete-de-inicio-160-40-40\\\/#primaryimage\"},\"thumbnailUrl\":\"https:\\\/\\\/www.betonmoulds.com\\\/wp-content\\\/uploads\\\/2025\\\/02\\\/starter-pack-Betonmoulds-160x40x40.jpg\",\"datePublished\":\"2025-02-11T09:44:11+00:00\",\"dateModified\":\"2026-03-19T16:15:00+00:00\",\"breadcrumb\":{\"@id\":\"https:\\\/\\\/www.betonmoulds.com\\\/es\\\/product\\\/paquete-de-inicio-160-40-40\\\/#breadcrumb\"},\"inLanguage\":\"es\",\"potentialAction\":[{\"@type\":\"ReadAction\",\"target\":[\"https:\\\/\\\/www.betonmoulds.com\\\/es\\\/product\\\/paquete-de-inicio-160-40-40\\\/\"]}]},{\"@type\":\"ImageObject\",\"inLanguage\":\"es\",\"@id\":\"https:\\\/\\\/www.betonmoulds.com\\\/es\\\/product\\\/paquete-de-inicio-160-40-40\\\/#primaryimage\",\"url\":\"https:\\\/\\\/www.betonmoulds.com\\\/wp-content\\\/uploads\\\/2025\\\/02\\\/starter-pack-Betonmoulds-160x40x40.jpg\",\"contentUrl\":\"https:\\\/\\\/www.betonmoulds.com\\\/wp-content\\\/uploads\\\/2025\\\/02\\\/starter-pack-Betonmoulds-160x40x40.jpg\",\"width\":866,\"height\":866},{\"@type\":\"BreadcrumbList\",\"@id\":\"https:\\\/\\\/www.betonmoulds.com\\\/es\\\/product\\\/paquete-de-inicio-160-40-40\\\/#breadcrumb\",\"itemListElement\":[{\"@type\":\"ListItem\",\"position\":1,\"name\":\"Home\",\"item\":\"https:\\\/\\\/www.betonmoulds.com\\\/es\\\/\"},{\"@type\":\"ListItem\",\"position\":2,\"name\":\"Tienda\",\"item\":\"https:\\\/\\\/www.betonmoulds.com\\\/fr\\\/boutique\\\/\"},{\"@type\":\"ListItem\",\"position\":3,\"name\":\"Paquete de inicio de molde de bloques 160-40-40\"}]},{\"@type\":\"WebSite\",\"@id\":\"https:\\\/\\\/www.betonmoulds.com\\\/es\\\/#website\",\"url\":\"https:\\\/\\\/www.betonmoulds.com\\\/es\\\/\",\"name\":\"BETONMOULDS\",\"description\":\"Upcycle leftover concrete\",\"potentialAction\":[{\"@type\":\"SearchAction\",\"target\":{\"@type\":\"EntryPoint\",\"urlTemplate\":\"https:\\\/\\\/www.betonmoulds.com\\\/es\\\/?s={search_term_string}\"},\"query-input\":{\"@type\":\"PropertyValueSpecification\",\"valueRequired\":true,\"valueName\":\"search_term_string\"}}],\"inLanguage\":\"es\"}]}<\/script>\n<!-- \/ Yoast SEO plugin. -->","yoast_head_json":{"title":"Paquete de inicio de molde de bloques 160-40-40 - BETONMOULDS","robots":{"index":"index","follow":"follow","max-snippet":"max-snippet:-1","max-image-preview":"max-image-preview:large","max-video-preview":"max-video-preview:-1"},"canonical":"https:\/\/www.betonmoulds.com\/es\/product\/paquete-de-inicio-160-40-40\/","og_locale":"es_ES","og_type":"article","og_title":"Paquete de inicio de molde de bloques 160-40-40 - BETONMOULDS","og_description":"Comience f\u00e1cilmente la producci\u00f3n de bloques de hormig\u00f3n con nuestro Paquete de inicio de moldes para bloques. Este paquete todo-en-uno incluye todo lo que necesita para crear grandes bloques de hormig\u00f3n apilables:    1x Molde para bloques (160x40x40 cm): Fabricado para una durabilidad a largo plazo, este molde garantiza bloques consistentes y precisos cada vez.   1x Divisor vertical: Personalice sus bloques a la longitud exacta que necesita, lo que ofrece mayor flexibilidad en la construcci\u00f3n. Produzca bloques de un cuarto, medio o tres cuartos de tama\u00f1o.   Herramientas y accesorios de elevaci\u00f3n: Mueva sus bloques de forma segura con el juego completo de accesorios de elevaci\u00f3n:   80x Anclajes de cabeza esf\u00e9rica para asegurar los bloques y levantarlos f\u00e1cilmente.  2x Imanes de anclajes para crear ranuras de anclaje en el bloque de hormig\u00f3n.   4x Anillos de goma para fijar los anclajes en lugar de los imanes magn\u00e9ticos de ranura.  2x Ganchos de elevaci\u00f3n para un manejo y levantamiento eficientes.  1x Abridor para abrir el molde sin esfuerzo.    \u00a1Ordene este Paquete de Inicio hoy mismo a un precio con descuento!","og_url":"https:\/\/www.betonmoulds.com\/es\/product\/paquete-de-inicio-160-40-40\/","og_site_name":"BETONMOULDS","article_modified_time":"2026-03-19T16:15:00+00:00","og_image":[{"width":866,"height":866,"url":"https:\/\/www.betonmoulds.com\/wp-content\/uploads\/2025\/02\/starter-pack-Betonmoulds-160x40x40.jpg","type":"image\/jpeg"}],"twitter_card":"summary_large_image","twitter_misc":{"Tiempo de lectura":"1 minuto"},"schema":{"@context":"https:\/\/schema.org","@graph":[{"@type":"WebPage","@id":"https:\/\/www.betonmoulds.com\/es\/product\/paquete-de-inicio-160-40-40\/","url":"https:\/\/www.betonmoulds.com\/es\/product\/paquete-de-inicio-160-40-40\/","name":"Paquete de inicio de molde de bloques 160-40-40 - BETONMOULDS","isPartOf":{"@id":"https:\/\/www.betonmoulds.com\/es\/#website"},"primaryImageOfPage":{"@id":"https:\/\/www.betonmoulds.com\/es\/product\/paquete-de-inicio-160-40-40\/#primaryimage"},"image":{"@id":"https:\/\/www.betonmoulds.com\/es\/product\/paquete-de-inicio-160-40-40\/#primaryimage"},"thumbnailUrl":"https:\/\/www.betonmoulds.com\/wp-content\/uploads\/2025\/02\/starter-pack-Betonmoulds-160x40x40.jpg","datePublished":"2025-02-11T09:44:11+00:00","dateModified":"2026-03-19T16:15:00+00:00","breadcrumb":{"@id":"https:\/\/www.betonmoulds.com\/es\/product\/paquete-de-inicio-160-40-40\/#breadcrumb"},"inLanguage":"es","potentialAction":[{"@type":"ReadAction","target":["https:\/\/www.betonmoulds.com\/es\/product\/paquete-de-inicio-160-40-40\/"]}]},{"@type":"ImageObject","inLanguage":"es","@id":"https:\/\/www.betonmoulds.com\/es\/product\/paquete-de-inicio-160-40-40\/#primaryimage","url":"https:\/\/www.betonmoulds.com\/wp-content\/uploads\/2025\/02\/starter-pack-Betonmoulds-160x40x40.jpg","contentUrl":"https:\/\/www.betonmoulds.com\/wp-content\/uploads\/2025\/02\/starter-pack-Betonmoulds-160x40x40.jpg","width":866,"height":866},{"@type":"BreadcrumbList","@id":"https:\/\/www.betonmoulds.com\/es\/product\/paquete-de-inicio-160-40-40\/#breadcrumb","itemListElement":[{"@type":"ListItem","position":1,"name":"Home","item":"https:\/\/www.betonmoulds.com\/es\/"},{"@type":"ListItem","position":2,"name":"Tienda","item":"https:\/\/www.betonmoulds.com\/fr\/boutique\/"},{"@type":"ListItem","position":3,"name":"Paquete de inicio de molde de bloques 160-40-40"}]},{"@type":"WebSite","@id":"https:\/\/www.betonmoulds.com\/es\/#website","url":"https:\/\/www.betonmoulds.com\/es\/","name":"BETONMOULDS","description":"Upcycle leftover concrete","potentialAction":[{"@type":"SearchAction","target":{"@type":"EntryPoint","urlTemplate":"https:\/\/www.betonmoulds.com\/es\/?s={search_term_string}"},"query-input":{"@type":"PropertyValueSpecification","valueRequired":true,"valueName":"search_term_string"}}],"inLanguage":"es"}]}},"_links":{"self":[{"href":"https:\/\/www.betonmoulds.com\/es\/wp-json\/wp\/v2\/product\/10407","targetHints":{"allow":["GET"]}}],"collection":[{"href":"https:\/\/www.betonmoulds.com\/es\/wp-json\/wp\/v2\/product"}],"about":[{"href":"https:\/\/www.betonmoulds.com\/es\/wp-json\/wp\/v2\/types\/product"}],"wp:featuredmedia":[{"embeddable":true,"href":"https:\/\/www.betonmoulds.com\/es\/wp-json\/wp\/v2\/media\/10483"}],"wp:attachment":[{"href":"https:\/\/www.betonmoulds.com\/es\/wp-json\/wp\/v2\/media?parent=10407"}],"wp:term":[{"taxonomy":"product_brand","embeddable":true,"href":"https:\/\/www.betonmoulds.com\/es\/wp-json\/wp\/v2\/product_brand?post=10407"},{"taxonomy":"product_cat","embeddable":true,"href":"https:\/\/www.betonmoulds.com\/es\/wp-json\/wp\/v2\/product_cat?post=10407"},{"taxonomy":"product_tag","embeddable":true,"href":"https:\/\/www.betonmoulds.com\/es\/wp-json\/wp\/v2\/product_tag?post=10407"}],"curies":[{"name":"wp","href":"https:\/\/api.w.org\/{rel}","templated":true}]}}