{"id":9154,"date":"2024-04-08T09:32:37","date_gmt":"2024-04-08T09:32:37","guid":{"rendered":"https:\/\/www.betonmoulds.com\/concrete-slabs-applications\/"},"modified":"2024-06-03T10:17:55","modified_gmt":"2024-06-03T10:17:55","slug":"aplicaciones-de-las-losas-de-hormigon","status":"publish","type":"page","link":"https:\/\/www.betonmoulds.com\/es\/aplicaciones-de-las-losas-de-hormigon\/","title":{"rendered":"Aplicaciones de las losas de hormig\u00f3n"},"content":{"rendered":"<div class=\"wpb-content-wrapper\"><p>[vc_row full_width=\u00bbstretch_row\u00bb css=\u00bb.vc_custom_1709241206784{margin-top: 30px !important;}\u00bb conditional_render=\u00bb%5B%7B%22value_role%22%3A%22administrator%22%7D%5D\u00bb][vc_column][vc_column_text css=\u00bb\u00bb]<\/p>\n<p style=\"text-align: center;\"><span style=\"color: #000000;\"><strong><span style=\"font-size: 25px;\">APLICACIONES DE LAS LOSAS DE HORMIG\u00d3N<\/span><\/strong><\/span><\/p>\n<p>[\/vc_column_text][\/vc_column][\/vc_row][vc_row full_width=\u00bbstretch_row\u00bb css=\u00bb.vc_custom_1712070005972{padding-top: 30px !important;background-color: #f2f2f2 !important;}\u00bb conditional_render=\u00bb%5B%7B%22value_role%22%3A%22administrator%22%7D%5D\u00bb][vc_column][vc_column_text css=\u00bb\u00bb]<\/p>\n<p style=\"text-align: center;\"><span style=\"font-size: 20px;\"><span style=\"color: #000000;\"><strong>\u00bfQu\u00e9 son las losas de hormig\u00f3n de gran formato?<\/strong><\/span><\/span><\/p>\n<p>[\/vc_column_text][vc_column_text css=\u00bb.vc_custom_1717409317206{margin-top: -15px !important;}\u00bb]<\/p>\n<p style=\"text-align: center;\">Con nuestros <a href=\"https:\/\/www.betonmoulds.com\/es\/categoria-producto\/bloques-de-hormigon\/\"><strong>moldes de acero<\/strong><\/a> se pueden producir losas de pavimento prefabricadas grandes y robustas, similares (pero m\u00e1s baratas) al conocido sistema de pavimentos industriales Stelcon. Los tama\u00f1os de losa est\u00e1n estandarizados, creando un sistema modular y f\u00e1cilmente reutilizable que puede soportar cargas pesadas. Estas losas de hormig\u00f3n est\u00e1n dise\u00f1adas para proporcionar una soluci\u00f3n de pavimentaci\u00f3n temporal o semipermanente r\u00e1pida, duradera y flexible para pisos industriales y agr\u00edcolas y refuerzo del suelo. Son la opci\u00f3n ideal para cubrir grandes \u00e1reas como sitios industriales y de construcci\u00f3n, granjas ganaderas, \u00e1reas de almacenamiento, talleres, almacenes e instalaciones agr\u00edcolas y de reciclaje. Tambi\u00e9n pueden encontrarse en naves de almacenamiento de material, silos de tolva, fosos de ensilado, almacenamiento de esti\u00e9rcol, pavimentaci\u00f3n temporal de obras, etc.<\/p>\n<p>[\/vc_column_text][vc_column_text css=\u00bb\u00bb]<\/p>\n<p style=\"text-align: center;\"><span style=\"font-size: 20px;\"><span style=\"color: #000000;\"><strong>Los beneficios de las losas prefabricadas de hormig\u00f3n<\/strong><\/span><\/span><\/p>\n<p>[\/vc_column_text][vc_column_text css=\u00bb.vc_custom_1717409269860{margin-top: -15px !important;}\u00bb]<\/p>\n<p style=\"text-align: center;\">Las losas de pavimento de hormig\u00f3n prefabricado ofrecen una durabilidad excepcional. Son capaces de resistir altas temperaturas y cargas pesadas debido a su naturaleza densa e impermeable. Estas losas modulares de hormig\u00f3n proporcionan una resistencia duradera, lo que reduce el riesgo de agrietamiento de la superficie bajo presi\u00f3n. El drenaje juega un papel importante en situaciones al aire libre. Las grandes losas de hormig\u00f3n se pueden combinar perfectamente con canalones de desag\u00fce y sumideros. Esto garantiza una buena gesti\u00f3n del agua en grandes emplazamientos pavimentados. Las losas de hormig\u00f3n son una soluci\u00f3n rentable, con bajos costes iniciales y m\u00ednimos gastos de mantenimiento. Las unidades da\u00f1adas son f\u00e1ciles de reemplazar, lo que ahorra tiempo y dinero. Adem\u00e1s, su dise\u00f1o prefabricado simplifica la instalaci\u00f3n, minimizando la mano de obra y el tiempo, lo que garantiza una r\u00e1pida finalizaci\u00f3n de los proyectos.<\/p>\n<p>[\/vc_column_text][\/vc_column][\/vc_row][vc_row full_width=\u00bbstretch_row\u00bb content_placement=\u00bbmiddle\u00bb css=\u00bb.vc_custom_1712569902511{padding-top: 40px !important;background-color: #1c1c1c !important;}\u00bb conditional_render=\u00bb%5B%7B%22value_role%22%3A%22administrator%22%7D%5D\u00bb][vc_column width=\u00bb1\/2&#8243;][vc_single_image image=\u00bb4622&#8243; img_size=\u00bb600&#215;300&#8243;][\/vc_column][vc_column width=\u00bb1\/2&#8243;][vc_single_image image=\u00bb8369&#8243; img_size=\u00bb600&#215;300&#8243;][\/vc_column][\/vc_row][vc_row full_width=\u00bbstretch_row\u00bb content_placement=\u00bbmiddle\u00bb css=\u00bb.vc_custom_1709241199480{padding-top: 10px !important;background-color: #f2f2f2 !important;}\u00bb conditional_render=\u00bb%5B%7B%22value_role%22%3A%22administrator%22%7D%5D\u00bb][vc_column][vc_column_text css=\u00bb\u00bb]<\/p>\n<p style=\"text-align: center;\"><span style=\"font-size: 20px;\"><span style=\"color: #000000;\"><strong>\u00bfPara qu\u00e9 se pueden utilizar las losas de pavimento grandes? <\/strong><\/span><\/span><\/p>\n<p>[\/vc_column_text][vc_column_text css=\u00bb.vc_custom_1717409379193{margin-top: -15px !important;}\u00bb]<\/p>\n<p style=\"text-align: center;\">Debido a su durabilidad y adaptabilidad, <a href=\"https:\/\/www.betonmoulds.com\/es\/categoria-producto\/losas-de-hormigon-moldes\/\"><strong>las losas de pavimento de hormig\u00f3n de gran formato<\/strong><\/a> tienen una amplia gama de aplicaciones en diversas industrias. Reconociendo que no todos los proyectos tienen los mismos requisitos de carga, ofrecemos tres opciones de espesor diferentes: 14 cm, 16 cm y 25 cm. Esta gama le permite elegir el espesor que mejor se adapte a la aplicaci\u00f3n prevista.<\/p>\n<p>[\/vc_column_text][\/vc_column][\/vc_row][vc_row full_width=\u00bbstretch_row\u00bb conditional_render=\u00bb%5B%7B%22value_role%22%3A%22administrator%22%7D%5D\u00bb][vc_column][vc_column_text css=\u00bb\u00bb]<\/p>\n<p style=\"text-align: center;\"><span style=\"font-size: 20px;\"><span style=\"color: #000000;\"><strong>Aplicaciones agr\u00edcolas<\/strong><\/span><\/span><\/p>\n<p>[\/vc_column_text][vc_column_text css=\u00bb.vc_custom_1717409407282{margin-top: -15px !important;}\u00bb]<\/p>\n<p style=\"text-align: center;\">Las losas de pavimento grandes se pueden usar en entornos agr\u00edcolas, sirviendo como piso estable para el alojamiento del ganado, los corrales de engorde o las \u00e1reas de almacenamiento de maquinaria, proporcionando una superficie confiable que puede soportar las duras condiciones de la agricultura. Las carreteras semipermanentes en las tierras de cultivo para el transporte de maquinaria agr\u00edcola pesada y camiones se pueden construir r\u00e1pida y f\u00e1cilmente utilizando losas de hormig\u00f3n.<\/p>\n<p>[\/vc_column_text][vc_row_inner][vc_column_inner width=\u00bb1\/2&#8243;][vc_single_image image=\u00bb8668&#8243; img_size=\u00bb600&#215;300&#8243; css=\u00bb\u00bb][\/vc_column_inner][vc_column_inner width=\u00bb1\/2&#8243;][vc_single_image image=\u00bb8644&#8243; img_size=\u00bb600&#215;300&#8243; css=\u00bb\u00bb][\/vc_column_inner][\/vc_row_inner][\/vc_column][\/vc_row][vc_row full_width=\u00bbstretch_row\u00bb conditional_render=\u00bb%5B%7B%22value_role%22%3A%22administrator%22%7D%5D\u00bb css=\u00bb.vc_custom_1712070481262{padding-top: 30px !important;background-color: #1c1c1c !important;}\u00bb][vc_column][vc_column_text css=\u00bb\u00bb]<\/p>\n<p style=\"text-align: center;\"><span style=\"font-size: 20px; color: #ffffff;\"><strong>Zonas comerciales e industriales<\/strong><\/span><\/p>\n<p>[\/vc_column_text][vc_column_text css=\u00bb.vc_custom_1717409436744{margin-top: -15px !important;}\u00bb]<\/p>\n<p style=\"text-align: center;\"><span style=\"color: #f5f5f5;\">Las losas de pavimento de concreto se pueden emplear en la construcci\u00f3n de edificios comerciales e industriales, sirviendo como una base s\u00f3lida para suelos y calzadas. Estas losas de alta resistencia son muy adecuadas para patios industriales y proporcionan una superficie estable para maquinaria pesada y veh\u00edculos.<\/span><\/p>\n<p>[\/vc_column_text][vc_row_inner][vc_column_inner width=\u00bb1\/2&#8243;][vc_single_image image=\u00bb8662&#8243; img_size=\u00bb600&#215;300&#8243; css=\u00bb\u00bb][\/vc_column_inner][vc_column_inner width=\u00bb1\/2&#8243;][vc_single_image image=\u00bb8650&#8243; img_size=\u00bb600&#215;300&#8243; css=\u00bb\u00bb][\/vc_column_inner][\/vc_row_inner][\/vc_column][\/vc_row][vc_row full_width=\u00bbstretch_row\u00bb conditional_render=\u00bb%5B%7B%22value_role%22%3A%22administrator%22%7D%5D\u00bb css=\u00bb.vc_custom_1712070581852{background-color: #f2f2f2 !important;}\u00bb][vc_column][vc_column_text css=\u00bb\u00bb]<\/p>\n<p style=\"text-align: center;\"><span style=\"font-size: 20px;\"><span style=\"color: #000000;\"><strong>Proyectos de paisajismo<\/strong><\/span><\/span><\/p>\n<p>[\/vc_column_text][vc_column_text css=\u00bb.vc_custom_1717409464298{margin-top: -15px !important;}\u00bb]<\/p>\n<p style=\"text-align: center;\">Las losas pueden servir como una base s\u00f3lida para caminos, patios, \u00e1reas de descanso al aire libre y jardines residenciales. Los municipios pueden utilizar losas de hormig\u00f3n para diversos proyectos de infraestructura p\u00fablica, como aceras, parques p\u00fablicos, carriles bici y pasarelas peatonales, lo que proporciona durabilidad y minimiza los requisitos de mantenimiento de estas estructuras.<\/p>\n<p>[\/vc_column_text][vc_row_inner][vc_column_inner width=\u00bb1\/2&#8243;][vc_single_image image=\u00bb8692&#8243; img_size=\u00bb600&#215;300&#8243; css=\u00bb\u00bb][\/vc_column_inner][vc_column_inner width=\u00bb1\/2&#8243;][vc_single_image image=\u00bb8656&#8243; img_size=\u00bb600&#215;300&#8243; css=\u00bb\u00bb][\/vc_column_inner][\/vc_row_inner][\/vc_column][\/vc_row][vc_row full_width=\u00bbstretch_row\u00bb conditional_render=\u00bb%5B%7B%22value_role%22%3A%22administrator%22%7D%5D\u00bb][vc_column][vc_column_text css=\u00bb\u00bb]<\/p>\n<p style=\"text-align: center;\"><span style=\"font-size: 20px;\"><span style=\"color: #000000;\"><strong>Estacionamientos y muelles de carga<\/strong><\/span><\/span><\/p>\n<p>[\/vc_column_text][vc_column_text css=\u00bb\u00bb]<\/p>\n<p style=\"text-align: center;\">Las losas de pavimento grandes se pueden utilizar de manera eficiente en los estacionamientos, asegurando superficies lisas y duraderas para los veh\u00edculos, reduciendo los costos de mantenimiento y ofreciendo durabilidad a largo plazo incluso bajo altos vol\u00famenes de tr\u00e1fico y altas cargas.<\/p>\n<p>[\/vc_column_text][vc_row_inner][vc_column_inner width=\u00bb1\/2&#8243;][vc_single_image image=\u00bb8632&#8243; img_size=\u00bb600&#215;300&#8243; css=\u00bb\u00bb][\/vc_column_inner][vc_column_inner width=\u00bb1\/2&#8243;][vc_single_image image=\u00bb8638&#8243; img_size=\u00bb600&#215;300&#8243; css=\u00bb\u00bb][\/vc_column_inner][\/vc_row_inner][\/vc_column][\/vc_row][vc_row full_width=\u00bbstretch_row\u00bb conditional_render=\u00bb%5B%7B%22value_role%22%3A%22administrator%22%7D%5D\u00bb css=\u00bb.vc_custom_1712070481262{padding-top: 30px !important;background-color: #1c1c1c !important;}\u00bb][vc_column][vc_column_text css=\u00bb\u00bb]<\/p>\n<p style=\"text-align: center;\"><span style=\"font-size: 20px; color: #ffffff;\"><strong>Aeropuertos y puertos mar\u00edtimos<\/strong><\/span><\/p>\n<p>[\/vc_column_text][vc_column_text css=\u00bb.vc_custom_1717409531756{margin-top: -15px !important;}\u00bb]<\/p>\n<p style=\"text-align: center;\"><span style=\"color: #f5f5f5;\">Las losas son adecuadas para su uso en aeropuertos y puertos mar\u00edtimos, ofreciendo superficies duraderas para pistas, calles de rodaje y patios de contenedores, lo que garantiza un funcionamiento fluido y minimiza el tiempo de inactividad por mantenimiento.<\/span><\/p>\n<p>[\/vc_column_text][vc_row_inner][vc_column_inner width=\u00bb1\/2&#8243;][vc_single_image image=\u00bb8626&#8243; img_size=\u00bb600&#215;300&#8243; css=\u00bb\u00bb][\/vc_column_inner][vc_column_inner width=\u00bb1\/2&#8243;][vc_single_image image=\u00bb8674&#8243; img_size=\u00bb600&#215;300&#8243; css=\u00bb\u00bb][\/vc_column_inner][\/vc_row_inner][\/vc_column][\/vc_row][vc_row full_width=\u00bbstretch_row\u00bb conditional_render=\u00bb%5B%7B%22value_role%22%3A%22administrator%22%7D%5D\u00bb css=\u00bb.vc_custom_1712070581852{background-color: #f2f2f2 !important;}\u00bb][vc_column][vc_column_text css=\u00bb\u00bb]<\/p>\n<p style=\"text-align: center;\"><span style=\"font-size: 20px;\"><span style=\"color: #000000;\"><strong>Instalaciones temporales<\/strong><\/span><\/span><\/p>\n<p>[\/vc_column_text][vc_column_text css=\u00bb.vc_custom_1717409560106{margin-top: -15px !important;}\u00bb]<\/p>\n<p style=\"text-align: center;\">Las grandes losas prefabricadas de hormig\u00f3n ofrecen una soluci\u00f3n pr\u00e1ctica para instalaciones temporales como pavimentos para eventos, v\u00edas de acceso a obras o zonas de almacenamiento temporal, proporcionando una superficie fiable y f\u00e1cilmente desmontable.<\/p>\n<p>[\/vc_column_text][vc_row_inner][vc_column_inner width=\u00bb1\/2&#8243;][vc_single_image image=\u00bb8680&#8243; img_size=\u00bb600&#215;300&#8243; css=\u00bb\u00bb][\/vc_column_inner][vc_column_inner width=\u00bb1\/2&#8243;][vc_single_image image=\u00bb8686&#8243; img_size=\u00bb600&#215;300&#8243; css=\u00bb\u00bb][\/vc_column_inner][\/vc_row_inner][\/vc_column][\/vc_row][vc_row full_width=\u00bbstretch_row\u00bb css=\u00bb.vc_custom_1712567886058{margin-bottom: -40px !important;padding-top: 30px !important;padding-bottom: 20px !important;background-color: #d90000 !important;}\u00bb conditional_render=\u00bb%5B%7B%22value_role%22%3A%22administrator%22%7D%5D\u00bb][vc_column][vc_column_text css=\u00bb\u00bb]<\/p>\n<p style=\"text-align: center;\"><span style=\"color: #ffffff; font-size: 16px;\">Descubra nuestra gama completa de moldes de acero para losas de pavimento prefabricados de hormig\u00f3n y solicite un presupuesto a trav\u00e9s de nuestro sistema online.<\/span><\/p>\n<p>[\/vc_column_text][vc_btn title=\u00bbSOLICITAR PRESUPUESTO\u00bb style=\u00bboutline\u00bb shape=\u00bbrounded\u00bb color=\u00bbwhite\u00bb align=\u00bbcenter\u00bb css=\u00bb\u00bb link=\u00bburl:https%3A%2F%2Fwww.betonmoulds.com%2Fes%2Ftienda%2F\u00bb][\/vc_column][\/vc_row]<\/p>\n<\/div>","protected":false},"excerpt":{"rendered":"<p>[vc_row full_width=\u00bbstretch_row\u00bb css=\u00bb.vc_custom_1709241206784{margin-top: 30px !important;}\u00bb conditional_render=\u00bb%5B%7B%22value_role%22%3A%22administrator%22%7D%5D\u00bb][vc_column][vc_column_text css=\u00bb\u00bb] APLICACIONES DE LAS LOSAS DE HORMIG\u00d3N [\/vc_column_text][\/vc_column][\/vc_row][vc_row full_width=\u00bbstretch_row\u00bb css=\u00bb.vc_custom_1712070005972{padding-top: 30px !important;background-color: #f2f2f2 !important;}\u00bb conditional_render=\u00bb%5B%7B%22value_role%22%3A%22administrator%22%7D%5D\u00bb][vc_column][vc_column_text css=\u00bb\u00bb] \u00bfQu\u00e9 son las losas de hormig\u00f3n de gran formato? [\/vc_column_text][vc_column_text css=\u00bb.vc_custom_1717409317206{margin-top: -15px !important;}\u00bb] Con nuestros moldes de acero se pueden producir losas de pavimento prefabricadas grandes y robustas, similares (pero m\u00e1s baratas) al [&hellip;]<\/p>\n","protected":false},"author":3,"featured_media":0,"parent":0,"menu_order":0,"comment_status":"closed","ping_status":"closed","template":"","meta":{"footnotes":""},"class_list":["post-9154","page","type-page","status-publish","hentry"],"yoast_head":"<!-- This site is optimized with the Yoast SEO plugin v27.4 - https:\/\/yoast.com\/product\/yoast-seo-wordpress\/ -->\n<title>Aplicaciones de las grandes losas de pavimento de hormig\u00f3n prefabricado - BETONMOULDS<\/title>\n<meta name=\"robots\" content=\"index, follow, max-snippet:-1, max-image-preview:large, max-video-preview:-1\" \/>\n<link rel=\"canonical\" href=\"https:\/\/www.betonmoulds.com\/es\/aplicaciones-de-las-losas-de-hormigon\/\" \/>\n<meta property=\"og:locale\" content=\"es_ES\" \/>\n<meta property=\"og:type\" content=\"article\" \/>\n<meta property=\"og:title\" content=\"Aplicaciones de las grandes losas de pavimento de hormig\u00f3n prefabricado - BETONMOULDS\" \/>\n<meta property=\"og:description\" content=\"[vc_row full_width=\u00bbstretch_row\u00bb css=\u00bb.vc_custom_1709241206784{margin-top: 30px !important;}\u00bb conditional_render=\u00bb%5B%7B%22value_role%22%3A%22administrator%22%7D%5D\u00bb][vc_column][vc_column_text css=\u00bb\u00bb] APLICACIONES DE LAS LOSAS DE HORMIG\u00d3N [\/vc_column_text][\/vc_column][\/vc_row][vc_row full_width=\u00bbstretch_row\u00bb css=\u00bb.vc_custom_1712070005972{padding-top: 30px !important;background-color: #f2f2f2 !important;}\u00bb conditional_render=\u00bb%5B%7B%22value_role%22%3A%22administrator%22%7D%5D\u00bb][vc_column][vc_column_text css=\u00bb\u00bb] \u00bfQu\u00e9 son las losas de hormig\u00f3n de gran formato? [\/vc_column_text][vc_column_text css=\u00bb.vc_custom_1717409317206{margin-top: -15px !important;}\u00bb] Con nuestros moldes de acero se pueden producir losas de pavimento prefabricadas grandes y robustas, similares (pero m\u00e1s baratas) al [&hellip;]\" \/>\n<meta property=\"og:url\" content=\"https:\/\/www.betonmoulds.com\/es\/aplicaciones-de-las-losas-de-hormigon\/\" \/>\n<meta property=\"og:site_name\" content=\"BETONMOULDS\" \/>\n<meta property=\"article:modified_time\" content=\"2024-06-03T10:17:55+00:00\" \/>\n<meta name=\"twitter:card\" content=\"summary_large_image\" \/>\n<meta name=\"twitter:label1\" content=\"Tiempo de lectura\" \/>\n\t<meta name=\"twitter:data1\" content=\"4 minutos\" \/>\n<script type=\"application\/ld+json\" class=\"yoast-schema-graph\">{\"@context\":\"https:\\\/\\\/schema.org\",\"@graph\":[{\"@type\":\"WebPage\",\"@id\":\"https:\\\/\\\/www.betonmoulds.com\\\/es\\\/aplicaciones-de-las-losas-de-hormigon\\\/\",\"url\":\"https:\\\/\\\/www.betonmoulds.com\\\/es\\\/aplicaciones-de-las-losas-de-hormigon\\\/\",\"name\":\"Aplicaciones de las grandes losas de pavimento de hormig\u00f3n prefabricado - BETONMOULDS\",\"isPartOf\":{\"@id\":\"https:\\\/\\\/www.betonmoulds.com\\\/es\\\/#website\"},\"datePublished\":\"2024-04-08T09:32:37+00:00\",\"dateModified\":\"2024-06-03T10:17:55+00:00\",\"breadcrumb\":{\"@id\":\"https:\\\/\\\/www.betonmoulds.com\\\/es\\\/aplicaciones-de-las-losas-de-hormigon\\\/#breadcrumb\"},\"inLanguage\":\"es\",\"potentialAction\":[{\"@type\":\"ReadAction\",\"target\":[\"https:\\\/\\\/www.betonmoulds.com\\\/es\\\/aplicaciones-de-las-losas-de-hormigon\\\/\"]}]},{\"@type\":\"BreadcrumbList\",\"@id\":\"https:\\\/\\\/www.betonmoulds.com\\\/es\\\/aplicaciones-de-las-losas-de-hormigon\\\/#breadcrumb\",\"itemListElement\":[{\"@type\":\"ListItem\",\"position\":1,\"name\":\"Home\",\"item\":\"https:\\\/\\\/www.betonmoulds.com\\\/es\\\/\"},{\"@type\":\"ListItem\",\"position\":2,\"name\":\"Aplicaciones de las losas de hormig\u00f3n\"}]},{\"@type\":\"WebSite\",\"@id\":\"https:\\\/\\\/www.betonmoulds.com\\\/es\\\/#website\",\"url\":\"https:\\\/\\\/www.betonmoulds.com\\\/es\\\/\",\"name\":\"BETONMOULDS\",\"description\":\"Upcycle leftover concrete\",\"potentialAction\":[{\"@type\":\"SearchAction\",\"target\":{\"@type\":\"EntryPoint\",\"urlTemplate\":\"https:\\\/\\\/www.betonmoulds.com\\\/es\\\/?s={search_term_string}\"},\"query-input\":{\"@type\":\"PropertyValueSpecification\",\"valueRequired\":true,\"valueName\":\"search_term_string\"}}],\"inLanguage\":\"es\"}]}<\/script>\n<!-- \/ Yoast SEO plugin. -->","yoast_head_json":{"title":"Aplicaciones de las grandes losas de pavimento de hormig\u00f3n prefabricado - BETONMOULDS","robots":{"index":"index","follow":"follow","max-snippet":"max-snippet:-1","max-image-preview":"max-image-preview:large","max-video-preview":"max-video-preview:-1"},"canonical":"https:\/\/www.betonmoulds.com\/es\/aplicaciones-de-las-losas-de-hormigon\/","og_locale":"es_ES","og_type":"article","og_title":"Aplicaciones de las grandes losas de pavimento de hormig\u00f3n prefabricado - BETONMOULDS","og_description":"[vc_row full_width=\u00bbstretch_row\u00bb css=\u00bb.vc_custom_1709241206784{margin-top: 30px !important;}\u00bb conditional_render=\u00bb%5B%7B%22value_role%22%3A%22administrator%22%7D%5D\u00bb][vc_column][vc_column_text css=\u00bb\u00bb] APLICACIONES DE LAS LOSAS DE HORMIG\u00d3N [\/vc_column_text][\/vc_column][\/vc_row][vc_row full_width=\u00bbstretch_row\u00bb css=\u00bb.vc_custom_1712070005972{padding-top: 30px !important;background-color: #f2f2f2 !important;}\u00bb conditional_render=\u00bb%5B%7B%22value_role%22%3A%22administrator%22%7D%5D\u00bb][vc_column][vc_column_text css=\u00bb\u00bb] \u00bfQu\u00e9 son las losas de hormig\u00f3n de gran formato? [\/vc_column_text][vc_column_text css=\u00bb.vc_custom_1717409317206{margin-top: -15px !important;}\u00bb] Con nuestros moldes de acero se pueden producir losas de pavimento prefabricadas grandes y robustas, similares (pero m\u00e1s baratas) al [&hellip;]","og_url":"https:\/\/www.betonmoulds.com\/es\/aplicaciones-de-las-losas-de-hormigon\/","og_site_name":"BETONMOULDS","article_modified_time":"2024-06-03T10:17:55+00:00","twitter_card":"summary_large_image","twitter_misc":{"Tiempo de lectura":"4 minutos"},"schema":{"@context":"https:\/\/schema.org","@graph":[{"@type":"WebPage","@id":"https:\/\/www.betonmoulds.com\/es\/aplicaciones-de-las-losas-de-hormigon\/","url":"https:\/\/www.betonmoulds.com\/es\/aplicaciones-de-las-losas-de-hormigon\/","name":"Aplicaciones de las grandes losas de pavimento de hormig\u00f3n prefabricado - BETONMOULDS","isPartOf":{"@id":"https:\/\/www.betonmoulds.com\/es\/#website"},"datePublished":"2024-04-08T09:32:37+00:00","dateModified":"2024-06-03T10:17:55+00:00","breadcrumb":{"@id":"https:\/\/www.betonmoulds.com\/es\/aplicaciones-de-las-losas-de-hormigon\/#breadcrumb"},"inLanguage":"es","potentialAction":[{"@type":"ReadAction","target":["https:\/\/www.betonmoulds.com\/es\/aplicaciones-de-las-losas-de-hormigon\/"]}]},{"@type":"BreadcrumbList","@id":"https:\/\/www.betonmoulds.com\/es\/aplicaciones-de-las-losas-de-hormigon\/#breadcrumb","itemListElement":[{"@type":"ListItem","position":1,"name":"Home","item":"https:\/\/www.betonmoulds.com\/es\/"},{"@type":"ListItem","position":2,"name":"Aplicaciones de las losas de hormig\u00f3n"}]},{"@type":"WebSite","@id":"https:\/\/www.betonmoulds.com\/es\/#website","url":"https:\/\/www.betonmoulds.com\/es\/","name":"BETONMOULDS","description":"Upcycle leftover concrete","potentialAction":[{"@type":"SearchAction","target":{"@type":"EntryPoint","urlTemplate":"https:\/\/www.betonmoulds.com\/es\/?s={search_term_string}"},"query-input":{"@type":"PropertyValueSpecification","valueRequired":true,"valueName":"search_term_string"}}],"inLanguage":"es"}]}},"_links":{"self":[{"href":"https:\/\/www.betonmoulds.com\/es\/wp-json\/wp\/v2\/pages\/9154","targetHints":{"allow":["GET"]}}],"collection":[{"href":"https:\/\/www.betonmoulds.com\/es\/wp-json\/wp\/v2\/pages"}],"about":[{"href":"https:\/\/www.betonmoulds.com\/es\/wp-json\/wp\/v2\/types\/page"}],"author":[{"embeddable":true,"href":"https:\/\/www.betonmoulds.com\/es\/wp-json\/wp\/v2\/users\/3"}],"replies":[{"embeddable":true,"href":"https:\/\/www.betonmoulds.com\/es\/wp-json\/wp\/v2\/comments?post=9154"}],"version-history":[{"count":3,"href":"https:\/\/www.betonmoulds.com\/es\/wp-json\/wp\/v2\/pages\/9154\/revisions"}],"predecessor-version":[{"id":9163,"href":"https:\/\/www.betonmoulds.com\/es\/wp-json\/wp\/v2\/pages\/9154\/revisions\/9163"}],"wp:attachment":[{"href":"https:\/\/www.betonmoulds.com\/es\/wp-json\/wp\/v2\/media?parent=9154"}],"curies":[{"name":"wp","href":"https:\/\/api.w.org\/{rel}","templated":true}]}}